{"id":40384,"date":"2022-12-02T14:36:43","date_gmt":"2022-12-02T14:36:43","guid":{"rendered":"https:\/\/jackpotlotteryonline.com\/?page_id=40384"},"modified":"2023-01-01T14:40:47","modified_gmt":"2023-01-01T14:40:47","slug":"oz-lotto","status":"publish","type":"page","link":"https:\/\/jackpotlotteryonline.com\/sl\/kako-igrati\/oz-lotto\/","title":{"rendered":"Igranje Oz Lotto na spletu"},"content":{"rendered":"<h2>O Oz Lotto<\/h2>\n<p>Oz Lottery je avstralska loterija, ki je bila uvedena leta 1994, upravlja pa jo skupina Tatts group. Loterija Oz Lotto je postala priljubljena tako v Avstraliji kot na Novi Zelandiji, zato je najve\u010dja avstralska loterija. <a href=\"https:\/\/jackpotlotteryonline.com\/sl\/zmagovalne-stevilke\/oz-lotto\">Oz Lotto \u010drpa<\/a> vsako sredo in petek.<\/p>\n<p>Spodaj je vodi\u010d, ki vam bo pomagal igrati Oz Lotto prek spleta od koder koli na svetu.<\/p>\n<h2>Kako igrati Oz Lotto na spletu<\/h2>\n<p><img loading=\"lazy\" decoding=\"async\" class=\"alignright size-full wp-image-29777\" src=\"http:\/\/jackpotlotteryonline.com\/wp-content\/uploads\/2022\/11\/1_ticket_online_buying.jpg\" alt=\"igranje oz lotto prek spleta\" width=\"300\" height=\"203\" \/>\u010ce i\u0161\u010dete zanimivo in razburljivo loterijo, v kateri bi lahko sodelovali, si morate ogledati avstralsko igro Oz Lotto. Igralcem ponujamo mo\u017enost igranja mednarodnih loterij na spletu, saj ponujamo storitve concierge. Vse, kar potrebujete za spletno igranje Oz Lotto, sta ra\u010dunalnik in internetna povezava.<\/p>\n<p>\u010ce \u017eelite igrati Oz Lotto na spletu, preprosto izberite sedem glavnih \u0161tevilk iz razpona od 1 do 47. Med \u017erebanjem se izberejo \u0161e tri dodatne \u0161tevilke, tako imenovane dodatne \u0161tevilke. \u0160tevilke lahko izberete s pomo\u010djo generatorja naklju\u010dnih \u0161tevilk ali pa jih izberete ro\u010dno. Nato izberite \u0161tevilo \u017erebanj, v katerih \u017eelite sodelovati. Preidite na blagajno in <a href=\"https:\/\/jackpotlotteryonline.com\/sl\/kupiti-vstopnice\/oz-lotto\">pla\u010dajte vstopnice<\/a>, nato pa po\u010dakajte na \u017erebanje.<\/p>\n<h2>Kaj so dodatne \u0161tevilke in kako se uporabljajo?<\/h2>\n<p>Dodatne \u0161tevilke se med \u017erebanji Oz Lotto \u0161tejejo za &#8220;bonus \u017eogice&#8221;. Med \u017erebanjem se naklju\u010dno izbere deset dobitnih \u0161tevilk, prvih sedem pa je ozna\u010denih kot glavne \u0161tevilke za dobitnika glavnega dobitka. Stopnje 2, 4 in 7 so dolo\u010dene s preostalimi tremi &#8220;dodatnimi \u0161tevilkami&#8221;.<\/p>\n<h2>Nagrada Oz Lotto ravni<\/h2>\n<p>Avstralska igra Oz Lotto ima skupno sedem nagradnih stopenj. Te so naslednje:<\/p>\n<ul>\n<li>Stopnja 1: glavni dobitek: ujetih sedem \u0161tevilk<\/li>\n<li>Stopnja 2: ujetih \u0161est \u0161tevilk + dodatna \u0161tevilka<\/li>\n<li>Stopnja 3: ujetih \u0161est \u0161tevilk<\/li>\n<li>Stopnja 4: ujetih pet \u0161tevilk + dodatna \u0161tevilka<\/li>\n<li>Stopnja 5: ujetih pet \u0161tevilk<\/li>\n<li>Stopnja 6: ujemanje \u0161tirih \u0161tevilk<\/li>\n<li>Stopnja 7: ujemanje treh \u0161tevilk + dopolnilno \u0161tevilo<\/li>\n<\/ul>\n<h2>Ali moram biti v Avstraliji, da lahko igram Oz Lotto?<\/h2>\n<p>Ne, za sodelovanje v tej loteriji vam ni treba biti prebivalec Avstralije. Vse, kar morate storiti, je obiskati spletno stran jackpotlotteryonline.com, da uresni\u010dite svoje sanje o igranju mednarodnih loterij. Svojim strankam zagotavljamo loterijske storitve, kot je nakup fizi\u010dnih sre\u010dk prek na\u0161ih zaupanja vrednih loterijskih agentov. Fizi\u010dno sre\u010dko bomo varno shranili, medtem ko bomo njen skenogram prenesli na igral\u010dev ra\u010dun. Vse to bo opravljeno namesto vas, preostane vam le \u0161e \u010dakanje na dan \u017erebanja.<\/p>\n<p>Zato vam ni treba skrbeti, da ne bi mogli sodelovati v igri Oz Lotto. To loterijo boste igrali kot prebivalci Avstralije. Igranje loterije Oz Lotto je tako preprosto. Preizkusite svojo sre\u010do \u0161e danes!<\/p>\n<h2>Zmaga v igri Oz Lotto<\/h2>\n<p>Za osvojitev glavnega dobitka Oz Lotto mora igralec ujeti sedem \u0161tevilk od skupno 47. Ta glavni dobitek se za\u010dne pri 10 milijonih dolarjev in pogosto nara\u0161\u010da, dokler ga ne osvojite. Poleg glavnega glavnega dobitka lahko igralci, ki pravilno zadenejo \u0161tiri ali pet \u0161tevilk za to \u017erebanje, osvojijo \u0161e osem manj\u0161ih delitev dobitkov.<\/p>\n<section class=\"layout\" style=\"border: solid 1px; width: 100%;\">\n<div class=\"img-div\" style=\"margin-top: 5px;\"><img decoding=\"async\" class=\"wp-image-17212 alignleft\" style=\"height: 45px; margin: 8px 8px 0px;\" src=\"http:\/\/jackpotlotteryonline.com\/wp-content\/uploads\/2022\/11\/read1.jpg\" alt=\"Preberite \" width=\"\" height=\"\" \/><\/div>\n<div style=\"padding-left: 5px;\">\n<div style=\"font-size: 1.1em;\">\n<p><strong>Zgodovinski rekordni loterijski jackpoti<\/strong><\/p>\n<p style=\"font-size: 0.85em; margin-top: -1.5em;\">Zaradi najve\u010djih jackpotov v zgodovini loterije se vam bo zavrtelo v glavi <a href=\"https:\/\/jackpotlotteryonline.com\/sl\/najvecje-jackpote-loto-v-zgodovini\"> preberi ve\u010d<\/a><\/p>\n<\/div>\n<\/div>\n<\/section>\n<h2>Kak\u0161ne so mo\u017enosti za zmago v avstralski igri Oz Lotto?<\/h2>\n<p><img loading=\"lazy\" decoding=\"async\" class=\"alignright wp-image-28697 size-medium\" src=\"http:\/\/jackpotlotteryonline.com\/wp-content\/uploads\/2022\/11\/1_online_lotto_winners-300x200.jpg\" alt=\"igranje oz lotto na spletu\" width=\"300\" height=\"200\" srcset=\"https:\/\/jackpotlotteryonline.com\/wp-content\/uploads\/2022\/11\/1_online_lotto_winners-300x200.jpg 300w, https:\/\/jackpotlotteryonline.com\/wp-content\/uploads\/2022\/11\/1_online_lotto_winners.jpg 320w\" sizes=\"auto, (max-width: 300px) 100vw, 300px\" \/>Tekmovanje Oz Lotto je postalo zelo priljubljeno in je mnogim igralcem prineslo dobitke, zaradi \u010desar so mo\u017enosti za dobitek v katerem koli od nagradnih razredov precej visoke.<\/p>\n<p>Verjetnost, da boste ujeli sedem \u0161tevilk in osvojili glavni dobitek, je 1 proti 62 891 499, kar je skoraj nemogo\u010de. Toda dobra stran loterij je, da je igra odvisna od sre\u010de, nikoli ne veste, ali boste postali zmagovalec, in prav zaradi tega je sodelovanje v loterijah vznemirljivo.<\/p>\n<p>Skupna mo\u017enost za osvojitev katere koli od sedmih nagrad je 1 proti 51.<\/p>\n<p>Za ve\u010d informacij o igri Oz Lotto obi\u0161\u010dite na\u0161o stran s pogostimi vpra\u0161anji ali uradno spletno stran loterije.<\/p>\n<p>Registrirajte ra\u010dun \u0161e danes in si zagotovite prilo\u017enost za sodelovanje v tej loteriji od koder koli na svetu.<\/p>\n","protected":false},"excerpt":{"rendered":"<p>O Oz Lotto Oz Lottery je avstralska loterija, ki je bila uvedena leta 1994, upravlja pa jo skupina Tatts group. Loterija Oz Lotto je postala priljubljena tako v Avstraliji kot na Novi Zelandiji, zato je najve\u010dja avstralska loterija. Oz Lotto \u010drpa vsako sredo in petek. Spodaj je vodi\u010d, ki vam bo pomagal igrati Oz Lotto [&hellip;]<\/p>\n","protected":false},"author":1,"featured_media":0,"parent":35721,"menu_order":16,"comment_status":"closed","ping_status":"closed","template":"","meta":{"_et_pb_use_builder":"","_et_pb_old_content":"","_et_gb_content_width":"","exclude_from_search":false,"footnotes":""},"class_list":["post-40384","page","type-page","status-publish","hentry"],"yoast_head":"<!-- This site is optimized with the Yoast SEO plugin v23.3 - https:\/\/yoast.com\/wordpress\/plugins\/seo\/ -->\n<title>Igrajte Oz Lotto prek spleta zunaj Avstralije<\/title>\n<meta name=\"description\" content=\"Zdaj lahko igrate Oz Lotto na spletu, ne le \u010de ste v Avstraliji - loterijo Oz lahko igrate kjerkoli na svetu\" \/>\n<meta name=\"robots\" content=\"index, follow, max-snippet:-1, max-image-preview:large, max-video-preview:-1\" \/>\n<link rel=\"canonical\" href=\"https:\/\/jackpotlotteryonline.com\/sl\/kako-igrati\/oz-lotto\/\" \/>\n<meta property=\"og:locale\" content=\"sl_SI\" \/>\n<meta property=\"og:type\" content=\"article\" \/>\n<meta property=\"og:title\" content=\"Igrajte Oz Lotto prek spleta zunaj Avstralije\" \/>\n<meta property=\"og:description\" content=\"Zdaj lahko igrate Oz Lotto na spletu, ne le \u010de ste v Avstraliji - loterijo Oz lahko igrate kjerkoli na svetu\" \/>\n<meta property=\"og:url\" content=\"https:\/\/jackpotlotteryonline.com\/sl\/kako-igrati\/oz-lotto\/\" \/>\n<meta property=\"og:site_name\" content=\"Lotto Online - Crack The International Lottery Jackpots\" \/>\n<meta property=\"article:modified_time\" content=\"2023-01-01T14:40:47+00:00\" \/>\n<meta property=\"og:image\" content=\"http:\/\/jackpotlotteryonline.com\/wp-content\/uploads\/2022\/11\/1_ticket_online_buying.jpg\" \/>\n<meta name=\"twitter:card\" content=\"summary_large_image\" \/>\n<meta name=\"twitter:label1\" content=\"Est. reading time\" \/>\n\t<meta name=\"twitter:data1\" content=\"4 minute\" \/>\n<!-- \/ Yoast SEO plugin. -->","yoast_head_json":{"title":"Igrajte Oz Lotto prek spleta zunaj Avstralije","description":"Zdaj lahko igrate Oz Lotto na spletu, ne le \u010de ste v Avstraliji - loterijo Oz lahko igrate kjerkoli na svetu","robots":{"index":"index","follow":"follow","max-snippet":"max-snippet:-1","max-image-preview":"max-image-preview:large","max-video-preview":"max-video-preview:-1"},"canonical":"https:\/\/jackpotlotteryonline.com\/sl\/kako-igrati\/oz-lotto\/","og_locale":"sl_SI","og_type":"article","og_title":"Igrajte Oz Lotto prek spleta zunaj Avstralije","og_description":"Zdaj lahko igrate Oz Lotto na spletu, ne le \u010de ste v Avstraliji - loterijo Oz lahko igrate kjerkoli na svetu","og_url":"https:\/\/jackpotlotteryonline.com\/sl\/kako-igrati\/oz-lotto\/","og_site_name":"Lotto Online - Crack The International Lottery Jackpots","article_modified_time":"2023-01-01T14:40:47+00:00","og_image":[{"url":"http:\/\/jackpotlotteryonline.com\/wp-content\/uploads\/2022\/11\/1_ticket_online_buying.jpg"}],"twitter_card":"summary_large_image","twitter_misc":{"Est. reading time":"4 minute"},"schema":{"@context":"https:\/\/schema.org","@graph":[{"@type":"WebPage","@id":"https:\/\/jackpotlotteryonline.com\/sl\/kako-igrati\/oz-lotto\/","url":"https:\/\/jackpotlotteryonline.com\/sl\/kako-igrati\/oz-lotto\/","name":"Igrajte Oz Lotto prek spleta zunaj Avstralije","isPartOf":{"@id":"https:\/\/jackpotlotteryonline.com\/#website"},"primaryImageOfPage":{"@id":"https:\/\/jackpotlotteryonline.com\/sl\/kako-igrati\/oz-lotto\/#primaryimage"},"image":{"@id":"https:\/\/jackpotlotteryonline.com\/sl\/kako-igrati\/oz-lotto\/#primaryimage"},"thumbnailUrl":"http:\/\/jackpotlotteryonline.com\/wp-content\/uploads\/2022\/11\/1_ticket_online_buying.jpg","datePublished":"2022-12-02T14:36:43+00:00","dateModified":"2023-01-01T14:40:47+00:00","description":"Zdaj lahko igrate Oz Lotto na spletu, ne le \u010de ste v Avstraliji - loterijo Oz lahko igrate kjerkoli na svetu","breadcrumb":{"@id":"https:\/\/jackpotlotteryonline.com\/sl\/kako-igrati\/oz-lotto\/#breadcrumb"},"inLanguage":"sl-SI","potentialAction":[{"@type":"ReadAction","target":["https:\/\/jackpotlotteryonline.com\/sl\/kako-igrati\/oz-lotto\/"]}]},{"@type":"ImageObject","inLanguage":"sl-SI","@id":"https:\/\/jackpotlotteryonline.com\/sl\/kako-igrati\/oz-lotto\/#primaryimage","url":"http:\/\/jackpotlotteryonline.com\/wp-content\/uploads\/2022\/11\/1_ticket_online_buying.jpg","contentUrl":"http:\/\/jackpotlotteryonline.com\/wp-content\/uploads\/2022\/11\/1_ticket_online_buying.jpg"},{"@type":"BreadcrumbList","@id":"https:\/\/jackpotlotteryonline.com\/sl\/kako-igrati\/oz-lotto\/#breadcrumb","itemListElement":[{"@type":"ListItem","position":1,"name":"Home","item":"https:\/\/jackpotlotteryonline.com\/sl\/"},{"@type":"ListItem","position":2,"name":"Kako igrati","item":"https:\/\/jackpotlotteryonline.com\/play-online\/"},{"@type":"ListItem","position":3,"name":"Igranje Oz Lotto na spletu"}]},{"@type":"WebSite","@id":"https:\/\/jackpotlotteryonline.com\/#website","url":"https:\/\/jackpotlotteryonline.com\/","name":"Lotto Online - Crack The International Lottery Jackpots","description":"","potentialAction":[{"@type":"SearchAction","target":{"@type":"EntryPoint","urlTemplate":"https:\/\/jackpotlotteryonline.com\/?s={search_term_string}"},"query-input":"required name=search_term_string"}],"inLanguage":"sl-SI"}]}},"_links":{"self":[{"href":"https:\/\/jackpotlotteryonline.com\/sl\/wp-json\/wp\/v2\/pages\/40384","targetHints":{"allow":["GET"]}}],"collection":[{"href":"https:\/\/jackpotlotteryonline.com\/sl\/wp-json\/wp\/v2\/pages"}],"about":[{"href":"https:\/\/jackpotlotteryonline.com\/sl\/wp-json\/wp\/v2\/types\/page"}],"author":[{"embeddable":true,"href":"https:\/\/jackpotlotteryonline.com\/sl\/wp-json\/wp\/v2\/users\/1"}],"replies":[{"embeddable":true,"href":"https:\/\/jackpotlotteryonline.com\/sl\/wp-json\/wp\/v2\/comments?post=40384"}],"version-history":[{"count":0,"href":"https:\/\/jackpotlotteryonline.com\/sl\/wp-json\/wp\/v2\/pages\/40384\/revisions"}],"up":[{"embeddable":true,"href":"https:\/\/jackpotlotteryonline.com\/sl\/wp-json\/wp\/v2\/pages\/35721"}],"wp:attachment":[{"href":"https:\/\/jackpotlotteryonline.com\/sl\/wp-json\/wp\/v2\/media?parent=40384"}],"curies":[{"name":"wp","href":"https:\/\/api.w.org\/{rel}","templated":true}]}}