{"id":40508,"date":"2022-12-05T09:02:32","date_gmt":"2022-12-05T09:02:32","guid":{"rendered":"https:\/\/jackpotlotteryonline.com\/?page_id=40508"},"modified":"2022-12-26T14:37:23","modified_gmt":"2022-12-26T14:37:23","slug":"powerball","status":"publish","type":"page","link":"https:\/\/jackpotlotteryonline.com\/sl\/zmagovalne-stevilke\/powerball\/","title":{"rendered":"Rezultati \u017erebanja Powerball"},"content":{"rendered":"<p>Powerball je ameri\u0161ka loterija, ki ima enega najve\u010djih jackpotov vseh \u010dasov. Zmagati na ameri\u0161ki loteriji Powerball so najve\u010dje sanje skoraj vsakega igralca. Zaradi neverjetno visokih dobitkov, ki v\u010dasih dose\u017eejo tudi 1 milijardo dolarjev, igralci po vsem svetu kupujejo sre\u010dke Powerball prek spleta. Vsak igralec mo\u010dno upa, da bo zmagal na loteriji. Vendar je nakup loterijske sre\u010dke eno, preverjanje dobitnih \u0161tevilk pa drugo. \u010ce \u017eelite izvedeti, ali imate zmagovalno sre\u010dko za loterijo Powerball, morate preveriti rezultate \u017erebanja.<\/p>\n<p>Na tej strani vam bomo predstavili, kako lahko na spletu preverite zmagovalne rezultate. Prav tako vam bomo pokazali, kako lahko dostopate do svojega dobitka, \u010deprav ste spletni igralec.<\/p>\n<p>Ne pozabite, da lahko na spletni strani jackpotlotteryonline.com <a href=\"https:\/\/jackpotlotteryonline.com\/sl\/kupiti-vstopnice\/powerball\">kupite zmagovalne sre\u010dke za Powerball<\/a> in tam hkrati preverite zmagovalne \u0161tevilke.<\/p>\n<h2>Zakaj je Powerball tako priljubljen<\/h2>\n<p><img loading=\"lazy\" decoding=\"async\" class=\"alignright size-full wp-image-29588\" src=\"http:\/\/jackpotlotteryonline.com\/wp-content\/uploads\/2022\/11\/1_results_powerball.jpg\" alt=\"enostavno kupite sre\u010dke Powerball\" width=\"300\" height=\"224\" \/>Obstaja ve\u010d razlogov, zakaj igralci mno\u017ei\u010dno obiskujejo igro Powerball. To je ameri\u0161ka ve\u010ddr\u017eavna loterija, kar pomeni, da se sre\u010dke prodajajo v ve\u010d ameri\u0161kih zveznih dr\u017eavah. Zato lahko tisti, ki \u017eivijo v teh dr\u017eavah, zlahka kupijo sre\u010dke Powerball. Vendar pa vstopnic ne kupujejo le ameri\u0161ki ljubitelji loterije v upanju, da bodo zmagali na tej loteriji. Tudi igralci po vsem svetu si nestrpno prizadevajo kupiti zmagovalne sre\u010dke Powerball.<\/p>\n<p>Oktobra 2022 je glavni dobitek Powerball dosegel rekordno vrednost 1 milijarde dolarjev, ki jo je osvojil en sam imetnik sre\u010dke. \u017de samo misel na to, da bi osvojili milijardo dolarjev, je dovolj, da se igralci po vsem svetu navdu\u0161ijo. Poleg tega, \u010deprav so mo\u017enosti za zmago na loteriji Powerball precej visoke, igralci pogosto osvojijo glavni dobitek.<\/p>\n<p>Tudi v igri Powerball je ve\u010d kategorij s so\u010dnimi dobitki. Tudi \u010de vam ne uspe osvojiti prve nagrade, se lahko domov vrnete z velikim dobitkom.<\/p>\n<h2>Igranje in dobitek Powerball na spletu<\/h2>\n<p>Najbolj zabavno pri spletnem <a href=\"https:\/\/jackpotlotteryonline.com\/sl\/kako-igrati\/powerball\">igranju loterije Powerball je<\/a>, da imate hiter dostop do te ameri\u0161ke loterije od koder koli. \u010ce kupite dobitno sre\u010dko na spletni strani jackpotlotteryonline.com, lahko preprosto izberete svoje dobitne \u0161tevilke. Preprosto izberite 5 \u0161tevilk od 1 do 69 in 1 dodatno \u0161tevilko od 1 do 26.<\/p>\n<p>Ko ste izbrali zmagovalne \u0161tevilke, morate v naslednjem koraku sodelovati v \u017erebanju. Powerball ima tri tedenska \u017erebanja, in sicer ob torkih, \u010detrtkih in nedeljah. Omogo\u010damo vam, da se enostavno prijavite v eno \u017erebanje ali ve\u010d \u017erebanj, odvisno od va\u0161ih \u017eelja. V \u017erebanja lahko vstopite tudi ve\u010d tednov vnaprej.<\/p>\n<p>Po obdelavi pla\u010dila je naslednji korak \u010dakanje na \u017erebanja. Takrat bodo objavljene zmagovalne \u0161tevilke in takrat boste lahko izvedeli, ali ste zmagali na loteriji.<\/p>\n<section class=\"layout\" style=\"border: solid 1px; width: 100%;\">\n<div class=\"img-div\" style=\"margin-top: 5px;\"><img decoding=\"async\" class=\"wp-image-17212 alignleft\" style=\"height: 45px; margin: 8px 8px 0px;\" src=\"http:\/\/jackpotlotteryonline.com\/wp-content\/uploads\/2022\/11\/read1.jpg\" alt=\"Preberite\" width=\"\" height=\"\" \/><\/div>\n<div style=\"padding-left: 5px;\">\n<div style=\"font-size: 1.1em;\">\n<p><strong>Zgodovinski rekordni loterijski jackpoti<\/strong><\/p>\n<p style=\"font-size: 0.85em; margin-top: -1.5em;\">Zaradi najve\u010djih jackpotov v zgodovini loterije se vam bo zavrtelo v glavi\u00a0<a href=\"https:\/\/jackpotlotteryonline.com\/sl\/najvecje-jackpote-loto-v-zgodovini\"> preberi ve\u010d<\/a><\/p>\n<\/div>\n<\/div>\n<\/section>\n<h2>Preverjanje zmagovalnih \u0161tevilk<\/h2>\n<p><img loading=\"lazy\" decoding=\"async\" class=\"alignright size-full wp-image-30371\" src=\"http:\/\/jackpotlotteryonline.com\/wp-content\/uploads\/2022\/11\/1_winning_numbers_powerball.jpg\" alt=\"igranje igre Powerball prek spleta\" width=\"300\" height=\"129\" \/>Ker Powerball igrate prek spleta, ne morete priti do prodajalca loterije in preveriti, ali imate zmagovalni listek. Zato je najbolje, da to preverite na spletu. \u010ce igrate z nami, se lahko po vsakem \u017erebanju vrnete na to stran in si ogledate zmagovalne \u0161tevilke.<\/p>\n<p>Toda tudi \u010de se ne vrnete, lahko veste, ali ste osvojili katero koli nagrado. To je zato, ker morate biti pri nas registrirani, da lahko kupite sre\u010dko Powerball. Razlog za to je, da vas lahko obvestimo takoj, ko dobite dobitno sre\u010dko. \u010ce imate dobitno sre\u010dko, vam bomo poslali e-po\u0161tno sporo\u010dilo in vas o tem obvestili. Tako preprosto je.<\/p>\n<h2>Izpla\u010dilo nagrade<\/h2>\n<p>Izpla\u010dilo dobitka je \u0161e en vidik, ki lahko spletne igralce skrbi. \u010ce namre\u010d igrate Powerball prek spleta, \u017eelite biti prepri\u010dani, da lahko dostopate do svojega dobitka. \u010ce igrate Powerball pri nas, je izpla\u010dilo dobitka preprosto. Na\u0161 sistem smo zasnovali tako, da lahko dobitek izpla\u010date na svoj ra\u010dun.<\/p>\n<p>To je na voljo za dobitke, ki so ni\u017eji od 2.500 evrov. \u010ce ste osvojili ve\u010d kot ta znesek, vam bomo pomagali izpolniti obrazec za zahtevek. To boste morali storiti, da boste lahko zahtevali svoj dobitek neposredno od loterijskega podjetja.<\/p>\n<h2>Zmaga na loteriji Powerball<\/h2>\n<p>Zmaga na loteriji Powerball pomeni, da imate sre\u010dko, ki se ujema z iz\u017erebanimi rezultati. Da bi vam pokazali, kako neverjeten je Powerball, vam predstavimo, kaj lahko osvojite v drugih nagradnih igrah.<\/p>\n<p>Oddelek 1: Ujemanje 5 + Powerball &#8211; glavni dobitek<\/p>\n<p>Razdelek 2: samo Match 5 &#8211; 1 milijon dolarjev<\/p>\n<p>Razdelek 3: Match 4 + Powerball &#8211; 50.000 USD<\/p>\n<p>Razdelek 4: samo Match 4 &#8211; 100 USD<\/p>\n<p>Razdelek 5: Match 3 + Powerball &#8211; 100 USD<\/p>\n<p>Razdelek 6: samo Match 3 &#8211; 7 USD<\/p>\n<p>Razdelek 7: tekma 2 + Powerball &#8211; 7 USD<\/p>\n<p>Razdelek 8: tekma 1 + Powerball &#8211; 4 USD<\/p>\n<p>Razdelek 9: samo Match Powerball &#8211; 4 USD<\/p>\n<p>Z 9 razdelki je zmaga na loteriji za igralce zanimiva mo\u017enost. To tudi pomeni, da so mo\u017enosti za osvojitev nagrade precej velike. Poleg tega imate dobre mo\u017enosti, da se domov vrnete z velikim dobitkom, tudi \u010de zmagate v drugem razredu.<\/p>\n<h2>Preverite zmagovalne rezultate tukaj<\/h2>\n<p>Ko boste naslednji\u010d igrali na loteriji, ne skrbite, kje preveriti zmagovalne rezultate. Na jackpotlotteryonline.com vam omogo\u010damo, da preprosto izberete zmagovalne \u0161tevilke in preverite zmagovalne rezultate. Kupite sre\u010dko pri nas in opozorili vas bomo, ko boste imeli zmagovalno sre\u010dko.<\/p>\n<p>Ne pozabite, da lahko na na\u0161i spletni strani izpla\u010date dobitek tudi neposredno na svoj ra\u010dun. To vam bo mo\u010dno olaj\u0161alo stres, ki bi ga imeli z igranjem loterije. Pravzaprav je na\u0161a naloga, da svojim strankam zagotovimo nemoteno in brezskrbno izku\u0161njo. Tako se lahko brez skrbi osredoto\u010dite na zmago na loteriji.<\/p>\n","protected":false},"excerpt":{"rendered":"<p>Powerball je ameri\u0161ka loterija, ki ima enega najve\u010djih jackpotov vseh \u010dasov. Zmagati na ameri\u0161ki loteriji Powerball so najve\u010dje sanje skoraj vsakega igralca. Zaradi neverjetno visokih dobitkov, ki v\u010dasih dose\u017eejo tudi 1 milijardo dolarjev, igralci po vsem svetu kupujejo sre\u010dke Powerball prek spleta. Vsak igralec mo\u010dno upa, da bo zmagal na loteriji. Vendar je nakup loterijske [&hellip;]<\/p>\n","protected":false},"author":1,"featured_media":0,"parent":35854,"menu_order":1,"comment_status":"closed","ping_status":"closed","template":"powerball-usa-results.php","meta":{"_et_pb_use_builder":"","_et_pb_old_content":"","_et_gb_content_width":"","exclude_from_search":false,"footnotes":""},"class_list":["post-40508","page","type-page","status-publish","hentry"],"yoast_head":"<!-- This site is optimized with the Yoast SEO plugin v23.3 - https:\/\/yoast.com\/wordpress\/plugins\/seo\/ -->\n<title>Zmagovalne \u0161tevilke Powerball in rezultati \u017erebanja<\/title>\n<meta name=\"description\" content=\"Vsi najnovej\u0161i rezultati \u017erebanja in dobitne \u0161tevilke za Powerball ZDA ter arhiv rezultatov, vse na enem spletnem mestu.\" \/>\n<meta name=\"robots\" content=\"index, follow, max-snippet:-1, max-image-preview:large, max-video-preview:-1\" \/>\n<link rel=\"canonical\" href=\"https:\/\/jackpotlotteryonline.com\/sl\/zmagovalne-stevilke\/powerball\/\" \/>\n<meta property=\"og:locale\" content=\"sl_SI\" \/>\n<meta property=\"og:type\" content=\"article\" \/>\n<meta property=\"og:title\" content=\"Zmagovalne \u0161tevilke Powerball in rezultati \u017erebanja\" \/>\n<meta property=\"og:description\" content=\"Vsi najnovej\u0161i rezultati \u017erebanja in dobitne \u0161tevilke za Powerball ZDA ter arhiv rezultatov, vse na enem spletnem mestu.\" \/>\n<meta property=\"og:url\" content=\"https:\/\/jackpotlotteryonline.com\/sl\/zmagovalne-stevilke\/powerball\/\" \/>\n<meta property=\"og:site_name\" content=\"Lotto Online - Crack The International Lottery Jackpots\" \/>\n<meta property=\"article:modified_time\" content=\"2022-12-26T14:37:23+00:00\" \/>\n<meta property=\"og:image\" content=\"http:\/\/jackpotlotteryonline.com\/wp-content\/uploads\/2022\/11\/1_results_powerball.jpg\" \/>\n<meta name=\"twitter:card\" content=\"summary_large_image\" \/>\n<meta name=\"twitter:label1\" content=\"Est. reading time\" \/>\n\t<meta name=\"twitter:data1\" content=\"5 minut\" \/>\n<!-- \/ Yoast SEO plugin. -->","yoast_head_json":{"title":"Zmagovalne \u0161tevilke Powerball in rezultati \u017erebanja","description":"Vsi najnovej\u0161i rezultati \u017erebanja in dobitne \u0161tevilke za Powerball ZDA ter arhiv rezultatov, vse na enem spletnem mestu.","robots":{"index":"index","follow":"follow","max-snippet":"max-snippet:-1","max-image-preview":"max-image-preview:large","max-video-preview":"max-video-preview:-1"},"canonical":"https:\/\/jackpotlotteryonline.com\/sl\/zmagovalne-stevilke\/powerball\/","og_locale":"sl_SI","og_type":"article","og_title":"Zmagovalne \u0161tevilke Powerball in rezultati \u017erebanja","og_description":"Vsi najnovej\u0161i rezultati \u017erebanja in dobitne \u0161tevilke za Powerball ZDA ter arhiv rezultatov, vse na enem spletnem mestu.","og_url":"https:\/\/jackpotlotteryonline.com\/sl\/zmagovalne-stevilke\/powerball\/","og_site_name":"Lotto Online - Crack The International Lottery Jackpots","article_modified_time":"2022-12-26T14:37:23+00:00","og_image":[{"url":"http:\/\/jackpotlotteryonline.com\/wp-content\/uploads\/2022\/11\/1_results_powerball.jpg"}],"twitter_card":"summary_large_image","twitter_misc":{"Est. reading time":"5 minut"},"schema":{"@context":"https:\/\/schema.org","@graph":[{"@type":"WebPage","@id":"https:\/\/jackpotlotteryonline.com\/sl\/zmagovalne-stevilke\/powerball\/","url":"https:\/\/jackpotlotteryonline.com\/sl\/zmagovalne-stevilke\/powerball\/","name":"Zmagovalne \u0161tevilke Powerball in rezultati \u017erebanja","isPartOf":{"@id":"https:\/\/jackpotlotteryonline.com\/#website"},"primaryImageOfPage":{"@id":"https:\/\/jackpotlotteryonline.com\/sl\/zmagovalne-stevilke\/powerball\/#primaryimage"},"image":{"@id":"https:\/\/jackpotlotteryonline.com\/sl\/zmagovalne-stevilke\/powerball\/#primaryimage"},"thumbnailUrl":"http:\/\/jackpotlotteryonline.com\/wp-content\/uploads\/2022\/11\/1_results_powerball.jpg","datePublished":"2022-12-05T09:02:32+00:00","dateModified":"2022-12-26T14:37:23+00:00","description":"Vsi najnovej\u0161i rezultati \u017erebanja in dobitne \u0161tevilke za Powerball ZDA ter arhiv rezultatov, vse na enem spletnem mestu.","breadcrumb":{"@id":"https:\/\/jackpotlotteryonline.com\/sl\/zmagovalne-stevilke\/powerball\/#breadcrumb"},"inLanguage":"sl-SI","potentialAction":[{"@type":"ReadAction","target":["https:\/\/jackpotlotteryonline.com\/sl\/zmagovalne-stevilke\/powerball\/"]}]},{"@type":"ImageObject","inLanguage":"sl-SI","@id":"https:\/\/jackpotlotteryonline.com\/sl\/zmagovalne-stevilke\/powerball\/#primaryimage","url":"http:\/\/jackpotlotteryonline.com\/wp-content\/uploads\/2022\/11\/1_results_powerball.jpg","contentUrl":"http:\/\/jackpotlotteryonline.com\/wp-content\/uploads\/2022\/11\/1_results_powerball.jpg"},{"@type":"BreadcrumbList","@id":"https:\/\/jackpotlotteryonline.com\/sl\/zmagovalne-stevilke\/powerball\/#breadcrumb","itemListElement":[{"@type":"ListItem","position":1,"name":"Home","item":"https:\/\/jackpotlotteryonline.com\/sl\/"},{"@type":"ListItem","position":2,"name":"Loterija rezultati","item":"https:\/\/jackpotlotteryonline.com\/sl\/zmagovalne-stevilke\/"},{"@type":"ListItem","position":3,"name":"Rezultati \u017erebanja Powerball"}]},{"@type":"WebSite","@id":"https:\/\/jackpotlotteryonline.com\/#website","url":"https:\/\/jackpotlotteryonline.com\/","name":"Lotto Online - Crack The International Lottery Jackpots","description":"","potentialAction":[{"@type":"SearchAction","target":{"@type":"EntryPoint","urlTemplate":"https:\/\/jackpotlotteryonline.com\/?s={search_term_string}"},"query-input":"required name=search_term_string"}],"inLanguage":"sl-SI"}]}},"_links":{"self":[{"href":"https:\/\/jackpotlotteryonline.com\/sl\/wp-json\/wp\/v2\/pages\/40508","targetHints":{"allow":["GET"]}}],"collection":[{"href":"https:\/\/jackpotlotteryonline.com\/sl\/wp-json\/wp\/v2\/pages"}],"about":[{"href":"https:\/\/jackpotlotteryonline.com\/sl\/wp-json\/wp\/v2\/types\/page"}],"author":[{"embeddable":true,"href":"https:\/\/jackpotlotteryonline.com\/sl\/wp-json\/wp\/v2\/users\/1"}],"replies":[{"embeddable":true,"href":"https:\/\/jackpotlotteryonline.com\/sl\/wp-json\/wp\/v2\/comments?post=40508"}],"version-history":[{"count":0,"href":"https:\/\/jackpotlotteryonline.com\/sl\/wp-json\/wp\/v2\/pages\/40508\/revisions"}],"up":[{"embeddable":true,"href":"https:\/\/jackpotlotteryonline.com\/sl\/wp-json\/wp\/v2\/pages\/35854"}],"wp:attachment":[{"href":"https:\/\/jackpotlotteryonline.com\/sl\/wp-json\/wp\/v2\/media?parent=40508"}],"curies":[{"name":"wp","href":"https:\/\/api.w.org\/{rel}","templated":true}]}}