{"id":40562,"date":"2022-12-05T12:01:03","date_gmt":"2022-12-05T12:01:03","guid":{"rendered":"https:\/\/jackpotlotteryonline.com\/?page_id=40562"},"modified":"2022-12-26T20:48:32","modified_gmt":"2022-12-26T20:48:32","slug":"mega-millions","status":"publish","type":"page","link":"https:\/\/jackpotlotteryonline.com\/sl\/zmagovalne-stevilke\/mega-millions\/","title":{"rendered":"Rezultati \u017erebanja Mega Millions"},"content":{"rendered":"<p>Mega Millions je znana po svojih mega jackpotih in igralci po vsem svetu obo\u017eujejo misel na zmago na tej loteriji. Zmagati na loteriji Mega Millions so ameri\u0161ke sanje, za katere si prizadeva na milijone igralcev. Na sre\u010do imajo igralci z vsega sveta zdaj mo\u017enost, da z nakupom sre\u010dk prek spleta osvojijo nagrado Mega Millions. \u010ce ste se spra\u0161evali, kako to storiti, smo za vas pripravili poslastico.<\/p>\n<p>\u010ce igrate prvi\u010d (ali pa ste redni igralec), lahko <a href=\"https:\/\/jackpotlotteryonline.com\/sl\/kupiti-vstopnice\/mega-millions\">vstopnice za Mega Milijone kupite kar na na\u0161em spletnem<\/a> mestu. Ne samo to, tukaj na jackpotlotteryonline.com vam ponujamo tudi prilo\u017enost za zmago na ve\u010d vrhunskih mednarodnih loterijah. \u010ce torej \u017eelite poskusiti osvojiti loterije iz Avstralije, Evrope ali Amerike, ostanite z nami.<\/p>\n<section class=\"layout\" style=\"border: solid 1px; width: 100%;\">\n<div class=\"img-div\" style=\"margin-top: 5px;\"><img decoding=\"async\" class=\"wp-image-17212 alignleft\" style=\"height: 45px; margin: 8px 8px 0px;\" src=\"https:\/\/jackpotlotteryonline.com\/wp-content\/uploads\/2022\/11\/read1.jpg\" alt=\"Preberite\" width=\"\" height=\"\" \/><\/div>\n<div style=\"padding-left: 5px;\">\n<div style=\"font-size: 1.1em;\">\n<p><strong>Evropske loterije<\/strong><\/p>\n<p style=\"font-size: 0.85em; margin-top: -1.5em;\">Katere evropske loterije so najbolj\u0161e?\u00a0 <a href=\"https:\/\/jackpotlotteryonline.com\/sl\/katere-evropske-loterije-so-najboljse\"> preberi ve\u010d<\/a><\/p>\n<\/div>\n<\/div>\n<\/section>\n<p>Povedali vam bomo tudi, kako lahko dostopate do svojih dobitkov Mega Millions. Nima smisla <a href=\"https:\/\/jackpotlotteryonline.com\/sl\/kako-igrati\/mega-millions\">igrati Mega Millions<\/a>, zmagati in ne imeti dostopa do svojega dobitka. Zato se sprostite in berite naprej, da bi izvedeli vse, kar morate vedeti o zmagovalnih \u0161tevilkah Mega Millions.<\/p>\n<h2>Kako izbrati zmagovalne \u0161tevilke Mega Millions<\/h2>\n<p><img loading=\"lazy\" decoding=\"async\" class=\"alignright size-full wp-image-31073\" src=\"https:\/\/jackpotlotteryonline.com\/wp-content\/uploads\/2022\/11\/logo_Mega_Millions_233x110.png\" alt=\"spletni nakup vstopnice za mega milijone\" width=\"232\" height=\"110\" \/>Vsakdo, ki kupi sre\u010dko, upa, da bo nekako dobil zmagovalno sre\u010dko. To je naravni \u010dlove\u0161ki instinkt. Zavedamo se, da je verjetnost morda visoka, vendar mora nekdo dobiti zmagovalni listek. To ste lahko tudi vi, kajne? Toda kako to storite? Obstaja nekaj trikov, s katerimi igralci izberejo zmagovalne \u0161tevilke.<\/p>\n<p>Odkrito vam povemo, da ni zagotovljenega na\u010dina, kako dobiti zmagovalni listek. To je igra naklju\u010dja in vsak igralec mora poskusiti svojo sre\u010do. Kljub temu obstajajo na\u010dini, kako si lahko pomagate pri ob\u010dutku sre\u010de. Pri tem so zelo pomembne izbrane zmagovalne \u0161tevilke.<\/p>\n<p>V bistvu lahko zmagovalne \u0161tevilke izberete tako, da izberete sre\u010dne datume. Nekateri ljudje menijo, da so sre\u010dni datumi njihovega rojstva. Pravijo, da so se nekateri ljudje rodili pod sre\u010dno zvezdo. \u010ce se po\u010dutite kot eden izmed njih, potem boste morda \u017eeleli uporabiti celoten datum rojstva ali njegove dele za svojo loterijsko sre\u010dko. \u010ce se ne po\u010dutite tako sre\u010dni, uporabite samodejni generator za izbiro naklju\u010dnih zmagovalnih \u0161tevilk.<\/p>\n<h2>Zmaga Mega Millions na spletu<\/h2>\n<p>Pravila igre so enaka ne glede na to, ali igrate na spletu ali brez povezave. Predstavili vam bomo postopek izbire zmagovalnih \u0161tevilk na spletu. Ko ga boste enkrat osvojili, loterije ne boste ve\u010d \u017eeleli igrati na drug na\u010din. Nekaj neverjetnega je v tem, da vam za nakup loterijske sre\u010dke ni treba nikamor iti. Uporabite samo ra\u010dunalnik ali mobilno napravo.<\/p>\n<p>Najprej pravila. Pri igri Mega Millions morate izbrati 5 \u0161tevilk od 1 do 70 in \u017eogico Mega Ball od 1 do 25. Ko izberete zmagovalno kombinacijo, se lahko udele\u017eite \u017erebanja. Dneva \u017erebanja sta vsak teden torek in petek. Sodelujete lahko v enem \u017erebanju ali v obeh.<\/p>\n<p>V \u017erebanje se lahko vklju\u010dite tudi ve\u010d tednov vnaprej. \u010ce vam uspe zmagovalna kombinacija, boste osvojili veliko. Preden pla\u010date vpise, vas bomo prosili, da se registrirate. Tako boste la\u017eje dostopali do dobitkov in jih zahtevali. Vendar bomo to pojasnili pozneje, zato nadaljujte z branjem.<\/p>\n<h2>Preverjanje zmagovalnih \u0161tevilk<\/h2>\n<p>Glavni dobitek Mega Millions se za\u010dne pri 40 milijonih dolarjev. To je zajam\u010deni minimum in glavni dobitek ne more biti ni\u017eji od tega zneska. \u010ce se po \u017erebanjih ne pojavi nobena dobitna \u0161tevilka, se glavni dobitek prenese v naslednje \u017erebanje. Ta se nadaljuje, dokler se ne najde dobitna sre\u010dka.<\/p>\n<p>\u010ce \u017eelite preveriti rezultate loterije Mega Millions, se po vsakem \u017erebanju vrnite na to stran. To je tako preprosto. Na tej strani objavljamo zmagovalne rezultate za vsako \u017erebanje, kar vklju\u010duje tudi druge nagradne kategorije. Da, glavni dobitek ni vse, kar lahko osvojite pri igri Mega Millions.<\/p>\n<p>\u010ce osvojite katero koli nagrado, vas o tem takoj obvestimo po elektronski po\u0161ti, da lahko zahtevate svoj dobitek.<\/p>\n<h2>Nagradne kategorije Mega Millions<\/h2>\n<p>Dobro, vemo, da vas verjetno zanima, kako je z drugimi nagradami, ko igrate to loterijo. Vsi upamo, da bomo zmagali na loteriji, toda ko ciljate k zvezdam, v\u010dasih zadenete nebo. In te nagrade so precej neverjetne. Tukaj je razdelitev nagrad.<\/p>\n<p>Oddelek 1: 5 + Mega Ball &#8211; glavni dobitek<\/p>\n<p>Razdelek 2: 5 &#8211; 1 000 000 USD<\/p>\n<p>Razdelek 3: 4 + Mega Ball &#8211; 10.000 USD<\/p>\n<p>Razdelek 4: 4 &#8211; 500 USD<\/p>\n<p>Razdelek 5: 3 + Mega Ball &#8211; 200 USD<\/p>\n<p>Divizija 6: 3 &#8211; 10 USD<\/p>\n<p>Razdelek 7: 2 + Mega Ball &#8211; 10 USD<\/p>\n<p>Divizija 8: 1 + Mega Ball &#8211; 4 $<\/p>\n<p>Divizija 8: samo Mega Ball &#8211; 2 $<\/p>\n<p>Tudi osvojitev drugorazredne nagrade bi bila precej izjemna, kajne? Tako menimo tudi mi.<\/p>\n<h2>Kako zahtevati nagrado<\/h2>\n<p><img loading=\"lazy\" decoding=\"async\" class=\"alignright size-full wp-image-19115\" src=\"https:\/\/jackpotlotteryonline.com\/wp-content\/uploads\/2022\/10\/2_ticket_mega_millions3.jpg\" alt=\"Skeniranje vstopnice za mega milijone\" width=\"180\" height=\"193\" \/>Igranje spletne loterije je dobro, toda kako lahko zahtevate svoj dobitek? Tudi za to smo poskrbeli. \u010ce ste loterijski listek kupili na spletni strani jackpotlotteryonline.com, lahko preprosto dostopate do svojega dobitka. Ko se prijavite v svoj ra\u010dun, preprosto izpla\u010dajte denar iz na\u0161e platforme na svojo banko.<\/p>\n<p>Ta brezskrbni postopek je glavni razlog, zakaj na\u0161e stranke prosimo, da se registrirajo. Tako je izpla\u010dilo dobitka veliko la\u017eje, ne glede na to, kje \u017eivite.<\/p>\n<p>Upo\u0161tevajte, da to obi\u010dajno velja za dobitke, ki so ni\u017eji od 2 500 EUR. \u010ce je va\u0161 dobitek vi\u0161ji od 2.500 \u20ac, se boste morda morali za izpla\u010dilo dobitka obrniti neposredno na loterijsko podjetje. Vendar to ni te\u017eava, saj vam bomo pomagali pri izpolnjevanju obrazca za zahtevek.<\/p>\n<h2>Zakaj bi morali igrati loterijo na jackpotlotteryonline.com<\/h2>\n<p>Vse, kar po\u010dnemo na jackpotlotteryonline.com, je osredoto\u010deno na to, da vam zagotovimo fantasti\u010dno izku\u0161njo, ko igrate Mega Millions. V \u017eivljenju je veliko stvari, ki so te\u017eke, vendar zmaga na loteriji ne bi smela biti ena izmed njih. Zato poskrbimo za vse te nadle\u017ene malenkosti, da se lahko osredoto\u010dite na zabavo, ki si jo \u017eelite.<\/p>\n<p>Poleg tega pa smo spletno mesto s stre\u017enikom. To pomeni, da svojim strankam omogo\u010damo, da zmagajo na loteriji. Ne stavite na izid igre Mega Millions, kot je to pri \u0161tevilnih spletnih mestih z loterijami. Svojim strankam dejansko omogo\u010damo dostop do zmagovalnih mednarodnih loterij, kot je Mega Millions. Ko kupite sre\u010dke na na\u0161em spletnem mestu, \u010de imate zmagovalno sre\u010dko, zmagate na loteriji.<\/p>\n<p>Na\u0161im strankam olaj\u0161amo preverjanje zmagovalnih \u0161tevilk Mega Millions in zgodovine \u017erebanja. Preverjanje zgodovine \u017erebanja igralcem pomaga pri oblikovanju strategije zmagovalne igre. Dostop do dobitka je tako preprost kot klik. U\u017eivajte v loteriji Mega Millions \u0161e danes z registracijo pri nas.<\/p>\n","protected":false},"excerpt":{"rendered":"<p>Mega Millions je znana po svojih mega jackpotih in igralci po vsem svetu obo\u017eujejo misel na zmago na tej loteriji. Zmagati na loteriji Mega Millions so ameri\u0161ke sanje, za katere si prizadeva na milijone igralcev. Na sre\u010do imajo igralci z vsega sveta zdaj mo\u017enost, da z nakupom sre\u010dk prek spleta osvojijo nagrado Mega Millions. \u010ce [&hellip;]<\/p>\n","protected":false},"author":1,"featured_media":0,"parent":35854,"menu_order":2,"comment_status":"closed","ping_status":"closed","template":"megamillion-results.php","meta":{"_et_pb_use_builder":"","_et_pb_old_content":"","_et_gb_content_width":"","exclude_from_search":false,"footnotes":""},"class_list":["post-40562","page","type-page","status-publish","hentry"],"yoast_head":"<!-- This site is optimized with the Yoast SEO plugin v23.3 - https:\/\/yoast.com\/wordpress\/plugins\/seo\/ -->\n<title>Zmagovalne \u0161tevilke in rezultati \u017erebanja Mega Millions<\/title>\n<meta name=\"description\" content=\"Rezultate \u017erebanja Mega Millions za ta teden in starej\u0161e \u017erebanja ter dobitne \u0161tevilke najdete tukaj na na\u0161em spletnem mestu\" \/>\n<meta name=\"robots\" content=\"index, follow, max-snippet:-1, max-image-preview:large, max-video-preview:-1\" \/>\n<link rel=\"canonical\" href=\"https:\/\/jackpotlotteryonline.com\/sl\/zmagovalne-stevilke\/mega-millions\/\" \/>\n<meta property=\"og:locale\" content=\"sl_SI\" \/>\n<meta property=\"og:type\" content=\"article\" \/>\n<meta property=\"og:title\" content=\"Zmagovalne \u0161tevilke in rezultati \u017erebanja Mega Millions\" \/>\n<meta property=\"og:description\" content=\"Rezultate \u017erebanja Mega Millions za ta teden in starej\u0161e \u017erebanja ter dobitne \u0161tevilke najdete tukaj na na\u0161em spletnem mestu\" \/>\n<meta property=\"og:url\" content=\"https:\/\/jackpotlotteryonline.com\/sl\/zmagovalne-stevilke\/mega-millions\/\" \/>\n<meta property=\"og:site_name\" content=\"Lotto Online - Crack The International Lottery Jackpots\" \/>\n<meta property=\"article:modified_time\" content=\"2022-12-26T20:48:32+00:00\" \/>\n<meta property=\"og:image\" content=\"https:\/\/jackpotlotteryonline.com\/wp-content\/uploads\/2022\/11\/read1.jpg\" \/>\n<meta name=\"twitter:card\" content=\"summary_large_image\" \/>\n<meta name=\"twitter:label1\" content=\"Est. reading time\" \/>\n\t<meta name=\"twitter:data1\" content=\"5 minut\" \/>\n<!-- \/ Yoast SEO plugin. -->","yoast_head_json":{"title":"Zmagovalne \u0161tevilke in rezultati \u017erebanja Mega Millions","description":"Rezultate \u017erebanja Mega Millions za ta teden in starej\u0161e \u017erebanja ter dobitne \u0161tevilke najdete tukaj na na\u0161em spletnem mestu","robots":{"index":"index","follow":"follow","max-snippet":"max-snippet:-1","max-image-preview":"max-image-preview:large","max-video-preview":"max-video-preview:-1"},"canonical":"https:\/\/jackpotlotteryonline.com\/sl\/zmagovalne-stevilke\/mega-millions\/","og_locale":"sl_SI","og_type":"article","og_title":"Zmagovalne \u0161tevilke in rezultati \u017erebanja Mega Millions","og_description":"Rezultate \u017erebanja Mega Millions za ta teden in starej\u0161e \u017erebanja ter dobitne \u0161tevilke najdete tukaj na na\u0161em spletnem mestu","og_url":"https:\/\/jackpotlotteryonline.com\/sl\/zmagovalne-stevilke\/mega-millions\/","og_site_name":"Lotto Online - Crack The International Lottery Jackpots","article_modified_time":"2022-12-26T20:48:32+00:00","og_image":[{"url":"https:\/\/jackpotlotteryonline.com\/wp-content\/uploads\/2022\/11\/read1.jpg"}],"twitter_card":"summary_large_image","twitter_misc":{"Est. reading time":"5 minut"},"schema":{"@context":"https:\/\/schema.org","@graph":[{"@type":"WebPage","@id":"https:\/\/jackpotlotteryonline.com\/sl\/zmagovalne-stevilke\/mega-millions\/","url":"https:\/\/jackpotlotteryonline.com\/sl\/zmagovalne-stevilke\/mega-millions\/","name":"Zmagovalne \u0161tevilke in rezultati \u017erebanja Mega Millions","isPartOf":{"@id":"https:\/\/jackpotlotteryonline.com\/#website"},"primaryImageOfPage":{"@id":"https:\/\/jackpotlotteryonline.com\/sl\/zmagovalne-stevilke\/mega-millions\/#primaryimage"},"image":{"@id":"https:\/\/jackpotlotteryonline.com\/sl\/zmagovalne-stevilke\/mega-millions\/#primaryimage"},"thumbnailUrl":"https:\/\/jackpotlotteryonline.com\/wp-content\/uploads\/2022\/11\/read1.jpg","datePublished":"2022-12-05T12:01:03+00:00","dateModified":"2022-12-26T20:48:32+00:00","description":"Rezultate \u017erebanja Mega Millions za ta teden in starej\u0161e \u017erebanja ter dobitne \u0161tevilke najdete tukaj na na\u0161em spletnem mestu","breadcrumb":{"@id":"https:\/\/jackpotlotteryonline.com\/sl\/zmagovalne-stevilke\/mega-millions\/#breadcrumb"},"inLanguage":"sl-SI","potentialAction":[{"@type":"ReadAction","target":["https:\/\/jackpotlotteryonline.com\/sl\/zmagovalne-stevilke\/mega-millions\/"]}]},{"@type":"ImageObject","inLanguage":"sl-SI","@id":"https:\/\/jackpotlotteryonline.com\/sl\/zmagovalne-stevilke\/mega-millions\/#primaryimage","url":"https:\/\/jackpotlotteryonline.com\/wp-content\/uploads\/2022\/11\/read1.jpg","contentUrl":"https:\/\/jackpotlotteryonline.com\/wp-content\/uploads\/2022\/11\/read1.jpg"},{"@type":"BreadcrumbList","@id":"https:\/\/jackpotlotteryonline.com\/sl\/zmagovalne-stevilke\/mega-millions\/#breadcrumb","itemListElement":[{"@type":"ListItem","position":1,"name":"Home","item":"https:\/\/jackpotlotteryonline.com\/sl\/"},{"@type":"ListItem","position":2,"name":"Loterija rezultati","item":"https:\/\/jackpotlotteryonline.com\/sl\/zmagovalne-stevilke\/"},{"@type":"ListItem","position":3,"name":"Rezultati \u017erebanja Mega Millions"}]},{"@type":"WebSite","@id":"https:\/\/jackpotlotteryonline.com\/#website","url":"https:\/\/jackpotlotteryonline.com\/","name":"Lotto Online - Crack The International Lottery Jackpots","description":"","potentialAction":[{"@type":"SearchAction","target":{"@type":"EntryPoint","urlTemplate":"https:\/\/jackpotlotteryonline.com\/?s={search_term_string}"},"query-input":"required name=search_term_string"}],"inLanguage":"sl-SI"}]}},"_links":{"self":[{"href":"https:\/\/jackpotlotteryonline.com\/sl\/wp-json\/wp\/v2\/pages\/40562","targetHints":{"allow":["GET"]}}],"collection":[{"href":"https:\/\/jackpotlotteryonline.com\/sl\/wp-json\/wp\/v2\/pages"}],"about":[{"href":"https:\/\/jackpotlotteryonline.com\/sl\/wp-json\/wp\/v2\/types\/page"}],"author":[{"embeddable":true,"href":"https:\/\/jackpotlotteryonline.com\/sl\/wp-json\/wp\/v2\/users\/1"}],"replies":[{"embeddable":true,"href":"https:\/\/jackpotlotteryonline.com\/sl\/wp-json\/wp\/v2\/comments?post=40562"}],"version-history":[{"count":0,"href":"https:\/\/jackpotlotteryonline.com\/sl\/wp-json\/wp\/v2\/pages\/40562\/revisions"}],"up":[{"embeddable":true,"href":"https:\/\/jackpotlotteryonline.com\/sl\/wp-json\/wp\/v2\/pages\/35854"}],"wp:attachment":[{"href":"https:\/\/jackpotlotteryonline.com\/sl\/wp-json\/wp\/v2\/media?parent=40562"}],"curies":[{"name":"wp","href":"https:\/\/api.w.org\/{rel}","templated":true}]}}