{"id":40615,"date":"2022-12-05T13:41:58","date_gmt":"2022-12-05T13:41:58","guid":{"rendered":"https:\/\/jackpotlotteryonline.com\/?page_id=40615"},"modified":"2022-12-27T08:55:12","modified_gmt":"2022-12-27T08:55:12","slug":"euromillions","status":"publish","type":"page","link":"https:\/\/jackpotlotteryonline.com\/sl\/zmagovalne-stevilke\/euromillions\/","title":{"rendered":"Rezultati \u017erebanja Euromillions"},"content":{"rendered":"<p>Igralce, ki kupujejo sre\u010dke, pogosto skrbi, da bodo zamudili svoje loterijske nagrade. To je zato, ker so ljudje neprevidni in sre\u010dke izginejo; brez sre\u010dke ne morete zahtevati nagrade. Pri igranju loterije prek spleta pa vam ni treba skrbeti za pogre\u0161ane sre\u010dke, saj je vse v digitalni obliki. Vendar pa je preverjanje zmagovalnih \u0161tevilk \u0161e vedno lahko te\u017eava, \u010de ne veste, kaj storiti. Zato smo tu mi.<\/p>\n<p>Na spletni strani jackpotlotteryonline.com igralcem omogo\u010damo dostop do najbolj\u0161ih mednarodnih spletnih loterij. Prav tako vam olaj\u0161amo nakup loterijskih sre\u010dk in preverjanje zmagovalnih \u0161tevilk Euromillions, ne glede na to, kje se nahajate.<\/p>\n<h2>Kako osvojiti glavni dobitek?<\/h2>\n<p><img loading=\"lazy\" decoding=\"async\" class=\"alignright size-full wp-image-31019\" src=\"https:\/\/jackpotlotteryonline.com\/wp-content\/uploads\/2022\/11\/euromillions.png\" alt=\"zmaga Euromillions\" width=\"200\" height=\"212\" \/>To je bistveno vpra\u0161anje, saj bi vsi, ki igrajo na loteriji, radi vedeli, kaj je potrebno za zmago. Preprost odgovor je, da mora igralec za zmago na loteriji le ujemati iz\u017erebane \u0161tevilke. Seveda vsi vemo, da to ni tako preprosto. Loterija je zelo odvisna od sre\u010de.<\/p>\n<p>Pri igri Euromillions mora igralec izbrati 5 \u0161tevilk od 1 do 70 in 2 sre\u010dnici. Kdor se ujema z vsemi 7 iz\u017erebanimi \u0161tevilkami, zmaga na loteriji.<\/p>\n<p>Tukaj lahko preverite pretekle kombinacije in ugotovite, katere \u0161tevke se pojavljajo najve\u010dkrat ali najmanjkrat. To vam lahko pomaga pri na\u010drtovanju zmagovalne strategije za evropsko loterijo.<\/p>\n<h2>Kako preveriti zmagovalca<\/h2>\n<p>Zmagovalca loterije lahko preverite na ve\u010d na\u010dinov na spletu. Te\u017eava pri preverjanju na poljubni spletni strani je, da morda ne boste dobili to\u010dnih informacij. Prav tako lahko pri preverjanju spletnih strani z novicami najdete le kombinacijo, ki je osvojila glavni dobitek.<\/p>\n<p>Evropska loterija ima ve\u010d nagradnih kategorij in tudi \u010de niste osvojili glavne nagrade, lahko domov odidete z dobrim zneskom. Zato je pomembno, da svojo sre\u010dko preverite glede na druge nagradne razdelke.<\/p>\n<p>\u010ce <a href=\"https:\/\/jackpotlotteryonline.com\/sl\/kupiti-vstopnice\/euromillions\">kupite loterijski listek<\/a> na jackpotlotteryonline.com, vam bomo poslali elektronsko sporo\u010dilo takoj, ko boste osvojili nagrado. Tako vam ni treba skrbeti, da bi izgubili svoje nagrade.<\/p>\n<h2>Dostop do va\u0161ega dobitka<\/h2>\n<p>Ker <a href=\"https:\/\/jackpotlotteryonline.com\/sl\/kako-igrati\/euromillions\">igrate loterijo prek spleta<\/a>, je naravno, da se spra\u0161ujete, kaj se zgodi, ko osvojite nagrado. \u010ce igrate z nami, je dostop do dobitka tako preprost kot nakup sre\u010dke. S tem mislimo na to, da lahko na na\u0161i spletni strani preprosto izpla\u010date svoj dobitek. Brez te\u017eav in zapletov.<\/p>\n<p>\u010ce osvojite glavni dobitek ali znesek, ki je vi\u0161ji od 2500 \u20ac, boste morda morali izpolniti obrazec za zahtevek. Vendar ne skrbite, to ni zapleten postopek, pri katerem vas bomo vodili.<\/p>\n<section class=\"layout\" style=\"border: solid 1px; width: 100%;\">\n<div class=\"img-div\" style=\"margin-top: 5px;\"><img decoding=\"async\" class=\"wp-image-17212 alignleft\" style=\"height: 45px; margin: 8px 8px 0px;\" src=\"https:\/\/jackpotlotteryonline.com\/wp-content\/uploads\/2022\/11\/read1.jpg\" alt=\"Preberite\" width=\"\" height=\"\" \/><\/div>\n<div style=\"padding-left: 5px;\">\n<div style=\"font-size: 1.1em;\">\n<p><strong>Kako dobim pla\u010dilo, \u010de zmagam na spletni loteriji?<\/strong><\/p>\n<p style=\"font-size: 0.85em; margin-top: -1.5em;\">Tako dobite svoj denar, \u010de zmagate na spletni loteriji\u00a0 <a href=\"https:\/\/jackpotlotteryonline.com\/sl\/kako-je-izplacano-ce-zmagam-loterijo-online\">preberi ve\u010d<\/a><\/p>\n<\/div>\n<\/div>\n<\/section>\n<h2>Preverite svoje zmagovalne \u0161tevilke Euromillions \u0161e danes<\/h2>\n<p>Trdo smo si prizadevali, da bi za na\u0161e igralce ustvarili varno spletno okolje. Zagotavljamo vse, kar potrebujete za udobno igranje loterije. Z nami dobite dostop do najbolj\u0161ih mednarodnih loterij in se lahko vnaprej prijavite v ve\u010d \u017erebanj. Poleg tega lahko \u017erebanja enostavno preverite tukaj in izpla\u010date svoje dobitke.<\/p>\n","protected":false},"excerpt":{"rendered":"<p>Igralce, ki kupujejo sre\u010dke, pogosto skrbi, da bodo zamudili svoje loterijske nagrade. To je zato, ker so ljudje neprevidni in sre\u010dke izginejo; brez sre\u010dke ne morete zahtevati nagrade. Pri igranju loterije prek spleta pa vam ni treba skrbeti za pogre\u0161ane sre\u010dke, saj je vse v digitalni obliki. Vendar pa je preverjanje zmagovalnih \u0161tevilk \u0161e vedno [&hellip;]<\/p>\n","protected":false},"author":1,"featured_media":0,"parent":35854,"menu_order":3,"comment_status":"closed","ping_status":"closed","template":"euromillions-results.php","meta":{"_et_pb_use_builder":"","_et_pb_old_content":"","_et_gb_content_width":"","exclude_from_search":false,"footnotes":""},"class_list":["post-40615","page","type-page","status-publish","hentry"],"yoast_head":"<!-- This site is optimized with the Yoast SEO plugin v23.3 - https:\/\/yoast.com\/wordpress\/plugins\/seo\/ -->\n<title>Dobitne \u0161tevilke in rezultati \u017erebanja Euromillions<\/title>\n<meta name=\"description\" content=\"Rezultati \u017erebanja Euromillions - dobitne \u0161tevilke za zadnje \u017erebanje in arhiv preteklih rezultatov.\" \/>\n<meta name=\"robots\" content=\"index, follow, max-snippet:-1, max-image-preview:large, max-video-preview:-1\" \/>\n<link rel=\"canonical\" href=\"https:\/\/jackpotlotteryonline.com\/sl\/zmagovalne-stevilke\/euromillions\/\" \/>\n<meta property=\"og:locale\" content=\"sl_SI\" \/>\n<meta property=\"og:type\" content=\"article\" \/>\n<meta property=\"og:title\" content=\"Dobitne \u0161tevilke in rezultati \u017erebanja Euromillions\" \/>\n<meta property=\"og:description\" content=\"Rezultati \u017erebanja Euromillions - dobitne \u0161tevilke za zadnje \u017erebanje in arhiv preteklih rezultatov.\" \/>\n<meta property=\"og:url\" content=\"https:\/\/jackpotlotteryonline.com\/sl\/zmagovalne-stevilke\/euromillions\/\" \/>\n<meta property=\"og:site_name\" content=\"Lotto Online - Crack The International Lottery Jackpots\" \/>\n<meta property=\"article:modified_time\" content=\"2022-12-27T08:55:12+00:00\" \/>\n<meta property=\"og:image\" content=\"https:\/\/jackpotlotteryonline.com\/wp-content\/uploads\/2022\/11\/euromillions.png\" \/>\n<meta name=\"twitter:card\" content=\"summary_large_image\" \/>\n<meta name=\"twitter:label1\" content=\"Est. reading time\" \/>\n\t<meta name=\"twitter:data1\" content=\"3 minute\" \/>\n<!-- \/ Yoast SEO plugin. -->","yoast_head_json":{"title":"Dobitne \u0161tevilke in rezultati \u017erebanja Euromillions","description":"Rezultati \u017erebanja Euromillions - dobitne \u0161tevilke za zadnje \u017erebanje in arhiv preteklih rezultatov.","robots":{"index":"index","follow":"follow","max-snippet":"max-snippet:-1","max-image-preview":"max-image-preview:large","max-video-preview":"max-video-preview:-1"},"canonical":"https:\/\/jackpotlotteryonline.com\/sl\/zmagovalne-stevilke\/euromillions\/","og_locale":"sl_SI","og_type":"article","og_title":"Dobitne \u0161tevilke in rezultati \u017erebanja Euromillions","og_description":"Rezultati \u017erebanja Euromillions - dobitne \u0161tevilke za zadnje \u017erebanje in arhiv preteklih rezultatov.","og_url":"https:\/\/jackpotlotteryonline.com\/sl\/zmagovalne-stevilke\/euromillions\/","og_site_name":"Lotto Online - Crack The International Lottery Jackpots","article_modified_time":"2022-12-27T08:55:12+00:00","og_image":[{"url":"https:\/\/jackpotlotteryonline.com\/wp-content\/uploads\/2022\/11\/euromillions.png"}],"twitter_card":"summary_large_image","twitter_misc":{"Est. reading time":"3 minute"},"schema":{"@context":"https:\/\/schema.org","@graph":[{"@type":"WebPage","@id":"https:\/\/jackpotlotteryonline.com\/sl\/zmagovalne-stevilke\/euromillions\/","url":"https:\/\/jackpotlotteryonline.com\/sl\/zmagovalne-stevilke\/euromillions\/","name":"Dobitne \u0161tevilke in rezultati \u017erebanja Euromillions","isPartOf":{"@id":"https:\/\/jackpotlotteryonline.com\/#website"},"primaryImageOfPage":{"@id":"https:\/\/jackpotlotteryonline.com\/sl\/zmagovalne-stevilke\/euromillions\/#primaryimage"},"image":{"@id":"https:\/\/jackpotlotteryonline.com\/sl\/zmagovalne-stevilke\/euromillions\/#primaryimage"},"thumbnailUrl":"https:\/\/jackpotlotteryonline.com\/wp-content\/uploads\/2022\/11\/euromillions.png","datePublished":"2022-12-05T13:41:58+00:00","dateModified":"2022-12-27T08:55:12+00:00","description":"Rezultati \u017erebanja Euromillions - dobitne \u0161tevilke za zadnje \u017erebanje in arhiv preteklih rezultatov.","breadcrumb":{"@id":"https:\/\/jackpotlotteryonline.com\/sl\/zmagovalne-stevilke\/euromillions\/#breadcrumb"},"inLanguage":"sl-SI","potentialAction":[{"@type":"ReadAction","target":["https:\/\/jackpotlotteryonline.com\/sl\/zmagovalne-stevilke\/euromillions\/"]}]},{"@type":"ImageObject","inLanguage":"sl-SI","@id":"https:\/\/jackpotlotteryonline.com\/sl\/zmagovalne-stevilke\/euromillions\/#primaryimage","url":"https:\/\/jackpotlotteryonline.com\/wp-content\/uploads\/2022\/11\/euromillions.png","contentUrl":"https:\/\/jackpotlotteryonline.com\/wp-content\/uploads\/2022\/11\/euromillions.png"},{"@type":"BreadcrumbList","@id":"https:\/\/jackpotlotteryonline.com\/sl\/zmagovalne-stevilke\/euromillions\/#breadcrumb","itemListElement":[{"@type":"ListItem","position":1,"name":"Home","item":"https:\/\/jackpotlotteryonline.com\/sl\/"},{"@type":"ListItem","position":2,"name":"Loterija rezultati","item":"https:\/\/jackpotlotteryonline.com\/sl\/zmagovalne-stevilke\/"},{"@type":"ListItem","position":3,"name":"Rezultati \u017erebanja Euromillions"}]},{"@type":"WebSite","@id":"https:\/\/jackpotlotteryonline.com\/#website","url":"https:\/\/jackpotlotteryonline.com\/","name":"Lotto Online - Crack The International Lottery Jackpots","description":"","potentialAction":[{"@type":"SearchAction","target":{"@type":"EntryPoint","urlTemplate":"https:\/\/jackpotlotteryonline.com\/?s={search_term_string}"},"query-input":"required name=search_term_string"}],"inLanguage":"sl-SI"}]}},"_links":{"self":[{"href":"https:\/\/jackpotlotteryonline.com\/sl\/wp-json\/wp\/v2\/pages\/40615","targetHints":{"allow":["GET"]}}],"collection":[{"href":"https:\/\/jackpotlotteryonline.com\/sl\/wp-json\/wp\/v2\/pages"}],"about":[{"href":"https:\/\/jackpotlotteryonline.com\/sl\/wp-json\/wp\/v2\/types\/page"}],"author":[{"embeddable":true,"href":"https:\/\/jackpotlotteryonline.com\/sl\/wp-json\/wp\/v2\/users\/1"}],"replies":[{"embeddable":true,"href":"https:\/\/jackpotlotteryonline.com\/sl\/wp-json\/wp\/v2\/comments?post=40615"}],"version-history":[{"count":0,"href":"https:\/\/jackpotlotteryonline.com\/sl\/wp-json\/wp\/v2\/pages\/40615\/revisions"}],"up":[{"embeddable":true,"href":"https:\/\/jackpotlotteryonline.com\/sl\/wp-json\/wp\/v2\/pages\/35854"}],"wp:attachment":[{"href":"https:\/\/jackpotlotteryonline.com\/sl\/wp-json\/wp\/v2\/media?parent=40615"}],"curies":[{"name":"wp","href":"https:\/\/api.w.org\/{rel}","templated":true}]}}