{"id":40686,"date":"2022-12-06T07:33:33","date_gmt":"2022-12-06T07:33:33","guid":{"rendered":"https:\/\/jackpotlotteryonline.com\/?page_id=40686"},"modified":"2022-12-28T08:58:09","modified_gmt":"2022-12-28T08:58:09","slug":"eurojackpot","status":"publish","type":"page","link":"https:\/\/jackpotlotteryonline.com\/sl\/zmagovalne-stevilke\/eurojackpot\/","title":{"rendered":"Rezultati \u017erebanja Eurojackpot"},"content":{"rendered":"<p>Kako preverite zmagovalne \u0161tevilke za loterijo Eurojackpot? Eurojackpot je ena izmed bolj priljubljenih loterij v Evropi, zato so igralci po vsem svetu \u017eeljni prilo\u017enosti za velik dobitek. \u010ce \u017eivite zunaj Evrope, lahko kupite sre\u010dke za loterijo Eurojackpot in preverite rezultate \u017erebanja tudi prek spleta.<\/p>\n<p>Ko obi\u0161\u010dete spletno stran jackpotlotteryonline.com, dobite dostop do najbolj\u0161ih mednarodnih loterij po vsem svetu. Zagotavljamo preprost in priro\u010den na\u010din igranja loterije in preverjanja \u017erebanj na enem mestu.<\/p>\n<h2>Kaj je zmagovalna kombinacija?<\/h2>\n<p><img loading=\"lazy\" decoding=\"async\" class=\"size-full wp-image-28751 alignright\" src=\"http:\/\/jackpotlotteryonline.com\/wp-content\/uploads\/2022\/11\/1_online_ticket_eurojackpot.jpg\" alt=\"Zmagovalne kombinacije igre Eurojackpot\" width=\"300\" height=\"210\" \/>Ve\u010dina ljudi <a href=\"https:\/\/jackpotlotteryonline.com\/sl\/kako-igrati\/eurojackpot\">igra na loteriji<\/a> zaradi prilo\u017enosti za velik dobitek, igralci pa imajo Eurojackpot \u0161e posebej radi iz ve\u010d razlogov. Eden od njih je visoka mo\u017enost za dobitek. Ta loterija je od svojega za\u010detka ustvarila veliko milijonarjev.<\/p>\n<p>V osnovi je zmagovalec tisti, ki dobi sre\u010dko z iz\u017erebanimi \u0161tevilkami. \u010ce igrate na spletu, morate izbrati 5 \u0161tevilk od 1 do 50 in 2 \u0161tevilki od 1 do 12. Glavni dobitek prejme tisti, ki se ujema s sedmimi iz\u017erebanimi \u0161tevilkami.<\/p>\n<p>Pri izbiri \u0161tevilk lahko izberete tiste, ki so za vas posebne, ali naklju\u010dne. Nekateri igralci za naklju\u010dno izbiro raje uporabijo na\u0161 samodejni generator. Pomembno je, da svojo sre\u010dko dobite pred \u017erebanjem.<\/p>\n<h2>Kako preveriti rezultate \u017erebanja<\/h2>\n<p>Ta evropska loterija ima dva dneva \u017erebanja, in sicer vsak teden v torek in petek. Rezultati \u017erebanja so pogosto objavljeni v oddaji v \u017eivo. vendar je \u010dakanje na ogled \u017erebanja v \u017eivo lahko nekoliko nerodno. \u0160e posebej, \u010de to na primer sovpada s pomembno funkcijo ali va\u0161im delom. Zato je igranje loterije z nami odli\u010dna mo\u017enost.<\/p>\n<p>Ko igrate z nami, morate samo preveriti, ali so na voljo rezultati \u017erebanja. Rezultate \u017erebanj namre\u010d objavljamo tukaj na na\u0161i spletni strani.<\/p>\n<p>Poleg tega vas bomo, \u010de osvojite nagrado, o tem obvestili takoj po prejemu nagrade po elektronski po\u0161ti. Ko se prijavite v svoj ra\u010dun na na\u0161i platformi, pa boste prejeli opozorilo. Igranje na loteriji je \u0161e la\u017eje in priro\u010dnej\u0161e, \u010de svoje sre\u010dke kupite pri nas.<\/p>\n<h2>Kaj storiti, ko zmagate<\/h2>\n<p>V\u0161e\u010d nam je, ko na\u0161e stranke zmagajo na loteriji, saj smo prav zato tukaj. Da bi igralcem povsod omogo\u010dili dostop do najbolj\u0161ih mednarodnih loterij iz udobja njihovih ra\u010dunalnikov ali mobilnih naprav.<\/p>\n<p>\u010ce torej osvojite nagrado, vas ne bomo le opozorili, temve\u010d boste lahko svoj dobitek preprosto dvignili z na\u0161e platforme. Tako je. Za dostop do loterijskega dobitka vam ni treba iti nikamor, ampak ga preprosto dvignete naravnost na svoj ra\u010dun.<\/p>\n<p>Moramo pa omeniti, da boste morda morali izpolniti obrazec za zahtevek, \u010de bo ta presegel dolo\u010den znesek. To vam bo pomagalo, da boste od loterijskega podjetja dobili svoj dobitek. Vendar smo tu, da vam pomagamo in poskrbimo, da bo postopek kar se da enostaven in preprost.<\/p>\n<section class=\"layout\" style=\"border: solid 1px; width: 100%;\">\n<div class=\"img-div\" style=\"margin-top: 5px;\"><img decoding=\"async\" class=\"wp-image-17212 alignleft\" style=\"height: 45px; margin: 8px 8px 0px;\" src=\"http:\/\/jackpotlotteryonline.com\/wp-content\/uploads\/2022\/11\/read1.jpg\" alt=\"Preberite\" width=\"\" height=\"\" \/><\/div>\n<div style=\"padding-left: 5px;\">\n<div style=\"font-size: 1.1em;\">\n<p><strong>Kako dobim pla\u010dilo, \u010de zmagam na spletni loteriji?<\/strong><\/p>\n<p style=\"font-size: 0.85em; margin-top: -1.5em;\">Tako dobite svoj denar, \u010de zmagate na spletni loteriji <a href=\"https:\/\/jackpotlotteryonline.com\/sl\/kako-je-izplacano-ce-zmagam-loterijo-online\">preberi ve\u010d<\/a><\/p>\n<\/div>\n<\/div>\n<\/section>\n<h2>Preverite svoje zmagovalne \u0161tevilke Eurojackpota tukaj<\/h2>\n<p><a href=\"https:\/\/jackpotlotteryonline.com\/sl\/kupiti-vstopnice\/eurojackpot\">Kupite sre\u010dke<\/a>, sodelujte v \u017erebanjih in preverite rezultate \u017erebanj, vse to na enem samem mestu. Obi\u0161\u010dite jackpotlotteryonline.com \u0161e danes.<\/p>\n","protected":false},"excerpt":{"rendered":"<p>Kako preverite zmagovalne \u0161tevilke za loterijo Eurojackpot? Eurojackpot je ena izmed bolj priljubljenih loterij v Evropi, zato so igralci po vsem svetu \u017eeljni prilo\u017enosti za velik dobitek. \u010ce \u017eivite zunaj Evrope, lahko kupite sre\u010dke za loterijo Eurojackpot in preverite rezultate \u017erebanja tudi prek spleta. Ko obi\u0161\u010dete spletno stran jackpotlotteryonline.com, dobite dostop do najbolj\u0161ih mednarodnih loterij [&hellip;]<\/p>\n","protected":false},"author":1,"featured_media":0,"parent":35854,"menu_order":4,"comment_status":"closed","ping_status":"closed","template":"eurojackpot-results.php","meta":{"_et_pb_use_builder":"","_et_pb_old_content":"","_et_gb_content_width":"","exclude_from_search":false,"footnotes":""},"class_list":["post-40686","page","type-page","status-publish","hentry"],"yoast_head":"<!-- This site is optimized with the Yoast SEO plugin v23.3 - https:\/\/yoast.com\/wordpress\/plugins\/seo\/ -->\n<title>Dobitne \u0161tevilke Eurojackpota in rezultati \u017erebanja<\/title>\n<meta name=\"description\" content=\"\u017delite izvedeti zmagovalne \u0161tevilke za Eurojackpot? Preverite vse rezultate \u017erebanj za Eurojackpot in \u0161tevilne druge loterije tukaj!\" \/>\n<meta name=\"robots\" content=\"index, follow, max-snippet:-1, max-image-preview:large, max-video-preview:-1\" \/>\n<link rel=\"canonical\" href=\"https:\/\/jackpotlotteryonline.com\/sl\/zmagovalne-stevilke\/eurojackpot\/\" \/>\n<meta property=\"og:locale\" content=\"sl_SI\" \/>\n<meta property=\"og:type\" content=\"article\" \/>\n<meta property=\"og:title\" content=\"Dobitne \u0161tevilke Eurojackpota in rezultati \u017erebanja\" \/>\n<meta property=\"og:description\" content=\"\u017delite izvedeti zmagovalne \u0161tevilke za Eurojackpot? Preverite vse rezultate \u017erebanj za Eurojackpot in \u0161tevilne druge loterije tukaj!\" \/>\n<meta property=\"og:url\" content=\"https:\/\/jackpotlotteryonline.com\/sl\/zmagovalne-stevilke\/eurojackpot\/\" \/>\n<meta property=\"og:site_name\" content=\"Lotto Online - Crack The International Lottery Jackpots\" \/>\n<meta property=\"article:modified_time\" content=\"2022-12-28T08:58:09+00:00\" \/>\n<meta property=\"og:image\" content=\"http:\/\/jackpotlotteryonline.com\/wp-content\/uploads\/2022\/11\/1_online_ticket_eurojackpot.jpg\" \/>\n<meta name=\"twitter:card\" content=\"summary_large_image\" \/>\n<meta name=\"twitter:label1\" content=\"Est. reading time\" \/>\n\t<meta name=\"twitter:data1\" content=\"3 minute\" \/>\n<!-- \/ Yoast SEO plugin. -->","yoast_head_json":{"title":"Dobitne \u0161tevilke Eurojackpota in rezultati \u017erebanja","description":"\u017delite izvedeti zmagovalne \u0161tevilke za Eurojackpot? Preverite vse rezultate \u017erebanj za Eurojackpot in \u0161tevilne druge loterije tukaj!","robots":{"index":"index","follow":"follow","max-snippet":"max-snippet:-1","max-image-preview":"max-image-preview:large","max-video-preview":"max-video-preview:-1"},"canonical":"https:\/\/jackpotlotteryonline.com\/sl\/zmagovalne-stevilke\/eurojackpot\/","og_locale":"sl_SI","og_type":"article","og_title":"Dobitne \u0161tevilke Eurojackpota in rezultati \u017erebanja","og_description":"\u017delite izvedeti zmagovalne \u0161tevilke za Eurojackpot? Preverite vse rezultate \u017erebanj za Eurojackpot in \u0161tevilne druge loterije tukaj!","og_url":"https:\/\/jackpotlotteryonline.com\/sl\/zmagovalne-stevilke\/eurojackpot\/","og_site_name":"Lotto Online - Crack The International Lottery Jackpots","article_modified_time":"2022-12-28T08:58:09+00:00","og_image":[{"url":"http:\/\/jackpotlotteryonline.com\/wp-content\/uploads\/2022\/11\/1_online_ticket_eurojackpot.jpg"}],"twitter_card":"summary_large_image","twitter_misc":{"Est. reading time":"3 minute"},"schema":{"@context":"https:\/\/schema.org","@graph":[{"@type":"WebPage","@id":"https:\/\/jackpotlotteryonline.com\/sl\/zmagovalne-stevilke\/eurojackpot\/","url":"https:\/\/jackpotlotteryonline.com\/sl\/zmagovalne-stevilke\/eurojackpot\/","name":"Dobitne \u0161tevilke Eurojackpota in rezultati \u017erebanja","isPartOf":{"@id":"https:\/\/jackpotlotteryonline.com\/#website"},"primaryImageOfPage":{"@id":"https:\/\/jackpotlotteryonline.com\/sl\/zmagovalne-stevilke\/eurojackpot\/#primaryimage"},"image":{"@id":"https:\/\/jackpotlotteryonline.com\/sl\/zmagovalne-stevilke\/eurojackpot\/#primaryimage"},"thumbnailUrl":"http:\/\/jackpotlotteryonline.com\/wp-content\/uploads\/2022\/11\/1_online_ticket_eurojackpot.jpg","datePublished":"2022-12-06T07:33:33+00:00","dateModified":"2022-12-28T08:58:09+00:00","description":"\u017delite izvedeti zmagovalne \u0161tevilke za Eurojackpot? Preverite vse rezultate \u017erebanj za Eurojackpot in \u0161tevilne druge loterije tukaj!","breadcrumb":{"@id":"https:\/\/jackpotlotteryonline.com\/sl\/zmagovalne-stevilke\/eurojackpot\/#breadcrumb"},"inLanguage":"sl-SI","potentialAction":[{"@type":"ReadAction","target":["https:\/\/jackpotlotteryonline.com\/sl\/zmagovalne-stevilke\/eurojackpot\/"]}]},{"@type":"ImageObject","inLanguage":"sl-SI","@id":"https:\/\/jackpotlotteryonline.com\/sl\/zmagovalne-stevilke\/eurojackpot\/#primaryimage","url":"http:\/\/jackpotlotteryonline.com\/wp-content\/uploads\/2022\/11\/1_online_ticket_eurojackpot.jpg","contentUrl":"http:\/\/jackpotlotteryonline.com\/wp-content\/uploads\/2022\/11\/1_online_ticket_eurojackpot.jpg"},{"@type":"BreadcrumbList","@id":"https:\/\/jackpotlotteryonline.com\/sl\/zmagovalne-stevilke\/eurojackpot\/#breadcrumb","itemListElement":[{"@type":"ListItem","position":1,"name":"Home","item":"https:\/\/jackpotlotteryonline.com\/sl\/"},{"@type":"ListItem","position":2,"name":"Loterija rezultati","item":"https:\/\/jackpotlotteryonline.com\/sl\/zmagovalne-stevilke\/"},{"@type":"ListItem","position":3,"name":"Rezultati \u017erebanja Eurojackpot"}]},{"@type":"WebSite","@id":"https:\/\/jackpotlotteryonline.com\/#website","url":"https:\/\/jackpotlotteryonline.com\/","name":"Lotto Online - Crack The International Lottery Jackpots","description":"","potentialAction":[{"@type":"SearchAction","target":{"@type":"EntryPoint","urlTemplate":"https:\/\/jackpotlotteryonline.com\/?s={search_term_string}"},"query-input":"required name=search_term_string"}],"inLanguage":"sl-SI"}]}},"_links":{"self":[{"href":"https:\/\/jackpotlotteryonline.com\/sl\/wp-json\/wp\/v2\/pages\/40686","targetHints":{"allow":["GET"]}}],"collection":[{"href":"https:\/\/jackpotlotteryonline.com\/sl\/wp-json\/wp\/v2\/pages"}],"about":[{"href":"https:\/\/jackpotlotteryonline.com\/sl\/wp-json\/wp\/v2\/types\/page"}],"author":[{"embeddable":true,"href":"https:\/\/jackpotlotteryonline.com\/sl\/wp-json\/wp\/v2\/users\/1"}],"replies":[{"embeddable":true,"href":"https:\/\/jackpotlotteryonline.com\/sl\/wp-json\/wp\/v2\/comments?post=40686"}],"version-history":[{"count":0,"href":"https:\/\/jackpotlotteryonline.com\/sl\/wp-json\/wp\/v2\/pages\/40686\/revisions"}],"up":[{"embeddable":true,"href":"https:\/\/jackpotlotteryonline.com\/sl\/wp-json\/wp\/v2\/pages\/35854"}],"wp:attachment":[{"href":"https:\/\/jackpotlotteryonline.com\/sl\/wp-json\/wp\/v2\/media?parent=40686"}],"curies":[{"name":"wp","href":"https:\/\/api.w.org\/{rel}","templated":true}]}}