{"id":40738,"date":"2022-12-06T09:01:39","date_gmt":"2022-12-06T09:01:39","guid":{"rendered":"https:\/\/jackpotlotteryonline.com\/?page_id=40738"},"modified":"2022-12-27T10:24:59","modified_gmt":"2022-12-27T10:24:59","slug":"superenalotto","status":"publish","type":"page","link":"https:\/\/jackpotlotteryonline.com\/sl\/zmagovalne-stevilke\/superenalotto\/","title":{"rendered":"Superenalotto \u017erebanje rezultatov"},"content":{"rendered":"<p>Superenalotto je nacionalna loterija Italije in je priljubljena loterija med igralci v dr\u017eavi. \u010ce igrate zunaj Italije, je dobro ugotoviti, kako preveriti dobitne \u0161tevilke. \u010ce \u017eelite izvedeti ve\u010d, nadaljujte z branjem.<\/p>\n<h2>Koraki za igranje Superenalotto na spletu<\/h2>\n<p><a href=\"https:\/\/jackpotlotteryonline.com\/sl\/kako-igrati\/superenalotto\">Igranje Superenalotta prek spleta<\/a> je enako kot igranje brez povezave, vendar z ve\u010djim udobjem in enostavnostjo. Ko greste na stran Superenalotto na jackpotlotteryoneline.com, lahko izberete 6 \u0161tevilk od 1 do 90. Nato izberete \u0161tevilo \u017erebanj, v katerih \u017eelite sodelovati, pri \u010demer lahko sodelujete do 5 tednov vnaprej. V ve\u010d \u017erebanj se boste vklju\u010dili, ve\u010dje bodo va\u0161e mo\u017enosti za dobitek.<\/p>\n<p>Superenalotto ima tri tedenske \u017erebanja ob torkih, \u010detrtkih in sobotah. Tako se lahko udele\u017eite enega ali vseh. Izberete lahko \u0161tevilko SuperStar in tako pove\u010date svoje mo\u017enosti za zmago na loteriji. Obstaja tudi &#8220;Vesela \u0161tevilka&#8221;, ki je od 1 do 90 in se uporablja za dolo\u010ditev zmagovalca drugega kroga.<\/p>\n<h2>Kako preverite svoje zmagovalne \u0161tevilke<\/h2>\n<p><img loading=\"lazy\" decoding=\"async\" class=\"alignright size-full wp-image-31316\" src=\"https:\/\/jackpotlotteryonline.com\/wp-content\/uploads\/2022\/11\/logo_superenalotto.png\" alt=\"Rezultati \u017erebanja igre Superenalotto\" width=\"200\" height=\"212\" \/>Ko igrate Superenalotto, lahko zmagovalne \u0161tevilke preverite na razli\u010dne na\u010dine. \u017drebanja lahko spremljate v \u017eivo po televiziji, vendar je to mogo\u010de le, \u010de \u017eivite v Italiji in govorite italijansko. Na sre\u010do lahko zmagovalne \u0161tevilke po \u017erebanjih preverite tudi prek spleta. Ve\u010dina novi\u010darskih spletnih strani objavi rezultate \u017erebanja.<\/p>\n<p>Vendar je pri tem nekaj te\u017eav. Najprej lahko hitro pozabite preveriti rezultate \u017erebanja. Znane so zgodbe o glavnih dobitkih, ki so ostali neprevzeti, verjetno zato, ker so zmagovalci pozabili preveriti svoje listke. Poleg tega veliko spletnih mest objavlja le dobitne \u0161tevilke za prvo stopnjo. Ve\u010dina loterij ima ve\u010d nagradnih nivojev.<\/p>\n<p>\u010ce igrate Superenalotto pri nas, vam ni treba skrbeti, da bi zamudili kak\u0161no nagrado. Ne le, da vas bomo obvestili takoj, ko boste osvojili nagrado, temve\u010d boste obvestilo prejeli takoj, ko se boste prijavili. Poleg tega rezultate loterije objavimo takoj po \u017erebanju tukaj na na\u0161i spletni strani. Zato se po \u017erebanjih vrnite in preverite, ali ste dobili zmagovalne \u0161tevilke za Superenalotto.<\/p>\n<h2>Stopnje nagradne igre Superenalotto<\/h2>\n<p>Omenili smo \u017ee, da ima loterija Superenalotto glavni dobitek v vi\u0161ini 2 milijona evrov. Toda ali ste vedeli, da znesek glavnega dobitka ni omejen? To pomeni, da \u010de po \u017erebanju ni zmagovalca, se nagrada nadaljuje, dokler ni zmagovalca. V letu 2019 se je glavni dobitek tolikokrat prevrnil, da je dosegel rekordni znesek 209,1 milijona evrov.<\/p>\n<p>Poleg glavnega dobitka, ki je nagrada za prvo stopnjo, so na voljo \u0161e druge nagrade, ki jih lahko osvoji igralec. Nagrade so dolo\u010dene na podlagi nagradnega sklada, zato njihov znesek ni dolo\u010den. Vendar pa bomo z vami delili povpre\u010dni znesek na \u017erebanje.<\/p>\n<p>6. dobitek &#8211; 92.056.091,66 EUR<\/p>\n<p>Match 5 + Jolly number &#8211; 594.951,95 \u20ac<\/p>\n<p>Tekma 5 &#8211; 49.736,38 \u20ac<\/p>\n<p>\u0160tevilke iz igre 4 &#8211; 354,83 \u20ac<\/p>\n<p>\u0160tevilke 3 &#8211; 27,15 EUR<\/p>\n<p>Ujemanje dveh \u0161tevilk &#8211; 5,48 EUR<\/p>\n<section class=\"layout\" style=\"border: solid 1px; width: 100%;\">\n<div class=\"img-div\" style=\"margin-top: 5px;\"><img decoding=\"async\" class=\"wp-image-17212 alignleft\" style=\"height: 45px; margin: 8px 8px 0px;\" src=\"https:\/\/jackpotlotteryonline.com\/wp-content\/uploads\/2022\/11\/read1.jpg\" alt=\"Preberite\" width=\"\" height=\"\" \/><\/div>\n<div style=\"padding-left: 5px;\">\n<div style=\"font-size: 1.1em;\">\n<p><strong>Loterije z najve\u010djimi mo\u017enostmi za veliko zmago<\/strong><\/p>\n<p style=\"font-size: 0.85em; margin-top: -1.5em;\">Katera loterija ima najbolj\u0161e mo\u017enosti za zmago?\u00a0 <a href=\"https:\/\/jackpotlotteryonline.com\/sl\/katera-loterija-ima-najboljse-moznosti-za-zmago\"> preberi ve\u010d<\/a><\/p>\n<\/div>\n<\/div>\n<\/section>\n<h2>Zahtevanje dobitka Superenalotto<\/h2>\n<p>Ker igrate Superenalotto na spletu, vas seveda zanima, kaj se zgodi, ko osvojite dobitek. Tukaj bomo z vami delili, kako lahko zahtevate svoj Superenalotto dobitek, \u010deprav \u017eivite zunaj Italije.<\/p>\n<p>Ko igrate Superenalotto pri nas, je zahtevanje dobitkov tako preprosto, kot da se tukaj prijavite v svoj ra\u010dun. Za dobitke, ni\u017eje od 2500 \u20ac, lahko izpla\u010date denar neposredno z na\u0161e platforme na svoj ra\u010dun. To je res preprosto in brez te\u017eav, tako da se lahko osredoto\u010dite na \u010dudovito loterijsko izku\u0161njo.<\/p>\n<p>Za vi\u0161je zneske se boste morda morali obrniti na loterijsko podjetje in izpolniti obrazec za zahtevke. Vendar vam bomo na voljo, da vas vodimo skozi ta postopek. Zato \u0161e <a href=\"https:\/\/jackpotlotteryonline.com\/sl\/kupiti-vstopnice\/superenalotto\">danes kupite sre\u010dko Superenalotto<\/a> in izberite svoje zmagovalne \u0161tevilke.<\/p>\n","protected":false},"excerpt":{"rendered":"<p>Superenalotto je nacionalna loterija Italije in je priljubljena loterija med igralci v dr\u017eavi. \u010ce igrate zunaj Italije, je dobro ugotoviti, kako preveriti dobitne \u0161tevilke. \u010ce \u017eelite izvedeti ve\u010d, nadaljujte z branjem. Koraki za igranje Superenalotto na spletu Igranje Superenalotta prek spleta je enako kot igranje brez povezave, vendar z ve\u010djim udobjem in enostavnostjo. Ko greste [&hellip;]<\/p>\n","protected":false},"author":1,"featured_media":0,"parent":35854,"menu_order":5,"comment_status":"closed","ping_status":"closed","template":"superenalotto-results.php","meta":{"_et_pb_use_builder":"","_et_pb_old_content":"","_et_gb_content_width":"","exclude_from_search":false,"footnotes":""},"class_list":["post-40738","page","type-page","status-publish","hentry"],"yoast_head":"<!-- This site is optimized with the Yoast SEO plugin v23.3 - https:\/\/yoast.com\/wordpress\/plugins\/seo\/ -->\n<title>Zmagovalne \u0161tevilke in rezultati \u017erebanja Superenalotto<\/title>\n<meta name=\"description\" content=\"Pridobite rezultate \u017erebanja in zmagovalne \u0161tevilke za italijansko Superenalotto z vsakodnevnimi posodobitvami tukaj na na\u0161i spletni strani o loteriji.\" \/>\n<meta name=\"robots\" content=\"index, follow, max-snippet:-1, max-image-preview:large, max-video-preview:-1\" \/>\n<link rel=\"canonical\" href=\"https:\/\/jackpotlotteryonline.com\/sl\/zmagovalne-stevilke\/superenalotto\/\" \/>\n<meta property=\"og:locale\" content=\"sl_SI\" \/>\n<meta property=\"og:type\" content=\"article\" \/>\n<meta property=\"og:title\" content=\"Zmagovalne \u0161tevilke in rezultati \u017erebanja Superenalotto\" \/>\n<meta property=\"og:description\" content=\"Pridobite rezultate \u017erebanja in zmagovalne \u0161tevilke za italijansko Superenalotto z vsakodnevnimi posodobitvami tukaj na na\u0161i spletni strani o loteriji.\" \/>\n<meta property=\"og:url\" content=\"https:\/\/jackpotlotteryonline.com\/sl\/zmagovalne-stevilke\/superenalotto\/\" \/>\n<meta property=\"og:site_name\" content=\"Lotto Online - Crack The International Lottery Jackpots\" \/>\n<meta property=\"article:modified_time\" content=\"2022-12-27T10:24:59+00:00\" \/>\n<meta property=\"og:image\" content=\"https:\/\/jackpotlotteryonline.com\/wp-content\/uploads\/2022\/11\/logo_superenalotto.png\" \/>\n<meta name=\"twitter:card\" content=\"summary_large_image\" \/>\n<meta name=\"twitter:label1\" content=\"Est. reading time\" \/>\n\t<meta name=\"twitter:data1\" content=\"3 minute\" \/>\n<!-- \/ Yoast SEO plugin. -->","yoast_head_json":{"title":"Zmagovalne \u0161tevilke in rezultati \u017erebanja Superenalotto","description":"Pridobite rezultate \u017erebanja in zmagovalne \u0161tevilke za italijansko Superenalotto z vsakodnevnimi posodobitvami tukaj na na\u0161i spletni strani o loteriji.","robots":{"index":"index","follow":"follow","max-snippet":"max-snippet:-1","max-image-preview":"max-image-preview:large","max-video-preview":"max-video-preview:-1"},"canonical":"https:\/\/jackpotlotteryonline.com\/sl\/zmagovalne-stevilke\/superenalotto\/","og_locale":"sl_SI","og_type":"article","og_title":"Zmagovalne \u0161tevilke in rezultati \u017erebanja Superenalotto","og_description":"Pridobite rezultate \u017erebanja in zmagovalne \u0161tevilke za italijansko Superenalotto z vsakodnevnimi posodobitvami tukaj na na\u0161i spletni strani o loteriji.","og_url":"https:\/\/jackpotlotteryonline.com\/sl\/zmagovalne-stevilke\/superenalotto\/","og_site_name":"Lotto Online - Crack The International Lottery Jackpots","article_modified_time":"2022-12-27T10:24:59+00:00","og_image":[{"url":"https:\/\/jackpotlotteryonline.com\/wp-content\/uploads\/2022\/11\/logo_superenalotto.png"}],"twitter_card":"summary_large_image","twitter_misc":{"Est. reading time":"3 minute"},"schema":{"@context":"https:\/\/schema.org","@graph":[{"@type":"WebPage","@id":"https:\/\/jackpotlotteryonline.com\/sl\/zmagovalne-stevilke\/superenalotto\/","url":"https:\/\/jackpotlotteryonline.com\/sl\/zmagovalne-stevilke\/superenalotto\/","name":"Zmagovalne \u0161tevilke in rezultati \u017erebanja Superenalotto","isPartOf":{"@id":"https:\/\/jackpotlotteryonline.com\/#website"},"primaryImageOfPage":{"@id":"https:\/\/jackpotlotteryonline.com\/sl\/zmagovalne-stevilke\/superenalotto\/#primaryimage"},"image":{"@id":"https:\/\/jackpotlotteryonline.com\/sl\/zmagovalne-stevilke\/superenalotto\/#primaryimage"},"thumbnailUrl":"https:\/\/jackpotlotteryonline.com\/wp-content\/uploads\/2022\/11\/logo_superenalotto.png","datePublished":"2022-12-06T09:01:39+00:00","dateModified":"2022-12-27T10:24:59+00:00","description":"Pridobite rezultate \u017erebanja in zmagovalne \u0161tevilke za italijansko Superenalotto z vsakodnevnimi posodobitvami tukaj na na\u0161i spletni strani o loteriji.","breadcrumb":{"@id":"https:\/\/jackpotlotteryonline.com\/sl\/zmagovalne-stevilke\/superenalotto\/#breadcrumb"},"inLanguage":"sl-SI","potentialAction":[{"@type":"ReadAction","target":["https:\/\/jackpotlotteryonline.com\/sl\/zmagovalne-stevilke\/superenalotto\/"]}]},{"@type":"ImageObject","inLanguage":"sl-SI","@id":"https:\/\/jackpotlotteryonline.com\/sl\/zmagovalne-stevilke\/superenalotto\/#primaryimage","url":"https:\/\/jackpotlotteryonline.com\/wp-content\/uploads\/2022\/11\/logo_superenalotto.png","contentUrl":"https:\/\/jackpotlotteryonline.com\/wp-content\/uploads\/2022\/11\/logo_superenalotto.png"},{"@type":"BreadcrumbList","@id":"https:\/\/jackpotlotteryonline.com\/sl\/zmagovalne-stevilke\/superenalotto\/#breadcrumb","itemListElement":[{"@type":"ListItem","position":1,"name":"Home","item":"https:\/\/jackpotlotteryonline.com\/sl\/"},{"@type":"ListItem","position":2,"name":"Loterija rezultati","item":"https:\/\/jackpotlotteryonline.com\/sl\/zmagovalne-stevilke\/"},{"@type":"ListItem","position":3,"name":"Superenalotto \u017erebanje rezultatov"}]},{"@type":"WebSite","@id":"https:\/\/jackpotlotteryonline.com\/#website","url":"https:\/\/jackpotlotteryonline.com\/","name":"Lotto Online - Crack The International Lottery Jackpots","description":"","potentialAction":[{"@type":"SearchAction","target":{"@type":"EntryPoint","urlTemplate":"https:\/\/jackpotlotteryonline.com\/?s={search_term_string}"},"query-input":"required name=search_term_string"}],"inLanguage":"sl-SI"}]}},"_links":{"self":[{"href":"https:\/\/jackpotlotteryonline.com\/sl\/wp-json\/wp\/v2\/pages\/40738","targetHints":{"allow":["GET"]}}],"collection":[{"href":"https:\/\/jackpotlotteryonline.com\/sl\/wp-json\/wp\/v2\/pages"}],"about":[{"href":"https:\/\/jackpotlotteryonline.com\/sl\/wp-json\/wp\/v2\/types\/page"}],"author":[{"embeddable":true,"href":"https:\/\/jackpotlotteryonline.com\/sl\/wp-json\/wp\/v2\/users\/1"}],"replies":[{"embeddable":true,"href":"https:\/\/jackpotlotteryonline.com\/sl\/wp-json\/wp\/v2\/comments?post=40738"}],"version-history":[{"count":0,"href":"https:\/\/jackpotlotteryonline.com\/sl\/wp-json\/wp\/v2\/pages\/40738\/revisions"}],"up":[{"embeddable":true,"href":"https:\/\/jackpotlotteryonline.com\/sl\/wp-json\/wp\/v2\/pages\/35854"}],"wp:attachment":[{"href":"https:\/\/jackpotlotteryonline.com\/sl\/wp-json\/wp\/v2\/media?parent=40738"}],"curies":[{"name":"wp","href":"https:\/\/api.w.org\/{rel}","templated":true}]}}