{"id":40791,"date":"2022-12-06T10:37:41","date_gmt":"2022-12-06T10:37:41","guid":{"rendered":"https:\/\/jackpotlotteryonline.com\/?page_id=40791"},"modified":"2022-12-28T14:46:47","modified_gmt":"2022-12-28T14:46:47","slug":"la-primitiva","status":"publish","type":"page","link":"https:\/\/jackpotlotteryonline.com\/sl\/zmagovalne-stevilke\/la-primitiva\/","title":{"rendered":"Rezultati \u017erebanja La Primitiva"},"content":{"rendered":"<h2>Kako izbrati dobitne \u0161tevilke La Primitiva<\/h2>\n<p>\u010ce \u017eelite igrati igro La Primitiva, morate najprej izbrati 6 \u0161tevilk iz razpona od 1 do 49. Poleg tega morate izbrati 1 \u0161tevilko od 0 do 9. Ta dodatna \u0161tevilka se imenuje \u0161tevilka Reintegro. Obstaja tudi \u0161tevilka Complemantario, ki se uporablja za dolo\u010ditev nekaterih nagradnih stopenj.<\/p>\n<p>Igralci lahko \u0161tevilke igre La Primitiva izberejo na ve\u010d na\u010dinov. Nekateri raje izberejo \u0161tevilke, ki imajo zanje poseben pomen. Na primer rojstni dan ali obletnico. Drugi izberejo naklju\u010dne \u0161tevilke in upajo, da bo sre\u010da na njihovi strani. Ker je igra La Primitiva, tako kot vsaka loterija, igra sre\u010de, jim tega nih\u010de ne more zameriti.<\/p>\n<section class=\"layout\" style=\"border: solid 1px; width: 100%;\">\n<div class=\"img-div\" style=\"margin-top: 5px;\"><img decoding=\"async\" class=\"wp-image-17212 alignleft\" style=\"height: 45px; margin: 8px 8px 0px;\" src=\"http:\/\/jackpotlotteryonline.com\/wp-content\/uploads\/2022\/11\/read1.jpg\" alt=\"Preberite\" width=\"\" height=\"\" \/><\/div>\n<div style=\"padding-left: 5px;\">\n<div style=\"font-size: 1.1em;\">\n<p><strong>Nasveti za loterijo<\/strong><\/p>\n<p style=\"font-size: 0.85em; margin-top: -1.5em;\">Nasveti, ki vam pomagajo zmagati na loteriji\u00a0<a href=\"https:\/\/jackpotlotteryonline.com\/sl\/nasveti-ki-vam-pomagajo-zmagati-na-loteriji\"> preberi ve\u010d<\/a><\/p>\n<\/div>\n<\/div>\n<\/section>\n<h2>Zmagovalni dobitek La Primitiva<\/h2>\n<p>Loterija La Primitiva ima tri \u017erebanja na teden, in sicer v ponedeljek, \u010detrtek in soboto. Ko izberete svoje \u0161tevilke, je naslednji korak sodelovanje v izbranih \u017erebanjih. Po opravljenih \u017erebanjih na loteriji zmaga tista sre\u010dka, ki se ujema z iz\u017erebanimi rezultati.<\/p>\n<p>Zato je odhod domov z nagrado v veliki meri odvisen od \u0161tevilk, ki ste jih izbrali.<\/p>\n<p>Za osvojitev glavnega dobitka La Primitiva mora igralec ujeti vseh 7 \u0161tevilk (6 glavnih in \u0161tevilko Reintegro). Znesek glavnega dobitka se za\u010dne pri 5 milijonih evrov. \u010ce je dobitnikov ve\u010d, se znesek razdeli med dobitnike. Tukaj so nagrade, ki jih lahko osvojijo igralci.<br \/>\n<img loading=\"lazy\" decoding=\"async\" class=\"alignright size-full wp-image-27671\" src=\"http:\/\/jackpotlotteryonline.com\/wp-content\/uploads\/2022\/11\/1_lottery_online_winner3.jpg\" alt=\"Zmagati La Primitiva\" width=\"300\" height=\"300\" srcset=\"https:\/\/jackpotlotteryonline.com\/wp-content\/uploads\/2022\/11\/1_lottery_online_winner3.jpg 300w, https:\/\/jackpotlotteryonline.com\/wp-content\/uploads\/2022\/11\/1_lottery_online_winner3-100x100.jpg 100w, https:\/\/jackpotlotteryonline.com\/wp-content\/uploads\/2022\/11\/1_lottery_online_winner3-150x150.jpg 150w\" sizes=\"auto, (max-width: 300px) 100vw, 300px\" \/>Jackpot &#8211; ujemanje 6 + Reintegro<\/p>\n<p>Oddelek 1 &#8211; samo tekma 6<\/p>\n<p>divizija 2 &#8211; tekma 5 + brezpla\u010dna \u0161tevilka<\/p>\n<p>Divizija 3 &#8211; samo tekma 5<\/p>\n<p>Divizija 4 &#8211; samo tekma 4<\/p>\n<p>Divizija 5 &#8211; samo tekma 3<\/p>\n<p>Reintegro &#8211; ujemanje samo s \u0161tevilko Reintegro<\/p>\n<h2>Igranje La Primitiva na spletu z jackpotlotteryonline.com<\/h2>\n<p>Ko z nami <a href=\"https:\/\/jackpotlotteryonline.com\/sl\/kako-igrati\/la-primitiva-2\">igrate na loteriji La Primitiva<\/a>, nimate dostopa le do igre La Primitiva, temve\u010d tudi do rezultatov \u017erebanja. Igranje prek spleta odpira svet prilo\u017enosti tako za izku\u0161ene igralce kot za novince. Ponujamo priro\u010den na\u010din za nakup sre\u010dk, preverjanje rezultatov in dostop do va\u0161ih dobitkov. Vendar se bomo temu posvetili v naslednjem trenutku.<\/p>\n<p><a href=\"https:\/\/jackpotlotteryonline.com\/sl\/kupiti-vstopnice\/la-primitiva\">Loterijsko sre\u010dko La Primitiva lahko preprosto kupite<\/a> tako, da obi\u0161\u010dete stran loterije in izberete svoje dobitne \u0161tevilke. \u010ce niste prepri\u010dani, kaj bi izbrali, lahko uporabite na\u0161 samodejni generator za izbiro naklju\u010dnih \u0161tevilk. Nato vnesite \u017erebanja po svoji izbiri in se, \u010de \u0161e niste registrirani pri nas, prijavite za ra\u010dun.<\/p>\n<p>Prijava je bistven korak, saj boste ra\u010dun potrebovali iz naslednjih razlogov:<\/p>\n<ul>\n<li>Za shranjevanje digitalne vstopnice<\/li>\n<li>za nastavitev samodejnih vnosov v \u017erebanja<\/li>\n<li>za prejemanje obvestil, ko osvojite nagrade<\/li>\n<\/ul>\n<h2>Preverite rezultate loterije La Primitiva<\/h2>\n<p>Preverjanje rezultatov igre La Primitiva \u0161e nikoli ni bilo tako enostavno, \u010de igrate z nami prek spleta. Po vsakem \u017erebanju objavimo rezultate \u017erebanja tukaj na na\u0161i strani. Poleg tega vas bomo o dobitku obvestili po elektronski po\u0161ti. Tako vam nikoli ve\u010d ne bo treba zamuditi prevzema nagrade.<\/p>\n<h2>Zahtevanje dobitka<\/h2>\n<p>Morda je najbolj zanimiv del spletnega igranja igre La Primitiva ta, da vam za prevzem dobitkov ni treba v \u0160panijo. Za dobitke, ki so manj\u0161i od 2.500 \u20ac, lahko preprosto izpla\u010date iz na\u0161e platforme na svoj ra\u010dun.<\/p>\n<p>Igrajte loterijo z nami in preverite svoje zmagovalne \u0161tevilke La Primitiva na spletu.<\/p>\n","protected":false},"excerpt":{"rendered":"<p>Kako izbrati dobitne \u0161tevilke La Primitiva \u010ce \u017eelite igrati igro La Primitiva, morate najprej izbrati 6 \u0161tevilk iz razpona od 1 do 49. Poleg tega morate izbrati 1 \u0161tevilko od 0 do 9. Ta dodatna \u0161tevilka se imenuje \u0161tevilka Reintegro. Obstaja tudi \u0161tevilka Complemantario, ki se uporablja za dolo\u010ditev nekaterih nagradnih stopenj. Igralci lahko \u0161tevilke [&hellip;]<\/p>\n","protected":false},"author":1,"featured_media":0,"parent":35854,"menu_order":7,"comment_status":"closed","ping_status":"closed","template":"la-primitiva-results.php","meta":{"_et_pb_use_builder":"","_et_pb_old_content":"","_et_gb_content_width":"","exclude_from_search":false,"footnotes":""},"class_list":["post-40791","page","type-page","status-publish","hentry"],"yoast_head":"<!-- This site is optimized with the Yoast SEO plugin v23.3 - https:\/\/yoast.com\/wordpress\/plugins\/seo\/ -->\n<title>La Primitiva dobitne \u0161tevilke in rezultati \u017erebanja<\/title>\n<meta name=\"description\" content=\"\u0160panska loterija La Primitiva - vsi rezultati \u017erebanj in dobitne \u0161tevilke ter arhiv rezultatov, vse na enem samem spletnem mestu\" \/>\n<meta name=\"robots\" content=\"index, follow, max-snippet:-1, max-image-preview:large, max-video-preview:-1\" \/>\n<link rel=\"canonical\" href=\"https:\/\/jackpotlotteryonline.com\/sl\/zmagovalne-stevilke\/la-primitiva\/\" \/>\n<meta property=\"og:locale\" content=\"sl_SI\" \/>\n<meta property=\"og:type\" content=\"article\" \/>\n<meta property=\"og:title\" content=\"La Primitiva dobitne \u0161tevilke in rezultati \u017erebanja\" \/>\n<meta property=\"og:description\" content=\"\u0160panska loterija La Primitiva - vsi rezultati \u017erebanj in dobitne \u0161tevilke ter arhiv rezultatov, vse na enem samem spletnem mestu\" \/>\n<meta property=\"og:url\" content=\"https:\/\/jackpotlotteryonline.com\/sl\/zmagovalne-stevilke\/la-primitiva\/\" \/>\n<meta property=\"og:site_name\" content=\"Lotto Online - Crack The International Lottery Jackpots\" \/>\n<meta property=\"article:modified_time\" content=\"2022-12-28T14:46:47+00:00\" \/>\n<meta property=\"og:image\" content=\"http:\/\/jackpotlotteryonline.com\/wp-content\/uploads\/2022\/11\/read1.jpg\" \/>\n<meta name=\"twitter:card\" content=\"summary_large_image\" \/>\n<meta name=\"twitter:label1\" content=\"Est. reading time\" \/>\n\t<meta name=\"twitter:data1\" content=\"3 minute\" \/>\n<!-- \/ Yoast SEO plugin. -->","yoast_head_json":{"title":"La Primitiva dobitne \u0161tevilke in rezultati \u017erebanja","description":"\u0160panska loterija La Primitiva - vsi rezultati \u017erebanj in dobitne \u0161tevilke ter arhiv rezultatov, vse na enem samem spletnem mestu","robots":{"index":"index","follow":"follow","max-snippet":"max-snippet:-1","max-image-preview":"max-image-preview:large","max-video-preview":"max-video-preview:-1"},"canonical":"https:\/\/jackpotlotteryonline.com\/sl\/zmagovalne-stevilke\/la-primitiva\/","og_locale":"sl_SI","og_type":"article","og_title":"La Primitiva dobitne \u0161tevilke in rezultati \u017erebanja","og_description":"\u0160panska loterija La Primitiva - vsi rezultati \u017erebanj in dobitne \u0161tevilke ter arhiv rezultatov, vse na enem samem spletnem mestu","og_url":"https:\/\/jackpotlotteryonline.com\/sl\/zmagovalne-stevilke\/la-primitiva\/","og_site_name":"Lotto Online - Crack The International Lottery Jackpots","article_modified_time":"2022-12-28T14:46:47+00:00","og_image":[{"url":"http:\/\/jackpotlotteryonline.com\/wp-content\/uploads\/2022\/11\/read1.jpg"}],"twitter_card":"summary_large_image","twitter_misc":{"Est. reading time":"3 minute"},"schema":{"@context":"https:\/\/schema.org","@graph":[{"@type":"WebPage","@id":"https:\/\/jackpotlotteryonline.com\/sl\/zmagovalne-stevilke\/la-primitiva\/","url":"https:\/\/jackpotlotteryonline.com\/sl\/zmagovalne-stevilke\/la-primitiva\/","name":"La Primitiva dobitne \u0161tevilke in rezultati \u017erebanja","isPartOf":{"@id":"https:\/\/jackpotlotteryonline.com\/#website"},"primaryImageOfPage":{"@id":"https:\/\/jackpotlotteryonline.com\/sl\/zmagovalne-stevilke\/la-primitiva\/#primaryimage"},"image":{"@id":"https:\/\/jackpotlotteryonline.com\/sl\/zmagovalne-stevilke\/la-primitiva\/#primaryimage"},"thumbnailUrl":"http:\/\/jackpotlotteryonline.com\/wp-content\/uploads\/2022\/11\/read1.jpg","datePublished":"2022-12-06T10:37:41+00:00","dateModified":"2022-12-28T14:46:47+00:00","description":"\u0160panska loterija La Primitiva - vsi rezultati \u017erebanj in dobitne \u0161tevilke ter arhiv rezultatov, vse na enem samem spletnem mestu","breadcrumb":{"@id":"https:\/\/jackpotlotteryonline.com\/sl\/zmagovalne-stevilke\/la-primitiva\/#breadcrumb"},"inLanguage":"sl-SI","potentialAction":[{"@type":"ReadAction","target":["https:\/\/jackpotlotteryonline.com\/sl\/zmagovalne-stevilke\/la-primitiva\/"]}]},{"@type":"ImageObject","inLanguage":"sl-SI","@id":"https:\/\/jackpotlotteryonline.com\/sl\/zmagovalne-stevilke\/la-primitiva\/#primaryimage","url":"http:\/\/jackpotlotteryonline.com\/wp-content\/uploads\/2022\/11\/read1.jpg","contentUrl":"http:\/\/jackpotlotteryonline.com\/wp-content\/uploads\/2022\/11\/read1.jpg"},{"@type":"BreadcrumbList","@id":"https:\/\/jackpotlotteryonline.com\/sl\/zmagovalne-stevilke\/la-primitiva\/#breadcrumb","itemListElement":[{"@type":"ListItem","position":1,"name":"Home","item":"https:\/\/jackpotlotteryonline.com\/sl\/"},{"@type":"ListItem","position":2,"name":"Loterija rezultati","item":"https:\/\/jackpotlotteryonline.com\/sl\/zmagovalne-stevilke\/"},{"@type":"ListItem","position":3,"name":"Rezultati \u017erebanja La Primitiva"}]},{"@type":"WebSite","@id":"https:\/\/jackpotlotteryonline.com\/#website","url":"https:\/\/jackpotlotteryonline.com\/","name":"Lotto Online - Crack The International Lottery Jackpots","description":"","potentialAction":[{"@type":"SearchAction","target":{"@type":"EntryPoint","urlTemplate":"https:\/\/jackpotlotteryonline.com\/?s={search_term_string}"},"query-input":"required name=search_term_string"}],"inLanguage":"sl-SI"}]}},"_links":{"self":[{"href":"https:\/\/jackpotlotteryonline.com\/sl\/wp-json\/wp\/v2\/pages\/40791","targetHints":{"allow":["GET"]}}],"collection":[{"href":"https:\/\/jackpotlotteryonline.com\/sl\/wp-json\/wp\/v2\/pages"}],"about":[{"href":"https:\/\/jackpotlotteryonline.com\/sl\/wp-json\/wp\/v2\/types\/page"}],"author":[{"embeddable":true,"href":"https:\/\/jackpotlotteryonline.com\/sl\/wp-json\/wp\/v2\/users\/1"}],"replies":[{"embeddable":true,"href":"https:\/\/jackpotlotteryonline.com\/sl\/wp-json\/wp\/v2\/comments?post=40791"}],"version-history":[{"count":0,"href":"https:\/\/jackpotlotteryonline.com\/sl\/wp-json\/wp\/v2\/pages\/40791\/revisions"}],"up":[{"embeddable":true,"href":"https:\/\/jackpotlotteryonline.com\/sl\/wp-json\/wp\/v2\/pages\/35854"}],"wp:attachment":[{"href":"https:\/\/jackpotlotteryonline.com\/sl\/wp-json\/wp\/v2\/media?parent=40791"}],"curies":[{"name":"wp","href":"https:\/\/api.w.org\/{rel}","templated":true}]}}