{"id":40849,"date":"2022-12-07T07:00:56","date_gmt":"2022-12-07T07:00:56","guid":{"rendered":"https:\/\/jackpotlotteryonline.com\/?page_id=40849"},"modified":"2022-12-28T12:53:09","modified_gmt":"2022-12-28T12:53:09","slug":"el-gordo-draw-results","status":"publish","type":"page","link":"https:\/\/jackpotlotteryonline.com\/sl\/zmagovalne-stevilke\/el-gordo-draw-results\/","title":{"rendered":"Rezultati \u017erebanja v El Gordo"},"content":{"rendered":"<p>Loterijski navdu\u0161enci so navdu\u0161eni, ko sli\u0161ijo za El Gordo, pa ne le zato, ker gre za eno najve\u010djih evropskih loterij. El Gordo je mati vseh loterij \u017ee zaradi preprostega dejstva, da \u017erebanja potekajo enkrat na leto. Pravzaprav gre za del \u0161panske loterije, ki vsako leto organizira posebno bo\u017ei\u010dno \u017erebanje. To je dogodek, ki je poln vznemirjenja in pre\u017eet s tradicijo. Zdru\u017euje dru\u017eine, soseske in celotne skupnosti, da skupaj praznujejo prazni\u010dni \u010das. Za igralce v \u0160paniji je bo\u017ei\u010dni \u010das \u010das, ko je treba iskati dobitne \u0161tevilke El Gordo.<\/p>\n<p>El Gordo je tipi\u010dna loterija, ki poteka v \u0160paniji. \u010ce ne bi \u017eiveli v tej dr\u017eavi, bi te\u017eko kupili sre\u010dke El Gordo. To se je spremenilo, saj lahko zdaj zmagovalne \u0161tevilke El Gordo preverite na internetu.<\/p>\n<h2>Igranje igre El Gordo<\/h2>\n<p><img loading=\"lazy\" decoding=\"async\" class=\"alignright size-full wp-image-17870\" src=\"https:\/\/jackpotlotteryonline.com\/wp-content\/uploads\/2022\/10\/lotto_euros.jpg\" alt=\"Igranje igre El Gordo\" width=\"225\" height=\"134\" \/>El Gordo pomeni &#8220;veliki&#8221; in je najve\u010dji glavni dobitek na svetu. Posebnost te loterije je, da je glavni dobitek zdaj osvojila le ena oseba. To je zato, ker so sre\u010dke razdeljene na toliko del\u010dkov. Pravzaprav je to tisti del igranja El Gordo, ki je lahko nekoliko zmeden. Vsaka sre\u010dka El Gordo je razdeljena na 10 delov, vsak od teh delov pa je razdeljen \u0161e naprej.<\/p>\n<p>Najcenej\u0161a vstopnica El Gordo, ki jo lahko kupite, je 1\/100 celotne vstopnice.<\/p>\n<p>\u010ce \u017eelite izvedeti ve\u010d o <a href=\"https:\/\/jackpotlotteryonline.com\/sk\/ako-hrat\/el-gordo\">igranju El Gordo<\/a>, obi\u0161\u010dite spletno stran jackpotlotteryonline.com in <a href=\"https:\/\/jackpotlotteryonline.com\/sk\/kupit-vstupenky\/el-gordo\">kupite vstopnice zdaj<\/a>. Igranje igre El Gordo je zelo zabavno, \u0161e posebej, \u010de igrate prek spleta.<\/p>\n<h2>Igranje prek spleta<\/h2>\n<p>\u010ce ste pripravljeni sodelovati na loteriji El Gordo, obi\u0161\u010dite na\u0161o spletno stran in izberite svoje dobitne \u0161tevilke. Vse, kar morate storiti, je, da izberete 6 od 1 do 49. Seveda lahko pustite, da to namesto vas stori na\u0161 samodejni izbirnik, \u010de nimate ni\u010desar posebnega, kar bi \u017eeleli igrati. Nato vstopite v \u017erebanje in po\u010dakajte na rezultate dobitka El Gordo.<\/p>\n<h2>Kako osvojiti El Gordo<\/h2>\n<p>Dobitek El Gordo preprosto pomeni, da imate zmagovalno kombinacijo. \u010ce se torej va\u0161e \u0161tevilke ujemajo z iz\u017erebanimi, ste zmagovalec loterije El Gordo.<\/p>\n<p>Obstaja ve\u010d strategij, ki jih igralci uporabljajo za izbiro zmagovalnih kombinacij za El Gordo. Ena od teh je izbira \u0161tevilk, za katere menijo, da so sre\u010dne. Za nekatere so to njihovi rojstni dnevi ali rojstni dnevi bli\u017enjih. Lahko pa je to katera koli \u0161tevilka, ki je za vas posebna. Drugi igralci se raje v celoti zana\u0161ajo na naklju\u010dno generirane \u0161tevilke. Vse, kar izberete, je odvisno od vas.<\/p>\n<p>Drug na\u010din za izbiro zmagovalne kombinacije za El Gordo je, da si ogledate pretekle rezultate. To vam bo v pomo\u010d zlasti, \u010de igrate pogosto. Za veliko igralcev je nakup ve\u010d sre\u010dk vedno dober na\u010drt. Vedno lahko oblikujete skupino prijateljev ali dru\u017eine in kupite vstopnice El Gordo.<\/p>\n<h2>Kako preveriti zmagovalne \u0161tevilke<\/h2>\n<p><img loading=\"lazy\" decoding=\"async\" class=\"alignright size-full wp-image-30668\" src=\"https:\/\/jackpotlotteryonline.com\/wp-content\/uploads\/2022\/11\/3_screen_lottery_results_online.jpg\" alt=\"Zmagovalna \u0161tevilka El Gordo\" width=\"130\" height=\"120\" \/>Ko ste kupili sre\u010dko El Gordo, morate po\u010dakati na \u017erebanja El Gordo. Po \u017erebanjih je pomembno, da preverite zmagovalne kombinacije. Obstaja ve\u010d zgodb o glavnih dobitkih, ki so ostali neprevzeti, ker zmagovalci niso preverili svojih sre\u010dk. \u010ce igrate z nami, vam nikoli ne bo treba skrbeti, da bi se vam to zgodilo.<\/p>\n<p>Po vsakem \u017erebanju objavimo zmagovalne rezultate tukaj na strani El Gordo. Ena od napak novih igralcev na loteriji je, da ne preverijo, ali so osvojili tudi druge nagrade.<\/p>\n<p>Loterija El Gordo ima 17 razli\u010dnih nagradnih stopenj in igralec lahko osvoji katero koli od njih. \u010ce igrate z nami, vas bomo obvestili, \u010de ste dobitnik katere od nagrad. To storimo prek e-po\u0161te, poleg tega boste prejeli obvestilo, ko se prijavite v platformo.<\/p>\n<h2>Kaj se zgodi, \u010de zmaga\u0161?<\/h2>\n<p>Zmaga v igri El Gordo je \u010dudovita izku\u0161nja, saj imate ob\u010dutek, da ste bili del ne\u010desa velikega. Nekako tako, kot da ste del zgodovine, ki se \u0161ele ustvarja. \u0160e ve\u010dji ob\u010dutek je, \u010de ste vstopnice za El Gordo kupili skupaj s sodelavci, prijatelji ali dru\u017eino. Takrat se lahko vsi skupaj odpravite proslavit zmago.<\/p>\n<p>\u010ce igrate na na\u0161em spletnem mestu, je izpla\u010dilo dobitka El Gordo zelo preprosto. Svoj dobitek morate samo izpla\u010dati na svoj spletni ra\u010dun. \u010ce ste osvojili ve\u010d kot dolo\u010den znesek, boste morda morali izpolniti obrazec za zahtevek, da bi od loterijskega podjetja dobili svoj dobitek. Zato smo tukaj, da vam olaj\u0161amo delo.<\/p>\n<section class=\"layout\" style=\"border: solid 1px; width: 100%;\">\n<div class=\"img-div\" style=\"margin-top: 5px;\"><img decoding=\"async\" class=\"wp-image-17212 alignleft\" style=\"height: 45px; margin: 8px 8px 0px;\" src=\"https:\/\/jackpotlotteryonline.com\/wp-content\/uploads\/2022\/11\/read1.jpg\" alt=\"Preberite\" width=\"\" height=\"\" \/><\/div>\n<div style=\"padding-left: 5px;\">\n<div style=\"font-size: 1.1em;\">\n<p><strong>Davki na loterijske dobitke<\/strong><\/p>\n<p style=\"font-size: 0.85em; margin-top: -1.5em;\">Ali moram pla\u010dati davke na loterijske dobitke?\u00a0<a href=\"https:\/\/jackpotlotteryonline.com\/sl\/moram-placati-davke-na-loterijske-dobitke\"> preberi ve\u010d<\/a><\/p>\n<\/div>\n<\/div>\n<\/section>\n<h2>Zakaj bi morali igrati El Gordo na spletu z nami<\/h2>\n<p>Obstaja veliko razlogov, zakaj na\u0161e stranke rade igrajo loterijo pri nas.<\/p>\n<ul>\n<li>Nakup loterijske sre\u010dke El Gordo je tako enostaven, kot je le nekaj dotikov va\u0161e mobilne naprave. Brez stresa in popolnoma priro\u010dno.<\/li>\n<li>Svoje El Gordo dobitne kombinacije lahko preverite kar tukaj, ne da bi \u0161li kam drugam.<\/li>\n<li>Opozorili vas bomo takoj, ko boste osvojili nagrado, ne glede na njen znesek.<\/li>\n<li>\u010ce osvojite katero koli nagrado, jo lahko na na\u0161i platformi izpla\u010date na svoj ra\u010dun.<\/li>\n<\/ul>\n<p>Na\u0161im strankam dobesedno olaj\u0161amo zabavo in u\u017eivanje ob igranju loterije. Resnica je, da je v \u017eivljenju toliko drugih stvari, ki so te\u017eke, da zmagi na loteriji ni treba biti ena od njih.<\/p>\n<h2>Preverite svoje zmagovalne \u0161tevilke<\/h2>\n<p>Preden kupite sre\u010dko, morate vedeti, da na\u0161im strankam omogo\u010damo dostop do pravih \u0161tevilk. Ko igrate z nami, ne stavite le na izid loterije. Zagotavljamo vam, da ste se udele\u017eili loterije. To storimo tako, da izvajamo sistem concierge, v katerem na\u0161 zastopnik v \u0160paniji kupi \u0161tevilke, ki ustrezajo va\u0161im.<\/p>\n<p>Ko imate zmagovalne \u0161tevilke El Gordo, to pomeni, da ste zmagali na loteriji. To je res tako preprosto. Trudimo se, da vam ni treba skrbeti za podrobnosti. Zato poskrbimo za malenkosti, da se lahko osredoto\u010dite na tisto, kar je za vas najpomembnej\u0161e.<\/p>\n<p>Obi\u0161\u010dite nas \u0161e danes in preverite zmagovalne \u0161tevilke najbolj\u0161ih mednarodnih loterij tukaj. Ali pa kupite sre\u010dke El Gordo in jih vrnite za dobitne \u0161tevilke.<\/p>\n","protected":false},"excerpt":{"rendered":"<p>Loterijski navdu\u0161enci so navdu\u0161eni, ko sli\u0161ijo za El Gordo, pa ne le zato, ker gre za eno najve\u010djih evropskih loterij. El Gordo je mati vseh loterij \u017ee zaradi preprostega dejstva, da \u017erebanja potekajo enkrat na leto. Pravzaprav gre za del \u0161panske loterije, ki vsako leto organizira posebno bo\u017ei\u010dno \u017erebanje. To je dogodek, ki je poln [&hellip;]<\/p>\n","protected":false},"author":1,"featured_media":0,"parent":35854,"menu_order":6,"comment_status":"closed","ping_status":"closed","template":"el-gordo-results.php","meta":{"_et_pb_use_builder":"","_et_pb_old_content":"","_et_gb_content_width":"","exclude_from_search":false,"footnotes":""},"class_list":["post-40849","page","type-page","status-publish","hentry"],"yoast_head":"<!-- This site is optimized with the Yoast SEO plugin v23.3 - https:\/\/yoast.com\/wordpress\/plugins\/seo\/ -->\n<title>El Gordo zmagovalne \u0161tevilke in rezultati \u017erebanja<\/title>\n<meta name=\"description\" content=\"Rezultati, dobitne \u0161tevilke za \u017erebanje El Gordo - ta teden in rezultati preteklega tedna\" \/>\n<meta name=\"robots\" content=\"index, follow, max-snippet:-1, max-image-preview:large, max-video-preview:-1\" \/>\n<link rel=\"canonical\" href=\"https:\/\/jackpotlotteryonline.com\/sl\/zmagovalne-stevilke\/el-gordo-draw-results\/\" \/>\n<meta property=\"og:locale\" content=\"sl_SI\" \/>\n<meta property=\"og:type\" content=\"article\" \/>\n<meta property=\"og:title\" content=\"El Gordo zmagovalne \u0161tevilke in rezultati \u017erebanja\" \/>\n<meta property=\"og:description\" content=\"Rezultati, dobitne \u0161tevilke za \u017erebanje El Gordo - ta teden in rezultati preteklega tedna\" \/>\n<meta property=\"og:url\" content=\"https:\/\/jackpotlotteryonline.com\/sl\/zmagovalne-stevilke\/el-gordo-draw-results\/\" \/>\n<meta property=\"og:site_name\" content=\"Lotto Online - Crack The International Lottery Jackpots\" \/>\n<meta property=\"article:modified_time\" content=\"2022-12-28T12:53:09+00:00\" \/>\n<meta property=\"og:image\" content=\"https:\/\/jackpotlotteryonline.com\/wp-content\/uploads\/2022\/10\/lotto_euros.jpg\" \/>\n<meta name=\"twitter:card\" content=\"summary_large_image\" \/>\n<meta name=\"twitter:label1\" content=\"Est. reading time\" \/>\n\t<meta name=\"twitter:data1\" content=\"5 minut\" \/>\n<!-- \/ Yoast SEO plugin. -->","yoast_head_json":{"title":"El Gordo zmagovalne \u0161tevilke in rezultati \u017erebanja","description":"Rezultati, dobitne \u0161tevilke za \u017erebanje El Gordo - ta teden in rezultati preteklega tedna","robots":{"index":"index","follow":"follow","max-snippet":"max-snippet:-1","max-image-preview":"max-image-preview:large","max-video-preview":"max-video-preview:-1"},"canonical":"https:\/\/jackpotlotteryonline.com\/sl\/zmagovalne-stevilke\/el-gordo-draw-results\/","og_locale":"sl_SI","og_type":"article","og_title":"El Gordo zmagovalne \u0161tevilke in rezultati \u017erebanja","og_description":"Rezultati, dobitne \u0161tevilke za \u017erebanje El Gordo - ta teden in rezultati preteklega tedna","og_url":"https:\/\/jackpotlotteryonline.com\/sl\/zmagovalne-stevilke\/el-gordo-draw-results\/","og_site_name":"Lotto Online - Crack The International Lottery Jackpots","article_modified_time":"2022-12-28T12:53:09+00:00","og_image":[{"url":"https:\/\/jackpotlotteryonline.com\/wp-content\/uploads\/2022\/10\/lotto_euros.jpg"}],"twitter_card":"summary_large_image","twitter_misc":{"Est. reading time":"5 minut"},"schema":{"@context":"https:\/\/schema.org","@graph":[{"@type":"WebPage","@id":"https:\/\/jackpotlotteryonline.com\/sl\/zmagovalne-stevilke\/el-gordo-draw-results\/","url":"https:\/\/jackpotlotteryonline.com\/sl\/zmagovalne-stevilke\/el-gordo-draw-results\/","name":"El Gordo zmagovalne \u0161tevilke in rezultati \u017erebanja","isPartOf":{"@id":"https:\/\/jackpotlotteryonline.com\/#website"},"primaryImageOfPage":{"@id":"https:\/\/jackpotlotteryonline.com\/sl\/zmagovalne-stevilke\/el-gordo-draw-results\/#primaryimage"},"image":{"@id":"https:\/\/jackpotlotteryonline.com\/sl\/zmagovalne-stevilke\/el-gordo-draw-results\/#primaryimage"},"thumbnailUrl":"https:\/\/jackpotlotteryonline.com\/wp-content\/uploads\/2022\/10\/lotto_euros.jpg","datePublished":"2022-12-07T07:00:56+00:00","dateModified":"2022-12-28T12:53:09+00:00","description":"Rezultati, dobitne \u0161tevilke za \u017erebanje El Gordo - ta teden in rezultati preteklega tedna","breadcrumb":{"@id":"https:\/\/jackpotlotteryonline.com\/sl\/zmagovalne-stevilke\/el-gordo-draw-results\/#breadcrumb"},"inLanguage":"sl-SI","potentialAction":[{"@type":"ReadAction","target":["https:\/\/jackpotlotteryonline.com\/sl\/zmagovalne-stevilke\/el-gordo-draw-results\/"]}]},{"@type":"ImageObject","inLanguage":"sl-SI","@id":"https:\/\/jackpotlotteryonline.com\/sl\/zmagovalne-stevilke\/el-gordo-draw-results\/#primaryimage","url":"https:\/\/jackpotlotteryonline.com\/wp-content\/uploads\/2022\/10\/lotto_euros.jpg","contentUrl":"https:\/\/jackpotlotteryonline.com\/wp-content\/uploads\/2022\/10\/lotto_euros.jpg"},{"@type":"BreadcrumbList","@id":"https:\/\/jackpotlotteryonline.com\/sl\/zmagovalne-stevilke\/el-gordo-draw-results\/#breadcrumb","itemListElement":[{"@type":"ListItem","position":1,"name":"Home","item":"https:\/\/jackpotlotteryonline.com\/sl\/"},{"@type":"ListItem","position":2,"name":"Loterija rezultati","item":"https:\/\/jackpotlotteryonline.com\/sl\/zmagovalne-stevilke\/"},{"@type":"ListItem","position":3,"name":"Rezultati \u017erebanja v El Gordo"}]},{"@type":"WebSite","@id":"https:\/\/jackpotlotteryonline.com\/#website","url":"https:\/\/jackpotlotteryonline.com\/","name":"Lotto Online - Crack The International Lottery Jackpots","description":"","potentialAction":[{"@type":"SearchAction","target":{"@type":"EntryPoint","urlTemplate":"https:\/\/jackpotlotteryonline.com\/?s={search_term_string}"},"query-input":"required name=search_term_string"}],"inLanguage":"sl-SI"}]}},"_links":{"self":[{"href":"https:\/\/jackpotlotteryonline.com\/sl\/wp-json\/wp\/v2\/pages\/40849","targetHints":{"allow":["GET"]}}],"collection":[{"href":"https:\/\/jackpotlotteryonline.com\/sl\/wp-json\/wp\/v2\/pages"}],"about":[{"href":"https:\/\/jackpotlotteryonline.com\/sl\/wp-json\/wp\/v2\/types\/page"}],"author":[{"embeddable":true,"href":"https:\/\/jackpotlotteryonline.com\/sl\/wp-json\/wp\/v2\/users\/1"}],"replies":[{"embeddable":true,"href":"https:\/\/jackpotlotteryonline.com\/sl\/wp-json\/wp\/v2\/comments?post=40849"}],"version-history":[{"count":0,"href":"https:\/\/jackpotlotteryonline.com\/sl\/wp-json\/wp\/v2\/pages\/40849\/revisions"}],"up":[{"embeddable":true,"href":"https:\/\/jackpotlotteryonline.com\/sl\/wp-json\/wp\/v2\/pages\/35854"}],"wp:attachment":[{"href":"https:\/\/jackpotlotteryonline.com\/sl\/wp-json\/wp\/v2\/media?parent=40849"}],"curies":[{"name":"wp","href":"https:\/\/api.w.org\/{rel}","templated":true}]}}