{"id":40902,"date":"2022-12-07T09:11:30","date_gmt":"2022-12-07T09:11:30","guid":{"rendered":"https:\/\/jackpotlotteryonline.com\/?page_id=40902"},"modified":"2022-12-28T18:49:53","modified_gmt":"2022-12-28T18:49:53","slug":"german-lotto","status":"publish","type":"page","link":"https:\/\/jackpotlotteryonline.com\/sl\/zmagovalne-stevilke\/german-lotto\/","title":{"rendered":"Nem\u0161ki Lotto \u010drpanje rezultati"},"content":{"rendered":"<p>Rezultati \u017erebanja nem\u0161ke igre Lotto\u010ce ste \u017ee <a href=\"https:\/\/jackpotlotteryonline.com\/sl\/kako-igrati\/german-lotto\">igrali nem\u0161ko igro Lotto<\/a> ali jo \u017eelite preizkusiti, je preverjanje dobitnih \u0161tevilk bistvenega pomena. Zmaga na loteriji je izku\u0161nja, ki vam spremeni \u017eivljenje.<\/p>\n<p>Znana je pod imenom 6 aus 49 ali 6 od 49 in je ena najbolj priljubljenih loterij v Evropi. Ta nem\u0161ka loterija z neverjetnimi mo\u017enostmi in glavnimi dobitki, ki spreminjajo \u017eivljenja, ima devet razli\u010dnih nagradnih stopenj.<\/p>\n<p>Igranje je preprosto in zdaj lahko v nem\u0161ki loto vstopite od koder koli na svetu. Ko igrate na jackpotlottoonline.com, lahko preverite tudi svoje zmagovalne \u0161tevilke.<\/p>\n<h2>Kako igrati nem\u0161ki loto<\/h2>\n<p><img loading=\"lazy\" decoding=\"async\" class=\"alignright size-medium wp-image-29156\" src=\"http:\/\/jackpotlotteryonline.com\/wp-content\/uploads\/2022\/11\/1_play_lotto_to_win-300x214.jpg\" alt=\"Vstopite v nem\u0161ki loto in osvojite nagrade\" width=\"300\" height=\"214\" srcset=\"https:\/\/jackpotlotteryonline.com\/wp-content\/uploads\/2022\/11\/1_play_lotto_to_win-300x214.jpg 300w, https:\/\/jackpotlotteryonline.com\/wp-content\/uploads\/2022\/11\/1_play_lotto_to_win.jpg 320w\" sizes=\"auto, (max-width: 300px) 100vw, 300px\" \/>Na\u010deloma morajo igralci samo izbrati 6 \u0161tevilk iz razpona od 1 do 49 in kdor se ujema z iz\u017erebanimi rezultati, osvoji glavni dobitek. Na voljo je tudi dodatna \u0161tevilka, imenovana super \u0161tevilka. Ta se izbere naklju\u010dno in se uporabi za dolo\u010ditev zmagovalcev treh vrst, vklju\u010dno z glavnim dobitkom.<\/p>\n<p>Znesek glavnega dobitka je zajam\u010den milijon evrov, \u010de pa po \u017erebanjih ni zmagovalca, se jackpot obrne. Glavni dobitek nem\u0161kega lota lahko dose\u017ee 14.000.000 evrov, kar je po na\u0161em mnenju zelo dobro.<\/p>\n<h2>Igranje na jackpotlottoonline.com<\/h2>\n<p>Ko <a href=\"https:\/\/jackpotlotteryonline.com\/sl\/kupiti-vstopnice\/lotto-germany\">pri nas kupite sre\u010dko,<\/a> dejansko sodelujete v igri loto. Ne delujemo tako kot nekatere spletne strani za loto, ki igralcem ponujajo le mo\u017enost, da stavijo na izid. \u010ce stavite na izid, tudi \u010de dobite zmagovalne \u0161tevilke, ne zmagate v lotu.<\/p>\n<p>Mi smo portfelsko spletno mesto, ki svojim strankam omogo\u010da vstop v loterije z vsega sveta. Ko prek spleta kupite nem\u0161ko sre\u010dko loto, bodo na\u0161i zastopniki v dr\u017eavi kupili fizi\u010dno sre\u010dko. Fizi\u010dna nem\u0161ka lotto sre\u010dka bo imela enake \u0161tevilke kot tiste, ki ste jih izbrali. Nato jo bomo skenirali v va\u0161 ra\u010dun.<\/p>\n<p><strong>\u010ce \u017eelite igrati lotto z nami:<\/strong><\/p>\n<ul>\n<li>Izberite 6 \u0161tevilk od 49. Uporabite lahko tudi na\u0161 samodejni generator za izbiro naklju\u010dnih \u0161tevilk lota.<\/li>\n<li>Vstopite v \u017erebanja. Vnesete lahko eno ali ve\u010d \u017erebanj.<\/li>\n<li>Izberite, koliko tednov vnaprej \u017eelite igrati (lahko pa igrate samo enkrat).<\/li>\n<li>Registrirajte se za obdelavo va\u0161ega pla\u010dila (to je zato, da vas lahko opozorimo, ko zmagate v igri loto).<\/li>\n<\/ul>\n<h2>Zmaga v nem\u0161kem lotu (razdelitev nagrad)<\/h2>\n<p><img loading=\"lazy\" decoding=\"async\" class=\"alignright size-medium wp-image-28616\" src=\"http:\/\/jackpotlotteryonline.com\/wp-content\/uploads\/2022\/11\/1_online_lotto-300x128.jpg\" alt=\"Igrajte nem\u0161ki loto\" width=\"300\" height=\"128\" srcset=\"https:\/\/jackpotlotteryonline.com\/wp-content\/uploads\/2022\/11\/1_online_lotto-300x128.jpg 300w, https:\/\/jackpotlotteryonline.com\/wp-content\/uploads\/2022\/11\/1_online_lotto.jpg 320w\" sizes=\"auto, (max-width: 300px) 100vw, 300px\" \/>Omenili smo \u017ee, da ima ta evropski loto 9 razli\u010dnih nagradnih stopenj. To je veliko nagrad, ki jih igralec lahko osvoji, kar pojasnjuje, zakaj je ta loto na celini tako priljubljen. Verjetnost za osvojitev glavnega dobitka je 1 proti 139.838.160.<\/p>\n<p>Z vami bomo delili razdelitev nagrad za razli\u010dne nagradne stopnje ter kvote za vsako stopnjo. Prav tako bomo vklju\u010dili ocenjeno nagrado za vsak razdelek. Nagrade so dolo\u010dene s celotnim skladom lota, vendar je na podlagi preteklih dobitkov mogo\u010de dobiti pribli\u017eno \u0161tevilko.<\/p>\n<p>Stopnja 1: 6 + super\u0161tevilka &#8211; 12 585 434,40 EUR (glavni dobitek) &#8211; 1:139 838 160<\/p>\n<p>Stopnja 2: samo 6 \u0161tevilk &#8211; 1 003 509,30 EUR &#8211; 1: 15 537 573<\/p>\n<p>Stopnja 3: 5 + super\u0161tevilka &#8211; 12 135,40 \u20ac &#8211; 1: 524 008<\/p>\n<p>Stopnja 4: samo 5 \u0161tevilk &#8211; 4.019,20 EUR &#8211; 1: 60.223<\/p>\n<p>Stopnja 5: 4 + super\u0161tevilka &#8211; 191,10 EUR &#8211; 1:10,324<\/p>\n<p>Stopnja 6: samo 4 \u0161tevilke &#8211; 50,30 EUR &#8211; 1:1,147<\/p>\n<p>Stopnja 7: 3 + super\u0161tevilka &#8211; 21,20 EUR &#8211; 1:567<\/p>\n<p>Stopnja 8: samo 3 \u0161tevilke &#8211; 11,10 EUR &#8211; 1:63<\/p>\n<p>Stopnja 9: 2 + super\u0161tevilka &#8211; 6 EUR &#8211; 1:76<\/p>\n<section class=\"layout\" style=\"border: solid 1px; width: 100%;\">\n<div class=\"img-div\" style=\"margin-top: 5px;\"><img decoding=\"async\" class=\"wp-image-17212 alignleft\" style=\"height: 45px; margin: 8px 8px 0px;\" src=\"http:\/\/jackpotlotteryonline.com\/wp-content\/uploads\/2022\/11\/read1.jpg\" alt=\"Preberite\" width=\"\" height=\"\" \/><\/div>\n<div style=\"padding-left: 5px;\">\n<div style=\"font-size: 1.1em;\">\n<p><strong>Va\u0161a nacionalna loterija v mednarodni primerjavi<\/strong><\/p>\n<p style=\"font-size: 0.85em; margin-top: -1.5em;\">Va\u0161a lokalna loterija je lahko najslab\u0161a mo\u017enost &#8211; zakaj je bolj smiselno pla\u010dati ve\u010d, a se odlo\u010diti za ve\u010dje dobitke <a href=\"https:\/\/jackpotlotteryonline.com\/sl\/vasa-mestna-loterija-v-mednarodni-primerjavi\">preberi ve\u010d<\/a><\/p>\n<\/div>\n<\/div>\n<\/section>\n<h2>Preverite svoje dobitne \u0161tevilke na spletu<\/h2>\n<p>Tako kot je igranje nem\u0161kega lota izjemno preprosto, smo poenostavili tudi postopek preverjanja rezultatov. \u010ce igrate ta loto, lahko svoje dobitne \u0161tevilke preprosto preverite na spletu. Po vsakem \u017erebanju preverite, ali ste prejeli nagrado. Rezultate \u017erebanj objavljamo tukaj.<\/p>\n<p>Toda tudi \u010de po \u017erebanjih pozabite preveriti, vas bomo obvestili, \u010de ste osvojili kak\u0161no nagrado. Na to vas bomo opozorili ne le prek va\u0161ega ra\u010duna, temve\u010d vam bomo poslali tudi elektronsko sporo\u010dilo.<\/p>\n<h2>Kako zahtevate nagrado<\/h2>\n<p>Nem\u0161ka \u017erebanja lota potekajo enkrat na teden ob sredah. Po \u017erebanjih bodo objavljene zmagovalne \u0161tevilke. Zmaga na loteriji pomeni le, da imate sre\u010dko, ki se ujema z iz\u017erebanimi rezultati.<\/p>\n<p>\u010ce osvojite nagrado, jo lahko preprosto prevzamete tako, da jo z na\u0161e platforme dvignete na svoj ra\u010dun. Tako je. Vsako nagrado, ki je ni\u017eja od 2 500 EUR, lahko izpla\u010date neposredno na svoj ra\u010dun.<\/p>\n<p>Za zneske, ki presegajo 2.500 \u20ac, boste morda morali izpolniti obrazec za zahtevek, ki ga izda podjetje za loto. Vendar vas bomo vodili skozi postopek. \u010ce torej \u0161e niste kupili nem\u0161ke sre\u010dke Loto, to storite zdaj. In ne pozabite preveriti dobitnih \u0161tevilk.<\/p>\n","protected":false},"excerpt":{"rendered":"<p>Rezultati \u017erebanja nem\u0161ke igre Lotto\u010ce ste \u017ee igrali nem\u0161ko igro Lotto ali jo \u017eelite preizkusiti, je preverjanje dobitnih \u0161tevilk bistvenega pomena. Zmaga na loteriji je izku\u0161nja, ki vam spremeni \u017eivljenje. Znana je pod imenom 6 aus 49 ali 6 od 49 in je ena najbolj priljubljenih loterij v Evropi. Ta nem\u0161ka loterija z neverjetnimi mo\u017enostmi [&hellip;]<\/p>\n","protected":false},"author":1,"featured_media":0,"parent":35854,"menu_order":8,"comment_status":"closed","ping_status":"closed","template":"lotto-german-results.php","meta":{"_et_pb_use_builder":"","_et_pb_old_content":"","_et_gb_content_width":"","exclude_from_search":false,"footnotes":""},"class_list":["post-40902","page","type-page","status-publish","hentry"],"yoast_head":"<!-- This site is optimized with the Yoast SEO plugin v23.3 - https:\/\/yoast.com\/wordpress\/plugins\/seo\/ -->\n<title>Nem\u0161ki Lotto zmagovalne \u0161tevilke in rezultati \u017erebanja<\/title>\n<meta name=\"description\" content=\"Tukaj so navedene vse sedanje in pretekle dobitne \u0161tevilke, rezultati \u017erebanja za Nem\u0161ki loto\" \/>\n<meta name=\"robots\" content=\"index, follow, max-snippet:-1, max-image-preview:large, max-video-preview:-1\" \/>\n<link rel=\"canonical\" href=\"https:\/\/jackpotlotteryonline.com\/sl\/zmagovalne-stevilke\/german-lotto\/\" \/>\n<meta property=\"og:locale\" content=\"sl_SI\" \/>\n<meta property=\"og:type\" content=\"article\" \/>\n<meta property=\"og:title\" content=\"Nem\u0161ki Lotto zmagovalne \u0161tevilke in rezultati \u017erebanja\" \/>\n<meta property=\"og:description\" content=\"Tukaj so navedene vse sedanje in pretekle dobitne \u0161tevilke, rezultati \u017erebanja za Nem\u0161ki loto\" \/>\n<meta property=\"og:url\" content=\"https:\/\/jackpotlotteryonline.com\/sl\/zmagovalne-stevilke\/german-lotto\/\" \/>\n<meta property=\"og:site_name\" content=\"Lotto Online - Crack The International Lottery Jackpots\" \/>\n<meta property=\"article:modified_time\" content=\"2022-12-28T18:49:53+00:00\" \/>\n<meta property=\"og:image\" content=\"http:\/\/jackpotlotteryonline.com\/wp-content\/uploads\/2022\/11\/1_play_lotto_to_win-300x214.jpg\" \/>\n<meta name=\"twitter:card\" content=\"summary_large_image\" \/>\n<meta name=\"twitter:label1\" content=\"Est. reading time\" \/>\n\t<meta name=\"twitter:data1\" content=\"4 minute\" \/>\n<!-- \/ Yoast SEO plugin. -->","yoast_head_json":{"title":"Nem\u0161ki Lotto zmagovalne \u0161tevilke in rezultati \u017erebanja","description":"Tukaj so navedene vse sedanje in pretekle dobitne \u0161tevilke, rezultati \u017erebanja za Nem\u0161ki loto","robots":{"index":"index","follow":"follow","max-snippet":"max-snippet:-1","max-image-preview":"max-image-preview:large","max-video-preview":"max-video-preview:-1"},"canonical":"https:\/\/jackpotlotteryonline.com\/sl\/zmagovalne-stevilke\/german-lotto\/","og_locale":"sl_SI","og_type":"article","og_title":"Nem\u0161ki Lotto zmagovalne \u0161tevilke in rezultati \u017erebanja","og_description":"Tukaj so navedene vse sedanje in pretekle dobitne \u0161tevilke, rezultati \u017erebanja za Nem\u0161ki loto","og_url":"https:\/\/jackpotlotteryonline.com\/sl\/zmagovalne-stevilke\/german-lotto\/","og_site_name":"Lotto Online - Crack The International Lottery Jackpots","article_modified_time":"2022-12-28T18:49:53+00:00","og_image":[{"url":"http:\/\/jackpotlotteryonline.com\/wp-content\/uploads\/2022\/11\/1_play_lotto_to_win-300x214.jpg"}],"twitter_card":"summary_large_image","twitter_misc":{"Est. reading time":"4 minute"},"schema":{"@context":"https:\/\/schema.org","@graph":[{"@type":"WebPage","@id":"https:\/\/jackpotlotteryonline.com\/sl\/zmagovalne-stevilke\/german-lotto\/","url":"https:\/\/jackpotlotteryonline.com\/sl\/zmagovalne-stevilke\/german-lotto\/","name":"Nem\u0161ki Lotto zmagovalne \u0161tevilke in rezultati \u017erebanja","isPartOf":{"@id":"https:\/\/jackpotlotteryonline.com\/#website"},"primaryImageOfPage":{"@id":"https:\/\/jackpotlotteryonline.com\/sl\/zmagovalne-stevilke\/german-lotto\/#primaryimage"},"image":{"@id":"https:\/\/jackpotlotteryonline.com\/sl\/zmagovalne-stevilke\/german-lotto\/#primaryimage"},"thumbnailUrl":"http:\/\/jackpotlotteryonline.com\/wp-content\/uploads\/2022\/11\/1_play_lotto_to_win-300x214.jpg","datePublished":"2022-12-07T09:11:30+00:00","dateModified":"2022-12-28T18:49:53+00:00","description":"Tukaj so navedene vse sedanje in pretekle dobitne \u0161tevilke, rezultati \u017erebanja za Nem\u0161ki loto","breadcrumb":{"@id":"https:\/\/jackpotlotteryonline.com\/sl\/zmagovalne-stevilke\/german-lotto\/#breadcrumb"},"inLanguage":"sl-SI","potentialAction":[{"@type":"ReadAction","target":["https:\/\/jackpotlotteryonline.com\/sl\/zmagovalne-stevilke\/german-lotto\/"]}]},{"@type":"ImageObject","inLanguage":"sl-SI","@id":"https:\/\/jackpotlotteryonline.com\/sl\/zmagovalne-stevilke\/german-lotto\/#primaryimage","url":"http:\/\/jackpotlotteryonline.com\/wp-content\/uploads\/2022\/11\/1_play_lotto_to_win-300x214.jpg","contentUrl":"http:\/\/jackpotlotteryonline.com\/wp-content\/uploads\/2022\/11\/1_play_lotto_to_win-300x214.jpg"},{"@type":"BreadcrumbList","@id":"https:\/\/jackpotlotteryonline.com\/sl\/zmagovalne-stevilke\/german-lotto\/#breadcrumb","itemListElement":[{"@type":"ListItem","position":1,"name":"Home","item":"https:\/\/jackpotlotteryonline.com\/sl\/"},{"@type":"ListItem","position":2,"name":"Loterija rezultati","item":"https:\/\/jackpotlotteryonline.com\/sl\/zmagovalne-stevilke\/"},{"@type":"ListItem","position":3,"name":"Nem\u0161ki Lotto \u010drpanje rezultati"}]},{"@type":"WebSite","@id":"https:\/\/jackpotlotteryonline.com\/#website","url":"https:\/\/jackpotlotteryonline.com\/","name":"Lotto Online - Crack The International Lottery Jackpots","description":"","potentialAction":[{"@type":"SearchAction","target":{"@type":"EntryPoint","urlTemplate":"https:\/\/jackpotlotteryonline.com\/?s={search_term_string}"},"query-input":"required name=search_term_string"}],"inLanguage":"sl-SI"}]}},"_links":{"self":[{"href":"https:\/\/jackpotlotteryonline.com\/sl\/wp-json\/wp\/v2\/pages\/40902","targetHints":{"allow":["GET"]}}],"collection":[{"href":"https:\/\/jackpotlotteryonline.com\/sl\/wp-json\/wp\/v2\/pages"}],"about":[{"href":"https:\/\/jackpotlotteryonline.com\/sl\/wp-json\/wp\/v2\/types\/page"}],"author":[{"embeddable":true,"href":"https:\/\/jackpotlotteryonline.com\/sl\/wp-json\/wp\/v2\/users\/1"}],"replies":[{"embeddable":true,"href":"https:\/\/jackpotlotteryonline.com\/sl\/wp-json\/wp\/v2\/comments?post=40902"}],"version-history":[{"count":0,"href":"https:\/\/jackpotlotteryonline.com\/sl\/wp-json\/wp\/v2\/pages\/40902\/revisions"}],"up":[{"embeddable":true,"href":"https:\/\/jackpotlotteryonline.com\/sl\/wp-json\/wp\/v2\/pages\/35854"}],"wp:attachment":[{"href":"https:\/\/jackpotlotteryonline.com\/sl\/wp-json\/wp\/v2\/media?parent=40902"}],"curies":[{"name":"wp","href":"https:\/\/api.w.org\/{rel}","templated":true}]}}