{"id":40957,"date":"2022-12-07T10:56:51","date_gmt":"2022-12-07T10:56:51","guid":{"rendered":"https:\/\/jackpotlotteryonline.com\/?page_id=40957"},"modified":"2022-12-28T21:31:16","modified_gmt":"2022-12-28T21:31:16","slug":"france-lotto-2","status":"publish","type":"page","link":"https:\/\/jackpotlotteryonline.com\/sl\/zmagovalne-stevilke\/france-lotto-2\/","title":{"rendered":"Francija Lotto \u010drpanje rezultati"},"content":{"rendered":"<p>France Lotto je evropski loto, ki trikrat na teden prina\u0161a zmagovalce. Za\u010del je delovati leta 1976, dnevi \u017erebanja pa so ob ponedeljkih, sredah in sobotah. Zmagovalne \u0161tevilke France Lotto so objavljene v teh dneh. Zmagovalci z vsega sveta lahko v France Lotto sodelujejo z nakupom sre\u010dk prek spleta.<\/p>\n<h2>Zakaj morate preveriti dobitne \u0161tevilke<\/h2>\n<p>Dru\u017eba France Lotto na splo\u0161no ne pozna identitete vseh, ki so prinesli sre\u010dke. Zato nimajo mo\u017enosti, da bi stopili v stik z zmagovalnimi listki igre loto. Zato morate svojo sre\u010dko nenehno preverjati glede na iz\u017erebane \u0161tevilke in tako ugotoviti, ali ste zmagali.<\/p>\n<p>Francija Lotto ima tudi 10 nagradnih razdelkov. Mo\u017eno je, da igralec ni osvojil glavnega dobitka, lahko pa je osvojil druge nagrade.<\/p>\n<h2>Na\u010dini preverjanja zmagovalnih rezultatov France Lotto<\/h2>\n<p><img loading=\"lazy\" decoding=\"async\" class=\"alignright wp-image-31748\" src=\"http:\/\/jackpotlotteryonline.com\/wp-content\/uploads\/2022\/11\/rf_results_page-300x225.jpg\" alt=\"Francija Lotto zmagovalni rezultati\" width=\"244\" height=\"183\" srcset=\"https:\/\/jackpotlotteryonline.com\/wp-content\/uploads\/2022\/11\/rf_results_page-300x225.jpg 300w, https:\/\/jackpotlotteryonline.com\/wp-content\/uploads\/2022\/11\/rf_results_page-600x449.jpg 600w, https:\/\/jackpotlotteryonline.com\/wp-content\/uploads\/2022\/11\/rf_results_page-768x575.jpg 768w, https:\/\/jackpotlotteryonline.com\/wp-content\/uploads\/2022\/11\/rf_results_page.jpg 801w\" sizes=\"auto, (max-width: 244px) 100vw, 244px\" \/>Rezultate \u017erebanja France Lotto lahko preverite na ve\u010d na\u010dinov. To je bistvenega pomena za ugotovitev zmagovalnega listka za glavni dobitek. Ne pozabite, da je zmagovalec tisti, ki se ujema z iz\u017erebanimi \u0161tevilkami. \u010ce kupite sre\u010dke za France Lotto, lahko rezultate \u017erebanja preverite na enega od naslednjih na\u010dinov:<\/p>\n<h3>Glejte televizijsko \u017erebanje v \u017eivo<\/h3>\n<p>To je zelo razburljivo, saj se \u0161tevilke iz\u017erebajo in takoj lahko ugotovite, ali ste zmagali. Te\u017eava pri tem je, da morate \u017eiveti v Franciji, \u010de \u017eelite gledati \u017erebanje France lotto v \u017eivo.<\/p>\n<section class=\"layout\" style=\"border: solid 1px; width: 100%;\">\n<div class=\"img-div\" style=\"margin-top: 5px;\"><img decoding=\"async\" class=\"wp-image-17212 alignleft\" style=\"height: 45px; margin: 8px 8px 0px;\" src=\"http:\/\/jackpotlotteryonline.com\/wp-content\/uploads\/2022\/11\/read1.jpg\" alt=\"Preberite\" width=\"\" height=\"\" \/><\/div>\n<div style=\"padding-left: 5px;\">\n<div style=\"font-size: 1.1em;\">\n<p><strong>Ne zamudite \u010dasov \u017erebanja najve\u010djih loterijskih jackpotov na svetus<\/strong><\/p>\n<p style=\"font-size: 0.85em; margin-top: -1.5em;\">Seznam \u010dasov \u017erebanja za mednarodne loterije\u00a0 <a href=\"https:\/\/jackpotlotteryonline.com\/sl\/kdaj-so-casi-zrebanja-mednarodnih-loterij\"> preberi ve\u010d<\/a><\/p>\n<\/div>\n<\/div>\n<\/section>\n<h3>Obi\u0161\u010dite spletne strani z novicami<\/h3>\n<p>Rezultate \u017erebanja lahko preverite tudi na spletnih straneh z novicami. Razli\u010dne strani z novicami na svojih straneh objavljajo zmagovalne kombinacije. To velja zlasti za evropske strani z novicami. \u010ce osvojite glavni dobitek, je to odli\u010dna mo\u017enost. Vendar pa obstaja \u0161e ve\u010d drugih nagradnih delitev, ki jih lahko igralec osvoji. \u017dal pa te strani obi\u010dajno ne objavljajo dobitnih kombinacij za te razdelke. \u010ce na primer osvojite nagrado drugega reda, jo lahko zamudite.<\/p>\n<h3>Preverite jackpotlotteryonline.com<\/h3>\n<p>Ko se registrirate pri nas, lahko preprosto preverite zmagovalne \u0161tevilke za France Lotto. Po vsakem \u017erebanju rezultate objavimo tukaj na na\u0161i strani. Prav tako vas bomo, \u010de osvojite katero koli nagrado, o tem takoj obvestili, ne glede na delitev dobitka, ki ste ga osvojili. Poleg tega lahko svoj dobitek v igri loto izpla\u010date neposredno z na\u0161ega spletnega mesta na svoj ra\u010dun.<\/p>\n<h2>Prednosti spletnega igranja<\/h2>\n<p>To, da lahko udobno preverite rezultate \u017erebanja, je le ena od prednosti <a href=\"https:\/\/jackpotlotteryonline.com\/sl\/kako-igrati\/france-lotto\">spletnega igranja lota<\/a>. Vendar se moramo strinjati, da je to velika prednost. Tukaj je na kratko predstavljenih nekaj prednosti:<\/p>\n<ul>\n<li>Dostop do najbolj\u0161ih mednarodnih loterij od koder koli<\/li>\n<li>Priro\u010dno igranje iz ra\u010dunalnika ali mobilne naprave<\/li>\n<li>Enostavno na\u010drtovanje ve\u010d \u017erebanj vnaprej<\/li>\n<li>priro\u010dno preverjanje rezultatov \u017erebanja<\/li>\n<li>izpla\u010dilo dobitkov neposredno na va\u0161 ra\u010dun<\/li>\n<\/ul>\n<h2>Francija Lotto zmagovalne kombinacije<\/h2>\n<p>Izbira prave kombinacije za va\u0161o sre\u010dko France Lotto je lahko precej zapletena. \u0160tevilni igralci imajo razli\u010dne nasvete, s katerimi pove\u010dajo svoje mo\u017enosti za zmago na loteriji. Lahko vam povemo, da ni nobene zagotovljene metode za zmago na loteriji. To je stvar sre\u010de. Lahko pa z vami delimo nekaj strategij, ki jih igralci uporabljajo pri izbiri zmagovalnih \u0161tevilk.<\/p>\n<p>Nekateri igralci radi pregledajo pretekle zmagovalne kombinacije in poi\u0161\u010dejo \u0161tevilke, ki se redno ali redko pojavljajo. Tako lahko prepoznajo vzorec in ga uporabijo za oblikovanje strategije za igranje na loteriji. Te\u017eko je re\u010di, ali je ta strategija uspe\u0161na ali ne.<\/p>\n<p>Drugi igralci se odlo\u010dijo za pogosto igranje, tako da kupijo ve\u010d sre\u010dk in sodelujejo v ve\u010d \u017erebanjih. Logi\u010dno je, da ve\u010dkrat ko igrate na loteriji, ve\u010dje so va\u0161e mo\u017enosti za zmago. Zanimivo je, da je ve\u010dina zmagovalcev pred zmago na loteriji igrala ve\u010d let. Vendar pa so tudi taki, ki so zmagali \u017ee ob prvem igranju.<\/p>\n<h2>Zaklju\u010dek<\/h2>\n<p>Zaklju\u010dimo lahko, da je francoska loterija igra na sre\u010do. Lahko <a href=\"https:\/\/jackpotlotteryonline.com\/sl\/kupiti-vstopnice\/lotto-france\">kupite sre\u010dke France lotto<\/a> in preverite zmagovalne kombinacije tukaj na jackpotlotteryonline.com<\/p>\n","protected":false},"excerpt":{"rendered":"<p>France Lotto je evropski loto, ki trikrat na teden prina\u0161a zmagovalce. Za\u010del je delovati leta 1976, dnevi \u017erebanja pa so ob ponedeljkih, sredah in sobotah. Zmagovalne \u0161tevilke France Lotto so objavljene v teh dneh. Zmagovalci z vsega sveta lahko v France Lotto sodelujejo z nakupom sre\u010dk prek spleta. Zakaj morate preveriti dobitne \u0161tevilke Dru\u017eba France [&hellip;]<\/p>\n","protected":false},"author":1,"featured_media":0,"parent":35854,"menu_order":9,"comment_status":"closed","ping_status":"closed","template":"lotto-fr-results.php","meta":{"_et_pb_use_builder":"","_et_pb_old_content":"","_et_gb_content_width":"","exclude_from_search":false,"footnotes":""},"class_list":["post-40957","page","type-page","status-publish","hentry"],"yoast_head":"<!-- This site is optimized with the Yoast SEO plugin v23.3 - https:\/\/yoast.com\/wordpress\/plugins\/seo\/ -->\n<title>Francija Lotto zmagovalne \u0161tevilke in rezultati \u017erebanja<\/title>\n<meta name=\"description\" content=\"\u017delite izvedeti zmagovalne \u0161tevilke in rezultate \u017erebanja za francosko loterijo? Preverite na\u0161o stran z rezultati igre Lotto Francija in na\u0161 arhiv\" \/>\n<meta name=\"robots\" content=\"index, follow, max-snippet:-1, max-image-preview:large, max-video-preview:-1\" \/>\n<link rel=\"canonical\" href=\"https:\/\/jackpotlotteryonline.com\/sl\/zmagovalne-stevilke\/france-lotto-2\/\" \/>\n<meta property=\"og:locale\" content=\"sl_SI\" \/>\n<meta property=\"og:type\" content=\"article\" \/>\n<meta property=\"og:title\" content=\"Francija Lotto zmagovalne \u0161tevilke in rezultati \u017erebanja\" \/>\n<meta property=\"og:description\" content=\"\u017delite izvedeti zmagovalne \u0161tevilke in rezultate \u017erebanja za francosko loterijo? Preverite na\u0161o stran z rezultati igre Lotto Francija in na\u0161 arhiv\" \/>\n<meta property=\"og:url\" content=\"https:\/\/jackpotlotteryonline.com\/sl\/zmagovalne-stevilke\/france-lotto-2\/\" \/>\n<meta property=\"og:site_name\" content=\"Lotto Online - Crack The International Lottery Jackpots\" \/>\n<meta property=\"article:modified_time\" content=\"2022-12-28T21:31:16+00:00\" \/>\n<meta property=\"og:image\" content=\"http:\/\/jackpotlotteryonline.com\/wp-content\/uploads\/2022\/11\/rf_results_page-300x225.jpg\" \/>\n<meta name=\"twitter:card\" content=\"summary_large_image\" \/>\n<meta name=\"twitter:label1\" content=\"Est. reading time\" \/>\n\t<meta name=\"twitter:data1\" content=\"3 minute\" \/>\n<!-- \/ Yoast SEO plugin. -->","yoast_head_json":{"title":"Francija Lotto zmagovalne \u0161tevilke in rezultati \u017erebanja","description":"\u017delite izvedeti zmagovalne \u0161tevilke in rezultate \u017erebanja za francosko loterijo? Preverite na\u0161o stran z rezultati igre Lotto Francija in na\u0161 arhiv","robots":{"index":"index","follow":"follow","max-snippet":"max-snippet:-1","max-image-preview":"max-image-preview:large","max-video-preview":"max-video-preview:-1"},"canonical":"https:\/\/jackpotlotteryonline.com\/sl\/zmagovalne-stevilke\/france-lotto-2\/","og_locale":"sl_SI","og_type":"article","og_title":"Francija Lotto zmagovalne \u0161tevilke in rezultati \u017erebanja","og_description":"\u017delite izvedeti zmagovalne \u0161tevilke in rezultate \u017erebanja za francosko loterijo? Preverite na\u0161o stran z rezultati igre Lotto Francija in na\u0161 arhiv","og_url":"https:\/\/jackpotlotteryonline.com\/sl\/zmagovalne-stevilke\/france-lotto-2\/","og_site_name":"Lotto Online - Crack The International Lottery Jackpots","article_modified_time":"2022-12-28T21:31:16+00:00","og_image":[{"url":"http:\/\/jackpotlotteryonline.com\/wp-content\/uploads\/2022\/11\/rf_results_page-300x225.jpg"}],"twitter_card":"summary_large_image","twitter_misc":{"Est. reading time":"3 minute"},"schema":{"@context":"https:\/\/schema.org","@graph":[{"@type":"WebPage","@id":"https:\/\/jackpotlotteryonline.com\/sl\/zmagovalne-stevilke\/france-lotto-2\/","url":"https:\/\/jackpotlotteryonline.com\/sl\/zmagovalne-stevilke\/france-lotto-2\/","name":"Francija Lotto zmagovalne \u0161tevilke in rezultati \u017erebanja","isPartOf":{"@id":"https:\/\/jackpotlotteryonline.com\/#website"},"primaryImageOfPage":{"@id":"https:\/\/jackpotlotteryonline.com\/sl\/zmagovalne-stevilke\/france-lotto-2\/#primaryimage"},"image":{"@id":"https:\/\/jackpotlotteryonline.com\/sl\/zmagovalne-stevilke\/france-lotto-2\/#primaryimage"},"thumbnailUrl":"http:\/\/jackpotlotteryonline.com\/wp-content\/uploads\/2022\/11\/rf_results_page-300x225.jpg","datePublished":"2022-12-07T10:56:51+00:00","dateModified":"2022-12-28T21:31:16+00:00","description":"\u017delite izvedeti zmagovalne \u0161tevilke in rezultate \u017erebanja za francosko loterijo? Preverite na\u0161o stran z rezultati igre Lotto Francija in na\u0161 arhiv","breadcrumb":{"@id":"https:\/\/jackpotlotteryonline.com\/sl\/zmagovalne-stevilke\/france-lotto-2\/#breadcrumb"},"inLanguage":"sl-SI","potentialAction":[{"@type":"ReadAction","target":["https:\/\/jackpotlotteryonline.com\/sl\/zmagovalne-stevilke\/france-lotto-2\/"]}]},{"@type":"ImageObject","inLanguage":"sl-SI","@id":"https:\/\/jackpotlotteryonline.com\/sl\/zmagovalne-stevilke\/france-lotto-2\/#primaryimage","url":"http:\/\/jackpotlotteryonline.com\/wp-content\/uploads\/2022\/11\/rf_results_page-300x225.jpg","contentUrl":"http:\/\/jackpotlotteryonline.com\/wp-content\/uploads\/2022\/11\/rf_results_page-300x225.jpg"},{"@type":"BreadcrumbList","@id":"https:\/\/jackpotlotteryonline.com\/sl\/zmagovalne-stevilke\/france-lotto-2\/#breadcrumb","itemListElement":[{"@type":"ListItem","position":1,"name":"Home","item":"https:\/\/jackpotlotteryonline.com\/sl\/"},{"@type":"ListItem","position":2,"name":"Loterija rezultati","item":"https:\/\/jackpotlotteryonline.com\/sl\/zmagovalne-stevilke\/"},{"@type":"ListItem","position":3,"name":"Francija Lotto \u010drpanje rezultati"}]},{"@type":"WebSite","@id":"https:\/\/jackpotlotteryonline.com\/#website","url":"https:\/\/jackpotlotteryonline.com\/","name":"Lotto Online - Crack The International Lottery Jackpots","description":"","potentialAction":[{"@type":"SearchAction","target":{"@type":"EntryPoint","urlTemplate":"https:\/\/jackpotlotteryonline.com\/?s={search_term_string}"},"query-input":"required name=search_term_string"}],"inLanguage":"sl-SI"}]}},"_links":{"self":[{"href":"https:\/\/jackpotlotteryonline.com\/sl\/wp-json\/wp\/v2\/pages\/40957","targetHints":{"allow":["GET"]}}],"collection":[{"href":"https:\/\/jackpotlotteryonline.com\/sl\/wp-json\/wp\/v2\/pages"}],"about":[{"href":"https:\/\/jackpotlotteryonline.com\/sl\/wp-json\/wp\/v2\/types\/page"}],"author":[{"embeddable":true,"href":"https:\/\/jackpotlotteryonline.com\/sl\/wp-json\/wp\/v2\/users\/1"}],"replies":[{"embeddable":true,"href":"https:\/\/jackpotlotteryonline.com\/sl\/wp-json\/wp\/v2\/comments?post=40957"}],"version-history":[{"count":0,"href":"https:\/\/jackpotlotteryonline.com\/sl\/wp-json\/wp\/v2\/pages\/40957\/revisions"}],"up":[{"embeddable":true,"href":"https:\/\/jackpotlotteryonline.com\/sl\/wp-json\/wp\/v2\/pages\/35854"}],"wp:attachment":[{"href":"https:\/\/jackpotlotteryonline.com\/sl\/wp-json\/wp\/v2\/media?parent=40957"}],"curies":[{"name":"wp","href":"https:\/\/api.w.org\/{rel}","templated":true}]}}