{"id":41012,"date":"2022-12-07T12:53:23","date_gmt":"2022-12-07T12:53:23","guid":{"rendered":"https:\/\/jackpotlotteryonline.com\/?page_id=41012"},"modified":"2023-01-03T09:30:59","modified_gmt":"2023-01-03T09:30:59","slug":"uk-lottery","status":"publish","type":"page","link":"https:\/\/jackpotlotteryonline.com\/sl\/kako-igrati\/uk-lottery\/","title":{"rendered":"Igrajte na loteriji UK od kjerkoli"},"content":{"rendered":"<p>Loterija Zdru\u017eenega kraljestva je loterijska igra, ki se igra v Zdru\u017eenem kraljestvu. Ta dr\u017eava je dom \u0161tevilnih loterijskih iger, vklju\u010dno z igro Set for Life, ki je rentna igra. Vendar pa tu nismo zato, da bi govorili o igri Set za \u017eivljenje. To je igra, ki jo igralci igrajo za zabavo, zdaj pa jo lahko igrate tudi na spletu. \u010ceprav je znana po tem, da so z njo tu in tam postali milijonarji, izpla\u010dila niso zelo radodarna. Predvsem zato, ker so izpla\u010dila odvisna od loterijskega sklada.<\/p>\n<p>To in druge vrhunske mednarodne loterije lahko igrate na spletu na na\u0161i spletni strani. Preprosto obi\u0161\u010dite spletno stran jackpotlotteryonline.com in se registrirajte pri nas ter si zagotovite prilo\u017enost za veliko zmago.<\/p>\n<h2>Kako igrati loterijo v Veliki Britaniji<\/h2>\n<p><img loading=\"lazy\" decoding=\"async\" class=\"alignright size-full wp-image-31370\" src=\"http:\/\/jackpotlotteryonline.com\/wp-content\/uploads\/2022\/11\/lotteryticket.jpg\" alt=\"Igrajte loterijo Zdru\u017eenega kraljestva\" width=\"212\" height=\"142\" \/>Ta igra je zelo podobna drugim loterijskim igram. Pravila igre dolo\u010dajo, da mora igralec med \u0161tevilkami od 1 do 49 izbrati 6 \u0161tevilk. Med \u017erebanjem se izbere tudi dodatna \u0161tevilka. Ta se uporabi za dolo\u010ditev zmagovalcev v drugih nagradnih kategorijah. Bonusna \u0161tevilka se izbere naklju\u010dno med \u017erebanjem in je ne izberejo igralci.<\/p>\n<p>\u010ce smo iskreni, zaradi nizkih izpla\u010dil nismo ljubitelji britanske loterije. Tudi \u010de se ujemate z iz\u017erebanimi \u0161tevilkami, vam ne moremo zagotoviti, koliko boste odnesli domov.<\/p>\n<p>Zakaj ne bi obiskali na\u0161ega spletnega mesta in igrali drugih loterijskih iger, kot sta ameri\u0161ka Powerball in Mega Millions. Pri teh loterijah je najni\u017eji jackpot 40 milijonov dolarjev. Na voljo so tudi druge evropske loterije, ki jih lahko igrate, kot sta Euromillions in Eurojackpot. Na\u0161e sanje za na\u0161e stranke so, da bi osvojile velike dobitke.<\/p>\n<h2>Kako vstopiti v spletno loterijo Zdru\u017eenega kraljestva<\/h2>\n<p>Igranje prek spleta se nekoliko razlikuje od igranja pri fizi\u010dnem prodajalcu. Ta razlika ni slaba. Pravzaprav je zaradi nje igranje na loteriji zelo priro\u010dno. Sledite tem korakom in igrajte britansko loterijo na na\u0161em spletnem mestu.<\/p>\n<ol>\n<li>Obi\u0161\u010dite spletno stran loterije v Zdru\u017eenem kraljestvu<\/li>\n<li>Izberite 6 \u0161tevilk od 1 do 49 (\u010de niste prepri\u010dani, katere \u0161tevilke uporabiti, poskusite z avtomatskim generatorjem \u0161tevilk).<\/li>\n<li><a href=\"https:\/\/jackpotlotteryonline.com\/sl\/kupiti-vstopnice\/uk-lottery\">Kupite dodatne linije<\/a> \u0161tevilk za ve\u010djo mo\u017enost dobitka<\/li>\n<li>Sodelujte v \u017erebanjih (sodelujete lahko v ve\u010d kot enem \u017erebanju)<\/li>\n<li>Registrirajte se in pla\u010dajte svoje prijave.<\/li>\n<\/ol>\n<section class=\"layout\" style=\"border: solid 1px; width: 100%;\">\n<div class=\"img-div\" style=\"margin-top: 5px;\"><img decoding=\"async\" class=\"wp-image-17212 alignleft\" style=\"height: 45px; margin: 8px 8px 0px;\" src=\"http:\/\/jackpotlotteryonline.com\/wp-content\/uploads\/2022\/11\/read1.jpg\" alt=\"Preberite\" width=\"\" height=\"\" \/><\/div>\n<div style=\"padding-left: 5px;\">\n<div style=\"font-size: 1.1em;\">\n<p><strong>Nasveti za loterijo<\/strong><\/p>\n<p style=\"font-size: 0.85em; margin-top: -1.5em;\">Nasveti, ki vam pomagajo zmagati na loteriji <a href=\"https:\/\/jackpotlotteryonline.com\/sl\/nasveti-ki-vam-pomagajo-zmagati-na-loteriji\">preberi ve\u010d<\/a><\/p>\n<\/div>\n<\/div>\n<\/section>\n<h2>Preverjanje \u017erebanj loterije<\/h2>\n<p><a href=\"https:\/\/jackpotlotteryonline.com\/sl\/zmagovalne-stevilke\/uk-lottery\">Britanska loterija ima dva dneva \u017erebanja na teden<\/a>, in sicer sredo in soboto. Prijavite se lahko v ve\u010d \u017erebanj, da pove\u010date svoje mo\u017enosti za zmago na britanski loteriji. Prav tako lahko z uporabo na\u0161e naro\u010dni\u0161ke storitve enostavno vstopite v \u017erebanja ve\u010d tednov vnaprej.<\/p>\n<p>Zmagovalni listek je objavljen med \u017erebanji. \u010ce \u017eelite osvojiti glavni dobitek, preprosto ujemite 6 iz\u017erebanih \u0161tevilk. Glavni dobitki loterije v Zdru\u017eenem kraljestvu se za\u010dnejo pri 2 milijonih funtov in se lahko prenesejo, \u010de po \u017erebanju ni zmagovalca. Ker se po vsakem \u017erebanju (\u010de ni zmagovalca) prelije, lahko nekoliko prese\u017ee 2 milijona funtov.<\/p>\n<p>Po vsakem \u017erebanju lahko na na\u0161i spletni strani preverite, ali ste prejeli nagrado. Britanska loterija ima 6 razli\u010dnih nagradnih kategorij in \u010de boste osvojili katero koli nagrado, vam bomo poslali elektronsko sporo\u010dilo z opozorilom.<\/p>\n<h2>Kaj je naro\u010dni\u0161ka storitev?<\/h2>\n<p><img loading=\"lazy\" decoding=\"async\" class=\"alignright wp-image-28427\" src=\"http:\/\/jackpotlotteryonline.com\/wp-content\/uploads\/2022\/11\/1_mega_win-300x279.jpg\" alt=\"Zmagajte na loteriji Zdru\u017eenega kraljestva\" width=\"237\" height=\"220\" srcset=\"https:\/\/jackpotlotteryonline.com\/wp-content\/uploads\/2022\/11\/1_mega_win-300x279.jpg 300w, https:\/\/jackpotlotteryonline.com\/wp-content\/uploads\/2022\/11\/1_mega_win.jpg 320w\" sizes=\"auto, (max-width: 237px) 100vw, 237px\" \/>\u010ce uporabljate spletno mesto, kot je na\u0161e, obstaja tako imenovana naro\u010dni\u0161ka storitev, ki igralcem omogo\u010da nemoteno igranje brez stresa. \u010ceprav je povsem v redu, \u010de ste enkratni igralec (\u010de vam je to ljub\u0161e), ve\u010dina igralcev igra pogosto. Najbolj\u0161i na\u010din za igranje in zmago na britanski loteriji je redno igranje in prav to je namen te storitve.<\/p>\n<p>Nastavite jo lahko tako, da boste samodejno vklju\u010deni v prihodnja \u017erebanja. Britanska loterija ima 2 tedenska \u017erebanja: ob sredah in sobotah. Bodimo iskreni, lahko postane nekoliko naporno, \u010de se posku\u0161ate spomniti igranja in vstopa v vsako \u017erebanje, vendar smo prav zato tukaj.<\/p>\n<p>Ko nastavite naro\u010dni\u0161ko storitev, se lahko sprostite in veste, da vam ne bo treba zamuditi nobenega \u017erebanja loterije UK lottery.<\/p>\n<h2>Nagrade<\/h2>\n<p>Omenili smo, da so nagrade za to loterijo odvisne od loterijskega sklada. Zato lahko delimo le nagrade iz dolo\u010denega \u017erebanja. Upo\u0161tevajte, da se v primeru ve\u010d zmagovalcev nagrada razdeli med njih.<\/p>\n<p>Oddelek 1: tekma 6 &#8211; 2.000.000 funtov (glavni dobitek)<\/p>\n<p>Razdelek 2: tekma 5 + bonus &#8211; 1.000.000 funtov<\/p>\n<p>Razdelek 3: tekma 5 &#8211; 1.750 funtov<\/p>\n<p>Razdelek 4: tekma 4 &#8211; 140 GBP<\/p>\n<p>Divizija 5: tekma 3 &#8211; 30 \u00a3<\/p>\n<p>Divizija 6: tekma 2 &#8211; brezpla\u010dni sre\u010delov<\/p>\n<p>Zavedajte se, da tudi \u010de osvojite te nagrade, prikazani znesek ni znesek, ki ga boste prejeli kot izpla\u010dilo. Pribli\u017eno 45 % loterijskih sredstev je namre\u010d namenjenih za nagrade. Zato je lahko znesek manj\u0161i ali ve\u010dji, odvisno od tega, kaj je v skladu.<\/p>\n<h2>Kako zahtevati svoj dobitek<\/h2>\n<p>\u010ce ste registrirani pri nas, je zahtevek za izpla\u010dilo dobitka preprost in enostaven. \u010ce je va\u0161 dobitek 2500 EUR ali manj, lahko do njega dostopate tukaj na na\u0161em spletnem mestu. Loterijsko podjetje ga bo namre\u010d izpla\u010dalo neposredno na na\u0161o spletno stran, vi pa ga lahko nato dvignete na svoj ra\u010dun.<\/p>\n<p>\u010ce je dobitek vi\u0161ji od 2500 \u20ac, morate za dobitek zaprositi neposredno pri loterijskem podjetju. Pri tem vam bomo pomagali z obrazcem za zahtevek, ki ga boste morali izpolniti, zato brez skrbi.<\/p>\n<p><strong>Loterijsko podjetje ima nekaj predpisov, ko gre za uveljavljanje dobitkov.<\/strong><\/p>\n<ul>\n<li>Za igranje na loteriji morate biti starej\u0161i od 18 let<\/li>\n<li>Dobitke je treba zahtevati v 180 dneh po \u017erebanju. Edina izjema je, \u010de ste postopek za\u010deli v 7 dneh.<\/li>\n<li>Igre s takoj\u0161njimi dobitki je treba zahtevati v 180 dneh, ko ste kupili igro s takoj\u0161njimi dobitki.<\/li>\n<li>Igre z nagradno igro je prav tako treba uveljavljati v 180 dneh od dneva, ko ste kupili nagradno igro.<\/li>\n<\/ul>\n<h2>O na\u0161ih storitvah concierge<\/h2>\n<p>\u017delimo si vzeti trenutek \u010dasa in pojasniti, kaj po\u010dnemo in zakaj izvajamo storitve concierge. Obstaja ve\u010d spletnih strani z loterijami, ki trdijo, da igralcem omogo\u010dajo vstop v svetovne loterije. V resnici pa vam omogo\u010dajo, da stavite na izid. Mi tega ne po\u010dnemo. Igralcem omogo\u010damo igranje najbolj\u0161ih mednarodnih loterij.<\/p>\n<p>Ko igrate britansko loterijo na na\u0161em spletnem mestu, se zgodi naslednje. Ko izberete svoje \u0161tevilke in opravite pla\u010dilo, bo na\u0161 zastopnik v ZDA kupil fizi\u010dno sre\u010dko z va\u0161imi \u0161tevilkami. Ta bo seveda za \u017erebanje, ki ste ga izbrali. Nato se ta listek skenira in prenese v va\u0161 ra\u010dun.<\/p>\n<p>To je povsem zakonit na\u010din igranja spletne loterije v Zdru\u017eenem kraljestvu s katerega koli konca sveta. Poleg tega zagotavlja, da ste resni\u010dno vklju\u010deni v izbrano loterijo. \u0160e ve\u010d, rezultate \u017erebanja objavimo tukaj na na\u0161i spletni strani in vas obvestimo, \u010de ste zmagali. Smo storitev concierge, saj za vas poskrbimo za vse nadle\u017ene malenkosti, tako da lahko u\u017eivate v svoji loterijski izku\u0161nji.<\/p>\n<h2>Registrirajte se pri nas in igrajte najbolj\u0161e mednarodne loterije na spletu<\/h2>\n<p>V Zdru\u017eenem kraljestvu je veliko loterij, ki jih lahko igrate na spletu. \u010ce \u017eelite preizkusiti loterijo, potem lahko to storite. \u010ce pa potrebujete \u0161ir\u0161o izbiro, zakaj ne bi poskusili z loterijo Set for Life, ki je rentna loterija? Lahko pa igrate tudi loterijo Eurojackpot in Euromillions. Vse to lahko najdete na spletu tukaj na na\u0161em spletnem mestu. Zato se zdaj registrirajte in si zagotovite prilo\u017enost za veliko zmago.<\/p>\n","protected":false},"excerpt":{"rendered":"<p>Loterija Zdru\u017eenega kraljestva je loterijska igra, ki se igra v Zdru\u017eenem kraljestvu. Ta dr\u017eava je dom \u0161tevilnih loterijskih iger, vklju\u010dno z igro Set for Life, ki je rentna igra. Vendar pa tu nismo zato, da bi govorili o igri Set za \u017eivljenje. To je igra, ki jo igralci igrajo za zabavo, zdaj pa jo lahko [&hellip;]<\/p>\n","protected":false},"author":1,"featured_media":0,"parent":35721,"menu_order":10,"comment_status":"closed","ping_status":"closed","template":"lotto-uk.php","meta":{"_et_pb_use_builder":"","_et_pb_old_content":"","_et_gb_content_width":"","exclude_from_search":false,"footnotes":""},"class_list":["post-41012","page","type-page","status-publish","hentry"],"yoast_head":"<!-- This site is optimized with the Yoast SEO plugin v23.3 - https:\/\/yoast.com\/wordpress\/plugins\/seo\/ -->\n<title>Igrajte spletno loterijo UK Lottery, tudi \u010de ne \u017eivite v Zdru\u017eenem kraljestvu<\/title>\n<meta name=\"description\" content=\"\u017delite igrati loterijo Zdru\u017eenega kraljestva, vendar \u017eivite zunaj Zdru\u017eenega kraljestva? Ni problema, z na\u0161o spletno storitvijo lahko igrate to loterijo od koder koli\" \/>\n<meta name=\"robots\" content=\"index, follow, max-snippet:-1, max-image-preview:large, max-video-preview:-1\" \/>\n<link rel=\"canonical\" href=\"https:\/\/jackpotlotteryonline.com\/sl\/kako-igrati\/uk-lottery\/\" \/>\n<meta property=\"og:locale\" content=\"sl_SI\" \/>\n<meta property=\"og:type\" content=\"article\" \/>\n<meta property=\"og:title\" content=\"Igrajte spletno loterijo UK Lottery, tudi \u010de ne \u017eivite v Zdru\u017eenem kraljestvu\" \/>\n<meta property=\"og:description\" content=\"\u017delite igrati loterijo Zdru\u017eenega kraljestva, vendar \u017eivite zunaj Zdru\u017eenega kraljestva? Ni problema, z na\u0161o spletno storitvijo lahko igrate to loterijo od koder koli\" \/>\n<meta property=\"og:url\" content=\"https:\/\/jackpotlotteryonline.com\/sl\/kako-igrati\/uk-lottery\/\" \/>\n<meta property=\"og:site_name\" content=\"Lotto Online - Crack The International Lottery Jackpots\" \/>\n<meta property=\"article:modified_time\" content=\"2023-01-03T09:30:59+00:00\" \/>\n<meta property=\"og:image\" content=\"http:\/\/jackpotlotteryonline.com\/wp-content\/uploads\/2022\/11\/lotteryticket.jpg\" \/>\n<meta name=\"twitter:card\" content=\"summary_large_image\" \/>\n<meta name=\"twitter:label1\" content=\"Est. reading time\" \/>\n\t<meta name=\"twitter:data1\" content=\"6 minut\" \/>\n<!-- \/ Yoast SEO plugin. -->","yoast_head_json":{"title":"Igrajte spletno loterijo UK Lottery, tudi \u010de ne \u017eivite v Zdru\u017eenem kraljestvu","description":"\u017delite igrati loterijo Zdru\u017eenega kraljestva, vendar \u017eivite zunaj Zdru\u017eenega kraljestva? Ni problema, z na\u0161o spletno storitvijo lahko igrate to loterijo od koder koli","robots":{"index":"index","follow":"follow","max-snippet":"max-snippet:-1","max-image-preview":"max-image-preview:large","max-video-preview":"max-video-preview:-1"},"canonical":"https:\/\/jackpotlotteryonline.com\/sl\/kako-igrati\/uk-lottery\/","og_locale":"sl_SI","og_type":"article","og_title":"Igrajte spletno loterijo UK Lottery, tudi \u010de ne \u017eivite v Zdru\u017eenem kraljestvu","og_description":"\u017delite igrati loterijo Zdru\u017eenega kraljestva, vendar \u017eivite zunaj Zdru\u017eenega kraljestva? Ni problema, z na\u0161o spletno storitvijo lahko igrate to loterijo od koder koli","og_url":"https:\/\/jackpotlotteryonline.com\/sl\/kako-igrati\/uk-lottery\/","og_site_name":"Lotto Online - Crack The International Lottery Jackpots","article_modified_time":"2023-01-03T09:30:59+00:00","og_image":[{"url":"http:\/\/jackpotlotteryonline.com\/wp-content\/uploads\/2022\/11\/lotteryticket.jpg"}],"twitter_card":"summary_large_image","twitter_misc":{"Est. reading time":"6 minut"},"schema":{"@context":"https:\/\/schema.org","@graph":[{"@type":"WebPage","@id":"https:\/\/jackpotlotteryonline.com\/sl\/kako-igrati\/uk-lottery\/","url":"https:\/\/jackpotlotteryonline.com\/sl\/kako-igrati\/uk-lottery\/","name":"Igrajte spletno loterijo UK Lottery, tudi \u010de ne \u017eivite v Zdru\u017eenem kraljestvu","isPartOf":{"@id":"https:\/\/jackpotlotteryonline.com\/#website"},"primaryImageOfPage":{"@id":"https:\/\/jackpotlotteryonline.com\/sl\/kako-igrati\/uk-lottery\/#primaryimage"},"image":{"@id":"https:\/\/jackpotlotteryonline.com\/sl\/kako-igrati\/uk-lottery\/#primaryimage"},"thumbnailUrl":"http:\/\/jackpotlotteryonline.com\/wp-content\/uploads\/2022\/11\/lotteryticket.jpg","datePublished":"2022-12-07T12:53:23+00:00","dateModified":"2023-01-03T09:30:59+00:00","description":"\u017delite igrati loterijo Zdru\u017eenega kraljestva, vendar \u017eivite zunaj Zdru\u017eenega kraljestva? Ni problema, z na\u0161o spletno storitvijo lahko igrate to loterijo od koder koli","breadcrumb":{"@id":"https:\/\/jackpotlotteryonline.com\/sl\/kako-igrati\/uk-lottery\/#breadcrumb"},"inLanguage":"sl-SI","potentialAction":[{"@type":"ReadAction","target":["https:\/\/jackpotlotteryonline.com\/sl\/kako-igrati\/uk-lottery\/"]}]},{"@type":"ImageObject","inLanguage":"sl-SI","@id":"https:\/\/jackpotlotteryonline.com\/sl\/kako-igrati\/uk-lottery\/#primaryimage","url":"http:\/\/jackpotlotteryonline.com\/wp-content\/uploads\/2022\/11\/lotteryticket.jpg","contentUrl":"http:\/\/jackpotlotteryonline.com\/wp-content\/uploads\/2022\/11\/lotteryticket.jpg"},{"@type":"BreadcrumbList","@id":"https:\/\/jackpotlotteryonline.com\/sl\/kako-igrati\/uk-lottery\/#breadcrumb","itemListElement":[{"@type":"ListItem","position":1,"name":"Home","item":"https:\/\/jackpotlotteryonline.com\/sl\/"},{"@type":"ListItem","position":2,"name":"Kako igrati","item":"https:\/\/jackpotlotteryonline.com\/play-online\/"},{"@type":"ListItem","position":3,"name":"Igrajte na loteriji UK od kjerkoli"}]},{"@type":"WebSite","@id":"https:\/\/jackpotlotteryonline.com\/#website","url":"https:\/\/jackpotlotteryonline.com\/","name":"Lotto Online - Crack The International Lottery Jackpots","description":"","potentialAction":[{"@type":"SearchAction","target":{"@type":"EntryPoint","urlTemplate":"https:\/\/jackpotlotteryonline.com\/?s={search_term_string}"},"query-input":"required name=search_term_string"}],"inLanguage":"sl-SI"}]}},"_links":{"self":[{"href":"https:\/\/jackpotlotteryonline.com\/sl\/wp-json\/wp\/v2\/pages\/41012","targetHints":{"allow":["GET"]}}],"collection":[{"href":"https:\/\/jackpotlotteryonline.com\/sl\/wp-json\/wp\/v2\/pages"}],"about":[{"href":"https:\/\/jackpotlotteryonline.com\/sl\/wp-json\/wp\/v2\/types\/page"}],"author":[{"embeddable":true,"href":"https:\/\/jackpotlotteryonline.com\/sl\/wp-json\/wp\/v2\/users\/1"}],"replies":[{"embeddable":true,"href":"https:\/\/jackpotlotteryonline.com\/sl\/wp-json\/wp\/v2\/comments?post=41012"}],"version-history":[{"count":0,"href":"https:\/\/jackpotlotteryonline.com\/sl\/wp-json\/wp\/v2\/pages\/41012\/revisions"}],"up":[{"embeddable":true,"href":"https:\/\/jackpotlotteryonline.com\/sl\/wp-json\/wp\/v2\/pages\/35721"}],"wp:attachment":[{"href":"https:\/\/jackpotlotteryonline.com\/sl\/wp-json\/wp\/v2\/media?parent=41012"}],"curies":[{"name":"wp","href":"https:\/\/api.w.org\/{rel}","templated":true}]}}