{"id":41065,"date":"2022-12-08T07:35:26","date_gmt":"2022-12-08T07:35:26","guid":{"rendered":"https:\/\/jackpotlotteryonline.com\/?page_id=41065"},"modified":"2022-12-31T14:21:17","modified_gmt":"2022-12-31T14:21:17","slug":"thunderball","status":"publish","type":"page","link":"https:\/\/jackpotlotteryonline.com\/sl\/kako-igrati\/thunderball\/","title":{"rendered":"Thunderball na spletu &#8211; igranje te loterije v Zdru\u017eenem kraljestvu od koder koli"},"content":{"rendered":"<p>Loterija Thunderball v Zdru\u017eenem kraljestvu obstaja \u017ee kar nekaj \u010dasa. Ni tako stara kot nekatere druge evropske loterije (na primer La Primitiva), saj je bilo njeno prvo \u017erebanje leta 1999. Vendar je v tem \u010dasu Thunderball spremenil in \u0161e vedno spreminja mnoga \u017eivljenja. Glavni dobitek v vi\u0161ini petsto tiso\u010d funtov se ne zdi veliko, vendar je to znesek, ki spreminja \u017eivljenja. S tem se strinjajo tudi igralci v Zdru\u017eenem kraljestvu, saj ve\u010d igralcev kupuje sre\u010dke za \u017erebanja Thunderball.<\/p>\n<p>\u010ce igrate zunaj Zdru\u017eenega kraljestva, lahko Thunderball igrate tudi prek spleta. <a href=\"https:\/\/jackpotlotteryonline.com\/sl\/kupiti-vstopnice\/thunderball\">Kupite lahko sre\u010dke<\/a>, preverite <a href=\"https:\/\/jackpotlotteryonline.com\/sl\/zmagovalne-stevilke\/thunderball\">rezultate \u017erebanja<\/a> in izpla\u010date dobitke kar iz udobja ra\u010dunalnika ali mobilne naprave. V nadaljevanju preberite, kako igrati Thunderball prek spleta.<\/p>\n<h2>Zmagovalci igre Thunderball<\/h2>\n<p><img loading=\"lazy\" decoding=\"async\" class=\"alignright size-full wp-image-31370\" src=\"http:\/\/jackpotlotteryonline.com\/wp-content\/uploads\/2022\/11\/lotteryticket.jpg\" alt=\"igranje loterije Thunderball na spletu.\" width=\"212\" height=\"142\" \/>\u010ce obstaja loterija, ki je v zadnjih nekaj desetletjih prinesla ve\u010d dobitnikov, je to Thunderball. Ta britanska loterija si je pridobila sloves loterije, ki spreminja \u017eivljenja, saj je prinesla veliko zmagovalcev. Znana je zgodba o dru\u017eini Knowles, ki je igrala \u017ee ve\u010d let in z igranjem nadaljevala tudi po smrti svoje mame. Njihov dobitek je bil zanje nekaj posebnega.<\/p>\n<p>Karen in David Ainger sta zakonca, ki sta osvojila glavni dobitek Thunderball, ki jima je spremenil \u017eivljenje. Dobitek je bil zelo dobrodo\u0161el, saj sta dejala, da bo \u0161el za njuno upokojitev. Drugi par, ki je osvojil Thunderball, sta bila Alf in Rita Boorman. Njun dobitek je bil precej zanimiv, saj je pred 30 leti zmagal tudi Alfov o\u010de. Govorimo o generacijski zmagi.<\/p>\n<h2>Kako igrati Thunderball na spletu<\/h2>\n<p>Igranje Thunderball je zabavno in \u010de ste izku\u0161eni igralec, verjetno \u017ee veste, kaj morate storiti. Igralci morajo izbrati 5 \u0161tevilk od 1 do 39 in posebno \u0161tevilko od 1 do 14. Posebna \u0161tevilka se imenuje &#8220;Thunderball&#8221;.<\/p>\n<p>\u010ce igrate Thunderball na spletu, lahko za izbiro naklju\u010dnih \u0161tevilk uporabite generator \u0161tevilk. To je nekako tako kot &#8220;sre\u010dno kopanje&#8221; za tiste, ki so navajeni na fizi\u010dne sre\u010dke. Izberete lahko ve\u010d vrstic in ve\u010d sre\u010dk ter tako pove\u010date svoje mo\u017enosti za dobitek Thunderball. Naslednji korak je sodelovanje v \u017erebanju, kar je najbolj\u0161i del.<\/p>\n<p>Thunderball ima vsak teden \u0161tiri \u017erebanja. To pomeni, da imate pri igri Thunderball \u0161tirikrat ve\u010djo mo\u017enost, da osvojite glavni dobitek. Sodelujete lahko v enem samem \u017erebanju, vendar je verjetno najbolje, da sodelujete v ve\u010d \u017erebanjih, saj boste tako imeli veliko ve\u010d mo\u017enosti za zmago. Ko igrate pri nas, vas prosimo, da se registrirate. Tako vas bomo lahko opozorili, ko boste osvojili nagrado.<\/p>\n<section class=\"layout\" style=\"border: solid 1px; width: 100%;\">\n<div class=\"img-div\" style=\"margin-top: 5px;\"><img decoding=\"async\" class=\"wp-image-17212 alignleft\" style=\"height: 45px; margin: 8px 8px 0px;\" src=\"http:\/\/jackpotlotteryonline.com\/wp-content\/uploads\/2022\/11\/read1.jpg\" alt=\"Preberite \" width=\"\" height=\"\" \/><\/div>\n<div style=\"padding-left: 5px;\">\n<div style=\"font-size: 1.1em;\">\n<p><strong>Ali je igranje loterije iz drugih dr\u017eav na spletu zakonito?<\/strong><\/p>\n<p style=\"font-size: 0.85em; margin-top: -1.5em;\">Ali je zakonito kupiti loterijski listek prek spleta in ali bom dejansko prejel pla\u010dilo?\u00a0<a href=\"https:\/\/jackpotlotteryonline.com\/sl\/ali-je-igranje-loterij-iz-drugih-drzav-na-spletu-zakonito\"> preberi ve\u010d<\/a><\/p>\n<\/div>\n<\/div>\n<\/section>\n<h2>Kaj storiti, ko zmagate?<\/h2>\n<p>\u010ce boste osvojili nagrado, vam bomo poslali e-po\u0161tno sporo\u010dilo in vas o tem obvestili. Opozorilo bo tudi na na\u0161i platformi, tako da boste obvestilo prejeli ob naslednji prijavi. Vendar pa to presega tudi to.<\/p>\n<p>\u010ce je va\u0161a nagrada ni\u017eja od 2500 EUR, jo lahko preprosto izpla\u010date naravnost z na\u0161e platforme. Ni potreben noben protokol ali nepotreben postopek; preprosto dvignite svoj denar. Za zneske, ki presegajo 2500 \u20ac, boste morda morali izpolniti obrazec za zahtevek, da bi ga zahtevali od loterijskega podjetja. Toda brez skrbi, tudi pri tem vam bomo pomagali.<\/p>\n<h2>Nagrade, ki jih lahko osvojite<\/h2>\n<p>Kaj to\u010dno lahko osvojite, ko igrate na loteriji Thunderball? Ta britanska loterija Thunderball ima ve\u010d nagradnih kategorij, na voljo pa je celo nagrada samo za ujemanje s Thunderballom. Tako so mo\u017enosti, da nekaj osvojite, precej velike. Tukaj je raz\u010dlenitev nagradnih kategorij loterije Thunderball v Zdru\u017eenem kraljestvu in mo\u017enosti za dobitek.<\/p>\n<p>Kategorija 1: ujemanje 5 + Thunderball &#8211; 1 proti 8.060.598 &#8211; 500.000 GBP<\/p>\n<p>Kategorija 2: samo Match 5 &#8211; 1 proti 620.046 &#8211; 5000 funtov<\/p>\n<p>Kategorija 3: Match 4 + Thunderball &#8211; 1 proti 47.416 &#8211; 250 GBP<\/p>\n<p>Kategorija 4: Samo Match 4 &#8211; 1 od 3.648 &#8211; 100 GBP<\/p>\n<p>Kategorija 5: Match 3 + Thunderball &#8211; 1 od 1.437 &#8211; 20 GBP<\/p>\n<p>Kategorija 6: Samo Match 3 &#8211; 1 od 111 &#8211; 10 GBP<\/p>\n<p>Kategorija 7: Match 2 + Thunderball &#8211; 1 od 135 &#8211; 10 GBP<\/p>\n<p>Kategorija 8: Match 1 + Thunderball &#8211; 1 od 35 &#8211; 5 GBP<\/p>\n<p>Kategorija 9: Match Thunderball &#8211; 1 proti 29 &#8211; 3 \u00a3<\/p>\n<p>V igri Thunderball lahko vsakdo najde nekaj zase in ni pomembno, ali \u017eivite v Zdru\u017eenem kraljestvu ali ne. Zdaj lahko igrate to loterijo v Zdru\u017eenem kraljestvu in si zagotovite prilo\u017enost za zmago, ko igrate pri nas, pa lahko enostavno izpla\u010date svoj dobitek.<\/p>\n<h2>Prednosti spletnega mesta concierge<\/h2>\n<p><img loading=\"lazy\" decoding=\"async\" class=\"alignright size-full wp-image-28940\" src=\"http:\/\/jackpotlotteryonline.com\/wp-content\/uploads\/2022\/11\/1_pick_winning_numbers_lottery.jpg\" alt=\"kupite loterijsko sre\u010dko Thunderball\" width=\"300\" height=\"200\" \/>Pri spletnem mestu concierge je neverjetno to, da se vam nikoli ni treba spra\u0161evati, ali ste dejansko sodelovali na loteriji. To je resni\u010dna te\u017eava, saj veliko spletnih mest svojim strankam v resnici ne omogo\u010da dostopa do loterije. Uporabnikom omogo\u010dajo, da stavijo na izid loterije, kar pa sploh ni isto.<\/p>\n<p>S spletno stranjo jackpotlotteryonline.com svojim uporabnikom omogo\u010damo dostop do najbolj\u0161ih mednarodnih loterij po vsem svetu. To je zato, ker upravljamo spletno mesto s conciergeom, kjer imamo agente na razli\u010dnih koncih sveta. Ko pri nas kupite loterijske sre\u010dke, na\u0161 agent v tej dr\u017eavi kupi fizi\u010dno sre\u010dko z ustreznimi \u0161tevilkami. Naknadno se sre\u010dka skenira in po\u0161lje vam.<\/p>\n<p>Ko pri nas kupite loterijsko sre\u010dko Thunderball, ste prepri\u010dani, da boste v primeru ujemanja iz\u017erebanih \u0161tevilk zmagali na loteriji. To je tako preprosto, vendar je to edina stvar, ki na\u0161im strankam omogo\u010da, da so mirne du\u0161e pri igranju loterije prek spleta.<\/p>\n<h2>Igrajte spletno loterijo Thunderball v Zdru\u017eenem kraljestvu<\/h2>\n<p>\u010ce vas \u017ee dolgo \u010dasa srbi \u017eelja po igranju loterije Thunderball in \u017eivite zunaj Zdru\u017eenega kraljestva, imate sre\u010do. Ko obi\u0161\u010dete spletno stran jackpotlotteryonline.com, dobite dostop do najbolj\u0161ih mednarodnih loterij, vklju\u010dno s Thunderballom. Smo spletna stran s conciergeom, zato boste pri igranju z nami dobili pravo ponudbo.<\/p>\n<p>\u010cas je, da se potegujete za prilo\u017enost, da s Thunderballom osvojite nagrado, ki vam bo spremenila \u017eivljenje. Igrajte Thunderball na spletu \u0161e danes in si zagotovite prilo\u017enost za zmago na loteriji.<\/p>\n","protected":false},"excerpt":{"rendered":"<p>Loterija Thunderball v Zdru\u017eenem kraljestvu obstaja \u017ee kar nekaj \u010dasa. Ni tako stara kot nekatere druge evropske loterije (na primer La Primitiva), saj je bilo njeno prvo \u017erebanje leta 1999. Vendar je v tem \u010dasu Thunderball spremenil in \u0161e vedno spreminja mnoga \u017eivljenja. Glavni dobitek v vi\u0161ini petsto tiso\u010d funtov se ne zdi veliko, vendar [&hellip;]<\/p>\n","protected":false},"author":1,"featured_media":0,"parent":35721,"menu_order":12,"comment_status":"closed","ping_status":"closed","template":"thunderball.php","meta":{"_et_pb_use_builder":"","_et_pb_old_content":"","_et_gb_content_width":"","exclude_from_search":false,"footnotes":""},"class_list":["post-41065","page","type-page","status-publish","hentry"],"yoast_head":"<!-- This site is optimized with the Yoast SEO plugin v23.3 - https:\/\/yoast.com\/wordpress\/plugins\/seo\/ -->\n<title>Igrajte britansko loterijo Thunderball prek spleta, tudi zunaj Zdru\u017eenega kraljestva<\/title>\n<meta name=\"description\" content=\"Ljubitelji loterije zunaj Zdru\u017eenega kraljestva lahko zdaj igrajo Thunderball prek spleta - vstopnice lahko dobite prek na\u0161e storitve Messenger.\" \/>\n<meta name=\"robots\" content=\"index, follow, max-snippet:-1, max-image-preview:large, max-video-preview:-1\" \/>\n<link rel=\"canonical\" href=\"https:\/\/jackpotlotteryonline.com\/sl\/kako-igrati\/thunderball\/\" \/>\n<meta property=\"og:locale\" content=\"sl_SI\" \/>\n<meta property=\"og:type\" content=\"article\" \/>\n<meta property=\"og:title\" content=\"Igrajte britansko loterijo Thunderball prek spleta, tudi zunaj Zdru\u017eenega kraljestva\" \/>\n<meta property=\"og:description\" content=\"Ljubitelji loterije zunaj Zdru\u017eenega kraljestva lahko zdaj igrajo Thunderball prek spleta - vstopnice lahko dobite prek na\u0161e storitve Messenger.\" \/>\n<meta property=\"og:url\" content=\"https:\/\/jackpotlotteryonline.com\/sl\/kako-igrati\/thunderball\/\" \/>\n<meta property=\"og:site_name\" content=\"Lotto Online - Crack The International Lottery Jackpots\" \/>\n<meta property=\"article:modified_time\" content=\"2022-12-31T14:21:17+00:00\" \/>\n<meta property=\"og:image\" content=\"http:\/\/jackpotlotteryonline.com\/wp-content\/uploads\/2022\/11\/lotteryticket.jpg\" \/>\n<meta name=\"twitter:card\" content=\"summary_large_image\" \/>\n<meta name=\"twitter:label1\" content=\"Est. reading time\" \/>\n\t<meta name=\"twitter:data1\" content=\"5 minut\" \/>\n<!-- \/ Yoast SEO plugin. -->","yoast_head_json":{"title":"Igrajte britansko loterijo Thunderball prek spleta, tudi zunaj Zdru\u017eenega kraljestva","description":"Ljubitelji loterije zunaj Zdru\u017eenega kraljestva lahko zdaj igrajo Thunderball prek spleta - vstopnice lahko dobite prek na\u0161e storitve Messenger.","robots":{"index":"index","follow":"follow","max-snippet":"max-snippet:-1","max-image-preview":"max-image-preview:large","max-video-preview":"max-video-preview:-1"},"canonical":"https:\/\/jackpotlotteryonline.com\/sl\/kako-igrati\/thunderball\/","og_locale":"sl_SI","og_type":"article","og_title":"Igrajte britansko loterijo Thunderball prek spleta, tudi zunaj Zdru\u017eenega kraljestva","og_description":"Ljubitelji loterije zunaj Zdru\u017eenega kraljestva lahko zdaj igrajo Thunderball prek spleta - vstopnice lahko dobite prek na\u0161e storitve Messenger.","og_url":"https:\/\/jackpotlotteryonline.com\/sl\/kako-igrati\/thunderball\/","og_site_name":"Lotto Online - Crack The International Lottery Jackpots","article_modified_time":"2022-12-31T14:21:17+00:00","og_image":[{"url":"http:\/\/jackpotlotteryonline.com\/wp-content\/uploads\/2022\/11\/lotteryticket.jpg"}],"twitter_card":"summary_large_image","twitter_misc":{"Est. reading time":"5 minut"},"schema":{"@context":"https:\/\/schema.org","@graph":[{"@type":"WebPage","@id":"https:\/\/jackpotlotteryonline.com\/sl\/kako-igrati\/thunderball\/","url":"https:\/\/jackpotlotteryonline.com\/sl\/kako-igrati\/thunderball\/","name":"Igrajte britansko loterijo Thunderball prek spleta, tudi zunaj Zdru\u017eenega kraljestva","isPartOf":{"@id":"https:\/\/jackpotlotteryonline.com\/#website"},"primaryImageOfPage":{"@id":"https:\/\/jackpotlotteryonline.com\/sl\/kako-igrati\/thunderball\/#primaryimage"},"image":{"@id":"https:\/\/jackpotlotteryonline.com\/sl\/kako-igrati\/thunderball\/#primaryimage"},"thumbnailUrl":"http:\/\/jackpotlotteryonline.com\/wp-content\/uploads\/2022\/11\/lotteryticket.jpg","datePublished":"2022-12-08T07:35:26+00:00","dateModified":"2022-12-31T14:21:17+00:00","description":"Ljubitelji loterije zunaj Zdru\u017eenega kraljestva lahko zdaj igrajo Thunderball prek spleta - vstopnice lahko dobite prek na\u0161e storitve Messenger.","breadcrumb":{"@id":"https:\/\/jackpotlotteryonline.com\/sl\/kako-igrati\/thunderball\/#breadcrumb"},"inLanguage":"sl-SI","potentialAction":[{"@type":"ReadAction","target":["https:\/\/jackpotlotteryonline.com\/sl\/kako-igrati\/thunderball\/"]}]},{"@type":"ImageObject","inLanguage":"sl-SI","@id":"https:\/\/jackpotlotteryonline.com\/sl\/kako-igrati\/thunderball\/#primaryimage","url":"http:\/\/jackpotlotteryonline.com\/wp-content\/uploads\/2022\/11\/lotteryticket.jpg","contentUrl":"http:\/\/jackpotlotteryonline.com\/wp-content\/uploads\/2022\/11\/lotteryticket.jpg"},{"@type":"BreadcrumbList","@id":"https:\/\/jackpotlotteryonline.com\/sl\/kako-igrati\/thunderball\/#breadcrumb","itemListElement":[{"@type":"ListItem","position":1,"name":"Home","item":"https:\/\/jackpotlotteryonline.com\/sl\/"},{"@type":"ListItem","position":2,"name":"Kako igrati","item":"https:\/\/jackpotlotteryonline.com\/play-online\/"},{"@type":"ListItem","position":3,"name":"Thunderball na spletu &#8211; igranje te loterije v Zdru\u017eenem kraljestvu od koder koli"}]},{"@type":"WebSite","@id":"https:\/\/jackpotlotteryonline.com\/#website","url":"https:\/\/jackpotlotteryonline.com\/","name":"Lotto Online - Crack The International Lottery Jackpots","description":"","potentialAction":[{"@type":"SearchAction","target":{"@type":"EntryPoint","urlTemplate":"https:\/\/jackpotlotteryonline.com\/?s={search_term_string}"},"query-input":"required name=search_term_string"}],"inLanguage":"sl-SI"}]}},"_links":{"self":[{"href":"https:\/\/jackpotlotteryonline.com\/sl\/wp-json\/wp\/v2\/pages\/41065","targetHints":{"allow":["GET"]}}],"collection":[{"href":"https:\/\/jackpotlotteryonline.com\/sl\/wp-json\/wp\/v2\/pages"}],"about":[{"href":"https:\/\/jackpotlotteryonline.com\/sl\/wp-json\/wp\/v2\/types\/page"}],"author":[{"embeddable":true,"href":"https:\/\/jackpotlotteryonline.com\/sl\/wp-json\/wp\/v2\/users\/1"}],"replies":[{"embeddable":true,"href":"https:\/\/jackpotlotteryonline.com\/sl\/wp-json\/wp\/v2\/comments?post=41065"}],"version-history":[{"count":0,"href":"https:\/\/jackpotlotteryonline.com\/sl\/wp-json\/wp\/v2\/pages\/41065\/revisions"}],"up":[{"embeddable":true,"href":"https:\/\/jackpotlotteryonline.com\/sl\/wp-json\/wp\/v2\/pages\/35721"}],"wp:attachment":[{"href":"https:\/\/jackpotlotteryonline.com\/sl\/wp-json\/wp\/v2\/media?parent=41065"}],"curies":[{"name":"wp","href":"https:\/\/api.w.org\/{rel}","templated":true}]}}