{"id":41117,"date":"2022-12-08T09:34:53","date_gmt":"2022-12-08T09:34:53","guid":{"rendered":"https:\/\/jackpotlotteryonline.com\/?page_id=41117"},"modified":"2022-12-29T09:35:13","modified_gmt":"2022-12-29T09:35:13","slug":"uk-lottery","status":"publish","type":"page","link":"https:\/\/jackpotlotteryonline.com\/sl\/zmagovalne-stevilke\/uk-lottery\/","title":{"rendered":"Velika Britanija Loterija \u010drpanje rezultati"},"content":{"rendered":"<p>Loterija Zdru\u017eenega kraljestva je zanimiva igra, saj lahko igralci postanejo milijonarji. \u010ceprav je priljubljena med igralci v Zdru\u017eenem kraljestvu, je mednarodnim igralcem slabo poznana. \u010ce se torej \u017eelite preizkusiti v mednarodni loteriji, zakaj ne bi poskusili s to loterijo? \u010ceprav dobitki niso zagotovljeni, ni te\u017eko izbrati zmagovalne \u0161tevilke.<\/p>\n<p>Vendar se morate zavedati ene stvari. \u010ce boste zmagali v tej igri, vam ne moremo povedati, s kolik\u0161no vsoto se boste vrnili domov. Glavni dobitek namre\u010d zna\u0161a 52 % sklada lota. \u010ce je bilo prodanih malo sre\u010dk, potem domov ne boste od\u0161li z veliko. Ne, to ni povezano z nami in je pravilo loterijskega podjetja.<\/p>\n<p>Za sodelovanje v tem lotu lahko obi\u0161\u010dete na\u0161o spletno stran jackpotlottery.com ali pa izbirate med \u0161tevilnimi drugimi loterijami. Obstajajo vrhunske mednarodne loterije, ki jih lahko igrate na na\u0161em spletnem mestu in vam omogo\u010dajo, da obdr\u017eite svoje dobitke. Lahko pa namesto tega poskusite s to loterijo. Vse je odvisno od vas.<\/p>\n<section class=\"layout\" style=\"border: solid 1px; width: 100%;\">\n<div class=\"img-div\" style=\"margin-top: 5px;\"><img decoding=\"async\" class=\"wp-image-17212 alignleft\" style=\"height: 45px; margin: 8px 8px 0px;\" src=\"http:\/\/jackpotlotteryonline.com\/wp-content\/uploads\/2022\/11\/read1.jpg\" alt=\"Preberite\" width=\"\" height=\"\" \/><\/div>\n<div style=\"padding-left: 5px;\">\n<div style=\"font-size: 1.1em;\">\n<p><strong>Katera mednarodna loterija je najbolj\u0161a?<\/strong><\/p>\n<p style=\"font-size: 0.85em; margin-top: -1.5em;\">Katera od mednarodnih loterij ima najbolj\u0161e mo\u017enosti za zmago &#8230;<a href=\"https:\/\/jackpotlotteryonline.com\/sk\/ktora-medzinarodna-loteria-je-najlepsia\">\u00a0preberi ve\u010d<\/a><\/p>\n<\/div>\n<\/div>\n<\/section>\n<h2>Kako igrati britansko loterijo<\/h2>\n<p><img loading=\"lazy\" decoding=\"async\" class=\"alignright size-full wp-image-27482\" src=\"http:\/\/jackpotlotteryonline.com\/wp-content\/uploads\/2022\/11\/1_lottery_jackpot3.jpg\" alt=\"igranje loterije v Zdru\u017eenem kraljestvu\" width=\"245\" height=\"123\" \/>Tako kot pri drugih igrah loto morate izbrati 6 \u0161tevilk iz nabora od 1 do 49. Med \u017erebanji se naklju\u010dno izbere tudi bonusna \u0161tevilka, ki se uporabi pri dolo\u010danju nagrade. Te loterije ne priporo\u010damo posebej radi. Tudi \u010de ujamete iz\u017erebane \u0161tevilke, ne moremo zagotoviti, kaj boste odnesli domov.<\/p>\n<p>\u010ce obi\u0161\u010dete na\u0161e spletno mesto, lahko sodelujete v drugih igrah, kot sta ameri\u0161ka Powerball in Mega Millions. Pri teh loterijah je najni\u017eji glavni dobitek 40 milijonov dolarjev. Na voljo so tudi druge evropske loterije, ki jih lahko igrate, kot sta Euromillions in Eurojackpot.<\/p>\n<p>Bistvo igranja teh iger je, da osvojite velike zmage, in to so na\u0161e sanje za na\u0161e stranke.<\/p>\n<h2>\u017drebanja<\/h2>\n<p>Britanska loterija ima vsak teden dve \u017erebanji, in sicer v sredo in soboto. Ko torej kupite sre\u010dko za loto, se lahko odlo\u010dite za sodelovanje v enem ali ve\u010d \u017erebanjih. Sodelovanje v ve\u010d \u017erebanjih je odli\u010den na\u010din za pove\u010danje mo\u017enosti za osvojitev nagrade.<\/p>\n<h2>Zmaga na loteriji v Zdru\u017eenem kraljestvu<\/h2>\n<p>Za zmago v tej igri loto se morajo igralci z iz\u017erebanimi rezultati ujemati z vsaj tremi glavnimi \u0161tevilkami. Glavni dobitek obi\u010dajno zna\u0161a pribli\u017eno 3 000 000 funtov, \u010deprav je lahko vi\u0161ji ali ni\u017eji. \u010ce \u017eelite osvojiti glavni dobitek, morate ujeti vseh \u0161est iz\u017erebanih \u0161tevilk.<\/p>\n<p>Za to igro loto obstajajo \u0161e druge delitve nagrad, ki jih bomo omenili v naslednjem trenutku.<\/p>\n<p>Ne pozabite, da je lotto igra naklju\u010dja in da ni nobenega na\u010dina za zmago. Najbolj\u0161a strategija zaenkrat je, da kupite ve\u010d sre\u010dk in se udele\u017eite ve\u010d \u017erebanj. Tako boste pove\u010dali svoje mo\u017enosti za osvojitev nagrade. To velja za katero koli igro loto, ki se jo odlo\u010dite igrati.<\/p>\n<h2>Razdelitev nagrad<\/h2>\n<p>To, kar delimo, je vzorec razdelitve nagrad za dolo\u010deno \u017erebanje loterije v Zdru\u017eenem kraljestvu. Upo\u0161tevajte, da so druge nagrade v odstotku nagradnega sklada. To pomeni, da \u010de je zmagovalcev ve\u010d, se nagrada razdeli med njih.<\/p>\n<p>Oddelek 1: Match 6 &#8211; 2.000.000 funtov (glavni dobitek)<\/p>\n<p>Divizija 2: tekma 5 + bonus &#8211; 1.000.000 funtov<\/p>\n<p>Razdelek 3: tekma 5 &#8211; 1.750 funtov<\/p>\n<p>Razdelek 4: tekma 4 &#8211; 140 GBP<\/p>\n<p>Divizija 5: tekma 3 &#8211; 30 GBP<\/p>\n<p>Divizija 6: tekma 2 &#8211; brezpla\u010dni sre\u010delov<\/p>\n<p>Zavedajte se, da tudi \u010de osvojite te nagrade, prikazani znesek ni znesek, ki ga boste prejeli kot izpla\u010dilo. Pribli\u017eno 45 % sredstev lota je namre\u010d namenjenih za denarne nagrade. Zato je lahko znesek manj\u0161i ali ve\u010dji, odvisno od tega, kaj je v skladu.<\/p>\n<h2>Uveljavljanje dobitkov<\/h2>\n<p>Dru\u017eba lotto ima nekaj predpisov glede zahtevka za izpla\u010dilo dobitkov.<\/p>\n<ul>\n<li>Za sodelovanje v igri lotto morate biti starej\u0161i od 18 let.<\/li>\n<li>dobitke je treba zahtevati v 180 dneh po \u017erebanju. Edina izjema je, \u010de ste postopek za\u010deli v 7 dneh.<\/li>\n<li>Igre s takoj\u0161njimi dobitki je treba zahtevati v 180 dneh, ko ste kupili igro s takoj\u0161njimi dobitki.<\/li>\n<li>Igre z nagradnimi igrami je prav tako treba zahtevati v 180 dneh od dneva, ko ste kupili nagradno igro.<\/li>\n<\/ul>\n<p>\u010ce <a href=\"https:\/\/jackpotlotteryonline.com\/sl\/kako-igrati\/uk-lottery\">igrate loterijo na na\u0161em spletnem mestu<\/a>, vam olaj\u0161amo uveljavljanje va\u0161ih dobitkov. Za dobitke, ki zna\u0161ajo 2500 EUR ali manj, lahko do njih dostopate tukaj na na\u0161em spletnem mestu. Loterijsko podjetje jih namre\u010d izpla\u010da neposredno na na\u0161o spletno stran, vi pa jih lahko nato dvignete na svoj ra\u010dun. \u010ce je dobitek vi\u0161ji od 2500 \u20ac, morate dobitek zahtevati neposredno pri podjetju za loto. Pri tem vam bomo pomagali z obrazcem za zahtevek, ki ga boste morali izpolniti, zato brez skrbi.<\/p>\n<h2>Kako preveriti zmagovalne \u0161tevilke<\/h2>\n<p><img loading=\"lazy\" decoding=\"async\" class=\"alignright size-medium wp-image-27563\" src=\"http:\/\/jackpotlotteryonline.com\/wp-content\/uploads\/2022\/11\/1_lottery_numbers_draw_results-300x201.jpg\" alt=\"zmagajte na loteriji v Zdru\u017eenem kraljestvu\" width=\"300\" height=\"201\" srcset=\"https:\/\/jackpotlotteryonline.com\/wp-content\/uploads\/2022\/11\/1_lottery_numbers_draw_results-300x201.jpg 300w, https:\/\/jackpotlotteryonline.com\/wp-content\/uploads\/2022\/11\/1_lottery_numbers_draw_results.jpg 320w\" sizes=\"auto, (max-width: 300px) 100vw, 300px\" \/>\u010ce \u017eelite vedeti, ali ste osvojili nagrado ali ne, morate najprej preveriti iz\u017erebane \u0161tevilke. \u010ce igrate prek spleta, lahko to storite na ve\u010d na\u010dinov. Dale\u010d naju\u010dinkovitej\u0161i pa je, da se vrnete sem in preverite rezultate \u017erebanja. Iz\u017erebane \u0161tevilke objavimo po vsakem \u017erebanju.<\/p>\n<p>\u010ce ste se pri nas registrirali, vam bomo poslali elektronsko sporo\u010dilo, v katerem vas bomo obvestili, \u010de ste osvojili nagrado. To je pravzaprav ena glavnih prednosti igranja lota pri nas. Poleg tega, da lahko dobite dostop do ve\u010d ton mednarodnih loterij. Ko igrate z nami, vam ni treba skrbeti, da bi zamudili nagrado. Sporo\u010dili vam bomo, \u010de ste osvojili nagrado. Tudi \u010de je manj\u0161a od 2500 evrov, bo ob naslednji prijavi lepo le\u017eala na va\u0161em ra\u010dunu.<\/p>\n<h2>Prednosti igranja loterije z nami<\/h2>\n<ul>\n<li>Na enem priro\u010dnem mestu boste imeli dostop do najbolj\u0161ih mednarodnih loterij<\/li>\n<li>Smo spletno mesto s conciergeom. To pomeni, da ne stavite na izid loterije. Pravzaprav kupujete vstopnico za loterijo, ne glede na to, kje se nahajate<\/li>\n<li>Z uporabo na\u0161e naro\u010dni\u0161ke storitve lahko vstopite v \u017erebanja ve\u010d tednov vnaprej<\/li>\n<li>Rezultate \u017erebanja lahko izveste tukaj na na\u0161em spletnem mestu<\/li>\n<li>Opozorili vas bomo, \u010de boste osvojili katero koli nagrado.<\/li>\n<li>Svoje dobitke lahko z na\u0161ega spletnega mesta preprosto izpla\u010date na svojo banko<\/li>\n<\/ul>\n<p>Igranje loterije na na\u0161em spletnem mestu prina\u0161a \u0161tevilne prednosti. Osredoto\u010damo se na zagotavljanje najbolj priro\u010dnih in brezhibnih storitev za na\u0161e stranke, da lahko u\u017eivajo v igrah loto.<\/p>\n<h2>Preverite svoje zmagovalne \u0161tevilke loto tukaj<\/h2>\n<p>Omenili smo, da vam zagotavljamo dostop do ve\u010d mednarodnih loterij. Ne le, da lahko<a href=\"https:\/\/jackpotlotteryonline.com\/sl\/kupiti-vstopnice\/uk-lottery\"> kupite sre\u010dke od koderkoli<\/a>, temve\u010d lahko preverite tudi iz\u017erebane \u0161tevilke. Ne glede na to, katero igro loto boste izbrali, bomo rezultate objavili tukaj na na\u0161em spletnem mestu.<\/p>\n<p>Najbolje od vsega pa je, da vam v primeru dobitka ni treba skrbeti, kaj se bo zgodilo z va\u0161im dobitkom. Od va\u0161ih dobitkov ne vzamemo nobenega odstotka; vse, kar osvojite, je va\u0161e. Poleg tega ga lahko preprosto izpla\u010date na na\u0161i platformi.<\/p>\n<p>Resni\u010dno, igranje loterije \u0161e nikoli ni bilo tako preprosto in brez te\u017eav. Zakaj se ne bi \u0161e danes registrirali pri nas in izkusili u\u017eitek priro\u010dnih in brezstresnih iger loto?<\/p>\n","protected":false},"excerpt":{"rendered":"<p>Loterija Zdru\u017eenega kraljestva je zanimiva igra, saj lahko igralci postanejo milijonarji. \u010ceprav je priljubljena med igralci v Zdru\u017eenem kraljestvu, je mednarodnim igralcem slabo poznana. \u010ce se torej \u017eelite preizkusiti v mednarodni loteriji, zakaj ne bi poskusili s to loterijo? \u010ceprav dobitki niso zagotovljeni, ni te\u017eko izbrati zmagovalne \u0161tevilke. Vendar se morate zavedati ene stvari. \u010ce [&hellip;]<\/p>\n","protected":false},"author":1,"featured_media":0,"parent":35854,"menu_order":10,"comment_status":"closed","ping_status":"closed","template":"lotto-uk-results.php","meta":{"_et_pb_use_builder":"","_et_pb_old_content":"","_et_gb_content_width":"","exclude_from_search":false,"footnotes":""},"class_list":["post-41117","page","type-page","status-publish","hentry"],"yoast_head":"<!-- This site is optimized with the Yoast SEO plugin v23.3 - https:\/\/yoast.com\/wordpress\/plugins\/seo\/ -->\n<title>Zmagovalne \u0161tevilke loterije Zdru\u017eenega kraljestva in rezultati \u017erebanja<\/title>\n<meta name=\"description\" content=\"Takoj po \u017erebanju boste tukaj na\u0161li vse rezultate in dobitne \u0161tevilke loterije UK loterija\" \/>\n<meta name=\"robots\" content=\"index, follow, max-snippet:-1, max-image-preview:large, max-video-preview:-1\" \/>\n<link rel=\"canonical\" href=\"https:\/\/jackpotlotteryonline.com\/sl\/zmagovalne-stevilke\/uk-lottery\/\" \/>\n<meta property=\"og:locale\" content=\"sl_SI\" \/>\n<meta property=\"og:type\" content=\"article\" \/>\n<meta property=\"og:title\" content=\"Zmagovalne \u0161tevilke loterije Zdru\u017eenega kraljestva in rezultati \u017erebanja\" \/>\n<meta property=\"og:description\" content=\"Takoj po \u017erebanju boste tukaj na\u0161li vse rezultate in dobitne \u0161tevilke loterije UK loterija\" \/>\n<meta property=\"og:url\" content=\"https:\/\/jackpotlotteryonline.com\/sl\/zmagovalne-stevilke\/uk-lottery\/\" \/>\n<meta property=\"og:site_name\" content=\"Lotto Online - Crack The International Lottery Jackpots\" \/>\n<meta property=\"article:modified_time\" content=\"2022-12-29T09:35:13+00:00\" \/>\n<meta property=\"og:image\" content=\"http:\/\/jackpotlotteryonline.com\/wp-content\/uploads\/2022\/11\/read1.jpg\" \/>\n<meta name=\"twitter:card\" content=\"summary_large_image\" \/>\n<meta name=\"twitter:label1\" content=\"Est. reading time\" \/>\n\t<meta name=\"twitter:data1\" content=\"6 minut\" \/>\n<!-- \/ Yoast SEO plugin. -->","yoast_head_json":{"title":"Zmagovalne \u0161tevilke loterije Zdru\u017eenega kraljestva in rezultati \u017erebanja","description":"Takoj po \u017erebanju boste tukaj na\u0161li vse rezultate in dobitne \u0161tevilke loterije UK loterija","robots":{"index":"index","follow":"follow","max-snippet":"max-snippet:-1","max-image-preview":"max-image-preview:large","max-video-preview":"max-video-preview:-1"},"canonical":"https:\/\/jackpotlotteryonline.com\/sl\/zmagovalne-stevilke\/uk-lottery\/","og_locale":"sl_SI","og_type":"article","og_title":"Zmagovalne \u0161tevilke loterije Zdru\u017eenega kraljestva in rezultati \u017erebanja","og_description":"Takoj po \u017erebanju boste tukaj na\u0161li vse rezultate in dobitne \u0161tevilke loterije UK loterija","og_url":"https:\/\/jackpotlotteryonline.com\/sl\/zmagovalne-stevilke\/uk-lottery\/","og_site_name":"Lotto Online - Crack The International Lottery Jackpots","article_modified_time":"2022-12-29T09:35:13+00:00","og_image":[{"url":"http:\/\/jackpotlotteryonline.com\/wp-content\/uploads\/2022\/11\/read1.jpg"}],"twitter_card":"summary_large_image","twitter_misc":{"Est. reading time":"6 minut"},"schema":{"@context":"https:\/\/schema.org","@graph":[{"@type":"WebPage","@id":"https:\/\/jackpotlotteryonline.com\/sl\/zmagovalne-stevilke\/uk-lottery\/","url":"https:\/\/jackpotlotteryonline.com\/sl\/zmagovalne-stevilke\/uk-lottery\/","name":"Zmagovalne \u0161tevilke loterije Zdru\u017eenega kraljestva in rezultati \u017erebanja","isPartOf":{"@id":"https:\/\/jackpotlotteryonline.com\/#website"},"primaryImageOfPage":{"@id":"https:\/\/jackpotlotteryonline.com\/sl\/zmagovalne-stevilke\/uk-lottery\/#primaryimage"},"image":{"@id":"https:\/\/jackpotlotteryonline.com\/sl\/zmagovalne-stevilke\/uk-lottery\/#primaryimage"},"thumbnailUrl":"http:\/\/jackpotlotteryonline.com\/wp-content\/uploads\/2022\/11\/read1.jpg","datePublished":"2022-12-08T09:34:53+00:00","dateModified":"2022-12-29T09:35:13+00:00","description":"Takoj po \u017erebanju boste tukaj na\u0161li vse rezultate in dobitne \u0161tevilke loterije UK loterija","breadcrumb":{"@id":"https:\/\/jackpotlotteryonline.com\/sl\/zmagovalne-stevilke\/uk-lottery\/#breadcrumb"},"inLanguage":"sl-SI","potentialAction":[{"@type":"ReadAction","target":["https:\/\/jackpotlotteryonline.com\/sl\/zmagovalne-stevilke\/uk-lottery\/"]}]},{"@type":"ImageObject","inLanguage":"sl-SI","@id":"https:\/\/jackpotlotteryonline.com\/sl\/zmagovalne-stevilke\/uk-lottery\/#primaryimage","url":"http:\/\/jackpotlotteryonline.com\/wp-content\/uploads\/2022\/11\/read1.jpg","contentUrl":"http:\/\/jackpotlotteryonline.com\/wp-content\/uploads\/2022\/11\/read1.jpg"},{"@type":"BreadcrumbList","@id":"https:\/\/jackpotlotteryonline.com\/sl\/zmagovalne-stevilke\/uk-lottery\/#breadcrumb","itemListElement":[{"@type":"ListItem","position":1,"name":"Home","item":"https:\/\/jackpotlotteryonline.com\/sl\/"},{"@type":"ListItem","position":2,"name":"Loterija rezultati","item":"https:\/\/jackpotlotteryonline.com\/sl\/zmagovalne-stevilke\/"},{"@type":"ListItem","position":3,"name":"Velika Britanija Loterija \u010drpanje rezultati"}]},{"@type":"WebSite","@id":"https:\/\/jackpotlotteryonline.com\/#website","url":"https:\/\/jackpotlotteryonline.com\/","name":"Lotto Online - Crack The International Lottery Jackpots","description":"","potentialAction":[{"@type":"SearchAction","target":{"@type":"EntryPoint","urlTemplate":"https:\/\/jackpotlotteryonline.com\/?s={search_term_string}"},"query-input":"required name=search_term_string"}],"inLanguage":"sl-SI"}]}},"_links":{"self":[{"href":"https:\/\/jackpotlotteryonline.com\/sl\/wp-json\/wp\/v2\/pages\/41117","targetHints":{"allow":["GET"]}}],"collection":[{"href":"https:\/\/jackpotlotteryonline.com\/sl\/wp-json\/wp\/v2\/pages"}],"about":[{"href":"https:\/\/jackpotlotteryonline.com\/sl\/wp-json\/wp\/v2\/types\/page"}],"author":[{"embeddable":true,"href":"https:\/\/jackpotlotteryonline.com\/sl\/wp-json\/wp\/v2\/users\/1"}],"replies":[{"embeddable":true,"href":"https:\/\/jackpotlotteryonline.com\/sl\/wp-json\/wp\/v2\/comments?post=41117"}],"version-history":[{"count":0,"href":"https:\/\/jackpotlotteryonline.com\/sl\/wp-json\/wp\/v2\/pages\/41117\/revisions"}],"up":[{"embeddable":true,"href":"https:\/\/jackpotlotteryonline.com\/sl\/wp-json\/wp\/v2\/pages\/35854"}],"wp:attachment":[{"href":"https:\/\/jackpotlotteryonline.com\/sl\/wp-json\/wp\/v2\/media?parent=41117"}],"curies":[{"name":"wp","href":"https:\/\/api.w.org\/{rel}","templated":true}]}}