{"id":41169,"date":"2022-12-08T11:38:45","date_gmt":"2022-12-08T11:38:45","guid":{"rendered":"https:\/\/jackpotlotteryonline.com\/?page_id=41169"},"modified":"2022-12-29T11:55:22","modified_gmt":"2022-12-29T11:55:22","slug":"set-for-life","status":"publish","type":"page","link":"https:\/\/jackpotlotteryonline.com\/sl\/zmagovalne-stevilke\/set-for-life\/","title":{"rendered":"Rezultati \u017erebanja Set for Life"},"content":{"rendered":"<p>Loterija Set for Life je anuitetna loterija v Zdru\u017eenem kraljestvu, ki igralcem omogo\u010da, da osvojijo nagrado, ki jim bo spremenila \u017eivljenje. \u017divljenjsko pomembno, saj dobitniki zmagovalnih \u0161tevilk dobijo 10.000 funtov vsak mesec v obdobju 30 let. To je skoraj tako, kot da bi do konca \u017eivljenja vsak mesec osvojili glavni dobitek.<\/p>\n<p>Igralci po vsem svetu se lahko <a href=\"https:\/\/jackpotlotteryonline.com\/sl\/kupiti-vstopnice\/set-for-life\">udele\u017eijo loterije UK annuity lottery tako, da kupijo sre\u010dke prek spleta<\/a>. Prav tako lahko prek spleta preverijo zmagovalne \u0161tevilke in pridobijo tudi dostop do svojega dobitka.<\/p>\n<p>Ko <a href=\"https:\/\/jackpotlotteryonline.com\/sl\/kako-igrati\/saturday-lotto\">igrate loterijo z jackpotlotteryonline.com<\/a>, imate prakti\u010dno vse svoje loterijske potrebe na enem mestu. Osredoto\u010dite se lahko na zmago na loteriji z nakupom sre\u010dk za najbolj\u0161e mednarodne loterije prek spleta.<\/p>\n<section class=\"layout\" style=\"border: solid 1px; width: 100%;\">\n<div class=\"img-div\" style=\"margin-top: 5px;\"><img decoding=\"async\" class=\"wp-image-17212 alignleft\" style=\"height: 45px; margin: 8px 8px 0px;\" src=\"http:\/\/jackpotlotteryonline.com\/wp-content\/uploads\/2022\/11\/read1.jpg\" alt=\"Preberite\" width=\"\" height=\"\" \/><\/div>\n<div style=\"padding-left: 5px;\">\n<div style=\"font-size: 1.1em;\">\n<p><strong>Ali je igranje loterije iz drugih dr\u017eav na spletu zakonito?<\/strong><\/p>\n<p style=\"font-size: 0.85em; margin-top: -1.5em;\">Ali je zakonito kupiti loterijski listek prek spleta in ali bom dejansko prejel pla\u010dilo?\u00a0<a href=\"https:\/\/jackpotlotteryonline.com\/sl\/ali-je-igranje-loterij-iz-drugih-drzav-na-spletu-zakonito\"> preberi ve\u010d<\/a><\/p>\n<\/div>\n<\/div>\n<\/section>\n<h2>Zakaj igrati na spletu?<\/h2>\n<p>Prvi\u010d, \u010de ne \u017eivite v Zdru\u017eenem kraljestvu, boste precej te\u017eko kupili sre\u010dko za to loterijo. V bistvu je edini na\u010din, kako lahko igrate igro Set for Life zunaj Zdru\u017eenega kraljestva, ta, da to storite prek spleta. Drugi\u010d, ko boste videli, kako priro\u010dno je igranje prek spleta, ne boste \u017eeleli igrati loterije na noben drug na\u010din.<\/p>\n<p><strong>Na kratko, tukaj je nekaj glavnih prednosti igranja loterije prek spleta:<\/strong><img loading=\"lazy\" decoding=\"async\" class=\"alignright size-medium wp-image-27941\" src=\"http:\/\/jackpotlotteryonline.com\/wp-content\/uploads\/2022\/11\/1_lottery_winner_ticket-200x300.jpg\" alt=\"igranje igre Set za \u017eivljenje\" width=\"200\" height=\"300\" srcset=\"https:\/\/jackpotlotteryonline.com\/wp-content\/uploads\/2022\/11\/1_lottery_winner_ticket-200x300.jpg 200w, https:\/\/jackpotlotteryonline.com\/wp-content\/uploads\/2022\/11\/1_lottery_winner_ticket.jpg 320w\" sizes=\"auto, (max-width: 200px) 100vw, 200px\" \/><\/p>\n<ul>\n<li>takoj\u0161en dostop do igranja dobitnih \u0161tevilk za vsako \u017erebanje<\/li>\n<li>Svoje vnose lahko dolo\u010dite ve\u010d tednov vnaprej<\/li>\n<li>Enostavno preverite dobitne \u0161tevilke<\/li>\n<li>dostopate do dobitkov brez stresa<\/li>\n<\/ul>\n<p>Igranje loterije prek spleta ima veliko prednosti. Ko igrate z nami na jackpotlotteryonline.com, boste izkusili enostavnost in priro\u010dnost loterije na dosegu roke. Kot spletna stran s stre\u017enikom za vas urejamo podrobnosti, vi pa se osredoto\u010dite na to, da z lahkoto izberete svoje zmagovalne \u0161tevilke. To je koristno za vse.<\/p>\n<h2>Katere so zmagovalne \u0161tevilke v igri Set for Life?<\/h2>\n<p>Edini na\u010din, da veste, ali imate zmagovalne \u0161tevilke, je, da veste, kako igrati to loterijo v Zdru\u017eenem kraljestvu. \u010ce \u017eelite igrati, morate izbrati 5 \u0161tevilk iz razpona od 1 do 47 in 1 \u0161tevilko Life Ball iz razpona od 1 do 10. Ko izberete \u0161tevilke, morate v naslednjem koraku sodelovati v izbranih \u017erebanjih.<\/p>\n<p>V igri Set for Life sta dva \u017erebanja na teden, in sicer ob ponedeljkih in \u010detrtkih. To pomeni dve mo\u017enosti za zmago na loteriji. Seveda lahko sodelujete v obeh \u017erebanjih, saj tako pove\u010date svoje mo\u017enosti za zmago na loteriji.<\/p>\n<p>Po \u017erebanjih morate preveriti rezultate in ugotoviti, ali imate zmagovalno kombinacijo. Kdor ima zmagovalne \u0161tevilke, zmaga na loteriji.<\/p>\n<h2>Trije na\u010dini preverjanja rezultatov \u017erebanja<\/h2>\n<p>Za to britansko loterijo lahko zmagovalno kombinacijo preverite na tri na\u010dine. \u010ce \u017eivite v Zdru\u017eenem kraljestvu, lahko \u017erebanja v \u017eivo spremljate na televiziji. \u010ce pa ste takrat v slu\u017ebi ali imate kak\u0161no drugo funkcijo, vam to ne bo ustrezalo.<\/p>\n<p>Druga mo\u017enost je, da rezultate \u017erebanja preverite na spletu. Na razli\u010dnih spletnih straneh so objavljeni rezultati, zlasti dobitna kombinacija za glavni dobitek. Ker so na loteriji tudi druge nagradne kategorije, vas lahko poleg glavnega dobitka zanimajo tudi druge zmagovalne kombinacije.<\/p>\n<p>Rezultate \u017erebanja lahko najbolje preverite tako, da se po vsakem \u017erebanju vrnete na to stran. Rezultate \u017erebanj objavljamo tukaj in si vzamemo \u010das, da prika\u017eemo zmagovalne kombinacije v vseh nagradnih razredih. Poleg tega vam bomo, \u010de ste sre\u010dko kupili pri nas, poslali elektronsko sporo\u010dilo, \u010de imate dobitno sre\u010dko.<\/p>\n<h2>Nagradne kategorije Set for Life<\/h2>\n<p>Glavna nagrada te loterije v Zdru\u017eenem kraljestvu je neverjetnih 10.000 funtov vsak mesec v naslednjih 30 letih. Predstavljajte si, da bi 30 let vsak mesec osvajali tak\u0161en znesek. Ob tak\u0161ni nagradi je jasno, zakaj si igralci po vsem svetu \u017eelijo dobiti zmagovalno kombinacijo za to loterijo.<\/p>\n<p>Poleg prve nagrade lahko igralci na tej loteriji osvojijo tudi druge zanimive nagrade. Tukaj so nagradne kategorije.<\/p>\n<p>Kategorija 1: Match 5 + Life Ball &#8211; 10.000 funtov vsak mesec za 30 let<\/p>\n<p>Kategorija 2: samo Match 5 &#8211; 10.000 funtov vsak mesec za 1 leto<\/p>\n<p>Kategorija 3: Match 4 + LIfe Ball &#8211; 250 GBP<\/p>\n<p>Kategorija 4: Samo Match 4 &#8211; 50 funtov<\/p>\n<p>Kategorija 5: Match 3 + Life Ball &#8211; 30 GBP<\/p>\n<p>Kategorija 6: Samo tekma 3 &#8211; 20 funtov<\/p>\n<p>Kategorija 7: tekma 2 + \u017eogica \u017eivljenja &#8211; 10 GBP<\/p>\n<p>Kategorija 8 Samo tekma 2 &#8211; 5 funtov<\/p>\n<h2>Izpla\u010dilo dobitkov<\/h2>\n<p>Omenili smo, da vas bomo prek e-po\u0161te in ra\u010duna obvestili, \u010de imate dobitno sre\u010dko. Toda kako lahko izpla\u010date svoj dobitek, \u010de \u017eivite zunaj Zdru\u017eenega kraljestva? To je vpra\u0161anje, ki skrbi \u0161tevilne igralce. Tukaj smo, da vas pomirimo glede va\u0161ih dobitkov.<\/p>\n<p>Ko se registrirate pri nas in pri nas kupite loterijske sre\u010dke, vam postopek poenostavimo. Kot portfelsko spletno mesto smo ustvarili brezhiben postopek, s katerim lahko preprosto izpla\u010date svoj dobitek. Pri dobitkih, ki so ni\u017eji od 2.500 evrov, je vse, kar morate storiti, izpla\u010dilo z na\u0161ega spletnega mesta na va\u0161 ra\u010dun.<\/p>\n<p>\u010ce ste osvojili dobitek, ki presega ta znesek, vam bomo zagotovili obrazec za zahtevek. Tako boste lahko zahtevali svoj dobitek neposredno od loterijskega podjetja. Zato pojdite naprej in \u0161e danes kupite loterijski listek, da boste imeli prilo\u017enost za zmagovalno kombinacijo.<\/p>\n","protected":false},"excerpt":{"rendered":"<p>Loterija Set for Life je anuitetna loterija v Zdru\u017eenem kraljestvu, ki igralcem omogo\u010da, da osvojijo nagrado, ki jim bo spremenila \u017eivljenje. \u017divljenjsko pomembno, saj dobitniki zmagovalnih \u0161tevilk dobijo 10.000 funtov vsak mesec v obdobju 30 let. To je skoraj tako, kot da bi do konca \u017eivljenja vsak mesec osvojili glavni dobitek. Igralci po vsem svetu [&hellip;]<\/p>\n","protected":false},"author":1,"featured_media":0,"parent":35854,"menu_order":11,"comment_status":"closed","ping_status":"closed","template":"set-for-life-results.php","meta":{"_et_pb_use_builder":"","_et_pb_old_content":"","_et_gb_content_width":"","exclude_from_search":false,"footnotes":""},"class_list":["post-41169","page","type-page","status-publish","hentry"],"yoast_head":"<!-- This site is optimized with the Yoast SEO plugin v23.3 - https:\/\/yoast.com\/wordpress\/plugins\/seo\/ -->\n<title>Zmagovalne \u0161tevilke in rezultati \u017erebanja v igri Set for Life<\/title>\n<meta name=\"description\" content=\"Rezultati \u017erebanj loterije Set za \u017eivljenje in zmagovalne \u0161tevilke tukaj na Jackpotlotteryonline.com\" \/>\n<meta name=\"robots\" content=\"index, follow, max-snippet:-1, max-image-preview:large, max-video-preview:-1\" \/>\n<link rel=\"canonical\" href=\"https:\/\/jackpotlotteryonline.com\/sl\/zmagovalne-stevilke\/set-for-life\/\" \/>\n<meta property=\"og:locale\" content=\"sl_SI\" \/>\n<meta property=\"og:type\" content=\"article\" \/>\n<meta property=\"og:title\" content=\"Zmagovalne \u0161tevilke in rezultati \u017erebanja v igri Set for Life\" \/>\n<meta property=\"og:description\" content=\"Rezultati \u017erebanj loterije Set za \u017eivljenje in zmagovalne \u0161tevilke tukaj na Jackpotlotteryonline.com\" \/>\n<meta property=\"og:url\" content=\"https:\/\/jackpotlotteryonline.com\/sl\/zmagovalne-stevilke\/set-for-life\/\" \/>\n<meta property=\"og:site_name\" content=\"Lotto Online - Crack The International Lottery Jackpots\" \/>\n<meta property=\"article:modified_time\" content=\"2022-12-29T11:55:22+00:00\" \/>\n<meta property=\"og:image\" content=\"http:\/\/jackpotlotteryonline.com\/wp-content\/uploads\/2022\/11\/read1.jpg\" \/>\n<meta name=\"twitter:card\" content=\"summary_large_image\" \/>\n<meta name=\"twitter:label1\" content=\"Est. reading time\" \/>\n\t<meta name=\"twitter:data1\" content=\"4 minute\" \/>\n<!-- \/ Yoast SEO plugin. -->","yoast_head_json":{"title":"Zmagovalne \u0161tevilke in rezultati \u017erebanja v igri Set for Life","description":"Rezultati \u017erebanj loterije Set za \u017eivljenje in zmagovalne \u0161tevilke tukaj na Jackpotlotteryonline.com","robots":{"index":"index","follow":"follow","max-snippet":"max-snippet:-1","max-image-preview":"max-image-preview:large","max-video-preview":"max-video-preview:-1"},"canonical":"https:\/\/jackpotlotteryonline.com\/sl\/zmagovalne-stevilke\/set-for-life\/","og_locale":"sl_SI","og_type":"article","og_title":"Zmagovalne \u0161tevilke in rezultati \u017erebanja v igri Set for Life","og_description":"Rezultati \u017erebanj loterije Set za \u017eivljenje in zmagovalne \u0161tevilke tukaj na Jackpotlotteryonline.com","og_url":"https:\/\/jackpotlotteryonline.com\/sl\/zmagovalne-stevilke\/set-for-life\/","og_site_name":"Lotto Online - Crack The International Lottery Jackpots","article_modified_time":"2022-12-29T11:55:22+00:00","og_image":[{"url":"http:\/\/jackpotlotteryonline.com\/wp-content\/uploads\/2022\/11\/read1.jpg"}],"twitter_card":"summary_large_image","twitter_misc":{"Est. reading time":"4 minute"},"schema":{"@context":"https:\/\/schema.org","@graph":[{"@type":"WebPage","@id":"https:\/\/jackpotlotteryonline.com\/sl\/zmagovalne-stevilke\/set-for-life\/","url":"https:\/\/jackpotlotteryonline.com\/sl\/zmagovalne-stevilke\/set-for-life\/","name":"Zmagovalne \u0161tevilke in rezultati \u017erebanja v igri Set for Life","isPartOf":{"@id":"https:\/\/jackpotlotteryonline.com\/#website"},"primaryImageOfPage":{"@id":"https:\/\/jackpotlotteryonline.com\/sl\/zmagovalne-stevilke\/set-for-life\/#primaryimage"},"image":{"@id":"https:\/\/jackpotlotteryonline.com\/sl\/zmagovalne-stevilke\/set-for-life\/#primaryimage"},"thumbnailUrl":"http:\/\/jackpotlotteryonline.com\/wp-content\/uploads\/2022\/11\/read1.jpg","datePublished":"2022-12-08T11:38:45+00:00","dateModified":"2022-12-29T11:55:22+00:00","description":"Rezultati \u017erebanj loterije Set za \u017eivljenje in zmagovalne \u0161tevilke tukaj na Jackpotlotteryonline.com","breadcrumb":{"@id":"https:\/\/jackpotlotteryonline.com\/sl\/zmagovalne-stevilke\/set-for-life\/#breadcrumb"},"inLanguage":"sl-SI","potentialAction":[{"@type":"ReadAction","target":["https:\/\/jackpotlotteryonline.com\/sl\/zmagovalne-stevilke\/set-for-life\/"]}]},{"@type":"ImageObject","inLanguage":"sl-SI","@id":"https:\/\/jackpotlotteryonline.com\/sl\/zmagovalne-stevilke\/set-for-life\/#primaryimage","url":"http:\/\/jackpotlotteryonline.com\/wp-content\/uploads\/2022\/11\/read1.jpg","contentUrl":"http:\/\/jackpotlotteryonline.com\/wp-content\/uploads\/2022\/11\/read1.jpg"},{"@type":"BreadcrumbList","@id":"https:\/\/jackpotlotteryonline.com\/sl\/zmagovalne-stevilke\/set-for-life\/#breadcrumb","itemListElement":[{"@type":"ListItem","position":1,"name":"Home","item":"https:\/\/jackpotlotteryonline.com\/sl\/"},{"@type":"ListItem","position":2,"name":"Loterija rezultati","item":"https:\/\/jackpotlotteryonline.com\/sl\/zmagovalne-stevilke\/"},{"@type":"ListItem","position":3,"name":"Rezultati \u017erebanja Set for Life"}]},{"@type":"WebSite","@id":"https:\/\/jackpotlotteryonline.com\/#website","url":"https:\/\/jackpotlotteryonline.com\/","name":"Lotto Online - Crack The International Lottery Jackpots","description":"","potentialAction":[{"@type":"SearchAction","target":{"@type":"EntryPoint","urlTemplate":"https:\/\/jackpotlotteryonline.com\/?s={search_term_string}"},"query-input":"required name=search_term_string"}],"inLanguage":"sl-SI"}]}},"_links":{"self":[{"href":"https:\/\/jackpotlotteryonline.com\/sl\/wp-json\/wp\/v2\/pages\/41169","targetHints":{"allow":["GET"]}}],"collection":[{"href":"https:\/\/jackpotlotteryonline.com\/sl\/wp-json\/wp\/v2\/pages"}],"about":[{"href":"https:\/\/jackpotlotteryonline.com\/sl\/wp-json\/wp\/v2\/types\/page"}],"author":[{"embeddable":true,"href":"https:\/\/jackpotlotteryonline.com\/sl\/wp-json\/wp\/v2\/users\/1"}],"replies":[{"embeddable":true,"href":"https:\/\/jackpotlotteryonline.com\/sl\/wp-json\/wp\/v2\/comments?post=41169"}],"version-history":[{"count":0,"href":"https:\/\/jackpotlotteryonline.com\/sl\/wp-json\/wp\/v2\/pages\/41169\/revisions"}],"up":[{"embeddable":true,"href":"https:\/\/jackpotlotteryonline.com\/sl\/wp-json\/wp\/v2\/pages\/35854"}],"wp:attachment":[{"href":"https:\/\/jackpotlotteryonline.com\/sl\/wp-json\/wp\/v2\/media?parent=41169"}],"curies":[{"name":"wp","href":"https:\/\/api.w.org\/{rel}","templated":true}]}}