{"id":41227,"date":"2022-12-08T13:59:31","date_gmt":"2022-12-08T13:59:31","guid":{"rendered":"https:\/\/jackpotlotteryonline.com\/?page_id=41227"},"modified":"2022-12-29T22:00:08","modified_gmt":"2022-12-29T22:00:08","slug":"mega-sena","status":"publish","type":"page","link":"https:\/\/jackpotlotteryonline.com\/sl\/zmagovalne-stevilke\/mega-sena\/","title":{"rendered":"Mega-Sena loterija \u010drpanje rezultati"},"content":{"rendered":"<p>Igralci po vsem svetu lahko zdaj kupijo sre\u010dke za loterijo Mega-Sena. In ne samo to, ko enkrat igrate na loteriji, lahko na spletu preverite dobitne \u0161tevilke Mega-Sene. Bistveni del igranja loterije je preverjanje rezultatov \u017erebanja, da ne zamudite nobene nagrade. Obstaja ve\u010d na\u010dinov za preverjanje dobitnih \u0161tevilk za brazilsko loterijo in temu se bomo posvetili v naslednjem trenutku.<\/p>\n<p>\u010ce pa se vam mudi, da bi izvedeli rezultate zadnjega \u017erebanja, lahko obi\u0161\u010dete spletno stran jackpotlotteryonline.com za dostop do najbolj\u0161ih mednarodnih loterij.<\/p>\n<section class=\"layout\" style=\"border: solid 1px; width: 100%;\">\n<div class=\"img-div\" style=\"margin-top: 5px;\"><img decoding=\"async\" class=\"wp-image-17212 alignleft\" style=\"height: 45px; margin: 8px 8px 0px;\" src=\"http:\/\/jackpotlotteryonline.com\/wp-content\/uploads\/2022\/11\/read1.jpg\" alt=\"Preberite\" width=\"\" height=\"\" \/><\/div>\n<div style=\"padding-left: 5px;\">\n<div style=\"font-size: 1.1em;\">\n<p><strong>Evropske loterije<\/strong><\/p>\n<p style=\"font-size: 0.85em; margin-top: -1.5em;\">Katere evropske loterije so najbolj\u0161e?\u00a0 <a href=\"https:\/\/jackpotlotteryonline.com\/sl\/katere-evropske-loterije-so-najboljse\">preberi ve\u010d<\/a><\/p>\n<\/div>\n<\/div>\n<\/section>\n<h2>Osnove loterije Mega-Sena<\/h2>\n<p>Loterija Mega-Sena je po na\u010dinu igranja podobna vsem drugim loterijam. Preprosto morate izbrati \u0161tevilke iz dolo\u010denega razpona. Za brazilsko loterijo izberete 6 \u0161tevilk iz razpona od 1 do 60. In to je to. Pri tej loteriji ni dodatnih ali bonus \u0161tevilk, samo \u0161est.<\/p>\n<p>Ko izberete \u017eelene \u0161tevilke, je naslednji korak vstop v \u017erebanje. Mega-Sena ima dve tedenski \u017erebanji, in sicer ob sredah in \u010detrtkih.<\/p>\n<h2>Zmagovalne \u0161tevilke igre Mega-Sena<\/h2>\n<p><img loading=\"lazy\" decoding=\"async\" class=\"size-full wp-image-29102 alignright\" src=\"http:\/\/jackpotlotteryonline.com\/wp-content\/uploads\/2022\/11\/1_play_lottery_international.jpg\" alt=\"Zmagovalne \u0161tevilke igre Mega-Sena\" width=\"205\" height=\"147\" \/>Kako izberete zmagovalne \u0161tevilke v igri Mega-Sena? Razli\u010dni igralci imajo razli\u010dne na\u010dine izbire, ki jim ustrezajo. Svoje zmagovalne \u0161tevilke lahko izberete tako, da uporabite datume, ki so za vas posebni. \u010ce imate sre\u010dne datume ali \u0161tevilke, so vam lahko v pomo\u010d pri izbiri \u0161tevilke.<\/p>\n<p>\u010ce v mislih nimate nobene posebne \u0161tevilke, se s tem ne obremenjujte. Ko z <a href=\"https:\/\/jackpotlotteryonline.com\/sk\/ako-hrat\/mega-sena-2\">nami igrate Mega-Sena<\/a>, lahko za izbiro naklju\u010dnih \u0161tevilk uporabite na\u0161 samodejni generator. Konec koncev se morate zavedati, da je loterija igra na sre\u010do. Edini pravi na\u010din, da pove\u010date svoje mo\u017enosti za zmago, je, da kupite ve\u010d sre\u010dk in se udele\u017eite ve\u010d \u017erebanj.<\/p>\n<p>Loterijo lahko igrate prek spleta, tako da obi\u0161\u010dete na\u0161o stran za Mega-Sena. Pri nas lahko preprosto sodelujete v enem ali ve\u010d \u017erebanjih. Kupite lahko tudi ve\u010d vrstic na sre\u010dki, kar vam omogo\u010da ve\u010d vstopov v loterijo.<\/p>\n<h2>Nagrade Mega-Sena<\/h2>\n<p>Loterija Mega-Sena ima zagotovljen za\u010detni glavni dobitek v vi\u0161ini 3 milijonov brazilskih realov. To je pribli\u017eno 549467,87 EUR. \u010ce po \u017erebanju ni zmagovalca, se jackpot prenese v naslednje \u017erebanje. Tako lahko znesek glavnega dobitka zraste precej visoko, zaradi \u010desar je ta loterija ugodna za igralce po vsem svetu.<\/p>\n<p>Poleg tega je verjetnost za dobitek Mega-Sena 1 proti 50 milijonom. \u010ce to primerjate z drugimi vrhunskimi mednarodnimi loterijami, je jasno, zakaj je brazilska loterija priljubljena med igralci.<\/p>\n<p>Brazilska loterija se od drugih loterij razlikuje tudi po tem, da ponuja le 3 kategorije dobitkov, vklju\u010dno z glavnim dobitkom. Zmaga na loteriji torej pomeni, da lahko osvojite katero koli od naslednjih nagrad.<\/p>\n<p>Jackpot &#8211; Sena: &#8211; 35 % nagradnega sklada<\/p>\n<p>2. stopnja &#8211; Quina: &#8211; 19 % nagradnega sklada.<\/p>\n<p>stopnja 3 &#8211; Quadra: tekma 4 &#8211; 19 % nagradnega sklada<\/p>\n<h2>Prevzem nagrade<\/h2>\n<p>Naslednji korak je zahtevati nagrado, ki ste jo osvojili, ko ste se udele\u017eili loterije. Na\u010din uveljavljanja nagrade je odvisen od tega, kje ste kupili sre\u010dko. Pri igranju spletne loterije je pomembno, da kupite sre\u010dko na spletnem mestu, ki vam daje mo\u017enost, da zmagate na loteriji. Nekatera spletna mesta vam omogo\u010dajo le stave na izid loterije.<\/p>\n<p><a href=\"https:\/\/jackpotlotteryonline.com\/sk\/kupit-vstupenky\/mega-sena\">Ko kupite sre\u010dko pri nas<\/a>, dobite dostop do loterije. Na\u0161 zastopnik v Braziliji bo namre\u010d kupil fizi\u010dne sre\u010dke z va\u0161imi ustreznimi \u0161tevilkami. Tako boste imeli mo\u017enost, da zmagate na loteriji.<\/p>\n<p>\u010ce torej osvojite kak\u0161no nagrado, je vse, kar morate storiti, da nagrado z na\u0161e spletne strani dvignete na svoj ra\u010dun. Tako preprosto je. Obi\u0161\u010dite na\u0161e pogoje in dolo\u010dila, da bi izvedeli, kako izpla\u010dati svoje zmagovalne \u0161tevilke v igri Mega-Sena.<\/p>\n","protected":false},"excerpt":{"rendered":"<p>Igralci po vsem svetu lahko zdaj kupijo sre\u010dke za loterijo Mega-Sena. In ne samo to, ko enkrat igrate na loteriji, lahko na spletu preverite dobitne \u0161tevilke Mega-Sene. Bistveni del igranja loterije je preverjanje rezultatov \u017erebanja, da ne zamudite nobene nagrade. Obstaja ve\u010d na\u010dinov za preverjanje dobitnih \u0161tevilk za brazilsko loterijo in temu se bomo posvetili [&hellip;]<\/p>\n","protected":false},"author":1,"featured_media":0,"parent":35854,"menu_order":14,"comment_status":"closed","ping_status":"closed","template":"megasena-results.php","meta":{"_et_pb_use_builder":"","_et_pb_old_content":"","_et_gb_content_width":"","exclude_from_search":false,"footnotes":""},"class_list":["post-41227","page","type-page","status-publish","hentry"],"yoast_head":"<!-- This site is optimized with the Yoast SEO plugin v23.3 - https:\/\/yoast.com\/wordpress\/plugins\/seo\/ -->\n<title>Rezultati loterije Mega-Sena in zmagovalne \u0161tevilke<\/title>\n<meta name=\"description\" content=\"Brazilske rezultate loterije Mega-Sena je te\u017eko najti - na na\u0161i spletni strani navajamo dana\u0161nje in v\u010deraj\u0161nje dobitne \u0161tevilke ter rezultate \u017erebanja\" \/>\n<meta name=\"robots\" content=\"index, follow, max-snippet:-1, max-image-preview:large, max-video-preview:-1\" \/>\n<link rel=\"canonical\" href=\"https:\/\/jackpotlotteryonline.com\/sl\/zmagovalne-stevilke\/mega-sena\/\" \/>\n<meta property=\"og:locale\" content=\"sl_SI\" \/>\n<meta property=\"og:type\" content=\"article\" \/>\n<meta property=\"og:title\" content=\"Rezultati loterije Mega-Sena in zmagovalne \u0161tevilke\" \/>\n<meta property=\"og:description\" content=\"Brazilske rezultate loterije Mega-Sena je te\u017eko najti - na na\u0161i spletni strani navajamo dana\u0161nje in v\u010deraj\u0161nje dobitne \u0161tevilke ter rezultate \u017erebanja\" \/>\n<meta property=\"og:url\" content=\"https:\/\/jackpotlotteryonline.com\/sl\/zmagovalne-stevilke\/mega-sena\/\" \/>\n<meta property=\"og:site_name\" content=\"Lotto Online - Crack The International Lottery Jackpots\" \/>\n<meta property=\"article:modified_time\" content=\"2022-12-29T22:00:08+00:00\" \/>\n<meta property=\"og:image\" content=\"http:\/\/jackpotlotteryonline.com\/wp-content\/uploads\/2022\/11\/read1.jpg\" \/>\n<meta name=\"twitter:card\" content=\"summary_large_image\" \/>\n<meta name=\"twitter:label1\" content=\"Est. reading time\" \/>\n\t<meta name=\"twitter:data1\" content=\"3 minute\" \/>\n<!-- \/ Yoast SEO plugin. -->","yoast_head_json":{"title":"Rezultati loterije Mega-Sena in zmagovalne \u0161tevilke","description":"Brazilske rezultate loterije Mega-Sena je te\u017eko najti - na na\u0161i spletni strani navajamo dana\u0161nje in v\u010deraj\u0161nje dobitne \u0161tevilke ter rezultate \u017erebanja","robots":{"index":"index","follow":"follow","max-snippet":"max-snippet:-1","max-image-preview":"max-image-preview:large","max-video-preview":"max-video-preview:-1"},"canonical":"https:\/\/jackpotlotteryonline.com\/sl\/zmagovalne-stevilke\/mega-sena\/","og_locale":"sl_SI","og_type":"article","og_title":"Rezultati loterije Mega-Sena in zmagovalne \u0161tevilke","og_description":"Brazilske rezultate loterije Mega-Sena je te\u017eko najti - na na\u0161i spletni strani navajamo dana\u0161nje in v\u010deraj\u0161nje dobitne \u0161tevilke ter rezultate \u017erebanja","og_url":"https:\/\/jackpotlotteryonline.com\/sl\/zmagovalne-stevilke\/mega-sena\/","og_site_name":"Lotto Online - Crack The International Lottery Jackpots","article_modified_time":"2022-12-29T22:00:08+00:00","og_image":[{"url":"http:\/\/jackpotlotteryonline.com\/wp-content\/uploads\/2022\/11\/read1.jpg"}],"twitter_card":"summary_large_image","twitter_misc":{"Est. reading time":"3 minute"},"schema":{"@context":"https:\/\/schema.org","@graph":[{"@type":"WebPage","@id":"https:\/\/jackpotlotteryonline.com\/sl\/zmagovalne-stevilke\/mega-sena\/","url":"https:\/\/jackpotlotteryonline.com\/sl\/zmagovalne-stevilke\/mega-sena\/","name":"Rezultati loterije Mega-Sena in zmagovalne \u0161tevilke","isPartOf":{"@id":"https:\/\/jackpotlotteryonline.com\/#website"},"primaryImageOfPage":{"@id":"https:\/\/jackpotlotteryonline.com\/sl\/zmagovalne-stevilke\/mega-sena\/#primaryimage"},"image":{"@id":"https:\/\/jackpotlotteryonline.com\/sl\/zmagovalne-stevilke\/mega-sena\/#primaryimage"},"thumbnailUrl":"http:\/\/jackpotlotteryonline.com\/wp-content\/uploads\/2022\/11\/read1.jpg","datePublished":"2022-12-08T13:59:31+00:00","dateModified":"2022-12-29T22:00:08+00:00","description":"Brazilske rezultate loterije Mega-Sena je te\u017eko najti - na na\u0161i spletni strani navajamo dana\u0161nje in v\u010deraj\u0161nje dobitne \u0161tevilke ter rezultate \u017erebanja","breadcrumb":{"@id":"https:\/\/jackpotlotteryonline.com\/sl\/zmagovalne-stevilke\/mega-sena\/#breadcrumb"},"inLanguage":"sl-SI","potentialAction":[{"@type":"ReadAction","target":["https:\/\/jackpotlotteryonline.com\/sl\/zmagovalne-stevilke\/mega-sena\/"]}]},{"@type":"ImageObject","inLanguage":"sl-SI","@id":"https:\/\/jackpotlotteryonline.com\/sl\/zmagovalne-stevilke\/mega-sena\/#primaryimage","url":"http:\/\/jackpotlotteryonline.com\/wp-content\/uploads\/2022\/11\/read1.jpg","contentUrl":"http:\/\/jackpotlotteryonline.com\/wp-content\/uploads\/2022\/11\/read1.jpg"},{"@type":"BreadcrumbList","@id":"https:\/\/jackpotlotteryonline.com\/sl\/zmagovalne-stevilke\/mega-sena\/#breadcrumb","itemListElement":[{"@type":"ListItem","position":1,"name":"Home","item":"https:\/\/jackpotlotteryonline.com\/sl\/"},{"@type":"ListItem","position":2,"name":"Loterija rezultati","item":"https:\/\/jackpotlotteryonline.com\/sl\/zmagovalne-stevilke\/"},{"@type":"ListItem","position":3,"name":"Mega-Sena loterija \u010drpanje rezultati"}]},{"@type":"WebSite","@id":"https:\/\/jackpotlotteryonline.com\/#website","url":"https:\/\/jackpotlotteryonline.com\/","name":"Lotto Online - Crack The International Lottery Jackpots","description":"","potentialAction":[{"@type":"SearchAction","target":{"@type":"EntryPoint","urlTemplate":"https:\/\/jackpotlotteryonline.com\/?s={search_term_string}"},"query-input":"required name=search_term_string"}],"inLanguage":"sl-SI"}]}},"_links":{"self":[{"href":"https:\/\/jackpotlotteryonline.com\/sl\/wp-json\/wp\/v2\/pages\/41227","targetHints":{"allow":["GET"]}}],"collection":[{"href":"https:\/\/jackpotlotteryonline.com\/sl\/wp-json\/wp\/v2\/pages"}],"about":[{"href":"https:\/\/jackpotlotteryonline.com\/sl\/wp-json\/wp\/v2\/types\/page"}],"author":[{"embeddable":true,"href":"https:\/\/jackpotlotteryonline.com\/sl\/wp-json\/wp\/v2\/users\/1"}],"replies":[{"embeddable":true,"href":"https:\/\/jackpotlotteryonline.com\/sl\/wp-json\/wp\/v2\/comments?post=41227"}],"version-history":[{"count":0,"href":"https:\/\/jackpotlotteryonline.com\/sl\/wp-json\/wp\/v2\/pages\/41227\/revisions"}],"up":[{"embeddable":true,"href":"https:\/\/jackpotlotteryonline.com\/sl\/wp-json\/wp\/v2\/pages\/35854"}],"wp:attachment":[{"href":"https:\/\/jackpotlotteryonline.com\/sl\/wp-json\/wp\/v2\/media?parent=41227"}],"curies":[{"name":"wp","href":"https:\/\/api.w.org\/{rel}","templated":true}]}}