{"id":41279,"date":"2022-12-08T20:15:33","date_gmt":"2022-12-08T20:15:33","guid":{"rendered":"https:\/\/jackpotlotteryonline.com\/?page_id=41279"},"modified":"2022-12-30T15:34:46","modified_gmt":"2022-12-30T15:34:46","slug":"saturday-lotto","status":"publish","type":"page","link":"https:\/\/jackpotlotteryonline.com\/sl\/zmagovalne-stevilke\/saturday-lotto\/","title":{"rendered":"Sobota Lotto \u010drpanje rezultati"},"content":{"rendered":"<p>Loterija Saturday Lotto, znana tudi kot Tatts lotto, je ena od avstralskih loterij z najve\u010djim \u0161tevilom dobitkov. In zdaj, ko lahko v lotu sodelujejo igralci po vsem svetu, je izbira dobitnih \u0161tevilk \u0161e pomembnej\u0161a. Zmaga na tej avstralski loteriji pomeni, da se boste domov vrnili z najmanj 5 milijoni dolarjev. Ta znesek se obrne, \u010de po \u017erebanju ni zmagovalnega listka. Poleg tega lahko, \u010de se udele\u017eite \u017erebanja mega, ki poteka enkrat letno ob bo\u017ei\u010du, izpla\u010date 30 milijonov dolarjev!<\/p>\n<p>\u010ce \u0161e niste kupili zmagovalne sre\u010dke za loto, obi\u0161\u010dite spletno stran jackpotlotteryonline.com in si<a href=\"https:\/\/jackpotlotteryonline.com\/sl\/kupiti-vstopnice\/saturday-lotto\"> jo zagotovite zdaj<\/a>. Nato se vrnite in si oglejte zmagovalne \u0161tevilke.<\/p>\n<h2>Zmaga v sobotni loteriji Lotto<\/h2>\n<p><img loading=\"lazy\" decoding=\"async\" class=\"alignright size-medium wp-image-28157\" src=\"http:\/\/jackpotlotteryonline.com\/wp-content\/uploads\/2022\/11\/1_lotto_money_win-300x150.jpg\" alt=\"zmagati sobota Lotto\" width=\"300\" height=\"150\" srcset=\"https:\/\/jackpotlotteryonline.com\/wp-content\/uploads\/2022\/11\/1_lotto_money_win-300x150.jpg 300w, https:\/\/jackpotlotteryonline.com\/wp-content\/uploads\/2022\/11\/1_lotto_money_win.jpg 320w\" sizes=\"auto, (max-width: 300px) 100vw, 300px\" \/>Loto Tatts je enostavno igrati, \u0161e posebej, \u010de igrate prek spleta. V osnovi morajo igralci izbrati 6 glavnih \u0161tevilk med 1 in 45. Nato 2 dodatni \u0161tevilki od 1 do 6. Dodatni \u0161tevilki nimata veliko opraviti z dolo\u010danjem glavnega dobitka. Za osvojitev glavnega dobitka je dovolj, da se ujemate z osmimi iz\u017erebanimi \u0161tevilkami.<\/p>\n<p>Tako dobitek v igri loto pomeni, da se va\u0161 listek ujema s \u0161estimi kroglicami, ki so naklju\u010dno izbrane iz sod\u010dka s 45 kroglicami. Nato se iz drugega soda s \u0161estimi kroglicami izbereta \u0161e dve drugi kroglici. Te dodatne kroglice se uporabijo za osvojitev drugih nagradnih kategorij.<\/p>\n<p>\u017drebanja potekajo enkrat na teden, in sicer ob sobotah. \u010ce torej \u017eelite dobiti zmagovalno sre\u010dko, morate vstopnico kupiti pravo\u010dasno. \u017drebanja se zaklju\u010dijo v soboto do 19.25 po srednjeevropskem \u010dasu. Igralci, ki \u017eelijo biti uvr\u0161\u010deni v \u017erebanje v tistem tednu, morajo zmagovalne vstopnice kupiti pred zaprtjem.<\/p>\n<h2>Igranje prek spleta<\/h2>\n<p>Na kratko bomo spregovorili o zmagovanju v igri loto prek spleta. Ko obi\u0161\u010dete stran sobotnega lota na spletni strani jackpotlotteryonline.com, boste morali izbrati zmagovalne \u0161tevilke. \u010ce imate nekaj posebnih datumov, ki so vam prinesli sre\u010do, jih lahko uporabite.<\/p>\n<p>Tisti, ki nimate posebnih \u0161tevilk, med katerimi bi lahko izbirali, pa se nikar ne bojte. Na voljo je samodejni izbirnik \u0161tevilk, ki bo za vas ustvaril naklju\u010dne dobitne \u0161tevilke. Veliko zmagovalcev loterije je zmagalo z uporabo samodejnega izbirnika naklju\u010dnih \u0161tevilk.<\/p>\n<p>Ko boste izbrali zmagovalne \u0161tevilke, boste vstopili v tedensko \u017erebanje. Preden lahko izvedete pla\u010dilo, vas bomo prosili, da se registrirate. To je namenjeno varovanju va\u0161e sre\u010dke in pomo\u010di pri izpla\u010dilu dobitkov. Temu se bomo kmalu posvetili.<\/p>\n<section class=\"layout\" style=\"border: solid 1px; width: 100%;\">\n<div class=\"img-div\" style=\"margin-top: 5px;\"><img decoding=\"async\" class=\"wp-image-17212 alignleft\" style=\"height: 45px; margin: 8px 8px 0px;\" src=\"http:\/\/jackpotlotteryonline.com\/wp-content\/uploads\/2022\/11\/read1.jpg\" alt=\"Preberite\" width=\"\" height=\"\" \/><\/div>\n<div style=\"padding-left: 5px;\">\n<div style=\"font-size: 1.1em;\">\n<p><strong>Oglejte si \u017erebanje loterijskih \u0161tevilk v \u017eivo<\/strong><\/p>\n<p style=\"font-size: 0.85em; margin-top: -1.5em;\">Kako gledati \u017erebanja v \u017eivo va\u0161ih najljub\u0161ih loterij\u00a0<a href=\"https:\/\/jackpotlotteryonline.com\/sl\/spremljajte-svoje-loterijske-stevilke-ki-se-crpajo-v-zivo\"> preberi ve\u010d<\/a><\/p>\n<\/div>\n<\/div>\n<\/section>\n<h2>Razdelitev nagrad<\/h2>\n<p>Zmaga v igri Tatts lotto ni le osvojitev glavnega dobitka. Ta lotto ima skupno osem nagradnih razdelkov. Ko kupite sre\u010dko za loto, imate prilo\u017enost za katero koli od teh nagradnih kategorij. Dobitne \u0161tevilke za vsak razdelek so navedene spodaj.<\/p>\n<p>Razdelek 1: Uganka 6 (glavni dobitek)<\/p>\n<p>Razdelek 2: Ujemanje \u0161tevilke 5 + 1 dodatna \u0161tevilka<\/p>\n<p>Oddelek 3: marec 5<\/p>\n<p>Razdelek 4: tekma 4<\/p>\n<p>Razdelek 5: tekma 3 + 1 dodatna \u0161tevilka<\/p>\n<p>Divizija 6: tekma 3<\/p>\n<p>Verjetno je eden od razlogov, zakaj Avstralci tako obo\u017eujejo to loterijo, kako enostavno je zmagati. Verjetnost dobitka je fantasti\u010dna, kar ob minimalnem glavnem dobitku v vi\u0161ini 5 milijonov avstralskih dolarjev niti ni presenetljivo. \u010ce tega \u0161e niste storili, je zdaj pravi \u010das, da razmislite o nakupu dobitne sre\u010dke.<\/p>\n<h2>Dodatne \u0161tevilke<\/h2>\n<p>Omenili smo dopolnilne \u0161tevilke in verjetno ste \u017ee opazili, da jih nekatere loterije uporabljajo. Upo\u0161tevajte, da se te naklju\u010dno generirajo med \u017erebanjem in se uporabljajo za dolo\u010ditev razdelkov 2 in 5. Igralci teh \u0161tevilk ne izbirajo in nanje nimajo vpliva. Zato se ne vznemirjajte, \u010de ob nakupu sre\u010dk ne boste videli te mo\u017enosti.<\/p>\n<h2>Kako preveriti dobitne rezultate<\/h2>\n<p>Zdaj, ko ste kupili vstopnico, kako lahko preverite, ali imate zmagovalno sre\u010dko? Najbolj\u0161i na\u010din za to je, da se vrnete sem. Po \u017erebanjih na tej strani objavimo zmagovalne rezultate za sobotni loto.<\/p>\n<p>Ne objavljamo samo \u0161tevilk glavnega dobitka. Objavljamo tudi dobitne \u0161tevilke za vse druge razdelke. Tako lahko na prvi pogled ugotovite, kako blizu ste bili zmagi v igri loto.<\/p>\n<p>\u010ce ste se pri nas registrirali, je to \u0161e la\u017eje. Ni vam treba iti nikamor, da bi izvedeli, ali ste zmagali v igri loto. Ne, saj vam bomo obvestilo poslali takoj, ko boste osvojili nagrado. Tako je. Prejeli boste elektronsko sporo\u010dilo z opozorilom, da imate zmagovalne \u0161tevilke za igro loto. Trudimo se, da bi bilo igranje lota od koder koli enostavno in brez stresa.<\/p>\n<h2>Izpla\u010dilo dobitkov<\/h2>\n<p><img loading=\"lazy\" decoding=\"async\" class=\"alignright size-medium wp-image-34997\" src=\"http:\/\/jackpotlotteryonline.com\/wp-content\/uploads\/2022\/11\/2_ticket_saturday_lotto_au-1-166x300.jpg\" alt=\"Spletno potrdilo o prejemu ra\u010duna Saturday Lotto\" width=\"166\" height=\"300\" srcset=\"https:\/\/jackpotlotteryonline.com\/wp-content\/uploads\/2022\/11\/2_ticket_saturday_lotto_au-1-166x300.jpg 166w, https:\/\/jackpotlotteryonline.com\/wp-content\/uploads\/2022\/11\/2_ticket_saturday_lotto_au-1.jpg 250w\" sizes=\"auto, (max-width: 166px) 100vw, 166px\" \/>\u010ce ste osvojili loto, je naslednji korak dostop do dobitka. Zmaga v avstralskem lotu nima smisla, \u010de ne morete priti do svojega dobitka. In tu se stvari za\u010dnejo odvijati zelo zanimivo.<\/p>\n<p>\u010ce ste osvojili nagrado loto, ki je ni\u017eja od 2.500 evrov, je pridobitev nagrade izjemno preprosta. Preprosto izpla\u010dajte svoj dobitek iz na\u0161e platforme naravnost na svojo banko. Na voljo imamo ve\u010d na\u010dinov, ki jih lahko uporabite za udobno izpla\u010dilo dobitkov.<\/p>\n<p>\u010ce je va\u0161 dobitek vi\u0161ji od 2.500 evrov, se boste morda morali obrniti na loterijsko podjetje in vlo\u017eiti zahtevek. Za to vam bomo zagotovili potrebno podporo in vam poslali obrazec za zahtevke, ki ga morate izpolniti. To je enostaven postopek s prakti\u010dno ni\u010d te\u017eavami.<\/p>\n<h2>Zaklju\u010dek<\/h2>\n<p>Prednost nakupa sre\u010dk pri nas je, da veste, da ste kupili vstopnico za loterijo. Pri nas ne stavite na izid. Dejansko ste kupili vstopnico. \u010ce torej zmagate, boste prejeli svoj dobitek.<\/p>\n<p>Igralcem olaj\u0161amo igranje najbolj\u0161ih mednarodnih loterij. Kupite lahko sre\u010dke, preverite svojo zmagovalno kombinacijo in preprosto izpla\u010date svoje dobitke. Poskrbeli smo za vse podrobnosti, zato se lahko sprostite in zabavate. Ko <a href=\"http:\/\/jackpotlotteryonline.com\/sl\/kako-igrati\/igranje-sobota-lotto-na-spletu\">igrate loterijo z jackpotlotteryonline.com<\/a>, dobite situacijo, v kateri zmagata obe strani. Registrirajte se pri nas \u0161e danes.<\/p>\n","protected":false},"excerpt":{"rendered":"<p>Loterija Saturday Lotto, znana tudi kot Tatts lotto, je ena od avstralskih loterij z najve\u010djim \u0161tevilom dobitkov. In zdaj, ko lahko v lotu sodelujejo igralci po vsem svetu, je izbira dobitnih \u0161tevilk \u0161e pomembnej\u0161a. Zmaga na tej avstralski loteriji pomeni, da se boste domov vrnili z najmanj 5 milijoni dolarjev. Ta znesek se obrne, \u010de [&hellip;]<\/p>\n","protected":false},"author":1,"featured_media":0,"parent":35854,"menu_order":18,"comment_status":"closed","ping_status":"closed","template":"saturday-lotto-results.php","meta":{"_et_pb_use_builder":"","_et_pb_old_content":"","_et_gb_content_width":"","exclude_from_search":false,"footnotes":""},"class_list":["post-41279","page","type-page","status-publish","hentry"],"yoast_head":"<!-- This site is optimized with the Yoast SEO plugin v23.3 - https:\/\/yoast.com\/wordpress\/plugins\/seo\/ -->\n<title>Sobota Lotto zmagovalne \u0161tevilke in rezultati \u017erebanja<\/title>\n<meta name=\"description\" content=\"Primerjajte svojo loterijsko sre\u010dko z rezultati zadnjega \u017erebanja Saturday Lotto - oglejte si zmagovalne \u0161tevilke tukaj!\" \/>\n<meta name=\"robots\" content=\"index, follow, max-snippet:-1, max-image-preview:large, max-video-preview:-1\" \/>\n<link rel=\"canonical\" href=\"https:\/\/jackpotlotteryonline.com\/sl\/zmagovalne-stevilke\/saturday-lotto\/\" \/>\n<meta property=\"og:locale\" content=\"sl_SI\" \/>\n<meta property=\"og:type\" content=\"article\" \/>\n<meta property=\"og:title\" content=\"Sobota Lotto zmagovalne \u0161tevilke in rezultati \u017erebanja\" \/>\n<meta property=\"og:description\" content=\"Primerjajte svojo loterijsko sre\u010dko z rezultati zadnjega \u017erebanja Saturday Lotto - oglejte si zmagovalne \u0161tevilke tukaj!\" \/>\n<meta property=\"og:url\" content=\"https:\/\/jackpotlotteryonline.com\/sl\/zmagovalne-stevilke\/saturday-lotto\/\" \/>\n<meta property=\"og:site_name\" content=\"Lotto Online - Crack The International Lottery Jackpots\" \/>\n<meta property=\"article:modified_time\" content=\"2022-12-30T15:34:46+00:00\" \/>\n<meta property=\"og:image\" content=\"http:\/\/jackpotlotteryonline.com\/wp-content\/uploads\/2022\/11\/1_lotto_money_win-300x150.jpg\" \/>\n<meta name=\"twitter:card\" content=\"summary_large_image\" \/>\n<meta name=\"twitter:label1\" content=\"Est. reading time\" \/>\n\t<meta name=\"twitter:data1\" content=\"5 minut\" \/>\n<!-- \/ Yoast SEO plugin. -->","yoast_head_json":{"title":"Sobota Lotto zmagovalne \u0161tevilke in rezultati \u017erebanja","description":"Primerjajte svojo loterijsko sre\u010dko z rezultati zadnjega \u017erebanja Saturday Lotto - oglejte si zmagovalne \u0161tevilke tukaj!","robots":{"index":"index","follow":"follow","max-snippet":"max-snippet:-1","max-image-preview":"max-image-preview:large","max-video-preview":"max-video-preview:-1"},"canonical":"https:\/\/jackpotlotteryonline.com\/sl\/zmagovalne-stevilke\/saturday-lotto\/","og_locale":"sl_SI","og_type":"article","og_title":"Sobota Lotto zmagovalne \u0161tevilke in rezultati \u017erebanja","og_description":"Primerjajte svojo loterijsko sre\u010dko z rezultati zadnjega \u017erebanja Saturday Lotto - oglejte si zmagovalne \u0161tevilke tukaj!","og_url":"https:\/\/jackpotlotteryonline.com\/sl\/zmagovalne-stevilke\/saturday-lotto\/","og_site_name":"Lotto Online - Crack The International Lottery Jackpots","article_modified_time":"2022-12-30T15:34:46+00:00","og_image":[{"url":"http:\/\/jackpotlotteryonline.com\/wp-content\/uploads\/2022\/11\/1_lotto_money_win-300x150.jpg"}],"twitter_card":"summary_large_image","twitter_misc":{"Est. reading time":"5 minut"},"schema":{"@context":"https:\/\/schema.org","@graph":[{"@type":"WebPage","@id":"https:\/\/jackpotlotteryonline.com\/sl\/zmagovalne-stevilke\/saturday-lotto\/","url":"https:\/\/jackpotlotteryonline.com\/sl\/zmagovalne-stevilke\/saturday-lotto\/","name":"Sobota Lotto zmagovalne \u0161tevilke in rezultati \u017erebanja","isPartOf":{"@id":"https:\/\/jackpotlotteryonline.com\/#website"},"primaryImageOfPage":{"@id":"https:\/\/jackpotlotteryonline.com\/sl\/zmagovalne-stevilke\/saturday-lotto\/#primaryimage"},"image":{"@id":"https:\/\/jackpotlotteryonline.com\/sl\/zmagovalne-stevilke\/saturday-lotto\/#primaryimage"},"thumbnailUrl":"http:\/\/jackpotlotteryonline.com\/wp-content\/uploads\/2022\/11\/1_lotto_money_win-300x150.jpg","datePublished":"2022-12-08T20:15:33+00:00","dateModified":"2022-12-30T15:34:46+00:00","description":"Primerjajte svojo loterijsko sre\u010dko z rezultati zadnjega \u017erebanja Saturday Lotto - oglejte si zmagovalne \u0161tevilke tukaj!","breadcrumb":{"@id":"https:\/\/jackpotlotteryonline.com\/sl\/zmagovalne-stevilke\/saturday-lotto\/#breadcrumb"},"inLanguage":"sl-SI","potentialAction":[{"@type":"ReadAction","target":["https:\/\/jackpotlotteryonline.com\/sl\/zmagovalne-stevilke\/saturday-lotto\/"]}]},{"@type":"ImageObject","inLanguage":"sl-SI","@id":"https:\/\/jackpotlotteryonline.com\/sl\/zmagovalne-stevilke\/saturday-lotto\/#primaryimage","url":"http:\/\/jackpotlotteryonline.com\/wp-content\/uploads\/2022\/11\/1_lotto_money_win-300x150.jpg","contentUrl":"http:\/\/jackpotlotteryonline.com\/wp-content\/uploads\/2022\/11\/1_lotto_money_win-300x150.jpg"},{"@type":"BreadcrumbList","@id":"https:\/\/jackpotlotteryonline.com\/sl\/zmagovalne-stevilke\/saturday-lotto\/#breadcrumb","itemListElement":[{"@type":"ListItem","position":1,"name":"Home","item":"https:\/\/jackpotlotteryonline.com\/sl\/"},{"@type":"ListItem","position":2,"name":"Loterija rezultati","item":"https:\/\/jackpotlotteryonline.com\/sl\/zmagovalne-stevilke\/"},{"@type":"ListItem","position":3,"name":"Sobota Lotto \u010drpanje rezultati"}]},{"@type":"WebSite","@id":"https:\/\/jackpotlotteryonline.com\/#website","url":"https:\/\/jackpotlotteryonline.com\/","name":"Lotto Online - Crack The International Lottery Jackpots","description":"","potentialAction":[{"@type":"SearchAction","target":{"@type":"EntryPoint","urlTemplate":"https:\/\/jackpotlotteryonline.com\/?s={search_term_string}"},"query-input":"required name=search_term_string"}],"inLanguage":"sl-SI"}]}},"_links":{"self":[{"href":"https:\/\/jackpotlotteryonline.com\/sl\/wp-json\/wp\/v2\/pages\/41279","targetHints":{"allow":["GET"]}}],"collection":[{"href":"https:\/\/jackpotlotteryonline.com\/sl\/wp-json\/wp\/v2\/pages"}],"about":[{"href":"https:\/\/jackpotlotteryonline.com\/sl\/wp-json\/wp\/v2\/types\/page"}],"author":[{"embeddable":true,"href":"https:\/\/jackpotlotteryonline.com\/sl\/wp-json\/wp\/v2\/users\/1"}],"replies":[{"embeddable":true,"href":"https:\/\/jackpotlotteryonline.com\/sl\/wp-json\/wp\/v2\/comments?post=41279"}],"version-history":[{"count":0,"href":"https:\/\/jackpotlotteryonline.com\/sl\/wp-json\/wp\/v2\/pages\/41279\/revisions"}],"up":[{"embeddable":true,"href":"https:\/\/jackpotlotteryonline.com\/sl\/wp-json\/wp\/v2\/pages\/35854"}],"wp:attachment":[{"href":"https:\/\/jackpotlotteryonline.com\/sl\/wp-json\/wp\/v2\/media?parent=41279"}],"curies":[{"name":"wp","href":"https:\/\/api.w.org\/{rel}","templated":true}]}}