{"id":41333,"date":"2022-12-09T07:09:58","date_gmt":"2022-12-09T07:09:58","guid":{"rendered":"https:\/\/jackpotlotteryonline.com\/?page_id=41333"},"modified":"2022-12-29T14:12:58","modified_gmt":"2022-12-29T14:12:58","slug":"thunderball","status":"publish","type":"page","link":"https:\/\/jackpotlotteryonline.com\/sl\/zmagovalne-stevilke\/thunderball\/","title":{"rendered":"Thunderball Loterija \u010drpanje rezultati"},"content":{"rendered":"<p>Thunderball je ena izmed bolj priljubljenih loterij v Zdru\u017eenem kraljestvu. Za majhen znesek lahko igralci osvojijo pol milijona funtov, kar je fantasti\u010dno. Obstaja veliko loterij, vendar je v igri Thunderball nekaj, kar privla\u010di igralce. Morda so to izjemno ugodne kvote ali pa dejstvo, da je v njej veliko dobitnikov. Ne glede na razlog igralci po vsem svetu kupujejo loterijske sre\u010dke Thunderball tudi prek spleta.<\/p>\n<p>\u010ce <a href=\"https:\/\/jackpotlotteryonline.com\/sl\/kako-igrati\/thunderball\">igrate loterijo prek spleta<\/a>, morate nujno preveriti dobitne \u0161tevilke. Tako boste vedeli, ali imate sre\u010dko, ki se ujema z iz\u017erebanimi \u0161tevilkami. \u010ce se spra\u0161ujete, kako preveriti rezultate \u017erebanja, potem ste na pravem mestu. Z vami bomo delili tudi najbolj\u0161i na\u010din za preverjanje rezultatov \u017erebanja<\/p>\n<p>\u010ce <a href=\"https:\/\/jackpotlotteryonline.com\/sl\/kupiti-vstopnice\/thunderball\">kupujete sre\u010dke na spletni strani jackpotlotteryonline.com<\/a>, potem nadaljujte z branjem, da bi izvedeli, kako lahko zahtevate svoje dobitke.<\/p>\n<h2>Izbira zmagovalnih \u0161tevilk Thunderball<\/h2>\n<p><img loading=\"lazy\" decoding=\"async\" class=\"alignright size-medium wp-image-29480\" src=\"http:\/\/jackpotlotteryonline.com\/wp-content\/uploads\/2022\/11\/1_rain_lottery_money_win-282x300.jpg\" alt=\"Dobitne \u0161tevilke Thunderball\" width=\"282\" height=\"300\" srcset=\"https:\/\/jackpotlotteryonline.com\/wp-content\/uploads\/2022\/11\/1_rain_lottery_money_win-282x300.jpg 282w, https:\/\/jackpotlotteryonline.com\/wp-content\/uploads\/2022\/11\/1_rain_lottery_money_win.jpg 300w\" sizes=\"auto, (max-width: 282px) 100vw, 282px\" \/>Igralci se pri izbiri \u0161tevilk, ki jih \u017eelijo iz\u017erebati, poslu\u017eujejo dveh glavnih na\u010dinov. Pri ve\u010dini loterij morate izbrati \u0161tevilke iz dolo\u010denega razpona. Zato nekateri igralci radi izberejo datume, ki so zanje posebni, kot so rojstni dnevi ali obletnice. To so tako imenovani sre\u010dni datumi.<\/p>\n<p>V nekaterih delih sveta imajo nekateri ljudje \u0161tevilke, ki se jim zdijo sre\u010dne. Nekateri na primer menijo, da je \u0161tevilka 7 sre\u010dna \u0161tevilka, medtem ko drugi menijo, da je \u0161tevilka 13 nesre\u010dna. Vse je odvisno od tega, kaj se vam zdi sre\u010dno. To je metoda, ki jo uporabljajo \u0161tevilni igralci po vsem svetu, in lahko se obnese tudi pri vas.<\/p>\n<p>Drugi na\u010din je, da s pomo\u010djo na\u0161ega samodejnega generatorja naklju\u010dno izberete \u0161tevilke. Ta na\u010din deluje za nekatere ljudi preprosto zato, ker je loterija igra sre\u010de. \u010ceprav lahko naredite marsikaj, da se boste po\u010dutili sre\u010dne, si zmage ne morete zagotoviti.<\/p>\n<h2>Kako igrati Thunderball na spletu<\/h2>\n<p>Britanski Thunderball je razburljiva igra. Postopek je enak kot pri vseh drugih igrah lota. Na\u010deloma morate izbrati 5 \u0161tevilk od 1 do 39 in posebno \u0161tevilko od 1 do 14. Posebna \u0161tevilka se imenuje &#8220;Thunderball&#8221; in se uporablja za dolo\u010ditev \u0161estih nagradnih kategorij, vklju\u010dno z glavnim dobitkom.<\/p>\n<p>Pri spletnem igranju ni ni\u010d druga\u010de, le da lahko za izbiro naklju\u010dnih \u0161tevilk uporabite generator \u0161tevilk. To je nekako tako kot &#8220;sre\u010delov&#8221; za tiste, ki so navajeni na fizi\u010dne sre\u010dke. Izberete lahko ve\u010d vrstic in ve\u010d sre\u010dk ter tako pove\u010date svoje mo\u017enosti za dobitek Thunderball.<\/p>\n<p>Naslednji korak je udele\u017eba v \u017erebanju in to je najbolj\u0161i del. Upo\u0161tevajte, da se lahko udele\u017eite ve\u010d \u017erebanj. \u010ce kupite vstopnico pri nas, lahko v \u017erebanje vstopite tudi ve\u010d tednov vnaprej. To vam daje prednost pri igranju te igre na sre\u010do.<\/p>\n<section class=\"layout\" style=\"border: solid 1px; width: 100%;\">\n<div class=\"img-div\" style=\"margin-top: 5px;\"><img decoding=\"async\" class=\"wp-image-17212 alignleft\" style=\"height: 45px; margin: 8px 8px 0px;\" src=\"http:\/\/jackpotlotteryonline.com\/wp-content\/uploads\/2022\/11\/read1.jpg\" alt=\"Preberite\" width=\"\" height=\"\" \/><\/div>\n<div style=\"padding-left: 5px;\">\n<div style=\"font-size: 1.1em;\">\n<p><strong>Loterije z najve\u010djimi mo\u017enostmi za veliko zmago<\/strong><\/p>\n<p style=\"font-size: 0.85em; margin-top: -1.5em;\">Katera loterija ima najbolj\u0161e mo\u017enosti za zmago?\u00a0<a href=\"https:\/\/jackpotlotteryonline.com\/sl\/katera-loterija-ima-najboljse-moznosti-za-zmago\"> preberi ve\u010d<\/a><\/p>\n<\/div>\n<\/div>\n<\/section>\n<h2>Dnevi \u017erebanja Thunderball<\/h2>\n<p>Dnevi \u017erebanja so \u0161tirikrat na teden, in sicer ob torkih, sredah, petkih in sobotah. Ta britanska loterija ima vsak teden \u0161tiri \u017erebanja. Za igralce to pomeni, da imate pri igri Thunderball \u0161tirikrat ve\u010djo mo\u017enost, da osvojite glavni dobitek.<\/p>\n<p>Sodelujete lahko v enem samem \u017erebanju, vendar je verjetno bolje, da sodelujete v ve\u010d \u017erebanjih, saj boste tako imeli veliko ve\u010d mo\u017enosti za dobitek. Ne pozabite, da imate z ve\u010d vnosi ve\u010djo verjetnost za dobitek.<\/p>\n<h2>Kako preveriti rezultate \u017erebanja Thunderball<\/h2>\n<p>Zdaj pa sledi najbolj\u0161i del, to je preverjanje rezultatov \u017erebanja. Edini na\u010din, da preverite rezultate \u017erebanja, je, da ugotovite, ali imate pravo kombinacijo. Ve\u010dina loterij organizira \u017erebanja v \u017eivo in Thunderball ni izjema. \u017drebanje v \u017eivo si lahko ogledate na spletu. Pomembno je upo\u0161tevati, da \u017erebanja v \u017eivo potekajo ob dolo\u010denem \u010dasu in da v primeru zmage zamudite nagrado.<\/p>\n<p>Seveda lahko vedno pobrskate po spletu in ugotovite, ali ste zmagovalec. Na \u017ealost, \u010deprav lahko dobite kombinacijo za glavni dobitek, to ni tako enostavno pri drugih nagradnih kategorijah. Nagrada druge stopnje za Thunderball zna\u0161a 5000 funtov in te si ne bi \u017eeleli zamuditi.<\/p>\n<p>Najbolj\u0161a mo\u017enost je, da po vsakem \u017erebanju preverite to stran. Objavljamo najnovej\u0161e rezultate \u017erebanj v vseh kategorijah. \u010ce ste sre\u010dko kupili pri nas, vas bomo obvestili tudi o morebitnem dobitku.<\/p>\n<h2>Nagrade, ki jih lahko osvojite<\/h2>\n<p>Kak\u0161ne so razli\u010dne nagrade v razli\u010dnih kategorijah? Britanski Thunderball ima ve\u010d nagradnih kategorij, v katerih je nagrada samo za zadetek Thunderball. Obstaja velika verjetnost, da bo igralec prejel nagrado.<\/p>\n<p>Tukaj je raz\u010dlenitev nagradnih kategorij za UK Thunderball in mo\u017enosti za zmago.<\/p>\n<p>Kategorija 1: ujemanje 5 + Thunderball &#8211; 1 proti 8.060.598 &#8211; 500.000 GBP<\/p>\n<p>Kategorija 2: samo Match 5 &#8211; 1 proti 620.046 &#8211; 5000 funtov<\/p>\n<p>Kategorija 3: Match 4 + Thunderball &#8211; 1 proti 47.416 &#8211; 250 GBP<\/p>\n<p>Kategorija 4: Samo Match 4 &#8211; 1 od 3.648 &#8211; 100 GBP<\/p>\n<p>Kategorija 5: Match 3 + Thunderball &#8211; 1 od 1.437 &#8211; 20 GBP<\/p>\n<p>Kategorija 6: Samo Match 3 &#8211; 1 od 111 &#8211; 10 GBP<\/p>\n<p>Kategorija 7: Match 2 + Thunderball &#8211; 1 od 135 &#8211; 10 GBP<\/p>\n<p>Kategorija 8: Match 1 + Thunderball &#8211; 1 od 35 &#8211; 5 GBP<\/p>\n<p>Kategorija 9: Match Thunderball &#8211; 1 proti 29 &#8211; 3 \u00a3<\/p>\n<p>Nagrado Thunderball lahko osvoji vsakdo, tudi \u010de \u017eivi zunaj Zdru\u017eenega kraljestva. Preprosto kupite spletno sre\u010dko in si zagotovite prilo\u017enost za veliko zmago.<\/p>\n<h2>Izpla\u010dilo dobitkov<\/h2>\n<p><img loading=\"lazy\" decoding=\"async\" class=\"alignright size-full wp-image-28832\" src=\"http:\/\/jackpotlotteryonline.com\/wp-content\/uploads\/2022\/11\/1_online_win_lottery.jpg\" alt=\"uveljavljanje nagrade Thunderball\" width=\"250\" height=\"167\" \/>Omenili smo, da vas bomo o tem, da imate dobitno sre\u010dko, obvestili po e-po\u0161ti in prek va\u0161ega ra\u010duna. Toda kako lahko izpla\u010date svoje dobitke, \u010de \u017eivite zunaj Zdru\u017eenega kraljestva? To je vpra\u0161anje, ki skrbi \u0161tevilne igralce. Tukaj smo, da vas pomirimo glede va\u0161ih dobitkov.<\/p>\n<p>Ko se registrirate pri nas in pri nas kupite loterijske sre\u010dke, vam postopek poenostavimo. Kot portfelsko spletno mesto smo ustvarili brezhiben postopek, s katerim lahko preprosto izpla\u010date svoje dobitke. Pri dobitkih, ki so ni\u017eji od 2.500 evrov, je vse, kar morate storiti, izpla\u010dilo z na\u0161ega spletnega mesta na va\u0161 ra\u010dun.<\/p>\n<p>\u010ce ste osvojili nagrado, ki presega ta znesek, morate svoj dobitek zahtevati neposredno od loterijskega podjetja. Posredovali vam bomo obrazec za zahtevek in vas vodili skozi postopek. Zato se nam ni treba bati, saj poskrbimo, da bo vse enostavno in brez stresa.<\/p>\n<h2>Stvari, ki jih morate vedeti, preden zahtevate svoj dobitek<\/h2>\n<p>Preden zahtevate nagrado, je pomembno, da veste nekaj stvari o igranju loterije v Zdru\u017eenem kraljestvu. Vemo \u017ee, da je loterija odprta za vse, ne glede na dr\u017eavljanstvo, vendar je tu nekaj stvari, ki jih morate upo\u0161tevati:<\/p>\n<ul>\n<li>Loterija je odprta za igralce, starej\u0161e od 16 let.<\/li>\n<li>Nagrade se izpla\u010dajo v enkratnem znesku<\/li>\n<li>Loterijski dobitki v dr\u017eavi niso obdav\u010deni. \u010ce pa igrate zunaj dr\u017eave, morate preveriti dav\u010dno zakonodajo v svoji dr\u017eavi.<\/li>\n<li>Preden se dobitek vrne nazaj v sklad, imate 180 dni \u010dasa, da ga zahtevate.<\/li>\n<li>\u010ce ste se na loterijo prijavili prek fizi\u010dnega prodajalca, boste morda morali stopiti v stik z organizatorji loterije, da bi zahtevali svoj dobitek.<\/li>\n<\/ul>\n<h2>Prednosti igranja loterije z Jackpotlotteryonline.com<\/h2>\n<ul>\n<li>Pridobite hiter in takoj\u0161en dostop do loterije. Za igranje loterije vam ni treba \u017eiveti v Zdru\u017eenem kraljestvu<\/li>\n<li>To je izjemno priro\u010dno, saj vam ni treba zapustiti udobja svojega doma. Svojo kombinacijo lahko preverite iz ra\u010dunalnika ali mobilne naprave.<\/li>\n<li>Prav tako je varnej\u0161a, saj je va\u0161a sre\u010dka shranjena v digitalni obliki. To je pomembno, saj je to edini na\u010din, da zahtevate svoj dobitek.<\/li>\n<li>Ni potrebe, da bi zamudili svoj dobitek, saj vas bomo nemudoma opozorili, \u010de boste osvojili katero koli nagrado.<\/li>\n<li>Vsak dobitek lahko preprosto izpla\u010date prek spleta, ne da bi morali kamor koli iti<\/li>\n<\/ul>\n<p>\u010ce \u0161e niste kupili sre\u010dke Thunderball, je zdaj pravi \u010das, da to storite, saj se boste tako lahko udele\u017eili naslednjega \u017erebanja.<\/p>\n<h2>Kaj je spletno mesto concierge?<\/h2>\n<p>Omenili smo, da smo spletno mesto concierge, in morda se spra\u0161ujete, kaj to pomeni. Ena od te\u017eav igralcev pri spletnem nakupu sre\u010dk je, da nikoli ne vedo, ali so se uvrstili v \u017erebanje. \u0160tevilna spletna mesta svojim igralcem omogo\u010dajo, da stavijo na izid loterije, kar je nekaj povsem drugega.<\/p>\n<p>Na spletnem mestu jackpotlotteryonline.com svojim uporabnikom omogo\u010damo dostop do najbolj\u0161ih mednarodnih loterij po vsem svetu. To je zato, ker vodimo spletno mesto s conciergeom, na katerem imamo agente v razli\u010dnih delih sveta. Ko pri nas kupite loterijske sre\u010dke, na\u0161 agent v tej dr\u017eavi kupi fizi\u010dno sre\u010dko z ustreznimi \u0161tevilkami. Naknadno se sre\u010dka skenira in po\u0161lje vam.<\/p>\n<p>Ko pri nas kupite loterijsko sre\u010dko Thunderball, ste prepri\u010dani, da boste v primeru ujemanja iz\u017erebanih \u0161tevilk zmagali na loteriji. To je tako preprosto, vendar je to edina stvar, ki na\u0161im strankam omogo\u010da, da so mirne du\u0161e pri igranju loterije prek spleta.<\/p>\n<h2>Nasveti za zmago Thunderball<\/h2>\n<p>\u010ceprav je Thunderball igra naklju\u010dja, lahko naredite nekaj stvari, s katerimi boste pove\u010dali svojo verjetnost za zmago. Nekaj jih bomo na\u0161teli v nadaljevanju:<\/p>\n<ul>\n<li>Izberite svoje sre\u010dne \u0161tevilke. Pri igri Thunderball ne morete imeti preve\u010d sre\u010de.<\/li>\n<li>Kupite ve\u010d sre\u010dk in sodelujte v ve\u010d \u017erebanjih. Ve\u010d kot je namre\u010d vstopov, ve\u010dje so va\u0161e mo\u017enosti za zmago.<\/li>\n<li>Pridru\u017eite se sindikatu ali ga ustanovite. To je skupina ljudi, ki zdru\u017ei svoja sredstva, da lahko kupi ve\u010d sre\u010dk.<\/li>\n<li>Mo\u010dno verjemite, da boste zmagali. Nekaj je v tem, da verjamete z vsem srcem, kar k vam pritegne sre\u010do. Ve\u010d loterijskih zmagovalcev je govorilo o svojem prepri\u010danju, da bodo zmagali.<\/li>\n<\/ul>\n<h2>Preverite svojo zmagovalno kombinacijo na jackpotlotteryonline.com<\/h2>\n<p>Igralcem olaj\u0161amo dostop do najbolj\u0161ih mednarodnih loterij, saj jim zagotavljamo spletne sre\u010dke. Poleg tega lahko preverite tudi rezultate \u017erebanja in izpla\u010date svoje dobitke na na\u0161em spletnem mestu. Igranje igre Thunderball \u0161e nikoli ni bilo tako spro\u0161\u010dujo\u010de in brez stresa. In trudili smo se, da bi tako tudi ostalo.<\/p>\n<p>\u010ce \u017eelite preizkusiti igro Thunderball v Veliki Britaniji, ne oklevajte in kupite svoje vstopnice zdaj. Po vsakem \u017erebanju obi\u0161\u010dite na\u0161o spletno stran, kjer boste izvedeli rezultate \u017erebanja in preprosto izpla\u010dali svoje dobitke.<\/p>\n","protected":false},"excerpt":{"rendered":"<p>Thunderball je ena izmed bolj priljubljenih loterij v Zdru\u017eenem kraljestvu. Za majhen znesek lahko igralci osvojijo pol milijona funtov, kar je fantasti\u010dno. Obstaja veliko loterij, vendar je v igri Thunderball nekaj, kar privla\u010di igralce. Morda so to izjemno ugodne kvote ali pa dejstvo, da je v njej veliko dobitnikov. Ne glede na razlog igralci po [&hellip;]<\/p>\n","protected":false},"author":1,"featured_media":0,"parent":35854,"menu_order":12,"comment_status":"closed","ping_status":"closed","template":"thunderball-results.php","meta":{"_et_pb_use_builder":"","_et_pb_old_content":"","_et_gb_content_width":"","exclude_from_search":false,"footnotes":""},"class_list":["post-41333","page","type-page","status-publish","hentry"],"yoast_head":"<!-- This site is optimized with the Yoast SEO plugin v23.3 - https:\/\/yoast.com\/wordpress\/plugins\/seo\/ -->\n<title>Zmagovalne \u0161tevilke loterije Thunderball in rezultati \u017erebanja<\/title>\n<meta name=\"description\" content=\"Preverite svojo sre\u010dko glede na dobitne \u0161tevilke in rezultate zadnjega \u017erebanja Thunderball ali poi\u0161\u010dite rezultate \u017erebanj v preteklosti\" \/>\n<meta name=\"robots\" content=\"index, follow, max-snippet:-1, max-image-preview:large, max-video-preview:-1\" \/>\n<link rel=\"canonical\" href=\"https:\/\/jackpotlotteryonline.com\/sl\/zmagovalne-stevilke\/thunderball\/\" \/>\n<meta property=\"og:locale\" content=\"sl_SI\" \/>\n<meta property=\"og:type\" content=\"article\" \/>\n<meta property=\"og:title\" content=\"Zmagovalne \u0161tevilke loterije Thunderball in rezultati \u017erebanja\" \/>\n<meta property=\"og:description\" content=\"Preverite svojo sre\u010dko glede na dobitne \u0161tevilke in rezultate zadnjega \u017erebanja Thunderball ali poi\u0161\u010dite rezultate \u017erebanj v preteklosti\" \/>\n<meta property=\"og:url\" content=\"https:\/\/jackpotlotteryonline.com\/sl\/zmagovalne-stevilke\/thunderball\/\" \/>\n<meta property=\"og:site_name\" content=\"Lotto Online - Crack The International Lottery Jackpots\" \/>\n<meta property=\"article:modified_time\" content=\"2022-12-29T14:12:58+00:00\" \/>\n<meta property=\"og:image\" content=\"http:\/\/jackpotlotteryonline.com\/wp-content\/uploads\/2022\/11\/1_rain_lottery_money_win-282x300.jpg\" \/>\n<meta name=\"twitter:card\" content=\"summary_large_image\" \/>\n<meta name=\"twitter:label1\" content=\"Est. reading time\" \/>\n\t<meta name=\"twitter:data1\" content=\"7 minut\" \/>\n<!-- \/ Yoast SEO plugin. -->","yoast_head_json":{"title":"Zmagovalne \u0161tevilke loterije Thunderball in rezultati \u017erebanja","description":"Preverite svojo sre\u010dko glede na dobitne \u0161tevilke in rezultate zadnjega \u017erebanja Thunderball ali poi\u0161\u010dite rezultate \u017erebanj v preteklosti","robots":{"index":"index","follow":"follow","max-snippet":"max-snippet:-1","max-image-preview":"max-image-preview:large","max-video-preview":"max-video-preview:-1"},"canonical":"https:\/\/jackpotlotteryonline.com\/sl\/zmagovalne-stevilke\/thunderball\/","og_locale":"sl_SI","og_type":"article","og_title":"Zmagovalne \u0161tevilke loterije Thunderball in rezultati \u017erebanja","og_description":"Preverite svojo sre\u010dko glede na dobitne \u0161tevilke in rezultate zadnjega \u017erebanja Thunderball ali poi\u0161\u010dite rezultate \u017erebanj v preteklosti","og_url":"https:\/\/jackpotlotteryonline.com\/sl\/zmagovalne-stevilke\/thunderball\/","og_site_name":"Lotto Online - Crack The International Lottery Jackpots","article_modified_time":"2022-12-29T14:12:58+00:00","og_image":[{"url":"http:\/\/jackpotlotteryonline.com\/wp-content\/uploads\/2022\/11\/1_rain_lottery_money_win-282x300.jpg"}],"twitter_card":"summary_large_image","twitter_misc":{"Est. reading time":"7 minut"},"schema":{"@context":"https:\/\/schema.org","@graph":[{"@type":"WebPage","@id":"https:\/\/jackpotlotteryonline.com\/sl\/zmagovalne-stevilke\/thunderball\/","url":"https:\/\/jackpotlotteryonline.com\/sl\/zmagovalne-stevilke\/thunderball\/","name":"Zmagovalne \u0161tevilke loterije Thunderball in rezultati \u017erebanja","isPartOf":{"@id":"https:\/\/jackpotlotteryonline.com\/#website"},"primaryImageOfPage":{"@id":"https:\/\/jackpotlotteryonline.com\/sl\/zmagovalne-stevilke\/thunderball\/#primaryimage"},"image":{"@id":"https:\/\/jackpotlotteryonline.com\/sl\/zmagovalne-stevilke\/thunderball\/#primaryimage"},"thumbnailUrl":"http:\/\/jackpotlotteryonline.com\/wp-content\/uploads\/2022\/11\/1_rain_lottery_money_win-282x300.jpg","datePublished":"2022-12-09T07:09:58+00:00","dateModified":"2022-12-29T14:12:58+00:00","description":"Preverite svojo sre\u010dko glede na dobitne \u0161tevilke in rezultate zadnjega \u017erebanja Thunderball ali poi\u0161\u010dite rezultate \u017erebanj v preteklosti","breadcrumb":{"@id":"https:\/\/jackpotlotteryonline.com\/sl\/zmagovalne-stevilke\/thunderball\/#breadcrumb"},"inLanguage":"sl-SI","potentialAction":[{"@type":"ReadAction","target":["https:\/\/jackpotlotteryonline.com\/sl\/zmagovalne-stevilke\/thunderball\/"]}]},{"@type":"ImageObject","inLanguage":"sl-SI","@id":"https:\/\/jackpotlotteryonline.com\/sl\/zmagovalne-stevilke\/thunderball\/#primaryimage","url":"http:\/\/jackpotlotteryonline.com\/wp-content\/uploads\/2022\/11\/1_rain_lottery_money_win-282x300.jpg","contentUrl":"http:\/\/jackpotlotteryonline.com\/wp-content\/uploads\/2022\/11\/1_rain_lottery_money_win-282x300.jpg"},{"@type":"BreadcrumbList","@id":"https:\/\/jackpotlotteryonline.com\/sl\/zmagovalne-stevilke\/thunderball\/#breadcrumb","itemListElement":[{"@type":"ListItem","position":1,"name":"Home","item":"https:\/\/jackpotlotteryonline.com\/sl\/"},{"@type":"ListItem","position":2,"name":"Loterija rezultati","item":"https:\/\/jackpotlotteryonline.com\/sl\/zmagovalne-stevilke\/"},{"@type":"ListItem","position":3,"name":"Thunderball Loterija \u010drpanje rezultati"}]},{"@type":"WebSite","@id":"https:\/\/jackpotlotteryonline.com\/#website","url":"https:\/\/jackpotlotteryonline.com\/","name":"Lotto Online - Crack The International Lottery Jackpots","description":"","potentialAction":[{"@type":"SearchAction","target":{"@type":"EntryPoint","urlTemplate":"https:\/\/jackpotlotteryonline.com\/?s={search_term_string}"},"query-input":"required name=search_term_string"}],"inLanguage":"sl-SI"}]}},"_links":{"self":[{"href":"https:\/\/jackpotlotteryonline.com\/sl\/wp-json\/wp\/v2\/pages\/41333","targetHints":{"allow":["GET"]}}],"collection":[{"href":"https:\/\/jackpotlotteryonline.com\/sl\/wp-json\/wp\/v2\/pages"}],"about":[{"href":"https:\/\/jackpotlotteryonline.com\/sl\/wp-json\/wp\/v2\/types\/page"}],"author":[{"embeddable":true,"href":"https:\/\/jackpotlotteryonline.com\/sl\/wp-json\/wp\/v2\/users\/1"}],"replies":[{"embeddable":true,"href":"https:\/\/jackpotlotteryonline.com\/sl\/wp-json\/wp\/v2\/comments?post=41333"}],"version-history":[{"count":0,"href":"https:\/\/jackpotlotteryonline.com\/sl\/wp-json\/wp\/v2\/pages\/41333\/revisions"}],"up":[{"embeddable":true,"href":"https:\/\/jackpotlotteryonline.com\/sl\/wp-json\/wp\/v2\/pages\/35854"}],"wp:attachment":[{"href":"https:\/\/jackpotlotteryonline.com\/sl\/wp-json\/wp\/v2\/media?parent=41333"}],"curies":[{"name":"wp","href":"https:\/\/api.w.org\/{rel}","templated":true}]}}