{"id":41388,"date":"2022-12-09T09:03:45","date_gmt":"2022-12-09T09:03:45","guid":{"rendered":"https:\/\/jackpotlotteryonline.com\/?page_id=41388"},"modified":"2022-12-30T10:26:07","modified_gmt":"2022-12-30T10:26:07","slug":"new-york-lottery","status":"publish","type":"page","link":"https:\/\/jackpotlotteryonline.com\/sl\/zmagovalne-stevilke\/new-york-lottery\/","title":{"rendered":"New York loterija \u010drpanje rezultati"},"content":{"rendered":"<p>Newyor\u0161ka loterija je bila v\u010dasih ena od tistih, ki so bile spregledane. Predvsem zato, ker ste lahko v loteriji sodelovali le kot prebivalci New Yorka. To se je zdaj spremenilo, saj lahko igralci po vsem svetu kupijo loterijske sre\u010dke. Zdaj ve\u010d loterijskih navdu\u0161encev izbira zmagovalne \u0161tevilke z igranjem prek spleta. Ta newyor\u0161ka loterija je bila ustanovljena za zbiranje sredstev za izobra\u017eevanje, tako da ima svoje korenine v dobrem namenu. Vsaki\u010d, ko kupite sre\u010dko, prispevate k financiranju izobra\u017eevanja.<\/p>\n<p>Ko <a href=\"https:\/\/jackpotlotteryonline.com\/sl\/kupiti-vstopnice\/new-york-lottery\">kupite loterijsko sre\u010dko na jackpotlotteryonline.com<\/a>, lahko izberete svojo kombinacijo New York lotto.<\/p>\n<h2>Kako igrati New York lotto na spletu<\/h2>\n<p><img loading=\"lazy\" decoding=\"async\" class=\"alignright size-full wp-image-29534\" src=\"http:\/\/jackpotlotteryonline.com\/wp-content\/uploads\/2022\/11\/1_results_lottery_online5.jpg\" alt=\"igranje newyor\u0161ke loterije na spletu\" width=\"300\" height=\"200\" \/>Igranje loterije je zabavno in razburljivo. Vendar je ta izku\u0161nja \u0161e ve\u010dja, \u010de igrate prek spleta. Vstop v spletno loterijo je hiter, preprost in popolnoma enostaven. \u010ce igrate New York lotto, so spodaj navedeni koraki:<\/p>\n<ul>\n<li>Obi\u0161\u010dite izbrano spletno mesto (na primer jackpotlotteryonline.com) in kliknite loterijo, ki jo \u017eelite igrati.<\/li>\n<li>Izberite 6 iz razpona od 1 do 59. Obstaja tudi 7. \u0161tevilka, ki pa jo naklju\u010dno iz\u017ereba podjetje lotto in ni del va\u0161e sre\u010dke.<\/li>\n<li>Vnesite \u017erebanja, ki so vsak teden ob sredah in sobotah. Sodelujete lahko samo v enem \u017erebanju ali v obeh.<\/li>\n<li>Dokon\u010dajte pla\u010dilo. Ve\u010dina loterijskih strani zahteva, da se registrirate, da lahko dokon\u010date pla\u010dilo. Tako boste po nakupu lahko enostavno dostopali do svoje vstopnice.<\/li>\n<\/ul>\n<p>Igranje spletne loterije je res tako preprosto. Nobenega drugega na\u010dina ni za pridobitev sre\u010dk zunaj New Yorka. Zato zagotavljamo najbolj\u0161o mo\u017enost za igralce, ki \u017eivijo v drugem delu sveta.<\/p>\n<h2>Kako izbrati zmagovalne \u0161tevilke<\/h2>\n<p>Okej, ali res obstaja zmagovalna strategija za izbiro kombinacij, s katerimi boste zagotovo zmagali na loteriji? Menimo, da ne obstaja, in sicer iz preprostega razloga, ker je loterija igra na sre\u010do. Precej te\u017eko je re\u010di, katera kombinacija vam bo pomagala zmagati na loteriji, zlasti ker so \u017erebanja naklju\u010dna.<\/p>\n<p>Kljub temu lahko svojo sre\u010do pove\u010date tako, da izberete zmagovalne \u0161tevilke, ki vam prina\u0161ajo ob\u010dutek sre\u010de. Tako lahko izberete rojstne dneve, obletnice, \u0161tevilke, ki so vam prina\u0161ale sre\u010do vse \u017eivljenje, itd. Lahko pa preprosto uporabite orodje samodejnega generatorja na na\u0161i spletni strani in izberete naklju\u010dne \u0161tevilke.<\/p>\n<h2>Kategorije nagrad New York lotto<\/h2>\n<p>Ta lotto New York ima najmanj\u0161i znesek glavnega dobitka 2 milijona dolarjev. \u010ce pa po \u017erebanjih nih\u010de ne osvoji glavnega dobitka, se ta pove\u010da za 300 000 dolarjev. Ta nagrada se \u0161e naprej pove\u010duje, dokler se ne pojavi zmagovalec.<\/p>\n<p>Skupno je pet nagradnih kategorij, vklju\u010dno z glavnim dobitkom. Verjetnost, da osvojite nagrado, je 1 proti 92,05. Razdelitev nagrad je odvisna od celotne prodaje. Tako je za vsak loto 40 % prodaje namenjeno za denarne nagrade. Glavni dobitek je odstotek tega dobitka in ni fiksni znesek. Nagradne kategorije za loto New York so opisane spodaj:<\/p>\n<p>Kategorija 1: 6 \u0161tevilk &#8211; glavni dobitek (30 %)<\/p>\n<p>Kategorija 2: 5 + bonusna \u0161tevilka &#8211; 2,9 % prodaje<\/p>\n<p>Kategorija 3: 5 \u0161tevilk &#8211; 2,2 % prodaje<\/p>\n<p>kategorija 4: 4 \u0161tevilke &#8211; 2,5 % prodaje<\/p>\n<p>Kategorija 5: 3 \u0161tevilke &#8211; 2,4 % prodaje<\/p>\n<h2>Kako preveriti, ali so bile iz\u017erebane \u0161tevilke<\/h2>\n<p>Kako veste, ali ste osvojili nagrado? \u010ce igrate New York lotto na jackpotlotteryonline.com, vas bomo obvestili, \u010de ste osvojili nagrado. To storimo tako, da vam po\u0161ljemo sporo\u010dilo na va\u0161 ra\u010dun in na va\u0161 elektronski naslov. \u010ce ste registrirani pri nas, resni\u010dno ni mo\u017enosti, da bi zamudili nagrado.<\/p>\n<p>Tudi \u010de ne boste prejeli nagrade, lahko na tej strani preverite dobitne \u0161tevilke. Po vsakem \u017erebanju rezultate \u017erebanja objavimo tukaj. Zato preverite, katera kombinacija je osvojila glavni dobitek ali nagrade iz drugih kategorij.<\/p>\n<h2>Kako izpla\u010dati nagrado<\/h2>\n<p><img loading=\"lazy\" decoding=\"async\" class=\"alignright size-medium wp-image-29183\" src=\"http:\/\/jackpotlotteryonline.com\/wp-content\/uploads\/2022\/11\/1_play_lotto-online-300x199.jpg\" alt=\"Zmagovalne \u0161tevilke lota New York\" width=\"300\" height=\"199\" srcset=\"https:\/\/jackpotlotteryonline.com\/wp-content\/uploads\/2022\/11\/1_play_lotto-online-300x199.jpg 300w, https:\/\/jackpotlotteryonline.com\/wp-content\/uploads\/2022\/11\/1_play_lotto-online.jpg 350w\" sizes=\"auto, (max-width: 300px) 100vw, 300px\" \/>\u010ce ste osvojili nagrado, lahko do svojega dobitka enostavno dostopate tukaj na na\u0161i spletni strani. Za nagrade, ni\u017eje od 2 500 evrov, lahko na na\u0161i platformi izpla\u010date svoj dobitek neposredno na svojo banko. To je le vpra\u0161anje nekaj klikov in nagrado boste prejeli brez te\u017eav.<\/p>\n<p>\u010ce pa je va\u0161 dobitek vi\u0161ji od 2.500 evrov, se boste morda morali obrniti neposredno na loterijsko podjetje. V tem primeru vam bomo poslali obrazec za zahtevek, ki ga boste morali izpolniti, in vam pomagali obdelati va\u0161 dobitek.<\/p>\n<h2>Nasveti za igranje New York loto<\/h2>\n<p>\u010ce potrebujete nekaj nasvetov za igranje loterije, nadaljujte z branjem. Ti nasveti so uporabni, ko igrate katero koli vrhunsko mednarodno loterijo. Torej niso omejeni samo na loto New York.<\/p>\n<ul>\n<li>Skrbno izberite zmagovalne \u0161tevilke. \u010ceprav ne morete napovedati zmagovalca loterije, je vedno dobro izbrati kombinacijo, ki ima za vas pomen.<\/li>\n<li>Za ta lotto New York je pomembna bonus \u0161tevilka, saj dolo\u010da nagrado v drugi kategoriji. Zato je ne prezrite, saj se lahko domov vrnete z lepim dobitkom, tudi \u010de ne osvojite glavnega dobitka.<\/li>\n<li>Bodite pozorni na dneve \u017erebanja, saj takrat izvemo, katera \u0161tevilka je zmagovalna. Prav tako velja, da \u010de ne sodelujete v \u017erebanju, v tem \u017erebanju ne morete osvojiti nobene nagrade. Zato so dnevi \u017erebanja zelo pomembni. V \u017erebanja se lahko prijavite tudi ve\u010d tednov vnaprej (kako, vam bomo pokazali pozneje).<\/li>\n<\/ul>\n<section class=\"layout\" style=\"border: solid 1px; width: 100%;\">\n<div class=\"img-div\" style=\"margin-top: 5px;\"><img decoding=\"async\" class=\"wp-image-17212 alignleft\" style=\"height: 45px; margin: 8px 8px 0px;\" src=\"http:\/\/jackpotlotteryonline.com\/wp-content\/uploads\/2022\/11\/read1.jpg\" alt=\"Preberite\" width=\"\" height=\"\" \/><\/div>\n<div style=\"padding-left: 5px;\">\n<div style=\"font-size: 1.1em;\">\n<p><strong>Kak\u0161na je skrivnost uspeha na loteriji?<\/strong><\/p>\n<p style=\"font-size: 0.85em; margin-top: -1.5em;\">Kako uspe\u0161no igrati na loteriji\u00a0 <a href=\"https:\/\/jackpotlotteryonline.com\/sl\/kaj-je-tajnost-uspeha-loterije\"> preberi ve\u010d<\/a><\/p>\n<\/div>\n<\/div>\n<\/section>\n<h2>Preverite rezultate \u017erebanj na jackpotlotteryonline.com<\/h2>\n<p>Smo spletna stran, ki poskrbi za podrobnosti, da lahko na\u0161e stranke u\u017eivajo v igranju loterije. Razumemo, da nih\u010de ne \u017eeli skrbeti za malenkosti. Ta \u010das bi bilo bolje porabiti za izpopolnjevanje loterijske strategije. Zato smo tukaj.<\/p>\n<p>Svojim strankam omogo\u010damo sodelovanje v loterijah po vsem svetu. Prav tako tukaj objavljamo rezultate loterije in zagotavljamo brezhiben sistem, da lahko dostopate do svojih dobitkov.<\/p>\n<p><a href=\"https:\/\/jackpotlotteryonline.com\/sl\/kako-igrati\/new-york-lottery-2\">Igranje lota v New Yorku z nami<\/a> je koristno za vse.<\/p>\n","protected":false},"excerpt":{"rendered":"<p>Newyor\u0161ka loterija je bila v\u010dasih ena od tistih, ki so bile spregledane. Predvsem zato, ker ste lahko v loteriji sodelovali le kot prebivalci New Yorka. To se je zdaj spremenilo, saj lahko igralci po vsem svetu kupijo loterijske sre\u010dke. Zdaj ve\u010d loterijskih navdu\u0161encev izbira zmagovalne \u0161tevilke z igranjem prek spleta. Ta newyor\u0161ka loterija je bila [&hellip;]<\/p>\n","protected":false},"author":1,"featured_media":0,"parent":35854,"menu_order":15,"comment_status":"closed","ping_status":"closed","template":"newyork-results.php","meta":{"_et_pb_use_builder":"","_et_pb_old_content":"","_et_gb_content_width":"","exclude_from_search":false,"footnotes":""},"class_list":["post-41388","page","type-page","status-publish","hentry"],"yoast_head":"<!-- This site is optimized with the Yoast SEO plugin v23.3 - https:\/\/yoast.com\/wordpress\/plugins\/seo\/ -->\n<title>Zmagovalne \u0161tevilke loterije New York in rezultati \u017erebanja<\/title>\n<meta name=\"description\" content=\"Rezultati \u017erebanja za loterijo New York - dobitne \u0161tevilke, dobljeni zneski za vsa pretekla in sedanja \u017erebanja\" \/>\n<meta name=\"robots\" content=\"index, follow, max-snippet:-1, max-image-preview:large, max-video-preview:-1\" \/>\n<link rel=\"canonical\" href=\"https:\/\/jackpotlotteryonline.com\/sl\/zmagovalne-stevilke\/new-york-lottery\/\" \/>\n<meta property=\"og:locale\" content=\"sl_SI\" \/>\n<meta property=\"og:type\" content=\"article\" \/>\n<meta property=\"og:title\" content=\"Zmagovalne \u0161tevilke loterije New York in rezultati \u017erebanja\" \/>\n<meta property=\"og:description\" content=\"Rezultati \u017erebanja za loterijo New York - dobitne \u0161tevilke, dobljeni zneski za vsa pretekla in sedanja \u017erebanja\" \/>\n<meta property=\"og:url\" content=\"https:\/\/jackpotlotteryonline.com\/sl\/zmagovalne-stevilke\/new-york-lottery\/\" \/>\n<meta property=\"og:site_name\" content=\"Lotto Online - Crack The International Lottery Jackpots\" \/>\n<meta property=\"article:modified_time\" content=\"2022-12-30T10:26:07+00:00\" \/>\n<meta property=\"og:image\" content=\"http:\/\/jackpotlotteryonline.com\/wp-content\/uploads\/2022\/11\/1_results_lottery_online5.jpg\" \/>\n<meta name=\"twitter:card\" content=\"summary_large_image\" \/>\n<meta name=\"twitter:label1\" content=\"Est. reading time\" \/>\n\t<meta name=\"twitter:data1\" content=\"5 minut\" \/>\n<!-- \/ Yoast SEO plugin. -->","yoast_head_json":{"title":"Zmagovalne \u0161tevilke loterije New York in rezultati \u017erebanja","description":"Rezultati \u017erebanja za loterijo New York - dobitne \u0161tevilke, dobljeni zneski za vsa pretekla in sedanja \u017erebanja","robots":{"index":"index","follow":"follow","max-snippet":"max-snippet:-1","max-image-preview":"max-image-preview:large","max-video-preview":"max-video-preview:-1"},"canonical":"https:\/\/jackpotlotteryonline.com\/sl\/zmagovalne-stevilke\/new-york-lottery\/","og_locale":"sl_SI","og_type":"article","og_title":"Zmagovalne \u0161tevilke loterije New York in rezultati \u017erebanja","og_description":"Rezultati \u017erebanja za loterijo New York - dobitne \u0161tevilke, dobljeni zneski za vsa pretekla in sedanja \u017erebanja","og_url":"https:\/\/jackpotlotteryonline.com\/sl\/zmagovalne-stevilke\/new-york-lottery\/","og_site_name":"Lotto Online - Crack The International Lottery Jackpots","article_modified_time":"2022-12-30T10:26:07+00:00","og_image":[{"url":"http:\/\/jackpotlotteryonline.com\/wp-content\/uploads\/2022\/11\/1_results_lottery_online5.jpg"}],"twitter_card":"summary_large_image","twitter_misc":{"Est. reading time":"5 minut"},"schema":{"@context":"https:\/\/schema.org","@graph":[{"@type":"WebPage","@id":"https:\/\/jackpotlotteryonline.com\/sl\/zmagovalne-stevilke\/new-york-lottery\/","url":"https:\/\/jackpotlotteryonline.com\/sl\/zmagovalne-stevilke\/new-york-lottery\/","name":"Zmagovalne \u0161tevilke loterije New York in rezultati \u017erebanja","isPartOf":{"@id":"https:\/\/jackpotlotteryonline.com\/#website"},"primaryImageOfPage":{"@id":"https:\/\/jackpotlotteryonline.com\/sl\/zmagovalne-stevilke\/new-york-lottery\/#primaryimage"},"image":{"@id":"https:\/\/jackpotlotteryonline.com\/sl\/zmagovalne-stevilke\/new-york-lottery\/#primaryimage"},"thumbnailUrl":"http:\/\/jackpotlotteryonline.com\/wp-content\/uploads\/2022\/11\/1_results_lottery_online5.jpg","datePublished":"2022-12-09T09:03:45+00:00","dateModified":"2022-12-30T10:26:07+00:00","description":"Rezultati \u017erebanja za loterijo New York - dobitne \u0161tevilke, dobljeni zneski za vsa pretekla in sedanja \u017erebanja","breadcrumb":{"@id":"https:\/\/jackpotlotteryonline.com\/sl\/zmagovalne-stevilke\/new-york-lottery\/#breadcrumb"},"inLanguage":"sl-SI","potentialAction":[{"@type":"ReadAction","target":["https:\/\/jackpotlotteryonline.com\/sl\/zmagovalne-stevilke\/new-york-lottery\/"]}]},{"@type":"ImageObject","inLanguage":"sl-SI","@id":"https:\/\/jackpotlotteryonline.com\/sl\/zmagovalne-stevilke\/new-york-lottery\/#primaryimage","url":"http:\/\/jackpotlotteryonline.com\/wp-content\/uploads\/2022\/11\/1_results_lottery_online5.jpg","contentUrl":"http:\/\/jackpotlotteryonline.com\/wp-content\/uploads\/2022\/11\/1_results_lottery_online5.jpg"},{"@type":"BreadcrumbList","@id":"https:\/\/jackpotlotteryonline.com\/sl\/zmagovalne-stevilke\/new-york-lottery\/#breadcrumb","itemListElement":[{"@type":"ListItem","position":1,"name":"Home","item":"https:\/\/jackpotlotteryonline.com\/sl\/"},{"@type":"ListItem","position":2,"name":"Loterija rezultati","item":"https:\/\/jackpotlotteryonline.com\/sl\/zmagovalne-stevilke\/"},{"@type":"ListItem","position":3,"name":"New York loterija \u010drpanje rezultati"}]},{"@type":"WebSite","@id":"https:\/\/jackpotlotteryonline.com\/#website","url":"https:\/\/jackpotlotteryonline.com\/","name":"Lotto Online - Crack The International Lottery Jackpots","description":"","potentialAction":[{"@type":"SearchAction","target":{"@type":"EntryPoint","urlTemplate":"https:\/\/jackpotlotteryonline.com\/?s={search_term_string}"},"query-input":"required name=search_term_string"}],"inLanguage":"sl-SI"}]}},"_links":{"self":[{"href":"https:\/\/jackpotlotteryonline.com\/sl\/wp-json\/wp\/v2\/pages\/41388","targetHints":{"allow":["GET"]}}],"collection":[{"href":"https:\/\/jackpotlotteryonline.com\/sl\/wp-json\/wp\/v2\/pages"}],"about":[{"href":"https:\/\/jackpotlotteryonline.com\/sl\/wp-json\/wp\/v2\/types\/page"}],"author":[{"embeddable":true,"href":"https:\/\/jackpotlotteryonline.com\/sl\/wp-json\/wp\/v2\/users\/1"}],"replies":[{"embeddable":true,"href":"https:\/\/jackpotlotteryonline.com\/sl\/wp-json\/wp\/v2\/comments?post=41388"}],"version-history":[{"count":0,"href":"https:\/\/jackpotlotteryonline.com\/sl\/wp-json\/wp\/v2\/pages\/41388\/revisions"}],"up":[{"embeddable":true,"href":"https:\/\/jackpotlotteryonline.com\/sl\/wp-json\/wp\/v2\/pages\/35854"}],"wp:attachment":[{"href":"https:\/\/jackpotlotteryonline.com\/sl\/wp-json\/wp\/v2\/media?parent=41388"}],"curies":[{"name":"wp","href":"https:\/\/api.w.org\/{rel}","templated":true}]}}