{"id":41440,"date":"2022-12-09T11:19:20","date_gmt":"2022-12-09T11:19:20","guid":{"rendered":"https:\/\/jackpotlotteryonline.com\/?page_id=41440"},"modified":"2022-12-30T12:26:58","modified_gmt":"2022-12-30T12:26:58","slug":"oz-lotto","status":"publish","type":"page","link":"https:\/\/jackpotlotteryonline.com\/sl\/zmagovalne-stevilke\/oz-lotto\/","title":{"rendered":"Oz Lotto \u010drpanje rezultati"},"content":{"rendered":"<h2>Oz Lotto \u010drpanje rezultati Informacije<\/h2>\n<p><img loading=\"lazy\" decoding=\"async\" class=\"alignright size-full wp-image-26942\" src=\"https:\/\/jackpotlotteryonline.com\/wp-content\/uploads\/2022\/11\/1_euromillions_results.jpg\" alt=\"oz lotto \u017erebanje rezultati\" width=\"300\" height=\"200\" \/>Vas zanima, kak\u0161ni so rezultati \u017erebanja Oz Lotto ali kaj se zgodi, ko nekdo zmaga? V tem \u010dlanku boste izvedeli, kako odgovoriti na ta vpra\u0161anja.<\/p>\n<p>Ta avstralski Lotto se \u017ereba vsak torek in soboto ob 19:30 AEST, zato se po izbiri \u0161tevilk lahko udobno namestite in po\u010dakate na \u017erebanje. \u017drebanja potekajo v Sydneyju s pomo\u010djo ra\u010dunalni\u0161kega generatorja \u0161tevilk.<\/p>\n<p>Oz Lotto je precej donosna igra, ki ima sedem nagradnih razdelkov, pri \u010demer lahko igralec, ki zadane pet ali \u0161tiri \u0161tevilke, osvoji druge nagrade, \u010de ne osvoji prvega razdelka (glavnega dobitka). Poleg tega se podeli deset nagrad po 2 milijona dolarjev, \u010de nobenemu igralcu ne uspe ujeti vseh sedmih iz\u017erebanih \u0161tevilk.<\/p>\n<p>Rezultati \u017erebanja loterije so objavljeni teden dni po \u017erebanju na spletnem mestu vlade zvezne dr\u017eave Viktorija. \u010cas \u017erebanja je zaupen, da se za\u0161\u010diti zasebnost udele\u017eencev.<\/p>\n<h2>Kako lahko zmagam v avstralski loteriji Oz Lotto?<\/h2>\n<p>\u010ce \u017eelite osvojiti katero koli nagrado v igri Oz Lotto, morate vedeti naslednje:<\/p>\n<ol>\n<li>Za <a href=\"https:\/\/jackpotlotteryonline.com\/sl\/kako-igrati\/oz-lotto\">igranje igre Oz Lotto<\/a> mora igralec izmed 47 \u0161tevilk iz\u017erebati deset \u0161tevilk.<\/li>\n<li>Prvih sedem iz\u017erebanih \u0161tevilk velja za dobitne \u0161tevilke za glavni dobitek.<\/li>\n<li>Preostale tri iz\u017erebane \u0161tevilke so dodatne \u0161tevilke, ki se uporabljajo za dolo\u010danje nagrad v drugih razdelkih.<\/li>\n<li>\u010cim ve\u010d ujemajo\u010dih se \u0161tevilk ima igralec, tem ve\u010dja je nagrada.<\/li>\n<li>Sodelovanje v igri Oz Lotto je igra na sre\u010do; lahko zmagate ali izgubite.<\/li>\n<\/ol>\n<h2>Kako lahko preverim, ali sem zmagal v dolo\u010denem \u017erebanju?<\/h2>\n<p><img loading=\"lazy\" decoding=\"async\" class=\"alignright size-full wp-image-26159\" src=\"https:\/\/jackpotlotteryonline.com\/wp-content\/uploads\/2022\/11\/1_buy_lottery_online.jpg\" alt=\"oz lotto \u017erebanje rezultati\" width=\"212\" height=\"142\" \/>\u010ce ste<a href=\"https:\/\/jackpotlotteryonline.com\/sl\/kupiti-vstopnice\/oz-lotto\"> pri nas kupili sre\u010dko<\/a>, preverite rezultate \u017erebanja na na\u0161em spletnem mestu. Najla\u017eje boste izvedeli, ali ste zmagali, tako da se prijavite v svoj igralni ra\u010dun na na\u0161em spletnem mestu. Nato pojdite na &#8220;moje vstopnice&#8221; in videli boste skeniranje va\u0161e vstopnice s \u0161tevilkami, s katerimi ste igrali. Po \u017erebanju bodo vse ujemajo\u010de se \u0161tevilke ozna\u010dene.<\/p>\n<p>Drugi na\u010din, da preverite, ali ste zmagali, je, da preverite svojo e-po\u0161to. Takoj po \u017erebanju boste prejeli elektronsko sporo\u010dilo, ki vas bo o tem obvestilo. Uporabite te informacije in ugotovite, ali ste v tem \u017erebanju zmagali.<\/p>\n<p>Prav tako lahko obi\u0161\u010dete uradno spletno stran avstralske loterije Oz Lotto, kjer boste izvedeli ve\u010d o preteklih izidih in splo\u0161nih informacijah o loteriji.<\/p>\n<h2>Na\u010dini za izbolj\u0161anje mo\u017enosti za zmago<\/h2>\n<p>\u010ce \u017eelite pove\u010dati svoje mo\u017enosti za osvojitev glavnega dobitka, lahko sodelujete v ve\u010d \u017erebanjih tako, da kupite sre\u010dke za zaporedna \u017erebanja. To omogo\u010da, da lahko z istim izborom igrate ve\u010d tednov. No, igranje na ta na\u010din bo pove\u010dalo stro\u0161ke va\u0161ih naro\u010dil, vendar vam bo omogo\u010dilo igranje v ve\u010d \u017erebanjih.<\/p>\n<section class=\"layout\" style=\"border: solid 1px; width: 100%;\">\n<div class=\"img-div\" style=\"margin-top: 5px;\"><img decoding=\"async\" class=\"wp-image-17212 alignleft\" style=\"height: 45px; margin: 8px 8px 0px;\" src=\"https:\/\/jackpotlotteryonline.com\/wp-content\/uploads\/2022\/11\/read1.jpg\" alt=\"Preberite\" width=\"\" height=\"\" \/><\/div>\n<div style=\"padding-left: 5px;\">\n<div style=\"font-size: 1.1em;\">\n<p><strong>Izberite zmagovalne \u0161tevilke Loto ro\u010dno ali z uporabo RNG<\/strong><\/p>\n<p style=\"font-size: 0.85em; margin-top: -1.5em;\">Kako ustvariti zmagovalne \u0161tevilke loterije? <a href=\"https:\/\/jackpotlotteryonline.com\/sl\/kako-ustvariti-zmagovalne-stevilke-loto\">preberi ve\u010d<\/a><\/p>\n<\/div>\n<\/div>\n<\/section>\n<h2>Kako lahko prejmem nagrado?<\/h2>\n<p>V primeru osvojitve katere koli nagrade upo\u0161tevajte naslednje:<\/p>\n<ul>\n<li>Dobitki, ni\u017eji od 2500 EUR, se samodejno prenesejo na va\u0161 igralni ra\u010dun. Z nagradnim denarjem lahko izpla\u010date ali nadaljujete z nakupom dodatnih sre\u010dk.<\/li>\n<li>Pri dobitkih, vi\u0161jih od 2500 \u20ac, vam bo nagrado izpla\u010dala neposredno komisija loterije, prejmete pa jo lahko z ban\u010dnim nakazilom ali \u010dekom.<\/li>\n<\/ul>\n<p>Prepri\u010dajte se, da ne zamudite \u017erebanj. Da ne bi zamudili nobene informacije, igralcem svetujemo, da spletno stran jackpotlotteryonline.com uvrstijo na beli seznam zaupanja vrednih ponudnikov e-po\u0161te.<\/p>\n<p><strong>Za zaklju\u010dek&#8230;<\/strong><\/p>\n<p>Oz Lotto je ena najbolj priljubljenih loterijskih iger v Avstraliji od leta 1994. \u0160tevilni ljudje so zaradi nje \u010dez no\u010d postali milijonarji. Kaj vas torej sili, da ne igrate? Sodelujte v tej avstralski loteriji in imejte mo\u017enost, da osvojite eno od \u0161tevilnih nagrad, \u010de \u017ee ne glavnega dobitka.<\/p>\n<p><strong>Prijavite se \u0161e danes in zmagajte!<\/strong><\/p>\n","protected":false},"excerpt":{"rendered":"<p>Oz Lotto \u010drpanje rezultati Informacije Vas zanima, kak\u0161ni so rezultati \u017erebanja Oz Lotto ali kaj se zgodi, ko nekdo zmaga? V tem \u010dlanku boste izvedeli, kako odgovoriti na ta vpra\u0161anja. Ta avstralski Lotto se \u017ereba vsak torek in soboto ob 19:30 AEST, zato se po izbiri \u0161tevilk lahko udobno namestite in po\u010dakate na \u017erebanje. \u017drebanja [&hellip;]<\/p>\n","protected":false},"author":1,"featured_media":0,"parent":35854,"menu_order":16,"comment_status":"closed","ping_status":"closed","template":"","meta":{"_et_pb_use_builder":"","_et_pb_old_content":"","_et_gb_content_width":"","exclude_from_search":false,"footnotes":""},"class_list":["post-41440","page","type-page","status-publish","hentry"],"yoast_head":"<!-- This site is optimized with the Yoast SEO plugin v23.3 - https:\/\/yoast.com\/wordpress\/plugins\/seo\/ -->\n<title>Oz Lotto zmagovalne \u0161tevilke in rezultati \u017erebanja<\/title>\n<meta name=\"description\" content=\"Preverite zmagovalne \u0161tevilke in pretekle rezultate avstralske loterije Oz Lotto na na\u0161i strani z rezultati \u017erebanja. Prepri\u010dajte se, da ne boste zamudili!\" \/>\n<meta name=\"robots\" content=\"index, follow, max-snippet:-1, max-image-preview:large, max-video-preview:-1\" \/>\n<link rel=\"canonical\" href=\"https:\/\/jackpotlotteryonline.com\/sl\/zmagovalne-stevilke\/oz-lotto\/\" \/>\n<meta property=\"og:locale\" content=\"sl_SI\" \/>\n<meta property=\"og:type\" content=\"article\" \/>\n<meta property=\"og:title\" content=\"Oz Lotto zmagovalne \u0161tevilke in rezultati \u017erebanja\" \/>\n<meta property=\"og:description\" content=\"Preverite zmagovalne \u0161tevilke in pretekle rezultate avstralske loterije Oz Lotto na na\u0161i strani z rezultati \u017erebanja. Prepri\u010dajte se, da ne boste zamudili!\" \/>\n<meta property=\"og:url\" content=\"https:\/\/jackpotlotteryonline.com\/sl\/zmagovalne-stevilke\/oz-lotto\/\" \/>\n<meta property=\"og:site_name\" content=\"Lotto Online - Crack The International Lottery Jackpots\" \/>\n<meta property=\"article:modified_time\" content=\"2022-12-30T12:26:58+00:00\" \/>\n<meta property=\"og:image\" content=\"https:\/\/jackpotlotteryonline.com\/wp-content\/uploads\/2022\/11\/1_euromillions_results.jpg\" \/>\n<meta name=\"twitter:card\" content=\"summary_large_image\" \/>\n<meta name=\"twitter:label1\" content=\"Est. reading time\" \/>\n\t<meta name=\"twitter:data1\" content=\"3 minute\" \/>\n<!-- \/ Yoast SEO plugin. -->","yoast_head_json":{"title":"Oz Lotto zmagovalne \u0161tevilke in rezultati \u017erebanja","description":"Preverite zmagovalne \u0161tevilke in pretekle rezultate avstralske loterije Oz Lotto na na\u0161i strani z rezultati \u017erebanja. Prepri\u010dajte se, da ne boste zamudili!","robots":{"index":"index","follow":"follow","max-snippet":"max-snippet:-1","max-image-preview":"max-image-preview:large","max-video-preview":"max-video-preview:-1"},"canonical":"https:\/\/jackpotlotteryonline.com\/sl\/zmagovalne-stevilke\/oz-lotto\/","og_locale":"sl_SI","og_type":"article","og_title":"Oz Lotto zmagovalne \u0161tevilke in rezultati \u017erebanja","og_description":"Preverite zmagovalne \u0161tevilke in pretekle rezultate avstralske loterije Oz Lotto na na\u0161i strani z rezultati \u017erebanja. Prepri\u010dajte se, da ne boste zamudili!","og_url":"https:\/\/jackpotlotteryonline.com\/sl\/zmagovalne-stevilke\/oz-lotto\/","og_site_name":"Lotto Online - Crack The International Lottery Jackpots","article_modified_time":"2022-12-30T12:26:58+00:00","og_image":[{"url":"https:\/\/jackpotlotteryonline.com\/wp-content\/uploads\/2022\/11\/1_euromillions_results.jpg"}],"twitter_card":"summary_large_image","twitter_misc":{"Est. reading time":"3 minute"},"schema":{"@context":"https:\/\/schema.org","@graph":[{"@type":"WebPage","@id":"https:\/\/jackpotlotteryonline.com\/sl\/zmagovalne-stevilke\/oz-lotto\/","url":"https:\/\/jackpotlotteryonline.com\/sl\/zmagovalne-stevilke\/oz-lotto\/","name":"Oz Lotto zmagovalne \u0161tevilke in rezultati \u017erebanja","isPartOf":{"@id":"https:\/\/jackpotlotteryonline.com\/#website"},"primaryImageOfPage":{"@id":"https:\/\/jackpotlotteryonline.com\/sl\/zmagovalne-stevilke\/oz-lotto\/#primaryimage"},"image":{"@id":"https:\/\/jackpotlotteryonline.com\/sl\/zmagovalne-stevilke\/oz-lotto\/#primaryimage"},"thumbnailUrl":"https:\/\/jackpotlotteryonline.com\/wp-content\/uploads\/2022\/11\/1_euromillions_results.jpg","datePublished":"2022-12-09T11:19:20+00:00","dateModified":"2022-12-30T12:26:58+00:00","description":"Preverite zmagovalne \u0161tevilke in pretekle rezultate avstralske loterije Oz Lotto na na\u0161i strani z rezultati \u017erebanja. Prepri\u010dajte se, da ne boste zamudili!","breadcrumb":{"@id":"https:\/\/jackpotlotteryonline.com\/sl\/zmagovalne-stevilke\/oz-lotto\/#breadcrumb"},"inLanguage":"sl-SI","potentialAction":[{"@type":"ReadAction","target":["https:\/\/jackpotlotteryonline.com\/sl\/zmagovalne-stevilke\/oz-lotto\/"]}]},{"@type":"ImageObject","inLanguage":"sl-SI","@id":"https:\/\/jackpotlotteryonline.com\/sl\/zmagovalne-stevilke\/oz-lotto\/#primaryimage","url":"https:\/\/jackpotlotteryonline.com\/wp-content\/uploads\/2022\/11\/1_euromillions_results.jpg","contentUrl":"https:\/\/jackpotlotteryonline.com\/wp-content\/uploads\/2022\/11\/1_euromillions_results.jpg"},{"@type":"BreadcrumbList","@id":"https:\/\/jackpotlotteryonline.com\/sl\/zmagovalne-stevilke\/oz-lotto\/#breadcrumb","itemListElement":[{"@type":"ListItem","position":1,"name":"Home","item":"https:\/\/jackpotlotteryonline.com\/sl\/"},{"@type":"ListItem","position":2,"name":"Loterija rezultati","item":"https:\/\/jackpotlotteryonline.com\/sl\/zmagovalne-stevilke\/"},{"@type":"ListItem","position":3,"name":"Oz Lotto \u010drpanje rezultati"}]},{"@type":"WebSite","@id":"https:\/\/jackpotlotteryonline.com\/#website","url":"https:\/\/jackpotlotteryonline.com\/","name":"Lotto Online - Crack The International Lottery Jackpots","description":"","potentialAction":[{"@type":"SearchAction","target":{"@type":"EntryPoint","urlTemplate":"https:\/\/jackpotlotteryonline.com\/?s={search_term_string}"},"query-input":"required name=search_term_string"}],"inLanguage":"sl-SI"}]}},"_links":{"self":[{"href":"https:\/\/jackpotlotteryonline.com\/sl\/wp-json\/wp\/v2\/pages\/41440","targetHints":{"allow":["GET"]}}],"collection":[{"href":"https:\/\/jackpotlotteryonline.com\/sl\/wp-json\/wp\/v2\/pages"}],"about":[{"href":"https:\/\/jackpotlotteryonline.com\/sl\/wp-json\/wp\/v2\/types\/page"}],"author":[{"embeddable":true,"href":"https:\/\/jackpotlotteryonline.com\/sl\/wp-json\/wp\/v2\/users\/1"}],"replies":[{"embeddable":true,"href":"https:\/\/jackpotlotteryonline.com\/sl\/wp-json\/wp\/v2\/comments?post=41440"}],"version-history":[{"count":0,"href":"https:\/\/jackpotlotteryonline.com\/sl\/wp-json\/wp\/v2\/pages\/41440\/revisions"}],"up":[{"embeddable":true,"href":"https:\/\/jackpotlotteryonline.com\/sl\/wp-json\/wp\/v2\/pages\/35854"}],"wp:attachment":[{"href":"https:\/\/jackpotlotteryonline.com\/sl\/wp-json\/wp\/v2\/media?parent=41440"}],"curies":[{"name":"wp","href":"https:\/\/api.w.org\/{rel}","templated":true}]}}