{"id":41492,"date":"2022-12-09T13:01:01","date_gmt":"2022-12-09T13:01:01","guid":{"rendered":"https:\/\/jackpotlotteryonline.com\/?page_id=41492"},"modified":"2022-12-30T14:16:18","modified_gmt":"2022-12-30T14:16:18","slug":"powerball-australia","status":"publish","type":"page","link":"https:\/\/jackpotlotteryonline.com\/sl\/zmagovalne-stevilke\/powerball-australia\/","title":{"rendered":"Rezultati \u017erebanja Powerball v Avstraliji"},"content":{"rendered":"<p><a href=\"https:\/\/jackpotlotteryonline.com\/sl\/kako-igrati\/powerball-australia\">Igranje avstralskega \u017erebanja Powerball<\/a> je preprosto, \u010de kupite sre\u010dke prek spleta. Tako lahko do igre Powerball dostopate od koder koli na svetu. Vendar je nakup sre\u010dke le del igranja igre Powerball. Preveriti morate tudi rezultate \u017erebanja in ugotoviti zmagovalne \u0161tevilke. Tako boste izvedeli, ali ste na loteriji zmagali ali ne. Tukaj vam ponujamo nasvete in informacije o tem, kako lahko preverite rezultate \u017erebanja in dostopate do svojega dobitka.<\/p>\n<h2>Kako preveriti zmagovalne \u0161tevilke igre Powerball Australia<\/h2>\n<p>\u010ce \u017eelite igrati igro Powerball, morate izbrati 7 \u0161tevilk iz razpona od 1 do 35 ter \u0161tevilko Powerball od 1 do 20. Med \u017erebanjem se naklju\u010dno iz\u017ereba 8 \u0161tevilk. Kdor se ujema z iz\u017erebanimi \u0161tevilkami, ima zmagovalno sre\u010dko Powerball.<\/p>\n<p>Morda ne boste mogli spremljati \u017erebanj Powerball v \u017eivo po televiziji. Lahko pa na spletnih straneh z novicami preverite zmagovalne \u0161tevilke igre Powerball. Te strani ve\u010dinoma objavijo le kombinacijo, ki osvoji glavni dobitek. Powerball ima \u0161e ve\u010d drugih nagradnih stopenj.<\/p>\n<p>\u010ce \u017eelite izvedeti zmagovalne \u0161tevilke Powerballa za vse nagradne stopnje, lahko po vsakem \u017erebanju preverite tukaj. Zmagovalne \u0161tevilke Powerball objavljamo na na\u0161em spletnem mestu. \u010ce ste pri nas kupili sre\u010dko Powerball, vas bomo tudi opozorili, \u010de imate katero od dobitnih \u0161tevilk. Poslali vam bomo e-po\u0161tno sporo\u010dilo in obvestilo vnesli v va\u0161 ra\u010dun. Tako se vam ni treba bati, da bi zamudili svoje dobitke.<\/p>\n<h2>Kak\u0161ne so mo\u017enosti za dobitek Powerball?<\/h2>\n<p><img loading=\"lazy\" decoding=\"async\" class=\"alignright size-full wp-image-31181\" src=\"https:\/\/jackpotlotteryonline.com\/wp-content\/uploads\/2022\/11\/logo_powerball-300x50-1.jpg\" alt=\"Zmagovalni dobitek Powerball\" width=\"300\" height=\"50\" \/>Zmagati na loteriji ni enostavno. Ve\u010dina ljudi bi rekla, da so mo\u017enosti neverjetno visoke. Kljub temu sli\u0161imo o ljudeh, ki so osvojili zneske, ki so jim spremenili \u017eivljenje. Zlasti avstralski Powerball ima dolg seznam loterijskih dobitnikov, kar je verjetno posledica te kvote.<\/p>\n<p>Verjetnost za zmago na loteriji Powerball je 1 proti 70 milijonom. To pomeni, da lahko na loteriji Powerball dobesedno vsakdo zmaga.<\/p>\n<p>Poleg tega ima Powerball skupno 9 nagradnih kategorij, kar \u0161e pove\u010duje mo\u017enosti za zmago na tej loteriji.<\/p>\n<h2>Nagrade Powerball<\/h2>\n<p>Glavni dobitek Powerball obi\u010dajno zna\u0161a povpre\u010dno 8 milijonov avstralskih dolarjev. Vendar pa lahko osvojite \u0161e ve\u010d drugih nagrad, \u010de imate zmagovalne \u0161tevilke Powerball Australia.<\/p>\n<p>Tukaj so kategorije nagrad in izpla\u010dila v enem od \u017erebanj Powerball. Upo\u0161tevajte, da izpla\u010dilo pri vsakem \u017erebanju ni enako, saj so nagrade odvisne od loterijskega sklada. Vendar pa vam \u017eelimo s tem le pribli\u017eati, kaj lahko pri\u010dakujete, ko dobite dobitne \u0161tevilke Powerball.<\/p>\n<p>Razdelek 1: ujemanje 7 + Powerball &#8211; 8.000.000,00 USD (glavni dobitek)<\/p>\n<p>Razdelek 2: samo ujemanje 7 &#8211; 95.726,15 USD<\/p>\n<p>Razdelek 3: ujemanje 6 + Powerball &#8211; 5.661,20 USD<\/p>\n<p>Razdelek 4: samo tekma 6 &#8211; 501,70 USD<\/p>\n<p>Razdelek 5: tekma 5 + Powerball &#8211; 166,75 USD<\/p>\n<p>Razdelek 6: samo tekma 5 &#8211; 73,10 USD<\/p>\n<p>Razdelek 7: tekma 4 + Powerball &#8211; 41,60 USD<\/p>\n<p>Razdelek 8: tekma 3 + Powerball &#8211; 18,05 USD<\/p>\n<p>Razdelek 9: tekma 2 + Powerball &#8211; 10,95 USD<\/p>\n<h2>Kaj storiti, \u010de imate dobitne \u0161tevilke?<\/h2>\n<p>\u010ce preverite rezultate \u017erebanja in ugotovite, da imate zmagovalne \u0161tevilke igre Powerball, je naslednji korak, kako priti do dobitka. Glede na to, da Powerball igrate zunaj dr\u017eave Oz, verjetno i\u0161\u010dete priro\u010den na\u010din izpla\u010dila.<\/p>\n<p>Ko<a href=\"https:\/\/jackpotlotteryonline.com\/sl\/kupiti-vstopnice\/powerball-australia\"> kupite sre\u010dko Powerball pri nas<\/a>, lahko do svojega dobitka dostopate od koder koli. Za dobitke, ki so ni\u017eji od dolo\u010denega zneska, morate le dvigniti svoj dobitek z na\u0161e platforme. Izpla\u010date ga lahko neposredno na svoj ban\u010dni ra\u010dun.<\/p>\n<p>\u010ce je va\u0161 dobitek vi\u0161ji od navedenega zneska, vam bomo zagotovili obrazec za zahtevek, ki ga morate izpolniti. Tako lahko zahtevate svoj dobitek neposredno od loterijskega podjetja Powerball brez te\u017eav.<\/p>\n<section class=\"layout\" style=\"border: solid 1px; width: 100%;\">\n<div class=\"img-div\" style=\"margin-top: 5px;\"><img decoding=\"async\" class=\"wp-image-17212 alignleft\" style=\"height: 45px; margin: 8px 8px 0px;\" src=\"https:\/\/jackpotlotteryonline.com\/wp-content\/uploads\/2022\/11\/read1.jpg\" alt=\"Preberite\" width=\"\" height=\"\" \/><\/div>\n<div style=\"padding-left: 5px;\">\n<div style=\"font-size: 1.1em;\">\n<p><strong>Kak\u0161en avto bi kupili, \u010de bi zmagali na loteriji?<\/strong><\/p>\n<p style=\"font-size: 0.85em; margin-top: -1.5em;\">Zmagajte na loteriji in dobite nov avto\u00a0 <a href=\"https:\/\/jackpotlotteryonline.com\/sl\/kaksen-avto-bi-kupili-ce-bi-zmagali-na-loteriji\"> preberi ve\u010d<\/a><\/p>\n<\/div>\n<\/div>\n<\/section>\n<h2>Prednosti igranja Powerball z Jackpotlotteryonline.com<\/h2>\n<ul>\n<li>Zagotovite si hiter in takoj\u0161en dostop do loterije. Za igranje loterije Powerball vam ni treba \u017eiveti v Avstraliji<\/li>\n<li>To je izjemno priro\u010dno, saj vam ni treba zapustiti udobja svojega doma. Svoje dobitne \u0161tevilke lahko preverite iz ra\u010dunalnika ali mobilne naprave.<\/li>\n<li>Prav tako je varnej\u0161e, saj je va\u0161a sre\u010dka shranjena v digitalni obliki. To je pomembno, saj je to edini na\u010din, da zahtevate svoj dobitek.<\/li>\n<li>Ni vam treba zamuditi svojega dobitka, saj vas bomo nemudoma opozorili, \u010de boste osvojili katero koli nagrado.<\/li>\n<li>Vsak dobitek lahko preprosto izpla\u010date prek spleta, ne da bi morali kamor koli iti<\/li>\n<\/ul>\n<h2>Z nami preverite svoje dobitne \u0161tevilke<\/h2>\n<p>S\u010dasoma smo namenili veliko sredstev in truda, da bi na\u0161im igralcem zagotovili najbolj\u0161o izku\u0161njo. Ne le, da vam omogo\u010damo enostaven nakup sre\u010dk za najbolj\u0161e mednarodne loterije, ampak gremo \u0161e nekaj korakov dlje. To storimo tako, da vam zagotavljamo najnovej\u0161e rezultate \u017erebanj, tako da lahko preprosto preverite zmagovalne \u0161tevilke.<\/p>\n<p>In kon\u010dno, \u010de osvojite nagrado, vam ni treba skrbeti, kako priti do svojih dobitkov. Poskrbeli smo za vse, tako da se lahko osredoto\u010dite na tisto, kar je pomembno. Registrirajte se pri nas \u0161e danes.<\/p>\n","protected":false},"excerpt":{"rendered":"<p>Igranje avstralskega \u017erebanja Powerball je preprosto, \u010de kupite sre\u010dke prek spleta. Tako lahko do igre Powerball dostopate od koder koli na svetu. Vendar je nakup sre\u010dke le del igranja igre Powerball. Preveriti morate tudi rezultate \u017erebanja in ugotoviti zmagovalne \u0161tevilke. Tako boste izvedeli, ali ste na loteriji zmagali ali ne. Tukaj vam ponujamo nasvete in [&hellip;]<\/p>\n","protected":false},"author":1,"featured_media":0,"parent":35854,"menu_order":17,"comment_status":"closed","ping_status":"closed","template":"powerball-au-results.php","meta":{"_et_pb_use_builder":"","_et_pb_old_content":"","_et_gb_content_width":"","exclude_from_search":false,"footnotes":""},"class_list":["post-41492","page","type-page","status-publish","hentry"],"yoast_head":"<!-- This site is optimized with the Yoast SEO plugin v23.3 - https:\/\/yoast.com\/wordpress\/plugins\/seo\/ -->\n<title>Powerball Avstralija zmagovalne \u0161tevilke in rezultati \u017erebanja<\/title>\n<meta name=\"description\" content=\"I\u0161\u010dete zmagovalne \u0161tevilke igre Powerball Australia? Poi\u0161\u010dite rezultate \u017erebanja avstralskih loterij na tem spletnem mestu\" \/>\n<meta name=\"robots\" content=\"index, follow, max-snippet:-1, max-image-preview:large, max-video-preview:-1\" \/>\n<link rel=\"canonical\" href=\"https:\/\/jackpotlotteryonline.com\/sl\/zmagovalne-stevilke\/powerball-australia\/\" \/>\n<meta property=\"og:locale\" content=\"sl_SI\" \/>\n<meta property=\"og:type\" content=\"article\" \/>\n<meta property=\"og:title\" content=\"Powerball Avstralija zmagovalne \u0161tevilke in rezultati \u017erebanja\" \/>\n<meta property=\"og:description\" content=\"I\u0161\u010dete zmagovalne \u0161tevilke igre Powerball Australia? Poi\u0161\u010dite rezultate \u017erebanja avstralskih loterij na tem spletnem mestu\" \/>\n<meta property=\"og:url\" content=\"https:\/\/jackpotlotteryonline.com\/sl\/zmagovalne-stevilke\/powerball-australia\/\" \/>\n<meta property=\"og:site_name\" content=\"Lotto Online - Crack The International Lottery Jackpots\" \/>\n<meta property=\"article:modified_time\" content=\"2022-12-30T14:16:18+00:00\" \/>\n<meta property=\"og:image\" content=\"https:\/\/jackpotlotteryonline.com\/wp-content\/uploads\/2022\/11\/logo_powerball-300x50-1.jpg\" \/>\n<meta name=\"twitter:card\" content=\"summary_large_image\" \/>\n<meta name=\"twitter:label1\" content=\"Est. reading time\" \/>\n\t<meta name=\"twitter:data1\" content=\"4 minute\" \/>\n<!-- \/ Yoast SEO plugin. -->","yoast_head_json":{"title":"Powerball Avstralija zmagovalne \u0161tevilke in rezultati \u017erebanja","description":"I\u0161\u010dete zmagovalne \u0161tevilke igre Powerball Australia? Poi\u0161\u010dite rezultate \u017erebanja avstralskih loterij na tem spletnem mestu","robots":{"index":"index","follow":"follow","max-snippet":"max-snippet:-1","max-image-preview":"max-image-preview:large","max-video-preview":"max-video-preview:-1"},"canonical":"https:\/\/jackpotlotteryonline.com\/sl\/zmagovalne-stevilke\/powerball-australia\/","og_locale":"sl_SI","og_type":"article","og_title":"Powerball Avstralija zmagovalne \u0161tevilke in rezultati \u017erebanja","og_description":"I\u0161\u010dete zmagovalne \u0161tevilke igre Powerball Australia? Poi\u0161\u010dite rezultate \u017erebanja avstralskih loterij na tem spletnem mestu","og_url":"https:\/\/jackpotlotteryonline.com\/sl\/zmagovalne-stevilke\/powerball-australia\/","og_site_name":"Lotto Online - Crack The International Lottery Jackpots","article_modified_time":"2022-12-30T14:16:18+00:00","og_image":[{"url":"https:\/\/jackpotlotteryonline.com\/wp-content\/uploads\/2022\/11\/logo_powerball-300x50-1.jpg"}],"twitter_card":"summary_large_image","twitter_misc":{"Est. reading time":"4 minute"},"schema":{"@context":"https:\/\/schema.org","@graph":[{"@type":"WebPage","@id":"https:\/\/jackpotlotteryonline.com\/sl\/zmagovalne-stevilke\/powerball-australia\/","url":"https:\/\/jackpotlotteryonline.com\/sl\/zmagovalne-stevilke\/powerball-australia\/","name":"Powerball Avstralija zmagovalne \u0161tevilke in rezultati \u017erebanja","isPartOf":{"@id":"https:\/\/jackpotlotteryonline.com\/#website"},"primaryImageOfPage":{"@id":"https:\/\/jackpotlotteryonline.com\/sl\/zmagovalne-stevilke\/powerball-australia\/#primaryimage"},"image":{"@id":"https:\/\/jackpotlotteryonline.com\/sl\/zmagovalne-stevilke\/powerball-australia\/#primaryimage"},"thumbnailUrl":"https:\/\/jackpotlotteryonline.com\/wp-content\/uploads\/2022\/11\/logo_powerball-300x50-1.jpg","datePublished":"2022-12-09T13:01:01+00:00","dateModified":"2022-12-30T14:16:18+00:00","description":"I\u0161\u010dete zmagovalne \u0161tevilke igre Powerball Australia? Poi\u0161\u010dite rezultate \u017erebanja avstralskih loterij na tem spletnem mestu","breadcrumb":{"@id":"https:\/\/jackpotlotteryonline.com\/sl\/zmagovalne-stevilke\/powerball-australia\/#breadcrumb"},"inLanguage":"sl-SI","potentialAction":[{"@type":"ReadAction","target":["https:\/\/jackpotlotteryonline.com\/sl\/zmagovalne-stevilke\/powerball-australia\/"]}]},{"@type":"ImageObject","inLanguage":"sl-SI","@id":"https:\/\/jackpotlotteryonline.com\/sl\/zmagovalne-stevilke\/powerball-australia\/#primaryimage","url":"https:\/\/jackpotlotteryonline.com\/wp-content\/uploads\/2022\/11\/logo_powerball-300x50-1.jpg","contentUrl":"https:\/\/jackpotlotteryonline.com\/wp-content\/uploads\/2022\/11\/logo_powerball-300x50-1.jpg"},{"@type":"BreadcrumbList","@id":"https:\/\/jackpotlotteryonline.com\/sl\/zmagovalne-stevilke\/powerball-australia\/#breadcrumb","itemListElement":[{"@type":"ListItem","position":1,"name":"Home","item":"https:\/\/jackpotlotteryonline.com\/sl\/"},{"@type":"ListItem","position":2,"name":"Loterija rezultati","item":"https:\/\/jackpotlotteryonline.com\/sl\/zmagovalne-stevilke\/"},{"@type":"ListItem","position":3,"name":"Rezultati \u017erebanja Powerball v Avstraliji"}]},{"@type":"WebSite","@id":"https:\/\/jackpotlotteryonline.com\/#website","url":"https:\/\/jackpotlotteryonline.com\/","name":"Lotto Online - Crack The International Lottery Jackpots","description":"","potentialAction":[{"@type":"SearchAction","target":{"@type":"EntryPoint","urlTemplate":"https:\/\/jackpotlotteryonline.com\/?s={search_term_string}"},"query-input":"required name=search_term_string"}],"inLanguage":"sl-SI"}]}},"_links":{"self":[{"href":"https:\/\/jackpotlotteryonline.com\/sl\/wp-json\/wp\/v2\/pages\/41492","targetHints":{"allow":["GET"]}}],"collection":[{"href":"https:\/\/jackpotlotteryonline.com\/sl\/wp-json\/wp\/v2\/pages"}],"about":[{"href":"https:\/\/jackpotlotteryonline.com\/sl\/wp-json\/wp\/v2\/types\/page"}],"author":[{"embeddable":true,"href":"https:\/\/jackpotlotteryonline.com\/sl\/wp-json\/wp\/v2\/users\/1"}],"replies":[{"embeddable":true,"href":"https:\/\/jackpotlotteryonline.com\/sl\/wp-json\/wp\/v2\/comments?post=41492"}],"version-history":[{"count":0,"href":"https:\/\/jackpotlotteryonline.com\/sl\/wp-json\/wp\/v2\/pages\/41492\/revisions"}],"up":[{"embeddable":true,"href":"https:\/\/jackpotlotteryonline.com\/sl\/wp-json\/wp\/v2\/pages\/35854"}],"wp:attachment":[{"href":"https:\/\/jackpotlotteryonline.com\/sl\/wp-json\/wp\/v2\/media?parent=41492"}],"curies":[{"name":"wp","href":"https:\/\/api.w.org\/{rel}","templated":true}]}}