{"id":41547,"date":"2022-12-12T04:52:50","date_gmt":"2022-12-12T04:52:50","guid":{"rendered":"https:\/\/jackpotlotteryonline.com\/?page_id=41547"},"modified":"2022-12-29T18:19:30","modified_gmt":"2022-12-29T18:19:30","slug":"lotto-america","status":"publish","type":"page","link":"https:\/\/jackpotlotteryonline.com\/sl\/zmagovalne-stevilke\/lotto-america\/","title":{"rendered":"Lotto America \u010drpanje rezultati"},"content":{"rendered":"<p>Lotto America je loterijska igra v ZDA, ki je prinesla veliko milijonarjev. Verjetnost dobitka na loteriji je fantasti\u010dna, zato je igra privla\u010dna za ljubitelje loterije. Zdaj lahko igralci po vsem svetu <a href=\"https:\/\/jackpotlotteryonline.com\/sl\/kupiti-vstopnice\/lotto-america\">kupijo sre\u010dke za to ameri\u0161ko loterijo prek spleta<\/a>. Ne samo to, preverijo lahko tudi zmagovalne \u0161tevilke in ugotovijo, ali so na loteriji zmagali.<\/p>\n<p>Vstopnice za najbolj\u0161e mednarodne loterije lahko kupite na jackpotlotteryonline.com in tudi tukaj preverite zmagovalne \u0161tevilke. \u010ce vas zanima, kako lahko do svojih dobitkov dostopate prek spleta, nadaljujte z branjem. Z vami bomo delili vse podrobnosti in hitro vam bo postalo jasno, da je spletno igranje prava izbira.<\/p>\n<h2>Igranje Lotto America na spletu<\/h2>\n<p><img loading=\"lazy\" decoding=\"async\" class=\"size-full wp-image-32081 alignright\" src=\"https:\/\/jackpotlotteryonline.com\/wp-content\/uploads\/2022\/11\/1_mega_lotto_win-213x300-1.jpg\" alt=\"Igrajte Lotto America na spletu\" width=\"213\" height=\"300\" \/>Omenili smo, da lahko to<a href=\"https:\/\/jackpotlotteryonline.com\/sl\/kako-igrati\/lotto-america-2\"> loterijo igrate prek spleta<\/a>, pri \u010demer ni pomembno, kje \u017eivite. Obi\u010dajno se sre\u010dke prodajajo v ZDA, vendar jih lahko kupite tudi tukaj na jackpotlotteryonline.com.<\/p>\n<p>Obstajajo tudi druge spletne strani, ki prodajajo sre\u010dke za to loterijo, vendar na njih lahko igralci stavijo le na izid loterije. To pomeni, da z nakupom sre\u010dke na tem spletnem mestu ne morete sodelovati v loteriji. Torej, tudi \u010de ujamete vse iz\u017erebane \u0161tevilke, ne boste osvojili glavnega dobitka. Zato je izbira spletnega mesta, ki ga uporabljate, zelo pomembna.<\/p>\n<h2>Koraki za igranje spletne loterije<\/h2>\n<p>Ko se odlo\u010dite za spletno mesto, sledite naslednjim korakom:<\/p>\n<ol>\n<li>Obi\u0161\u010dite spletno mesto, ki ga \u017eelite uporabiti, in kliknite Lotto America<\/li>\n<li>Izberite 5 \u0161tevilk od 1 do 52 (\u010de niste prepri\u010dani, katere \u0161tevilke uporabiti, poskusite z avtomatskim generatorjem \u0161tevilk).<\/li>\n<li>Nato izberite bonusno \u0161tevilko (\u017eogica z zvezdicami) od 1 do 10.<\/li>\n<li>Kupite dodatne linije \u0161tevilk za ve\u010djo mo\u017enost dobitka<\/li>\n<li>Sodelujte v \u017erebanjih (sodelujete lahko v ve\u010d kot enem \u017erebanju)<\/li>\n<li>Registrirajte se in pla\u010dajte svoje prijave.<\/li>\n<\/ol>\n<p>Registracijo zahtevamo iz ve\u010d razlogov. Prvi\u010d, \u017eelimo zagotoviti, da je va\u0161a digitalna vstopnica varna. Drugi\u010d, va\u0161 ra\u010dun uporabljamo za stike z vami v primeru, da osvojite nagrado. O tem bomo ve\u010d povedali pozneje.<\/p>\n<h2>Lotto America \u010drpanje dni in jackpot<\/h2>\n<p>Ta ameri\u0161ka loterija ima tri tedenska \u017erebanja, in sicer v ponedeljek, sredo in soboto. Med \u017erebanji se razglasi zmagovalni listek. \u010ce \u017eelite osvojiti glavni dobitek, se mora va\u0161 listek ujemati s \u0161estimi iz\u017erebanimi \u0161tevilkami.<\/p>\n<p>Glavni dobitki loterije Lotto America se za\u010dnejo pri 2 milijonih dolarjev in se lahko prenesejo, \u010de po \u017erebanju ni zmagovalca. Ker se po vsakem \u017erebanju (\u010de ni zmagovalca) prevalijo, lahko dose\u017eejo celo 18 milijonov dolarjev. To je lep znesek za zmago, kajne?<\/p>\n<p>Pravzaprav je bil rekordni glavni dobitek v igri Lotto America 23 milijonov dolarjev, ki ga je leta 2018 osvojila dru\u017eina.<\/p>\n<section class=\"layout\" style=\"border: solid 1px; width: 100%;\">\n<div class=\"img-div\" style=\"margin-top: 5px;\"><img decoding=\"async\" class=\"wp-image-17212 alignleft\" style=\"height: 45px; margin: 8px 8px 0px;\" src=\"https:\/\/jackpotlotteryonline.com\/wp-content\/uploads\/2022\/11\/read1.jpg\" alt=\"Preberite\" width=\"\" height=\"\" \/><\/div>\n<div style=\"padding-left: 5px;\">\n<div style=\"font-size: 1.1em;\">\n<p><strong>Algunos ganadores de loter\u00eda retribuyeron a la comunidad<\/strong><\/p>\n<p style=\"font-size: 0.85em; margin-top: -1.5em;\">Algunas historias interesantes y conmovedoras sobre ganadores de loter\u00eda que dan algo a cambio\u00a0<a href=\"https:\/\/jackpotlotteryonline.com\/es\/historias-sobre-ganadores-de-la-loteria-dando-retorno\"> preberi ve\u010d<\/a><\/p>\n<\/div>\n<\/div>\n<\/section>\n<h2>Nagradne kategorije<\/h2>\n<p>Glavni dobitek je seveda najvi\u0161ja nagrada na loteriji. Vendar ima ta loterija 9 razli\u010dnih nagradnih kategorij, kar igralcem omogo\u010da, da osvojijo zanimive nagrade.<\/p>\n<p>Tudi \u010de ne osvojite glavnega dobitka, se lahko domov vrnete z velikim dobitkom, \u010de ujamete zmagovalne \u0161tevilke v drugih kategorijah. Tukaj je raz\u010dlenitev nagrad in mo\u017enosti za osvojitev posamezne kategorije.<\/p>\n<p>Razdelek 1: 5 + Star Ball &#8211; 1 proti 25 989 600 &#8211; glavni dobitek<\/p>\n<p>Oddelek 2: 5 &#8211; 1 proti 2 887 733 &#8211; 20 000 USD<\/p>\n<p>Razdelek 3: 4 + Star Ball &#8211; 1 proti 110.594 &#8211; 1.000 USD<\/p>\n<p>Razdelek 4: 4 &#8211; 1 od 12 288 &#8211; 100 USD<\/p>\n<p>Razdelek 5: 3 + kroglica z zvezdicami &#8211; 1 od 2.404 &#8211; 20 USD<\/p>\n<p>Razdelek 6: 3 &#8211; 1 od 267 &#8211; 5 USD<\/p>\n<p>Razdelek 7: 2 + \u017eogica z zvezdicami &#8211; 1 od 160 &#8211; 5 USD<\/p>\n<p>Razdelek 8: 1 + \u017eogica z zvezdicami &#8211; 1 od 29 &#8211; 2 USD<\/p>\n<p>Razdelek 9: 0 + \u017eogica z zvezdicami &#8211; 1 od 17 &#8211; 2 $<\/p>\n<h2>Kako preveriti dobitne \u0161tevilke<\/h2>\n<p><img loading=\"lazy\" decoding=\"async\" class=\"alignright size-full wp-image-31532\" src=\"https:\/\/jackpotlotteryonline.com\/wp-content\/uploads\/2022\/11\/lottoballs.jpg\" alt=\"Zmagovalne \u0161tevilke Lotto America\" width=\"245\" height=\"123\" \/>Preverjanje, ali ste osvojili katero koli nagrado, je preprosto, \u010de se po \u017erebanju vrnete na to stran. Po vsakem \u017erebanju objavimo rezultate \u017erebanja za vsako nagradno kategorijo. Tako lahko brez stresa priro\u010dno preverite na\u0161o stran.<\/p>\n<p>\u010ce ste vstopnico kupili pri nas, ste se pri nas tudi registrirali. To pomeni, da vas lahko v primeru, da osvojite nagrado, o tem obvestimo prek va\u0161ega ra\u010duna in tudi prek e-po\u0161te.<\/p>\n<p>\u010ce kupite loterijsko sre\u010dko pri nas, vam nikoli ne bo treba zamuditi nobenega dobitka.<\/p>\n<h2>Izpla\u010dilo nagrade<\/h2>\n<p>Eno od vpra\u0161anj, ki ga pogosto sli\u0161imo od igralcev, je, kako priti do svojega dobitka, ko vstopijo v spletno igro Lotto America. \u010ce kupite loterijske sre\u010dke prek na\u0161ega spletnega mesta, vam ponujamo preprost in brezskrben na\u010din za prevzem va\u0161ih dobitkov.<\/p>\n<p>Dobitki, ki zna\u0161ajo 2500 \u20ac, bodo nakazani na va\u0161 ra\u010dun, nato pa jih boste lahko dvignili brez dodatnih stro\u0161kov. Za ve\u010dje dobitke pa je potreben nekoliko druga\u010den postopek. Za ve\u010dje dobitke boste morali zahtevati izpla\u010dilo dobitka pri loterijskem podjetju. Vendar vam bomo zagotovili obrazec za zahtevek, ki ga boste morali izpolniti, in ko boste to storili, bomo zahtevek obdelali namesto vas.<\/p>\n<p>Razlog za to je, da se boste morali identificirati. Poleg tega bodo nekatera loterijska podjetja morda zahtevala, da se za prevzem ve\u010djih zneskov pojavite osebno. \u010ce se to zgodi, vas bomo o tem takoj obvestili.<\/p>\n<h2>Kupite Lotto America vstopnice na jackpotlotteryonline.com<\/h2>\n<p>Obstaja veliko razlogov, zakaj bi morali vstopnice Lotto America kupiti pri nas. Prvi\u010d, smo spletna stran s stre\u017enikom. To pomeni, da se lahko udobno namestite in sprostite, mi pa bomo poskrbeli za vse podrobnosti. Tako vam pomagamo pridobiti dostop do najbolj\u0161ih mednarodnih loterij, kot je Lotto America.<\/p>\n<p>Vendar se pri tem ne ustavimo. Zagotavljamo tudi sistem, ki vam pomaga upravljati va\u0161e loterijske igre. Dobesedno lahko vnesete ve\u010d loterij in \u017erebanj kar z na\u0161ega spletnega mesta. Ni vam treba iti nikamor drugam. Prav tako vam zagotavljamo priro\u010den na\u010din za preverjanje rezultatov loterije Lotto America, vse na enem mestu.<\/p>\n<p>Nazadnje lahko preprosto preverite zmagovalne \u0161tevilke in izpla\u010date svoje dobitke z na\u0161e platforme naravnost na svoj ra\u010dun. Vsak dan se trudimo, da bi za vas izpopolnili brezhiben sistem. Odpravimo vam stres, da se boste lahko osredoto\u010dili na zabavo. Registrirajte se pri nas in igrajte na loteriji \u0161e danes.<\/p>\n","protected":false},"excerpt":{"rendered":"<p>Lotto America je loterijska igra v ZDA, ki je prinesla veliko milijonarjev. Verjetnost dobitka na loteriji je fantasti\u010dna, zato je igra privla\u010dna za ljubitelje loterije. Zdaj lahko igralci po vsem svetu kupijo sre\u010dke za to ameri\u0161ko loterijo prek spleta. Ne samo to, preverijo lahko tudi zmagovalne \u0161tevilke in ugotovijo, ali so na loteriji zmagali. Vstopnice [&hellip;]<\/p>\n","protected":false},"author":1,"featured_media":0,"parent":35854,"menu_order":13,"comment_status":"closed","ping_status":"closed","template":"lotto-america-results.php","meta":{"_et_pb_use_builder":"","_et_pb_old_content":"","_et_gb_content_width":"","exclude_from_search":false,"footnotes":""},"class_list":["post-41547","page","type-page","status-publish","hentry"],"yoast_head":"<!-- This site is optimized with the Yoast SEO plugin v23.3 - https:\/\/yoast.com\/wordpress\/plugins\/seo\/ -->\n<title>Lotto America zmagovalne \u0161tevilke in rezultati \u017erebanja<\/title>\n<meta name=\"description\" content=\"I\u0161\u010dete zmagovalne \u0161tevilke igre Lotto America? Rezultate \u017erebanja za vse velike ameri\u0161ke loterije lahko najdete na na\u0161i spletni strani!\" \/>\n<meta name=\"robots\" content=\"index, follow, max-snippet:-1, max-image-preview:large, max-video-preview:-1\" \/>\n<link rel=\"canonical\" href=\"https:\/\/jackpotlotteryonline.com\/sl\/zmagovalne-stevilke\/lotto-america\/\" \/>\n<meta property=\"og:locale\" content=\"sl_SI\" \/>\n<meta property=\"og:type\" content=\"article\" \/>\n<meta property=\"og:title\" content=\"Lotto America zmagovalne \u0161tevilke in rezultati \u017erebanja\" \/>\n<meta property=\"og:description\" content=\"I\u0161\u010dete zmagovalne \u0161tevilke igre Lotto America? Rezultate \u017erebanja za vse velike ameri\u0161ke loterije lahko najdete na na\u0161i spletni strani!\" \/>\n<meta property=\"og:url\" content=\"https:\/\/jackpotlotteryonline.com\/sl\/zmagovalne-stevilke\/lotto-america\/\" \/>\n<meta property=\"og:site_name\" content=\"Lotto Online - Crack The International Lottery Jackpots\" \/>\n<meta property=\"article:modified_time\" content=\"2022-12-29T18:19:30+00:00\" \/>\n<meta property=\"og:image\" content=\"https:\/\/jackpotlotteryonline.com\/wp-content\/uploads\/2022\/11\/1_mega_lotto_win-213x300-1.jpg\" \/>\n<meta name=\"twitter:card\" content=\"summary_large_image\" \/>\n<meta name=\"twitter:label1\" content=\"Est. reading time\" \/>\n\t<meta name=\"twitter:data1\" content=\"5 minut\" \/>\n<!-- \/ Yoast SEO plugin. -->","yoast_head_json":{"title":"Lotto America zmagovalne \u0161tevilke in rezultati \u017erebanja","description":"I\u0161\u010dete zmagovalne \u0161tevilke igre Lotto America? Rezultate \u017erebanja za vse velike ameri\u0161ke loterije lahko najdete na na\u0161i spletni strani!","robots":{"index":"index","follow":"follow","max-snippet":"max-snippet:-1","max-image-preview":"max-image-preview:large","max-video-preview":"max-video-preview:-1"},"canonical":"https:\/\/jackpotlotteryonline.com\/sl\/zmagovalne-stevilke\/lotto-america\/","og_locale":"sl_SI","og_type":"article","og_title":"Lotto America zmagovalne \u0161tevilke in rezultati \u017erebanja","og_description":"I\u0161\u010dete zmagovalne \u0161tevilke igre Lotto America? Rezultate \u017erebanja za vse velike ameri\u0161ke loterije lahko najdete na na\u0161i spletni strani!","og_url":"https:\/\/jackpotlotteryonline.com\/sl\/zmagovalne-stevilke\/lotto-america\/","og_site_name":"Lotto Online - Crack The International Lottery Jackpots","article_modified_time":"2022-12-29T18:19:30+00:00","og_image":[{"url":"https:\/\/jackpotlotteryonline.com\/wp-content\/uploads\/2022\/11\/1_mega_lotto_win-213x300-1.jpg"}],"twitter_card":"summary_large_image","twitter_misc":{"Est. reading time":"5 minut"},"schema":{"@context":"https:\/\/schema.org","@graph":[{"@type":"WebPage","@id":"https:\/\/jackpotlotteryonline.com\/sl\/zmagovalne-stevilke\/lotto-america\/","url":"https:\/\/jackpotlotteryonline.com\/sl\/zmagovalne-stevilke\/lotto-america\/","name":"Lotto America zmagovalne \u0161tevilke in rezultati \u017erebanja","isPartOf":{"@id":"https:\/\/jackpotlotteryonline.com\/#website"},"primaryImageOfPage":{"@id":"https:\/\/jackpotlotteryonline.com\/sl\/zmagovalne-stevilke\/lotto-america\/#primaryimage"},"image":{"@id":"https:\/\/jackpotlotteryonline.com\/sl\/zmagovalne-stevilke\/lotto-america\/#primaryimage"},"thumbnailUrl":"https:\/\/jackpotlotteryonline.com\/wp-content\/uploads\/2022\/11\/1_mega_lotto_win-213x300-1.jpg","datePublished":"2022-12-12T04:52:50+00:00","dateModified":"2022-12-29T18:19:30+00:00","description":"I\u0161\u010dete zmagovalne \u0161tevilke igre Lotto America? Rezultate \u017erebanja za vse velike ameri\u0161ke loterije lahko najdete na na\u0161i spletni strani!","breadcrumb":{"@id":"https:\/\/jackpotlotteryonline.com\/sl\/zmagovalne-stevilke\/lotto-america\/#breadcrumb"},"inLanguage":"sl-SI","potentialAction":[{"@type":"ReadAction","target":["https:\/\/jackpotlotteryonline.com\/sl\/zmagovalne-stevilke\/lotto-america\/"]}]},{"@type":"ImageObject","inLanguage":"sl-SI","@id":"https:\/\/jackpotlotteryonline.com\/sl\/zmagovalne-stevilke\/lotto-america\/#primaryimage","url":"https:\/\/jackpotlotteryonline.com\/wp-content\/uploads\/2022\/11\/1_mega_lotto_win-213x300-1.jpg","contentUrl":"https:\/\/jackpotlotteryonline.com\/wp-content\/uploads\/2022\/11\/1_mega_lotto_win-213x300-1.jpg"},{"@type":"BreadcrumbList","@id":"https:\/\/jackpotlotteryonline.com\/sl\/zmagovalne-stevilke\/lotto-america\/#breadcrumb","itemListElement":[{"@type":"ListItem","position":1,"name":"Home","item":"https:\/\/jackpotlotteryonline.com\/sl\/"},{"@type":"ListItem","position":2,"name":"Loterija rezultati","item":"https:\/\/jackpotlotteryonline.com\/sl\/zmagovalne-stevilke\/"},{"@type":"ListItem","position":3,"name":"Lotto America \u010drpanje rezultati"}]},{"@type":"WebSite","@id":"https:\/\/jackpotlotteryonline.com\/#website","url":"https:\/\/jackpotlotteryonline.com\/","name":"Lotto Online - Crack The International Lottery Jackpots","description":"","potentialAction":[{"@type":"SearchAction","target":{"@type":"EntryPoint","urlTemplate":"https:\/\/jackpotlotteryonline.com\/?s={search_term_string}"},"query-input":"required name=search_term_string"}],"inLanguage":"sl-SI"}]}},"_links":{"self":[{"href":"https:\/\/jackpotlotteryonline.com\/sl\/wp-json\/wp\/v2\/pages\/41547","targetHints":{"allow":["GET"]}}],"collection":[{"href":"https:\/\/jackpotlotteryonline.com\/sl\/wp-json\/wp\/v2\/pages"}],"about":[{"href":"https:\/\/jackpotlotteryonline.com\/sl\/wp-json\/wp\/v2\/types\/page"}],"author":[{"embeddable":true,"href":"https:\/\/jackpotlotteryonline.com\/sl\/wp-json\/wp\/v2\/users\/1"}],"replies":[{"embeddable":true,"href":"https:\/\/jackpotlotteryonline.com\/sl\/wp-json\/wp\/v2\/comments?post=41547"}],"version-history":[{"count":0,"href":"https:\/\/jackpotlotteryonline.com\/sl\/wp-json\/wp\/v2\/pages\/41547\/revisions"}],"up":[{"embeddable":true,"href":"https:\/\/jackpotlotteryonline.com\/sl\/wp-json\/wp\/v2\/pages\/35854"}],"wp:attachment":[{"href":"https:\/\/jackpotlotteryonline.com\/sl\/wp-json\/wp\/v2\/media?parent=41547"}],"curies":[{"name":"wp","href":"https:\/\/api.w.org\/{rel}","templated":true}]}}