{"id":72975,"date":"2025-02-02T17:44:11","date_gmt":"2025-02-02T17:44:11","guid":{"rendered":"https:\/\/jackpotlotteryonline.com\/?page_id=72975"},"modified":"2025-02-02T17:44:11","modified_gmt":"2025-02-02T17:44:11","slug":"politika-zasebnosti","status":"publish","type":"page","link":"https:\/\/jackpotlotteryonline.com\/sl\/politika-zasebnosti\/","title":{"rendered":"Politika zasebnosti"},"content":{"rendered":"<p>Ta Politika zasebnosti se nana\u0161a na spletno mesto Playlottoonline (v nadaljevanju &#8220;Politika&#8221;) in jo upravlja podjetje LLL World Marketing Limited, s sede\u017eem na naslovu: Peiraios 30, 1. nadstropje, pisarna 1, 2023 Strovolos, Nikozija, Cipr. Z uporabo tega spletnega mesta se strinjate s to Politiko zasebnosti in pogoji uporabe, ki so povezani z njo.<\/p>\n<h3><strong>Katere podatke zbiramo?<\/strong><\/h3>\n<h4><strong>Podatki, ki jih zagotovite<\/strong><\/h4>\n<p>Ko se registrirate na spletni strani, boste morali vnesti e-po\u0161tni naslov, ki se uporablja za edinstveno identifikacijo va\u0161ega ra\u010duna in aktivacijo ra\u010duna, \u010de je to potrebno. E-po\u0161tni naslov se uporablja tudi za obnovitev gesla.<\/p>\n<p>E-po\u0161tni naslov in telefonska \u0161tevilka se lahko uporabita za po\u0161iljanje obvestil o delovanju spletnega mesta (kot so pravna obvestila), informacij o posodobitvah spletnega mesta, ponujenih izdelkih in storitvah ter za marketin\u0161ke namene (vklju\u010dno z obvestili tretjih strani, v nadaljevanju &#8220;Obvestila&#8221;). Kdajkoli se lahko odjavite od prejemanja marketin\u0161kih obvestil s klikom na povezavo za odjavo v e-po\u0161tnih sporo\u010dilih ali tako, da nas kontaktirate preko e-po\u0161te, telefona ali kontaktnega obrazca.<\/p>\n<p>Po registraciji lahko svoj profil dopolnite z imenom, priimkom, naslovom, datumom rojstva, telefonsko \u0161tevilko in \u010dasovnim pasom. Ti podatki se uporabljajo za obdelavo nakazil, pologov in dvigov, personalizacijo spletnega mesta (vklju\u010dno z obvestili) in za obdelavo dobitkov, ki presegajo 2500 USD, kot je opisano v to\u010dki 3.5 pogojev uporabe.<\/p>\n<p>Poleg tega lahko shranjujemo informacije, ki jih prostovoljno zagotovite prek kontaktnega obrazca, telefonskih klicev, e-po\u0161te, komunikacije na dru\u017ebenih omre\u017ejih, kot so Facebook, Twitter ali drugih na\u010dinov. Te informacije lahko vklju\u010dujejo ime, e-po\u0161tni naslov, telefonsko \u0161tevilko in fizi\u010dni naslov. Ime in e-po\u0161tni naslov sta obvezna za odgovor na kontaktni obrazec.<\/p>\n<h4><strong>Podatki, zbrani samodejno<\/strong><\/h4>\n<p>Ko uporabljate spletno mesto, samodejno zbiramo nekatere informacije, da omogo\u010dimo osnovne funkcionalnosti, prilagodimo spletno mesto (vklju\u010dno z obvestili), spremljamo obisk spletnega mesta in zagotovimo varnost. Te informacije vklju\u010dujejo:<\/p>\n<ul>\n<li>IP naslov;<\/li>\n<li>HTTP glave, poslane z brskalnikom (kot so &#8220;User-Agent&#8221;, &#8220;Accept-Language&#8221;, &#8220;Referer&#8221;), ki vsebujejo informacije o vrsti in razli\u010dici brskalnika, jeziku, vrsti in razli\u010dici operacijskega sistema ter URL strani, s katere je bil poslan zahtevek;<\/li>\n<li>\u010casovni \u017eig;<\/li>\n<li>HTTP zahteve;<\/li>\n<li>Pi\u0161kotke shranjene na domeni playlottoonline.org ali njegovih poddomenah.<\/li>\n<\/ul>\n<p>Va\u0161 IP naslov se lahko uporablja za dolo\u010ditev va\u0161e dejanske lokacije, kar nam pomaga izbolj\u0161ati kakovost na\u0161ih storitev in prilagoditi spletno mesto (vklju\u010dno z obvestili).<\/p>\n<p>Poleg tega spletno mesto uporablja predpomnjenje v brskalniku za hitrej\u0161e nalaganje in izbolj\u0161anje uporabni\u0161ke izku\u0161nje z shranjevanjem podatkov med sejami, tudi po ponovnem zagonu brskalnika.<\/p>\n<h4><strong>Storitve tretjih oseb<\/strong><\/h4>\n<h5><strong>Analitika, ogla\u0161evanje in varnost<\/strong><\/h5>\n<p>Da bi zagotovili delovanje spletnega mesta, spremljali in analizirali podatke o njegovem delovanju, uporabljamo storitve tretjih oseb, vklju\u010dno z:<\/p>\n<ul>\n<li><strong>Google Analytics<\/strong> \u2013 za spremljanje obiska spletnega mesta in analizo njegovega delovanja;<\/li>\n<li><strong>Google reCAPTCHA<\/strong> \u2013 za izbolj\u0161anje varnosti in za\u0161\u010dito pred avtomatiziranimi napadi;<\/li>\n<li><strong>Facebook Pixel<\/strong> \u2013 za spremljanje obiska in optimizacijo marketin\u0161kih kampanj.<\/li>\n<\/ul>\n<p>Te storitve zbirajo in uporabljajo podatke v skladu s svojimi lastnimi politikami zasebnosti. \u010ce \u017eelite izvedeti ve\u010d o tem, kako Google zbira in obdeluje podatke, si oglejte <strong>Politiko zasebnosti Google<\/strong>. Podrobnosti o podatkih, ki jih zbira Facebook, lahko najdete v <strong>Politiki zasebnosti Facebook<\/strong>.<\/p>\n","protected":false},"excerpt":{"rendered":"<p>Ta Politika zasebnosti se nana\u0161a na spletno mesto Playlottoonline (v nadaljevanju &#8220;Politika&#8221;) in jo upravlja podjetje LLL World Marketing Limited, s sede\u017eem na naslovu: Peiraios 30, 1. nadstropje, pisarna 1, 2023 Strovolos, Nikozija, Cipr. Z uporabo tega spletnega mesta se strinjate s to Politiko zasebnosti in pogoji uporabe, ki so povezani z njo. Katere podatke [&hellip;]<\/p>\n","protected":false},"author":7,"featured_media":0,"parent":0,"menu_order":0,"comment_status":"closed","ping_status":"closed","template":"","meta":{"_et_pb_use_builder":"","_et_pb_old_content":"","_et_gb_content_width":"","exclude_from_search":false,"footnotes":""},"class_list":["post-72975","page","type-page","status-publish","hentry"],"yoast_head":"<!-- This site is optimized with the Yoast SEO plugin v23.3 - https:\/\/yoast.com\/wordpress\/plugins\/seo\/ -->\n<title>Politika zasebnosti - Lotto Online - Crack The International Lottery Jackpots<\/title>\n<meta name=\"robots\" content=\"index, follow, max-snippet:-1, max-image-preview:large, max-video-preview:-1\" \/>\n<link rel=\"canonical\" href=\"https:\/\/jackpotlotteryonline.com\/privacy-policy-2\/\" \/>\n<meta property=\"og:locale\" content=\"sl_SI\" \/>\n<meta property=\"og:type\" content=\"article\" \/>\n<meta property=\"og:title\" content=\"Politika zasebnosti - Lotto Online - Crack The International Lottery Jackpots\" \/>\n<meta property=\"og:description\" content=\"Ta Politika zasebnosti se nana\u0161a na spletno mesto Playlottoonline (v nadaljevanju &#8220;Politika&#8221;) in jo upravlja podjetje LLL World Marketing Limited, s sede\u017eem na naslovu: Peiraios 30, 1. nadstropje, pisarna 1, 2023 Strovolos, Nikozija, Cipr. Z uporabo tega spletnega mesta se strinjate s to Politiko zasebnosti in pogoji uporabe, ki so povezani z njo. Katere podatke [&hellip;]\" \/>\n<meta property=\"og:url\" content=\"https:\/\/jackpotlotteryonline.com\/privacy-policy-2\/\" \/>\n<meta property=\"og:site_name\" content=\"Lotto Online - Crack The International Lottery Jackpots\" \/>\n<meta name=\"twitter:card\" content=\"summary_large_image\" \/>\n<meta name=\"twitter:label1\" content=\"Est. reading time\" \/>\n\t<meta name=\"twitter:data1\" content=\"3 minute\" \/>\n<!-- \/ Yoast SEO plugin. -->","yoast_head_json":{"title":"Politika zasebnosti - Lotto Online - Crack The International Lottery Jackpots","robots":{"index":"index","follow":"follow","max-snippet":"max-snippet:-1","max-image-preview":"max-image-preview:large","max-video-preview":"max-video-preview:-1"},"canonical":"https:\/\/jackpotlotteryonline.com\/privacy-policy-2\/","og_locale":"sl_SI","og_type":"article","og_title":"Politika zasebnosti - Lotto Online - Crack The International Lottery Jackpots","og_description":"Ta Politika zasebnosti se nana\u0161a na spletno mesto Playlottoonline (v nadaljevanju &#8220;Politika&#8221;) in jo upravlja podjetje LLL World Marketing Limited, s sede\u017eem na naslovu: Peiraios 30, 1. nadstropje, pisarna 1, 2023 Strovolos, Nikozija, Cipr. Z uporabo tega spletnega mesta se strinjate s to Politiko zasebnosti in pogoji uporabe, ki so povezani z njo. Katere podatke [&hellip;]","og_url":"https:\/\/jackpotlotteryonline.com\/privacy-policy-2\/","og_site_name":"Lotto Online - Crack The International Lottery Jackpots","twitter_card":"summary_large_image","twitter_misc":{"Est. reading time":"3 minute"},"schema":{"@context":"https:\/\/schema.org","@graph":[{"@type":"WebPage","@id":"https:\/\/jackpotlotteryonline.com\/privacy-policy-2\/","url":"https:\/\/jackpotlotteryonline.com\/privacy-policy-2\/","name":"Politika zasebnosti - Lotto Online - Crack The International Lottery Jackpots","isPartOf":{"@id":"https:\/\/jackpotlotteryonline.com\/#website"},"datePublished":"2025-02-02T17:44:11+00:00","dateModified":"2025-02-02T17:44:11+00:00","breadcrumb":{"@id":"https:\/\/jackpotlotteryonline.com\/privacy-policy-2\/#breadcrumb"},"inLanguage":"sl-SI","potentialAction":[{"@type":"ReadAction","target":["https:\/\/jackpotlotteryonline.com\/privacy-policy-2\/"]}]},{"@type":"BreadcrumbList","@id":"https:\/\/jackpotlotteryonline.com\/privacy-policy-2\/#breadcrumb","itemListElement":[{"@type":"ListItem","position":1,"name":"Home","item":"https:\/\/jackpotlotteryonline.com\/sl\/"},{"@type":"ListItem","position":2,"name":"Politika zasebnosti"}]},{"@type":"WebSite","@id":"https:\/\/jackpotlotteryonline.com\/#website","url":"https:\/\/jackpotlotteryonline.com\/","name":"Lotto Online - Crack The International Lottery Jackpots","description":"","potentialAction":[{"@type":"SearchAction","target":{"@type":"EntryPoint","urlTemplate":"https:\/\/jackpotlotteryonline.com\/?s={search_term_string}"},"query-input":"required name=search_term_string"}],"inLanguage":"sl-SI"}]}},"_links":{"self":[{"href":"https:\/\/jackpotlotteryonline.com\/sl\/wp-json\/wp\/v2\/pages\/72975","targetHints":{"allow":["GET"]}}],"collection":[{"href":"https:\/\/jackpotlotteryonline.com\/sl\/wp-json\/wp\/v2\/pages"}],"about":[{"href":"https:\/\/jackpotlotteryonline.com\/sl\/wp-json\/wp\/v2\/types\/page"}],"author":[{"embeddable":true,"href":"https:\/\/jackpotlotteryonline.com\/sl\/wp-json\/wp\/v2\/users\/7"}],"replies":[{"embeddable":true,"href":"https:\/\/jackpotlotteryonline.com\/sl\/wp-json\/wp\/v2\/comments?post=72975"}],"version-history":[{"count":0,"href":"https:\/\/jackpotlotteryonline.com\/sl\/wp-json\/wp\/v2\/pages\/72975\/revisions"}],"wp:attachment":[{"href":"https:\/\/jackpotlotteryonline.com\/sl\/wp-json\/wp\/v2\/media?parent=72975"}],"curies":[{"name":"wp","href":"https:\/\/api.w.org\/{rel}","templated":true}]}}