{"id":73040,"date":"2025-02-02T18:44:14","date_gmt":"2025-02-02T18:44:14","guid":{"rendered":"https:\/\/jackpotlotteryonline.com\/?page_id=73040"},"modified":"2025-02-02T18:44:14","modified_gmt":"2025-02-02T18:44:14","slug":"pogoji-in-dolocila","status":"publish","type":"page","link":"https:\/\/jackpotlotteryonline.com\/sl\/pogoji-in-dolocila\/","title":{"rendered":"Pogoji in dolo\u010dila"},"content":{"rendered":"<p>Jackpot Lottery Online Pogoji in pogoji (v nadaljevanju Pogoji uporabe) veljajo za spletno stran jackpotlotteryonline.com (v nadaljevanju Spletna stran), ki jo upravlja LLL World Marketing Limited, Peiraios 30, 1st floor, office 1, 2023 Strovolos, Nicosia &#8211; Cyprus.<\/p>\n<p>S prikazovanjem, brskanjem ali kakr\u0161no koli uporabo spletnega mesta jackpotlotteryonline.com igralec upo\u0161teva naslednje pogoje uporabe in na\u0161o politiko zasebnosti. V primeru, da se igralec ne strinja z nobenim od njih, ga prosimo, da preneha uporabljati spletno stran jackpotlotteryonline.com.<\/p>\n<p>Za vsa vpra\u0161anja v zvezi s Pogoji uporabe ali na\u0161o Politiko zasebnosti nas kontaktirajte prek na\u0161ega kontaktnega obrazca.<\/p>\n<p>Te pogoje uporabe urejajo ciprski zakoni.<\/p>\n<p>1. Opredelitve pojmov<br \/>\nLoterija &#8211; igra s \u0161tevilkami, v okviru katere poteka \u017erebanje.<br \/>\n\u017drebanje &#8211; \u017drebanje dolo\u010denega \u0161tevila \u0161tevilk iz dolo\u010denih razponov standardnih \u0161tevilk ali standardnih in bonusnih \u0161tevilk v okviru dolo\u010dene Loterije. \u017drebanja potekajo ve\u010dkrat ob dnevih in urah, ki jih dolo\u010di upravljavec dolo\u010dene Loterije.<br \/>\nUpravljavec &#8211; subjekt, ki organizira \u017erebanje v dolo\u010deni loteriji.<br \/>\nIgralec &#8211; Oseba, ki sodeluje v eni od loterij, ponujenih na jackpotlotteryonline.com.<br \/>\nVstopnica &#8211; Elektronska vstopnica za \u017erebanje, ki jo igralec izbere za dolo\u010deno loterijo in vsebuje eno ali ve\u010d vrstic.<br \/>\nLinija &#8211; en niz \u0161tevilk, ki jih je igralec izbral za dolo\u010deno \u017erebanje Loterije. Odvisno od Loterije lahko vsebuje druga\u010den znesek in\/ali drug sklop (druga\u010dnega razpona) za standardne in bonus \u0161tevilke (\u010de obstajajo).<br \/>\nDobitek &#8211; Znesek, ki je osvojen, \u010de se linija, ki jo je ustvaril igralec, ujema z vnaprej dolo\u010denim naborom \u0161tevilk, iz\u017erebanih v \u017erebanju, za katerega je bila kupljena sre\u010dka, ki vsebuje linijo.<br \/>\nDepozit &#8211; Sredstva, polo\u017eena na igral\u010dev ra\u010dun, ki se pozneje uporabijo za nakup sre\u010dk.<br \/>\nRa\u010dun &#8211; Igral\u010dev uporabni\u0161ki ra\u010dun, ki so mu dodeljena igral\u010deva sredstva, kupljene vstopnice in podatki o igralcu.<br \/>\n2. Splo\u0161ni podatki<br \/>\n2.1 Spletna stran jackpotlotteryonline.com omogo\u010da dostop do loterij prek spletne platforme.<br \/>\n2.2 Igralci morajo biti stari najmanj 18 let, da lahko uporabljajo spletno stran.<br \/>\n2.3 Igralec je odgovoren, da preveri, ali je sodelovanje v spletnih loterijah zakonito pod njegovo jurisdikcijo.<br \/>\n2.4 Dru\u017eba LLL World Marketing Limited ni uradni upravljavec loterije. Storitve, ki jih ponuja, so povezane z dostopom do loterijskih sre\u010dk.<\/p>\n<p>3. Uporabni\u0161ki ra\u010dun<br \/>\n3.1 Igralci morajo registrirati ra\u010dun na spletni strani jackpotlotteryonline.com, da lahko kupijo sre\u010dke.<br \/>\n3.2. Osebni podatki, ki so bili posredovani med registracijo, morajo biti to\u010dni. Vsakr\u0161ni napa\u010dni ali zavajajo\u010di podatki lahko vodijo do za\u010dasne prekinitve ali ukinitve ra\u010duna.<br \/>\n3.3 Igralci so odgovorni za ohranjanje zaupnosti svojih prijavnih podatkov. Dru\u017eba ne bo odgovorna za nepoobla\u0161\u010den dostop zaradi malomarnosti.<\/p>\n<p>4. Vpla\u010dila in pla\u010dila<br \/>\n4.1 Vpla\u010dila lahko opravite s pla\u010dilnimi metodami, ki so na voljo na spletni strani jackpotlotteryonline.com.<br \/>\n4.2 Igralci so odgovorni, da na svojem ra\u010dunu zagotovijo dovolj sredstev za nakup vstopnic.<br \/>\n4.3 Vsa pla\u010dila so varno obdelana. Dru\u017eba si pridr\u017euje pravico, da po potrebi zahteva dodatno preverjanje.<\/p>\n<p>5. Nakup vstopnic<br \/>\n5.1 Igralci lahko kupijo Vstopnice za razli\u010dne loterije, ki so na voljo na spletni strani jackpotlotteryonline.com.<br \/>\n5.2 Vstopnice se \u0161tejejo za veljavne \u0161ele po uspe\u0161ni potrditvi pla\u010dila.<\/p>\n<p>6. Dobitki<br \/>\n6.1 Dobitki se izra\u010dunajo na podlagi ujemanja igral\u010devih izbranih \u0161tevilk s \u0161tevilkami, ki jih je iz\u017erebal uradni upravljavec loterije.<br \/>\n6.2 Dru\u017eba si bo po najbolj\u0161ih mo\u010deh prizadevala, da igralcu takoj razdeli dobitke.<br \/>\n6.3 Za velike dobitke bo morda potrebno dodatno preverjanje identitete, preden bodo izpla\u010dani igralcu.<\/p>\n<p>7. Omejitev odgovornosti<br \/>\n7.1 Dru\u017eba ni odgovorna za morebitne tehni\u010dne napake ali motnje, do katerih lahko pride pri uporabi spletne strani jackpotlotlotteryonline.com.<br \/>\n7.2 Dru\u017eba v nobenem primeru ni odgovorna za posredno, naklju\u010dno ali posledi\u010dno \u0161kodo, ki nastane zaradi uporabe spletnega mesta.<\/p>\n<p>8. Prenehanje<br \/>\n8.1 Dru\u017eba si pridr\u017euje pravico, da zaradi kr\u0161itev Pogojev uporabe ukine ali za\u010dasno prekli\u010de ra\u010dun katerega koli igralca.<br \/>\n8.2 Igralci lahko kadar koli zahtevajo zaprtje ra\u010duna tako, da se obrnejo na podporo prek kontaktnega obrazca.<\/p>\n<p>9. Pristojno pravo<br \/>\n9.1 Ti Pogoji uporabe se urejajo in razlagajo v skladu z zakonodajo Cipra.<\/p>\n<p>Z uporabo spletne strani jackpotlotteryonline.com se igralec strinja, da bo upo\u0161teval vse zgoraj navedene pogoje uporabe.<\/p>\n","protected":false},"excerpt":{"rendered":"<p>Jackpot Lottery Online Pogoji in pogoji (v nadaljevanju Pogoji uporabe) veljajo za spletno stran jackpotlotteryonline.com (v nadaljevanju Spletna stran), ki jo upravlja LLL World Marketing Limited, Peiraios 30, 1st floor, office 1, 2023 Strovolos, Nicosia &#8211; Cyprus. S prikazovanjem, brskanjem ali kakr\u0161no koli uporabo spletnega mesta jackpotlotteryonline.com igralec upo\u0161teva naslednje pogoje uporabe in na\u0161o politiko [&hellip;]<\/p>\n","protected":false},"author":7,"featured_media":0,"parent":0,"menu_order":0,"comment_status":"closed","ping_status":"closed","template":"","meta":{"_et_pb_use_builder":"","_et_pb_old_content":"","_et_gb_content_width":"","exclude_from_search":false,"footnotes":""},"class_list":["post-73040","page","type-page","status-publish","hentry"],"yoast_head":"<!-- This site is optimized with the Yoast SEO plugin v23.3 - https:\/\/yoast.com\/wordpress\/plugins\/seo\/ -->\n<title>Pogoji in dolo\u010dila - Lotto Online - Crack The International Lottery Jackpots<\/title>\n<meta name=\"robots\" content=\"index, follow, max-snippet:-1, max-image-preview:large, max-video-preview:-1\" \/>\n<link rel=\"canonical\" href=\"https:\/\/jackpotlotteryonline.com\/sl\/pogoji-in-dolocila\/\" \/>\n<meta property=\"og:locale\" content=\"sl_SI\" \/>\n<meta property=\"og:type\" content=\"article\" \/>\n<meta property=\"og:title\" content=\"Pogoji in dolo\u010dila - Lotto Online - Crack The International Lottery Jackpots\" \/>\n<meta property=\"og:description\" content=\"Jackpot Lottery Online Pogoji in pogoji (v nadaljevanju Pogoji uporabe) veljajo za spletno stran jackpotlotteryonline.com (v nadaljevanju Spletna stran), ki jo upravlja LLL World Marketing Limited, Peiraios 30, 1st floor, office 1, 2023 Strovolos, Nicosia &#8211; Cyprus. S prikazovanjem, brskanjem ali kakr\u0161no koli uporabo spletnega mesta jackpotlotteryonline.com igralec upo\u0161teva naslednje pogoje uporabe in na\u0161o politiko [&hellip;]\" \/>\n<meta property=\"og:url\" content=\"https:\/\/jackpotlotteryonline.com\/sl\/pogoji-in-dolocila\/\" \/>\n<meta property=\"og:site_name\" content=\"Lotto Online - Crack The International Lottery Jackpots\" \/>\n<meta name=\"twitter:card\" content=\"summary_large_image\" \/>\n<meta name=\"twitter:label1\" content=\"Est. reading time\" \/>\n\t<meta name=\"twitter:data1\" content=\"3 minute\" \/>\n<!-- \/ Yoast SEO plugin. -->","yoast_head_json":{"title":"Pogoji in dolo\u010dila - Lotto Online - Crack The International Lottery Jackpots","robots":{"index":"index","follow":"follow","max-snippet":"max-snippet:-1","max-image-preview":"max-image-preview:large","max-video-preview":"max-video-preview:-1"},"canonical":"https:\/\/jackpotlotteryonline.com\/sl\/pogoji-in-dolocila\/","og_locale":"sl_SI","og_type":"article","og_title":"Pogoji in dolo\u010dila - Lotto Online - Crack The International Lottery Jackpots","og_description":"Jackpot Lottery Online Pogoji in pogoji (v nadaljevanju Pogoji uporabe) veljajo za spletno stran jackpotlotteryonline.com (v nadaljevanju Spletna stran), ki jo upravlja LLL World Marketing Limited, Peiraios 30, 1st floor, office 1, 2023 Strovolos, Nicosia &#8211; Cyprus. S prikazovanjem, brskanjem ali kakr\u0161no koli uporabo spletnega mesta jackpotlotteryonline.com igralec upo\u0161teva naslednje pogoje uporabe in na\u0161o politiko [&hellip;]","og_url":"https:\/\/jackpotlotteryonline.com\/sl\/pogoji-in-dolocila\/","og_site_name":"Lotto Online - Crack The International Lottery Jackpots","twitter_card":"summary_large_image","twitter_misc":{"Est. reading time":"3 minute"},"schema":{"@context":"https:\/\/schema.org","@graph":[{"@type":"WebPage","@id":"https:\/\/jackpotlotteryonline.com\/sl\/pogoji-in-dolocila\/","url":"https:\/\/jackpotlotteryonline.com\/sl\/pogoji-in-dolocila\/","name":"Pogoji in dolo\u010dila - Lotto Online - Crack The International Lottery Jackpots","isPartOf":{"@id":"https:\/\/jackpotlotteryonline.com\/#website"},"datePublished":"2025-02-02T18:44:14+00:00","dateModified":"2025-02-02T18:44:14+00:00","breadcrumb":{"@id":"https:\/\/jackpotlotteryonline.com\/sl\/pogoji-in-dolocila\/#breadcrumb"},"inLanguage":"sl-SI","potentialAction":[{"@type":"ReadAction","target":["https:\/\/jackpotlotteryonline.com\/sl\/pogoji-in-dolocila\/"]}]},{"@type":"BreadcrumbList","@id":"https:\/\/jackpotlotteryonline.com\/sl\/pogoji-in-dolocila\/#breadcrumb","itemListElement":[{"@type":"ListItem","position":1,"name":"Home","item":"https:\/\/jackpotlotteryonline.com\/sl\/"},{"@type":"ListItem","position":2,"name":"Pogoji in dolo\u010dila"}]},{"@type":"WebSite","@id":"https:\/\/jackpotlotteryonline.com\/#website","url":"https:\/\/jackpotlotteryonline.com\/","name":"Lotto Online - Crack The International Lottery Jackpots","description":"","potentialAction":[{"@type":"SearchAction","target":{"@type":"EntryPoint","urlTemplate":"https:\/\/jackpotlotteryonline.com\/?s={search_term_string}"},"query-input":"required name=search_term_string"}],"inLanguage":"sl-SI"}]}},"_links":{"self":[{"href":"https:\/\/jackpotlotteryonline.com\/sl\/wp-json\/wp\/v2\/pages\/73040","targetHints":{"allow":["GET"]}}],"collection":[{"href":"https:\/\/jackpotlotteryonline.com\/sl\/wp-json\/wp\/v2\/pages"}],"about":[{"href":"https:\/\/jackpotlotteryonline.com\/sl\/wp-json\/wp\/v2\/types\/page"}],"author":[{"embeddable":true,"href":"https:\/\/jackpotlotteryonline.com\/sl\/wp-json\/wp\/v2\/users\/7"}],"replies":[{"embeddable":true,"href":"https:\/\/jackpotlotteryonline.com\/sl\/wp-json\/wp\/v2\/comments?post=73040"}],"version-history":[{"count":0,"href":"https:\/\/jackpotlotteryonline.com\/sl\/wp-json\/wp\/v2\/pages\/73040\/revisions"}],"wp:attachment":[{"href":"https:\/\/jackpotlotteryonline.com\/sl\/wp-json\/wp\/v2\/media?parent=73040"}],"curies":[{"name":"wp","href":"https:\/\/api.w.org\/{rel}","templated":true}]}}