{"id":77641,"date":"2025-03-21T17:54:12","date_gmt":"2025-03-21T17:54:12","guid":{"rendered":"https:\/\/jackpotlotteryonline.com\/?page_id=77641"},"modified":"2025-03-21T17:54:12","modified_gmt":"2025-03-21T17:54:12","slug":"kje-lahko-kupite-vstopnice-za-loterijo-new-york-zunaj-zda","status":"publish","type":"page","link":"https:\/\/jackpotlotteryonline.com\/sl\/kupiti-vstopnice\/kje-lahko-kupite-vstopnice-za-loterijo-new-york-zunaj-zda\/","title":{"rendered":"Kje lahko kupite vstopnice za loterijo New York zunaj ZDA?"},"content":{"rendered":"<p>Ti newyor\u0161ki jackpoti so naravnost ogromni \u2013 so prakti\u010dno legendarni. Ljudje po vsem svetu jih lovijo! Kaj pa ljudje, ki niso v ZDA? Ali lahko vstopnice za newyor\u0161ko loterijo kupite zunaj ZDA. Absolutno! uganete kaj JackpotLottery vam omogo\u010da, da na spletu dobite prave newyor\u0161ke loterijske sre\u010dke, kjerkoli na planetu!<\/p>\n<h2>Ali lahko kupite newyor\u0161ke sre\u010dke zunaj ZDA?<\/h2>\n<p>Povsem! Torej, tudi \u010de niste v New Yorku ali celo Ameriki, lahko \u0161e vedno sodelujete na newyor\u0161ki loteriji. Z JackpotLottery lahko mednarodni igralci varno kupijo sre\u010dke kjer koli. To izena\u010di igralne pogoje in vam daje enake mo\u017enosti za zmago, kot \u010de bi vstopnico kupili osebno. V bistvu JackpotLottery poskrbi, da nekdo namesto vas kupi va\u0161o vstopnico, na primer osebni nakupovalec loterije. V svoj ra\u010dun boste prejeli skenirano kopijo svoje uradne vstopnice, ki zagotavlja jasen dokaz o va\u0161em nakupu in dodatno varnost.<\/p>\n<h3>Kako kupiti newyor\u0161ke loterijske vstopnice prek spleta z JackpotLottery<img loading=\"lazy\" decoding=\"async\" class=\" wp-image-29318 alignright\" src=\"https:\/\/jackpotlotteryonline.com\/wp-content\/uploads\/2022\/11\/1_play_onlinelottery4-300x200.jpg\" alt=\"Ali lahko kupite newyor\u0161ke loterijske vstopnice izven US\" width=\"262\" height=\"174\" srcset=\"https:\/\/jackpotlotteryonline.com\/wp-content\/uploads\/2022\/11\/1_play_onlinelottery4-300x200.jpg 300w, https:\/\/jackpotlotteryonline.com\/wp-content\/uploads\/2022\/11\/1_play_onlinelottery4.jpg 320w\" sizes=\"auto, (max-width: 262px) 100vw, 262px\" \/><\/h3>\n<p>Mednarodno igranje newyor\u0161ke loterije je zelo dostopno, \u010de uporabljate Jackpotlottery. Ta preprosta navodila vas bodo vodila:<\/p>\n<p>1. Za\u010dnite s prijavo. Za\u010dnite uporabljati JackpotLottery tako, da vnesete svoje podatke in potrdite svojo identiteto. Tako je vse varno in ne boste imeli te\u017eav pri pridobivanju dobitkov.<br \/>\n2. V razdelku loterije izberite New York Lottery. \u010ce i\u0161\u010dete velik dobitek, je New York Lotto zelo priljubljena mo\u017enost.<br \/>\n3. Zdaj izberite svoje \u0161tevilke. Imate mo\u017enost, da ro\u010dno izberete \u0161est \u0161tevilk od 1 do 59 ali pa uporabite funkcijo Quick Pick, da jih sistem naklju\u010dno ustvari namesto vas.<br \/>\n4. Nadaljujte z nakupom vstopnice. Izberite med na\u0161imi razpolo\u017eljivimi na\u010dini pla\u010dila za udoben nakup vstopnice. Po uspe\u0161ni potrditvi nakupa bo JackpotLottery nadaljeval s pridobitvijo uradne vstopnice na va\u0161e ime.<\/p>\n<p>5. Izvedite rezultate \u017erebanja.<br \/>\nTakoj izveste, \u010de ste zadeli glavni dobitek.<br \/>\n6. Preverjeno jamstvo pla\u010dila<br \/>\nMajhni dobitki gredo neposredno na va\u0161 ra\u010dun, za velike pa JackpotLottery poskrbi za vse.<\/p>\n<p><strong>Igrajte newyor\u0161ko loterijo danes<\/strong><br \/>\nZdaj veste, kako igrati iz tujine, kar nadaljujte in poskusite zadeti veliko na newyor\u0161ki loteriji. Podajte se v akcijo! Prijavite se pri JackpotLottery, zgrabite svojo vstopnico in sodelujte v razburljivem \u017erebanju ameri\u0161ke loterije! Le \u0161e ena vstopnica vas lo\u010di od uresni\u010ditve va\u0161ih sanj o jackpotu.<\/p>\n","protected":false},"excerpt":{"rendered":"<p>Ti newyor\u0161ki jackpoti so naravnost ogromni \u2013 so prakti\u010dno legendarni. Ljudje po vsem svetu jih lovijo! Kaj pa ljudje, ki niso v ZDA? Ali lahko vstopnice za newyor\u0161ko loterijo kupite zunaj ZDA. Absolutno! uganete kaj JackpotLottery vam omogo\u010da, da na spletu dobite prave newyor\u0161ke loterijske sre\u010dke, kjerkoli na planetu! Ali lahko kupite newyor\u0161ke sre\u010dke zunaj [&hellip;]<\/p>\n","protected":false},"author":7,"featured_media":0,"parent":35780,"menu_order":0,"comment_status":"closed","ping_status":"closed","template":"","meta":{"_et_pb_use_builder":"","_et_pb_old_content":"","_et_gb_content_width":"","exclude_from_search":false,"footnotes":""},"class_list":["post-77641","page","type-page","status-publish","hentry"],"yoast_head":"<!-- This site is optimized with the Yoast SEO plugin v23.3 - https:\/\/yoast.com\/wordpress\/plugins\/seo\/ -->\n<title>Ali lahko kupite newyor\u0161ke loterijske vstopnice izven ZDA?<\/title>\n<meta name=\"description\" content=\"Se spra\u0161ujete, ali lahko kupite vstopnice za loterijo New York zunaj ZDA? Odkrijte najbolj\u0161e na\u010dine igranja na spletu in zahtevajte nagrade po vsem svetu!\" \/>\n<meta name=\"robots\" content=\"index, follow, max-snippet:-1, max-image-preview:large, max-video-preview:-1\" \/>\n<link rel=\"canonical\" href=\"https:\/\/jackpotlotteryonline.com\/where-can-you-buy-new-york-lottery-tickets-outside-the-usa\/\" \/>\n<meta property=\"og:locale\" content=\"sl_SI\" \/>\n<meta property=\"og:type\" content=\"article\" \/>\n<meta property=\"og:title\" content=\"Ali lahko kupite newyor\u0161ke loterijske vstopnice izven ZDA?\" \/>\n<meta property=\"og:description\" content=\"Se spra\u0161ujete, ali lahko kupite vstopnice za loterijo New York zunaj ZDA? Odkrijte najbolj\u0161e na\u010dine igranja na spletu in zahtevajte nagrade po vsem svetu!\" \/>\n<meta property=\"og:url\" content=\"https:\/\/jackpotlotteryonline.com\/where-can-you-buy-new-york-lottery-tickets-outside-the-usa\/\" \/>\n<meta property=\"og:site_name\" content=\"Lotto Online - Crack The International Lottery Jackpots\" \/>\n<meta property=\"og:image\" content=\"https:\/\/jackpotlotteryonline.com\/wp-content\/uploads\/2022\/11\/1_play_onlinelottery4-300x200.jpg\" \/>\n<meta name=\"twitter:card\" content=\"summary_large_image\" \/>\n<!-- \/ Yoast SEO plugin. -->","yoast_head_json":{"title":"Ali lahko kupite newyor\u0161ke loterijske vstopnice izven ZDA?","description":"Se spra\u0161ujete, ali lahko kupite vstopnice za loterijo New York zunaj ZDA? Odkrijte najbolj\u0161e na\u010dine igranja na spletu in zahtevajte nagrade po vsem svetu!","robots":{"index":"index","follow":"follow","max-snippet":"max-snippet:-1","max-image-preview":"max-image-preview:large","max-video-preview":"max-video-preview:-1"},"canonical":"https:\/\/jackpotlotteryonline.com\/where-can-you-buy-new-york-lottery-tickets-outside-the-usa\/","og_locale":"sl_SI","og_type":"article","og_title":"Ali lahko kupite newyor\u0161ke loterijske vstopnice izven ZDA?","og_description":"Se spra\u0161ujete, ali lahko kupite vstopnice za loterijo New York zunaj ZDA? Odkrijte najbolj\u0161e na\u010dine igranja na spletu in zahtevajte nagrade po vsem svetu!","og_url":"https:\/\/jackpotlotteryonline.com\/where-can-you-buy-new-york-lottery-tickets-outside-the-usa\/","og_site_name":"Lotto Online - Crack The International Lottery Jackpots","og_image":[{"url":"https:\/\/jackpotlotteryonline.com\/wp-content\/uploads\/2022\/11\/1_play_onlinelottery4-300x200.jpg"}],"twitter_card":"summary_large_image","schema":{"@context":"https:\/\/schema.org","@graph":[{"@type":"WebPage","@id":"https:\/\/jackpotlotteryonline.com\/where-can-you-buy-new-york-lottery-tickets-outside-the-usa\/","url":"https:\/\/jackpotlotteryonline.com\/where-can-you-buy-new-york-lottery-tickets-outside-the-usa\/","name":"Ali lahko kupite newyor\u0161ke loterijske vstopnice izven ZDA?","isPartOf":{"@id":"https:\/\/jackpotlotteryonline.com\/#website"},"primaryImageOfPage":{"@id":"https:\/\/jackpotlotteryonline.com\/where-can-you-buy-new-york-lottery-tickets-outside-the-usa\/#primaryimage"},"image":{"@id":"https:\/\/jackpotlotteryonline.com\/where-can-you-buy-new-york-lottery-tickets-outside-the-usa\/#primaryimage"},"thumbnailUrl":"https:\/\/jackpotlotteryonline.com\/wp-content\/uploads\/2022\/11\/1_play_onlinelottery4-300x200.jpg","datePublished":"2025-03-21T17:54:12+00:00","dateModified":"2025-03-21T17:54:12+00:00","description":"Se spra\u0161ujete, ali lahko kupite vstopnice za loterijo New York zunaj ZDA? Odkrijte najbolj\u0161e na\u010dine igranja na spletu in zahtevajte nagrade po vsem svetu!","breadcrumb":{"@id":"https:\/\/jackpotlotteryonline.com\/where-can-you-buy-new-york-lottery-tickets-outside-the-usa\/#breadcrumb"},"inLanguage":"sl-SI","potentialAction":[{"@type":"ReadAction","target":["https:\/\/jackpotlotteryonline.com\/where-can-you-buy-new-york-lottery-tickets-outside-the-usa\/"]}]},{"@type":"ImageObject","inLanguage":"sl-SI","@id":"https:\/\/jackpotlotteryonline.com\/where-can-you-buy-new-york-lottery-tickets-outside-the-usa\/#primaryimage","url":"https:\/\/jackpotlotteryonline.com\/wp-content\/uploads\/2022\/11\/1_play_onlinelottery4-300x200.jpg","contentUrl":"https:\/\/jackpotlotteryonline.com\/wp-content\/uploads\/2022\/11\/1_play_onlinelottery4-300x200.jpg"},{"@type":"BreadcrumbList","@id":"https:\/\/jackpotlotteryonline.com\/where-can-you-buy-new-york-lottery-tickets-outside-the-usa\/#breadcrumb","itemListElement":[{"@type":"ListItem","position":1,"name":"Home","item":"https:\/\/jackpotlotteryonline.com\/sl\/"},{"@type":"ListItem","position":2,"name":"Kje lahko kupite vstopnice za loterijo New York zunaj ZDA?"}]},{"@type":"WebSite","@id":"https:\/\/jackpotlotteryonline.com\/#website","url":"https:\/\/jackpotlotteryonline.com\/","name":"Lotto Online - Crack The International Lottery Jackpots","description":"","potentialAction":[{"@type":"SearchAction","target":{"@type":"EntryPoint","urlTemplate":"https:\/\/jackpotlotteryonline.com\/?s={search_term_string}"},"query-input":"required name=search_term_string"}],"inLanguage":"sl-SI"}]}},"_links":{"self":[{"href":"https:\/\/jackpotlotteryonline.com\/sl\/wp-json\/wp\/v2\/pages\/77641","targetHints":{"allow":["GET"]}}],"collection":[{"href":"https:\/\/jackpotlotteryonline.com\/sl\/wp-json\/wp\/v2\/pages"}],"about":[{"href":"https:\/\/jackpotlotteryonline.com\/sl\/wp-json\/wp\/v2\/types\/page"}],"author":[{"embeddable":true,"href":"https:\/\/jackpotlotteryonline.com\/sl\/wp-json\/wp\/v2\/users\/7"}],"replies":[{"embeddable":true,"href":"https:\/\/jackpotlotteryonline.com\/sl\/wp-json\/wp\/v2\/comments?post=77641"}],"version-history":[{"count":1,"href":"https:\/\/jackpotlotteryonline.com\/sl\/wp-json\/wp\/v2\/pages\/77641\/revisions"}],"predecessor-version":[{"id":77642,"href":"https:\/\/jackpotlotteryonline.com\/sl\/wp-json\/wp\/v2\/pages\/77641\/revisions\/77642"}],"up":[{"embeddable":true,"href":"https:\/\/jackpotlotteryonline.com\/sl\/wp-json\/wp\/v2\/pages\/35780"}],"wp:attachment":[{"href":"https:\/\/jackpotlotteryonline.com\/sl\/wp-json\/wp\/v2\/media?parent=77641"}],"curies":[{"name":"wp","href":"https:\/\/api.w.org\/{rel}","templated":true}]}}