{"id":77784,"date":"2025-03-22T09:07:09","date_gmt":"2025-03-22T09:07:09","guid":{"rendered":"https:\/\/jackpotlotteryonline.com\/?page_id=77784"},"modified":"2025-03-22T09:07:09","modified_gmt":"2025-03-22T09:07:09","slug":"ugotovite-kako-igrati-newyorsko-loterijo-zunaj-zda","status":"publish","type":"page","link":"https:\/\/jackpotlotteryonline.com\/sl\/ugotovite-kako-igrati-newyorsko-loterijo-zunaj-zda\/","title":{"rendered":"Ugotovite, kako igrati newyor\u0161ko loterijo zunaj ZDA"},"content":{"rendered":"<p>Torej, \u017eelite igrati newyor\u0161ko loterijo, tudi \u010de ste na drugi strani sveta? Tisti jackpoti v New Yorku so tako ogromni. Niso za \u0161alo. Ljudje od vsepovsod sanjajo o zmagi. V redu, predstavljajte si to: Newyor\u0161ka loterija, kajne? Velike nagrade, zmage, ki vam spremenijo \u017eivljenje. Ampak ne visi\u0161 ravno na Times Squareu. Brez znoja! Zahvaljujo\u010d Jackpotlotteryonline; kjer lahko kupite vstopnice za loterijo New York zunaj ZDA, lahko popolnoma vstopite v igro, kjer koli \u017ee ste.<\/p>\n<h2>Ali lahko igrate newyor\u0161ko loterijo zunaj ZDA<img loading=\"lazy\" decoding=\"async\" class=\" wp-image-28535 alignright\" src=\"http:\/\/jackpotlotteryonline.com\/wp-content\/uploads\/2022\/11\/1_online_lottery_success-300x213.jpg\" alt=\"Kako igrati newyor\u0161ko loterijo zunaj ZDA\" width=\"220\" height=\"156\" srcset=\"https:\/\/jackpotlotteryonline.com\/wp-content\/uploads\/2022\/11\/1_online_lottery_success-300x213.jpg 300w, https:\/\/jackpotlotteryonline.com\/wp-content\/uploads\/2022\/11\/1_online_lottery_success.jpg 320w\" sizes=\"auto, (max-width: 220px) 100vw, 220px\" \/><\/h2>\n<p>Da, in ni vam treba biti v New Yorku ali celo v ZDA. Na\u0161a platforma vam omogo\u010da, da zgrabite vstopnice in se pridru\u017eite zabavi, tako kot bi nekdo kupil vstopnico v trgovini na vogalu. Imate enake mo\u017enosti, da zadenete glavni dobitek.<\/p>\n<h3>Kako igrati newyor\u0161ko loterijo izven Zdru\u017eenih dr\u017eav<\/h3>\n<p>Z Jackpotlotteryonline je zelo enostavno:<\/p>\n<ul>\n<li>Ustvarite ra\u010dun: prijavite se, vnesite svoje podatke in doka\u017eite, da ste vi. Hranite vstopnice in gotovino na varnem.<\/li>\n<li>Za\u010dnite tako, da poi\u0161\u010dete razdelek Loterija in nato izberete igro New York Lotto.<\/li>\n<li>Izberite svoje sre\u010dne \u0161tevilke: izberite \u0161est \u0161tevilk (1\u201359) ali pritisnite gumb \u00bbfunkcija hitre izbire\u00ab.<\/li>\n<li>Kupite vstopnico: pla\u010dajte s tistim, kar deluje, in poslali vam bomo opti\u010dno preslikano va\u0161e uradne vstopnice.<\/li>\n<li>Po\u010dakajte na \u017erebanje: \u017erebanja so v sredo in soboto zve\u010der. Preverite rezultate na tej platformi.<\/li>\n<\/ul>\n<h3>Zakaj sploh igrati na spletu?<\/h3>\n<ul>\n<li>Enostavno: igrajte s kav\u010da, pot ni potrebna.<\/li>\n<li>Hitre vstopnice: Kupite jih hitro, brez vrst.<\/li>\n<li>Brez izgubljenih vstopnic: va\u0161e vstopnice so v \u017eivo na spletu, varne in zdrave.<\/li>\n<li>Zmagal si!: Povedali vam bomo takoj, majhni dobitki pa gredo neposredno na va\u0161 ra\u010dun.<br \/>\nVarna gotovina: Poskrbimo, da dobite svoje dobitke, brez sme\u0161nega posla.<\/li>\n<\/ul>\n<p><strong>Prejem denarja ob zmagi:<\/strong><\/p>\n<ul>\n<li>Majhne zmage: spustili jih bomo kar v va\u0161 ra\u010dun.<\/li>\n<li>Velike zmage: pomagali vam jo bomo pridobiti, morda celo osebno.<\/li>\n<li>Popolnoma varno: va\u0161e dobitke hranimo zaklenjene.<\/li>\n<\/ul>\n<p><strong>Ste pripravljeni poskusiti svojo sre\u010do?<\/strong><br \/>\nIgranje newyor\u0161ke loterije po vsem svetu je zdaj neverjetno enostavno. Jackpotlotteryonline vam prina\u0161a vznemirjenje newyor\u0161ke loterije, ne glede na to, kje ste. Izbira va\u0161ih \u0161tevilk je preprosta, ne glede na to, ali jih izberete sami ali uporabite Quick Pick, in je vedno varna in enostavna. Zdaj, ko lahko igrate sre\u010dke New York Lottery zunaj ZDA, se prijavite ali prijavite na na\u0161i platformi, \u010de \u017ee imate ra\u010dun pri nas, in se pridru\u017eite zabavi. Kdo ve, morda boste le veliko zmagali! Va\u0161e sanje o jackpotu so lahko le nekaj klikov stran.<\/p>\n","protected":false},"excerpt":{"rendered":"<p>Torej, \u017eelite igrati newyor\u0161ko loterijo, tudi \u010de ste na drugi strani sveta? Tisti jackpoti v New Yorku so tako ogromni. Niso za \u0161alo. Ljudje od vsepovsod sanjajo o zmagi. V redu, predstavljajte si to: Newyor\u0161ka loterija, kajne? Velike nagrade, zmage, ki vam spremenijo \u017eivljenje. Ampak ne visi\u0161 ravno na Times Squareu. Brez znoja! Zahvaljujo\u010d Jackpotlotteryonline; [&hellip;]<\/p>\n","protected":false},"author":7,"featured_media":0,"parent":0,"menu_order":0,"comment_status":"closed","ping_status":"closed","template":"","meta":{"_et_pb_use_builder":"","_et_pb_old_content":"","_et_gb_content_width":"","exclude_from_search":false,"footnotes":""},"class_list":["post-77784","page","type-page","status-publish","hentry"],"yoast_head":"<!-- This site is optimized with the Yoast SEO plugin v23.3 - https:\/\/yoast.com\/wordpress\/plugins\/seo\/ -->\n<title>Kako igrati newyor\u0161ko loterijo izven Zdru\u017eenih dr\u017eav<\/title>\n<meta name=\"description\" content=\"Nau\u010dite se igrati newyor\u0161ko loterijo zunaj ZDA. Odkrijte spletne mo\u017enosti in kako zahtevati nagrade kjer koliv\" \/>\n<meta name=\"robots\" content=\"index, follow, max-snippet:-1, max-image-preview:large, max-video-preview:-1\" \/>\n<link rel=\"canonical\" href=\"https:\/\/jackpotlotteryonline.com\/find-out-how-to-play-the-new-york-lottery-from-outside-the-us\/\" \/>\n<meta property=\"og:locale\" content=\"sl_SI\" \/>\n<meta property=\"og:type\" content=\"article\" \/>\n<meta property=\"og:title\" content=\"Kako igrati newyor\u0161ko loterijo izven Zdru\u017eenih dr\u017eav\" \/>\n<meta property=\"og:description\" content=\"Nau\u010dite se igrati newyor\u0161ko loterijo zunaj ZDA. Odkrijte spletne mo\u017enosti in kako zahtevati nagrade kjer koliv\" \/>\n<meta property=\"og:url\" content=\"https:\/\/jackpotlotteryonline.com\/find-out-how-to-play-the-new-york-lottery-from-outside-the-us\/\" \/>\n<meta property=\"og:site_name\" content=\"Lotto Online - Crack The International Lottery Jackpots\" \/>\n<meta property=\"og:image\" content=\"http:\/\/jackpotlotteryonline.com\/wp-content\/uploads\/2022\/11\/1_online_lottery_success-300x213.jpg\" \/>\n<meta name=\"twitter:card\" content=\"summary_large_image\" \/>\n<!-- \/ Yoast SEO plugin. -->","yoast_head_json":{"title":"Kako igrati newyor\u0161ko loterijo izven Zdru\u017eenih dr\u017eav","description":"Nau\u010dite se igrati newyor\u0161ko loterijo zunaj ZDA. Odkrijte spletne mo\u017enosti in kako zahtevati nagrade kjer koliv","robots":{"index":"index","follow":"follow","max-snippet":"max-snippet:-1","max-image-preview":"max-image-preview:large","max-video-preview":"max-video-preview:-1"},"canonical":"https:\/\/jackpotlotteryonline.com\/find-out-how-to-play-the-new-york-lottery-from-outside-the-us\/","og_locale":"sl_SI","og_type":"article","og_title":"Kako igrati newyor\u0161ko loterijo izven Zdru\u017eenih dr\u017eav","og_description":"Nau\u010dite se igrati newyor\u0161ko loterijo zunaj ZDA. Odkrijte spletne mo\u017enosti in kako zahtevati nagrade kjer koliv","og_url":"https:\/\/jackpotlotteryonline.com\/find-out-how-to-play-the-new-york-lottery-from-outside-the-us\/","og_site_name":"Lotto Online - Crack The International Lottery Jackpots","og_image":[{"url":"http:\/\/jackpotlotteryonline.com\/wp-content\/uploads\/2022\/11\/1_online_lottery_success-300x213.jpg"}],"twitter_card":"summary_large_image","schema":{"@context":"https:\/\/schema.org","@graph":[{"@type":"WebPage","@id":"https:\/\/jackpotlotteryonline.com\/find-out-how-to-play-the-new-york-lottery-from-outside-the-us\/","url":"https:\/\/jackpotlotteryonline.com\/find-out-how-to-play-the-new-york-lottery-from-outside-the-us\/","name":"Kako igrati newyor\u0161ko loterijo izven Zdru\u017eenih dr\u017eav","isPartOf":{"@id":"https:\/\/jackpotlotteryonline.com\/#website"},"primaryImageOfPage":{"@id":"https:\/\/jackpotlotteryonline.com\/find-out-how-to-play-the-new-york-lottery-from-outside-the-us\/#primaryimage"},"image":{"@id":"https:\/\/jackpotlotteryonline.com\/find-out-how-to-play-the-new-york-lottery-from-outside-the-us\/#primaryimage"},"thumbnailUrl":"http:\/\/jackpotlotteryonline.com\/wp-content\/uploads\/2022\/11\/1_online_lottery_success-300x213.jpg","datePublished":"2025-03-22T09:07:09+00:00","dateModified":"2025-03-22T09:07:09+00:00","description":"Nau\u010dite se igrati newyor\u0161ko loterijo zunaj ZDA. Odkrijte spletne mo\u017enosti in kako zahtevati nagrade kjer koliv","breadcrumb":{"@id":"https:\/\/jackpotlotteryonline.com\/find-out-how-to-play-the-new-york-lottery-from-outside-the-us\/#breadcrumb"},"inLanguage":"sl-SI","potentialAction":[{"@type":"ReadAction","target":["https:\/\/jackpotlotteryonline.com\/find-out-how-to-play-the-new-york-lottery-from-outside-the-us\/"]}]},{"@type":"ImageObject","inLanguage":"sl-SI","@id":"https:\/\/jackpotlotteryonline.com\/find-out-how-to-play-the-new-york-lottery-from-outside-the-us\/#primaryimage","url":"http:\/\/jackpotlotteryonline.com\/wp-content\/uploads\/2022\/11\/1_online_lottery_success-300x213.jpg","contentUrl":"http:\/\/jackpotlotteryonline.com\/wp-content\/uploads\/2022\/11\/1_online_lottery_success-300x213.jpg"},{"@type":"BreadcrumbList","@id":"https:\/\/jackpotlotteryonline.com\/find-out-how-to-play-the-new-york-lottery-from-outside-the-us\/#breadcrumb","itemListElement":[{"@type":"ListItem","position":1,"name":"Home","item":"https:\/\/jackpotlotteryonline.com\/sl\/"},{"@type":"ListItem","position":2,"name":"Ugotovite, kako igrati newyor\u0161ko loterijo zunaj ZDA"}]},{"@type":"WebSite","@id":"https:\/\/jackpotlotteryonline.com\/#website","url":"https:\/\/jackpotlotteryonline.com\/","name":"Lotto Online - Crack The International Lottery Jackpots","description":"","potentialAction":[{"@type":"SearchAction","target":{"@type":"EntryPoint","urlTemplate":"https:\/\/jackpotlotteryonline.com\/?s={search_term_string}"},"query-input":"required name=search_term_string"}],"inLanguage":"sl-SI"}]}},"_links":{"self":[{"href":"https:\/\/jackpotlotteryonline.com\/sl\/wp-json\/wp\/v2\/pages\/77784","targetHints":{"allow":["GET"]}}],"collection":[{"href":"https:\/\/jackpotlotteryonline.com\/sl\/wp-json\/wp\/v2\/pages"}],"about":[{"href":"https:\/\/jackpotlotteryonline.com\/sl\/wp-json\/wp\/v2\/types\/page"}],"author":[{"embeddable":true,"href":"https:\/\/jackpotlotteryonline.com\/sl\/wp-json\/wp\/v2\/users\/7"}],"replies":[{"embeddable":true,"href":"https:\/\/jackpotlotteryonline.com\/sl\/wp-json\/wp\/v2\/comments?post=77784"}],"version-history":[{"count":1,"href":"https:\/\/jackpotlotteryonline.com\/sl\/wp-json\/wp\/v2\/pages\/77784\/revisions"}],"predecessor-version":[{"id":77785,"href":"https:\/\/jackpotlotteryonline.com\/sl\/wp-json\/wp\/v2\/pages\/77784\/revisions\/77785"}],"wp:attachment":[{"href":"https:\/\/jackpotlotteryonline.com\/sl\/wp-json\/wp\/v2\/media?parent=77784"}],"curies":[{"name":"wp","href":"https:\/\/api.w.org\/{rel}","templated":true}]}}