{"id":72971,"date":"2025-02-02T17:39:32","date_gmt":"2025-02-02T17:39:32","guid":{"rendered":"https:\/\/jackpotlotteryonline.com\/?page_id=72971"},"modified":"2025-02-02T17:39:32","modified_gmt":"2025-02-02T17:39:32","slug":"politika-privatnosti","status":"publish","type":"page","link":"https:\/\/jackpotlotteryonline.com\/sr\/politika-privatnosti\/","title":{"rendered":"Politika privatnosti"},"content":{"rendered":"<p>Ova Politika privatnosti se odnosi na veb sajt Playlottoonline (u daljem tekstu &#8220;Politika&#8221;) i njome upravlja kompanija LLL World Marketing Limited, sa sedi\u0161tem na adresi: Peiraios 30, 1. sprat, kancelarija 1, 2023 Strovolos, Nikozija, Kipar. Kori\u0161\u0107enjem veb sajta saglasni ste sa ovom Politikom privatnosti i sa uslovima kori\u0161\u0107enja povezanim sa njom.<\/p>\n<h3><strong>Koje podatke prikupljamo?<\/strong><\/h3>\n<h4><strong>Podaci koje pru\u017eate<\/strong><\/h4>\n<p>Prilikom registracije na sajtu, bi\u0107e vam zatra\u017eeno da unesete e-mail adresu koja se koristi za jedinstvenu identifikaciju va\u0161eg naloga i aktivaciju naloga ukoliko je potrebno. E-mail adresa se tako\u0111e koristi za oporavak lozinke.<\/p>\n<p>E-mail adresa i broj telefona mogu se koristiti za slanje obave\u0161tenja u vezi sa radom veb sajta (kao \u0161to su pravna obave\u0161tenja), informacija o a\u017euriranjima sajta, ponu\u0111enim proizvodima i uslugama, kao i za marketin\u0161ke svrhe (uklju\u010duju\u0107i tre\u0107e strane, u daljem tekstu &#8220;Obave\u0161tenja&#8221;). Mo\u017eete se odjaviti od prijema marketin\u0161kih Obave\u0161tenja u bilo kom trenutku klikom na link za odjavu u e-mailovima ili kontaktiranjem nas putem e-maila, telefona ili kontakt forme.<\/p>\n<p>Nakon registracije, mo\u017eete dopuniti svoj profil sa imenom, prezimenom, adresom, datumom ro\u0111enja, brojem telefona i vremenskom zonom. Ovi podaci se koriste za obradu uplata, depozita i isplata, personalizaciju sajta (uklju\u010duju\u0107i Obave\u0161tenja) i za obradu dobitaka koji prema\u0161uju 2500 USD, kao \u0161to je opisano u ta\u010dki 3.5 uslova kori\u0161\u0107enja.<\/p>\n<p>Tako\u0111e mo\u017eemo \u010duvati informacije koje pru\u017eate dobrovoljno putem kontakt forme, telefonskih poziva, e-mailova, komunikacije na dru\u0161tvenim mre\u017eama poput Facebook-a, Twitter-a ili drugih na\u010dina. Ove informacije mogu uklju\u010divati ime, e-mail adresu, broj telefona i fizi\u010dku adresu. Ime i e-mail adresa su obavezni za odgovor na kontakt formu.<\/p>\n<h4><strong>Podaci prikupljeni automatski<\/strong><\/h4>\n<p>Kada koristite veb sajt, automatski prikupljamo odre\u0111ene informacije kako bismo obezbedili osnovne funkcionalnosti, personalizovali sajt (uklju\u010duju\u0107i Obave\u0161tenja), pratili posetu sajtu i obezbedili bezbednost. Ove informacije uklju\u010duju:<\/p>\n<ul>\n<li>IP adresa;<\/li>\n<li>HTTP zaglavlja poslana od strane pretra\u017eiva\u010da (kao \u0161to su &#8220;User-Agent&#8221;, &#8220;Accept-Language&#8221;, &#8220;Referer&#8221;) koja sadr\u017ee informacije o vrsti i verziji pretra\u017eiva\u010da, jeziku, vrsti i verziji operativnog sistema, kao i URL stranicu sa koje je zahtev poslat;<\/li>\n<li>Sistematsko vreme;<\/li>\n<li>HTTP zahtevi;<\/li>\n<li>Kola\u010di\u0107i sme\u0161teni na domeni playlottoonline.org ili njegovim poddomenama.<\/li>\n<\/ul>\n<p>Va\u0161a IP adresa mo\u017ee se koristiti za odre\u0111ivanje va\u0161e stvarne lokacije, \u0161to nam poma\u017ee da pobolj\u0161amo kvalitet na\u0161ih usluga i personalizujemo sajt (uklju\u010duju\u0107i Obave\u0161tenja).<\/p>\n<p>Pored toga, sajt koristi ke\u0161iranje u pretra\u017eiva\u010du kako bi ubrzao u\u010ditavanje i pobolj\u0161ao korisni\u010dko iskustvo \u010duvanjem podataka izme\u0111u sesija, \u010dak i nakon ponovnog pokretanja pretra\u017eiva\u010da.<\/p>\n<h4><strong>Usluge tre\u0107ih strana<\/strong><\/h4>\n<h5><strong>Analitika, reklama i bezbednost<\/strong><\/h5>\n<p>Kako bismo obezbedili sajt i pratili i analizirali podatke o njegovoj performansi, koristimo usluge tre\u0107ih strana, uklju\u010duju\u0107i:<\/p>\n<ul>\n<li><strong>Google Analytics<\/strong> \u2013 za pra\u0107enje poseta sajtu i analizu njegove performanse;<\/li>\n<li><strong>Google reCAPTCHA<\/strong> \u2013 za pobolj\u0161anje bezbednosti i za\u0161titu od automatizovanih napada;<\/li>\n<li><strong>Facebook Pixel<\/strong> \u2013 za pra\u0107enje poseta i optimizaciju marketin\u0161kih kampanja.<\/li>\n<\/ul>\n<p>Ove usluge prikupljaju i koriste podatke u skladu sa sopstvenim politikama privatnosti. Da biste saznali vi\u0161e o tome kako Google prikuplja i obra\u0111uje podatke, posetite <strong>Politiku privatnosti Google-a<\/strong>. Detalje o podacima koje prikuplja Facebook mo\u017eete prona\u0107i u <strong>Politici privatnosti Facebook-a<\/strong>.<\/p>\n","protected":false},"excerpt":{"rendered":"<p>Ova Politika privatnosti se odnosi na veb sajt Playlottoonline (u daljem tekstu &#8220;Politika&#8221;) i njome upravlja kompanija LLL World Marketing Limited, sa sedi\u0161tem na adresi: Peiraios 30, 1. sprat, kancelarija 1, 2023 Strovolos, Nikozija, Kipar. Kori\u0161\u0107enjem veb sajta saglasni ste sa ovom Politikom privatnosti i sa uslovima kori\u0161\u0107enja povezanim sa njom. Koje podatke prikupljamo? Podaci [&hellip;]<\/p>\n","protected":false},"author":7,"featured_media":0,"parent":0,"menu_order":0,"comment_status":"closed","ping_status":"closed","template":"","meta":{"_et_pb_use_builder":"","_et_pb_old_content":"","_et_gb_content_width":"","exclude_from_search":false,"footnotes":""},"class_list":["post-72971","page","type-page","status-publish","hentry"],"yoast_head":"<!-- This site is optimized with the Yoast SEO plugin v23.3 - https:\/\/yoast.com\/wordpress\/plugins\/seo\/ -->\n<title>Politika privatnosti - Lotto Online - Crack The International Lottery Jackpots<\/title>\n<meta name=\"robots\" content=\"index, follow, max-snippet:-1, max-image-preview:large, max-video-preview:-1\" \/>\n<link rel=\"canonical\" href=\"https:\/\/jackpotlotteryonline.com\/privacy-policy-2\/\" \/>\n<meta property=\"og:locale\" content=\"sr_RS\" \/>\n<meta property=\"og:type\" content=\"article\" \/>\n<meta property=\"og:title\" content=\"Politika privatnosti - Lotto Online - Crack The International Lottery Jackpots\" \/>\n<meta property=\"og:description\" content=\"Ova Politika privatnosti se odnosi na veb sajt Playlottoonline (u daljem tekstu &#8220;Politika&#8221;) i njome upravlja kompanija LLL World Marketing Limited, sa sedi\u0161tem na adresi: Peiraios 30, 1. sprat, kancelarija 1, 2023 Strovolos, Nikozija, Kipar. Kori\u0161\u0107enjem veb sajta saglasni ste sa ovom Politikom privatnosti i sa uslovima kori\u0161\u0107enja povezanim sa njom. Koje podatke prikupljamo? Podaci [&hellip;]\" \/>\n<meta property=\"og:url\" content=\"https:\/\/jackpotlotteryonline.com\/privacy-policy-2\/\" \/>\n<meta property=\"og:site_name\" content=\"Lotto Online - Crack The International Lottery Jackpots\" \/>\n<meta name=\"twitter:card\" content=\"summary_large_image\" \/>\n<meta name=\"twitter:label1\" content=\"\u041f\u0440\u043e\u0446\u0435\u045a\u0435\u043d\u043e \u0432\u0440\u0435\u043c\u0435 \u0447\u0438\u0442\u0430\u045a\u0430\" \/>\n\t<meta name=\"twitter:data1\" content=\"3 \u043c\u0438\u043d\u0443\u0442\u0430\" \/>\n<!-- \/ Yoast SEO plugin. -->","yoast_head_json":{"title":"Politika privatnosti - Lotto Online - Crack The International Lottery Jackpots","robots":{"index":"index","follow":"follow","max-snippet":"max-snippet:-1","max-image-preview":"max-image-preview:large","max-video-preview":"max-video-preview:-1"},"canonical":"https:\/\/jackpotlotteryonline.com\/privacy-policy-2\/","og_locale":"sr_RS","og_type":"article","og_title":"Politika privatnosti - Lotto Online - Crack The International Lottery Jackpots","og_description":"Ova Politika privatnosti se odnosi na veb sajt Playlottoonline (u daljem tekstu &#8220;Politika&#8221;) i njome upravlja kompanija LLL World Marketing Limited, sa sedi\u0161tem na adresi: Peiraios 30, 1. sprat, kancelarija 1, 2023 Strovolos, Nikozija, Kipar. Kori\u0161\u0107enjem veb sajta saglasni ste sa ovom Politikom privatnosti i sa uslovima kori\u0161\u0107enja povezanim sa njom. Koje podatke prikupljamo? Podaci [&hellip;]","og_url":"https:\/\/jackpotlotteryonline.com\/privacy-policy-2\/","og_site_name":"Lotto Online - Crack The International Lottery Jackpots","twitter_card":"summary_large_image","twitter_misc":{"\u041f\u0440\u043e\u0446\u0435\u045a\u0435\u043d\u043e \u0432\u0440\u0435\u043c\u0435 \u0447\u0438\u0442\u0430\u045a\u0430":"3 \u043c\u0438\u043d\u0443\u0442\u0430"},"schema":{"@context":"https:\/\/schema.org","@graph":[{"@type":"WebPage","@id":"https:\/\/jackpotlotteryonline.com\/privacy-policy-2\/","url":"https:\/\/jackpotlotteryonline.com\/privacy-policy-2\/","name":"Politika privatnosti - Lotto Online - Crack The International Lottery Jackpots","isPartOf":{"@id":"https:\/\/jackpotlotteryonline.com\/#website"},"datePublished":"2025-02-02T17:39:32+00:00","dateModified":"2025-02-02T17:39:32+00:00","breadcrumb":{"@id":"https:\/\/jackpotlotteryonline.com\/privacy-policy-2\/#breadcrumb"},"inLanguage":"sr-RS","potentialAction":[{"@type":"ReadAction","target":["https:\/\/jackpotlotteryonline.com\/privacy-policy-2\/"]}]},{"@type":"BreadcrumbList","@id":"https:\/\/jackpotlotteryonline.com\/privacy-policy-2\/#breadcrumb","itemListElement":[{"@type":"ListItem","position":1,"name":"Home","item":"https:\/\/jackpotlotteryonline.com\/sr\/"},{"@type":"ListItem","position":2,"name":"Politika privatnosti"}]},{"@type":"WebSite","@id":"https:\/\/jackpotlotteryonline.com\/#website","url":"https:\/\/jackpotlotteryonline.com\/","name":"Lotto Online - Crack The International Lottery Jackpots","description":"","potentialAction":[{"@type":"SearchAction","target":{"@type":"EntryPoint","urlTemplate":"https:\/\/jackpotlotteryonline.com\/?s={search_term_string}"},"query-input":"required name=search_term_string"}],"inLanguage":"sr-RS"}]}},"_links":{"self":[{"href":"https:\/\/jackpotlotteryonline.com\/sr\/wp-json\/wp\/v2\/pages\/72971","targetHints":{"allow":["GET"]}}],"collection":[{"href":"https:\/\/jackpotlotteryonline.com\/sr\/wp-json\/wp\/v2\/pages"}],"about":[{"href":"https:\/\/jackpotlotteryonline.com\/sr\/wp-json\/wp\/v2\/types\/page"}],"author":[{"embeddable":true,"href":"https:\/\/jackpotlotteryonline.com\/sr\/wp-json\/wp\/v2\/users\/7"}],"replies":[{"embeddable":true,"href":"https:\/\/jackpotlotteryonline.com\/sr\/wp-json\/wp\/v2\/comments?post=72971"}],"version-history":[{"count":0,"href":"https:\/\/jackpotlotteryonline.com\/sr\/wp-json\/wp\/v2\/pages\/72971\/revisions"}],"wp:attachment":[{"href":"https:\/\/jackpotlotteryonline.com\/sr\/wp-json\/wp\/v2\/media?parent=72971"}],"curies":[{"name":"wp","href":"https:\/\/api.w.org\/{rel}","templated":true}]}}