{"id":73038,"date":"2025-02-02T18:38:57","date_gmt":"2025-02-02T18:38:57","guid":{"rendered":"https:\/\/jackpotlotteryonline.com\/?page_id=73038"},"modified":"2025-02-02T18:38:57","modified_gmt":"2025-02-02T18:38:57","slug":"uslovi-i-odredbe","status":"publish","type":"page","link":"https:\/\/jackpotlotteryonline.com\/sr\/uslovi-i-odredbe\/","title":{"rendered":"Uslovi i odredbe"},"content":{"rendered":"<p>Uslovi i odredbe za kori\u0161\u0107enje Jackpot Lottery Online (u daljem tekstu &#8220;Uslovi kori\u0161\u0107enja&#8221;) odnose se na veb-sajt jackpotlotteryonline.com (u daljem tekstu &#8220;Veb-sajt&#8221;), koji je u vlasni\u0161tvu i pod upravom LLL World Marketing Limited, Peiraios 30, prvi sprat, kancelarija 1, 2023 Strovolos, Nikozija &#8211; Kipar.<\/p>\n<p>Kori\u0161\u0107enjem, pregledanjem ili pristupom veb-sajtu jackpotlotteryonline.com na bilo koji na\u010din, igra\u010d se sla\u017ee sa slede\u0107im Uslovima kori\u0161\u0107enja, kao i sa na\u0161om Politikom privatnosti. Ukoliko igra\u010d ne prihvata bilo koji od ovih uslova, molimo da prestane sa kori\u0161\u0107enjem veb-sajta jackpotlotteryonline.com.<\/p>\n<p>Za bilo kakva pitanja u vezi sa na\u0161im Uslovima kori\u0161\u0107enja ili Politikom privatnosti, obratite nam se putem kontakt forme.<\/p>\n<p>Ovi Uslovi kori\u0161\u0107enja bi\u0107e regulisani zakonima Kipra.<\/p>\n<h3>1. Definicije<\/h3>\n<ul>\n<li><strong>Loto<\/strong> \u2013 Igra brojeva u kojoj se izvodi \u017ereb.<\/li>\n<li><strong>\u017dreb<\/strong> \u2013 Izvla\u010denje odre\u0111enog broja brojeva iz definisanih opsega standardnih brojeva ili standardnih i bonus brojeva u odre\u0111enoj Loteriji. \u017drebi se izvode ponovljeno u danima i vremenima koje odredi organizator odre\u0111ene Loterije.<\/li>\n<li><strong>Organizator<\/strong> \u2013 Entitet koji organizuje \u017ereb u odre\u0111enoj Loteriji.<\/li>\n<li><strong>Igra\u010d<\/strong> \u2013 Osoba koja u\u010destvuje u nekoj od loto igara ponu\u0111enih na jackpotlotteryonline.com.<\/li>\n<li><strong>Bilet<\/strong> \u2013 Elektronski bilet za \u017ereb koji igra\u010d odabere za odre\u0111enu Loteriju i koji sadr\u017ei jednu ili vi\u0161e linija.<\/li>\n<li><strong>Linija<\/strong> \u2013 Jedan set brojeva koji je igra\u010d odabrao za odre\u0111eni \u017ereb. U zavisnosti od Loterije, mo\u017ee sadr\u017eati razli\u010dit broj brojeva i\/ili druge opsege brojeva (za standardne i bonus brojeve, ako postoje).<\/li>\n<li><strong>Pobedni\u010dka suma<\/strong> \u2013 Iznos koji igra\u010d osvoji ako linija koju je odabrao odgovara unapred definisanom skupu brojeva izvu\u010denih u \u017erebu za koji je kupljen bilet.<\/li>\n<li><strong>Depozit<\/strong> \u2013 Sredstva upla\u0107ena na igra\u010dev ra\u010dun koja se kasnije koriste za kupovinu Bilet\u00e2.<\/li>\n<li><strong>Ra\u010dun<\/strong> \u2013 Korisni\u010dki ra\u010dun igra\u010da koji sadr\u017ei sredstva igra\u010da, kupljene Bilete i podatke koji su dodeljeni tom ra\u010dunu.<\/li>\n<\/ul>\n<h3>2. Op\u0161te informacije<\/h3>\n<p>2.1 Veb-sajt jackpotlotteryonline.com pru\u017ea pristup loto igrama putem online platforme.<br \/>\n2.2 Igra\u010di moraju imati najmanje 18 godina da bi koristili Veb-sajt.<br \/>\n2.3 Odgovornost je igra\u010da da proveri da li je u\u010de\u0161\u0107e u online loto igrama legalno u njihovoj jurisdikciji.<br \/>\n2.4 Kompanija LLL World Marketing Limited nije zvani\u010dni organizator loto igara. Pru\u017eene usluge su povezane sa pristupom loto tiketima.<\/p>\n<h3>3. Korisni\u010dki ra\u010dun<\/h3>\n<p>3.1 Igra\u010di moraju da registruju ra\u010dun na jackpotlotteryonline.com da bi kupili Bilete.<br \/>\n3.2 Li\u010dni podaci dati prilikom registracije moraju biti ta\u010dni. Svaka neta\u010dna ili obmanjuju\u0107a informacija mo\u017ee dovesti do suspenzije ili otkazivanja ra\u010duna.<br \/>\n3.3 Igra\u010di su odgovorni za o\u010duvanje poverljivosti svojih podataka za prijavljivanje. Kompanija ne\u0107e biti odgovorna za neovla\u0161\u0107en pristup zbog nepa\u017enje.<\/p>\n<h3>4. Depoziti i pla\u0107anja<\/h3>\n<p>4.1 Depoziti mogu biti izvr\u0161eni putem dostupnih metoda pla\u0107anja na jackpotlotteryonline.com.<br \/>\n4.2 Igra\u010di su odgovorni da obezbede da imaju dovoljno sredstava na svom ra\u010dunu za kupovinu Bilet\u00e2.<br \/>\n4.3 Sva pla\u0107anja se obra\u0111uju sigurno. Kompanija zadr\u017eava pravo da zatra\u017ei dodatnu verifikaciju, ako je potrebno.<\/p>\n<h3>5. Kupovina Bilet\u00e2<\/h3>\n<p>5.1 Igra\u010di mogu kupiti Bilete za razne loto igre koje su ponu\u0111ene na jackpotlotteryonline.com.<br \/>\n5.2 Bileti se smatraju va\u017ee\u0107im tek nakon uspe\u0161nog potvr\u0111ivanja uplate.<\/p>\n<h3>6. Pobedni\u010dke sume<\/h3>\n<p>6.1 Pobedni\u010dke sume se izra\u010dunavaju na osnovu uskla\u0111enosti izme\u0111u brojeva koje je igra\u010d odabrao i brojeva koje je izvukao zvani\u010dni organizator Loterije.<br \/>\n6.2 Kompanija \u0107e se potruditi da brzo prenese dobitke na igra\u010da.<br \/>\n6.3 Veliki dobitci mogu zahtevati dodatnu verifikaciju identiteta pre nego \u0161to se isplate igra\u010du.<\/p>\n<h3>7. Ograni\u010denje odgovornosti<\/h3>\n<p>7.1 Kompanija nije odgovorna za bilo kakve tehni\u010dke gre\u0161ke ili prekide koji se mogu desiti prilikom kori\u0161\u0107enja jackpotlotteryonline.com.<br \/>\n7.2 Pod nijednim okolnostima kompanija ne\u0107e biti odgovorna za indirektne, slu\u010dajne ili posledi\u010dne \u0161tete nastale kori\u0161\u0107enjem Veb-sajta.<\/p>\n<h3>8. Otkazivanje<\/h3>\n<p>8.1 Kompanija zadr\u017eava pravo da zatvori ili suspenduje bilo koji korisni\u010dki ra\u010dun ako do\u0111e do kr\u0161enja Uslova kori\u0161\u0107enja.<br \/>\n8.2 Igra\u010di mogu zahtevati zatvaranje svog ra\u010duna u bilo kom trenutku kontaktiranjem podr\u0161ke putem kontakt forme.<\/p>\n<h3>9. Primenjivi zakon<\/h3>\n<p>9.1 Ovi Uslovi kori\u0161\u0107enja \u0107e biti regulisani i tuma\u010deni u skladu sa zakonima Kipra.<\/p>\n","protected":false},"excerpt":{"rendered":"<p>Uslovi i odredbe za kori\u0161\u0107enje Jackpot Lottery Online (u daljem tekstu &#8220;Uslovi kori\u0161\u0107enja&#8221;) odnose se na veb-sajt jackpotlotteryonline.com (u daljem tekstu &#8220;Veb-sajt&#8221;), koji je u vlasni\u0161tvu i pod upravom LLL World Marketing Limited, Peiraios 30, prvi sprat, kancelarija 1, 2023 Strovolos, Nikozija &#8211; Kipar. Kori\u0161\u0107enjem, pregledanjem ili pristupom veb-sajtu jackpotlotteryonline.com na bilo koji na\u010din, igra\u010d [&hellip;]<\/p>\n","protected":false},"author":7,"featured_media":0,"parent":0,"menu_order":0,"comment_status":"closed","ping_status":"closed","template":"","meta":{"_et_pb_use_builder":"","_et_pb_old_content":"","_et_gb_content_width":"","exclude_from_search":false,"footnotes":""},"class_list":["post-73038","page","type-page","status-publish","hentry"],"yoast_head":"<!-- This site is optimized with the Yoast SEO plugin v23.3 - https:\/\/yoast.com\/wordpress\/plugins\/seo\/ -->\n<title>Uslovi i odredbe - Lotto Online - Crack The International Lottery Jackpots<\/title>\n<meta name=\"robots\" content=\"index, follow, max-snippet:-1, max-image-preview:large, max-video-preview:-1\" \/>\n<link rel=\"canonical\" href=\"https:\/\/jackpotlotteryonline.com\/sr\/uslovi-i-odredbe\/\" \/>\n<meta property=\"og:locale\" content=\"sr_RS\" \/>\n<meta property=\"og:type\" content=\"article\" \/>\n<meta property=\"og:title\" content=\"Uslovi i odredbe - Lotto Online - Crack The International Lottery Jackpots\" \/>\n<meta property=\"og:description\" content=\"Uslovi i odredbe za kori\u0161\u0107enje Jackpot Lottery Online (u daljem tekstu &#8220;Uslovi kori\u0161\u0107enja&#8221;) odnose se na veb-sajt jackpotlotteryonline.com (u daljem tekstu &#8220;Veb-sajt&#8221;), koji je u vlasni\u0161tvu i pod upravom LLL World Marketing Limited, Peiraios 30, prvi sprat, kancelarija 1, 2023 Strovolos, Nikozija &#8211; Kipar. Kori\u0161\u0107enjem, pregledanjem ili pristupom veb-sajtu jackpotlotteryonline.com na bilo koji na\u010din, igra\u010d [&hellip;]\" \/>\n<meta property=\"og:url\" content=\"https:\/\/jackpotlotteryonline.com\/sr\/uslovi-i-odredbe\/\" \/>\n<meta property=\"og:site_name\" content=\"Lotto Online - Crack The International Lottery Jackpots\" \/>\n<meta name=\"twitter:card\" content=\"summary_large_image\" \/>\n<meta name=\"twitter:label1\" content=\"\u041f\u0440\u043e\u0446\u0435\u045a\u0435\u043d\u043e \u0432\u0440\u0435\u043c\u0435 \u0447\u0438\u0442\u0430\u045a\u0430\" \/>\n\t<meta name=\"twitter:data1\" content=\"3 \u043c\u0438\u043d\u0443\u0442\u0430\" \/>\n<!-- \/ Yoast SEO plugin. -->","yoast_head_json":{"title":"Uslovi i odredbe - Lotto Online - Crack The International Lottery Jackpots","robots":{"index":"index","follow":"follow","max-snippet":"max-snippet:-1","max-image-preview":"max-image-preview:large","max-video-preview":"max-video-preview:-1"},"canonical":"https:\/\/jackpotlotteryonline.com\/sr\/uslovi-i-odredbe\/","og_locale":"sr_RS","og_type":"article","og_title":"Uslovi i odredbe - Lotto Online - Crack The International Lottery Jackpots","og_description":"Uslovi i odredbe za kori\u0161\u0107enje Jackpot Lottery Online (u daljem tekstu &#8220;Uslovi kori\u0161\u0107enja&#8221;) odnose se na veb-sajt jackpotlotteryonline.com (u daljem tekstu &#8220;Veb-sajt&#8221;), koji je u vlasni\u0161tvu i pod upravom LLL World Marketing Limited, Peiraios 30, prvi sprat, kancelarija 1, 2023 Strovolos, Nikozija &#8211; Kipar. Kori\u0161\u0107enjem, pregledanjem ili pristupom veb-sajtu jackpotlotteryonline.com na bilo koji na\u010din, igra\u010d [&hellip;]","og_url":"https:\/\/jackpotlotteryonline.com\/sr\/uslovi-i-odredbe\/","og_site_name":"Lotto Online - Crack The International Lottery Jackpots","twitter_card":"summary_large_image","twitter_misc":{"\u041f\u0440\u043e\u0446\u0435\u045a\u0435\u043d\u043e \u0432\u0440\u0435\u043c\u0435 \u0447\u0438\u0442\u0430\u045a\u0430":"3 \u043c\u0438\u043d\u0443\u0442\u0430"},"schema":{"@context":"https:\/\/schema.org","@graph":[{"@type":"WebPage","@id":"https:\/\/jackpotlotteryonline.com\/sr\/uslovi-i-odredbe\/","url":"https:\/\/jackpotlotteryonline.com\/sr\/uslovi-i-odredbe\/","name":"Uslovi i odredbe - Lotto Online - Crack The International Lottery Jackpots","isPartOf":{"@id":"https:\/\/jackpotlotteryonline.com\/#website"},"datePublished":"2025-02-02T18:38:57+00:00","dateModified":"2025-02-02T18:38:57+00:00","breadcrumb":{"@id":"https:\/\/jackpotlotteryonline.com\/sr\/uslovi-i-odredbe\/#breadcrumb"},"inLanguage":"sr-RS","potentialAction":[{"@type":"ReadAction","target":["https:\/\/jackpotlotteryonline.com\/sr\/uslovi-i-odredbe\/"]}]},{"@type":"BreadcrumbList","@id":"https:\/\/jackpotlotteryonline.com\/sr\/uslovi-i-odredbe\/#breadcrumb","itemListElement":[{"@type":"ListItem","position":1,"name":"Home","item":"https:\/\/jackpotlotteryonline.com\/sr\/"},{"@type":"ListItem","position":2,"name":"Uslovi i odredbe"}]},{"@type":"WebSite","@id":"https:\/\/jackpotlotteryonline.com\/#website","url":"https:\/\/jackpotlotteryonline.com\/","name":"Lotto Online - Crack The International Lottery Jackpots","description":"","potentialAction":[{"@type":"SearchAction","target":{"@type":"EntryPoint","urlTemplate":"https:\/\/jackpotlotteryonline.com\/?s={search_term_string}"},"query-input":"required name=search_term_string"}],"inLanguage":"sr-RS"}]}},"_links":{"self":[{"href":"https:\/\/jackpotlotteryonline.com\/sr\/wp-json\/wp\/v2\/pages\/73038","targetHints":{"allow":["GET"]}}],"collection":[{"href":"https:\/\/jackpotlotteryonline.com\/sr\/wp-json\/wp\/v2\/pages"}],"about":[{"href":"https:\/\/jackpotlotteryonline.com\/sr\/wp-json\/wp\/v2\/types\/page"}],"author":[{"embeddable":true,"href":"https:\/\/jackpotlotteryonline.com\/sr\/wp-json\/wp\/v2\/users\/7"}],"replies":[{"embeddable":true,"href":"https:\/\/jackpotlotteryonline.com\/sr\/wp-json\/wp\/v2\/comments?post=73038"}],"version-history":[{"count":0,"href":"https:\/\/jackpotlotteryonline.com\/sr\/wp-json\/wp\/v2\/pages\/73038\/revisions"}],"wp:attachment":[{"href":"https:\/\/jackpotlotteryonline.com\/sr\/wp-json\/wp\/v2\/media?parent=73038"}],"curies":[{"name":"wp","href":"https:\/\/api.w.org\/{rel}","templated":true}]}}