{"id":73093,"date":"2025-02-02T19:35:16","date_gmt":"2025-02-02T19:35:16","guid":{"rendered":"https:\/\/jackpotlotteryonline.com\/?page_id=73093"},"modified":"2025-02-02T19:35:16","modified_gmt":"2025-02-02T19:35:16","slug":"online-lutrijski-dogadaji-i-igre","status":"publish","type":"page","link":"https:\/\/jackpotlotteryonline.com\/sr\/online-lutrijski-dogadaji-i-igre\/","title":{"rendered":"Online Lutrijski Doga\u0111aji i Igre"},"content":{"rendered":"<p>Da li \u017eelite da imate \u0161ansu da postanete milioner? Ako je odgovor da, pridru\u017eite se milionima ljudi \u0161irom sveta i po\u010dnite da <strong>igrate lutriju online<\/strong>. Bez obzira na to gde se nalazite, bilo da ste u Sjedinjenim Ameri\u010dkim Dr\u017eavama, Velikoj Britaniji, Australiji ili Novom Zelandu, postoji mnogo razli\u010ditih vrsta me\u0111unarodnih lutrijskih igara koje mo\u017eete igrati online, a sve one imaju velike d\u017eekpotove, tako da imate \u0161ansu da osvojite.<\/p>\n<p>Po\u010detak igre lutrije online je veoma jednostavan. Jedna od prvih stvari koje treba da uradite je da posetite na\u0161 sajt i pregledate razli\u010dite lutrije koje su dostupne. Ovo mo\u017eete lako u\u010diniti izborom jedne ili vi\u0161e lutrija sa liste, a neke od njih uklju\u010duju El Gordo lutriju, Nacionalnu lutriju Velike Britanije, Thunderball loto, Njujor\u0161ku lutriju i mnoge druge.<\/p>\n<p>U okviru svake vrste lutrije, mo\u017eete saznati sve \u0161to vam je potrebno. Zatim mo\u017eete koristiti na\u0161u uslugu da <a href=\"https:\/\/jackpotlotteryonline.com\/buy-tickets\" target=\"_new\" rel=\"noopener\">kupite tiket online<\/a>.<\/p>\n<p>U opisu svake lutrije na\u0107i \u0107ete detalje poput trenutnog iznosa d\u017eekpota, koliko iznosi nakon \u0161to je osvojen, koliko brojeva treba da pogodite da biste osvojili d\u017eekpot, kao i koji su drugi nivoi nagrada. Tako\u0111e \u0107ete mo\u0107i da saznate informacije kao \u0161to su minimalna starost potrebna za igranje lutrijskih igara online, kao i koji dani i sati su predvi\u0111eni za izvla\u010denja.<\/p>\n<p>&lt;section class=&#8221;layout&#8221; style=&#8221;border: solid 1px; width: 100%;&#8221;&gt; &lt;div class=&#8221;img-div&#8221; style=&#8221;margin-top: 5px;&#8221;&gt;&lt;img class=&#8221;wp-image-17212 alignleft&#8221; style=&#8221;height: 45px; margin: 8px 8px 0px;&#8221; src=&#8221;http:\/\/jackpotlotteryonline.com\/wp-content\/uploads\/2022\/11\/read1.jpg&#8221; alt=&#8221;buy lottery online&#8221; width=&#8221;&#8221; height=&#8221;&#8221; \/&gt;&lt;\/div&gt; &lt;div style=&#8221;padding-left: 5px;&#8221;&gt; &lt;div style=&#8221;font-size: 1.1em;&#8221;&gt;<\/p>\n<p>&lt;strong&gt;Nekoliko trikova i saveta za odabir va\u0161ih brojeva&lt;\/strong&gt;<\/p>\n<p>&lt;p style=&#8221;font-size: 0.85em; margin-top: -1.5em;&#8221;&gt;Pove\u0107ajte \u0161anse za pobedu \u2013 koristite strategiju za izbor brojeva &lt;a href=&#8221;https:\/\/jackpotlotteryonline.com\/a-few-tricks-and-tips-for-choosing-your-numbers &#8220;&gt;Pro\u010ditajte vi\u0161e&lt;\/a&gt;&lt;\/p&gt; &lt;\/div&gt; &lt;\/div&gt; &lt;\/section&gt; &lt;h2&gt;Me\u0111unarodna lutrija&lt;\/h2&gt; Da biste maksimalno pove\u0107ali \u0161anse za osvajanje najve\u0107eg mogu\u0107eg d\u017eekpota, mo\u017eete pogledati koji su trenutni d\u017eekpotovi. Ovo zna\u010di da mo\u017eete strate\u0161ki da izaberete koje lutrijske igre da igrate online i odlu\u010dite da igrate one sa najve\u0107im dostupnim d\u017eekpotovima.<\/p>\n<p>Tako\u0111e \u0107ete mo\u0107i da igrate nekoliko lutrijskih igara online. Ovo zna\u010di da ne morate da kupite tiket samo za jedan tip lutrije, ve\u0107 mo\u017eete da igrate razli\u010dite vrste ako \u017eelite istovremeno. Na primer, mo\u017eete da igrate lutriju SAD i lutriju Velike Britanije istovremeno, \u0161to \u0107e znatno pove\u0107ati va\u0161e \u0161anse za osvajanje nov\u010dane nagrade.<\/p>\n<p>&lt;img class=&#8221;alignright&#8221; src=&#8221;http:\/\/jackpotlotteryonline.com\/wp-content\/uploads\/2022\/10\/ticket_numbers_pick.jpg&#8221; alt=&#8221;online lotto ticket&#8221; width=&#8221;212&#8243; height=&#8221;142&#8243; \/&gt;Osim \u0161to mo\u017eete da igrate me\u0111unarodne lutrijske igre online, bez obzira na to gde se nalazite, tako\u0111e \u0107ete mo\u0107i da proverite rezultate lutrijskih igara. Svi <a href=\"https:\/\/jackpotlotteryonline.com\/winning-numbers\" target=\"_new\" rel=\"noopener\">rezultati svake lutrije<\/a> bi\u0107e a\u017eurirani online u realnom vremenu. To zna\u010di da \u0107e, \u010dim se izvu\u010de lutrija za igru koju ste izabrali da igrate, rezultati biti dostupni vrlo brzo nakon toga.<\/p>\n<p>Tako\u0111e, na\u0107i \u0107ete ta\u010dne informacije o tome kako da igrate svaku lutrijsku igru online. Na primer, nikada ne mo\u017eete da izaberete premalo ili previ\u0161e brojeva \u2013 na\u0161 sistem za tikete \u0107e vam prikazati poruku svaki put kada napravite takvu gre\u0161ku i pokazati vam kako da je ispravite.<\/p>\n<p>Dakle, \u010dak i ako nikada niste igrali lutriju u odre\u0111enoj zemlji, sve informacije bi\u0107e vam lako dostupne da igrate kao pravi profesionalac!<\/p>\n<p><strong>Mogu li u\u010destvovati u me\u0111unarodnim lutrijskim doga\u0111ajima online?<\/strong><br \/>\nNema potrebe da budete stanovnik zemlje da biste u\u010destvovali u njenim lutrijskim d\u017eekpotovima.<\/p>\n","protected":false},"excerpt":{"rendered":"<p>Da li \u017eelite da imate \u0161ansu da postanete milioner? Ako je odgovor da, pridru\u017eite se milionima ljudi \u0161irom sveta i po\u010dnite da igrate lutriju online. Bez obzira na to gde se nalazite, bilo da ste u Sjedinjenim Ameri\u010dkim Dr\u017eavama, Velikoj Britaniji, Australiji ili Novom Zelandu, postoji mnogo razli\u010ditih vrsta me\u0111unarodnih lutrijskih igara koje mo\u017eete igrati [&hellip;]<\/p>\n","protected":false},"author":7,"featured_media":0,"parent":0,"menu_order":2,"comment_status":"closed","ping_status":"closed","template":"Play-all.php","meta":{"_et_pb_use_builder":"","_et_pb_old_content":"","_et_gb_content_width":"","exclude_from_search":false,"footnotes":""},"class_list":["post-73093","page","type-page","status-publish","hentry"],"yoast_head":"<!-- This site is optimized with the Yoast SEO plugin v23.3 - https:\/\/yoast.com\/wordpress\/plugins\/seo\/ -->\n<title>Online Lutrijski Doga\u0111aji i Igre - Lotto Online - Crack The International Lottery Jackpots<\/title>\n<meta name=\"robots\" content=\"index, follow, max-snippet:-1, max-image-preview:large, max-video-preview:-1\" \/>\n<link rel=\"canonical\" href=\"https:\/\/jackpotlotteryonline.com\/play-online\/\" \/>\n<meta property=\"og:locale\" content=\"sr_RS\" \/>\n<meta property=\"og:type\" content=\"article\" \/>\n<meta property=\"og:title\" content=\"Online Lutrijski Doga\u0111aji i Igre - Lotto Online - Crack The International Lottery Jackpots\" \/>\n<meta property=\"og:description\" content=\"Da li \u017eelite da imate \u0161ansu da postanete milioner? Ako je odgovor da, pridru\u017eite se milionima ljudi \u0161irom sveta i po\u010dnite da igrate lutriju online. Bez obzira na to gde se nalazite, bilo da ste u Sjedinjenim Ameri\u010dkim Dr\u017eavama, Velikoj Britaniji, Australiji ili Novom Zelandu, postoji mnogo razli\u010ditih vrsta me\u0111unarodnih lutrijskih igara koje mo\u017eete igrati [&hellip;]\" \/>\n<meta property=\"og:url\" content=\"https:\/\/jackpotlotteryonline.com\/play-online\/\" \/>\n<meta property=\"og:site_name\" content=\"Lotto Online - Crack The International Lottery Jackpots\" \/>\n<meta name=\"twitter:card\" content=\"summary_large_image\" \/>\n<meta name=\"twitter:label1\" content=\"\u041f\u0440\u043e\u0446\u0435\u045a\u0435\u043d\u043e \u0432\u0440\u0435\u043c\u0435 \u0447\u0438\u0442\u0430\u045a\u0430\" \/>\n\t<meta name=\"twitter:data1\" content=\"3 \u043c\u0438\u043d\u0443\u0442\u0430\" \/>\n<!-- \/ Yoast SEO plugin. -->","yoast_head_json":{"title":"Online Lutrijski Doga\u0111aji i Igre - Lotto Online - Crack The International Lottery Jackpots","robots":{"index":"index","follow":"follow","max-snippet":"max-snippet:-1","max-image-preview":"max-image-preview:large","max-video-preview":"max-video-preview:-1"},"canonical":"https:\/\/jackpotlotteryonline.com\/play-online\/","og_locale":"sr_RS","og_type":"article","og_title":"Online Lutrijski Doga\u0111aji i Igre - Lotto Online - Crack The International Lottery Jackpots","og_description":"Da li \u017eelite da imate \u0161ansu da postanete milioner? Ako je odgovor da, pridru\u017eite se milionima ljudi \u0161irom sveta i po\u010dnite da igrate lutriju online. Bez obzira na to gde se nalazite, bilo da ste u Sjedinjenim Ameri\u010dkim Dr\u017eavama, Velikoj Britaniji, Australiji ili Novom Zelandu, postoji mnogo razli\u010ditih vrsta me\u0111unarodnih lutrijskih igara koje mo\u017eete igrati [&hellip;]","og_url":"https:\/\/jackpotlotteryonline.com\/play-online\/","og_site_name":"Lotto Online - Crack The International Lottery Jackpots","twitter_card":"summary_large_image","twitter_misc":{"\u041f\u0440\u043e\u0446\u0435\u045a\u0435\u043d\u043e \u0432\u0440\u0435\u043c\u0435 \u0447\u0438\u0442\u0430\u045a\u0430":"3 \u043c\u0438\u043d\u0443\u0442\u0430"},"schema":{"@context":"https:\/\/schema.org","@graph":[{"@type":"WebPage","@id":"https:\/\/jackpotlotteryonline.com\/play-online\/","url":"https:\/\/jackpotlotteryonline.com\/play-online\/","name":"Online Lutrijski Doga\u0111aji i Igre - Lotto Online - Crack The International Lottery Jackpots","isPartOf":{"@id":"https:\/\/jackpotlotteryonline.com\/#website"},"datePublished":"2025-02-02T19:35:16+00:00","dateModified":"2025-02-02T19:35:16+00:00","breadcrumb":{"@id":"https:\/\/jackpotlotteryonline.com\/play-online\/#breadcrumb"},"inLanguage":"sr-RS","potentialAction":[{"@type":"ReadAction","target":["https:\/\/jackpotlotteryonline.com\/play-online\/"]}]},{"@type":"BreadcrumbList","@id":"https:\/\/jackpotlotteryonline.com\/play-online\/#breadcrumb","itemListElement":[{"@type":"ListItem","position":1,"name":"Home","item":"https:\/\/jackpotlotteryonline.com\/sr\/"},{"@type":"ListItem","position":2,"name":"Online Lutrijski Doga\u0111aji i Igre"}]},{"@type":"WebSite","@id":"https:\/\/jackpotlotteryonline.com\/#website","url":"https:\/\/jackpotlotteryonline.com\/","name":"Lotto Online - Crack The International Lottery Jackpots","description":"","potentialAction":[{"@type":"SearchAction","target":{"@type":"EntryPoint","urlTemplate":"https:\/\/jackpotlotteryonline.com\/?s={search_term_string}"},"query-input":"required name=search_term_string"}],"inLanguage":"sr-RS"}]}},"_links":{"self":[{"href":"https:\/\/jackpotlotteryonline.com\/sr\/wp-json\/wp\/v2\/pages\/73093","targetHints":{"allow":["GET"]}}],"collection":[{"href":"https:\/\/jackpotlotteryonline.com\/sr\/wp-json\/wp\/v2\/pages"}],"about":[{"href":"https:\/\/jackpotlotteryonline.com\/sr\/wp-json\/wp\/v2\/types\/page"}],"author":[{"embeddable":true,"href":"https:\/\/jackpotlotteryonline.com\/sr\/wp-json\/wp\/v2\/users\/7"}],"replies":[{"embeddable":true,"href":"https:\/\/jackpotlotteryonline.com\/sr\/wp-json\/wp\/v2\/comments?post=73093"}],"version-history":[{"count":0,"href":"https:\/\/jackpotlotteryonline.com\/sr\/wp-json\/wp\/v2\/pages\/73093\/revisions"}],"wp:attachment":[{"href":"https:\/\/jackpotlotteryonline.com\/sr\/wp-json\/wp\/v2\/media?parent=73093"}],"curies":[{"name":"wp","href":"https:\/\/api.w.org\/{rel}","templated":true}]}}