{"id":73185,"date":"2025-02-03T06:55:22","date_gmt":"2025-02-03T06:55:22","guid":{"rendered":"https:\/\/jackpotlotteryonline.com\/?page_id=73185"},"modified":"2025-02-03T06:55:22","modified_gmt":"2025-02-03T06:55:22","slug":"politika-privatnosti-2","status":"publish","type":"page","link":"https:\/\/jackpotlotteryonline.com\/sr\/politika-privatnosti-2\/","title":{"rendered":"Politika privatnosti"},"content":{"rendered":"<p>Na Jackpotlottery, va\u0161a privatnost nam je va\u017ena. Ova Politika privatnosti opisuje kako prikupljamo, koristimo i \u0161titimo va\u0161e li\u010dne informacije kada posetite ili koristite na\u0161 sajt (jackpotlottery.org).<\/p>\n<p>Kori\u0161\u0107enjem sajta, sla\u017eete se sa uslovima ove Politike privatnosti. Ako se ne sla\u017eete, molimo vas da odmah prestanete sa kori\u0161\u0107enjem sajta.<\/p>\n<h3><strong>Informacije koje prikupljamo<\/strong><\/h3>\n<h4><strong>Informacije koje nam pru\u017eate<\/strong><\/h4>\n<p>Prikupljamo li\u010dne podatke koje nam dobrovoljno pru\u017eate kada:<\/p>\n<ul>\n<li>Kreirate nalog na Jackpotlottery.<\/li>\n<li>Obavite kupovinu ili u\u010destvujete u lutriji.<\/li>\n<li>Komunicirate sa na\u0161im timom za korisni\u010dku podr\u0161ku.<\/li>\n<li>Popunjavate forme ili \u0161aljete upite putem sajta.<\/li>\n<\/ul>\n<p>Ovi podaci uklju\u010duju, ali nisu ograni\u010deni na:<\/p>\n<ul>\n<li>Ime<\/li>\n<li>Email adresu<\/li>\n<li>Broj telefona<\/li>\n<li>Informacije o pla\u0107anju<\/li>\n<li>Adresu<\/li>\n<li>Datum ro\u0111enja<\/li>\n<\/ul>\n<h4><strong>Automatski prikupljeni podaci<\/strong><\/h4>\n<p>Tako\u0111e mo\u017eemo automatski prikupljati podatke kada posetite sajt, kao \u0161to su:<\/p>\n<ul>\n<li>IP adresa<\/li>\n<li>Tip i verzija pretra\u017eiva\u010da<\/li>\n<li>Pode\u0161avanja vremenske zone<\/li>\n<li>Tipovi i verzije dodataka pretra\u017eiva\u010da<\/li>\n<li>Operativni sistem i platforma<\/li>\n<li>Informacije o va\u0161oj poseti, uklju\u010duju\u0107i stranice koje ste pregledali, vreme provedeno na stranicama i interakciju sa sajtom (npr. skrolovanje, klikovi)<\/li>\n<\/ul>\n<p>Ove informacije se prikupljaju putem kola\u010di\u0107a i sli\u010dnih tehnologija pra\u0107enja.<\/p>\n<h3><strong>Kako koristimo va\u0161e podatke<\/strong><\/h3>\n<p>Prikupljeni podaci se koriste za:<\/p>\n<ul>\n<li>Upravljanje va\u0161im nalogom i pru\u017eanje usluga.<\/li>\n<li>Obrada pla\u0107anja, povla\u010denja i depozita.<\/li>\n<li>Prilago\u0111avanje i pobolj\u0161anje korisni\u010dkog iskustva.<\/li>\n<li>Komuniciranje sa vama o uslugama, a\u017euriranjima ili promocijama.<\/li>\n<li>Po\u0161tovanje zakonskih obaveza.<\/li>\n<\/ul>\n<h3><strong>Deljenje va\u0161ih podataka<\/strong><\/h3>\n<p>Mi ne prodajemo, ne trgovamo niti iznajmljujemo va\u0161e li\u010dne podatke. Va\u0161e informacije mo\u017eemo podeliti sa tre\u0107im stranama samo u slede\u0107im slu\u010dajevima:<\/p>\n<ul>\n<li>Za obradu pla\u0107anja putem poverljivih platnih provajdera.<\/li>\n<li>Da bismo ispunili zakonske ili regulatorne zahteve.<\/li>\n<li>Sa pru\u017eaocima usluga koji nam poma\u017eu u vo\u0111enju sajta ili pru\u017eanju usluga (npr. marketin\u0161ki partneri ili IT provajderi).<\/li>\n<\/ul>\n<p>Sve tre\u0107e strane su obavezane ugovorima o poverljivosti i obavezne su da upravljaju va\u0161im podacima u skladu sa va\u017ee\u0107im zakonima.<\/p>\n<h3><strong>Va\u0161a prava<\/strong><\/h3>\n<p>Kao korisnik, imate slede\u0107a prava prema va\u017ee\u0107im zakonima o za\u0161titi podataka:<\/p>\n<ul>\n<li><strong>Pravo na pristup<\/strong>: Da zatra\u017eite informacije o li\u010dnim podacima koje imamo o vama.<\/li>\n<li><strong>Pravo na ispravku<\/strong>: Da zatra\u017eite ispravku neta\u010dnih ili nepotpunih podataka.<\/li>\n<li><strong>Pravo na brisanje<\/strong>: Da zatra\u017eite brisanje va\u0161ih li\u010dnih podataka, uzimaju\u0107i u obzir zakonske obaveze o \u010duvanju podataka.<\/li>\n<li><strong>Pravo na ograni\u010denje obrade<\/strong>: Da zatra\u017eite ograni\u010denje obrade va\u0161ih podataka.<\/li>\n<li><strong>Pravo na prigovor<\/strong>: Da se protivite obradi va\u0161ih podataka u odre\u0111enim slu\u010dajevima (npr. marketing).<\/li>\n<li><strong>Pravo na prenosivost podataka<\/strong>: Da zatra\u017eite prenos va\u0161ih podataka na drugog provajdera usluga.<\/li>\n<\/ul>\n<p>Da biste ostvarili ova prava, kontaktirajte nas na <strong><a rel=\"noopener\">support@jackpotlottery.org<\/a><\/strong>.<\/p>\n<h3><strong>Sigurnost podataka<\/strong><\/h3>\n<p>Ozbiljno shvatamo sigurnost podataka i primenjujemo tehni\u010dke i organizacione mere kako bismo za\u0161titili va\u0161e podatke od neovla\u0161\u0107enog pristupa, izmena ili uni\u0161tavanja. Uprkos na\u0161im naporima, nijedna sistem nije potpuno siguran i ne mo\u017eemo garantovati potpunu sigurnost.<\/p>\n<h3><strong>\u010cuvanje podataka<\/strong><\/h3>\n<p>Va\u0161e podatke \u010duvamo samo onoliko dugo koliko je potrebno za:<\/p>\n<ul>\n<li>Pru\u017eanje usluga.<\/li>\n<li>Ispunjavanje zakonskih i regulatornih obaveza.<\/li>\n<\/ul>\n<h3><strong>Kola\u010di\u0107i<\/strong><\/h3>\n<p>Jackpotlottery koristi kola\u010di\u0107e kako bi pobolj\u0161ao va\u0161e iskustvo pregledanja sajta i prikupio uvid u upotrebu sajta. Kola\u010di\u0107i nam poma\u017eu da:<\/p>\n<ul>\n<li>Prepoznamo vas kada se vratite na sajt.<\/li>\n<li>Pratimo i analiziramo performanse i upotrebu sajta.<\/li>\n<\/ul>\n<p>Mo\u017eete upravljati postavkama kola\u010di\u0107a putem pode\u0161avanja va\u0161eg pretra\u017eiva\u010da.<\/p>\n<h3><strong>Izmene ove Politike privatnosti<\/strong><\/h3>\n<p>Povremeno mo\u017eemo a\u017eurirati ovu Politiku privatnosti kako bismo odrazili promene u na\u0161im praksama, zakonskim zahtevima ili drugim faktorima. Izmene \u0107e biti objavljene na ovoj stranici sa a\u017euriranim datumom revizije. Preporu\u010dujemo da redovno pregledate Politiku privatnosti kako biste bili u toku.<\/p>\n<h3><strong>Kontaktirajte nas<\/strong><\/h3>\n<p>Ako imate pitanja u vezi sa ovom Politikom privatnosti ili va\u0161im li\u010dnim podacima, slobodno nas kontaktirajte:<\/p>\n<p>\ud83d\udce7 <strong>Email<\/strong>: <a rel=\"noopener\">support@jackpotlottery.org<\/a><br \/>\n\ud83d\udccd <strong>Adresa<\/strong>: LLL World Marketing Limited, Peiraios 30, 1. sprat, kancelarija 1, 2023 Strovolos, Nikozija \u2014 Kipar<\/p>\n","protected":false},"excerpt":{"rendered":"<p>Na Jackpotlottery, va\u0161a privatnost nam je va\u017ena. Ova Politika privatnosti opisuje kako prikupljamo, koristimo i \u0161titimo va\u0161e li\u010dne informacije kada posetite ili koristite na\u0161 sajt (jackpotlottery.org). Kori\u0161\u0107enjem sajta, sla\u017eete se sa uslovima ove Politike privatnosti. Ako se ne sla\u017eete, molimo vas da odmah prestanete sa kori\u0161\u0107enjem sajta. Informacije koje prikupljamo Informacije koje nam pru\u017eate Prikupljamo [&hellip;]<\/p>\n","protected":false},"author":7,"featured_media":0,"parent":0,"menu_order":0,"comment_status":"closed","ping_status":"closed","template":"","meta":{"_et_pb_use_builder":"","_et_pb_old_content":"","_et_gb_content_width":"","exclude_from_search":false,"footnotes":""},"class_list":["post-73185","page","type-page","status-publish","hentry"],"yoast_head":"<!-- This site is optimized with the Yoast SEO plugin v23.3 - https:\/\/yoast.com\/wordpress\/plugins\/seo\/ -->\n<title>Politika privatnosti - Lotto Online - Crack The International Lottery Jackpots<\/title>\n<meta name=\"robots\" content=\"index, follow, max-snippet:-1, max-image-preview:large, max-video-preview:-1\" \/>\n<link rel=\"canonical\" href=\"https:\/\/jackpotlotteryonline.com\/sr\/politika-privatnosti-2\/\" \/>\n<meta property=\"og:locale\" content=\"sr_RS\" \/>\n<meta property=\"og:type\" content=\"article\" \/>\n<meta property=\"og:title\" content=\"Politika privatnosti - Lotto Online - Crack The International Lottery Jackpots\" \/>\n<meta property=\"og:description\" content=\"Na Jackpotlottery, va\u0161a privatnost nam je va\u017ena. Ova Politika privatnosti opisuje kako prikupljamo, koristimo i \u0161titimo va\u0161e li\u010dne informacije kada posetite ili koristite na\u0161 sajt (jackpotlottery.org). Kori\u0161\u0107enjem sajta, sla\u017eete se sa uslovima ove Politike privatnosti. Ako se ne sla\u017eete, molimo vas da odmah prestanete sa kori\u0161\u0107enjem sajta. Informacije koje prikupljamo Informacije koje nam pru\u017eate Prikupljamo [&hellip;]\" \/>\n<meta property=\"og:url\" content=\"https:\/\/jackpotlotteryonline.com\/sr\/politika-privatnosti-2\/\" \/>\n<meta property=\"og:site_name\" content=\"Lotto Online - Crack The International Lottery Jackpots\" \/>\n<meta name=\"twitter:card\" content=\"summary_large_image\" \/>\n<meta name=\"twitter:label1\" content=\"\u041f\u0440\u043e\u0446\u0435\u045a\u0435\u043d\u043e \u0432\u0440\u0435\u043c\u0435 \u0447\u0438\u0442\u0430\u045a\u0430\" \/>\n\t<meta name=\"twitter:data1\" content=\"3 \u043c\u0438\u043d\u0443\u0442\u0430\" \/>\n<!-- \/ Yoast SEO plugin. -->","yoast_head_json":{"title":"Politika privatnosti - Lotto Online - Crack The International Lottery Jackpots","robots":{"index":"index","follow":"follow","max-snippet":"max-snippet:-1","max-image-preview":"max-image-preview:large","max-video-preview":"max-video-preview:-1"},"canonical":"https:\/\/jackpotlotteryonline.com\/sr\/politika-privatnosti-2\/","og_locale":"sr_RS","og_type":"article","og_title":"Politika privatnosti - Lotto Online - Crack The International Lottery Jackpots","og_description":"Na Jackpotlottery, va\u0161a privatnost nam je va\u017ena. Ova Politika privatnosti opisuje kako prikupljamo, koristimo i \u0161titimo va\u0161e li\u010dne informacije kada posetite ili koristite na\u0161 sajt (jackpotlottery.org). Kori\u0161\u0107enjem sajta, sla\u017eete se sa uslovima ove Politike privatnosti. Ako se ne sla\u017eete, molimo vas da odmah prestanete sa kori\u0161\u0107enjem sajta. Informacije koje prikupljamo Informacije koje nam pru\u017eate Prikupljamo [&hellip;]","og_url":"https:\/\/jackpotlotteryonline.com\/sr\/politika-privatnosti-2\/","og_site_name":"Lotto Online - Crack The International Lottery Jackpots","twitter_card":"summary_large_image","twitter_misc":{"\u041f\u0440\u043e\u0446\u0435\u045a\u0435\u043d\u043e \u0432\u0440\u0435\u043c\u0435 \u0447\u0438\u0442\u0430\u045a\u0430":"3 \u043c\u0438\u043d\u0443\u0442\u0430"},"schema":{"@context":"https:\/\/schema.org","@graph":[{"@type":"WebPage","@id":"https:\/\/jackpotlotteryonline.com\/sr\/politika-privatnosti-2\/","url":"https:\/\/jackpotlotteryonline.com\/sr\/politika-privatnosti-2\/","name":"Politika privatnosti - Lotto Online - Crack The International Lottery Jackpots","isPartOf":{"@id":"https:\/\/jackpotlotteryonline.com\/#website"},"datePublished":"2025-02-03T06:55:22+00:00","dateModified":"2025-02-03T06:55:22+00:00","breadcrumb":{"@id":"https:\/\/jackpotlotteryonline.com\/sr\/politika-privatnosti-2\/#breadcrumb"},"inLanguage":"sr-RS","potentialAction":[{"@type":"ReadAction","target":["https:\/\/jackpotlotteryonline.com\/sr\/politika-privatnosti-2\/"]}]},{"@type":"BreadcrumbList","@id":"https:\/\/jackpotlotteryonline.com\/sr\/politika-privatnosti-2\/#breadcrumb","itemListElement":[{"@type":"ListItem","position":1,"name":"Home","item":"https:\/\/jackpotlotteryonline.com\/sr\/"},{"@type":"ListItem","position":2,"name":"Politika privatnosti"}]},{"@type":"WebSite","@id":"https:\/\/jackpotlotteryonline.com\/#website","url":"https:\/\/jackpotlotteryonline.com\/","name":"Lotto Online - Crack The International Lottery Jackpots","description":"","potentialAction":[{"@type":"SearchAction","target":{"@type":"EntryPoint","urlTemplate":"https:\/\/jackpotlotteryonline.com\/?s={search_term_string}"},"query-input":"required name=search_term_string"}],"inLanguage":"sr-RS"}]}},"_links":{"self":[{"href":"https:\/\/jackpotlotteryonline.com\/sr\/wp-json\/wp\/v2\/pages\/73185","targetHints":{"allow":["GET"]}}],"collection":[{"href":"https:\/\/jackpotlotteryonline.com\/sr\/wp-json\/wp\/v2\/pages"}],"about":[{"href":"https:\/\/jackpotlotteryonline.com\/sr\/wp-json\/wp\/v2\/types\/page"}],"author":[{"embeddable":true,"href":"https:\/\/jackpotlotteryonline.com\/sr\/wp-json\/wp\/v2\/users\/7"}],"replies":[{"embeddable":true,"href":"https:\/\/jackpotlotteryonline.com\/sr\/wp-json\/wp\/v2\/comments?post=73185"}],"version-history":[{"count":0,"href":"https:\/\/jackpotlotteryonline.com\/sr\/wp-json\/wp\/v2\/pages\/73185\/revisions"}],"wp:attachment":[{"href":"https:\/\/jackpotlotteryonline.com\/sr\/wp-json\/wp\/v2\/media?parent=73185"}],"curies":[{"name":"wp","href":"https:\/\/api.w.org\/{rel}","templated":true}]}}