{"id":73219,"date":"2025-02-03T07:23:27","date_gmt":"2025-02-03T07:23:27","guid":{"rendered":"https:\/\/jackpotlotteryonline.com\/?page_id=73219"},"modified":"2025-02-03T07:23:27","modified_gmt":"2025-02-03T07:23:27","slug":"pocetna-stranica","status":"publish","type":"page","link":"https:\/\/jackpotlotteryonline.com\/sr\/","title":{"rendered":"Po\u010detna stranica"},"content":{"rendered":"<h2>Online loto igre i kako pove\u0107ati \u0161anse za pobedu<\/h2>\n<p> Prikazujemo vam kako mo\u017eete igrati loto online za najve\u0107e d\u017eekpotove \u0161irom sveta. Ako u va\u0161oj zemlji nema interesantnih loto igara, to vi\u0161e nije problem. Poku\u0161ajte da osvojite ogromne nagrade. Nemojte tro\u0161iti svoj novac na male nagrade &#8211; svet je pun loto igara sa ogromnim d\u017eekpotovima. <strong>Da biste videli najve\u0107e d\u017eekpotove u kojima mo\u017eete u\u010destvovati upravo sada, pogledajte banere na na\u0161em sajtu.<\/strong> <img loading=\"lazy\" decoding=\"async\" class=\"alignright\" src=\"http:\/\/jackpotlotteryonline.com\/wp-content\/uploads\/2022\/10\/ticket_balls.jpg\" alt=\"Igrajte loto online\" width=\"297\" height=\"101\" \/> Svi ovi neverovatni d\u017eekpotovi sada su vam lako dostupni, bez obzira gde \u017eivite. Da biste igrali loto online, samo kliknite na jedan od linkova &#8211; mo\u017eete da kupite tiket za ove velike d\u017eekpotove online! Na\u0161 sajt vam omogu\u0107ava da kupite tikete za najve\u0107e d\u017eekpotove na svetu, bez obzira na to gde \u017eivite. Mi \u0107emo ih kupiti preko proverenih platformi i garantujemo da \u0107ete dobiti svoju nagradu. <\/p>\n<h2>Prilike za u\u010de\u0161\u0107e u me\u0111unarodnim loto igrama<\/h2>\n<p> Na\u0161 sajt vam pru\u017ea sve informacije o najve\u0107im d\u017eekpotovima, kako da u\u010destvujete online, kako se ispla\u0107uju nagrade, \u0161ta da uradite kada osvojite d\u017eekpot, i mnoge druge stvari. Pro\u010ditajte na\u0161e \u010dlanke o svakoj igri (koji su dostupni u glavnom meniju) i lako izaberite igru koja vam odgovara. <\/p>\n<h2>Online igranje je jednostavno<\/h2>\n<p> Bilo da \u017eelite da u\u010destvujete u Powerball-u iz SAD-a, EuroMillions-u, El Gordo-u iz \u0160panije, SuperEnalotto-u iz Italije ili drugim loto igrama, ovde mo\u017eete <a href=\"https:\/\/jackpotlotteryonline.com\/buy-tickets\">kupiti sve tikete na jednom mestu<\/a> &#8211; direktno sa na\u0161eg sajta.<br \/>\nSa na\u0161om pomo\u0107i, niste ograni\u010deni na lokalne loto igre i mo\u017eete u\u010destvovati u svim me\u0111unarodnim loto igrama online. To vam omogu\u0107ava da birate najve\u0107e d\u017eekpotove i pove\u0107ate \u0161anse za pobedu. Ili mo\u017eete igrati za slede\u0107i loto d\u017eekpot bez \u010dekanja na rezultate! Izaberite igru, odaberite brojeve i platite, zaista je jednostavno.<\/p>\n<section class=\"layout\" style=\"border: solid 1px; width: 100%;\">\n<div class=\"img-div\" style=\"margin-top: 5px;\"><img decoding=\"async\" class=\"wp-image-17212 alignleft\" style=\"height: 45px; margin: 8px 8px 0px;\" src=\"http:\/\/jackpotlotteryonline.com\/wp-content\/uploads\/2022\/11\/read1.jpg\" alt=\"Pro\u010ditajte vi\u0161e\" width=\"\" height=\"\" \/><\/div>\n<div style=\"padding-left: 5px;\">\n<div style=\"font-size: 1.1em;\">\n<strong>Da li je legalno igrati loto iz drugih zemalja online?<\/strong><\/p>\n<p style=\"font-size: 0.85em; margin-top: -1.5em;\">Da li je kupovina loto tiketa online legalna? I da li mo\u017eete zaista da dobijete svoju nagradu? <a href=\"https:\/\/jackpotlotteryonline.com\/is-it-legal-to-play-lotteries-from-other-countries-online\">Pro\u010ditajte vi\u0161e<\/a><\/p>\n<\/p><\/div>\n<\/p><\/div>\n<\/section>\n<h2>Online servis za kupovinu tiketa<\/h2>\n<p> <strong>Kako funkcioni\u0161e:<\/strong> Nudimo vam servis za kupovinu tiketa za me\u0111unarodne loto igre. Izaberite loto igru koju \u017eelite da igrate i kliknite na jedan od banera iznad. Zatim online izaberite brojeve va\u0161eg tiketa. Ako \u017eelite, mo\u017eete izabrati nasumi\u010dne brojeve. Nakon \u0161to izaberete brojeve, napravite korisni\u010dki nalog i izaberite na\u010din pla\u010danja za va\u0161e tikete. Razli\u010diti sigurni na\u010dini pla\u010danja su dostupni. Nakon toga na\u0161i agenti \u0107e kupiti va\u0161e tikete, a vi \u0107ete odmah dobiti potvrdu o kupovini putem emaila. Skenirana verzija va\u0161ih tiketa bi\u0107e odmah dostupna na va\u0161em nalogu. <\/p>\n<h2>Prednosti online igranja me\u0111unarodnog loto-a<\/h2>\n<ul>\n<li>Vi\u0161e opcija &#8211; sada niste ograni\u010deni samo na lokalne loto igre, mo\u017eete da birate izme\u0111ju svih me\u0111unarodnih loto igara.<\/li>\n<li>Bolja vrednost za novac &#8211; umesto da kupujete tiket za 2 evra za milion evra, mo\u017eete da kupite tiket za d\u017eekpot od 100 miliona evra. \u010cak i ako su tiketi za ve\u0107e loto igre skuplji, matemati\u010dki je bolje investirati u ve\u0107e d\u017eekpotove.<\/li>\n<li>Komfor &#8211; vi\u0161e ne morate da izlazite iz ku\u0107e da biste kupili tikete. Mo\u017eete da kupite tikete direktno sa svog ra\u010dunara ili mobilnog ure\u0111aja i igrate.<\/li>\n<li>Sigurnost &#8211; online loto tiketi ne mogu da se izgube kao fizi\u010dki tiketi. Va\u0161i tiketi se sigurno \u010duvaju na va\u0161em online nalogu.<\/li>\n<\/ul>\n<h2>Kada su loto \u017erebanja?<\/h2>\n<p> Pogledajte sliku ispod. Ova slika prikazuje kada se odr\u017eavaju najve\u0107i loto \u017erebi. <img loading=\"lazy\" decoding=\"async\" src=\"http:\/\/jackpotlotteryonline.com\/wp-content\/uploads\/2022\/10\/Lotto-draw-calendar-UTC-300x50.jpg\" alt=\"Loto \u017erebanje\" width=\"684\" height=\"114\" \/> <\/p>\n<h2>\u0160ta da radite ako osvojite loto?<\/h2>\n<p> Kada pobedite, dobi\u0107ete obave\u0161tenje o nagradi putem emaila. Ne morate da brinete da \u0107ete izgubiti nagradu ili zaboraviti na nju. Mi \u010duvamo va\u0161u nagradu i \u0161aljemo je loto kompaniji koja vr\u0161i isplatu, a zatim vam \u0161alje \u010dek ili transferuje iznos na va\u0161 bankovni ra\u010dun. Ako osvojite veliki d\u017eekpot, mo\u017eda \u0107ete morati da li\u010dno posetite glavni ured loto kompanije. Ali ne brinite! Nagrade manje od 2500 evra bi\u0107e odmah dodate na va\u0161 nalog, a vi ih mo\u017eete povu\u0107i ili koristiti za kupovinu novih loto tiketa. <strong>To je jednostavno! Pripremite se za osvajanje velikih nagrada. Kupite tiket odmah!<\/strong><\/p>\n","protected":false},"excerpt":{"rendered":"<p>Online loto igre i kako pove\u0107ati \u0161anse za pobedu Prikazujemo vam kako mo\u017eete igrati loto online za najve\u0107e d\u017eekpotove \u0161irom sveta. Ako u va\u0161oj zemlji nema interesantnih loto igara, to vi\u0161e nije problem. Poku\u0161ajte da osvojite ogromne nagrade. Nemojte tro\u0161iti svoj novac na male nagrade &#8211; svet je pun loto igara sa ogromnim d\u017eekpotovima. Da [&hellip;]<\/p>\n","protected":false},"author":7,"featured_media":0,"parent":0,"menu_order":1,"comment_status":"closed","ping_status":"closed","template":"lotto.php","meta":{"_et_pb_use_builder":"","_et_pb_old_content":"","_et_gb_content_width":"","exclude_from_search":false,"footnotes":""},"class_list":["post-73219","page","type-page","status-publish","hentry"],"yoast_head":"<!-- This site is optimized with the Yoast SEO plugin v23.3 - https:\/\/yoast.com\/wordpress\/plugins\/seo\/ -->\n<title>Igrajte online loto - osvojite me\u0111unarodne d\u017eekpotove!<\/title>\n<meta name=\"description\" content=\"Kupite tikete za najve\u0107e loto d\u017eekpotove i igrajte online za milion evra!\" \/>\n<meta name=\"robots\" content=\"index, follow, max-snippet:-1, max-image-preview:large, max-video-preview:-1\" \/>\n<link rel=\"canonical\" href=\"https:\/\/jackpotlotteryonline.com\/sr\/\" \/>\n<meta property=\"og:locale\" content=\"sr_RS\" \/>\n<meta property=\"og:type\" content=\"article\" \/>\n<meta property=\"og:title\" content=\"Igrajte online loto - osvojite me\u0111unarodne d\u017eekpotove!\" \/>\n<meta property=\"og:description\" content=\"Kupite tikete za najve\u0107e loto d\u017eekpotove i igrajte online za milion evra!\" \/>\n<meta property=\"og:url\" content=\"https:\/\/jackpotlotteryonline.com\/sr\/\" \/>\n<meta property=\"og:site_name\" content=\"Lotto Online - Crack The International Lottery Jackpots\" \/>\n<meta property=\"og:image\" content=\"http:\/\/jackpotlotteryonline.com\/wp-content\/uploads\/2022\/10\/ticket_balls.jpg\" \/>\n<meta name=\"twitter:card\" content=\"summary_large_image\" \/>\n<!-- \/ Yoast SEO plugin. -->","yoast_head_json":{"title":"Igrajte online loto - osvojite me\u0111unarodne d\u017eekpotove!","description":"Kupite tikete za najve\u0107e loto d\u017eekpotove i igrajte online za milion evra!","robots":{"index":"index","follow":"follow","max-snippet":"max-snippet:-1","max-image-preview":"max-image-preview:large","max-video-preview":"max-video-preview:-1"},"canonical":"https:\/\/jackpotlotteryonline.com\/sr\/","og_locale":"sr_RS","og_type":"article","og_title":"Igrajte online loto - osvojite me\u0111unarodne d\u017eekpotove!","og_description":"Kupite tikete za najve\u0107e loto d\u017eekpotove i igrajte online za milion evra!","og_url":"https:\/\/jackpotlotteryonline.com\/sr\/","og_site_name":"Lotto Online - Crack The International Lottery Jackpots","og_image":[{"url":"http:\/\/jackpotlotteryonline.com\/wp-content\/uploads\/2022\/10\/ticket_balls.jpg"}],"twitter_card":"summary_large_image","schema":{"@context":"https:\/\/schema.org","@graph":[{"@type":"WebPage","@id":"https:\/\/jackpotlotteryonline.com\/sr\/","url":"https:\/\/jackpotlotteryonline.com\/sr\/","name":"Igrajte online loto - osvojite me\u0111unarodne d\u017eekpotove!","isPartOf":{"@id":"https:\/\/jackpotlotteryonline.com\/#website"},"primaryImageOfPage":{"@id":"https:\/\/jackpotlotteryonline.com\/sr\/#primaryimage"},"image":{"@id":"https:\/\/jackpotlotteryonline.com\/sr\/#primaryimage"},"thumbnailUrl":"http:\/\/jackpotlotteryonline.com\/wp-content\/uploads\/2022\/10\/ticket_balls.jpg","datePublished":"2025-02-03T07:23:27+00:00","dateModified":"2025-02-03T07:23:27+00:00","description":"Kupite tikete za najve\u0107e loto d\u017eekpotove i igrajte online za milion evra!","breadcrumb":{"@id":"https:\/\/jackpotlotteryonline.com\/sr\/#breadcrumb"},"inLanguage":"sr-RS","potentialAction":[{"@type":"ReadAction","target":["https:\/\/jackpotlotteryonline.com\/sr\/"]}]},{"@type":"ImageObject","inLanguage":"sr-RS","@id":"https:\/\/jackpotlotteryonline.com\/sr\/#primaryimage","url":"http:\/\/jackpotlotteryonline.com\/wp-content\/uploads\/2022\/10\/ticket_balls.jpg","contentUrl":"http:\/\/jackpotlotteryonline.com\/wp-content\/uploads\/2022\/10\/ticket_balls.jpg"},{"@type":"BreadcrumbList","@id":"https:\/\/jackpotlotteryonline.com\/sr\/#breadcrumb","itemListElement":[{"@type":"ListItem","position":1,"name":"Home","item":"https:\/\/jackpotlotteryonline.com\/sr\/"},{"@type":"ListItem","position":2,"name":"Po\u010detna stranica"}]},{"@type":"WebSite","@id":"https:\/\/jackpotlotteryonline.com\/#website","url":"https:\/\/jackpotlotteryonline.com\/","name":"Lotto Online - Crack The International Lottery Jackpots","description":"","potentialAction":[{"@type":"SearchAction","target":{"@type":"EntryPoint","urlTemplate":"https:\/\/jackpotlotteryonline.com\/?s={search_term_string}"},"query-input":"required name=search_term_string"}],"inLanguage":"sr-RS"}]}},"_links":{"self":[{"href":"https:\/\/jackpotlotteryonline.com\/sr\/wp-json\/wp\/v2\/pages\/73219","targetHints":{"allow":["GET"]}}],"collection":[{"href":"https:\/\/jackpotlotteryonline.com\/sr\/wp-json\/wp\/v2\/pages"}],"about":[{"href":"https:\/\/jackpotlotteryonline.com\/sr\/wp-json\/wp\/v2\/types\/page"}],"author":[{"embeddable":true,"href":"https:\/\/jackpotlotteryonline.com\/sr\/wp-json\/wp\/v2\/users\/7"}],"replies":[{"embeddable":true,"href":"https:\/\/jackpotlotteryonline.com\/sr\/wp-json\/wp\/v2\/comments?post=73219"}],"version-history":[{"count":0,"href":"https:\/\/jackpotlotteryonline.com\/sr\/wp-json\/wp\/v2\/pages\/73219\/revisions"}],"wp:attachment":[{"href":"https:\/\/jackpotlotteryonline.com\/sr\/wp-json\/wp\/v2\/media?parent=73219"}],"curies":[{"name":"wp","href":"https:\/\/api.w.org\/{rel}","templated":true}]}}