{"id":73245,"date":"2025-02-03T07:38:47","date_gmt":"2025-02-03T07:38:47","guid":{"rendered":"https:\/\/jackpotlotteryonline.com\/?page_id=73245"},"modified":"2025-02-03T07:38:47","modified_gmt":"2025-02-03T07:38:47","slug":"mega-millions-usa","status":"publish","type":"page","link":"https:\/\/jackpotlotteryonline.com\/sr\/online-lutrijski-dogadaji-i-igre\/mega-millions-usa\/","title":{"rendered":"Mega Millions USA"},"content":{"rendered":"<h2>The Mega Millions Online Lotto Jackpot<\/h2>\n<p> Mega Millions Jackpot Lotto se odr\u017eava u Mi\u010digenu, SAD, i igra se u 12 saveznih dr\u017eava SAD. Izvla\u010denja se odr\u017eavaju svake srede i petka u 8 PM, a u\u010destalost dobitaka mo\u017ee biti prili\u010dno visoka za sre\u0107nog igra\u010da. Mega Millions tiket je relativno jeftin, a najve\u0107i d\u017eekpot ikada ispla\u0107en bio je ve\u0107i od 1.5 milijardi dolara.<br \/>\n<img loading=\"lazy\" decoding=\"async\" class=\"alignright size-full wp-image-17546\" src=\"http:\/\/jackpotlotteryonline.com\/wp-content\/uploads\/2022\/10\/logo_Mega_Millions_233x110.png\" alt=\"play mega millions online\" width=\"232\" height=\"110\" \/>Ako planirate da igrate Mega Millions, a to redovno, mo\u017eete da zamislite vreme i energiju potrebnu da tr\u010dite dva puta nedeljno na lutriju. Najbolji na\u010din da uklonite komplikacije i u\u0161tedite vreme jeste da igrate online. <a href=\"https:\/\/jackpotlotteryonline.com\/buy-tickets\/mega-millions\">Kupovina tiketa<\/a> sa va\u0161im omiljenim brojevima i dostava istog na va\u0161a vrata nikada nije bila lak\u0161a. Uz na\u0161u pomo\u0107, Mega Millions Jackpot mo\u017ee osvojiti bilo ko na svetu!<\/p>\n<h2>Kako igrati Mega Millions online<\/h2>\n<p> Lutrija Mega Millions po\u010dinje sa iznosom od 20 miliona dolara i postavila je istorijski rekord kada je dostigla 1.5 milijardi dolara, najve\u0107i d\u017eekpot u istoriji ameri\u010dkih lutrija! Igra\u010di mogu da izaberu pet brojeva izme\u0111u 1 i 56 (beli loptici), plus jedan tako zvani Mega broj izme\u0111u 1 i 46 (zlatni loptici).<br \/>\n<img loading=\"lazy\" decoding=\"async\" class=\"alignright size-full wp-image-19115\" src=\"http:\/\/jackpotlotteryonline.com\/wp-content\/uploads\/2022\/10\/2_ticket_mega_millions3.jpg\" alt=\"mega millions ticket scan\" width=\"180\" height=\"193\" \/>Da biste osvojili ovaj d\u017eekpot, morate da pogodite svih pet brojeva i mega broj. Ali \u010dak i ako ne osvojite d\u017eekpot, imate dobar \u0161anse za pobedu, jer 1 od 40 tiketa pobe\u0111uje. Svako bi se slo\u017eio da su ovo veoma dobri \u0161anse za osvajanje lutrije.<\/p>\n<p>D\u017eekpot \u0107e biti ispla\u0107en u 26 godi\u0161njih rata, \u0161to se naziva opcija anuiteta, ili mo\u017eete da izaberete jednokratnu isplatu, gde \u0107ete primiti trenutnu vrednost anuiteta. <a href=\"http:\/\/jackpotlotteryonline.com\/winning-numbers\/mega-millions\">Izvla\u010denja<\/a> se obi\u010dno odr\u017eavaju u Ajdahu (D\u017eord\u017eija), ali kada d\u017eekpot pre\u0111e 200 miliona dolara, izvla\u010denje se odr\u017eava na Tajms Skveru (Njujork).<\/p>\n<p>Morate imati najmanje 18 godina da biste igrali ovu lutriju, ali nije potrebno da budete gra\u0111anin ili stanovnik SAD. Uz na\u0161u pomo\u0107, mo\u017eete igrati i van SAD, bilo gde u svetu. Zapravo, tako\u0111e \u0107emo vam pomo\u0107i da bez problema preuzmete osvojen novac.<\/p>\n<h2>Dodatne opcije<\/h2>\n<p> U gotovo svim jurisdikcijama (42 od 43, osim Kalifornije) Mega Millions lutrije, igra\u010di imaju opciju da aktiviraju dodatnu opciju nazvanu Megaplayer. Megaplayer duplira opkladu u igri i igra\u010di mogu pomno\u017eiti nagrade koje nisu d\u017eekpot sa faktorom 2, 3 ili 4. Naravno, ovde nije potrebno nagla\u0161avati da se \u0161anse smanjuju.<br \/>\nDakle, sa toliko ulogom, vreme je da razmislite o igranju Mega Millions, to mo\u017ee da ostvari va\u0161e snove. Registrujte se na na\u0161em sajtu i oku\u0161ajte sre\u0107u u najve\u0107oj ameri\u010dkoj lutriji.<\/p>\n<section class=\"layout\" style=\"border: solid 1px; width: 100%;\">\n<div class=\"img-div\" style=\"margin-top: 5px;\"><img decoding=\"async\" class=\"wp-image-17212 alignleft\" style=\"height: 45px; margin: 8px 8px 0px;\" src=\"http:\/\/jackpotlotteryonline.com\/wp-content\/uploads\/2022\/11\/read1.jpg\" alt=\"read\" width=\"\" height=\"\" \/><\/div>\n<div style=\"padding-left: 5px;\">\n<div style=\"font-size: 1.1em;\">\n<strong>Va\u0161a nacionalna lutrija u me\u0111unarodnoj poredbi<\/strong><\/p>\n<p style=\"font-size: 0.85em; margin-top: -1.5em;\">Va\u0161a lokalna lutrija mo\u017eda nije najbolja opcija &#8211; za\u0161to je bolje platiti vi\u0161e, ali igrati za ve\u0107e d\u017eekpotove <a href=\"https:\/\/jackpotlotteryonline.com\/your-national-lottery-in-international-comparison\">pro\u010ditajte vi\u0161e<\/a><\/p>\n<p>Igrajte Mega Millions Online<br \/>\nIgrajte Mega Millions Online izvan SAD<br \/>\nMega Millions jackpot lutrija SAD je najva\u017enija od svih lutrija i sada mo\u017eete igrati online, \u010dak i ako \u017eivite izvan SAD.<\/p>\n","protected":false},"excerpt":{"rendered":"<p>The Mega Millions Online Lotto Jackpot Mega Millions Jackpot Lotto se odr\u017eava u Mi\u010digenu, SAD, i igra se u 12 saveznih dr\u017eava SAD. Izvla\u010denja se odr\u017eavaju svake srede i petka u 8 PM, a u\u010destalost dobitaka mo\u017ee biti prili\u010dno visoka za sre\u0107nog igra\u010da. Mega Millions tiket je relativno jeftin, a najve\u0107i d\u017eekpot ikada ispla\u0107en bio [&hellip;]<\/p>\n","protected":false},"author":7,"featured_media":0,"parent":73093,"menu_order":2,"comment_status":"closed","ping_status":"closed","template":"megamillion.php","meta":{"_et_pb_use_builder":"","_et_pb_old_content":"","_et_gb_content_width":"","exclude_from_search":false,"footnotes":""},"class_list":["post-73245","page","type-page","status-publish","hentry"],"yoast_head":"<!-- This site is optimized with the Yoast SEO plugin v23.3 - https:\/\/yoast.com\/wordpress\/plugins\/seo\/ -->\n<title>Mega Millions USA - Lotto Online - Crack The International Lottery Jackpots<\/title>\n<meta name=\"robots\" content=\"index, follow, max-snippet:-1, max-image-preview:large, max-video-preview:-1\" \/>\n<link rel=\"canonical\" href=\"https:\/\/jackpotlotteryonline.com\/sr\/online-lutrijski-dogadaji-i-igre\/mega-millions-usa\/\" \/>\n<meta property=\"og:locale\" content=\"sr_RS\" \/>\n<meta property=\"og:type\" content=\"article\" \/>\n<meta property=\"og:title\" content=\"Mega Millions USA - Lotto Online - Crack The International Lottery Jackpots\" \/>\n<meta property=\"og:description\" content=\"The Mega Millions Online Lotto Jackpot Mega Millions Jackpot Lotto se odr\u017eava u Mi\u010digenu, SAD, i igra se u 12 saveznih dr\u017eava SAD. Izvla\u010denja se odr\u017eavaju svake srede i petka u 8 PM, a u\u010destalost dobitaka mo\u017ee biti prili\u010dno visoka za sre\u0107nog igra\u010da. Mega Millions tiket je relativno jeftin, a najve\u0107i d\u017eekpot ikada ispla\u0107en bio [&hellip;]\" \/>\n<meta property=\"og:url\" content=\"https:\/\/jackpotlotteryonline.com\/sr\/online-lutrijski-dogadaji-i-igre\/mega-millions-usa\/\" \/>\n<meta property=\"og:site_name\" content=\"Lotto Online - Crack The International Lottery Jackpots\" \/>\n<meta property=\"og:image\" content=\"http:\/\/jackpotlotteryonline.com\/wp-content\/uploads\/2022\/10\/logo_Mega_Millions_233x110.png\" \/>\n<meta name=\"twitter:card\" content=\"summary_large_image\" \/>\n<!-- \/ Yoast SEO plugin. -->","yoast_head_json":{"title":"Mega Millions USA - Lotto Online - Crack The International Lottery Jackpots","robots":{"index":"index","follow":"follow","max-snippet":"max-snippet:-1","max-image-preview":"max-image-preview:large","max-video-preview":"max-video-preview:-1"},"canonical":"https:\/\/jackpotlotteryonline.com\/sr\/online-lutrijski-dogadaji-i-igre\/mega-millions-usa\/","og_locale":"sr_RS","og_type":"article","og_title":"Mega Millions USA - Lotto Online - Crack The International Lottery Jackpots","og_description":"The Mega Millions Online Lotto Jackpot Mega Millions Jackpot Lotto se odr\u017eava u Mi\u010digenu, SAD, i igra se u 12 saveznih dr\u017eava SAD. Izvla\u010denja se odr\u017eavaju svake srede i petka u 8 PM, a u\u010destalost dobitaka mo\u017ee biti prili\u010dno visoka za sre\u0107nog igra\u010da. Mega Millions tiket je relativno jeftin, a najve\u0107i d\u017eekpot ikada ispla\u0107en bio [&hellip;]","og_url":"https:\/\/jackpotlotteryonline.com\/sr\/online-lutrijski-dogadaji-i-igre\/mega-millions-usa\/","og_site_name":"Lotto Online - Crack The International Lottery Jackpots","og_image":[{"url":"http:\/\/jackpotlotteryonline.com\/wp-content\/uploads\/2022\/10\/logo_Mega_Millions_233x110.png"}],"twitter_card":"summary_large_image","schema":{"@context":"https:\/\/schema.org","@graph":[{"@type":"WebPage","@id":"https:\/\/jackpotlotteryonline.com\/sr\/online-lutrijski-dogadaji-i-igre\/mega-millions-usa\/","url":"https:\/\/jackpotlotteryonline.com\/sr\/online-lutrijski-dogadaji-i-igre\/mega-millions-usa\/","name":"Mega Millions USA - Lotto Online - Crack The International Lottery Jackpots","isPartOf":{"@id":"https:\/\/jackpotlotteryonline.com\/#website"},"primaryImageOfPage":{"@id":"https:\/\/jackpotlotteryonline.com\/sr\/online-lutrijski-dogadaji-i-igre\/mega-millions-usa\/#primaryimage"},"image":{"@id":"https:\/\/jackpotlotteryonline.com\/sr\/online-lutrijski-dogadaji-i-igre\/mega-millions-usa\/#primaryimage"},"thumbnailUrl":"http:\/\/jackpotlotteryonline.com\/wp-content\/uploads\/2022\/10\/logo_Mega_Millions_233x110.png","datePublished":"2025-02-03T07:38:47+00:00","dateModified":"2025-02-03T07:38:47+00:00","breadcrumb":{"@id":"https:\/\/jackpotlotteryonline.com\/sr\/online-lutrijski-dogadaji-i-igre\/mega-millions-usa\/#breadcrumb"},"inLanguage":"sr-RS","potentialAction":[{"@type":"ReadAction","target":["https:\/\/jackpotlotteryonline.com\/sr\/online-lutrijski-dogadaji-i-igre\/mega-millions-usa\/"]}]},{"@type":"ImageObject","inLanguage":"sr-RS","@id":"https:\/\/jackpotlotteryonline.com\/sr\/online-lutrijski-dogadaji-i-igre\/mega-millions-usa\/#primaryimage","url":"http:\/\/jackpotlotteryonline.com\/wp-content\/uploads\/2022\/10\/logo_Mega_Millions_233x110.png","contentUrl":"http:\/\/jackpotlotteryonline.com\/wp-content\/uploads\/2022\/10\/logo_Mega_Millions_233x110.png"},{"@type":"BreadcrumbList","@id":"https:\/\/jackpotlotteryonline.com\/sr\/online-lutrijski-dogadaji-i-igre\/mega-millions-usa\/#breadcrumb","itemListElement":[{"@type":"ListItem","position":1,"name":"Home","item":"https:\/\/jackpotlotteryonline.com\/sr\/"},{"@type":"ListItem","position":2,"name":"Online Lutrijski Doga\u0111aji i Igre","item":"https:\/\/jackpotlotteryonline.com\/play-online\/"},{"@type":"ListItem","position":3,"name":"Mega Millions USA"}]},{"@type":"WebSite","@id":"https:\/\/jackpotlotteryonline.com\/#website","url":"https:\/\/jackpotlotteryonline.com\/","name":"Lotto Online - Crack The International Lottery Jackpots","description":"","potentialAction":[{"@type":"SearchAction","target":{"@type":"EntryPoint","urlTemplate":"https:\/\/jackpotlotteryonline.com\/?s={search_term_string}"},"query-input":"required name=search_term_string"}],"inLanguage":"sr-RS"}]}},"_links":{"self":[{"href":"https:\/\/jackpotlotteryonline.com\/sr\/wp-json\/wp\/v2\/pages\/73245","targetHints":{"allow":["GET"]}}],"collection":[{"href":"https:\/\/jackpotlotteryonline.com\/sr\/wp-json\/wp\/v2\/pages"}],"about":[{"href":"https:\/\/jackpotlotteryonline.com\/sr\/wp-json\/wp\/v2\/types\/page"}],"author":[{"embeddable":true,"href":"https:\/\/jackpotlotteryonline.com\/sr\/wp-json\/wp\/v2\/users\/7"}],"replies":[{"embeddable":true,"href":"https:\/\/jackpotlotteryonline.com\/sr\/wp-json\/wp\/v2\/comments?post=73245"}],"version-history":[{"count":0,"href":"https:\/\/jackpotlotteryonline.com\/sr\/wp-json\/wp\/v2\/pages\/73245\/revisions"}],"up":[{"embeddable":true,"href":"https:\/\/jackpotlotteryonline.com\/sr\/wp-json\/wp\/v2\/pages\/73093"}],"wp:attachment":[{"href":"https:\/\/jackpotlotteryonline.com\/sr\/wp-json\/wp\/v2\/media?parent=73245"}],"curies":[{"name":"wp","href":"https:\/\/api.w.org\/{rel}","templated":true}]}}