{"id":73271,"date":"2025-02-03T08:00:27","date_gmt":"2025-02-03T08:00:27","guid":{"rendered":"https:\/\/jackpotlotteryonline.com\/?page_id=73271"},"modified":"2025-02-03T08:00:27","modified_gmt":"2025-02-03T08:00:27","slug":"igrajte-euromillions","status":"publish","type":"page","link":"https:\/\/jackpotlotteryonline.com\/sr\/online-lutrijski-dogadaji-i-igre\/igrajte-euromillions\/","title":{"rendered":"Igrajte EuroMillions"},"content":{"rendered":"<h2>Kupite EuroMillions tiket online<\/h2>\n<p> <img loading=\"lazy\" decoding=\"async\" class=\"alignright wp-image-18926\" src=\"https:\/\/jackpotlotteryonline.com\/wp-content\/uploads\/2022\/10\/2_ticket_euromillions3-111x300.jpg\" alt=\"euromillions ticket\" width=\"83\" height=\"224\" srcset=\"https:\/\/jackpotlotteryonline.com\/wp-content\/uploads\/2022\/10\/2_ticket_euromillions3-111x300.jpg 111w, https:\/\/jackpotlotteryonline.com\/wp-content\/uploads\/2022\/10\/2_ticket_euromillions3.jpg 180w\" sizes=\"auto, (max-width: 83px) 100vw, 83px\" \/> EuroMillions je lutrija koja se odr\u017eava u nekoliko evropskih zemalja, kao \u0161to su Francuska, UK, \u0160panija, Irska, Belgija, Luksemburg i \u0160vajcarska. EuroMillions online jackpot po\u010dinje sa iznosom od 15 miliona evra, a rekordni jackpot iznosi 190 miliona evra.<br \/>\nDa biste u\u010destvovali u EuroMillions jackpot lutriji, morate imati najmanje 18 godina, ali mo\u017eete u\u010destvovati iz bilo koje zemlje na svetu, koriste\u0107i uslugu koju pru\u017eamo na ovom sajtu. Ono \u0161to mi nudimo je zaista jedinstveno jer omogu\u0107ava svima \u0161irom sveta, uklju\u010duju\u0107i zemlje kao \u0161to su Nema\u010dka, Holandija, Italija, pa \u010dak i van Evrope, da igraju i osvoje jackpot online. Pru\u017eanjem opcije sre\u0107nog odabira, lak\u0161e je izabrati nasumi\u010dne brojeve umesto da optere\u0107ujete sopstvene sive \u0107elije.<\/p>\n<h2>Kako da kupite tiket za EuroMillions jackpot izvan Evrope<\/h2>\n<p> <a href=\"https:\/\/jackpotlotteryonline.com\/buy-tickets\/euromillions\">Kupovina tiketa za EuroMillions online jackpot<\/a> mo\u017ee biti lak\u0161a uz na\u0161u pomo\u0107. Kada se registrujete na na\u0161em sajtu i budete verifikovani, bi\u0107e dovoljno da izaberete svoju lutriju i izvr\u0161ite potrebnu uplatu. Nakon toga, tiket za lutriju bi\u0107e kupljen u va\u0161e ime, a skenirana kopija \u0107e biti postavljena na va\u0161 nalog, \u010dim izvr\u0161ite uplatu putem odabranog na\u010dina pla\u0107anja.<br \/>\nPored toga, ako \u017eelite da igrate EuroMillions online jackpot tokom du\u017eeg perioda, mo\u017eete izabrati svoje brojeve ili ih nasumi\u010dno generisati, a mo\u017eete u\u010destvovati u vi\u0161e izvla\u010denja, ali bi\u0107ete obavezni da platite samo jednom u nekoliko nedelja.<\/p>\n<h2>Kako funkcioni\u0161e EuroMillions online jackpot<\/h2>\n<p> <img loading=\"lazy\" decoding=\"async\" class=\"alignright wp-image-17411\" src=\"https:\/\/jackpotlotteryonline.com\/wp-content\/uploads\/2022\/10\/euromillions.png\" alt=\"play euromillions online\" width=\"143\" height=\"152\" \/> Da biste osvojili jackpot, morate izabrati pet brojeva izme\u0111u 1 i 50, plus 2 dodatna broja &#8220;Sre\u0107na zvezda&#8221; (izme\u0111u 1 i 9). <a href=\"https:\/\/jackpotlotteryonline.com\/winning-numbers\/euromillions\">EuroMillions jackpot izvla\u010denje<\/a> se odr\u017eava svake ve\u010deri petkom, a pored jackpota, postoji 11 nivoa nagrada. \u0160anse da osvojite barem neku nagradu su 1 prema 24. <\/p>\n<h2>Provera rezultata<\/h2>\n<p> Rezultate mo\u017eete proveriti online u bilo kojem trenutku nakon \u0161to se izvla\u010denje zavr\u0161i. Zapravo, mo\u017eete koristiti svoj iPad, iPhone ili bilo koji ure\u0111aj kako biste bili u toku. Kada budete imali sre\u0107e i osvojite nagradu ili EuroMillions online jackpot, tako\u0111e \u0107emo vam pomo\u0107i da preuzmete nagradu i osiguramo da vam bude isporu\u010dena. <\/p>\n<h2>Lutrije koje imaju najbolje \u0161anse za osvajanje velike nagrade<\/h2>\n<p> Koja lutrija ima najbolje \u0161anse za osvajanje? <a href=\"https:\/\/jackpotlotteryonline.com\/which-lottery-has-the-best-winning-chances\">Pro\u010ditajte vi\u0161e ovde<\/a> <\/p>\n<h2>EuroMillions online jackpot lutrija<\/h2>\n<p> EuroMillions jackpot je prvobitno lansiran 7. februara 2004. godine, a prvo izvla\u010denje odr\u017eano je 13. februara 2004. godine u Parizu. Najve\u0107i dobitak ostvaren je u jednom od nedavnih izvla\u010denja (12. jula 2011. godine), kada su Colin i Chris Weir iz Glazgova (UK) osvojili 185.000.000 evra.<br \/>\nEuroMillions online jackpot nije bio bez svojih skandala \u2013 najpoznatiji je bio onaj u Belgiji 2009. godine. Me\u0111utim, ti skandali nisu imali ozbiljnih osnova i od tada su uga\u0161eni. Dakle, sada je vreme da isprobate svoju sre\u0107u i osvojite jedan od najve\u0107ih nov\u010danih dobitaka ikada.<\/p>\n","protected":false},"excerpt":{"rendered":"<p>Kupite EuroMillions tiket online EuroMillions je lutrija koja se odr\u017eava u nekoliko evropskih zemalja, kao \u0161to su Francuska, UK, \u0160panija, Irska, Belgija, Luksemburg i \u0160vajcarska. EuroMillions online jackpot po\u010dinje sa iznosom od 15 miliona evra, a rekordni jackpot iznosi 190 miliona evra. Da biste u\u010destvovali u EuroMillions jackpot lutriji, morate imati najmanje 18 godina, ali [&hellip;]<\/p>\n","protected":false},"author":7,"featured_media":0,"parent":73093,"menu_order":3,"comment_status":"closed","ping_status":"closed","template":"euromillions.php","meta":{"_et_pb_use_builder":"","_et_pb_old_content":"","_et_gb_content_width":"","exclude_from_search":false,"footnotes":""},"class_list":["post-73271","page","type-page","status-publish","hentry"],"yoast_head":"<!-- This site is optimized with the Yoast SEO plugin v23.3 - https:\/\/yoast.com\/wordpress\/plugins\/seo\/ -->\n<title>Igrajte EuroMillions online sa bilo kog mesta, \u010dak i izvan Evrope<\/title>\n<meta name=\"description\" content=\"EuroMillions lutrija je jedna od najtra\u017eenijih lutrija. Sada mo\u017eete igrati sa online tiketom, \u010dak i ako ste van Evrope.\" \/>\n<meta name=\"robots\" content=\"index, follow, max-snippet:-1, max-image-preview:large, max-video-preview:-1\" \/>\n<link rel=\"canonical\" href=\"https:\/\/jackpotlotteryonline.com\/sr\/online-lutrijski-dogadaji-i-igre\/igrajte-euromillions\/\" \/>\n<meta property=\"og:locale\" content=\"sr_RS\" \/>\n<meta property=\"og:type\" content=\"article\" \/>\n<meta property=\"og:title\" content=\"Igrajte EuroMillions online sa bilo kog mesta, \u010dak i izvan Evrope\" \/>\n<meta property=\"og:description\" content=\"EuroMillions lutrija je jedna od najtra\u017eenijih lutrija. Sada mo\u017eete igrati sa online tiketom, \u010dak i ako ste van Evrope.\" \/>\n<meta property=\"og:url\" content=\"https:\/\/jackpotlotteryonline.com\/sr\/online-lutrijski-dogadaji-i-igre\/igrajte-euromillions\/\" \/>\n<meta property=\"og:site_name\" content=\"Lotto Online - Crack The International Lottery Jackpots\" \/>\n<meta property=\"og:image\" content=\"https:\/\/jackpotlotteryonline.com\/wp-content\/uploads\/2022\/10\/2_ticket_euromillions3-111x300.jpg\" \/>\n<meta name=\"twitter:card\" content=\"summary_large_image\" \/>\n<!-- \/ Yoast SEO plugin. -->","yoast_head_json":{"title":"Igrajte EuroMillions online sa bilo kog mesta, \u010dak i izvan Evrope","description":"EuroMillions lutrija je jedna od najtra\u017eenijih lutrija. Sada mo\u017eete igrati sa online tiketom, \u010dak i ako ste van Evrope.","robots":{"index":"index","follow":"follow","max-snippet":"max-snippet:-1","max-image-preview":"max-image-preview:large","max-video-preview":"max-video-preview:-1"},"canonical":"https:\/\/jackpotlotteryonline.com\/sr\/online-lutrijski-dogadaji-i-igre\/igrajte-euromillions\/","og_locale":"sr_RS","og_type":"article","og_title":"Igrajte EuroMillions online sa bilo kog mesta, \u010dak i izvan Evrope","og_description":"EuroMillions lutrija je jedna od najtra\u017eenijih lutrija. Sada mo\u017eete igrati sa online tiketom, \u010dak i ako ste van Evrope.","og_url":"https:\/\/jackpotlotteryonline.com\/sr\/online-lutrijski-dogadaji-i-igre\/igrajte-euromillions\/","og_site_name":"Lotto Online - Crack The International Lottery Jackpots","og_image":[{"url":"https:\/\/jackpotlotteryonline.com\/wp-content\/uploads\/2022\/10\/2_ticket_euromillions3-111x300.jpg"}],"twitter_card":"summary_large_image","schema":{"@context":"https:\/\/schema.org","@graph":[{"@type":"WebPage","@id":"https:\/\/jackpotlotteryonline.com\/sr\/online-lutrijski-dogadaji-i-igre\/igrajte-euromillions\/","url":"https:\/\/jackpotlotteryonline.com\/sr\/online-lutrijski-dogadaji-i-igre\/igrajte-euromillions\/","name":"Igrajte EuroMillions online sa bilo kog mesta, \u010dak i izvan Evrope","isPartOf":{"@id":"https:\/\/jackpotlotteryonline.com\/#website"},"primaryImageOfPage":{"@id":"https:\/\/jackpotlotteryonline.com\/sr\/online-lutrijski-dogadaji-i-igre\/igrajte-euromillions\/#primaryimage"},"image":{"@id":"https:\/\/jackpotlotteryonline.com\/sr\/online-lutrijski-dogadaji-i-igre\/igrajte-euromillions\/#primaryimage"},"thumbnailUrl":"https:\/\/jackpotlotteryonline.com\/wp-content\/uploads\/2022\/10\/2_ticket_euromillions3-111x300.jpg","datePublished":"2025-02-03T08:00:27+00:00","dateModified":"2025-02-03T08:00:27+00:00","description":"EuroMillions lutrija je jedna od najtra\u017eenijih lutrija. Sada mo\u017eete igrati sa online tiketom, \u010dak i ako ste van Evrope.","breadcrumb":{"@id":"https:\/\/jackpotlotteryonline.com\/sr\/online-lutrijski-dogadaji-i-igre\/igrajte-euromillions\/#breadcrumb"},"inLanguage":"sr-RS","potentialAction":[{"@type":"ReadAction","target":["https:\/\/jackpotlotteryonline.com\/sr\/online-lutrijski-dogadaji-i-igre\/igrajte-euromillions\/"]}]},{"@type":"ImageObject","inLanguage":"sr-RS","@id":"https:\/\/jackpotlotteryonline.com\/sr\/online-lutrijski-dogadaji-i-igre\/igrajte-euromillions\/#primaryimage","url":"https:\/\/jackpotlotteryonline.com\/wp-content\/uploads\/2022\/10\/2_ticket_euromillions3-111x300.jpg","contentUrl":"https:\/\/jackpotlotteryonline.com\/wp-content\/uploads\/2022\/10\/2_ticket_euromillions3-111x300.jpg"},{"@type":"BreadcrumbList","@id":"https:\/\/jackpotlotteryonline.com\/sr\/online-lutrijski-dogadaji-i-igre\/igrajte-euromillions\/#breadcrumb","itemListElement":[{"@type":"ListItem","position":1,"name":"Home","item":"https:\/\/jackpotlotteryonline.com\/sr\/"},{"@type":"ListItem","position":2,"name":"Online Lutrijski Doga\u0111aji i Igre","item":"https:\/\/jackpotlotteryonline.com\/play-online\/"},{"@type":"ListItem","position":3,"name":"Igrajte EuroMillions"}]},{"@type":"WebSite","@id":"https:\/\/jackpotlotteryonline.com\/#website","url":"https:\/\/jackpotlotteryonline.com\/","name":"Lotto Online - Crack The International Lottery Jackpots","description":"","potentialAction":[{"@type":"SearchAction","target":{"@type":"EntryPoint","urlTemplate":"https:\/\/jackpotlotteryonline.com\/?s={search_term_string}"},"query-input":"required name=search_term_string"}],"inLanguage":"sr-RS"}]}},"_links":{"self":[{"href":"https:\/\/jackpotlotteryonline.com\/sr\/wp-json\/wp\/v2\/pages\/73271","targetHints":{"allow":["GET"]}}],"collection":[{"href":"https:\/\/jackpotlotteryonline.com\/sr\/wp-json\/wp\/v2\/pages"}],"about":[{"href":"https:\/\/jackpotlotteryonline.com\/sr\/wp-json\/wp\/v2\/types\/page"}],"author":[{"embeddable":true,"href":"https:\/\/jackpotlotteryonline.com\/sr\/wp-json\/wp\/v2\/users\/7"}],"replies":[{"embeddable":true,"href":"https:\/\/jackpotlotteryonline.com\/sr\/wp-json\/wp\/v2\/comments?post=73271"}],"version-history":[{"count":0,"href":"https:\/\/jackpotlotteryonline.com\/sr\/wp-json\/wp\/v2\/pages\/73271\/revisions"}],"up":[{"embeddable":true,"href":"https:\/\/jackpotlotteryonline.com\/sr\/wp-json\/wp\/v2\/pages\/73093"}],"wp:attachment":[{"href":"https:\/\/jackpotlotteryonline.com\/sr\/wp-json\/wp\/v2\/media?parent=73271"}],"curies":[{"name":"wp","href":"https:\/\/api.w.org\/{rel}","templated":true}]}}