{"id":73295,"date":"2025-02-03T08:18:55","date_gmt":"2025-02-03T08:18:55","guid":{"rendered":"https:\/\/jackpotlotteryonline.com\/?page_id=73295"},"modified":"2025-02-03T08:18:55","modified_gmt":"2025-02-03T08:18:55","slug":"eurojackpot","status":"publish","type":"page","link":"https:\/\/jackpotlotteryonline.com\/sr\/online-lutrijski-dogadaji-i-igre\/eurojackpot\/","title":{"rendered":"EuroJackpot"},"content":{"rendered":"<h2>Kako u\u010destvovati u Eurojackpot-u iz bilo koje zemlje<\/h2>\n<p> <strong>Eurojackpot<\/strong>, zajedno sa Euromillions-om, jedan je od najve\u0107ih i najpopularnijih lutrija u celoj Evropi, a igra ga milionima ljudi \u0161irom sveta svake nedelje. Eurojackpot je prvi put kreiran 1994. godine, ali je zbog nekoliko promena u pravilima i formatu bio odlo\u017een nekoliko godina, sve dok nije kona\u010dno lansiran i spreman za igru u Evropi 2004. godine.<br \/>\n<img loading=\"lazy\" decoding=\"async\" class=\"alignright wp-image-18574\" src=\"http:\/\/jackpotlotteryonline.com\/wp-content\/uploads\/2022\/10\/1_online_ticket_eurojackpot2.jpg\" alt=\"play eurojackpot online\" width=\"260\" height=\"173\" \/>Otkako je prvi \u017ereb odr\u017ean 2004. godine, milioni ljudi igraju ovu neverovatnu igru sre\u0107e, a bilo je mnogo dobitnika d\u017eekpota, od kojih su neki imali sre\u0107e da osvoje d\u017eekpot nagrade ve\u0107e od 180 miliona evra!<\/p>\n<p>Sa standardnim d\u017eekpotom od 15 miliona evra koji menja \u017eivot, nije ni \u010dudo \u0161to EuroJackpot igraju online milioni ljudi svake nedelje. Pravila su vrlo jednostavna &#8211; da biste igrali i osvojili d\u017eekpot, morate ta\u010dno da izaberete 5 brojeva, iz opsega od 1 do 50, uz jo\u0161 2 broja koja se zovu &#8220;sre\u0107ne zvezde&#8221; izme\u0111u 1 i 11.<\/p>\n<p><a href=\"https:\/\/jackpotlotteryonline.com\/buy-tickets\/euromillions\">Kupite svoju online kartu odmah<\/a> putem na\u0161e usluge &#8211; svako mo\u017ee u\u010destvovati i pobediti!<\/p>\n<section class=\"layout\" style=\"border: solid 1px; width: 100%;\">\n<div class=\"img-div\" style=\"margin-top: 5px;\"><img decoding=\"async\" class=\"wp-image-17212 alignleft\" style=\"height: 45px; margin: 8px 8px 0px;\" src=\"http:\/\/jackpotlotteryonline.com\/wp-content\/uploads\/2022\/11\/read1.jpg\" alt=\"read\" width=\"\" height=\"\" \/><\/div>\n<div style=\"padding-left: 5px;\">\n<div style=\"font-size: 1.1em;\">\n<strong>Koja je najbolja me\u0111unarodna lutrija?<\/strong><\/p>\n<p style=\"font-size: 0.85em; margin-top: -1.5em;\">Koja me\u0111unarodna lutrija ima najbolje \u0161anse za veliku pobedu &#8211; <a href=\"https:\/\/jackpotlotteryonline.com\/which-international-lottery-is-the-best\">pro\u010ditajte vi\u0161e<\/a><\/p>\n<\/p><\/div>\n<\/p><\/div>\n<\/section>\n<h2>Kupite tiket za EuroJackpot online<\/h2>\n<p> <strong>Najbolja stvar kod igre EuroJackpot-a online<\/strong> je \u0161to postoji mnogo nagrada koje mo\u017eete osvojiti, pa ako ne budete pobednik d\u017eekpota, ne brinite jer mo\u017eete imati \u0161ansu da osvojite velike nov\u010dane nagrade. Pored velike d\u017eekpot nagrade koju mo\u017eete osvojiti kada kupite tiket za EuroJackpot online, postoji 13 razli\u010ditih nagrada koje mo\u017eete osvojiti.<br \/>\n<img loading=\"lazy\" decoding=\"async\" class=\"alignright size-medium wp-image-18736\" src=\"http:\/\/jackpotlotteryonline.com\/wp-content\/uploads\/2022\/10\/2_ticket_eurojackpot-141x300.jpg\" alt=\"eurojackpot ticket\" width=\"141\" height=\"300\" srcset=\"https:\/\/jackpotlotteryonline.com\/wp-content\/uploads\/2022\/10\/2_ticket_eurojackpot-141x300.jpg 141w, https:\/\/jackpotlotteryonline.com\/wp-content\/uploads\/2022\/10\/2_ticket_eurojackpot.jpg 150w\" sizes=\"auto, (max-width: 141px) 100vw, 141px\" \/>Ako nema dobitnika glavne d\u017eekpot nagrade, Eurojackpot se prenosi u slede\u0107u nedelju. Zbog toga su u pro\u0161losti postojali ogromni d\u017eekpotovi od 100 miliona evra ili vi\u0161e. Lutriju obi\u010dno igraju stanovnici evropskih zemalja, pa svake nedelje u\u010desnici u mestima kao \u0161to su Velika Britanija, Francuska, Nema\u010dka i \u0160vajcarska kupuju tikete za EuroJackpot online.<\/p>\n<p>Kupovina lutrijskih tiketa online postaje najpopularniji na\u010din za igru Eurojackpot lutrije. Pravila su ista, me\u0111utim, ceo proces igre je mnogo br\u017ei i lak\u0161i kada je u pitanju kupovina tiketa. Na primer, umesto da odete u svoju lokalnu prodavnicu da kupite fizi\u010dki tiket, mo\u017eete jednostavno da se prijavite na sajt za igru i iz udobnosti svog doma ili \u010dak kancelarije, za nekoliko sekundi odaberete svoje brojeve.<\/p>\n<p>Kada odaberete svoje sre\u0107ne brojeve, ili \u010dak nekoliko seta brojeva ako stvarno \u017eelite da pove\u0107ate svoje \u0161anse za pobedu, mo\u017eete sigurno i bezbedno platiti tiket online. Nakon svakog <a href=\"http:\/\/jackpotlotteryonline.com\/winning-numbers\/euromillions\">Eurojackpot \u017ereba<\/a>, rezultati \u0107e biti a\u017eurirani online odmah nakon \u0161to poslednji broj bude otkriven svake nedelje. To zna\u010di da mo\u017eete jednostavno da se ponovo prijavite na svoj nalog i pogledate dobitne brojeve za nekoliko sekundi, \u010dime se elimini\u0161e potreba za tra\u017eenjem rezultata u novinama.<\/p>\n<p>\u0160to je jo\u0161 bolje, kada igrate EuroJackpot online sa nama, automatski \u0107ete dobiti email ako ste pogodili bilo koji broj.<\/p>\n","protected":false},"excerpt":{"rendered":"<p>Kako u\u010destvovati u Eurojackpot-u iz bilo koje zemlje Eurojackpot, zajedno sa Euromillions-om, jedan je od najve\u0107ih i najpopularnijih lutrija u celoj Evropi, a igra ga milionima ljudi \u0161irom sveta svake nedelje. Eurojackpot je prvi put kreiran 1994. godine, ali je zbog nekoliko promena u pravilima i formatu bio odlo\u017een nekoliko godina, sve dok nije kona\u010dno [&hellip;]<\/p>\n","protected":false},"author":7,"featured_media":0,"parent":73093,"menu_order":4,"comment_status":"closed","ping_status":"closed","template":"eurojackpot.php","meta":{"_et_pb_use_builder":"","_et_pb_old_content":"","_et_gb_content_width":"","exclude_from_search":false,"footnotes":""},"class_list":["post-73295","page","type-page","status-publish","hentry"],"yoast_head":"<!-- This site is optimized with the Yoast SEO plugin v23.3 - https:\/\/yoast.com\/wordpress\/plugins\/seo\/ -->\n<title>Igrajte Eurojackpot online, \u010dak i izvan Evrope<\/title>\n<meta name=\"description\" content=\"Igraju\u0107i Eurojackpot online, bli\u017ei ste tome da postanete milioner!\" \/>\n<meta name=\"robots\" content=\"index, follow, max-snippet:-1, max-image-preview:large, max-video-preview:-1\" \/>\n<link rel=\"canonical\" href=\"https:\/\/jackpotlotteryonline.com\/sr\/online-lutrijski-dogadaji-i-igre\/eurojackpot\/\" \/>\n<meta property=\"og:locale\" content=\"sr_RS\" \/>\n<meta property=\"og:type\" content=\"article\" \/>\n<meta property=\"og:title\" content=\"Igrajte Eurojackpot online, \u010dak i izvan Evrope\" \/>\n<meta property=\"og:description\" content=\"Igraju\u0107i Eurojackpot online, bli\u017ei ste tome da postanete milioner!\" \/>\n<meta property=\"og:url\" content=\"https:\/\/jackpotlotteryonline.com\/sr\/online-lutrijski-dogadaji-i-igre\/eurojackpot\/\" \/>\n<meta property=\"og:site_name\" content=\"Lotto Online - Crack The International Lottery Jackpots\" \/>\n<meta property=\"og:image\" content=\"http:\/\/jackpotlotteryonline.com\/wp-content\/uploads\/2022\/10\/1_online_ticket_eurojackpot2.jpg\" \/>\n<meta name=\"twitter:card\" content=\"summary_large_image\" \/>\n<!-- \/ Yoast SEO plugin. -->","yoast_head_json":{"title":"Igrajte Eurojackpot online, \u010dak i izvan Evrope","description":"Igraju\u0107i Eurojackpot online, bli\u017ei ste tome da postanete milioner!","robots":{"index":"index","follow":"follow","max-snippet":"max-snippet:-1","max-image-preview":"max-image-preview:large","max-video-preview":"max-video-preview:-1"},"canonical":"https:\/\/jackpotlotteryonline.com\/sr\/online-lutrijski-dogadaji-i-igre\/eurojackpot\/","og_locale":"sr_RS","og_type":"article","og_title":"Igrajte Eurojackpot online, \u010dak i izvan Evrope","og_description":"Igraju\u0107i Eurojackpot online, bli\u017ei ste tome da postanete milioner!","og_url":"https:\/\/jackpotlotteryonline.com\/sr\/online-lutrijski-dogadaji-i-igre\/eurojackpot\/","og_site_name":"Lotto Online - Crack The International Lottery Jackpots","og_image":[{"url":"http:\/\/jackpotlotteryonline.com\/wp-content\/uploads\/2022\/10\/1_online_ticket_eurojackpot2.jpg"}],"twitter_card":"summary_large_image","schema":{"@context":"https:\/\/schema.org","@graph":[{"@type":"WebPage","@id":"https:\/\/jackpotlotteryonline.com\/sr\/online-lutrijski-dogadaji-i-igre\/eurojackpot\/","url":"https:\/\/jackpotlotteryonline.com\/sr\/online-lutrijski-dogadaji-i-igre\/eurojackpot\/","name":"Igrajte Eurojackpot online, \u010dak i izvan Evrope","isPartOf":{"@id":"https:\/\/jackpotlotteryonline.com\/#website"},"primaryImageOfPage":{"@id":"https:\/\/jackpotlotteryonline.com\/sr\/online-lutrijski-dogadaji-i-igre\/eurojackpot\/#primaryimage"},"image":{"@id":"https:\/\/jackpotlotteryonline.com\/sr\/online-lutrijski-dogadaji-i-igre\/eurojackpot\/#primaryimage"},"thumbnailUrl":"http:\/\/jackpotlotteryonline.com\/wp-content\/uploads\/2022\/10\/1_online_ticket_eurojackpot2.jpg","datePublished":"2025-02-03T08:18:55+00:00","dateModified":"2025-02-03T08:18:55+00:00","description":"Igraju\u0107i Eurojackpot online, bli\u017ei ste tome da postanete milioner!","breadcrumb":{"@id":"https:\/\/jackpotlotteryonline.com\/sr\/online-lutrijski-dogadaji-i-igre\/eurojackpot\/#breadcrumb"},"inLanguage":"sr-RS","potentialAction":[{"@type":"ReadAction","target":["https:\/\/jackpotlotteryonline.com\/sr\/online-lutrijski-dogadaji-i-igre\/eurojackpot\/"]}]},{"@type":"ImageObject","inLanguage":"sr-RS","@id":"https:\/\/jackpotlotteryonline.com\/sr\/online-lutrijski-dogadaji-i-igre\/eurojackpot\/#primaryimage","url":"http:\/\/jackpotlotteryonline.com\/wp-content\/uploads\/2022\/10\/1_online_ticket_eurojackpot2.jpg","contentUrl":"http:\/\/jackpotlotteryonline.com\/wp-content\/uploads\/2022\/10\/1_online_ticket_eurojackpot2.jpg"},{"@type":"BreadcrumbList","@id":"https:\/\/jackpotlotteryonline.com\/sr\/online-lutrijski-dogadaji-i-igre\/eurojackpot\/#breadcrumb","itemListElement":[{"@type":"ListItem","position":1,"name":"Home","item":"https:\/\/jackpotlotteryonline.com\/sr\/"},{"@type":"ListItem","position":2,"name":"Online Lutrijski Doga\u0111aji i Igre","item":"https:\/\/jackpotlotteryonline.com\/play-online\/"},{"@type":"ListItem","position":3,"name":"EuroJackpot"}]},{"@type":"WebSite","@id":"https:\/\/jackpotlotteryonline.com\/#website","url":"https:\/\/jackpotlotteryonline.com\/","name":"Lotto Online - Crack The International Lottery Jackpots","description":"","potentialAction":[{"@type":"SearchAction","target":{"@type":"EntryPoint","urlTemplate":"https:\/\/jackpotlotteryonline.com\/?s={search_term_string}"},"query-input":"required name=search_term_string"}],"inLanguage":"sr-RS"}]}},"_links":{"self":[{"href":"https:\/\/jackpotlotteryonline.com\/sr\/wp-json\/wp\/v2\/pages\/73295","targetHints":{"allow":["GET"]}}],"collection":[{"href":"https:\/\/jackpotlotteryonline.com\/sr\/wp-json\/wp\/v2\/pages"}],"about":[{"href":"https:\/\/jackpotlotteryonline.com\/sr\/wp-json\/wp\/v2\/types\/page"}],"author":[{"embeddable":true,"href":"https:\/\/jackpotlotteryonline.com\/sr\/wp-json\/wp\/v2\/users\/7"}],"replies":[{"embeddable":true,"href":"https:\/\/jackpotlotteryonline.com\/sr\/wp-json\/wp\/v2\/comments?post=73295"}],"version-history":[{"count":0,"href":"https:\/\/jackpotlotteryonline.com\/sr\/wp-json\/wp\/v2\/pages\/73295\/revisions"}],"up":[{"embeddable":true,"href":"https:\/\/jackpotlotteryonline.com\/sr\/wp-json\/wp\/v2\/pages\/73093"}],"wp:attachment":[{"href":"https:\/\/jackpotlotteryonline.com\/sr\/wp-json\/wp\/v2\/media?parent=73295"}],"curies":[{"name":"wp","href":"https:\/\/api.w.org\/{rel}","templated":true}]}}