{"id":73320,"date":"2025-02-03T08:39:42","date_gmt":"2025-02-03T08:39:42","guid":{"rendered":"https:\/\/jackpotlotteryonline.com\/?page_id=73320"},"modified":"2025-02-03T08:39:42","modified_gmt":"2025-02-03T08:39:42","slug":"superenalotto-italija","status":"publish","type":"page","link":"https:\/\/jackpotlotteryonline.com\/sr\/online-lutrijski-dogadaji-i-igre\/superenalotto-italija\/","title":{"rendered":"SuperEnaLotto Italija"},"content":{"rendered":"<h2>Superenalotto Italia<\/h2>\n<p> Ovo je italijanska loto igra koja je prvi put izvla\u010dena 3. decembra 1997. godine, a <strong>Superenalotto online jackpot<\/strong> \u010desto dosti\u017ee astronomske iznose. Igra se svakog utorka, \u010detvrtka i subote ta\u010dno u 20:00. S obzirom na najve\u0107e iznose u igri, \u0161anse za pobedu u ovom lotou su me\u0111u najni\u017eima. <strong>Superenalotto Italia<\/strong> je poznat po tome \u0161to dose\u017ee jackpote ve\u0107e od 250 miliona evra. <\/p>\n<section class=\"layout\" style=\"border: solid 1px; width: 100%;\">\n<div class=\"img-div\" style=\"margin-top: 5px;\"><img decoding=\"async\" class=\"wp-image-17212 alignleft\" style=\"height: 45px; margin: 8px 8px 0px;\" src=\"http:\/\/jackpotlotteryonline.com\/wp-content\/uploads\/2022\/11\/read1.jpg\" alt=\"read\" width=\"\" height=\"\" \/><\/div>\n<div style=\"padding-left: 5px;\">\n<div style=\"font-size: 1.1em;\">\n<strong>Evropske Loterije<\/strong><\/p>\n<p style=\"font-size: 0.85em; margin-top: -1.5em;\">Koje su najbolje evropske loterije? <a href=\"https:\/\/jackpotlotteryonline.com\/which-european-lotteries-are-the-best\"> pro\u010ditaj vi\u0161e<\/a><\/p>\n<\/p><\/div>\n<\/p><\/div>\n<\/section>\n<h2>Kako funkcioni\u0161e Superenalotto?<\/h2>\n<p> <img loading=\"lazy\" decoding=\"async\" class=\"alignright wp-image-17735\" src=\"http:\/\/jackpotlotteryonline.com\/wp-content\/uploads\/2022\/10\/logo_superenalotto.png\" alt=\"play superenalotto online\" width=\"168\" height=\"178\" \/> <strong>Superenalotto<\/strong> podrazumeva poga\u0111anje 6 brojeva od 90. <a href=\"http:\/\/jackpotlotteryonline.com\/winning-numbers\/superenalotto\"> Glavno izvla\u010denje<\/a> uklju\u010duje izvla\u010denje svih 6 brojeva, uklju\u010duju\u0107i Jolly broj, a zatim se vr\u0161i drugo, nezavisno izvla\u010denje za Superstar broj. Da biste imali bilo kakve \u0161anse za pobedu u <strong>Superenalotto Italia<\/strong>, morate da pogodite bar 3 broja, a \u0161anse za to su 1 prema 327. Da biste osvojili jackpot, \u0161anse su 1 prema 622 miliona.<br \/>\nSuperstar broj se pla\u0107a dodatno, ali ako imate sre\u0107e da ga pogodite, mo\u017ee pove\u0107ati nagradu 100 puta. Zapravo, ako pogodite Superstar broj, a ne pogodite svih \u0161est osnovnih brojeva, mo\u017eete oti\u0107i sa fiksnim iznosom nagrade.<\/p>\n<h2>\u0160ta mo\u017eete da osvojite sa Superenalotto Jackpot-om?<\/h2>\n<p> Godina 2022. trenutno donosi najve\u0107i jackpot u istoriji <strong>Superenalotto Italia<\/strong>, koji trenutno iznosi 295 miliona evra. Ovo je do sada najve\u0107i jackpot koji je osvojeno u istoriji italijanskog lota, a u trenutku kada se ova stranica a\u017eurira, jo\u0161 uvek nije prona\u0111en dobitnik! <img loading=\"lazy\" decoding=\"async\" class=\"alignright size-medium wp-image-19493\" src=\"http:\/\/jackpotlotteryonline.com\/wp-content\/uploads\/2022\/10\/2_ticket_superenalotto4-211x300.jpg\" alt=\"superenalotto ticket\" width=\"211\" height=\"300\" srcset=\"https:\/\/jackpotlotteryonline.com\/wp-content\/uploads\/2022\/10\/2_ticket_superenalotto4-211x300.jpg 211w, https:\/\/jackpotlotteryonline.com\/wp-content\/uploads\/2022\/10\/2_ticket_superenalotto4.jpg 300w\" sizes=\"auto, (max-width: 211px) 100vw, 211px\" \/> Me\u0111utim, nema razloga da budete obeshrabreni. Zapravo, \u0161to su \u0161anse ve\u0107e, to je ve\u0107i jackpot koji mo\u017ee biti osvojen, i uzbu\u0111enje je ve\u0107e. Loto je oduvek bio igra sre\u0107e, i \u0161anse su da ste vi slede\u0107i sre\u0107ni dobitnik.<br \/>\nNajbolji aspekt <strong>Superenalotto online jackpota<\/strong> je \u0161to bilo ko, sa bilo kog mesta na svetu, mo\u017ee da u\u010destvuje, \u010dak i izvan Italije, a jedini uslov za u\u010de\u0161\u0107e je da morate imati 18+ godina. <strong>Na\u0161 sajt<\/strong> vam daje <a href=\"https:\/\/jackpotlotteryonline.com\/buy-tickets\/superenalotto\"> najbolju \u0161ansu za u\u010de\u0161\u0107e u Superenalotto Italia<\/a>, a ako ga jo\u0161 niste igrali, tvoj sre\u0107ni trenutak jo\u0161 nije do\u0161ao.<\/p>\n<p>Kada se prijavite na na\u0161 sajt i verifikujete svoje podatke, sve \u0161to treba da uradite je da izaberete svoje brojeve i izvr\u0161ite uplatu kako biste osigurali svoje mesto na putu do miliona. Na\u0161 lokalni predstavnik \u0107e kupiti va\u0161u kartu na licu mesta sa brojevima koje ste odabrali i pobrinu\u0107e se da uskoro dobijete skeniranu kopiju te karte.<\/p>\n<p><strong>Superenalotto Italia<\/strong> mo\u017eda ima lo\u0161e \u0161anse, ali mo\u017eete tako\u0111e istra\u017eiti druge lutrije \u0161irom sveta koje mo\u017eete igrati online uz pomo\u0107 na\u0161ih usluga.<\/p>\n<p>Izaberite svoje omiljene igre i pove\u0107ajte svoje \u0161anse za pobedu pridru\u017eivanjem zajednici na\u0161ih korisnika. Do\u0161lo je vreme da svoju sre\u0107u stavite na pravi test.<\/p>\n","protected":false},"excerpt":{"rendered":"<p>Superenalotto Italia Ovo je italijanska loto igra koja je prvi put izvla\u010dena 3. decembra 1997. godine, a Superenalotto online jackpot \u010desto dosti\u017ee astronomske iznose. Igra se svakog utorka, \u010detvrtka i subote ta\u010dno u 20:00. S obzirom na najve\u0107e iznose u igri, \u0161anse za pobedu u ovom lotou su me\u0111u najni\u017eima. Superenalotto Italia je poznat po [&hellip;]<\/p>\n","protected":false},"author":7,"featured_media":0,"parent":73093,"menu_order":5,"comment_status":"closed","ping_status":"closed","template":"superenalotto.php","meta":{"_et_pb_use_builder":"","_et_pb_old_content":"","_et_gb_content_width":"","exclude_from_search":false,"footnotes":""},"class_list":["post-73320","page","type-page","status-publish","hentry"],"yoast_head":"<!-- This site is optimized with the Yoast SEO plugin v23.3 - https:\/\/yoast.com\/wordpress\/plugins\/seo\/ -->\n<title>Igrajte SuperEnaLotto izvan Italije<\/title>\n<meta name=\"description\" content=\"Superenalotto mo\u017eda izgleda kao te\u0161ko dostupan jackpot, ali ako pogodite, osvajate veliki iznos. Igrajte Superenalotto izvan Italije ovde!\" \/>\n<meta name=\"robots\" content=\"index, follow, max-snippet:-1, max-image-preview:large, max-video-preview:-1\" \/>\n<link rel=\"canonical\" href=\"https:\/\/jackpotlotteryonline.com\/sr\/online-lutrijski-dogadaji-i-igre\/superenalotto-italija\/\" \/>\n<meta property=\"og:locale\" content=\"sr_RS\" \/>\n<meta property=\"og:type\" content=\"article\" \/>\n<meta property=\"og:title\" content=\"Igrajte SuperEnaLotto izvan Italije\" \/>\n<meta property=\"og:description\" content=\"Superenalotto mo\u017eda izgleda kao te\u0161ko dostupan jackpot, ali ako pogodite, osvajate veliki iznos. Igrajte Superenalotto izvan Italije ovde!\" \/>\n<meta property=\"og:url\" content=\"https:\/\/jackpotlotteryonline.com\/sr\/online-lutrijski-dogadaji-i-igre\/superenalotto-italija\/\" \/>\n<meta property=\"og:site_name\" content=\"Lotto Online - Crack The International Lottery Jackpots\" \/>\n<meta property=\"og:image\" content=\"http:\/\/jackpotlotteryonline.com\/wp-content\/uploads\/2022\/11\/read1.jpg\" \/>\n<meta name=\"twitter:card\" content=\"summary_large_image\" \/>\n<!-- \/ Yoast SEO plugin. -->","yoast_head_json":{"title":"Igrajte SuperEnaLotto izvan Italije","description":"Superenalotto mo\u017eda izgleda kao te\u0161ko dostupan jackpot, ali ako pogodite, osvajate veliki iznos. Igrajte Superenalotto izvan Italije ovde!","robots":{"index":"index","follow":"follow","max-snippet":"max-snippet:-1","max-image-preview":"max-image-preview:large","max-video-preview":"max-video-preview:-1"},"canonical":"https:\/\/jackpotlotteryonline.com\/sr\/online-lutrijski-dogadaji-i-igre\/superenalotto-italija\/","og_locale":"sr_RS","og_type":"article","og_title":"Igrajte SuperEnaLotto izvan Italije","og_description":"Superenalotto mo\u017eda izgleda kao te\u0161ko dostupan jackpot, ali ako pogodite, osvajate veliki iznos. Igrajte Superenalotto izvan Italije ovde!","og_url":"https:\/\/jackpotlotteryonline.com\/sr\/online-lutrijski-dogadaji-i-igre\/superenalotto-italija\/","og_site_name":"Lotto Online - Crack The International Lottery Jackpots","og_image":[{"url":"http:\/\/jackpotlotteryonline.com\/wp-content\/uploads\/2022\/11\/read1.jpg"}],"twitter_card":"summary_large_image","schema":{"@context":"https:\/\/schema.org","@graph":[{"@type":"WebPage","@id":"https:\/\/jackpotlotteryonline.com\/sr\/online-lutrijski-dogadaji-i-igre\/superenalotto-italija\/","url":"https:\/\/jackpotlotteryonline.com\/sr\/online-lutrijski-dogadaji-i-igre\/superenalotto-italija\/","name":"Igrajte SuperEnaLotto izvan Italije","isPartOf":{"@id":"https:\/\/jackpotlotteryonline.com\/#website"},"primaryImageOfPage":{"@id":"https:\/\/jackpotlotteryonline.com\/sr\/online-lutrijski-dogadaji-i-igre\/superenalotto-italija\/#primaryimage"},"image":{"@id":"https:\/\/jackpotlotteryonline.com\/sr\/online-lutrijski-dogadaji-i-igre\/superenalotto-italija\/#primaryimage"},"thumbnailUrl":"http:\/\/jackpotlotteryonline.com\/wp-content\/uploads\/2022\/11\/read1.jpg","datePublished":"2025-02-03T08:39:42+00:00","dateModified":"2025-02-03T08:39:42+00:00","description":"Superenalotto mo\u017eda izgleda kao te\u0161ko dostupan jackpot, ali ako pogodite, osvajate veliki iznos. Igrajte Superenalotto izvan Italije ovde!","breadcrumb":{"@id":"https:\/\/jackpotlotteryonline.com\/sr\/online-lutrijski-dogadaji-i-igre\/superenalotto-italija\/#breadcrumb"},"inLanguage":"sr-RS","potentialAction":[{"@type":"ReadAction","target":["https:\/\/jackpotlotteryonline.com\/sr\/online-lutrijski-dogadaji-i-igre\/superenalotto-italija\/"]}]},{"@type":"ImageObject","inLanguage":"sr-RS","@id":"https:\/\/jackpotlotteryonline.com\/sr\/online-lutrijski-dogadaji-i-igre\/superenalotto-italija\/#primaryimage","url":"http:\/\/jackpotlotteryonline.com\/wp-content\/uploads\/2022\/11\/read1.jpg","contentUrl":"http:\/\/jackpotlotteryonline.com\/wp-content\/uploads\/2022\/11\/read1.jpg"},{"@type":"BreadcrumbList","@id":"https:\/\/jackpotlotteryonline.com\/sr\/online-lutrijski-dogadaji-i-igre\/superenalotto-italija\/#breadcrumb","itemListElement":[{"@type":"ListItem","position":1,"name":"Home","item":"https:\/\/jackpotlotteryonline.com\/sr\/"},{"@type":"ListItem","position":2,"name":"Online Lutrijski Doga\u0111aji i Igre","item":"https:\/\/jackpotlotteryonline.com\/play-online\/"},{"@type":"ListItem","position":3,"name":"SuperEnaLotto Italija"}]},{"@type":"WebSite","@id":"https:\/\/jackpotlotteryonline.com\/#website","url":"https:\/\/jackpotlotteryonline.com\/","name":"Lotto Online - Crack The International Lottery Jackpots","description":"","potentialAction":[{"@type":"SearchAction","target":{"@type":"EntryPoint","urlTemplate":"https:\/\/jackpotlotteryonline.com\/?s={search_term_string}"},"query-input":"required name=search_term_string"}],"inLanguage":"sr-RS"}]}},"_links":{"self":[{"href":"https:\/\/jackpotlotteryonline.com\/sr\/wp-json\/wp\/v2\/pages\/73320","targetHints":{"allow":["GET"]}}],"collection":[{"href":"https:\/\/jackpotlotteryonline.com\/sr\/wp-json\/wp\/v2\/pages"}],"about":[{"href":"https:\/\/jackpotlotteryonline.com\/sr\/wp-json\/wp\/v2\/types\/page"}],"author":[{"embeddable":true,"href":"https:\/\/jackpotlotteryonline.com\/sr\/wp-json\/wp\/v2\/users\/7"}],"replies":[{"embeddable":true,"href":"https:\/\/jackpotlotteryonline.com\/sr\/wp-json\/wp\/v2\/comments?post=73320"}],"version-history":[{"count":0,"href":"https:\/\/jackpotlotteryonline.com\/sr\/wp-json\/wp\/v2\/pages\/73320\/revisions"}],"up":[{"embeddable":true,"href":"https:\/\/jackpotlotteryonline.com\/sr\/wp-json\/wp\/v2\/pages\/73093"}],"wp:attachment":[{"href":"https:\/\/jackpotlotteryonline.com\/sr\/wp-json\/wp\/v2\/media?parent=73320"}],"curies":[{"name":"wp","href":"https:\/\/api.w.org\/{rel}","templated":true}]}}