{"id":73346,"date":"2025-02-03T09:32:19","date_gmt":"2025-02-03T09:32:19","guid":{"rendered":"https:\/\/jackpotlotteryonline.com\/?page_id=73346"},"modified":"2025-02-03T09:32:19","modified_gmt":"2025-02-03T09:32:19","slug":"igrajte-el-gordo-lotto-spanija","status":"publish","type":"page","link":"https:\/\/jackpotlotteryonline.com\/sr\/online-lutrijski-dogadaji-i-igre\/igrajte-el-gordo-lotto-spanija\/","title":{"rendered":"Igrajte El Gordo Lotto \u0160panija"},"content":{"rendered":"<h2><img loading=\"lazy\" decoding=\"async\" class=\"alignright wp-image-18709\" src=\"http:\/\/jackpotlotteryonline.com\/wp-content\/uploads\/2022\/10\/2_ticket_el_gordo3-218x300.jpg\" alt=\"el gordo tiket\" width=\"174\" height=\"239\" srcset=\"https:\/\/jackpotlotteryonline.com\/wp-content\/uploads\/2022\/10\/2_ticket_el_gordo3-218x300.jpg 218w, https:\/\/jackpotlotteryonline.com\/wp-content\/uploads\/2022\/10\/2_ticket_el_gordo3.jpg 570w\" sizes=\"auto, (max-width: 174px) 100vw, 174px\" \/> El Gordo Online Lotto Jackpot<\/h2>\n<p> Prose\u010dan \u0160panac potro\u0161io je neverovatnih 60 \u20ac na El Gordo lotto jackpot 2009. godine. Pa, cifra od 60 \u20ac mo\u017eda ne deluje kao velika stvar, ali ako to pomno\u017eite sa \u0161panskom populacijom, mogli biste biti zapanjeni. Najpoznatiji po \u0161panskoj bo\u017ei\u0107noj lutrijskoj ediciji, El Gordo lutrija je tako\u0111e nedeljni doga\u0111aj.<br \/>\nOvo je lutrija sa <a href=\"http:\/\/jackpotlotteryonline.com\/winning-numbers\/el-gordo-draw-results\">jednim izvla\u010denjem nedeljno (svake nedelje)<\/a>, a morate da izaberete 5 brojeva iz opsega od 54 broja. Ina\u010de, ime El Gordo zna\u010di &#8220;Veliki&#8221; na \u0161panskom.<\/p>\n<h2>Bo\u017ei\u0107no izvla\u010denje El Gordo<\/h2>\n<p> El Gordo Navidad se igra samo jednom godi\u0161nje tokom Bo\u017ei\u0107a i veoma se razlikuje od drugih sli\u010dnih lutrija \u0161irom sveta, jer je dostupno samo 85.000 lutrijskih brojeva (od 00000 do 84999), a samo izvla\u010denje lutrije je veoma specijalan doga\u0111aj koji zahteva puno vremena za pripremu i realizaciju. <\/p>\n<section class=\"layout\" style=\"border: solid 1px; width: 100%;\">\n<div class=\"img-div\" style=\"margin-top: 5px;\"><img decoding=\"async\" class=\"wp-image-17212 alignleft\" style=\"height: 45px; margin: 8px 8px 0px;\" src=\"http:\/\/jackpotlotteryonline.com\/wp-content\/uploads\/2022\/11\/read1.jpg\" alt=\"\u010ditaj\" width=\"\" height=\"\" \/><\/div>\n<div style=\"padding-left: 5px;\">\n<div style=\"font-size: 1.1em;\">\n<strong>Ne propustite vreme izvla\u010denja za najve\u0107e lutrijske d\u017eekpotove na svetu<\/strong><\/p>\n<p style=\"font-size: 0.85em; margin-top: -1.5em;\">Lista vremena izvla\u010denja za me\u0111unarodne lutrije &#8211; <a href=\"https:\/\/jackpotlotteryonline.com\/when-are-the-draw-times-for-the-international-lotteries\">Pro\u010ditajte vi\u0161e<\/a><\/p>\n<\/p><\/div>\n<\/p><\/div>\n<\/section>\n<h2>Za\u0161to je bo\u017ei\u0107ni El Gordo jedinstven?<\/h2>\n<p> <img loading=\"lazy\" decoding=\"async\" class=\"alignright size-full wp-image-17870\" src=\"http:\/\/jackpotlotteryonline.com\/wp-content\/uploads\/2022\/10\/lotto_euros.jpg\" alt=\"pobedite bo\u017ei\u0107ni El Gordo\" width=\"225\" height=\"134\" \/>Sam proces izvla\u010denja je veoma jedinstven i druga\u010diji. U njemu gotovo da nema mehanizacije ili tehnologije. Ogromna lopta je napunjena drvenim kuglicama, svaka od kojih ima jedan od 5-cifrenih brojeva. Druga lopta sadr\u017ei kuglice sa nagradama. Izvla\u010denje vr\u0161e dvoje dece, koja iz svake lopte izbacuju po jednu kuglicu, koja defini\u0161e dobitni broj i nagradu koju taj broj osvoji.<br \/>\nPotpuno ru\u010dno izveden, El Gordo Online lotto jackpot je veoma jedinstven i jedan je od najtra\u017eenijih u kontinentalnoj Evropi. Postoje tri glavne nagrade i vi\u0161e od 1000 manjih nagrada, a brojevi koji delimi\u010dno odgovaraju prva tri broja nagrada tako\u0111e ne\u0161to osvajaju. To zna\u010dajno pove\u0107ava \u0161anse za pobedu.<\/p>\n<p>El Gordo je jedan od najve\u0107ih lutrijskih d\u017eekpotova na svetu, sa ukupnim iznosom nagrada od vi\u0161e od 3 milijarde evra svake godine (trenutno i stalno raste). Nije potrebno da budete \u0160panac ili evropski gra\u0111anin, bilo ko stariji od 18 godina mo\u017ee da igra El Gordo lutriju.<\/p>\n<h2>Kako i za\u0161to treba da igrate El Gordo Online?<\/h2>\n<p> Prijavite se na na\u0161oj veb stranici danas da biste obezbedili svoje mesto ka bogatstvu. Pomo\u0107i \u0107emo igra\u010dima van \u0160panije da u\u010destvuju u El Gordo lutriji. Sve \u0161to treba da uradite je da postavite svoj nalog, izaberete brojeve i zavr\u0161ite uplatu. Zatim, pobrinu\u0107emo se da <a href=\"https:\/\/jackpotlotteryonline.com\/buy-tickets\/el-gordo\">kupimo tiket u va\u0161e ime za El Gordo lotto jackpot<\/a>. Tiket sa va\u0161im odabranim brojevima bi\u0107e skeniran za vas, a u slu\u010daju da osvojite bogatstvo, tako\u0111e \u0107emo se pobrinuti da novac stigne do vas \u0161to br\u017ee. Preporu\u010dujemo da danas rezervi\u0161ete svoj tiket sa omiljenim brojevima.<\/p>\n","protected":false},"excerpt":{"rendered":"<p>El Gordo Online Lotto Jackpot Prose\u010dan \u0160panac potro\u0161io je neverovatnih 60 \u20ac na El Gordo lotto jackpot 2009. godine. Pa, cifra od 60 \u20ac mo\u017eda ne deluje kao velika stvar, ali ako to pomno\u017eite sa \u0161panskom populacijom, mogli biste biti zapanjeni. Najpoznatiji po \u0161panskoj bo\u017ei\u0107noj lutrijskoj ediciji, El Gordo lutrija je tako\u0111e nedeljni doga\u0111aj. Ovo [&hellip;]<\/p>\n","protected":false},"author":7,"featured_media":0,"parent":73093,"menu_order":6,"comment_status":"closed","ping_status":"closed","template":"el-gordo.php","meta":{"_et_pb_use_builder":"","_et_pb_old_content":"","_et_gb_content_width":"","exclude_from_search":false,"footnotes":""},"class_list":["post-73346","page","type-page","status-publish","hentry"],"yoast_head":"<!-- This site is optimized with the Yoast SEO plugin v23.3 - https:\/\/yoast.com\/wordpress\/plugins\/seo\/ -->\n<title>Igrajte El Gordo Lotto \u0160panija online - \u010dak i van \u0160panije<\/title>\n<meta name=\"description\" content=\"El Gordo Online Lotto Jackpot je jedan od najve\u0107ih d\u017eekpotova na svetu i mo\u017ee se igrati online iz zemalja van \u0160panije.\" \/>\n<meta name=\"robots\" content=\"index, follow, max-snippet:-1, max-image-preview:large, max-video-preview:-1\" \/>\n<link rel=\"canonical\" href=\"https:\/\/jackpotlotteryonline.com\/sr\/online-lutrijski-dogadaji-i-igre\/igrajte-el-gordo-lotto-spanija\/\" \/>\n<meta property=\"og:locale\" content=\"sr_RS\" \/>\n<meta property=\"og:type\" content=\"article\" \/>\n<meta property=\"og:title\" content=\"Igrajte El Gordo Lotto \u0160panija online - \u010dak i van \u0160panije\" \/>\n<meta property=\"og:description\" content=\"El Gordo Online Lotto Jackpot je jedan od najve\u0107ih d\u017eekpotova na svetu i mo\u017ee se igrati online iz zemalja van \u0160panije.\" \/>\n<meta property=\"og:url\" content=\"https:\/\/jackpotlotteryonline.com\/sr\/online-lutrijski-dogadaji-i-igre\/igrajte-el-gordo-lotto-spanija\/\" \/>\n<meta property=\"og:site_name\" content=\"Lotto Online - Crack The International Lottery Jackpots\" \/>\n<meta property=\"og:image\" content=\"http:\/\/jackpotlotteryonline.com\/wp-content\/uploads\/2022\/10\/2_ticket_el_gordo3-218x300.jpg\" \/>\n<meta name=\"twitter:card\" content=\"summary_large_image\" \/>\n<!-- \/ Yoast SEO plugin. -->","yoast_head_json":{"title":"Igrajte El Gordo Lotto \u0160panija online - \u010dak i van \u0160panije","description":"El Gordo Online Lotto Jackpot je jedan od najve\u0107ih d\u017eekpotova na svetu i mo\u017ee se igrati online iz zemalja van \u0160panije.","robots":{"index":"index","follow":"follow","max-snippet":"max-snippet:-1","max-image-preview":"max-image-preview:large","max-video-preview":"max-video-preview:-1"},"canonical":"https:\/\/jackpotlotteryonline.com\/sr\/online-lutrijski-dogadaji-i-igre\/igrajte-el-gordo-lotto-spanija\/","og_locale":"sr_RS","og_type":"article","og_title":"Igrajte El Gordo Lotto \u0160panija online - \u010dak i van \u0160panije","og_description":"El Gordo Online Lotto Jackpot je jedan od najve\u0107ih d\u017eekpotova na svetu i mo\u017ee se igrati online iz zemalja van \u0160panije.","og_url":"https:\/\/jackpotlotteryonline.com\/sr\/online-lutrijski-dogadaji-i-igre\/igrajte-el-gordo-lotto-spanija\/","og_site_name":"Lotto Online - Crack The International Lottery Jackpots","og_image":[{"url":"http:\/\/jackpotlotteryonline.com\/wp-content\/uploads\/2022\/10\/2_ticket_el_gordo3-218x300.jpg"}],"twitter_card":"summary_large_image","schema":{"@context":"https:\/\/schema.org","@graph":[{"@type":"WebPage","@id":"https:\/\/jackpotlotteryonline.com\/sr\/online-lutrijski-dogadaji-i-igre\/igrajte-el-gordo-lotto-spanija\/","url":"https:\/\/jackpotlotteryonline.com\/sr\/online-lutrijski-dogadaji-i-igre\/igrajte-el-gordo-lotto-spanija\/","name":"Igrajte El Gordo Lotto \u0160panija online - \u010dak i van \u0160panije","isPartOf":{"@id":"https:\/\/jackpotlotteryonline.com\/#website"},"primaryImageOfPage":{"@id":"https:\/\/jackpotlotteryonline.com\/sr\/online-lutrijski-dogadaji-i-igre\/igrajte-el-gordo-lotto-spanija\/#primaryimage"},"image":{"@id":"https:\/\/jackpotlotteryonline.com\/sr\/online-lutrijski-dogadaji-i-igre\/igrajte-el-gordo-lotto-spanija\/#primaryimage"},"thumbnailUrl":"http:\/\/jackpotlotteryonline.com\/wp-content\/uploads\/2022\/10\/2_ticket_el_gordo3-218x300.jpg","datePublished":"2025-02-03T09:32:19+00:00","dateModified":"2025-02-03T09:32:19+00:00","description":"El Gordo Online Lotto Jackpot je jedan od najve\u0107ih d\u017eekpotova na svetu i mo\u017ee se igrati online iz zemalja van \u0160panije.","breadcrumb":{"@id":"https:\/\/jackpotlotteryonline.com\/sr\/online-lutrijski-dogadaji-i-igre\/igrajte-el-gordo-lotto-spanija\/#breadcrumb"},"inLanguage":"sr-RS","potentialAction":[{"@type":"ReadAction","target":["https:\/\/jackpotlotteryonline.com\/sr\/online-lutrijski-dogadaji-i-igre\/igrajte-el-gordo-lotto-spanija\/"]}]},{"@type":"ImageObject","inLanguage":"sr-RS","@id":"https:\/\/jackpotlotteryonline.com\/sr\/online-lutrijski-dogadaji-i-igre\/igrajte-el-gordo-lotto-spanija\/#primaryimage","url":"http:\/\/jackpotlotteryonline.com\/wp-content\/uploads\/2022\/10\/2_ticket_el_gordo3-218x300.jpg","contentUrl":"http:\/\/jackpotlotteryonline.com\/wp-content\/uploads\/2022\/10\/2_ticket_el_gordo3-218x300.jpg"},{"@type":"BreadcrumbList","@id":"https:\/\/jackpotlotteryonline.com\/sr\/online-lutrijski-dogadaji-i-igre\/igrajte-el-gordo-lotto-spanija\/#breadcrumb","itemListElement":[{"@type":"ListItem","position":1,"name":"Home","item":"https:\/\/jackpotlotteryonline.com\/sr\/"},{"@type":"ListItem","position":2,"name":"Online Lutrijski Doga\u0111aji i Igre","item":"https:\/\/jackpotlotteryonline.com\/play-online\/"},{"@type":"ListItem","position":3,"name":"Igrajte El Gordo Lotto \u0160panija"}]},{"@type":"WebSite","@id":"https:\/\/jackpotlotteryonline.com\/#website","url":"https:\/\/jackpotlotteryonline.com\/","name":"Lotto Online - Crack The International Lottery Jackpots","description":"","potentialAction":[{"@type":"SearchAction","target":{"@type":"EntryPoint","urlTemplate":"https:\/\/jackpotlotteryonline.com\/?s={search_term_string}"},"query-input":"required name=search_term_string"}],"inLanguage":"sr-RS"}]}},"_links":{"self":[{"href":"https:\/\/jackpotlotteryonline.com\/sr\/wp-json\/wp\/v2\/pages\/73346","targetHints":{"allow":["GET"]}}],"collection":[{"href":"https:\/\/jackpotlotteryonline.com\/sr\/wp-json\/wp\/v2\/pages"}],"about":[{"href":"https:\/\/jackpotlotteryonline.com\/sr\/wp-json\/wp\/v2\/types\/page"}],"author":[{"embeddable":true,"href":"https:\/\/jackpotlotteryonline.com\/sr\/wp-json\/wp\/v2\/users\/7"}],"replies":[{"embeddable":true,"href":"https:\/\/jackpotlotteryonline.com\/sr\/wp-json\/wp\/v2\/comments?post=73346"}],"version-history":[{"count":0,"href":"https:\/\/jackpotlotteryonline.com\/sr\/wp-json\/wp\/v2\/pages\/73346\/revisions"}],"up":[{"embeddable":true,"href":"https:\/\/jackpotlotteryonline.com\/sr\/wp-json\/wp\/v2\/pages\/73093"}],"wp:attachment":[{"href":"https:\/\/jackpotlotteryonline.com\/sr\/wp-json\/wp\/v2\/media?parent=73346"}],"curies":[{"name":"wp","href":"https:\/\/api.w.org\/{rel}","templated":true}]}}