{"id":73375,"date":"2025-02-03T10:08:38","date_gmt":"2025-02-03T10:08:38","guid":{"rendered":"https:\/\/jackpotlotteryonline.com\/?page_id=73375"},"modified":"2025-02-03T10:08:38","modified_gmt":"2025-02-03T10:08:38","slug":"la-primitiva-online","status":"publish","type":"page","link":"https:\/\/jackpotlotteryonline.com\/sr\/online-lutrijski-dogadaji-i-igre\/la-primitiva-online\/","title":{"rendered":"La Primitiva Online"},"content":{"rendered":"<p>\u0160panska lutrija je jedna od najpopularnijih lutrija u Evropi i ima veliku bazu obo\u017eavalaca \u0161irom sveta. La Primitiva je jedna od najstarijih lutrija na svetu, osnovana 1763. godine, i zabavlja \u0161panske igra\u010de ve\u0107 vi\u0161e od 260 godina. Ova igra je prvobitno bila dostupna samo u nekim regionima, ali sada mo\u017eete u\u010destvovati u njoj iz bilo kog dela sveta putem interneta. Lutrija je igra koja se uglavnom oslanja na sre\u0107u, a ova nije izuzetak. Zbog toga mnogi ljudi u\u010destvuju u svakoj igri, a mnogi sanjaju o velikim nagradama.<\/p>\n<p>Ako \u017eelite da kupite <a href=\"https:\/\/jackpotlotteryonline.com\/buy-tickets\/la-primitiva\">tikete za globalne lutrije kao \u0161to je La Primitiva<\/a>, mo\u017eete da po\u010dnete danas na sajtu jackpotlotteryonline.com.<\/p>\n<h2>Kako igrati La Primitiva<\/h2>\n<p> \u0160panska lutrija je vrlo zabavna, ali za po\u010detnike mo\u017ee izgledati pomalo komplikovano. Postoji vi\u0161e brojeva nego kod drugih lutrija, i neki pojmovi mogu delovati zbunjuju\u0107e. Me\u0111utim, \u010dim shvatite kako La Primitiva funkcioni\u0161e, igra postaje mnogo jednostavnija.<br \/>\nPrvo \u0161to treba da razumete su <b>reintegro i complementario<\/b>. Reintegro i complementario imaju veliku ulogu u odre\u0111ivanju glavnih dobitnika. Ako \u017eelite da osvojite glavnu nagradu, razumevanje kako funkcioni\u0161u veoma je va\u017eno.<\/p>\n<p>Generalno, <b>za igru La Primitiva, morate da izaberete 5 glavnih brojeva od 1 do 49 i jedan reintegro broj izme\u0111u 0 i 9.<\/b> Ovi brojevi moraju se poklopiti sa dobitnim brojevima da biste pobedili.<\/p>\n<h2>Razumevanje Reintegro broja<\/h2>\n<p> Reintegro je veoma va\u017ean broj koji se koristi za odre\u0111ivanje glavnih dobitnika. Da biste pobedili, morate da pogodite i glavne brojeve i broj reintegro.<br \/>\nReintegro se tako\u0111e koristi za odre\u0111ivanje manjih nagrada. Igra\u010di koji pogode broj reintegro dobi\u0107e povrat novca za svoj tiket. Ovo se obi\u010dno naziva \u201erefundacija\u201c.<\/p>\n<section class=\"layout\" style=\"border: solid 1px; width: 100%;\">\n<div class=\"img-div\" style=\"margin-top: 5px;\"><img decoding=\"async\" class=\"wp-image-17212 alignleft\" style=\"height: 45px; margin: 8px 8px 0px;\" src=\"http:\/\/jackpotlotteryonline.com\/wp-content\/uploads\/2022\/11\/read1.jpg\" alt=\"Pro\u010ditajte vi\u0161e\" width=\"\" height=\"\" \/><\/div>\n<div style=\"padding-left: 5px;\">\n<div style=\"font-size: 1.1em;\">\n<strong>Koja je tajna uspeha u lutriji?<\/strong><\/p>\n<p style=\"font-size: 0.85em; margin-top: -1.5em;\">Kako pobediti na lutriji \u2013 <a href=\"https:\/\/jackpotlotteryonline.com\/what-is-the-secret-of-lottery-success\">Pro\u010ditajte vi\u0161e<\/a><\/p>\n<\/p><\/div>\n<\/p><\/div>\n<\/section>\n<h2>\u0160ta je Complementario?<\/h2>\n<p> Jo\u0161 jedna funkcija koja mo\u017ee zbuniti igra\u010de koji kupuju tikete je Complementario. Ovaj broj ne uti\u010de na glavnu nagradu, ali se koristi za odre\u0111ivanje nagrada druge kategorije. Dakle, ako pogodite glavne brojeve, kao i Complementario broj, osvoji\u0107ete nagradu druge kategorije. <\/p>\n<h2>Razumevanje funkcije Joker<\/h2>\n<p> Joker je jo\u0161 jedna funkcija koja mo\u017ee biti zbunjuju\u0107a za igra\u010de koji prvi put kupuju tiket. Ovo je prakti\u010dno dodatna nagrada koja stvara zaseban fond nagrada. Ova funkcija je opcionalna, \u0161to zna\u010di da mo\u017eete odlu\u010diti da je dodate na svoj tiket uz dodatnu naknadu.<br \/>\nJoker funkcioni\u0161e druga\u010dije od lutrija jer igra\u010di ne biraju brojeve. Umesto toga, 7 brojeva se slu\u010dajno dodaju na tiket. Ovo ne\u0107e uticati na va\u0161u ulogu u lutriji, to je samo dodatna opcija. Joker vam omogu\u0107ava da osvojite do 1 milion evra. Evo kako izgledaju nagrade za Joker:<\/p>\n<p>Prva nagrada \u2013 1.000.000 evra<br \/>\nDruga nagrada \u2013 10.000 evra<br \/>\nTre\u0107a nagrada \u2013 1.000 evra<br \/>\n\u010cetvrta nagrada \u2013 300 evra<br \/>\nPeta nagrada \u2013 50 evra<br \/>\n\u0160esta nagrada \u2013 5 evra<br \/>\nSedma nagrada \u2013 5 evra<\/p>\n<h2>Kako pobediti sa Joker<\/h2>\n<p> Ako pobedite i u lutriji i u Jokeru, mora\u0107ete da izaberete samo jednu nagradu jer ne mo\u017eete dobiti obe. Ipak, po\u0161to je ve\u0107a nagrada u pitanju, mo\u017eete je odabrati. <\/p>\n<h2>Koraci za igranje La Primitiva Online<\/h2>\n<p> Kupovina tiketa za lutriju online je veoma jednostavna i zabavna. Tikete mo\u017eete kupiti u nekoliko klikova. Evo jednostavnog vodi\u010da za vas.<br \/>\n<strong>Korak 1:<\/strong> Prona\u0111ite lutriju koju \u017eelite na sajtu. Mi pru\u017eamo pristup mnogim me\u0111unarodnim lutrijama, uklju\u010duju\u0107i La Primitiva.<\/p>\n<p><strong>Korak 2:<\/strong> Izaberite 5 glavnih brojeva i 2 broja za nagradu. Ako ne znate koje brojeve da izaberete, mo\u017eete koristiti generator slu\u010dajnih brojeva. Tako\u0111e, mo\u017eete odabrati vi\u0161e redova da pove\u0107ate \u0161anse za pobedu.<\/p>\n<p><strong>Korak 3:<\/strong> U\u010destvujte u izvla\u010denju. Kada se prijavite, mo\u017eete u\u010destvovati u bilo kom izvla\u010denju koje se odr\u017eava ponedeljkom, \u010detvrtkom ili subotom.<\/p>\n<p><strong>Korak 4:<\/strong> Prijavite se i izvr\u0161ite uplatu. Kada odete na stranicu za pla\u0107anje, bi\u0107e vam zatra\u017eeno da se prijavite. Ovo \u010dini lak\u0161im pra\u0107enje va\u0161ih tiketa i dobijanje nagrada. Nakon prijave, mo\u017eete u\u0107i u svoj nalog i pratiti tikete u bilo kom trenutku.<\/p>\n<p>Sada mo\u017eete lako kupovati tikete za lutriju online!<\/p>\n<h2>Rezultati La Primitiva izvla\u010denja<\/h2>\n<p> Nakon \u0161to se izvla\u010denje odr\u017ei, u\u010desnici mogu da vide da li su pobedili. Pored glavne nagrade, postoje i druge nagrade, a rezultati \u0107e biti objavljeni nakon izvla\u010denja.<br \/>\nLa Primitiva se odr\u017eava svake nedelje, u ponedeljak, \u010detvrtak i subotu. Postoje tri \u0161anse svake nedelje, i igra\u010di mogu da u\u010destvuju svaki put. Ako igrate online, mo\u017eete se lako prijaviti za slede\u0107e izvla\u010denje i automatski \u0107ete biti prijavljeni za naredna izvla\u010denja.<\/p>\n<p>Rezultati \u0107e biti poslati u stvarnom vremenu. Ako ste u \u017eurbi, uvek mo\u017eete da se vratite na ovu stranicu i proverite rezultate. Rezultati \u0107e uklju\u010divati glavne brojeve i rezultate ostalih nagrada.<\/p>\n","protected":false},"excerpt":{"rendered":"<p>\u0160panska lutrija je jedna od najpopularnijih lutrija u Evropi i ima veliku bazu obo\u017eavalaca \u0161irom sveta. La Primitiva je jedna od najstarijih lutrija na svetu, osnovana 1763. godine, i zabavlja \u0161panske igra\u010de ve\u0107 vi\u0161e od 260 godina. Ova igra je prvobitno bila dostupna samo u nekim regionima, ali sada mo\u017eete u\u010destvovati u njoj iz bilo [&hellip;]<\/p>\n","protected":false},"author":7,"featured_media":0,"parent":73093,"menu_order":7,"comment_status":"closed","ping_status":"closed","template":"la-primitiva.php","meta":{"_et_pb_use_builder":"","_et_pb_old_content":"","_et_gb_content_width":"","exclude_from_search":false,"footnotes":""},"class_list":["post-73375","page","type-page","status-publish","hentry"],"yoast_head":"<!-- This site is optimized with the Yoast SEO plugin v23.3 - https:\/\/yoast.com\/wordpress\/plugins\/seo\/ -->\n<title>Ako \u017eelite da igrate La Primitiva online, dobro ste do\u0161li<\/title>\n<meta name=\"description\" content=\"Ova igra je zabavna, jednostavna i pru\u017ea odli\u010dnu priliku za osvajanje velikih nagrada. Po\u010dnite danas i u\u017eivajte u uzbu\u0111enju lutrije!\" \/>\n<meta name=\"robots\" content=\"index, follow, max-snippet:-1, max-image-preview:large, max-video-preview:-1\" \/>\n<link rel=\"canonical\" href=\"https:\/\/jackpotlotteryonline.com\/sr\/online-lutrijski-dogadaji-i-igre\/la-primitiva-online\/\" \/>\n<meta property=\"og:locale\" content=\"sr_RS\" \/>\n<meta property=\"og:type\" content=\"article\" \/>\n<meta property=\"og:title\" content=\"Ako \u017eelite da igrate La Primitiva online, dobro ste do\u0161li\" \/>\n<meta property=\"og:description\" content=\"Ova igra je zabavna, jednostavna i pru\u017ea odli\u010dnu priliku za osvajanje velikih nagrada. Po\u010dnite danas i u\u017eivajte u uzbu\u0111enju lutrije!\" \/>\n<meta property=\"og:url\" content=\"https:\/\/jackpotlotteryonline.com\/sr\/online-lutrijski-dogadaji-i-igre\/la-primitiva-online\/\" \/>\n<meta property=\"og:site_name\" content=\"Lotto Online - Crack The International Lottery Jackpots\" \/>\n<meta property=\"og:image\" content=\"http:\/\/jackpotlotteryonline.com\/wp-content\/uploads\/2022\/11\/read1.jpg\" \/>\n<meta name=\"twitter:card\" content=\"summary_large_image\" \/>\n<!-- \/ Yoast SEO plugin. -->","yoast_head_json":{"title":"Ako \u017eelite da igrate La Primitiva online, dobro ste do\u0161li","description":"Ova igra je zabavna, jednostavna i pru\u017ea odli\u010dnu priliku za osvajanje velikih nagrada. Po\u010dnite danas i u\u017eivajte u uzbu\u0111enju lutrije!","robots":{"index":"index","follow":"follow","max-snippet":"max-snippet:-1","max-image-preview":"max-image-preview:large","max-video-preview":"max-video-preview:-1"},"canonical":"https:\/\/jackpotlotteryonline.com\/sr\/online-lutrijski-dogadaji-i-igre\/la-primitiva-online\/","og_locale":"sr_RS","og_type":"article","og_title":"Ako \u017eelite da igrate La Primitiva online, dobro ste do\u0161li","og_description":"Ova igra je zabavna, jednostavna i pru\u017ea odli\u010dnu priliku za osvajanje velikih nagrada. Po\u010dnite danas i u\u017eivajte u uzbu\u0111enju lutrije!","og_url":"https:\/\/jackpotlotteryonline.com\/sr\/online-lutrijski-dogadaji-i-igre\/la-primitiva-online\/","og_site_name":"Lotto Online - Crack The International Lottery Jackpots","og_image":[{"url":"http:\/\/jackpotlotteryonline.com\/wp-content\/uploads\/2022\/11\/read1.jpg"}],"twitter_card":"summary_large_image","schema":{"@context":"https:\/\/schema.org","@graph":[{"@type":"WebPage","@id":"https:\/\/jackpotlotteryonline.com\/sr\/online-lutrijski-dogadaji-i-igre\/la-primitiva-online\/","url":"https:\/\/jackpotlotteryonline.com\/sr\/online-lutrijski-dogadaji-i-igre\/la-primitiva-online\/","name":"Ako \u017eelite da igrate La Primitiva online, dobro ste do\u0161li","isPartOf":{"@id":"https:\/\/jackpotlotteryonline.com\/#website"},"primaryImageOfPage":{"@id":"https:\/\/jackpotlotteryonline.com\/sr\/online-lutrijski-dogadaji-i-igre\/la-primitiva-online\/#primaryimage"},"image":{"@id":"https:\/\/jackpotlotteryonline.com\/sr\/online-lutrijski-dogadaji-i-igre\/la-primitiva-online\/#primaryimage"},"thumbnailUrl":"http:\/\/jackpotlotteryonline.com\/wp-content\/uploads\/2022\/11\/read1.jpg","datePublished":"2025-02-03T10:08:38+00:00","dateModified":"2025-02-03T10:08:38+00:00","description":"Ova igra je zabavna, jednostavna i pru\u017ea odli\u010dnu priliku za osvajanje velikih nagrada. Po\u010dnite danas i u\u017eivajte u uzbu\u0111enju lutrije!","breadcrumb":{"@id":"https:\/\/jackpotlotteryonline.com\/sr\/online-lutrijski-dogadaji-i-igre\/la-primitiva-online\/#breadcrumb"},"inLanguage":"sr-RS","potentialAction":[{"@type":"ReadAction","target":["https:\/\/jackpotlotteryonline.com\/sr\/online-lutrijski-dogadaji-i-igre\/la-primitiva-online\/"]}]},{"@type":"ImageObject","inLanguage":"sr-RS","@id":"https:\/\/jackpotlotteryonline.com\/sr\/online-lutrijski-dogadaji-i-igre\/la-primitiva-online\/#primaryimage","url":"http:\/\/jackpotlotteryonline.com\/wp-content\/uploads\/2022\/11\/read1.jpg","contentUrl":"http:\/\/jackpotlotteryonline.com\/wp-content\/uploads\/2022\/11\/read1.jpg"},{"@type":"BreadcrumbList","@id":"https:\/\/jackpotlotteryonline.com\/sr\/online-lutrijski-dogadaji-i-igre\/la-primitiva-online\/#breadcrumb","itemListElement":[{"@type":"ListItem","position":1,"name":"Home","item":"https:\/\/jackpotlotteryonline.com\/sr\/"},{"@type":"ListItem","position":2,"name":"Online Lutrijski Doga\u0111aji i Igre","item":"https:\/\/jackpotlotteryonline.com\/play-online\/"},{"@type":"ListItem","position":3,"name":"La Primitiva Online"}]},{"@type":"WebSite","@id":"https:\/\/jackpotlotteryonline.com\/#website","url":"https:\/\/jackpotlotteryonline.com\/","name":"Lotto Online - Crack The International Lottery Jackpots","description":"","potentialAction":[{"@type":"SearchAction","target":{"@type":"EntryPoint","urlTemplate":"https:\/\/jackpotlotteryonline.com\/?s={search_term_string}"},"query-input":"required name=search_term_string"}],"inLanguage":"sr-RS"}]}},"_links":{"self":[{"href":"https:\/\/jackpotlotteryonline.com\/sr\/wp-json\/wp\/v2\/pages\/73375","targetHints":{"allow":["GET"]}}],"collection":[{"href":"https:\/\/jackpotlotteryonline.com\/sr\/wp-json\/wp\/v2\/pages"}],"about":[{"href":"https:\/\/jackpotlotteryonline.com\/sr\/wp-json\/wp\/v2\/types\/page"}],"author":[{"embeddable":true,"href":"https:\/\/jackpotlotteryonline.com\/sr\/wp-json\/wp\/v2\/users\/7"}],"replies":[{"embeddable":true,"href":"https:\/\/jackpotlotteryonline.com\/sr\/wp-json\/wp\/v2\/comments?post=73375"}],"version-history":[{"count":0,"href":"https:\/\/jackpotlotteryonline.com\/sr\/wp-json\/wp\/v2\/pages\/73375\/revisions"}],"up":[{"embeddable":true,"href":"https:\/\/jackpotlotteryonline.com\/sr\/wp-json\/wp\/v2\/pages\/73093"}],"wp:attachment":[{"href":"https:\/\/jackpotlotteryonline.com\/sr\/wp-json\/wp\/v2\/media?parent=73375"}],"curies":[{"name":"wp","href":"https:\/\/api.w.org\/{rel}","templated":true}]}}