{"id":73402,"date":"2025-02-03T11:58:22","date_gmt":"2025-02-03T11:58:22","guid":{"rendered":"https:\/\/jackpotlotteryonline.com\/?page_id=73402"},"modified":"2025-02-03T11:58:22","modified_gmt":"2025-02-03T11:58:22","slug":"nemacki-loto","status":"publish","type":"page","link":"https:\/\/jackpotlotteryonline.com\/sr\/online-lutrijski-dogadaji-i-igre\/nemacki-loto\/","title":{"rendered":"Nema\u010dki Loto"},"content":{"rendered":"<h2>Nema\u010dki loto je sada dostupan online<\/h2>\n<p> <img loading=\"lazy\" decoding=\"async\" class=\"alignright wp-image-18464 size-full\" src=\"https:\/\/jackpotlotteryonline.com\/wp-content\/uploads\/2022\/10\/win_lottery_online.jpg\" alt=\"igraj nema\u010dki loto online\" width=\"231\" height=\"130\" \/> Loto u Nema\u010dkoj postoji ve\u0107 vi\u0161e od 5 decenija, a nema\u010dki loto online organizuje i vodi **Deutscher Lotto und Toto Block**. Sa izvla\u010denjima dva puta nedeljno \u2013 **srede i subote**, nema\u010dki loto online \u010desto nudi jedan od najve\u0107ih d\u017eekpotova u Evropi. Dakle, postoji mnogo razloga da igrate nema\u010dki loto sa online tiketom, \u010dak i ako ne \u017eivite u Nema\u010dkoj.<br \/>\nAko ne \u017eivite u Nema\u010dkoj, va\u0161a jedina opcija za igranje nema\u010dkog lota online je putem na\u0161e platforme. Kada se registrujete na na\u0161em sajtu, dobi\u0107ete sve relevantne informacije o nema\u010dkom lotou online, uklju\u010duju\u0107i stare rezultate, generator brojeva za loto i mesto gde mo\u017eete kupiti tiket. Tako\u0111e \u0107emo vam pomo\u0107i da preuzmete svoju nagradu i organizujemo isporuku dobitka.<\/p>\n<h2>Kako funkcioni\u0161e nema\u010dki loto online<\/h2>\n<p> Sve \u0161to treba da uradite je da <a href=\"https:\/\/jackpotlotteryonline.com\/buy-tickets\/lotto-germany\">kupite tiket za nema\u010dki loto online<\/a> biraju\u0107i **6 brojeva iz skupa od 49**. Tako\u0111e imate mogu\u0107nost da izaberete **super broj izme\u0111u 1 i 10**. Glavno izvla\u010denje odnosi se na osnovne brojeve, a zatim se izvla\u010di super broj. Ako **pogodite svih 6 osnovnih brojeva**, osvajate **prvu nagradu**. **D\u017eekpot** se dobija kada svih **6 osnovnih brojeva i super broj** budu ta\u010dno pogo\u0111eni.<br \/>\nIgra\u010di izvan Nema\u010dke tako\u0111e mogu igrati nema\u010dki loto online. Na na\u0161em sajtu mo\u017eete iskoristiti ovu priliku i oku\u0161ati sre\u0107u, dok \u0107emo mi brinuti o ostalim logisti\u010dkim detaljima. Morate imati najmanje 18 godina da biste igrali nema\u010dki loto online.<\/p>\n<h2>Osvajanje nema\u010dkog lota online<\/h2>\n<p> <img loading=\"lazy\" decoding=\"async\" class=\"alignright size-medium wp-image-33350\" src=\"https:\/\/jackpotlotteryonline.com\/wp-content\/uploads\/2022\/11\/2_ticket_euromillions3-1-111x300.jpg\" alt=\"nema\u010dki loto tiket\" width=\"111\" height=\"300\" srcset=\"https:\/\/jackpotlotteryonline.com\/wp-content\/uploads\/2022\/11\/2_ticket_euromillions3-1-111x300.jpg 111w, https:\/\/jackpotlotteryonline.com\/wp-content\/uploads\/2022\/11\/2_ticket_euromillions3-1.jpg 180w\" sizes=\"auto, (max-width: 111px) 100vw, 111px\" \/> Osvojiti nema\u010dki loto online je stvar sre\u0107e, ali tako je sa svim lutrijama. Mi \u0107emo vam pomo\u0107i da **pove\u0107ate \u0161anse za dobitak** pomo\u0107u na\u0161eg **generatora brojeva** i informacija o **prethodnim rezultatima**, kako biste mogli bolje da izaberete svoje sre\u0107ne brojeve. Sve relevantne informacije o nema\u010dkom lotou online su dostupne kod nas, i mo\u017eete ih maksimalno iskoristiti da pobolj\u0161ate svoje \u0161anse za pobedu.<br \/>\nNema\u010dki loto online nije samo jedan od najve\u0107ih d\u017eekpotova u Evropi, ve\u0107 je i jedna od najorganizovanijih lutrija na svetu, koja se vodi veoma profesionalno. Kada igrate nema\u010dki loto online i osvojite nagradu, mi \u0107emo vam pomo\u0107i da je bez problema preuzmete i osigurati da va\u0161 dobitak bude sigurno isporu\u010den.<\/p>\n<p>Iako je nema\u010dki loto online jedna od najstarijih lutrija u Evropi, nije toliko poznata kao neke druge, jer nije toliko promovisana van Nema\u010dke.<br \/>\n<strong>Ali to ne treba da vas spre\u010di da oku\u0161ate sre\u0107u! Igrajte nema\u010dki loto online ve\u0107 danas.<\/strong><\/p>\n<section class=\"layout\" style=\"border: solid 1px; width: 100%;\">\n<div class=\"img-div\" style=\"margin-top: 5px;\"><img decoding=\"async\" class=\"wp-image-17212 alignleft\" style=\"height: 45px; margin: 8px 8px 0px;\" src=\"https:\/\/jackpotlotteryonline.com\/wp-content\/uploads\/2022\/11\/read1.jpg\" alt=\"pro\u010ditaj\" width=\"\" height=\"\" \/><\/div>\n<div style=\"padding-left: 5px;\">\n<div style=\"font-size: 1.1em;\">\n<strong>Koji biste automobil kupili ako biste osvojili lutriju?<\/strong><\/p>\n<p style=\"font-size: 0.85em; margin-top: -1.5em;\">Osvojite lutriju i kupite novi automobil &#8211; <a href=\"https:\/\/jackpotlotteryonline.com\/what-car-would-you-buy-if-you-win-the-lottery\">Pro\u010ditajte vi\u0161e<\/a><\/p>\n","protected":false},"excerpt":{"rendered":"<p>Nema\u010dki loto je sada dostupan online Loto u Nema\u010dkoj postoji ve\u0107 vi\u0161e od 5 decenija, a nema\u010dki loto online organizuje i vodi **Deutscher Lotto und Toto Block**. Sa izvla\u010denjima dva puta nedeljno \u2013 **srede i subote**, nema\u010dki loto online \u010desto nudi jedan od najve\u0107ih d\u017eekpotova u Evropi. Dakle, postoji mnogo razloga da igrate nema\u010dki loto [&hellip;]<\/p>\n","protected":false},"author":7,"featured_media":0,"parent":73093,"menu_order":8,"comment_status":"closed","ping_status":"closed","template":"lotto-german.php","meta":{"_et_pb_use_builder":"","_et_pb_old_content":"","_et_gb_content_width":"","exclude_from_search":false,"footnotes":""},"class_list":["post-73402","page","type-page","status-publish","hentry"],"yoast_head":"<!-- This site is optimized with the Yoast SEO plugin v23.3 - https:\/\/yoast.com\/wordpress\/plugins\/seo\/ -->\n<title>Igrajte nema\u010dki loto izvan Nema\u010dke, sa online tiketom<\/title>\n<meta name=\"description\" content=\"\u017divite izvan Nema\u010dke? Nema problema \u2013 igrajte nema\u010dki loto sa online tiketom kod nas.\" \/>\n<meta name=\"robots\" content=\"index, follow, max-snippet:-1, max-image-preview:large, max-video-preview:-1\" \/>\n<link rel=\"canonical\" href=\"https:\/\/jackpotlotteryonline.com\/sr\/online-lutrijski-dogadaji-i-igre\/nemacki-loto\/\" \/>\n<meta property=\"og:locale\" content=\"sr_RS\" \/>\n<meta property=\"og:type\" content=\"article\" \/>\n<meta property=\"og:title\" content=\"Igrajte nema\u010dki loto izvan Nema\u010dke, sa online tiketom\" \/>\n<meta property=\"og:description\" content=\"\u017divite izvan Nema\u010dke? Nema problema \u2013 igrajte nema\u010dki loto sa online tiketom kod nas.\" \/>\n<meta property=\"og:url\" content=\"https:\/\/jackpotlotteryonline.com\/sr\/online-lutrijski-dogadaji-i-igre\/nemacki-loto\/\" \/>\n<meta property=\"og:site_name\" content=\"Lotto Online - Crack The International Lottery Jackpots\" \/>\n<meta property=\"og:image\" content=\"https:\/\/jackpotlotteryonline.com\/wp-content\/uploads\/2022\/10\/win_lottery_online.jpg\" \/>\n<meta name=\"twitter:card\" content=\"summary_large_image\" \/>\n<!-- \/ Yoast SEO plugin. -->","yoast_head_json":{"title":"Igrajte nema\u010dki loto izvan Nema\u010dke, sa online tiketom","description":"\u017divite izvan Nema\u010dke? Nema problema \u2013 igrajte nema\u010dki loto sa online tiketom kod nas.","robots":{"index":"index","follow":"follow","max-snippet":"max-snippet:-1","max-image-preview":"max-image-preview:large","max-video-preview":"max-video-preview:-1"},"canonical":"https:\/\/jackpotlotteryonline.com\/sr\/online-lutrijski-dogadaji-i-igre\/nemacki-loto\/","og_locale":"sr_RS","og_type":"article","og_title":"Igrajte nema\u010dki loto izvan Nema\u010dke, sa online tiketom","og_description":"\u017divite izvan Nema\u010dke? Nema problema \u2013 igrajte nema\u010dki loto sa online tiketom kod nas.","og_url":"https:\/\/jackpotlotteryonline.com\/sr\/online-lutrijski-dogadaji-i-igre\/nemacki-loto\/","og_site_name":"Lotto Online - Crack The International Lottery Jackpots","og_image":[{"url":"https:\/\/jackpotlotteryonline.com\/wp-content\/uploads\/2022\/10\/win_lottery_online.jpg"}],"twitter_card":"summary_large_image","schema":{"@context":"https:\/\/schema.org","@graph":[{"@type":"WebPage","@id":"https:\/\/jackpotlotteryonline.com\/sr\/online-lutrijski-dogadaji-i-igre\/nemacki-loto\/","url":"https:\/\/jackpotlotteryonline.com\/sr\/online-lutrijski-dogadaji-i-igre\/nemacki-loto\/","name":"Igrajte nema\u010dki loto izvan Nema\u010dke, sa online tiketom","isPartOf":{"@id":"https:\/\/jackpotlotteryonline.com\/#website"},"primaryImageOfPage":{"@id":"https:\/\/jackpotlotteryonline.com\/sr\/online-lutrijski-dogadaji-i-igre\/nemacki-loto\/#primaryimage"},"image":{"@id":"https:\/\/jackpotlotteryonline.com\/sr\/online-lutrijski-dogadaji-i-igre\/nemacki-loto\/#primaryimage"},"thumbnailUrl":"https:\/\/jackpotlotteryonline.com\/wp-content\/uploads\/2022\/10\/win_lottery_online.jpg","datePublished":"2025-02-03T11:58:22+00:00","dateModified":"2025-02-03T11:58:22+00:00","description":"\u017divite izvan Nema\u010dke? Nema problema \u2013 igrajte nema\u010dki loto sa online tiketom kod nas.","breadcrumb":{"@id":"https:\/\/jackpotlotteryonline.com\/sr\/online-lutrijski-dogadaji-i-igre\/nemacki-loto\/#breadcrumb"},"inLanguage":"sr-RS","potentialAction":[{"@type":"ReadAction","target":["https:\/\/jackpotlotteryonline.com\/sr\/online-lutrijski-dogadaji-i-igre\/nemacki-loto\/"]}]},{"@type":"ImageObject","inLanguage":"sr-RS","@id":"https:\/\/jackpotlotteryonline.com\/sr\/online-lutrijski-dogadaji-i-igre\/nemacki-loto\/#primaryimage","url":"https:\/\/jackpotlotteryonline.com\/wp-content\/uploads\/2022\/10\/win_lottery_online.jpg","contentUrl":"https:\/\/jackpotlotteryonline.com\/wp-content\/uploads\/2022\/10\/win_lottery_online.jpg"},{"@type":"BreadcrumbList","@id":"https:\/\/jackpotlotteryonline.com\/sr\/online-lutrijski-dogadaji-i-igre\/nemacki-loto\/#breadcrumb","itemListElement":[{"@type":"ListItem","position":1,"name":"Home","item":"https:\/\/jackpotlotteryonline.com\/sr\/"},{"@type":"ListItem","position":2,"name":"Online Lutrijski Doga\u0111aji i Igre","item":"https:\/\/jackpotlotteryonline.com\/play-online\/"},{"@type":"ListItem","position":3,"name":"Nema\u010dki Loto"}]},{"@type":"WebSite","@id":"https:\/\/jackpotlotteryonline.com\/#website","url":"https:\/\/jackpotlotteryonline.com\/","name":"Lotto Online - Crack The International Lottery Jackpots","description":"","potentialAction":[{"@type":"SearchAction","target":{"@type":"EntryPoint","urlTemplate":"https:\/\/jackpotlotteryonline.com\/?s={search_term_string}"},"query-input":"required name=search_term_string"}],"inLanguage":"sr-RS"}]}},"_links":{"self":[{"href":"https:\/\/jackpotlotteryonline.com\/sr\/wp-json\/wp\/v2\/pages\/73402","targetHints":{"allow":["GET"]}}],"collection":[{"href":"https:\/\/jackpotlotteryonline.com\/sr\/wp-json\/wp\/v2\/pages"}],"about":[{"href":"https:\/\/jackpotlotteryonline.com\/sr\/wp-json\/wp\/v2\/types\/page"}],"author":[{"embeddable":true,"href":"https:\/\/jackpotlotteryonline.com\/sr\/wp-json\/wp\/v2\/users\/7"}],"replies":[{"embeddable":true,"href":"https:\/\/jackpotlotteryonline.com\/sr\/wp-json\/wp\/v2\/comments?post=73402"}],"version-history":[{"count":0,"href":"https:\/\/jackpotlotteryonline.com\/sr\/wp-json\/wp\/v2\/pages\/73402\/revisions"}],"up":[{"embeddable":true,"href":"https:\/\/jackpotlotteryonline.com\/sr\/wp-json\/wp\/v2\/pages\/73093"}],"wp:attachment":[{"href":"https:\/\/jackpotlotteryonline.com\/sr\/wp-json\/wp\/v2\/media?parent=73402"}],"curies":[{"name":"wp","href":"https:\/\/api.w.org\/{rel}","templated":true}]}}