{"id":73427,"date":"2025-02-03T15:27:42","date_gmt":"2025-02-03T15:27:42","guid":{"rendered":"https:\/\/jackpotlotteryonline.com\/?page_id=73427"},"modified":"2025-02-03T15:27:42","modified_gmt":"2025-02-03T15:27:42","slug":"igranje-francuske-lutrije-online","status":"publish","type":"page","link":"https:\/\/jackpotlotteryonline.com\/sr\/online-lutrijski-dogadaji-i-igre\/igranje-francuske-lutrije-online\/","title":{"rendered":"Igranje Francuske lutrije online"},"content":{"rendered":"<h2>Francuska lutrija online<\/h2>\n<p> <img loading=\"lazy\" decoding=\"async\" class=\"alignright size-full wp-image-18410\" src=\"http:\/\/jackpotlotteryonline.com\/wp-content\/uploads\/2022\/10\/win_big.jpg\" alt=\"play france lotto online\" width=\"224\" height=\"134\" \/> Francuska lutrija je jedna od najstarijih lutrija u Evropi i njome upravlja **Grupa Fran\u00e7aise des Jeux**. Ova lutrija je popularna ne samo u Francuskoj, ve\u0107 i \u0161irom Evrope. Francuzi su veliki ljubitelji igara na sre\u0107u, a <a href=\"https:\/\/jackpotlotteryonline.com\/winning-numbers\/france-lotto\">Francuska lutrija online se izvla\u010di tri puta nedeljno (ponedeljak, sreda i subota)<\/a>. Za razliku od ve\u0107ine evropskih lutrija koje se izvla\u010de dva puta nedeljno, ova dodatna izvla\u010denja pove\u0107avaju \u0161anse za dobitak. Godi\u0161nji fond isplata nagrada prelazi **4,4 milijarde evra**, \u0161to je \u010dini jednom od najatraktivnijih lutrija za igra\u010de.<br \/>\nBez obzira na to gde se nalazite, mo\u017eete igrati Francusku lutriju online!<\/p>\n<p>Za razliku od nekih drugih lutrija, d\u017eekpot Francuske lutrije se pove\u0107ava za 1 milion evra svaki put kada nema pobednika. To zna\u010di da, iako d\u017eekpot ne raste kao kod ameri\u010dkih lutrija, \u0161anse za osvajanje su daleko ve\u0107e.<\/p>\n<p>Do sada je ova lutrija napravila mnogo milionera \u2013 mo\u017eda ste vi slede\u0107i!<br \/>\nKupite svoj <a href=\"https:\/\/jackpotlotteryonline.com\/buy-tickets\/lotto-france\">online tiket za Francusku lutriju<\/a> sada i oku\u0161ajte sre\u0107u!<\/p>\n<p>Na\u0161a platforma vam omogu\u0107ava jednostavno i sigurno igranje Francuske lutrije.<\/p>\n<section class=\"layout\" style=\"border: solid 1px; width: 100%;\">\n<div class=\"img-div\" style=\"margin-top: 5px;\"><img decoding=\"async\" class=\"wp-image-17212 alignleft\" style=\"height: 45px; margin: 8px 8px 0px;\" src=\"http:\/\/jackpotlotteryonline.com\/wp-content\/uploads\/2022\/11\/read1.jpg\" alt=\"read\" width=\"\" height=\"\" \/><\/div>\n<div style=\"padding-left: 5px;\">\n<div style=\"font-size: 1.1em;\">\n<strong>Pratite rezultate u\u017eivo<\/strong><\/p>\n<p style=\"font-size: 0.85em; margin-top: -1.5em;\">Pogledajte da li su va\u0161i brojevi dobitni! <a href=\"https:\/\/jackpotlotteryonline.com\/watch-your-lottery-numbers-being-drawn-live\">Saznajte vi\u0161e<\/a><\/p>\n<\/p><\/div>\n<\/p><\/div>\n<\/section>\n<h2>Kako igrati Francusku lutriju online?<\/h2>\n<p> <img loading=\"lazy\" decoding=\"async\" class=\"alignright wp-image-27131\" src=\"http:\/\/jackpotlotteryonline.com\/wp-content\/uploads\/2022\/11\/1_jckpot_win_online.jpg\" alt=\"french lottery jackpot\" width=\"159\" height=\"159\" srcset=\"https:\/\/jackpotlotteryonline.com\/wp-content\/uploads\/2022\/11\/1_jckpot_win_online.jpg 300w, https:\/\/jackpotlotteryonline.com\/wp-content\/uploads\/2022\/11\/1_jckpot_win_online-100x100.jpg 100w, https:\/\/jackpotlotteryonline.com\/wp-content\/uploads\/2022\/11\/1_jckpot_win_online-150x150.jpg 150w\" sizes=\"auto, (max-width: 159px) 100vw, 159px\" \/> Da biste u\u010destvovali u izvla\u010denju, morate **izabrati 5 brojeva od 1 do 49 i jedan dodatni broj od 1 do 10**. Kupovina tiketa je vrlo jednostavna \u2013 mo\u017eete sami odabrati brojeve ili koristiti opciju **Brzi izbor (Quick Pick)** za nasumi\u010dan odabir brojeva.<br \/>\nNa\u0161a usluga vam omogu\u0107ava sigurnu i bezbednu kupovinu tiketa. Va\u0161 tiket \u0107e biti evidentiran u va\u0161em nalogu.<br \/>\nUz pomo\u0107 statistike i analiza prethodnih izvla\u010denja, mo\u017eete bolje odabrati brojeve za igru.<\/p>\n<p>Minimalna starosna granica za igranje Francuske lutrije je 18 godina.<\/p>\n<h2>Kako preuzeti svoje nagrade?<\/h2>\n<p> Francuska lutrija, pored glavnog d\u017eekpota, nudi i **mnoge druge nagrade**. Dobra vest je da su **sve nagrade oslobo\u0111ene poreza**, za razliku od mnogih drugih lutrija gde dobitnici moraju platiti porez.<br \/>\nKako se nagrade ispla\u0107uju?<\/p>\n<p>Nagrade do 2.500 evra se automatski upla\u0107uju na va\u0161 ra\u010dun.<br \/>\nZa ve\u0107e nagrade, morate preuzeti dobitak direktno putem Fran\u00e7aise des Jeux.<br \/>\nNa\u0161a platforma vam poma\u017ee u procesu isplate kako biste brzo i lako dobili osvojeni iznos.<br \/>\nIgraju\u0107i Francusku lutriju online, mo\u017eete biti sigurni da \u0107e va\u0161a nagrada biti ispla\u0107ena brzo i sigurno.<\/p>\n","protected":false},"excerpt":{"rendered":"<p>Francuska lutrija online Francuska lutrija je jedna od najstarijih lutrija u Evropi i njome upravlja **Grupa Fran\u00e7aise des Jeux**. Ova lutrija je popularna ne samo u Francuskoj, ve\u0107 i \u0161irom Evrope. Francuzi su veliki ljubitelji igara na sre\u0107u, a Francuska lutrija online se izvla\u010di tri puta nedeljno (ponedeljak, sreda i subota). Za razliku od ve\u0107ine [&hellip;]<\/p>\n","protected":false},"author":7,"featured_media":0,"parent":73093,"menu_order":9,"comment_status":"closed","ping_status":"closed","template":"lotto-fr.php","meta":{"_et_pb_use_builder":"","_et_pb_old_content":"","_et_gb_content_width":"","exclude_from_search":false,"footnotes":""},"class_list":["post-73427","page","type-page","status-publish","hentry"],"yoast_head":"<!-- This site is optimized with the Yoast SEO plugin v23.3 - https:\/\/yoast.com\/wordpress\/plugins\/seo\/ -->\n<title>Bez obzira na to gde se nalazite, mo\u017eete u\u010destvovati u Francuskoj lutriji online.<\/title>\n<meta name=\"description\" content=\"Kupite tiket i osvojite velike nagrade \u2013 kliknite odmah!\" \/>\n<meta name=\"robots\" content=\"index, follow, max-snippet:-1, max-image-preview:large, max-video-preview:-1\" \/>\n<link rel=\"canonical\" href=\"https:\/\/jackpotlotteryonline.com\/sr\/online-lutrijski-dogadaji-i-igre\/igranje-francuske-lutrije-online\/\" \/>\n<meta property=\"og:locale\" content=\"sr_RS\" \/>\n<meta property=\"og:type\" content=\"article\" \/>\n<meta property=\"og:title\" content=\"Bez obzira na to gde se nalazite, mo\u017eete u\u010destvovati u Francuskoj lutriji online.\" \/>\n<meta property=\"og:description\" content=\"Kupite tiket i osvojite velike nagrade \u2013 kliknite odmah!\" \/>\n<meta property=\"og:url\" content=\"https:\/\/jackpotlotteryonline.com\/sr\/online-lutrijski-dogadaji-i-igre\/igranje-francuske-lutrije-online\/\" \/>\n<meta property=\"og:site_name\" content=\"Lotto Online - Crack The International Lottery Jackpots\" \/>\n<meta property=\"og:image\" content=\"http:\/\/jackpotlotteryonline.com\/wp-content\/uploads\/2022\/10\/win_big.jpg\" \/>\n<meta name=\"twitter:card\" content=\"summary_large_image\" \/>\n<!-- \/ Yoast SEO plugin. -->","yoast_head_json":{"title":"Bez obzira na to gde se nalazite, mo\u017eete u\u010destvovati u Francuskoj lutriji online.","description":"Kupite tiket i osvojite velike nagrade \u2013 kliknite odmah!","robots":{"index":"index","follow":"follow","max-snippet":"max-snippet:-1","max-image-preview":"max-image-preview:large","max-video-preview":"max-video-preview:-1"},"canonical":"https:\/\/jackpotlotteryonline.com\/sr\/online-lutrijski-dogadaji-i-igre\/igranje-francuske-lutrije-online\/","og_locale":"sr_RS","og_type":"article","og_title":"Bez obzira na to gde se nalazite, mo\u017eete u\u010destvovati u Francuskoj lutriji online.","og_description":"Kupite tiket i osvojite velike nagrade \u2013 kliknite odmah!","og_url":"https:\/\/jackpotlotteryonline.com\/sr\/online-lutrijski-dogadaji-i-igre\/igranje-francuske-lutrije-online\/","og_site_name":"Lotto Online - Crack The International Lottery Jackpots","og_image":[{"url":"http:\/\/jackpotlotteryonline.com\/wp-content\/uploads\/2022\/10\/win_big.jpg"}],"twitter_card":"summary_large_image","schema":{"@context":"https:\/\/schema.org","@graph":[{"@type":"WebPage","@id":"https:\/\/jackpotlotteryonline.com\/sr\/online-lutrijski-dogadaji-i-igre\/igranje-francuske-lutrije-online\/","url":"https:\/\/jackpotlotteryonline.com\/sr\/online-lutrijski-dogadaji-i-igre\/igranje-francuske-lutrije-online\/","name":"Bez obzira na to gde se nalazite, mo\u017eete u\u010destvovati u Francuskoj lutriji online.","isPartOf":{"@id":"https:\/\/jackpotlotteryonline.com\/#website"},"primaryImageOfPage":{"@id":"https:\/\/jackpotlotteryonline.com\/sr\/online-lutrijski-dogadaji-i-igre\/igranje-francuske-lutrije-online\/#primaryimage"},"image":{"@id":"https:\/\/jackpotlotteryonline.com\/sr\/online-lutrijski-dogadaji-i-igre\/igranje-francuske-lutrije-online\/#primaryimage"},"thumbnailUrl":"http:\/\/jackpotlotteryonline.com\/wp-content\/uploads\/2022\/10\/win_big.jpg","datePublished":"2025-02-03T15:27:42+00:00","dateModified":"2025-02-03T15:27:42+00:00","description":"Kupite tiket i osvojite velike nagrade \u2013 kliknite odmah!","breadcrumb":{"@id":"https:\/\/jackpotlotteryonline.com\/sr\/online-lutrijski-dogadaji-i-igre\/igranje-francuske-lutrije-online\/#breadcrumb"},"inLanguage":"sr-RS","potentialAction":[{"@type":"ReadAction","target":["https:\/\/jackpotlotteryonline.com\/sr\/online-lutrijski-dogadaji-i-igre\/igranje-francuske-lutrije-online\/"]}]},{"@type":"ImageObject","inLanguage":"sr-RS","@id":"https:\/\/jackpotlotteryonline.com\/sr\/online-lutrijski-dogadaji-i-igre\/igranje-francuske-lutrije-online\/#primaryimage","url":"http:\/\/jackpotlotteryonline.com\/wp-content\/uploads\/2022\/10\/win_big.jpg","contentUrl":"http:\/\/jackpotlotteryonline.com\/wp-content\/uploads\/2022\/10\/win_big.jpg"},{"@type":"BreadcrumbList","@id":"https:\/\/jackpotlotteryonline.com\/sr\/online-lutrijski-dogadaji-i-igre\/igranje-francuske-lutrije-online\/#breadcrumb","itemListElement":[{"@type":"ListItem","position":1,"name":"Home","item":"https:\/\/jackpotlotteryonline.com\/sr\/"},{"@type":"ListItem","position":2,"name":"Online Lutrijski Doga\u0111aji i Igre","item":"https:\/\/jackpotlotteryonline.com\/play-online\/"},{"@type":"ListItem","position":3,"name":"Igranje Francuske lutrije online"}]},{"@type":"WebSite","@id":"https:\/\/jackpotlotteryonline.com\/#website","url":"https:\/\/jackpotlotteryonline.com\/","name":"Lotto Online - Crack The International Lottery Jackpots","description":"","potentialAction":[{"@type":"SearchAction","target":{"@type":"EntryPoint","urlTemplate":"https:\/\/jackpotlotteryonline.com\/?s={search_term_string}"},"query-input":"required name=search_term_string"}],"inLanguage":"sr-RS"}]}},"_links":{"self":[{"href":"https:\/\/jackpotlotteryonline.com\/sr\/wp-json\/wp\/v2\/pages\/73427","targetHints":{"allow":["GET"]}}],"collection":[{"href":"https:\/\/jackpotlotteryonline.com\/sr\/wp-json\/wp\/v2\/pages"}],"about":[{"href":"https:\/\/jackpotlotteryonline.com\/sr\/wp-json\/wp\/v2\/types\/page"}],"author":[{"embeddable":true,"href":"https:\/\/jackpotlotteryonline.com\/sr\/wp-json\/wp\/v2\/users\/7"}],"replies":[{"embeddable":true,"href":"https:\/\/jackpotlotteryonline.com\/sr\/wp-json\/wp\/v2\/comments?post=73427"}],"version-history":[{"count":0,"href":"https:\/\/jackpotlotteryonline.com\/sr\/wp-json\/wp\/v2\/pages\/73427\/revisions"}],"up":[{"embeddable":true,"href":"https:\/\/jackpotlotteryonline.com\/sr\/wp-json\/wp\/v2\/pages\/73093"}],"wp:attachment":[{"href":"https:\/\/jackpotlotteryonline.com\/sr\/wp-json\/wp\/v2\/media?parent=73427"}],"curies":[{"name":"wp","href":"https:\/\/api.w.org\/{rel}","templated":true}]}}