{"id":73448,"date":"2025-02-04T06:58:19","date_gmt":"2025-02-04T06:58:19","guid":{"rendered":"https:\/\/jackpotlotteryonline.com\/?page_id=73448"},"modified":"2025-02-04T06:58:19","modified_gmt":"2025-02-04T06:58:19","slug":"igraj-thunderball-uk-lutriju-online","status":"publish","type":"page","link":"https:\/\/jackpotlotteryonline.com\/sr\/online-lutrijski-dogadaji-i-igre\/igraj-thunderball-uk-lutriju-online\/","title":{"rendered":"Igraj Thunderball UK lutriju online"},"content":{"rendered":"<p><span style=\"font-weight: 400;\">UK Thunderball postoji ve\u0107 dosta vremena. Nije stara kao neke druge evropske lutrije (poput La Primitiva), po\u0161to je svoje prvo izvla\u010denje imala 1999. godine. Ipak, tokom tog vremena, Thunderball je promenio i nastavlja da menja \u017eivote mnogih. D\u017eekpot nagrada od pet stotina hiljada funti mo\u017eda ne izgleda kao mnogo, ali je to iznos koji menja \u017eivot. I kladioni\u010dari u UK se sla\u017eu \u2013 mnogi igra\u010di kupuju tikete za Thunderball izvla\u010denja.<\/span><\/p>\n<p><span style=\"font-weight: 400;\">Ako ste igra\u010d izvan UK, tako\u0111e mo\u017eete igrati Thunderball online. Mo\u017eete <a href=\"https:\/\/jackpotlotteryonline.com\/buy-tickets\/thunderball\">kupiti tikete<\/a>, proveriti <a href=\"https:\/\/jackpotlotteryonline.com\/winning-numbers\/thunderball#content\">rezultate izvla\u010denja<\/a> i podi\u0107i svoje dobitke \u2013 sve iz udobnosti va\u0161eg ra\u010dunara ili mobilnog ure\u0111aja. Nastavite da \u010ditate kako biste saznali kako da igrate Thunderball online.<\/span><\/p>\n<h2><span style=\"font-weight: 400;\">Pobednici Thunderball-a<\/span><\/h2>\n<p> <span style=\"font-weight: 400;\"><img loading=\"lazy\" decoding=\"async\" class=\"alignright size-full wp-image-31370\" src=\"https:\/\/jackpotlotteryonline.com\/wp-content\/uploads\/2022\/11\/lotteryticket.jpg\" alt=\"\" width=\"212\" height=\"142\" \/>Ako postoji jedna lutrija koja je u proteklih nekoliko decenija imala mnogo dobitnika, to je Thunderball. Ova UK lutrija stekla je reputaciju zbog menjanja \u017eivota, jer je proizvela mnogo pobednika. Postoji pri\u010da o porodici Knowles, koja je igrala godinama i nastavila \u010dak i nakon \u0161to su izgubili majku. Dobitak im je zna\u010dio mnogo.<\/span><br \/>\n<span style=\"font-weight: 400;\">Karen i David Ainger su par koji je osvojio \u017eivotno menjaju\u0107i d\u017eekpot u Thunderball-u. Dobitak im je bio veoma do\u010dekan, jer su rekli da \u0107e novac i\u0107i u penziju. Jo\u0161 jedan par koji je osvojio Thunderball bio je Alf i Rita Boorman. Njihova pobeda je bila zanimljiva jer je, 30 godina ranije, Alfov otac tako\u0111e osvojio nagradu. Mo\u017eete re\u0107i da je to porodi\u010dna dobitak preko generacija.<\/span><\/p>\n<h2><span style=\"font-weight: 400;\">Kako igrati Thunderball online<\/span><\/h2>\n<p> <span style=\"font-weight: 400;\">Igranje Thunderball-a je zabavno, a ako ste iskusan igra\u010d, verovatno ve\u0107 znate \u0161ta treba da radite. Igra\u010di moraju da izaberu 5 brojeva iz opsega od 1 do 39 i jedan specijalan broj iz opsega od 1 do 14. Taj specijalan broj se naziva \u201eThunderball\u201d.<\/span><br \/>\n<span style=\"font-weight: 400;\">Ako igrate Thunderball online, mo\u017eete koristiti generator brojeva da nasumi\u010dno odaberete brojeve. To je sli\u010dno \u201elucky dip\u201d-u za one koji su navikli na fizi\u010dke tikete. Mo\u017eete izabrati vi\u0161e linija i kupiti vi\u0161e tiketa kako biste pove\u0107ali svoje \u0161anse za pobedu u Thunderball-u. Slede\u0107i korak je da se prijavite na izvla\u010denje, a to je najbolji deo.<\/span><\/p>\n<p><span style=\"font-weight: 400;\">Thunderball ima \u010detiri izvla\u010denja nedeljno. To zna\u010di da imate \u010detiri puta ve\u0107e \u0161anse da osvojite d\u017eekpot sa Thunderball-om. Mo\u017eete se prijaviti samo za jedno izvla\u010denje, ali je verovatno najbolje u\u010destvovati u vi\u0161e izvla\u010denja kako biste imali mnogo ve\u0107e \u0161anse za pobedu. Kada igrate sa nama, zamoli\u0107emo vas da se registrujete kako bismo vas mogli obavestiti kada osvojite nagradu.<\/span><\/p>\n<section class=\"layout\" style=\"border: solid 1px; width: 100%;\">\n<div class=\"img-div\" style=\"margin-top: 5px;\"> <img decoding=\"async\" class=\"wp-image-17212 alignleft\" style=\"height: 45px; margin: 8px 8px 0px;\" src=\"https:\/\/jackpotlotteryonline.com\/wp-content\/uploads\/2022\/11\/read1.jpg\" alt=\"read\" width=\"\" height=\"\" \/> <\/div>\n<div style=\"padding-left: 5px;\">\n<div style=\"font-size: 1.1em;\"> <strong>Da li je legalno igrati lutrije iz drugih zemalja online?<\/strong> <\/p>\n<p style=\"font-size: 0.85em; margin-top: -1.5em;\">Da li je legalno kupiti lutrijski tiket online i da li \u0107u stvarno biti ispla\u0107en?\u00a0 <a href=\"https:\/\/jackpotlotteryonline.com\/is-it-legal-to-play-lotteries-from-other-countries-online\"> pro\u010ditajte vi\u0161e<\/a><\/p>\n<\/p><\/div>\n<\/p><\/div>\n<\/section>\n<h2><span style=\"font-weight: 400;\">\u0160ta raditi kada pobedite<\/span><\/h2>\n<p> <span style=\"font-weight: 400;\">Ako osvojite nagradu, posla\u0107emo vam email sa obave\u0161tenjem. Tako\u0111e \u0107e postojati obave\u0161tenje na na\u0161oj platformi, tako da \u0107ete ga primiti slede\u0107i put kada se ulogujete. Ali, tu ne staje sve.<\/span><br \/>\n<span style=\"font-weight: 400;\">Ako je va\u0161a nagrada manja od \u20ac\u200e2500, mo\u017eete je jednostavno podi\u0107i direktno sa na\u0161e platforme. Nema potrebe za dodatnom procedurom \u2013 samo podignite svoj novac. Za iznose ve\u0107e od \u20ac\u200e2500, mo\u017eda \u0107e biti potrebno da popunite obrazac za potra\u017eivanje kako biste preuzeli nagradu direktno od lutrijske kompanije. Ali ne brinite, mi smo ovde da vam pomognemo i sa tim.<\/span><\/p>\n<h2><span style=\"font-weight: 400;\">Nagrade koje mo\u017eete osvojiti<\/span><\/h2>\n<p> <span style=\"font-weight: 400;\">Dakle, \u0161ta ta\u010dno mo\u017eete osvojiti kada igrate Thunderball lutriju? Ova UK Thunderball ima nekoliko kategorija nagrada, a postoji \u010dak i nagrada samo za poklapanje Thunderball broja. Tako su \u0161anse da osvojite ne\u0161to prili\u010dno visoke. Evo pregleda kategorija nagrada za UK Thunderball kao i \u0161ansi za pobedu:<\/span><br \/>\n<span style=\"font-weight: 400;\">Kategorija 1: Pogodi 5 + Thunderball &#8211; 1 u 8,060,598 &#8211; \u00a3500,000<\/span><\/p>\n<p><span style=\"font-weight: 400;\">Kategorija 2: Pogodi samo 5 &#8211; 1 u 620,046 &#8211; \u00a35,000<\/span><\/p>\n<p><span style=\"font-weight: 400;\">Kategorija 3: Pogodi 4 + Thunderball &#8211; 1 u 47,416 &#8211; \u00a3250<\/span><\/p>\n<p><span style=\"font-weight: 400;\">Kategorija 4: Pogodi samo 4 &#8211; 1 u 3,648 &#8211; \u00a3100<\/span><\/p>\n<p><span style=\"font-weight: 400;\">Kategorija 5: Pogodi 3 + Thunderball &#8211; 1 u 1,437 &#8211; \u00a320<\/span><\/p>\n<p><span style=\"font-weight: 400;\">Kategorija 6: Pogodi samo 3 &#8211; 1 u 111 &#8211; \u00a310<\/span><\/p>\n<p><span style=\"font-weight: 400;\">Kategorija 7: Pogodi 2 + Thunderball &#8211; 1 u 135 &#8211; \u00a310<\/span><\/p>\n<p><span style=\"font-weight: 400;\">Kategorija 8: Pogodi 1 + Thunderball &#8211; 1 u 35 &#8211; \u00a35<\/span><\/p>\n<p><span style=\"font-weight: 400;\">Kategorija 9: Pogodi samo Thunderball &#8211; 1 u 29 &#8211; \u00a33<\/span><\/p>\n<p><span style=\"font-weight: 400;\">Sa Thunderball-om, postoji ne\u0161to za svakoga, bez obzira da li \u017eivite u UK ili ne. Sada mo\u017eete igrati ovu UK lutriju i imati \u0161ansu da osvojite, a kada igrate sa nama, lako mo\u017eete podi\u0107i svoje dobitke.<\/span><\/p>\n<h2><span style=\"font-weight: 400;\">Prednosti kori\u0161\u0107enja concierge sajta<\/span><\/h2>\n<p> <span style=\"font-weight: 400;\"><img loading=\"lazy\" decoding=\"async\" class=\"alignright size-full wp-image-28940\" src=\"https:\/\/jackpotlotteryonline.com\/wp-content\/uploads\/2022\/11\/1_pick_winning_numbers_lottery.jpg\" alt=\"\" width=\"300\" height=\"200\" \/>Neverovatna stvar kod concierge sajta je \u0161to nikada ne morate da se pitate da li ste zaista u\u010destvovali u lutriji. Ovo je pravi problem jer mnogi sajtovi zapravo ne omogu\u0107avaju svojim korisnicima pristup lutriji. Ono \u0161to oni rade jeste da dozvoljavaju korisnicima da se klade na ishod lutrije, \u0161to nije isto.<\/span><br \/>\n<span style=\"font-weight: 400;\">Na jackpotlotteryonline.com, na\u0161im korisnicima omogu\u0107avamo pristup vrhunskim me\u0111unarodnim lutrijama \u0161irom sveta. To je zato \u0161to vodimo concierge sajt na kojem imamo agente u razli\u010ditim delovima sveta. Kada kupite lutrijske tikete od nas, na\u0161 agent u toj zemlji kupuje fizi\u010dki tiket sa odgovaraju\u0107im brojevima. Tiket se potom skenira i \u0161alje vama.<\/span><\/p>\n<p><span style=\"font-weight: 400;\">Kada kupite svoj tiket za Thunderball lutriju od nas, budite sigurni da, ako poklopite izvu\u010dene brojeve, osvajate lutriju. Tako jednostavno, a upravo to daje na\u0161im korisnicima mir i sigurnost da mogu da igraju lutriju online.<\/span><\/p>\n<h2><span style=\"font-weight: 400;\">Igraj UK Thunderball online<\/span><\/h2>\n<p> <span style=\"font-weight: 400;\">Ako ste oduvek \u017eeleli da igrate Thunderball lutriju, a \u017eivite van UK, imate sre\u0107e. Kada posetite jackpotlotteryonline.com, dobijate pristup vrhunskim me\u0111unarodnim lutrijama, uklju\u010duju\u0107i Thunderball. Mi smo concierge sajt, \u0161to zna\u010di da kada igrate sa nama, dobijate pravu lutrijsku igru.<\/span><br \/>\n<span style=\"font-weight: 400;\">Vreme je da probate svoju sre\u0107u i osvojite \u017eivotno menjaju\u0107u nagradu sa Thunderball-om. Igrajte Thunderball online ve\u0107 danas i imate \u0161ansu da osvojite lutriju.<\/span><\/p>\n","protected":false},"excerpt":{"rendered":"<p>UK Thunderball postoji ve\u0107 dosta vremena. Nije stara kao neke druge evropske lutrije (poput La Primitiva), po\u0161to je svoje prvo izvla\u010denje imala 1999. godine. Ipak, tokom tog vremena, Thunderball je promenio i nastavlja da menja \u017eivote mnogih. D\u017eekpot nagrada od pet stotina hiljada funti mo\u017eda ne izgleda kao mnogo, ali je to iznos koji menja [&hellip;]<\/p>\n","protected":false},"author":7,"featured_media":0,"parent":73093,"menu_order":12,"comment_status":"closed","ping_status":"closed","template":"thunderball.php","meta":{"_et_pb_use_builder":"","_et_pb_old_content":"","_et_gb_content_width":"","exclude_from_search":false,"footnotes":""},"class_list":["post-73448","page","type-page","status-publish","hentry"],"yoast_head":"<!-- This site is optimized with the Yoast SEO plugin v23.3 - https:\/\/yoast.com\/wordpress\/plugins\/seo\/ -->\n<title>Igrajte UK Thunderball lutriju online, \u010dak i ako \u017eivite van UK<\/title>\n<meta name=\"description\" content=\"Ljubitelji lutrije izvan UK sada mogu da igraju Thunderball online \u2013 kupite svoje tikete online putem na\u0161e messenger usluge.\" \/>\n<meta name=\"robots\" content=\"index, follow, max-snippet:-1, max-image-preview:large, max-video-preview:-1\" \/>\n<link rel=\"canonical\" href=\"https:\/\/jackpotlotteryonline.com\/sr\/online-lutrijski-dogadaji-i-igre\/igraj-thunderball-uk-lutriju-online\/\" \/>\n<meta property=\"og:locale\" content=\"sr_RS\" \/>\n<meta property=\"og:type\" content=\"article\" \/>\n<meta property=\"og:title\" content=\"Igrajte UK Thunderball lutriju online, \u010dak i ako \u017eivite van UK\" \/>\n<meta property=\"og:description\" content=\"Ljubitelji lutrije izvan UK sada mogu da igraju Thunderball online \u2013 kupite svoje tikete online putem na\u0161e messenger usluge.\" \/>\n<meta property=\"og:url\" content=\"https:\/\/jackpotlotteryonline.com\/sr\/online-lutrijski-dogadaji-i-igre\/igraj-thunderball-uk-lutriju-online\/\" \/>\n<meta property=\"og:site_name\" content=\"Lotto Online - Crack The International Lottery Jackpots\" \/>\n<meta property=\"og:image\" content=\"https:\/\/jackpotlotteryonline.com\/wp-content\/uploads\/2022\/11\/lotteryticket.jpg\" \/>\n<meta name=\"twitter:card\" content=\"summary_large_image\" \/>\n<!-- \/ Yoast SEO plugin. -->","yoast_head_json":{"title":"Igrajte UK Thunderball lutriju online, \u010dak i ako \u017eivite van UK","description":"Ljubitelji lutrije izvan UK sada mogu da igraju Thunderball online \u2013 kupite svoje tikete online putem na\u0161e messenger usluge.","robots":{"index":"index","follow":"follow","max-snippet":"max-snippet:-1","max-image-preview":"max-image-preview:large","max-video-preview":"max-video-preview:-1"},"canonical":"https:\/\/jackpotlotteryonline.com\/sr\/online-lutrijski-dogadaji-i-igre\/igraj-thunderball-uk-lutriju-online\/","og_locale":"sr_RS","og_type":"article","og_title":"Igrajte UK Thunderball lutriju online, \u010dak i ako \u017eivite van UK","og_description":"Ljubitelji lutrije izvan UK sada mogu da igraju Thunderball online \u2013 kupite svoje tikete online putem na\u0161e messenger usluge.","og_url":"https:\/\/jackpotlotteryonline.com\/sr\/online-lutrijski-dogadaji-i-igre\/igraj-thunderball-uk-lutriju-online\/","og_site_name":"Lotto Online - Crack The International Lottery Jackpots","og_image":[{"url":"https:\/\/jackpotlotteryonline.com\/wp-content\/uploads\/2022\/11\/lotteryticket.jpg"}],"twitter_card":"summary_large_image","schema":{"@context":"https:\/\/schema.org","@graph":[{"@type":"WebPage","@id":"https:\/\/jackpotlotteryonline.com\/sr\/online-lutrijski-dogadaji-i-igre\/igraj-thunderball-uk-lutriju-online\/","url":"https:\/\/jackpotlotteryonline.com\/sr\/online-lutrijski-dogadaji-i-igre\/igraj-thunderball-uk-lutriju-online\/","name":"Igrajte UK Thunderball lutriju online, \u010dak i ako \u017eivite van UK","isPartOf":{"@id":"https:\/\/jackpotlotteryonline.com\/#website"},"primaryImageOfPage":{"@id":"https:\/\/jackpotlotteryonline.com\/sr\/online-lutrijski-dogadaji-i-igre\/igraj-thunderball-uk-lutriju-online\/#primaryimage"},"image":{"@id":"https:\/\/jackpotlotteryonline.com\/sr\/online-lutrijski-dogadaji-i-igre\/igraj-thunderball-uk-lutriju-online\/#primaryimage"},"thumbnailUrl":"https:\/\/jackpotlotteryonline.com\/wp-content\/uploads\/2022\/11\/lotteryticket.jpg","datePublished":"2025-02-04T06:58:19+00:00","dateModified":"2025-02-04T06:58:19+00:00","description":"Ljubitelji lutrije izvan UK sada mogu da igraju Thunderball online \u2013 kupite svoje tikete online putem na\u0161e messenger usluge.","breadcrumb":{"@id":"https:\/\/jackpotlotteryonline.com\/sr\/online-lutrijski-dogadaji-i-igre\/igraj-thunderball-uk-lutriju-online\/#breadcrumb"},"inLanguage":"sr-RS","potentialAction":[{"@type":"ReadAction","target":["https:\/\/jackpotlotteryonline.com\/sr\/online-lutrijski-dogadaji-i-igre\/igraj-thunderball-uk-lutriju-online\/"]}]},{"@type":"ImageObject","inLanguage":"sr-RS","@id":"https:\/\/jackpotlotteryonline.com\/sr\/online-lutrijski-dogadaji-i-igre\/igraj-thunderball-uk-lutriju-online\/#primaryimage","url":"https:\/\/jackpotlotteryonline.com\/wp-content\/uploads\/2022\/11\/lotteryticket.jpg","contentUrl":"https:\/\/jackpotlotteryonline.com\/wp-content\/uploads\/2022\/11\/lotteryticket.jpg"},{"@type":"BreadcrumbList","@id":"https:\/\/jackpotlotteryonline.com\/sr\/online-lutrijski-dogadaji-i-igre\/igraj-thunderball-uk-lutriju-online\/#breadcrumb","itemListElement":[{"@type":"ListItem","position":1,"name":"Home","item":"https:\/\/jackpotlotteryonline.com\/sr\/"},{"@type":"ListItem","position":2,"name":"Online Lutrijski Doga\u0111aji i Igre","item":"https:\/\/jackpotlotteryonline.com\/play-online\/"},{"@type":"ListItem","position":3,"name":"Igraj Thunderball UK lutriju online"}]},{"@type":"WebSite","@id":"https:\/\/jackpotlotteryonline.com\/#website","url":"https:\/\/jackpotlotteryonline.com\/","name":"Lotto Online - Crack The International Lottery Jackpots","description":"","potentialAction":[{"@type":"SearchAction","target":{"@type":"EntryPoint","urlTemplate":"https:\/\/jackpotlotteryonline.com\/?s={search_term_string}"},"query-input":"required name=search_term_string"}],"inLanguage":"sr-RS"}]}},"_links":{"self":[{"href":"https:\/\/jackpotlotteryonline.com\/sr\/wp-json\/wp\/v2\/pages\/73448","targetHints":{"allow":["GET"]}}],"collection":[{"href":"https:\/\/jackpotlotteryonline.com\/sr\/wp-json\/wp\/v2\/pages"}],"about":[{"href":"https:\/\/jackpotlotteryonline.com\/sr\/wp-json\/wp\/v2\/types\/page"}],"author":[{"embeddable":true,"href":"https:\/\/jackpotlotteryonline.com\/sr\/wp-json\/wp\/v2\/users\/7"}],"replies":[{"embeddable":true,"href":"https:\/\/jackpotlotteryonline.com\/sr\/wp-json\/wp\/v2\/comments?post=73448"}],"version-history":[{"count":0,"href":"https:\/\/jackpotlotteryonline.com\/sr\/wp-json\/wp\/v2\/pages\/73448\/revisions"}],"up":[{"embeddable":true,"href":"https:\/\/jackpotlotteryonline.com\/sr\/wp-json\/wp\/v2\/pages\/73093"}],"wp:attachment":[{"href":"https:\/\/jackpotlotteryonline.com\/sr\/wp-json\/wp\/v2\/media?parent=73448"}],"curies":[{"name":"wp","href":"https:\/\/api.w.org\/{rel}","templated":true}]}}