{"id":73472,"date":"2025-02-04T08:01:06","date_gmt":"2025-02-04T08:01:06","guid":{"rendered":"https:\/\/jackpotlotteryonline.com\/?page_id=73472"},"modified":"2025-02-04T08:01:06","modified_gmt":"2025-02-04T08:01:06","slug":"online-lotto-america-igra","status":"publish","type":"page","link":"https:\/\/jackpotlotteryonline.com\/sr\/online-lutrijski-dogadaji-i-igre\/online-lotto-america-igra\/","title":{"rendered":"Online Lotto America Igra"},"content":{"rendered":"<p><span style=\"font-weight: 400;\">\u017delite li saznati kako mo\u017eete igrati Lotto America sa bilo kog mesta u svetu? Sjedinjene Ameri\u010dke Dr\u017eave nude fantasti\u010dne lutrije, uklju\u010duju\u0107i Lotto America, koja je me\u0111unarodna. Interesantno je da ova lutrija obi\u010dno ne dobija mnogo pa\u017enje u pore\u0111enju sa popularnijim igrama kao \u0161to su Powerball ili Mega Millions. Me\u0111utim, iskusni igra\u010di znaju da su nagrade Lotto America ne samo privla\u010dne, ve\u0107 i da su \u0161anse za dobitak ve\u0107e nego kod Powerball-a. Dakle, ako tra\u017eite lutriju sa ve\u0107im \u0161ansama za dobitak u pore\u0111enju sa ve\u0107im igrama, Lotto America mo\u017ee biti pravi izbor.<\/span><\/p>\n<p><span style=\"font-weight: 400;\">Lotto America je lutrija koja se igra u nekoliko ameri\u010dkih dr\u017eava. Karte za ovu igru mogu se lako kupiti u prodavnicama u ovim dr\u017eavama. Ali \u0161ta ako \u017eivite izvan Sjedinjenih Dr\u017eava?<\/span><\/p>\n<p><span style=\"font-weight: 400;\">Dobra vest je da mo\u017eete u\u010destvovati u Lotto America iz bilo kog mesta u svetu. Sa internetom, mo\u017eete lako u\u010destvovati u me\u0111unarodnim lutrijama. Karte za Lotto America mo\u017eete kupiti putem sajtova kao \u0161to je jackpotlotteryonline.com. Ovdje \u0107ete na\u0107i vi\u0161e informacija o tome kako u\u010destvovati u ovoj lutriji i odgovore na \u010desto postavljana pitanja.<\/span><\/p>\n<p><span style=\"font-weight: 400;\">Za vi\u0161e informacija o Lotto America i kako kupiti karte i dobiti nagrade, nastavite sa \u010ditanjem.<\/span><\/p>\n<section class=\"layout\" style=\"border: solid 1px; width: 100%;\">\n<div class=\"img-div\" style=\"margin-top: 5px;\">\n    <img decoding=\"async\" class=\"wp-image-17212 alignleft\" style=\"height: 45px; margin: 8px 8px 0px;\" src=\"http:\/\/jackpotlotteryonline.com\/wp-content\/uploads\/2022\/11\/read1.jpg\" alt=\"read\" width=\"\" height=\"\" \/>\n  <\/div>\n<div style=\"padding-left: 5px;\">\n<div style=\"font-size: 1.1em;\">\n      <strong>Ru\u010dno biranje brojeva ili kori\u0161\u0107enje generatora slu\u010dajnih brojeva (RNG)<\/strong><\/p>\n<p style=\"font-size: 0.85em; margin-top: -1.5em;\">Kako mo\u017eete generisati brojeve sa ve\u0107im \u0161ansama za pobedu? <a href=\"https:\/\/jackpotlotteryonline.com\/how-to-generate-winning-lotto-numbers\">Saznajte vi\u0161e<\/a><\/p>\n<\/p><\/div>\n<\/p><\/div>\n<\/section>\n<h2><span style=\"font-weight: 400;\">O Lotto America<\/span><\/h2>\n<p><span style=\"font-weight: 400;\"><br \/>\n  <img loading=\"lazy\" decoding=\"async\" class=\"alignright size-full wp-image-29534\" src=\"http:\/\/jackpotlotteryonline.com\/wp-content\/uploads\/2022\/11\/1_results_lottery_online5.jpg\" alt=\"play lotto America online\" width=\"300\" height=\"200\" \/><br \/>\n  U pore\u0111enju sa drugim svetskim lutrijama, Lotto America je relativno nova. Pokrenuta je 2017. godine i do danas se igra samo pet godina. Pokrenuta je kao zamena za Hot Lotto, koji je ukinut zbog nekoliko skandala. Me\u0111utim, Lotto America nije imala nikakve sli\u010dne probleme do sada.<br \/>\n<\/span><\/p>\n<p><span style=\"font-weight: 400;\">Lotto America je me\u0111udr\u017eavna lutrija koja se igra u nekoliko ameri\u010dkih dr\u017eava. Stanovnici ovih dr\u017eava mogu lako kupiti karte za ovu lutriju u lokalnim prodavnicama. Ali \u0161ta ako \u017eivite izvan SAD-a?<\/span><\/p>\n<p><span style=\"font-weight: 400;\">Dobra vest je da mo\u017eete u\u010destvovati u Lotto America iz bilo kog mesta u svetu. Po\u0161to internet omogu\u0107ava lak pristup, mo\u017eete jednostavno u\u010destvovati u ovoj velikoj svetskoj lutriji. Da biste to uradili, potrebno je da kupite karte putem online sajtova kao \u0161to je jackpotlotteryonline.com.<\/span><\/p>\n<h2><span style=\"font-weight: 400;\">Kako igrati Lotto America online<\/span><\/h2>\n<p><span style=\"font-weight: 400;\">Trenutno postoji mnogo sajtova koji tvrde da mo\u017eete igrati Lotto America na njima, ali neki od tih sajtova vas mo\u017eda ne\u0107e uputiti na pravu igru, ve\u0107 na kla\u0111enje na rezultate. Ako kupite kartu sa takvih sajtova, zapravo ne\u0107ete u\u010destvovati u pravoj Lotto America igri, i \u010dak i ako pogodite sve brojeve, ne\u0107ete osvojiti nagradu. Zato je va\u017eno odabrati pouzdane sajtove.<\/span><\/p>\n<p><strong>Da biste igrali Lotto America na na\u0161em sajtu, pratite slede\u0107e korake:<\/strong><\/p>\n<ol>\n<li style=\"font-weight: 400;\" aria-level=\"1\"><span style=\"font-weight: 400;\">Izaberite Lotto America.<\/span><\/li>\n<li style=\"font-weight: 400;\" aria-level=\"1\"><span style=\"font-weight: 400;\">Izaberite 5 brojeva izme\u0111u 1 i 52. (Ako niste sigurni koje brojeve da izaberete, mo\u017eete koristiti generator slu\u010dajnih brojeva.)<\/span><\/li>\n<li style=\"font-weight: 400;\" aria-level=\"1\"><span style=\"font-weight: 400;\">Izaberite jedan bonus broj (Star Ball) izme\u0111u 1 i 10.<\/span><\/li>\n<li style=\"font-weight: 400;\" aria-level=\"1\"><span style=\"font-weight: 400;\">Da biste pove\u0107ali \u0161anse, kupite dodatne karte.<\/span><\/li>\n<li style=\"font-weight: 400;\" aria-level=\"1\"><span style=\"font-weight: 400;\"><a href=\"https:\/\/jackpotlotteryonline.com\/winning-numbers\/lotto-america\">U\u010destvujte u \u017erebanju<\/a> (mo\u017eete u\u010destvovati u vi\u0161e \u017erebanja.)<\/span><\/li>\n<li style=\"font-weight: 400;\" aria-level=\"1\"><span style=\"font-weight: 400;\">Registrujte se i izvr\u0161ite uplatu.<\/span><\/li>\n<\/ol>\n<h2><span style=\"font-weight: 400;\">Pretplata na servis<\/span><\/h2>\n<p><span style=\"font-weight: 400;\">Na\u0161 sajt tako\u0111e nudi pretplatni\u010dke usluge koje vam omogu\u0107avaju da automatski kupujete karte za Lotto America. Iako mo\u017eete u\u010destvovati samo jednom, mnogi igra\u010di \u017eele da redovno u\u010destvuju u ovoj lutriji. Najbolji na\u010din da pove\u0107ate \u0161anse za pobedu u Lotto America je da u\u010destvujete stalno.<\/span><\/p>\n<p><span style=\"font-weight: 400;\">Lotto America se odr\u017eava tri puta nedeljno, ponedeljkom, sredom i subotom. Mo\u017eda zaboravite da kupite kartu, ali sa pretplatom, ovo \u0107e se automatski obaviti.<\/span><\/p>\n<p><span style=\"font-weight: 400;\">Aktiviranjem pretplate mo\u017eete \u010dekati sa sigurno\u0161\u0107u da ne\u0107ete propustiti slede\u0107e \u017erebanje.<\/span><\/p>\n<h2><span style=\"font-weight: 400;\">Konsijerske usluge<\/span><\/h2>\n<p><span style=\"font-weight: 400;\">Kao \u0161to je ve\u0107 pomenuto, igranje Lotto America na svakom online sajtu mo\u017ee biti rizi\u010dno. Ali na na\u0161em sajtu, garantujemo da \u0107ete u\u010destvovati u pravoj Lotto America igri.<\/span><\/p>\n<p><span style=\"font-weight: 400;\">Na\u0161a konsijerska usluga funkcioni\u0161e tako \u0161to umesto vas kupujemo prave karte za Lotto America u prodavnicama u Sjedinjenim Dr\u017eavama. Tako\u0111e, ako pobedite, pomo\u0107i \u0107emo vam da bezbedno preuzmete svoju nagradu. Drugim re\u010dima, ovo je profesionalna usluga koja se brine o svim koracima, od kupovine karata do preuzimanja nagrada.<\/span><\/p>\n<p><span style=\"font-weight: 400;\">Igraju\u0107i na na\u0161em sajtu, ima\u0107ete pravu kartu za va\u0161e izabrane brojeve i vodi\u0107emo vas kroz proces proveravanja rezultata i preuzimanja nagrada.<\/span><\/p>\n","protected":false},"excerpt":{"rendered":"<p>\u017delite li saznati kako mo\u017eete igrati Lotto America sa bilo kog mesta u svetu? Sjedinjene Ameri\u010dke Dr\u017eave nude fantasti\u010dne lutrije, uklju\u010duju\u0107i Lotto America, koja je me\u0111unarodna. Interesantno je da ova lutrija obi\u010dno ne dobija mnogo pa\u017enje u pore\u0111enju sa popularnijim igrama kao \u0161to su Powerball ili Mega Millions. Me\u0111utim, iskusni igra\u010di znaju da su nagrade [&hellip;]<\/p>\n","protected":false},"author":7,"featured_media":0,"parent":73093,"menu_order":13,"comment_status":"closed","ping_status":"closed","template":"lotto-america.php","meta":{"_et_pb_use_builder":"","_et_pb_old_content":"","_et_gb_content_width":"","exclude_from_search":false,"footnotes":""},"class_list":["post-73472","page","type-page","status-publish","hentry"],"yoast_head":"<!-- This site is optimized with the Yoast SEO plugin v23.3 - https:\/\/yoast.com\/wordpress\/plugins\/seo\/ -->\n<title>Igrajte Lotto America online sa bilo kog mesta na svetu<\/title>\n<meta name=\"description\" content=\"Saznajte kako mo\u017eete da igrate Lotto America online. Kupite karte sa bilo kog mesta na svetu i osvojite neverovatne nagrade\" \/>\n<meta name=\"robots\" content=\"index, follow, max-snippet:-1, max-image-preview:large, max-video-preview:-1\" \/>\n<link rel=\"canonical\" href=\"https:\/\/jackpotlotteryonline.com\/sr\/online-lutrijski-dogadaji-i-igre\/online-lotto-america-igra\/\" \/>\n<meta property=\"og:locale\" content=\"sr_RS\" \/>\n<meta property=\"og:type\" content=\"article\" \/>\n<meta property=\"og:title\" content=\"Igrajte Lotto America online sa bilo kog mesta na svetu\" \/>\n<meta property=\"og:description\" content=\"Saznajte kako mo\u017eete da igrate Lotto America online. Kupite karte sa bilo kog mesta na svetu i osvojite neverovatne nagrade\" \/>\n<meta property=\"og:url\" content=\"https:\/\/jackpotlotteryonline.com\/sr\/online-lutrijski-dogadaji-i-igre\/online-lotto-america-igra\/\" \/>\n<meta property=\"og:site_name\" content=\"Lotto Online - Crack The International Lottery Jackpots\" \/>\n<meta property=\"og:image\" content=\"http:\/\/jackpotlotteryonline.com\/wp-content\/uploads\/2022\/11\/read1.jpg\" \/>\n<meta name=\"twitter:card\" content=\"summary_large_image\" \/>\n<!-- \/ Yoast SEO plugin. -->","yoast_head_json":{"title":"Igrajte Lotto America online sa bilo kog mesta na svetu","description":"Saznajte kako mo\u017eete da igrate Lotto America online. Kupite karte sa bilo kog mesta na svetu i osvojite neverovatne nagrade","robots":{"index":"index","follow":"follow","max-snippet":"max-snippet:-1","max-image-preview":"max-image-preview:large","max-video-preview":"max-video-preview:-1"},"canonical":"https:\/\/jackpotlotteryonline.com\/sr\/online-lutrijski-dogadaji-i-igre\/online-lotto-america-igra\/","og_locale":"sr_RS","og_type":"article","og_title":"Igrajte Lotto America online sa bilo kog mesta na svetu","og_description":"Saznajte kako mo\u017eete da igrate Lotto America online. Kupite karte sa bilo kog mesta na svetu i osvojite neverovatne nagrade","og_url":"https:\/\/jackpotlotteryonline.com\/sr\/online-lutrijski-dogadaji-i-igre\/online-lotto-america-igra\/","og_site_name":"Lotto Online - Crack The International Lottery Jackpots","og_image":[{"url":"http:\/\/jackpotlotteryonline.com\/wp-content\/uploads\/2022\/11\/read1.jpg"}],"twitter_card":"summary_large_image","schema":{"@context":"https:\/\/schema.org","@graph":[{"@type":"WebPage","@id":"https:\/\/jackpotlotteryonline.com\/sr\/online-lutrijski-dogadaji-i-igre\/online-lotto-america-igra\/","url":"https:\/\/jackpotlotteryonline.com\/sr\/online-lutrijski-dogadaji-i-igre\/online-lotto-america-igra\/","name":"Igrajte Lotto America online sa bilo kog mesta na svetu","isPartOf":{"@id":"https:\/\/jackpotlotteryonline.com\/#website"},"primaryImageOfPage":{"@id":"https:\/\/jackpotlotteryonline.com\/sr\/online-lutrijski-dogadaji-i-igre\/online-lotto-america-igra\/#primaryimage"},"image":{"@id":"https:\/\/jackpotlotteryonline.com\/sr\/online-lutrijski-dogadaji-i-igre\/online-lotto-america-igra\/#primaryimage"},"thumbnailUrl":"http:\/\/jackpotlotteryonline.com\/wp-content\/uploads\/2022\/11\/read1.jpg","datePublished":"2025-02-04T08:01:06+00:00","dateModified":"2025-02-04T08:01:06+00:00","description":"Saznajte kako mo\u017eete da igrate Lotto America online. Kupite karte sa bilo kog mesta na svetu i osvojite neverovatne nagrade","breadcrumb":{"@id":"https:\/\/jackpotlotteryonline.com\/sr\/online-lutrijski-dogadaji-i-igre\/online-lotto-america-igra\/#breadcrumb"},"inLanguage":"sr-RS","potentialAction":[{"@type":"ReadAction","target":["https:\/\/jackpotlotteryonline.com\/sr\/online-lutrijski-dogadaji-i-igre\/online-lotto-america-igra\/"]}]},{"@type":"ImageObject","inLanguage":"sr-RS","@id":"https:\/\/jackpotlotteryonline.com\/sr\/online-lutrijski-dogadaji-i-igre\/online-lotto-america-igra\/#primaryimage","url":"http:\/\/jackpotlotteryonline.com\/wp-content\/uploads\/2022\/11\/read1.jpg","contentUrl":"http:\/\/jackpotlotteryonline.com\/wp-content\/uploads\/2022\/11\/read1.jpg"},{"@type":"BreadcrumbList","@id":"https:\/\/jackpotlotteryonline.com\/sr\/online-lutrijski-dogadaji-i-igre\/online-lotto-america-igra\/#breadcrumb","itemListElement":[{"@type":"ListItem","position":1,"name":"Home","item":"https:\/\/jackpotlotteryonline.com\/sr\/"},{"@type":"ListItem","position":2,"name":"Online Lutrijski Doga\u0111aji i Igre","item":"https:\/\/jackpotlotteryonline.com\/play-online\/"},{"@type":"ListItem","position":3,"name":"Online Lotto America Igra"}]},{"@type":"WebSite","@id":"https:\/\/jackpotlotteryonline.com\/#website","url":"https:\/\/jackpotlotteryonline.com\/","name":"Lotto Online - Crack The International Lottery Jackpots","description":"","potentialAction":[{"@type":"SearchAction","target":{"@type":"EntryPoint","urlTemplate":"https:\/\/jackpotlotteryonline.com\/?s={search_term_string}"},"query-input":"required name=search_term_string"}],"inLanguage":"sr-RS"}]}},"_links":{"self":[{"href":"https:\/\/jackpotlotteryonline.com\/sr\/wp-json\/wp\/v2\/pages\/73472","targetHints":{"allow":["GET"]}}],"collection":[{"href":"https:\/\/jackpotlotteryonline.com\/sr\/wp-json\/wp\/v2\/pages"}],"about":[{"href":"https:\/\/jackpotlotteryonline.com\/sr\/wp-json\/wp\/v2\/types\/page"}],"author":[{"embeddable":true,"href":"https:\/\/jackpotlotteryonline.com\/sr\/wp-json\/wp\/v2\/users\/7"}],"replies":[{"embeddable":true,"href":"https:\/\/jackpotlotteryonline.com\/sr\/wp-json\/wp\/v2\/comments?post=73472"}],"version-history":[{"count":0,"href":"https:\/\/jackpotlotteryonline.com\/sr\/wp-json\/wp\/v2\/pages\/73472\/revisions"}],"up":[{"embeddable":true,"href":"https:\/\/jackpotlotteryonline.com\/sr\/wp-json\/wp\/v2\/pages\/73093"}],"wp:attachment":[{"href":"https:\/\/jackpotlotteryonline.com\/sr\/wp-json\/wp\/v2\/media?parent=73472"}],"curies":[{"name":"wp","href":"https:\/\/api.w.org\/{rel}","templated":true}]}}