{"id":73497,"date":"2025-02-04T08:22:14","date_gmt":"2025-02-04T08:22:14","guid":{"rendered":"https:\/\/jackpotlotteryonline.com\/?page_id=73497"},"modified":"2025-02-04T08:22:14","modified_gmt":"2025-02-04T08:22:14","slug":"set-for-life-online-lutrija","status":"publish","type":"page","link":"https:\/\/jackpotlotteryonline.com\/sr\/online-lutrijski-dogadaji-i-igre\/set-for-life-online-lutrija\/","title":{"rendered":"Set For Life Online Lutrija"},"content":{"rendered":"<p>Mnogi ljudi sada shvataju kako mogu da planiraju ostatak svog \u017eivota. Ta\u010dno to je ono \u0161to britanska lutrija Set for Life nudi: priliku da osvoji\u0161 10.000 funti svakog meseca tokom 30 godina. Ova lutrija je za penziju, ne za jednokratnu isplatu, \u0161to zna\u010di da dobitnici ne\u0107e primiti ogromnu svotu novca u jednom trenutku. Na prvi pogled, ovo mo\u017ee delovati manje uzbudljivo u pore\u0111enju sa drugim lutrijama koje nude stotine miliona evra u d\u017eekpotovima. Me\u0111utim, mnogi ljudi nisu komotni sa primanjem ogromnih iznosa u jednom trenutku. Tako\u0111e, postoje pri\u010de o dobitnicima lutrija koji su potro\u0161ili sav svoj novac u roku od nekoliko godina. Na sre\u0107u, sa britanskom lutrijom, takve brige ne postoje. Dobitnici \u0107e primati fiksnih 10.000 funti svakog meseca.<\/p>\n<p>Iako je ovo britanska lutrija, mo\u017eda \u017eelite da saznate kako mo\u017eete da u\u010destvujete ako niste u Velikoj Britaniji. Sre\u0107om, mo\u017eete da u\u010destvujete, a mi \u0107emo vam pokazati kako da kupite tiket i u\u010destvujete.<\/p>\n<p>Mogu li da igram Set For Life izvan Velike Britanije?<\/p>\n<p>Iako je Set For Life britanska lutrija, \u017eelja za osvojenjem nagrade je univerzalna. Iskreno, ko ne bi \u017eeleo da osvoji 10.000 funti svakog meseca tokom 30 godina? Ova lutrija je za penziju, ne za jednokratnu isplatu, pa nema onog ogromnog finansijskog pritiska koji dolazi sa dobijanjem ogromnih iznosa u jednom trenutku. Obi\u010dno, Set For Life tiketi su dostupni samo u Velikoj Britaniji, \u0161to zna\u010di da je ova lutrija dizajnirana specijalno za britanske gra\u0111ane. Me\u0111utim, danas, zahvaljuju\u0107i internetu, bilo ko mo\u017ee da kupi tiket i u\u010destvuje, bez obzira gde se nalazi.<\/p>\n<p>Preko interneta, mo\u017eete kupiti Set For Life tikete i u\u010destvovati u igri online. Dakle, bez obzira da li ste u Velikoj Britaniji ili ne, mo\u017eete da u\u010destvujete i imate \u0161ansu da osvojite veliku nagradu.<\/p>\n<p>Kako da igram?<\/p>\n<p>Da biste u\u010destvovali u Set For Life lutriji, treba da izaberete 5 brojeva od 1 do 47, a zatim i Life Ball broj od 1 do 10. Tako\u0111e mo\u017eete da izaberete na kojem izvla\u010denju \u017eelite da u\u010destvujete ili za nekoliko nedelja unapred.<\/p>\n<p>Na na\u0161oj platformi, mo\u017eete koristiti generator nasumi\u010dnih brojeva da izaberete svoje brojeve ili se odlu\u010diti da u\u010destvujete automatski na nekoliko nedelja.<\/p>\n<p>Set For Life izvla\u010denja se odr\u017eavaju dva puta nedeljno, ponedeljkom i \u010detvrtkom uve\u010de, tako da ne\u0107ete propustiti nijedno izvla\u010denje.<\/p>\n<p>Saveti za online igranje<\/p>\n<p>Pre svega, va\u017eno je da koristite pouzdanu platformu za kupovinu tiketa. Bezbednost i kredibilitet sajta su klju\u010dni kada igrate online. Tako\u0111e, va\u017eno je da izaberete sajt koji vam omogu\u0107ava da potvrdite dobitne tikete i jednostavno preuzmete svoje nagrade.<\/p>\n<p>Kada igrate, trebalo bi da razmislite o kupovini vi\u0161e tiketa i u\u010destvovanju u vi\u0161e izvla\u010denja kako biste pove\u0107ali \u0161anse za osvajanje.<\/p>\n<p>Kategorije nagrada Set For Life<\/p>\n<p>Glavna nagrada u Set For Life je zaista impresivna: 10.000 funti svakog meseca tokom 30 godina. Ova nagrada je veoma popularna me\u0111u onima koji \u017eele da imaju stabilan prihod u penziji. Me\u0111utim, osim glavne nagrade, postoje i druge kategorije nagrada:<\/p>\n<p>Kategorija 1: 5 brojeva + Life Ball \u2013 10.000 funti mese\u010dno tokom 30 godina<br \/>\nKategorija 2: 5 brojeva \u2013 10.000 funti mese\u010dno tokom 1 godine<br \/>\nKategorija 3: 4 broja + Life Ball \u2013 250 funti<br \/>\nKategorija 4: 4 broja \u2013 50 funti<br \/>\nKategorija 5: 3 broja + Life Ball \u2013 30 funti<br \/>\nKategorija 6: 3 broja \u2013 20 funti<br \/>\nKategorija 7: 2 broja + Life Ball \u2013 10 funti<br \/>\nKategorija 8: 2 broja \u2013 5 funti<br \/>\nPridru\u017eite se Set For Life danas<\/p>\n<p>Mi smo platforma koja omogu\u0107ava igra\u010dima \u0161irom sveta da u\u010destvuju u velikim me\u0111unarodnim lutrijama poput Set For Life. Kori\u0161\u0107enjem na\u0161e platforme, mo\u017eete lako kupiti tiket i u\u010destvovati u ovoj lutriji.<\/p>\n<p>Ne samo da \u0107ete dobiti tikete za izvla\u010denje, ve\u0107 \u0107emo vam pomo\u0107i da jednostavno preuzmete svoju nagradu ukoliko pobedite.<\/p>\n<p>Kupite svoj tiket i u\u010destvujte u Set For Life ve\u0107 danas.<\/p>\n","protected":false},"excerpt":{"rendered":"<p>Mnogi ljudi sada shvataju kako mogu da planiraju ostatak svog \u017eivota. Ta\u010dno to je ono \u0161to britanska lutrija Set for Life nudi: priliku da osvoji\u0161 10.000 funti svakog meseca tokom 30 godina. Ova lutrija je za penziju, ne za jednokratnu isplatu, \u0161to zna\u010di da dobitnici ne\u0107e primiti ogromnu svotu novca u jednom trenutku. Na prvi [&hellip;]<\/p>\n","protected":false},"author":7,"featured_media":0,"parent":73093,"menu_order":11,"comment_status":"closed","ping_status":"closed","template":"set-for-life.php","meta":{"_et_pb_use_builder":"","_et_pb_old_content":"","_et_gb_content_width":"","exclude_from_search":false,"footnotes":""},"class_list":["post-73497","page","type-page","status-publish","hentry"],"yoast_head":"<!-- This site is optimized with the Yoast SEO plugin v23.3 - https:\/\/yoast.com\/wordpress\/plugins\/seo\/ -->\n<title>Igrajte Set for Life van Velike Britanije<\/title>\n<meta name=\"description\" content=\"Igrajte britansku lutriju sa anuitetom online i osvojite \u0161ansu da budete obezbe\u0111eni za ostatak svog \u017eivota.\" \/>\n<meta name=\"robots\" content=\"index, follow, max-snippet:-1, max-image-preview:large, max-video-preview:-1\" \/>\n<link rel=\"canonical\" href=\"https:\/\/jackpotlotteryonline.com\/sr\/online-lutrijski-dogadaji-i-igre\/set-for-life-online-lutrija\/\" \/>\n<meta property=\"og:locale\" content=\"sr_RS\" \/>\n<meta property=\"og:type\" content=\"article\" \/>\n<meta property=\"og:title\" content=\"Igrajte Set for Life van Velike Britanije\" \/>\n<meta property=\"og:description\" content=\"Igrajte britansku lutriju sa anuitetom online i osvojite \u0161ansu da budete obezbe\u0111eni za ostatak svog \u017eivota.\" \/>\n<meta property=\"og:url\" content=\"https:\/\/jackpotlotteryonline.com\/sr\/online-lutrijski-dogadaji-i-igre\/set-for-life-online-lutrija\/\" \/>\n<meta property=\"og:site_name\" content=\"Lotto Online - Crack The International Lottery Jackpots\" \/>\n<meta name=\"twitter:card\" content=\"summary_large_image\" \/>\n<!-- \/ Yoast SEO plugin. -->","yoast_head_json":{"title":"Igrajte Set for Life van Velike Britanije","description":"Igrajte britansku lutriju sa anuitetom online i osvojite \u0161ansu da budete obezbe\u0111eni za ostatak svog \u017eivota.","robots":{"index":"index","follow":"follow","max-snippet":"max-snippet:-1","max-image-preview":"max-image-preview:large","max-video-preview":"max-video-preview:-1"},"canonical":"https:\/\/jackpotlotteryonline.com\/sr\/online-lutrijski-dogadaji-i-igre\/set-for-life-online-lutrija\/","og_locale":"sr_RS","og_type":"article","og_title":"Igrajte Set for Life van Velike Britanije","og_description":"Igrajte britansku lutriju sa anuitetom online i osvojite \u0161ansu da budete obezbe\u0111eni za ostatak svog \u017eivota.","og_url":"https:\/\/jackpotlotteryonline.com\/sr\/online-lutrijski-dogadaji-i-igre\/set-for-life-online-lutrija\/","og_site_name":"Lotto Online - Crack The International Lottery Jackpots","twitter_card":"summary_large_image","schema":{"@context":"https:\/\/schema.org","@graph":[{"@type":"WebPage","@id":"https:\/\/jackpotlotteryonline.com\/sr\/online-lutrijski-dogadaji-i-igre\/set-for-life-online-lutrija\/","url":"https:\/\/jackpotlotteryonline.com\/sr\/online-lutrijski-dogadaji-i-igre\/set-for-life-online-lutrija\/","name":"Igrajte Set for Life van Velike Britanije","isPartOf":{"@id":"https:\/\/jackpotlotteryonline.com\/#website"},"datePublished":"2025-02-04T08:22:14+00:00","dateModified":"2025-02-04T08:22:14+00:00","description":"Igrajte britansku lutriju sa anuitetom online i osvojite \u0161ansu da budete obezbe\u0111eni za ostatak svog \u017eivota.","breadcrumb":{"@id":"https:\/\/jackpotlotteryonline.com\/sr\/online-lutrijski-dogadaji-i-igre\/set-for-life-online-lutrija\/#breadcrumb"},"inLanguage":"sr-RS","potentialAction":[{"@type":"ReadAction","target":["https:\/\/jackpotlotteryonline.com\/sr\/online-lutrijski-dogadaji-i-igre\/set-for-life-online-lutrija\/"]}]},{"@type":"BreadcrumbList","@id":"https:\/\/jackpotlotteryonline.com\/sr\/online-lutrijski-dogadaji-i-igre\/set-for-life-online-lutrija\/#breadcrumb","itemListElement":[{"@type":"ListItem","position":1,"name":"Home","item":"https:\/\/jackpotlotteryonline.com\/sr\/"},{"@type":"ListItem","position":2,"name":"Online Lutrijski Doga\u0111aji i Igre","item":"https:\/\/jackpotlotteryonline.com\/play-online\/"},{"@type":"ListItem","position":3,"name":"Set For Life Online Lutrija"}]},{"@type":"WebSite","@id":"https:\/\/jackpotlotteryonline.com\/#website","url":"https:\/\/jackpotlotteryonline.com\/","name":"Lotto Online - Crack The International Lottery Jackpots","description":"","potentialAction":[{"@type":"SearchAction","target":{"@type":"EntryPoint","urlTemplate":"https:\/\/jackpotlotteryonline.com\/?s={search_term_string}"},"query-input":"required name=search_term_string"}],"inLanguage":"sr-RS"}]}},"_links":{"self":[{"href":"https:\/\/jackpotlotteryonline.com\/sr\/wp-json\/wp\/v2\/pages\/73497","targetHints":{"allow":["GET"]}}],"collection":[{"href":"https:\/\/jackpotlotteryonline.com\/sr\/wp-json\/wp\/v2\/pages"}],"about":[{"href":"https:\/\/jackpotlotteryonline.com\/sr\/wp-json\/wp\/v2\/types\/page"}],"author":[{"embeddable":true,"href":"https:\/\/jackpotlotteryonline.com\/sr\/wp-json\/wp\/v2\/users\/7"}],"replies":[{"embeddable":true,"href":"https:\/\/jackpotlotteryonline.com\/sr\/wp-json\/wp\/v2\/comments?post=73497"}],"version-history":[{"count":0,"href":"https:\/\/jackpotlotteryonline.com\/sr\/wp-json\/wp\/v2\/pages\/73497\/revisions"}],"up":[{"embeddable":true,"href":"https:\/\/jackpotlotteryonline.com\/sr\/wp-json\/wp\/v2\/pages\/73093"}],"wp:attachment":[{"href":"https:\/\/jackpotlotteryonline.com\/sr\/wp-json\/wp\/v2\/media?parent=73497"}],"curies":[{"name":"wp","href":"https:\/\/api.w.org\/{rel}","templated":true}]}}