{"id":73521,"date":"2025-02-04T08:49:00","date_gmt":"2025-02-04T08:49:00","guid":{"rendered":"https:\/\/jackpotlotteryonline.com\/?page_id=73521"},"modified":"2025-02-04T08:49:00","modified_gmt":"2025-02-04T08:49:00","slug":"igrajte-online-njujorskoj-lutriji","status":"publish","type":"page","link":"https:\/\/jackpotlotteryonline.com\/sr\/online-lutrijski-dogadaji-i-igre\/igrajte-online-njujorskoj-lutriji\/","title":{"rendered":"Igrajte Online Njujor\u0161koj Lutriji"},"content":{"rendered":"<p>Istorija Njujor\u0161ke lutrije je puna dobrih stvari i pozitivne energije. Ova lutrija je stvorena kao na\u010din za podr\u0161ku obrazovanju, \u0161to je sjajan na\u010din za one koji \u017eele da se zabave i istovremeno doprinesu ne\u010demu dobrom u svetu. Ako \u017eelite da se ose\u0107ate kao da poma\u017eete ne\u010demu korisnom, Njujor\u0161ka lutrija je odli\u010dan izbor.<\/p>\n<p>Ali naj\u010de\u0161\u0107e pitanje koje mnogi igra\u010di postavljaju je: \u201eKako mogu da u\u010destvujem u ovoj lutriji ako ne \u017eivim u Njujorku?\u201c Kao \u0161to mo\u017eete da pretpostavite, Njujor\u0161ka lutrija je dr\u017eavna lutrija, pa je kupovina tiketa jednostavna za one koji \u017eive u Njujorku. Ali ako \u017eivite u drugoj saveznoj dr\u017eavi ili na drugom kontinentu, situacija je malo druga\u010dija.<\/p>\n<p>Me\u0111utim, ne brinite, re\u0107i \u0107emo vam kako mo\u017eete u\u010destvovati u Njujor\u0161koj lutriji iz bilo kog dela sveta. Da biste u\u010destvovali u narednom izvla\u010denju, samo posetite sajt jackpotlotteryonline.com i po\u010dnite!<\/p>\n<p>Saveti za igranje Njujor\u0161ke lutrije<\/p>\n<p>Pre nego \u0161to razmotrimo detalje kako da igrate, evo nekoliko osnovnih saveta za igra\u010de koji \u017eele da po\u010dnu da igraju Njujor\u0161ku lutriju. Iako govorimo specifi\u010dno o ovoj lutriji, ovi saveti su korisni i za mnoge druge me\u0111unarodne lutrije. Zapravo, mo\u017eete koristiti isti metod za u\u010de\u0161\u0107e u lutrijama \u0161irom sveta.<\/p>\n<p>Saveti za igranje Njujor\u0161ke lutrije uklju\u010duju:<\/p>\n<p>Pa\u017eljivo birajte svoje brojeve. Iako ne postoji na\u010din da se ta\u010dno predvi\u0111aju brojevi koji \u0107e biti izvu\u010deni, va\u017eno je da birate brojeve koji su vam zna\u010dajni.<br \/>\nProverite dodatne brojeve. Mnogi igra\u010di ne shvataju da dodatni brojevi mogu biti podjednako va\u017eni kao i osnovni brojevi. Ovi brojevi se koriste za odre\u0111ivanje drugih nivoa nagrada i ponekad mogu doneti zna\u010dajne nagrade.<br \/>\nNe propustite izvla\u010denja. Da biste osvojili, va\u017eno je da u\u010destvujete u izvla\u010denju. Njujor\u0161ka lutrija ima dva izvla\u010denja nedeljno \u2013 svake srede i subote. Obavezno u\u010destvujte u oba izvla\u010denja. Tako\u0111e, mo\u017eete se prijaviti i za vi\u0161e nedeljnih izvla\u010denja (vi\u0161e o tome kasnije).<br \/>\nOffline protiv Online<\/p>\n<p>Koja je razlika izme\u0111u offline i online igre i koji su benefiti online igranja? Ovo je \u010desto postavljano, i potpuno je legitimno pitanje. Na primer, ako \u017eivite u Njujorku, mo\u017eda ne shvatate za\u0161to je online igranje toliko posebno. Pa, jedan od glavnih razloga \u0107emo navesti \u2013 udobnost.<\/p>\n<p>Proces pronala\u017eenja prodavca za lutrijske tikete mo\u017ee biti stresan, naro\u010dito ako imate samo nekoliko minuta do zatvaranja prodaje tiketa. Ako \u017eelite da u\u010destvujete u vi\u0161e lutrija, morate da idete na razna mesta, \u0161to je dodatna neprijatnost.<\/p>\n<p>Online lutrija pru\u017ea udobnost kakvu nikada ranije niste iskusili. Samo nekoliko klikova na ra\u010dunaru ili mobilnom telefonu omogu\u0107ava vam da kupite tikete, proverite rezultate, pa \u010dak i da primite nagrade. Nikada ne\u0107ete \u017eeleti da se vratite na stare na\u010dine igre nakon \u0161to probate online lutriju.<\/p>\n<p>Kako da igrate online<\/p>\n<p>Bilo da ste iskusan igra\u010d ili po\u010detnik, online igranje je brzo, jednostavno i vizuelno atraktivno. Pratite slede\u0107e korake kako biste igrali Njujor\u0161ku lutriju:<\/p>\n<p>Kliknite na lutriju u kojoj \u017eelite da u\u010destvujete.<br \/>\nIzaberite \u0161est brojeva izme\u0111u 1 i 59. Sedmi broj je slu\u010dajno izabran od strane operatera lutrije i nije uklju\u010den u va\u0161 tiket.<br \/>\nU\u010destvujte u izvla\u010denjima koja se odr\u017eavaju u sredu i subotu. Mo\u017eete u\u010destvovati u jednom ili oba izvla\u010denja.<br \/>\nZavr\u0161ite pla\u0107anje. Ve\u0107ina sajtova za lutriju zahteva da se registrujete kako biste imali pristup tiketima nakon \u0161to ih kupite.<br \/>\nKao \u0161to mo\u017eete da vidite, online igranje je vrlo jednostavno. Po\u0161to nema opcije za kupovinu Njujor\u0161kih lutrijskih tiketa van Njujorka, ovo je sjajan na\u010din da u\u010destvujete iz bilo kog dela sveta.<\/p>\n<p>Kako se ispla\u0107uju nagrade?<\/p>\n<p>Ako pobedite putem online igre, kako \u0107ete dobiti svoj novac? Da biste saznali vi\u0161e, kliknite ovde.<\/p>\n<p>Kako odabrati pobedni\u010dke brojeve<\/p>\n<p>Izbor pobedni\u010dkih brojeva mo\u017ee da deluje kao te\u017eak zadatak, ali u stvarnosti to nije. Postoji matemati\u010dka formula za pobedu na lutriji, ali nemojte verovati onima koji vam nude takve tvrdnje. Lutrija je igra na sre\u0107u i Njujor\u0161ka lutrija nije izuzetak. Brojevi se izvla\u010de nasumi\u010dno, a sre\u0107a igra klju\u010dnu ulogu.<\/p>\n<p>Ali, ako \u017eelite da pove\u0107ate \u0161anse, mo\u017eete da izaberete brojeve koji su vam li\u010dno zna\u010dajni. Odaberite svoje omiljene brojeve ili koristite automatski generator slu\u010dajnih brojeva na na\u0161em sajtu za nasumi\u010dni odabir. Na kraju, sre\u0107a je najva\u017eniji faktor.<\/p>\n<p>Gde da kupite Njujor\u0161ke lutrijske tikete?<\/p>\n<p>Spremni ste da u\u010destvujete u Njujor\u0161koj lutriji? Posetite ovaj link. Ako vam neko ne daje ta\u010dne instrukcije o tome kako da kupite tiket, to bi trebalo da vas zabrine. Ove stranice mogu vam omogu\u0107iti da se kladite na rezultate, umesto da kupite tikete.<\/p>\n<p>Na na\u0161em sajtu, ako kupite tiket, on \u0107e biti kupljen direktno putem zastupnika u Njujorku. Dakle, ovo je kao da imate svog li\u010dnog brokera za lutriju, bez obzira na to gde se nalazite u svetu.<\/p>\n<p>Kategorije Nagrade Njujor\u0161ke Lutrije<\/p>\n<p>Njujor\u0161ka lutrija ima razli\u010dite kategorije nagrada. Mnogi igra\u010di te\u017ee da osvoje glavni d\u017eekpot, ali svi ne mogu da to postignu. Me\u0111utim, mo\u017eete da osvojite i nagrade u drugim kategorijama.<\/p>\n<p>Glavna nagrada po\u010dinje od 2 miliona dolara, ali nemojte da vas prevari ovaj broj. Ako nema pobednika, nagrada nastavlja da raste. Najve\u0107a nagrada u ovoj lutriji dosegla je neverovatnih 176 miliona dolara. Zaista menja \u017eivot!<\/p>\n<p>Nagrada 1 (D\u017eekpot) \u2013 6 ta\u010dnih brojeva<br \/>\nNagrada 2 \u2013 5 ta\u010dnih brojeva + dodatni broj<br \/>\nNagrada 3 \u2013 5 ta\u010dnih brojeva<br \/>\nNagrada 4 \u2013 4 ta\u010dna broja<br \/>\nNagrada 5 \u2013 3 ta\u010dna broja<br \/>\nKako da preuzmete svoju nagradu<\/p>\n<p>Ako pobedite na Njujor\u0161koj lutriji, morate da uporedite brojeve sa izvu\u010denim brojevima. Ako imate dobitni tiket, vi ste pobednik. Mo\u017eete proveriti rezultate izvla\u010denja na na\u0161em sajtu, a ako ste registrovani, bi\u0107ete obave\u0161teni putem e-maila.<\/p>\n<p>Ako ste kupili tikete preko na\u0161eg sajta, jednostavno \u0107ete preuzeti svoju nagradu. Za nagrade do 2500 dolara, svoju nagradu mo\u017eete dobiti jednim klikom. Za ve\u0107e nagrade, mora\u0107ete da popunite obrazac za isplatu i mi \u0107emo vas voditi kroz ovaj proces.<\/p>\n<p>Proverite Njujor\u0161ke lutrijske tikete.<\/p>\n","protected":false},"excerpt":{"rendered":"<p>Istorija Njujor\u0161ke lutrije je puna dobrih stvari i pozitivne energije. Ova lutrija je stvorena kao na\u010din za podr\u0161ku obrazovanju, \u0161to je sjajan na\u010din za one koji \u017eele da se zabave i istovremeno doprinesu ne\u010demu dobrom u svetu. Ako \u017eelite da se ose\u0107ate kao da poma\u017eete ne\u010demu korisnom, Njujor\u0161ka lutrija je odli\u010dan izbor. Ali naj\u010de\u0161\u0107e pitanje [&hellip;]<\/p>\n","protected":false},"author":7,"featured_media":0,"parent":73093,"menu_order":14,"comment_status":"closed","ping_status":"closed","template":"newyork.php","meta":{"_et_pb_use_builder":"","_et_pb_old_content":"","_et_gb_content_width":"","exclude_from_search":false,"footnotes":""},"class_list":["post-73521","page","type-page","status-publish","hentry"],"yoast_head":"<!-- This site is optimized with the Yoast SEO plugin v23.3 - https:\/\/yoast.com\/wordpress\/plugins\/seo\/ -->\n<title>Kako igrati Njujork Loto sa bilo kog mesta<\/title>\n<meta name=\"description\" content=\"Bez obzira gde se nalazite, mo\u017eete u\u010destvovati u Njujork Loto onlajn. Saznajte vi\u0161e o tome kako da igrate i pobedite ovde.\" \/>\n<meta name=\"robots\" content=\"index, follow, max-snippet:-1, max-image-preview:large, max-video-preview:-1\" \/>\n<link rel=\"canonical\" href=\"https:\/\/jackpotlotteryonline.com\/sr\/online-lutrijski-dogadaji-i-igre\/igrajte-online-njujorskoj-lutriji\/\" \/>\n<meta property=\"og:locale\" content=\"sr_RS\" \/>\n<meta property=\"og:type\" content=\"article\" \/>\n<meta property=\"og:title\" content=\"Kako igrati Njujork Loto sa bilo kog mesta\" \/>\n<meta property=\"og:description\" content=\"Bez obzira gde se nalazite, mo\u017eete u\u010destvovati u Njujork Loto onlajn. Saznajte vi\u0161e o tome kako da igrate i pobedite ovde.\" \/>\n<meta property=\"og:url\" content=\"https:\/\/jackpotlotteryonline.com\/sr\/online-lutrijski-dogadaji-i-igre\/igrajte-online-njujorskoj-lutriji\/\" \/>\n<meta property=\"og:site_name\" content=\"Lotto Online - Crack The International Lottery Jackpots\" \/>\n<meta name=\"twitter:card\" content=\"summary_large_image\" \/>\n<!-- \/ Yoast SEO plugin. -->","yoast_head_json":{"title":"Kako igrati Njujork Loto sa bilo kog mesta","description":"Bez obzira gde se nalazite, mo\u017eete u\u010destvovati u Njujork Loto onlajn. Saznajte vi\u0161e o tome kako da igrate i pobedite ovde.","robots":{"index":"index","follow":"follow","max-snippet":"max-snippet:-1","max-image-preview":"max-image-preview:large","max-video-preview":"max-video-preview:-1"},"canonical":"https:\/\/jackpotlotteryonline.com\/sr\/online-lutrijski-dogadaji-i-igre\/igrajte-online-njujorskoj-lutriji\/","og_locale":"sr_RS","og_type":"article","og_title":"Kako igrati Njujork Loto sa bilo kog mesta","og_description":"Bez obzira gde se nalazite, mo\u017eete u\u010destvovati u Njujork Loto onlajn. Saznajte vi\u0161e o tome kako da igrate i pobedite ovde.","og_url":"https:\/\/jackpotlotteryonline.com\/sr\/online-lutrijski-dogadaji-i-igre\/igrajte-online-njujorskoj-lutriji\/","og_site_name":"Lotto Online - Crack The International Lottery Jackpots","twitter_card":"summary_large_image","schema":{"@context":"https:\/\/schema.org","@graph":[{"@type":"WebPage","@id":"https:\/\/jackpotlotteryonline.com\/sr\/online-lutrijski-dogadaji-i-igre\/igrajte-online-njujorskoj-lutriji\/","url":"https:\/\/jackpotlotteryonline.com\/sr\/online-lutrijski-dogadaji-i-igre\/igrajte-online-njujorskoj-lutriji\/","name":"Kako igrati Njujork Loto sa bilo kog mesta","isPartOf":{"@id":"https:\/\/jackpotlotteryonline.com\/#website"},"datePublished":"2025-02-04T08:49:00+00:00","dateModified":"2025-02-04T08:49:00+00:00","description":"Bez obzira gde se nalazite, mo\u017eete u\u010destvovati u Njujork Loto onlajn. Saznajte vi\u0161e o tome kako da igrate i pobedite ovde.","breadcrumb":{"@id":"https:\/\/jackpotlotteryonline.com\/sr\/online-lutrijski-dogadaji-i-igre\/igrajte-online-njujorskoj-lutriji\/#breadcrumb"},"inLanguage":"sr-RS","potentialAction":[{"@type":"ReadAction","target":["https:\/\/jackpotlotteryonline.com\/sr\/online-lutrijski-dogadaji-i-igre\/igrajte-online-njujorskoj-lutriji\/"]}]},{"@type":"BreadcrumbList","@id":"https:\/\/jackpotlotteryonline.com\/sr\/online-lutrijski-dogadaji-i-igre\/igrajte-online-njujorskoj-lutriji\/#breadcrumb","itemListElement":[{"@type":"ListItem","position":1,"name":"Home","item":"https:\/\/jackpotlotteryonline.com\/sr\/"},{"@type":"ListItem","position":2,"name":"Online Lutrijski Doga\u0111aji i Igre","item":"https:\/\/jackpotlotteryonline.com\/play-online\/"},{"@type":"ListItem","position":3,"name":"Igrajte Online Njujor\u0161koj Lutriji"}]},{"@type":"WebSite","@id":"https:\/\/jackpotlotteryonline.com\/#website","url":"https:\/\/jackpotlotteryonline.com\/","name":"Lotto Online - Crack The International Lottery Jackpots","description":"","potentialAction":[{"@type":"SearchAction","target":{"@type":"EntryPoint","urlTemplate":"https:\/\/jackpotlotteryonline.com\/?s={search_term_string}"},"query-input":"required name=search_term_string"}],"inLanguage":"sr-RS"}]}},"_links":{"self":[{"href":"https:\/\/jackpotlotteryonline.com\/sr\/wp-json\/wp\/v2\/pages\/73521","targetHints":{"allow":["GET"]}}],"collection":[{"href":"https:\/\/jackpotlotteryonline.com\/sr\/wp-json\/wp\/v2\/pages"}],"about":[{"href":"https:\/\/jackpotlotteryonline.com\/sr\/wp-json\/wp\/v2\/types\/page"}],"author":[{"embeddable":true,"href":"https:\/\/jackpotlotteryonline.com\/sr\/wp-json\/wp\/v2\/users\/7"}],"replies":[{"embeddable":true,"href":"https:\/\/jackpotlotteryonline.com\/sr\/wp-json\/wp\/v2\/comments?post=73521"}],"version-history":[{"count":0,"href":"https:\/\/jackpotlotteryonline.com\/sr\/wp-json\/wp\/v2\/pages\/73521\/revisions"}],"up":[{"embeddable":true,"href":"https:\/\/jackpotlotteryonline.com\/sr\/wp-json\/wp\/v2\/pages\/73093"}],"wp:attachment":[{"href":"https:\/\/jackpotlotteryonline.com\/sr\/wp-json\/wp\/v2\/media?parent=73521"}],"curies":[{"name":"wp","href":"https:\/\/api.w.org\/{rel}","templated":true}]}}