{"id":73542,"date":"2025-02-04T09:40:37","date_gmt":"2025-02-04T09:40:37","guid":{"rendered":"https:\/\/jackpotlotteryonline.com\/?page_id=73542"},"modified":"2025-02-04T09:40:37","modified_gmt":"2025-02-04T09:40:37","slug":"kako-kupiti-mega-sena-tiket-online","status":"publish","type":"page","link":"https:\/\/jackpotlotteryonline.com\/sr\/online-lutrijski-dogadaji-i-igre\/kako-kupiti-mega-sena-tiket-online\/","title":{"rendered":"Kako kupiti Mega Sena tiket online"},"content":{"rendered":"<p>Mega Sena je najve\u0107a brazilska lutrija koja postoji od 1996. godine. Svake nedelje milioni ljudi u\u010destvuju u Mega Seni, a u\u010desnici \u0161irom sveta mogu da kupe tikete online i u\u010destvuju u velikim izvla\u010denjima koja se odr\u017eavaju u Brazilu. Da li ste znali da mo\u017eete kupiti Mega Sena tikete online i u\u010destvovati u ovoj velikoj lutriji? U ovom \u010dlanku \u0107emo objasniti kako da u\u010destvujete u Mega Seni i kako da kupite tiket online.<\/p>\n<p><strong>Kako u\u010destvovati u Mega Seni online<\/strong><\/p>\n<p>Bez obzira na to da li ste u Brazilu ili bilo kojoj drugoj zemlji, u\u010destvovanje u Mega Seni je veoma jednostavno. Da biste kupili Mega Sena tiket, samo treba da posetite na\u0161 sajt i kupite svoj tiket online. Mi pru\u017eamo pristup najpoznatijim lutrijama \u0161irom sveta, a Mega Sena je jedna od njih. Proces u\u010destvovanja u ovoj lutriji je brz i jednostavan.<\/p>\n<p>Kako u\u010destvovati online:<\/p>\n<ol>\n<li>Posetite na\u0161 sajt i kliknite na link za Mega Senu.<\/li>\n<li>Izaberite brojeve koje \u017eelite da igrate za Mega Senu. Brojevi su od 1 do 60.<\/li>\n<li>Mo\u017eete izabrati do 6 razli\u010ditih setova brojeva na jednom tiketu i u\u010destvovati u vi\u0161e izvla\u010denja.<\/li>\n<li>Zavr\u0161ite proces pla\u0107anja i \u010dekajte na izvla\u010denje.<\/li>\n<\/ol>\n<p>U\u010destvovanje u Mega Seni online je toliko jednostavno. Nekada ste morali da idete do prodavnica da biste kupili tiket za lutriju, ali sada to mo\u017eete uraditi iz udobnosti svog doma, u bilo koje vreme.<\/p>\n<p><strong>Kako da pobedite u Mega Seni<\/strong><\/p>\n<p>Mega Sena nagrade zavise od broja koji je izvu\u010den, a brojke se biraju od 1 do 60. Osoba koja pogodi svih 6 brojeva je glavni dobitnik. Mega Sena nudi ogromne nagrade zbog niskih \u0161ansi za dobitak sa 6 pogodjenih brojeva.<\/p>\n<p>Mega Sena ima dva izvla\u010denja nedeljno. Izvla\u010denja se odr\u017eavaju u sredu i subotu, i u\u010desnici mogu da izaberu u kojem od njih \u017eele da u\u010destvuju. Tako\u0111e, mo\u017eete se prijaviti za vi\u0161e izvla\u010denja i izabrati vi\u0161e setova brojeva, \u010dime pove\u0107avate svoje \u0161anse za dobitak.<\/p>\n<p><strong>Mega Sena veliki dobitnici<\/strong><\/p>\n<p>Osobe koje pobede na glavnim Mega Sena izvla\u010denjima mogu da osvoje najmanje 3 miliona brazilskih reala, a ako nema pobednika, glavna nagrada raste. Svako izvla\u010denje mo\u017ee da ponudi ogromne nagrade. Najve\u0107i dobitak u istoriji Mega Sene bio je vi\u0161e od 3,5 milijardi brazilskih reala, \u0161to ovu lutriju \u010dini jednom od najve\u0107ih lutrija na svetu.<\/p>\n<p>\u0160anse za dobitak u Mega Seni su 1 prema 50 miliona, ali upravo zato su nagrade tako primamljive i privla\u010de u\u010desnike iz celog sveta.<\/p>\n<p><strong>Koje nagrade mo\u017eete osvojiti u Mega Seni?<\/strong><\/p>\n<p>Pored glavne nagrade, Mega Sena ima jo\u0161 dve nagrade: drugu i tre\u0107u.<\/p>\n<ul>\n<li><strong>Glavna nagrada (Mega Sena)<\/strong>: 6 ta\u010dnih brojeva, 35% ukupne nagrade<\/li>\n<li><strong>Druga nagrada (Quina)<\/strong>: 5 ta\u010dnih brojeva, 19% ukupne nagrade<\/li>\n<li><strong>Tre\u0107a nagrada (Quadra)<\/strong>: 4 ta\u010dna broja, 19% ukupne nagrade<\/li>\n<\/ul>\n<p>Iznos ovih nagrada zavisi od svakog izvla\u010denja i od broja pobednika.<\/p>\n<p><strong>Mega Sena de Ano Novo<\/strong><\/p>\n<p>Mega Sena ima posebnu izvla\u010denje nazvano &#8220;Mega Sena de Ano Novo&#8221; koje se odr\u017eava svake godine krajem decembra. Ovo izvla\u010denje je poznato po ogromnim nagradama i svake godine privu\u010de mnogo pa\u017enje. Najve\u0107i dobitak u istoriji ovog izvla\u010denja bio je vi\u0161e od 4,5 milijardi brazilskih reala, \u0161to ga \u010dini najve\u0107im dobitkom u istoriji Mega Sene.<\/p>\n<p>Ako \u017eelite da u\u010destvujete u ovom izvla\u010denju, pobrinite se da kupite svoj tiket pre 31. decembra.<\/p>\n<p><strong>Kako u\u010destvovati online u Mega Seni<\/strong><\/p>\n<p>Mnogi ljudi misle da mogu u\u010destvovati u Mega Seni samo offline, ali u stvarnosti, sada mo\u017eete u\u010destvovati online. Kupovina Mega Sena tiketa online vam omogu\u0107ava da u\u010destvujete kada god \u017eelite i bilo gde.<\/p>\n<p>Posetite na\u0161 sajt i lako kupite svoje Mega Sena tikete i po\u010dnite da u\u010destvujete. Na \u0161ta \u010dekate? Prijavite se danas, mo\u017eda \u0107ete biti sre\u0107ni dobitnik!<\/p>\n","protected":false},"excerpt":{"rendered":"<p>Mega Sena je najve\u0107a brazilska lutrija koja postoji od 1996. godine. Svake nedelje milioni ljudi u\u010destvuju u Mega Seni, a u\u010desnici \u0161irom sveta mogu da kupe tikete online i u\u010destvuju u velikim izvla\u010denjima koja se odr\u017eavaju u Brazilu. Da li ste znali da mo\u017eete kupiti Mega Sena tikete online i u\u010destvovati u ovoj velikoj lutriji? [&hellip;]<\/p>\n","protected":false},"author":7,"featured_media":0,"parent":73093,"menu_order":15,"comment_status":"closed","ping_status":"closed","template":"megasena.php","meta":{"_et_pb_use_builder":"","_et_pb_old_content":"","_et_gb_content_width":"","exclude_from_search":false,"footnotes":""},"class_list":["post-73542","page","type-page","status-publish","hentry"],"yoast_head":"<!-- This site is optimized with the Yoast SEO plugin v23.3 - https:\/\/yoast.com\/wordpress\/plugins\/seo\/ -->\n<title>\u041a\u0443\u043f\u0438\u0442\u0435 \u0431\u0438\u043b\u0435\u0442\u0438 \u0437\u0430 Mega-Sena \u043e\u043d\u043b\u0430\u0458\u043d<\/title>\n<meta name=\"description\" content=\"\u041c\u043e\u0436\u0435\u0442\u0435 \u0434\u0430 \u043a\u0443\u043f\u0438\u0442\u0435 \u0431\u0438\u043b\u0435\u0442\u0435 \u0437\u0430 Mega-Sena \u043b\u0443\u0442\u0430\u0440\u0438\u0458\u0443 \u043e\u043d\u043b\u0430\u0458\u043d. \u0421\u0430\u0437\u043d\u0430\u0458\u0442\u0435 \u043a\u0430\u043a\u043e \u0434\u0430 \u0438\u0433\u0440\u0430\u0442\u0435 \u0438 \u043f\u043e\u0434\u0438\u0433\u043d\u0435\u0442\u0435 \u0441\u0432\u043e\u0458\u0435 \u0434\u043e\u0431\u0438\u0442\u043a\u0435 \u043e\u0432\u0434\u0435.\" \/>\n<meta name=\"robots\" content=\"index, follow, max-snippet:-1, max-image-preview:large, max-video-preview:-1\" \/>\n<link rel=\"canonical\" href=\"https:\/\/jackpotlotteryonline.com\/sr\/online-lutrijski-dogadaji-i-igre\/kako-kupiti-mega-sena-tiket-online\/\" \/>\n<meta property=\"og:locale\" content=\"sr_RS\" \/>\n<meta property=\"og:type\" content=\"article\" \/>\n<meta property=\"og:title\" content=\"\u041a\u0443\u043f\u0438\u0442\u0435 \u0431\u0438\u043b\u0435\u0442\u0438 \u0437\u0430 Mega-Sena \u043e\u043d\u043b\u0430\u0458\u043d\" \/>\n<meta property=\"og:description\" content=\"\u041c\u043e\u0436\u0435\u0442\u0435 \u0434\u0430 \u043a\u0443\u043f\u0438\u0442\u0435 \u0431\u0438\u043b\u0435\u0442\u0435 \u0437\u0430 Mega-Sena \u043b\u0443\u0442\u0430\u0440\u0438\u0458\u0443 \u043e\u043d\u043b\u0430\u0458\u043d. \u0421\u0430\u0437\u043d\u0430\u0458\u0442\u0435 \u043a\u0430\u043a\u043e \u0434\u0430 \u0438\u0433\u0440\u0430\u0442\u0435 \u0438 \u043f\u043e\u0434\u0438\u0433\u043d\u0435\u0442\u0435 \u0441\u0432\u043e\u0458\u0435 \u0434\u043e\u0431\u0438\u0442\u043a\u0435 \u043e\u0432\u0434\u0435.\" \/>\n<meta property=\"og:url\" content=\"https:\/\/jackpotlotteryonline.com\/sr\/online-lutrijski-dogadaji-i-igre\/kako-kupiti-mega-sena-tiket-online\/\" \/>\n<meta property=\"og:site_name\" content=\"Lotto Online - Crack The International Lottery Jackpots\" \/>\n<meta name=\"twitter:card\" content=\"summary_large_image\" \/>\n<meta name=\"twitter:label1\" content=\"\u041f\u0440\u043e\u0446\u0435\u045a\u0435\u043d\u043e \u0432\u0440\u0435\u043c\u0435 \u0447\u0438\u0442\u0430\u045a\u0430\" \/>\n\t<meta name=\"twitter:data1\" content=\"3 \u043c\u0438\u043d\u0443\u0442\u0430\" \/>\n<!-- \/ Yoast SEO plugin. -->","yoast_head_json":{"title":"\u041a\u0443\u043f\u0438\u0442\u0435 \u0431\u0438\u043b\u0435\u0442\u0438 \u0437\u0430 Mega-Sena \u043e\u043d\u043b\u0430\u0458\u043d","description":"\u041c\u043e\u0436\u0435\u0442\u0435 \u0434\u0430 \u043a\u0443\u043f\u0438\u0442\u0435 \u0431\u0438\u043b\u0435\u0442\u0435 \u0437\u0430 Mega-Sena \u043b\u0443\u0442\u0430\u0440\u0438\u0458\u0443 \u043e\u043d\u043b\u0430\u0458\u043d. \u0421\u0430\u0437\u043d\u0430\u0458\u0442\u0435 \u043a\u0430\u043a\u043e \u0434\u0430 \u0438\u0433\u0440\u0430\u0442\u0435 \u0438 \u043f\u043e\u0434\u0438\u0433\u043d\u0435\u0442\u0435 \u0441\u0432\u043e\u0458\u0435 \u0434\u043e\u0431\u0438\u0442\u043a\u0435 \u043e\u0432\u0434\u0435.","robots":{"index":"index","follow":"follow","max-snippet":"max-snippet:-1","max-image-preview":"max-image-preview:large","max-video-preview":"max-video-preview:-1"},"canonical":"https:\/\/jackpotlotteryonline.com\/sr\/online-lutrijski-dogadaji-i-igre\/kako-kupiti-mega-sena-tiket-online\/","og_locale":"sr_RS","og_type":"article","og_title":"\u041a\u0443\u043f\u0438\u0442\u0435 \u0431\u0438\u043b\u0435\u0442\u0438 \u0437\u0430 Mega-Sena \u043e\u043d\u043b\u0430\u0458\u043d","og_description":"\u041c\u043e\u0436\u0435\u0442\u0435 \u0434\u0430 \u043a\u0443\u043f\u0438\u0442\u0435 \u0431\u0438\u043b\u0435\u0442\u0435 \u0437\u0430 Mega-Sena \u043b\u0443\u0442\u0430\u0440\u0438\u0458\u0443 \u043e\u043d\u043b\u0430\u0458\u043d. \u0421\u0430\u0437\u043d\u0430\u0458\u0442\u0435 \u043a\u0430\u043a\u043e \u0434\u0430 \u0438\u0433\u0440\u0430\u0442\u0435 \u0438 \u043f\u043e\u0434\u0438\u0433\u043d\u0435\u0442\u0435 \u0441\u0432\u043e\u0458\u0435 \u0434\u043e\u0431\u0438\u0442\u043a\u0435 \u043e\u0432\u0434\u0435.","og_url":"https:\/\/jackpotlotteryonline.com\/sr\/online-lutrijski-dogadaji-i-igre\/kako-kupiti-mega-sena-tiket-online\/","og_site_name":"Lotto Online - Crack The International Lottery Jackpots","twitter_card":"summary_large_image","twitter_misc":{"\u041f\u0440\u043e\u0446\u0435\u045a\u0435\u043d\u043e \u0432\u0440\u0435\u043c\u0435 \u0447\u0438\u0442\u0430\u045a\u0430":"3 \u043c\u0438\u043d\u0443\u0442\u0430"},"schema":{"@context":"https:\/\/schema.org","@graph":[{"@type":"WebPage","@id":"https:\/\/jackpotlotteryonline.com\/sr\/online-lutrijski-dogadaji-i-igre\/kako-kupiti-mega-sena-tiket-online\/","url":"https:\/\/jackpotlotteryonline.com\/sr\/online-lutrijski-dogadaji-i-igre\/kako-kupiti-mega-sena-tiket-online\/","name":"\u041a\u0443\u043f\u0438\u0442\u0435 \u0431\u0438\u043b\u0435\u0442\u0438 \u0437\u0430 Mega-Sena \u043e\u043d\u043b\u0430\u0458\u043d","isPartOf":{"@id":"https:\/\/jackpotlotteryonline.com\/#website"},"datePublished":"2025-02-04T09:40:37+00:00","dateModified":"2025-02-04T09:40:37+00:00","description":"\u041c\u043e\u0436\u0435\u0442\u0435 \u0434\u0430 \u043a\u0443\u043f\u0438\u0442\u0435 \u0431\u0438\u043b\u0435\u0442\u0435 \u0437\u0430 Mega-Sena \u043b\u0443\u0442\u0430\u0440\u0438\u0458\u0443 \u043e\u043d\u043b\u0430\u0458\u043d. \u0421\u0430\u0437\u043d\u0430\u0458\u0442\u0435 \u043a\u0430\u043a\u043e \u0434\u0430 \u0438\u0433\u0440\u0430\u0442\u0435 \u0438 \u043f\u043e\u0434\u0438\u0433\u043d\u0435\u0442\u0435 \u0441\u0432\u043e\u0458\u0435 \u0434\u043e\u0431\u0438\u0442\u043a\u0435 \u043e\u0432\u0434\u0435.","breadcrumb":{"@id":"https:\/\/jackpotlotteryonline.com\/sr\/online-lutrijski-dogadaji-i-igre\/kako-kupiti-mega-sena-tiket-online\/#breadcrumb"},"inLanguage":"sr-RS","potentialAction":[{"@type":"ReadAction","target":["https:\/\/jackpotlotteryonline.com\/sr\/online-lutrijski-dogadaji-i-igre\/kako-kupiti-mega-sena-tiket-online\/"]}]},{"@type":"BreadcrumbList","@id":"https:\/\/jackpotlotteryonline.com\/sr\/online-lutrijski-dogadaji-i-igre\/kako-kupiti-mega-sena-tiket-online\/#breadcrumb","itemListElement":[{"@type":"ListItem","position":1,"name":"Home","item":"https:\/\/jackpotlotteryonline.com\/sr\/"},{"@type":"ListItem","position":2,"name":"Online Lutrijski Doga\u0111aji i Igre","item":"https:\/\/jackpotlotteryonline.com\/play-online\/"},{"@type":"ListItem","position":3,"name":"Kako kupiti Mega Sena tiket online"}]},{"@type":"WebSite","@id":"https:\/\/jackpotlotteryonline.com\/#website","url":"https:\/\/jackpotlotteryonline.com\/","name":"Lotto Online - Crack The International Lottery Jackpots","description":"","potentialAction":[{"@type":"SearchAction","target":{"@type":"EntryPoint","urlTemplate":"https:\/\/jackpotlotteryonline.com\/?s={search_term_string}"},"query-input":"required name=search_term_string"}],"inLanguage":"sr-RS"}]}},"_links":{"self":[{"href":"https:\/\/jackpotlotteryonline.com\/sr\/wp-json\/wp\/v2\/pages\/73542","targetHints":{"allow":["GET"]}}],"collection":[{"href":"https:\/\/jackpotlotteryonline.com\/sr\/wp-json\/wp\/v2\/pages"}],"about":[{"href":"https:\/\/jackpotlotteryonline.com\/sr\/wp-json\/wp\/v2\/types\/page"}],"author":[{"embeddable":true,"href":"https:\/\/jackpotlotteryonline.com\/sr\/wp-json\/wp\/v2\/users\/7"}],"replies":[{"embeddable":true,"href":"https:\/\/jackpotlotteryonline.com\/sr\/wp-json\/wp\/v2\/comments?post=73542"}],"version-history":[{"count":0,"href":"https:\/\/jackpotlotteryonline.com\/sr\/wp-json\/wp\/v2\/pages\/73542\/revisions"}],"up":[{"embeddable":true,"href":"https:\/\/jackpotlotteryonline.com\/sr\/wp-json\/wp\/v2\/pages\/73093"}],"wp:attachment":[{"href":"https:\/\/jackpotlotteryonline.com\/sr\/wp-json\/wp\/v2\/media?parent=73542"}],"curies":[{"name":"wp","href":"https:\/\/api.w.org\/{rel}","templated":true}]}}