{"id":73554,"date":"2025-02-04T09:53:54","date_gmt":"2025-02-04T09:53:54","guid":{"rendered":"https:\/\/jackpotlotteryonline.com\/?page_id=73554"},"modified":"2025-02-04T09:53:54","modified_gmt":"2025-02-04T09:53:54","slug":"igrajte-powerball-australija-online","status":"publish","type":"page","link":"https:\/\/jackpotlotteryonline.com\/sr\/online-lutrijski-dogadaji-i-igre\/igrajte-powerball-australija-online\/","title":{"rendered":"Igrajte Powerball Australija Online"},"content":{"rendered":"<p><span style=\"font-weight: 400;\">Postoji mnogo razloga za\u0161to su ljubitelji lutrija iz celog sveta privu\u010deni igri Powerball Australija. Godina 2022. bila je velika za milionske nagrade, a mnogi igra\u010di su osvojili milione kroz me\u0111unarodne lutrije. Me\u0111u njima, Powerball Australija nije bio izuzetak, sa najve\u0107om nagradom u istoriji od 160 miliona AUD u oktobru 2022. godine. Mnogi sre\u0107ni dobitnici su osvojili uz samo jedan kupljeni tiket. Zaista vredi razmisliti o tome da igrate Powerball Australija.<\/span><\/p>\n<p><span style=\"font-weight: 400;\">Zanimljivo je da Powerball Australija postoji ve\u0107 neko vreme. Prvo izvla\u010denje je bilo 23. maja 1996. godine, \u0161to zna\u010di da ova lutrija postoji vi\u0161e od 25 godina. Za razliku od \u0161panske lutrije La Primitiva (koja je osnovana 1763. godine), Powerball Australija je relativno nova. (Ovu lutriju mo\u017eete igrati na jackpotlotteryonline.com.)<\/span><\/p>\n<p><span style=\"font-weight: 400;\">Tokom poslednjih 25 godina, Powerball Australija je postao jedna od najpopularnijih lutrija, zahvaljuju\u0107i ogromnim nagradama i lojalnoj bazi pratilaca. U po\u010detku su samo ljudi koji su \u017eiveli u Australiji mogli u\u010destvovati, ali sada, zahvaljuju\u0107i internetu, ljudi iz celog sveta mogu igrati Powerball Australija online. Ako se pitate kako da igrate ovu lutriju online, nastavite da \u010ditate.<\/span><\/p>\n<h2><span style=\"font-weight: 400;\">Kako igrati Powerball Australija<\/span><\/h2>\n<p> <span style=\"font-weight: 400;\"><img loading=\"lazy\" decoding=\"async\" class=\"alignright size-full wp-image-26402\" src=\"http:\/\/jackpotlotteryonline.com\/wp-content\/uploads\/2022\/11\/1_buy_online_ticket_powerball.jpg\" alt=\"play Powerball Australia\" width=\"300\" height=\"194\" \/>Jedna od najuzbudljivijih stvari u vezi sa ovom lutrijom su relativno ve\u0107e \u0161anse za pobedu. \u0160ansa za osvajanje glavne nagrade je otprilike 1 prema 76 miliona. Me\u0111utim, postoje i druge nagrade sa vi\u0161im \u0161ansama za pobedu.<\/span><br \/>\n<span style=\"font-weight: 400;\">Da biste u\u010destvovali u ovoj lutriji, morate izabrati 7 brojeva od 1 do 35 i jedan Powerball broj od 1 do 20. Ukupno vam je potrebno 8 brojeva. Mo\u017eete kupiti vi\u0161e tiketa da pove\u0107ate \u0161anse za pobedu. \u0160to vi\u0161e tiketa kupite, ve\u0107e su \u0161anse za pobedu.<\/span><\/p>\n<p><span style=\"font-weight: 400;\">Kada izaberete svoje brojeve, slede\u0107i korak je da u\u010destvujete u izvla\u010denju. Ova lutrija se izvla\u010di samo jednom nedeljno, u \u010detvrtak uve\u010de. Australijanci s nestrpljenjem \u010dekaju izvla\u010denje. Mo\u017eete se pridru\u017eiti uzbu\u0111enju i vi. Igrajte Powerball Australija!<\/span><\/p>\n<h2><span style=\"font-weight: 400;\">Za\u0161to Powerball Australija?<\/span><\/h2>\n<p> <span style=\"font-weight: 400;\">To je dobro pitanje. Zahvaljuju\u0107i internetu, ljubitelji lutrija iz celog sveta mogu u\u010destvovati u razli\u010ditim lutrijama. Ali za\u0161to biste trebali igrati Powerball Australija? Najve\u0107i razlog su bolji izgledi za pobedu, bez potrebe da se takmi\u010dite sa ekstremno niskim \u0161ansama koje postoje u drugim lutrijama.<\/span><br \/>\n<span style=\"font-weight: 400;\">Za razliku od mnogih popularnih lutrija \u0161irom sveta koje imaju ekstremno niske \u0161anse za pobedu, kao \u0161to je Powerball SAD sa \u0161ansama od 1 prema 292 miliona, Powerball Australija ima \u0161anse od 1 prema 76 miliona. Zbog toga su mnogi privu\u010deni Powerball Australija.<\/span><\/p>\n<section class=\"layout\" style=\"border: solid 1px; width: 100%;\">\n<div class=\"img-div\" style=\"margin-top: 5px;\"><img decoding=\"async\" class=\"wp-image-17212 alignleft\" style=\"height: 45px; margin: 8px 8px 0px;\" src=\"http:\/\/jackpotlotteryonline.com\/wp-content\/uploads\/2022\/11\/read1.jpg\" alt=\"read\" width=\"\" height=\"\" \/><\/div>\n<div style=\"padding-left: 5px;\">\n<div style=\"font-size: 1.1em;\">\n<strong>Pazite na prevare<\/strong><\/p>\n<p style=\"font-size: 0.85em; margin-top: -1.5em;\">Budite oprezni sa prevarama u vezi sa lutrijama. <a href=\"https:\/\/jackpotlotteryonline.com\/beware-of-online-lottery-scams\">Saznajte vi\u0161e<\/a><\/p>\n<\/p><\/div>\n<\/p><\/div>\n<\/section>\n<h2><span style=\"font-weight: 400;\">Powerball Australija vs Powerball SAD: Koje su razlike?<\/span><\/h2>\n<p> <span style=\"font-weight: 400;\">Dakle, koja je razlika izme\u0111u Powerball Australija i Powerball SAD? O\u010digledna razlika je u veli\u010dini glavne nagrade. Nema sumnje da Powerball SAD ima mnogo ve\u0107e nagrade. Na primer, poslednja glavna nagrada u Powerball SAD dostigla je 2 milijarde dolara. Me\u0111utim, to ne zna\u010di da Powerball Australija nije vredan igranja.<\/span><br \/>\n<span style=\"font-weight: 400;\">Pored toga, Powerball SAD zahteva da izaberete 5 brojeva od 1 do 69, dok Powerball Australija zahteva da izaberete 7 brojeva od 1 do 35. Tako\u0111e, Powerball SAD ima 26 brojeva za Powerball, dok Powerball Australija ima 20 brojeva.<\/span><\/p>\n<p><span style=\"font-weight: 400;\">Ako \u017eelite da osvojite milione sa boljim \u0161ansama, trebalo bi da igrate Powerball Australija.<\/span><\/p>\n<h2><span style=\"font-weight: 400;\">Kako igrati online<\/span><\/h2>\n<p> <span style=\"font-weight: 400;\">Sada kada znate da mo\u017eete igrati Powerball Australija sa bilo kog mesta na svetu, vreme je da nau\u010dite kako da to uradite.<\/span> <\/p>\n<ul>\n<li><span style=\"font-weight: 400;\">Prvi korak je da odete na sajt providera lutrije kao \u0161to je jackpotlotteryonline.com i posetite stranicu Powerball Australija.<\/span><\/li>\n<li><span style=\"font-weight: 400;\">Zatim izaberite svoje brojeve (mo\u017eete koristiti automatski generator brojeva ako \u017eelite).<\/span><\/li>\n<li><span style=\"font-weight: 400;\"><a href=\"https:\/\/jackpotlotteryonline.com\/winning-numbers\/powerball-australia\">U\u010destvujte u izvla\u010denju<\/a> i zavr\u0161ite proces.<\/span><\/li>\n<li><span style=\"font-weight: 400;\">Sa\u010dekajte rezultate<\/span><\/li>\n<\/ul>\n<p> <span style=\"font-weight: 400;\">Izvla\u010denje se vr\u0161i svake \u010detvrtke uve\u010de. Nakon \u0161to ste u\u010destvovali u izvla\u010denju, samo treba da sa\u010dekate rezultate. Ako ste pogodili svih 8 brojeva, osvojili ste glavnu nagradu.<\/span><br \/>\n<span style=\"font-weight: 400;\">Ako niste pogodili sve brojeve, postoje druge nagrade, a mo\u017eete pobediti sa 2 ili 3 ta\u010dno pogo\u0111ena broja.<\/span><\/p>\n<h2><span style=\"font-weight: 400;\"><img loading=\"lazy\" decoding=\"async\" class=\"alignright size-medium wp-image-19277\" src=\"http:\/\/jackpotlotteryonline.com\/wp-content\/uploads\/2022\/10\/2_ticket_powerball_au2-163x300.jpg\" alt=\"lottery ticket scan\" width=\"163\" height=\"300\" srcset=\"https:\/\/jackpotlotteryonline.com\/wp-content\/uploads\/2022\/10\/2_ticket_powerball_au2-163x300.jpg 163w, https:\/\/jackpotlotteryonline.com\/wp-content\/uploads\/2022\/10\/2_ticket_powerball_au2.jpg 250w\" sizes=\"auto, (max-width: 163px) 100vw, 163px\" \/>Dostupne nagrade<\/span><\/h2>\n<p> <span style=\"font-weight: 400;\">Kada igrate Powerball Australija, postoji 9 razli\u010ditih grupa nagrada.<\/span><br \/>\n<span style=\"font-weight: 400;\">Grupa 1: 7 brojeva + Powerball &#8211; Glavna nagrada (oko 8 miliona AUD)<\/span><\/p>\n<p><span style=\"font-weight: 400;\">Grupa 2: 7 brojeva<\/span><\/p>\n<p><span style=\"font-weight: 400;\">Grupa 3: 6 brojeva + Powerball<\/span><\/p>\n<p><span style=\"font-weight: 400;\">Grupa 4: 6 brojeva<\/span><\/p>\n<p><span style=\"font-weight: 400;\">Grupa 5: 5 brojeva + Powerball<\/span><\/p>\n<p><span style=\"font-weight: 400;\">Grupa 6: 5 brojeva<\/span><\/p>\n<p><span style=\"font-weight: 400;\">Grupa 7: 4 broja + Powerball<\/span><\/p>\n<p><span style=\"font-weight: 400;\">Grupa 8: 3 broja + Powerball<\/span><\/p>\n<p><span style=\"font-weight: 400;\">Grupa 9: 2 broja + Powerball<\/span><\/p>\n<p>Zaklju\u010dak: Igranje Powerball Australija online je uzbudljivo i jednostavno. Milioni vas \u010dekaju, a \u0161anse za pobedu su bolje u pore\u0111enju sa mnogim drugim lutrijama na svetu.<\/p>\n","protected":false},"excerpt":{"rendered":"<p>Postoji mnogo razloga za\u0161to su ljubitelji lutrija iz celog sveta privu\u010deni igri Powerball Australija. Godina 2022. bila je velika za milionske nagrade, a mnogi igra\u010di su osvojili milione kroz me\u0111unarodne lutrije. Me\u0111u njima, Powerball Australija nije bio izuzetak, sa najve\u0107om nagradom u istoriji od 160 miliona AUD u oktobru 2022. godine. Mnogi sre\u0107ni dobitnici su [&hellip;]<\/p>\n","protected":false},"author":7,"featured_media":0,"parent":73093,"menu_order":17,"comment_status":"closed","ping_status":"closed","template":"powerball-au.php","meta":{"_et_pb_use_builder":"","_et_pb_old_content":"","_et_gb_content_width":"","exclude_from_search":false,"footnotes":""},"class_list":["post-73554","page","type-page","status-publish","hentry"],"yoast_head":"<!-- This site is optimized with the Yoast SEO plugin v23.3 - https:\/\/yoast.com\/wordpress\/plugins\/seo\/ -->\n<title>Igrajte Powerball Australija van Australije<\/title>\n<meta name=\"description\" content=\"Ne morate \u017eiveti u Australiji da biste igrali Powerball Australija. Saznajte kako da igrate online.\" \/>\n<meta name=\"robots\" content=\"index, follow, max-snippet:-1, max-image-preview:large, max-video-preview:-1\" \/>\n<link rel=\"canonical\" href=\"https:\/\/jackpotlotteryonline.com\/sr\/online-lutrijski-dogadaji-i-igre\/igrajte-powerball-australija-online\/\" \/>\n<meta property=\"og:locale\" content=\"sr_RS\" \/>\n<meta property=\"og:type\" content=\"article\" \/>\n<meta property=\"og:title\" content=\"Igrajte Powerball Australija van Australije\" \/>\n<meta property=\"og:description\" content=\"Ne morate \u017eiveti u Australiji da biste igrali Powerball Australija. Saznajte kako da igrate online.\" \/>\n<meta property=\"og:url\" content=\"https:\/\/jackpotlotteryonline.com\/sr\/online-lutrijski-dogadaji-i-igre\/igrajte-powerball-australija-online\/\" \/>\n<meta property=\"og:site_name\" content=\"Lotto Online - Crack The International Lottery Jackpots\" \/>\n<meta property=\"og:image\" content=\"http:\/\/jackpotlotteryonline.com\/wp-content\/uploads\/2022\/11\/1_buy_online_ticket_powerball.jpg\" \/>\n<meta name=\"twitter:card\" content=\"summary_large_image\" \/>\n<!-- \/ Yoast SEO plugin. -->","yoast_head_json":{"title":"Igrajte Powerball Australija van Australije","description":"Ne morate \u017eiveti u Australiji da biste igrali Powerball Australija. Saznajte kako da igrate online.","robots":{"index":"index","follow":"follow","max-snippet":"max-snippet:-1","max-image-preview":"max-image-preview:large","max-video-preview":"max-video-preview:-1"},"canonical":"https:\/\/jackpotlotteryonline.com\/sr\/online-lutrijski-dogadaji-i-igre\/igrajte-powerball-australija-online\/","og_locale":"sr_RS","og_type":"article","og_title":"Igrajte Powerball Australija van Australije","og_description":"Ne morate \u017eiveti u Australiji da biste igrali Powerball Australija. Saznajte kako da igrate online.","og_url":"https:\/\/jackpotlotteryonline.com\/sr\/online-lutrijski-dogadaji-i-igre\/igrajte-powerball-australija-online\/","og_site_name":"Lotto Online - Crack The International Lottery Jackpots","og_image":[{"url":"http:\/\/jackpotlotteryonline.com\/wp-content\/uploads\/2022\/11\/1_buy_online_ticket_powerball.jpg"}],"twitter_card":"summary_large_image","schema":{"@context":"https:\/\/schema.org","@graph":[{"@type":"WebPage","@id":"https:\/\/jackpotlotteryonline.com\/sr\/online-lutrijski-dogadaji-i-igre\/igrajte-powerball-australija-online\/","url":"https:\/\/jackpotlotteryonline.com\/sr\/online-lutrijski-dogadaji-i-igre\/igrajte-powerball-australija-online\/","name":"Igrajte Powerball Australija van Australije","isPartOf":{"@id":"https:\/\/jackpotlotteryonline.com\/#website"},"primaryImageOfPage":{"@id":"https:\/\/jackpotlotteryonline.com\/sr\/online-lutrijski-dogadaji-i-igre\/igrajte-powerball-australija-online\/#primaryimage"},"image":{"@id":"https:\/\/jackpotlotteryonline.com\/sr\/online-lutrijski-dogadaji-i-igre\/igrajte-powerball-australija-online\/#primaryimage"},"thumbnailUrl":"http:\/\/jackpotlotteryonline.com\/wp-content\/uploads\/2022\/11\/1_buy_online_ticket_powerball.jpg","datePublished":"2025-02-04T09:53:54+00:00","dateModified":"2025-02-04T09:53:54+00:00","description":"Ne morate \u017eiveti u Australiji da biste igrali Powerball Australija. Saznajte kako da igrate online.","breadcrumb":{"@id":"https:\/\/jackpotlotteryonline.com\/sr\/online-lutrijski-dogadaji-i-igre\/igrajte-powerball-australija-online\/#breadcrumb"},"inLanguage":"sr-RS","potentialAction":[{"@type":"ReadAction","target":["https:\/\/jackpotlotteryonline.com\/sr\/online-lutrijski-dogadaji-i-igre\/igrajte-powerball-australija-online\/"]}]},{"@type":"ImageObject","inLanguage":"sr-RS","@id":"https:\/\/jackpotlotteryonline.com\/sr\/online-lutrijski-dogadaji-i-igre\/igrajte-powerball-australija-online\/#primaryimage","url":"http:\/\/jackpotlotteryonline.com\/wp-content\/uploads\/2022\/11\/1_buy_online_ticket_powerball.jpg","contentUrl":"http:\/\/jackpotlotteryonline.com\/wp-content\/uploads\/2022\/11\/1_buy_online_ticket_powerball.jpg"},{"@type":"BreadcrumbList","@id":"https:\/\/jackpotlotteryonline.com\/sr\/online-lutrijski-dogadaji-i-igre\/igrajte-powerball-australija-online\/#breadcrumb","itemListElement":[{"@type":"ListItem","position":1,"name":"Home","item":"https:\/\/jackpotlotteryonline.com\/sr\/"},{"@type":"ListItem","position":2,"name":"Online Lutrijski Doga\u0111aji i Igre","item":"https:\/\/jackpotlotteryonline.com\/play-online\/"},{"@type":"ListItem","position":3,"name":"Igrajte Powerball Australija Online"}]},{"@type":"WebSite","@id":"https:\/\/jackpotlotteryonline.com\/#website","url":"https:\/\/jackpotlotteryonline.com\/","name":"Lotto Online - Crack The International Lottery Jackpots","description":"","potentialAction":[{"@type":"SearchAction","target":{"@type":"EntryPoint","urlTemplate":"https:\/\/jackpotlotteryonline.com\/?s={search_term_string}"},"query-input":"required name=search_term_string"}],"inLanguage":"sr-RS"}]}},"_links":{"self":[{"href":"https:\/\/jackpotlotteryonline.com\/sr\/wp-json\/wp\/v2\/pages\/73554","targetHints":{"allow":["GET"]}}],"collection":[{"href":"https:\/\/jackpotlotteryonline.com\/sr\/wp-json\/wp\/v2\/pages"}],"about":[{"href":"https:\/\/jackpotlotteryonline.com\/sr\/wp-json\/wp\/v2\/types\/page"}],"author":[{"embeddable":true,"href":"https:\/\/jackpotlotteryonline.com\/sr\/wp-json\/wp\/v2\/users\/7"}],"replies":[{"embeddable":true,"href":"https:\/\/jackpotlotteryonline.com\/sr\/wp-json\/wp\/v2\/comments?post=73554"}],"version-history":[{"count":0,"href":"https:\/\/jackpotlotteryonline.com\/sr\/wp-json\/wp\/v2\/pages\/73554\/revisions"}],"up":[{"embeddable":true,"href":"https:\/\/jackpotlotteryonline.com\/sr\/wp-json\/wp\/v2\/pages\/73093"}],"wp:attachment":[{"href":"https:\/\/jackpotlotteryonline.com\/sr\/wp-json\/wp\/v2\/media?parent=73554"}],"curies":[{"name":"wp","href":"https:\/\/api.w.org\/{rel}","templated":true}]}}