{"id":73576,"date":"2025-02-04T10:09:06","date_gmt":"2025-02-04T10:09:06","guid":{"rendered":"https:\/\/jackpotlotteryonline.com\/?page_id=73576"},"modified":"2025-02-04T10:09:06","modified_gmt":"2025-02-04T10:09:06","slug":"subotnje-loto-igre-online","status":"publish","type":"page","link":"https:\/\/jackpotlotteryonline.com\/sr\/online-lutrijski-dogadaji-i-igre\/subotnje-loto-igre-online\/","title":{"rendered":"Subotnje Loto Igre Online"},"content":{"rendered":"<p>Subotnji loto je jedno od najpopularnijih lutrija u Australiji i privla\u010di igra\u010de iz cele zemlje. Za\u0161to? Ova lutrija ima dugu istoriju u pravljenju igra\u010da milionerima! D\u017eekpot mo\u017ee da dostigne <strong>10 miliona australijskih dolara<\/strong> (pribli\u017eno 6 miliona evra), \u0161to je zna\u010dajan iznos.<\/p>\n<p>Pre nego \u0161to je internet postao dostupniji, samo su stanovnici Australije mogli da kupe tiket jer je bio dostupan samo u zemlji. Ali sada, uz internet, mo\u017eete da u\u010destvujete u lutriji sa bilo kog mesta na svetu!<\/p>\n<p>Da biste u\u010destvovali u <strong>Subotnjem Lotou<\/strong>, posetite <a href=\"https:\/\/jackpotlotteryonline.com\/buy-tickets\/saturday-lotto\" target=\"_new\" rel=\"noopener\">jackpotlotteryonline.com<\/a> i kupite tiket. Ova platforma vam tako\u0111e omogu\u0107ava da u\u010destvujete u mnogim me\u0111unarodnim lutrijama.<\/p>\n<hr \/>\n<h3>Istorija Subotnjeg Lota<\/h3>\n<p>Prvo izvla\u010denje Subotnjeg Lota desilo se <strong>24. juna 1972. godine<\/strong>, a lutrija je postala poznata kao prva zvani\u010dna izvla\u010denja u Australiji. Tako\u0111e je jedna od najstarijih lutrija u zemlji. U zavisnosti od regiona, ova lutrija je poznata kao <strong>TattsLotto, Gold Lotto, X Lotto<\/strong>, ili samo <strong>Lotto<\/strong>.<\/p>\n<p>Minimalni d\u017eekpot je <strong>5 miliona australijskih dolara<\/strong> (pribli\u017eno 3 miliona evra), ali ako niko ne pobedi, iznos se prenosi na slede\u0107e izvla\u010denje. Ipak, ova lutrija je retko <strong>rollover<\/strong>, jer su \u0161anse za dobitak visoke i obi\u010dno neko osvoji d\u017eekpot svake nedelje.<\/p>\n<p>Svake godine nakon Bo\u017ei\u0107a, odr\u017eava se specijalno izvla\u010denje zvano <strong>Mega Draw<\/strong>, gde nagrada mo\u017ee da dostigne <strong>30 miliona australijskih dolara<\/strong> (pribli\u017eno 18 miliona evra).<\/p>\n<hr \/>\n<h3>Kako Igrati Subotnji Loto Online?<\/h3>\n<ol>\n<li>Posetite <a href=\"https:\/\/jackpotlotteryonline.com\/winning-numbers\/saturday-lotto\" target=\"_new\" rel=\"noopener\">jackpotlotteryonline.com<\/a>.<\/li>\n<li><strong>Izaberite 6 brojeva izme\u0111u 1 i 45.<\/strong>\n<ul>\n<li>Mo\u017eete sami izabrati brojeve ili koristiti generator slu\u010dajnih brojeva.<\/li>\n<\/ul>\n<\/li>\n<li>Registrujte svoj tiket za subotnje izvla\u010denje.\n<ul>\n<li>Izvla\u010denje se odr\u017eava svaku <strong>subotu<\/strong>.<\/li>\n<li>Mo\u017eete kupiti tiket i za <strong>10 nedelja unapred<\/strong>.<\/li>\n<\/ul>\n<\/li>\n<li>Platite tiket i zavr\u0161ite registraciju.\n<ul>\n<li>Va\u0161 tiket \u0107e biti <strong>sigurno sa\u010duvan<\/strong>, i bi\u0107ete automatski obave\u0161teni ako osvojite nagradu.<\/li>\n<li>Mo\u017eete odmah povu\u0107i dobitak putem platforme.<\/li>\n<\/ul>\n<\/li>\n<\/ol>\n<hr \/>\n<h3>Strategije za Pove\u0107anje \u0160ansi za Pobediti<\/h3>\n<p>Da biste odabrali svoje brojeve, pogledajte neke od najboljih strategija koje vam mogu pomo\u0107i da pove\u0107ate svoje \u0161anse za dobitak. <a href=\"https:\/\/jackpotlotteryonline.com\/a-few-tricks-and-tips-for-choosing-your-numbers\" target=\"_new\" rel=\"noopener\">Saznajte vi\u0161e ovde<\/a>.<\/p>\n<hr \/>\n<h3>Za\u0161to Igrati Online Loto?<\/h3>\n<p>\u2714 <strong>Pogodnost:<\/strong> Igrajte sa bilo kog mesta na svetu, u bilo kojem trenutku, putem svog mobilnog telefona ili ra\u010dunara. \u2714 <strong>Raznolikost:<\/strong> U\u010destvujte u izvla\u010denjima iz Australije, Evrope, SAD-a i drugih delova sveta. \u2714 <strong>Brzo povla\u010denje nagrada:<\/strong> Primite nagradu brzo i jednostavno.<\/p>\n<hr \/>\n<h3>Kako Pobediti u Subotnjem Lotu?<\/h3>\n<p>Da biste osvojili <strong>glavni d\u017eekpot<\/strong>, morate da pogodite <strong>sva 6 brojeva<\/strong> ta\u010dno. Me\u0111utim, postoje i druge nagrade za one koji pogode 3, 4 ili 5 brojeva.<\/p>\n<p>Ako va\u0161a nagrada bude ve\u0107a od <strong>2 500 australijskih dolara<\/strong> (pribli\u017eno 1 500 evra), morate da preuzmete nagradu direktno od organizatora lutrije. Ne brinite, vodi\u0107emo vas kroz proces.<\/p>\n<hr \/>\n<h3>\u0160ta je Bonus Broj?<\/h3>\n<p>Bonus broj se koristi za odre\u0111ivanje nekoliko <strong>nagradnih kategorija<\/strong>. Ovaj broj nije neophodan za osvajanje <strong>glavnog d\u017eekpota<\/strong>, ali mo\u017ee pove\u0107ati va\u0161e \u0161anse za osvajanje drugih nagrada.<\/p>\n<hr \/>\n<h3>Nagradni Razredi i \u0160anse za Pobediti<\/h3>\n<table>\n<thead>\n<tr>\n<th>Nagradni Razred<\/th>\n<th>Kriterijumi<\/th>\n<th>\u0160ansa za Pobediti<\/th>\n<\/tr>\n<\/thead>\n<tbody>\n<tr>\n<td><strong>1<\/strong><\/td>\n<td>6 ta\u010dnih brojeva<\/td>\n<td><strong>1 na 8 145 060<\/strong><\/td>\n<\/tr>\n<tr>\n<td><strong>2<\/strong><\/td>\n<td>5 ta\u010dnih brojeva + 1 ili 2 bonus broja<\/td>\n<td><strong>1 na 678 755<\/strong><\/td>\n<\/tr>\n<tr>\n<td><strong>3<\/strong><\/td>\n<td>5 ta\u010dnih brojeva<\/td>\n<td><strong>1 na 36 689<\/strong><\/td>\n<\/tr>\n<tr>\n<td><strong>4<\/strong><\/td>\n<td>4 ta\u010dna broja<\/td>\n<td><strong>1 na 733<\/strong><\/td>\n<\/tr>\n<tr>\n<td><strong>5<\/strong><\/td>\n<td>3 ta\u010dna broja + 1 ili 2 bonus broja<\/td>\n<td><strong>1 na 297<\/strong><\/td>\n<\/tr>\n<tr>\n<td><strong>6<\/strong><\/td>\n<td>3 ta\u010dna broja<\/td>\n<td><strong>1 na 53<\/strong><\/td>\n<\/tr>\n<\/tbody>\n<\/table>\n<hr \/>\n<h3>Igrajte Subotnji Loto Danas!<\/h3>\n<p>Kupite tiket i ne propustite <strong>\u0161ansu da postanete milioner<\/strong>!<\/p>\n<p>Na na\u0161oj platformi mo\u017eete u\u010destvovati ne samo u australijskim izvla\u010denjima, ve\u0107 i u <strong>Powerball-u, Mega Millions-u, EuroMillions-u<\/strong> i mnogim drugim popularnim me\u0111unarodnim lutrijama.<\/p>\n<p><a href=\"https:\/\/jackpotlotteryonline.com\" target=\"_new\" rel=\"noopener\">Kupite tiket i igrajte online sada!<\/a><\/p>\n","protected":false},"excerpt":{"rendered":"<p>Subotnji loto je jedno od najpopularnijih lutrija u Australiji i privla\u010di igra\u010de iz cele zemlje. Za\u0161to? Ova lutrija ima dugu istoriju u pravljenju igra\u010da milionerima! D\u017eekpot mo\u017ee da dostigne 10 miliona australijskih dolara (pribli\u017eno 6 miliona evra), \u0161to je zna\u010dajan iznos. Pre nego \u0161to je internet postao dostupniji, samo su stanovnici Australije mogli da kupe [&hellip;]<\/p>\n","protected":false},"author":7,"featured_media":0,"parent":73093,"menu_order":18,"comment_status":"closed","ping_status":"closed","template":"saturday-lotto.php","meta":{"_et_pb_use_builder":"","_et_pb_old_content":"","_et_gb_content_width":"","exclude_from_search":false,"footnotes":""},"class_list":["post-73576","page","type-page","status-publish","hentry"],"yoast_head":"<!-- This site is optimized with the Yoast SEO plugin v23.3 - https:\/\/yoast.com\/wordpress\/plugins\/seo\/ -->\n<title>Igrajte Subotnji Loto online<\/title>\n<meta name=\"description\" content=\"U\u017eivajte u prilici da osvojite velike nagrade sa Subotnjim Lotom igraju\u0107i online, bez obzira gde se nalazite. Saznajte kako.\" \/>\n<meta name=\"robots\" content=\"index, follow, max-snippet:-1, max-image-preview:large, max-video-preview:-1\" \/>\n<link rel=\"canonical\" href=\"https:\/\/jackpotlotteryonline.com\/sr\/online-lutrijski-dogadaji-i-igre\/subotnje-loto-igre-online\/\" \/>\n<meta property=\"og:locale\" content=\"sr_RS\" \/>\n<meta property=\"og:type\" content=\"article\" \/>\n<meta property=\"og:title\" content=\"Igrajte Subotnji Loto online\" \/>\n<meta property=\"og:description\" content=\"U\u017eivajte u prilici da osvojite velike nagrade sa Subotnjim Lotom igraju\u0107i online, bez obzira gde se nalazite. Saznajte kako.\" \/>\n<meta property=\"og:url\" content=\"https:\/\/jackpotlotteryonline.com\/sr\/online-lutrijski-dogadaji-i-igre\/subotnje-loto-igre-online\/\" \/>\n<meta property=\"og:site_name\" content=\"Lotto Online - Crack The International Lottery Jackpots\" \/>\n<meta name=\"twitter:card\" content=\"summary_large_image\" \/>\n<meta name=\"twitter:label1\" content=\"\u041f\u0440\u043e\u0446\u0435\u045a\u0435\u043d\u043e \u0432\u0440\u0435\u043c\u0435 \u0447\u0438\u0442\u0430\u045a\u0430\" \/>\n\t<meta name=\"twitter:data1\" content=\"3 \u043c\u0438\u043d\u0443\u0442\u0430\" \/>\n<!-- \/ Yoast SEO plugin. -->","yoast_head_json":{"title":"Igrajte Subotnji Loto online","description":"U\u017eivajte u prilici da osvojite velike nagrade sa Subotnjim Lotom igraju\u0107i online, bez obzira gde se nalazite. Saznajte kako.","robots":{"index":"index","follow":"follow","max-snippet":"max-snippet:-1","max-image-preview":"max-image-preview:large","max-video-preview":"max-video-preview:-1"},"canonical":"https:\/\/jackpotlotteryonline.com\/sr\/online-lutrijski-dogadaji-i-igre\/subotnje-loto-igre-online\/","og_locale":"sr_RS","og_type":"article","og_title":"Igrajte Subotnji Loto online","og_description":"U\u017eivajte u prilici da osvojite velike nagrade sa Subotnjim Lotom igraju\u0107i online, bez obzira gde se nalazite. Saznajte kako.","og_url":"https:\/\/jackpotlotteryonline.com\/sr\/online-lutrijski-dogadaji-i-igre\/subotnje-loto-igre-online\/","og_site_name":"Lotto Online - Crack The International Lottery Jackpots","twitter_card":"summary_large_image","twitter_misc":{"\u041f\u0440\u043e\u0446\u0435\u045a\u0435\u043d\u043e \u0432\u0440\u0435\u043c\u0435 \u0447\u0438\u0442\u0430\u045a\u0430":"3 \u043c\u0438\u043d\u0443\u0442\u0430"},"schema":{"@context":"https:\/\/schema.org","@graph":[{"@type":"WebPage","@id":"https:\/\/jackpotlotteryonline.com\/sr\/online-lutrijski-dogadaji-i-igre\/subotnje-loto-igre-online\/","url":"https:\/\/jackpotlotteryonline.com\/sr\/online-lutrijski-dogadaji-i-igre\/subotnje-loto-igre-online\/","name":"Igrajte Subotnji Loto online","isPartOf":{"@id":"https:\/\/jackpotlotteryonline.com\/#website"},"datePublished":"2025-02-04T10:09:06+00:00","dateModified":"2025-02-04T10:09:06+00:00","description":"U\u017eivajte u prilici da osvojite velike nagrade sa Subotnjim Lotom igraju\u0107i online, bez obzira gde se nalazite. Saznajte kako.","breadcrumb":{"@id":"https:\/\/jackpotlotteryonline.com\/sr\/online-lutrijski-dogadaji-i-igre\/subotnje-loto-igre-online\/#breadcrumb"},"inLanguage":"sr-RS","potentialAction":[{"@type":"ReadAction","target":["https:\/\/jackpotlotteryonline.com\/sr\/online-lutrijski-dogadaji-i-igre\/subotnje-loto-igre-online\/"]}]},{"@type":"BreadcrumbList","@id":"https:\/\/jackpotlotteryonline.com\/sr\/online-lutrijski-dogadaji-i-igre\/subotnje-loto-igre-online\/#breadcrumb","itemListElement":[{"@type":"ListItem","position":1,"name":"Home","item":"https:\/\/jackpotlotteryonline.com\/sr\/"},{"@type":"ListItem","position":2,"name":"Online Lutrijski Doga\u0111aji i Igre","item":"https:\/\/jackpotlotteryonline.com\/play-online\/"},{"@type":"ListItem","position":3,"name":"Subotnje Loto Igre Online"}]},{"@type":"WebSite","@id":"https:\/\/jackpotlotteryonline.com\/#website","url":"https:\/\/jackpotlotteryonline.com\/","name":"Lotto Online - Crack The International Lottery Jackpots","description":"","potentialAction":[{"@type":"SearchAction","target":{"@type":"EntryPoint","urlTemplate":"https:\/\/jackpotlotteryonline.com\/?s={search_term_string}"},"query-input":"required name=search_term_string"}],"inLanguage":"sr-RS"}]}},"_links":{"self":[{"href":"https:\/\/jackpotlotteryonline.com\/sr\/wp-json\/wp\/v2\/pages\/73576","targetHints":{"allow":["GET"]}}],"collection":[{"href":"https:\/\/jackpotlotteryonline.com\/sr\/wp-json\/wp\/v2\/pages"}],"about":[{"href":"https:\/\/jackpotlotteryonline.com\/sr\/wp-json\/wp\/v2\/types\/page"}],"author":[{"embeddable":true,"href":"https:\/\/jackpotlotteryonline.com\/sr\/wp-json\/wp\/v2\/users\/7"}],"replies":[{"embeddable":true,"href":"https:\/\/jackpotlotteryonline.com\/sr\/wp-json\/wp\/v2\/comments?post=73576"}],"version-history":[{"count":0,"href":"https:\/\/jackpotlotteryonline.com\/sr\/wp-json\/wp\/v2\/pages\/73576\/revisions"}],"up":[{"embeddable":true,"href":"https:\/\/jackpotlotteryonline.com\/sr\/wp-json\/wp\/v2\/pages\/73093"}],"wp:attachment":[{"href":"https:\/\/jackpotlotteryonline.com\/sr\/wp-json\/wp\/v2\/media?parent=73576"}],"curies":[{"name":"wp","href":"https:\/\/api.w.org\/{rel}","templated":true}]}}