{"id":73606,"date":"2025-02-04T10:28:46","date_gmt":"2025-02-04T10:28:46","guid":{"rendered":"https:\/\/jackpotlotteryonline.com\/?page_id=73606"},"modified":"2025-02-04T10:28:46","modified_gmt":"2025-02-04T10:28:46","slug":"kako-kupiti-tiket-za-lutriju-online","status":"publish","type":"page","link":"https:\/\/jackpotlotteryonline.com\/sr\/kako-kupiti-tiket-za-lutriju-online\/","title":{"rendered":"Kako kupiti tiket za lutriju online"},"content":{"rendered":"<p>Kupovina tiketa za lutriju online postala je veoma popularna. Igra\u010di lutrije \u0161irom sveta koriste na\u0161e usluge online kupovine tiketa i postoji mnogo razloga za\u0161to.<\/p>\n<p>Za neke igra\u010de lutrije, ovo je jedini na\u010din da kupe tikete za lutriju jer u njihovoj zemlji mo\u017eda ne postoji lutrija. Zbog toga tra\u017ee na\u010dine da do\u0111u do velikih nagrada, pa se okre\u0107u me\u0111unarodnim lutrijama. Na na\u0161em sajtu postoji mnogo lutrija sa velikim nagradama na izbor.<\/p>\n<p>Ostali ljubitelji lutrije mo\u017eda imaju lutriju u svojoj zemlji, ali te lutrije nisu dovoljno uzbudljive. \u010cesto, ove lokalne lutrije nemaju velike glavne nagrade ili se izvode samo jednom nedeljno. Zbog toga, igra\u010di \u010desto tra\u017ee <a href=\"https:\/\/jackpotlotteryonline.com\/play-online\">povoljnije opcije<\/a>.<\/p>\n<p>**Ve\u0107e isplate koje nude lutrije drugih zemalja**<\/p>\n<p>Ovo je poznat princip \u2013 ulaganje novca u tiket za lutriju je najlogi\u010dnije kada su nagrade zaista velike. Na kraju, kada kupite tiket, \u017eelite da dobijete najve\u0107u vrednost za svoj novac. To zna\u010di da, ako je cena tiketa ista, tiket za lutriju sa ve\u0107om potencijalnom nagradom nudi bolju vrednost za va\u0161 novac.<\/p>\n<p>Ali \u010dak i ako je tiket za online lutriju skuplji od tiketa za va\u0161u lokalnu lutriju, mnogi puti to je i dalje isplativo. Ako je potencijalna nagrada dva puta ve\u0107a nego \u0161to je bila na va\u0161oj lokalnoj lutriji, va\u0161a matemati\u010dka \u0161ansa za pobedu je ve\u0107a na lutriji u kojoj morate kupiti online tiket.<\/p>\n<section class=\"layout\" style=\"border: solid 1px; width: 100%;\">\n<div class=\"img-div\" style=\"margin-top: 5px;\"><img decoding=\"async\" class=\"wp-image-17212 alignleft\" style=\"height: 45px; margin: 8px 8px 0px;\" src=\"http:\/\/jackpotlotteryonline.com\/wp-content\/uploads\/2022\/11\/read1.jpg\" alt=\"beware of scam lotteries\" width=\"\" height=\"\" \/><\/div>\n<div style=\"padding-left: 5px;\">\n<div style=\"font-size: 1.1em;\">\n<p>**Prevare lutrija na koje morate obratiti pa\u017enju**<\/p>\n<p style=\"font-size: 0.85em; margin-top: -1.5em;\">Nemojte se da padnete u ovu zamku. <a href=\"https:\/\/jackpotlotteryonline.com\/beware-of-online-lottery-scams\">Pro\u010ditajte vi\u0161e<\/a><\/p>\n<\/div>\n<\/div>\n<\/section>\n<p>**Uvek postoji velika nagrada negde u svetu**<\/p>\n<p>I to je glavni razlog za\u0161to ljudi kupuju online tikete za lutriju. Iako postoji mnogo lutrija putem online usluga, uvek \u0107ete prona\u0107i veliku nagradu koja ima vrednost. Zapravo, veliki broj na\u0161ih klijenata prati jednostavnu strategiju: lutrija koja trenutno ima najve\u0107u nagradu je ona koju kupuju. To je potpuno logi\u010dno, zar ne?<\/p>\n<p>**Da li je legalno kupiti tiket online za jednu od ovih lutrija?**<\/p>\n<p>Da, to je legalno. Zamislite da ste u Sjedinjenim Ameri\u010dkim Dr\u017eavama i va\u0161a Powerball lutrija ima ogroman d\u017eekpot. Idete i kupujete tiket, a taj tiket pobe\u0111uje. Naravno, lutrija mora da vas isplati, \u010dak iako ne \u017eivite u zemlji u kojoj se izvodi <a href=\"https:\/\/jackpotlotteryonline.com\/winning-numbers\">izvla\u010denje<\/a>. Kupili ste tiket legalno. Nema veze da li \u017eivite u Sjedinjenim Ameri\u010dkim Dr\u017eavama ili ne. A ovo va\u017ei za sve globalne lutrije.<\/p>\n<p>Na\u0161a razlika je ta \u0161to mi kupujemo pravi tiket kao va\u0161 predstavnik. Vi naru\u010dite tiket online, a jedan od na\u0161ih lokalnih agenata ga kupuje za vas. Zatim, va\u0161 tiket je skeniran i postavljen na va\u0161 nalog kako biste mogli da proverite da smo zaista kupili pravi tiket za vas.<\/p>\n<p><img loading=\"lazy\" decoding=\"async\" class=\"alignright size-medium wp-image-25854\" src=\"http:\/\/jackpotlotteryonline.com\/wp-content\/uploads\/2022\/10\/1_results_tickets_lotto-300x212.jpg\" alt=\"lottery ticket\" width=\"300\" height=\"212\" srcset=\"https:\/\/jackpotlotteryonline.com\/wp-content\/uploads\/2022\/10\/1_results_tickets_lotto-300x212.jpg 300w, https:\/\/jackpotlotteryonline.com\/wp-content\/uploads\/2022\/10\/1_results_tickets_lotto.jpg 320w\" sizes=\"auto, (max-width: 300px) 100vw, 300px\" \/>Ako osvojite, na vama je da odlu\u010dite da li \u017eelite da putujete u zemlju koja organizuje lutriju. Ako \u017eelite, mo\u017eete uzeti tiket od nas i li\u010dno ga doneti komisiji lutrije. Kako \u0107e oni znati da ste kupili tiket?<\/p>\n<p>Me\u0111utim, u stvari, nije potrebno da to uradite na ovaj na\u010din. Deo na\u0161e online usluge lutrijskih tiketa je da tako\u0111e mo\u017eemo da obradimo va\u0161e isplate. Obradi\u0107emo va\u0161u nagradu i komisija lutrije \u0107e vam poslati \u010dek ili transfer novca na va\u0161 bankovni ra\u010dun.<\/p>\n<p>Da li ste znali da se sve nagrade manje od 2500 evra odmah prebacuju na va\u0161 nalog na sajtu? Ne morate ni\u0161ta da uradite da biste primili ovu nagradu. I mo\u017eete povu\u0107i sredstva kad god \u017eelite, a mi \u0107emo ih prebaciti na va\u0161 bankovni ra\u010dun, kreditnu karticu ili kripto nov\u010danik (ako ga imate).<\/p>\n<p>**Dru\u0161tvene prednosti online kupovine tiketa za lutriju**<\/p>\n<p>Na\u0161a usluga tiketa ima i druge o\u010digledne prednosti, uklju\u010duju\u0107i:<\/p>\n<p>&#8211; Ne morate da napustite ku\u0107u da biste kupili tiket<br \/>\n&#8211; Nema potrebe da \u010dekate u dugim redovima u prodavnici ili lutrijskom agentu (posebno kada su nagrade ogromne!)<br \/>\n&#8211; Va\u0161 tiket ne mo\u017ee da se izgubi jer je skeniran i \u010duvan u na\u0161im sigurnim trezorima<\/p>\n<p>Pa, na \u0161ta \u010dekate? **Izaberite lutriju i kupite svoj online tiket jo\u0161 danas** \u2013 sa malo sre\u0107e, mo\u017eda \u0107ete biti dobitnik glavne nagrade ve\u0107 sutra!<\/p>\n<p>&#8212;<\/p>\n","protected":false},"excerpt":{"rendered":"<p>Kupovina tiketa za lutriju online postala je veoma popularna. Igra\u010di lutrije \u0161irom sveta koriste na\u0161e usluge online kupovine tiketa i postoji mnogo razloga za\u0161to. Za neke igra\u010de lutrije, ovo je jedini na\u010din da kupe tikete za lutriju jer u njihovoj zemlji mo\u017eda ne postoji lutrija. Zbog toga tra\u017ee na\u010dine da do\u0111u do velikih nagrada, pa [&hellip;]<\/p>\n","protected":false},"author":7,"featured_media":0,"parent":0,"menu_order":3,"comment_status":"closed","ping_status":"closed","template":"Information.php","meta":{"_et_pb_use_builder":"","_et_pb_old_content":"","_et_gb_content_width":"","exclude_from_search":false,"footnotes":""},"class_list":["post-73606","page","type-page","status-publish","hentry"],"yoast_head":"<!-- This site is optimized with the Yoast SEO plugin v23.3 - https:\/\/yoast.com\/wordpress\/plugins\/seo\/ -->\n<title>Kako kupiti karte online za svetske loterije<\/title>\n<meta name=\"description\" content=\"Na \u0161ta treba obratiti pa\u017enju kada kupujete karte za me\u0111unarodne loterije online. Neke online usluge za karte nisu preporu\u010dljive, saznajte koje.\" \/>\n<meta name=\"robots\" content=\"index, follow, max-snippet:-1, max-image-preview:large, max-video-preview:-1\" \/>\n<link rel=\"canonical\" href=\"https:\/\/jackpotlotteryonline.com\/sr\/kako-kupiti-tiket-za-lutriju-online\/\" \/>\n<meta property=\"og:locale\" content=\"sr_RS\" \/>\n<meta property=\"og:type\" content=\"article\" \/>\n<meta property=\"og:title\" content=\"Kako kupiti karte online za svetske loterije\" \/>\n<meta property=\"og:description\" content=\"Na \u0161ta treba obratiti pa\u017enju kada kupujete karte za me\u0111unarodne loterije online. Neke online usluge za karte nisu preporu\u010dljive, saznajte koje.\" \/>\n<meta property=\"og:url\" content=\"https:\/\/jackpotlotteryonline.com\/sr\/kako-kupiti-tiket-za-lutriju-online\/\" \/>\n<meta property=\"og:site_name\" content=\"Lotto Online - Crack The International Lottery Jackpots\" \/>\n<meta property=\"og:image\" content=\"http:\/\/jackpotlotteryonline.com\/wp-content\/uploads\/2022\/11\/read1.jpg\" \/>\n<meta name=\"twitter:card\" content=\"summary_large_image\" \/>\n<!-- \/ Yoast SEO plugin. -->","yoast_head_json":{"title":"Kako kupiti karte online za svetske loterije","description":"Na \u0161ta treba obratiti pa\u017enju kada kupujete karte za me\u0111unarodne loterije online. Neke online usluge za karte nisu preporu\u010dljive, saznajte koje.","robots":{"index":"index","follow":"follow","max-snippet":"max-snippet:-1","max-image-preview":"max-image-preview:large","max-video-preview":"max-video-preview:-1"},"canonical":"https:\/\/jackpotlotteryonline.com\/sr\/kako-kupiti-tiket-za-lutriju-online\/","og_locale":"sr_RS","og_type":"article","og_title":"Kako kupiti karte online za svetske loterije","og_description":"Na \u0161ta treba obratiti pa\u017enju kada kupujete karte za me\u0111unarodne loterije online. Neke online usluge za karte nisu preporu\u010dljive, saznajte koje.","og_url":"https:\/\/jackpotlotteryonline.com\/sr\/kako-kupiti-tiket-za-lutriju-online\/","og_site_name":"Lotto Online - Crack The International Lottery Jackpots","og_image":[{"url":"http:\/\/jackpotlotteryonline.com\/wp-content\/uploads\/2022\/11\/read1.jpg"}],"twitter_card":"summary_large_image","schema":{"@context":"https:\/\/schema.org","@graph":[{"@type":"WebPage","@id":"https:\/\/jackpotlotteryonline.com\/sr\/kako-kupiti-tiket-za-lutriju-online\/","url":"https:\/\/jackpotlotteryonline.com\/sr\/kako-kupiti-tiket-za-lutriju-online\/","name":"Kako kupiti karte online za svetske loterije","isPartOf":{"@id":"https:\/\/jackpotlotteryonline.com\/#website"},"primaryImageOfPage":{"@id":"https:\/\/jackpotlotteryonline.com\/sr\/kako-kupiti-tiket-za-lutriju-online\/#primaryimage"},"image":{"@id":"https:\/\/jackpotlotteryonline.com\/sr\/kako-kupiti-tiket-za-lutriju-online\/#primaryimage"},"thumbnailUrl":"http:\/\/jackpotlotteryonline.com\/wp-content\/uploads\/2022\/11\/read1.jpg","datePublished":"2025-02-04T10:28:46+00:00","dateModified":"2025-02-04T10:28:46+00:00","description":"Na \u0161ta treba obratiti pa\u017enju kada kupujete karte za me\u0111unarodne loterije online. Neke online usluge za karte nisu preporu\u010dljive, saznajte koje.","breadcrumb":{"@id":"https:\/\/jackpotlotteryonline.com\/sr\/kako-kupiti-tiket-za-lutriju-online\/#breadcrumb"},"inLanguage":"sr-RS","potentialAction":[{"@type":"ReadAction","target":["https:\/\/jackpotlotteryonline.com\/sr\/kako-kupiti-tiket-za-lutriju-online\/"]}]},{"@type":"ImageObject","inLanguage":"sr-RS","@id":"https:\/\/jackpotlotteryonline.com\/sr\/kako-kupiti-tiket-za-lutriju-online\/#primaryimage","url":"http:\/\/jackpotlotteryonline.com\/wp-content\/uploads\/2022\/11\/read1.jpg","contentUrl":"http:\/\/jackpotlotteryonline.com\/wp-content\/uploads\/2022\/11\/read1.jpg"},{"@type":"BreadcrumbList","@id":"https:\/\/jackpotlotteryonline.com\/sr\/kako-kupiti-tiket-za-lutriju-online\/#breadcrumb","itemListElement":[{"@type":"ListItem","position":1,"name":"Home","item":"https:\/\/jackpotlotteryonline.com\/sr\/"},{"@type":"ListItem","position":2,"name":"Kako kupiti tiket za lutriju online"}]},{"@type":"WebSite","@id":"https:\/\/jackpotlotteryonline.com\/#website","url":"https:\/\/jackpotlotteryonline.com\/","name":"Lotto Online - Crack The International Lottery Jackpots","description":"","potentialAction":[{"@type":"SearchAction","target":{"@type":"EntryPoint","urlTemplate":"https:\/\/jackpotlotteryonline.com\/?s={search_term_string}"},"query-input":"required name=search_term_string"}],"inLanguage":"sr-RS"}]}},"_links":{"self":[{"href":"https:\/\/jackpotlotteryonline.com\/sr\/wp-json\/wp\/v2\/pages\/73606","targetHints":{"allow":["GET"]}}],"collection":[{"href":"https:\/\/jackpotlotteryonline.com\/sr\/wp-json\/wp\/v2\/pages"}],"about":[{"href":"https:\/\/jackpotlotteryonline.com\/sr\/wp-json\/wp\/v2\/types\/page"}],"author":[{"embeddable":true,"href":"https:\/\/jackpotlotteryonline.com\/sr\/wp-json\/wp\/v2\/users\/7"}],"replies":[{"embeddable":true,"href":"https:\/\/jackpotlotteryonline.com\/sr\/wp-json\/wp\/v2\/comments?post=73606"}],"version-history":[{"count":0,"href":"https:\/\/jackpotlotteryonline.com\/sr\/wp-json\/wp\/v2\/pages\/73606\/revisions"}],"wp:attachment":[{"href":"https:\/\/jackpotlotteryonline.com\/sr\/wp-json\/wp\/v2\/media?parent=73606"}],"curies":[{"name":"wp","href":"https:\/\/api.w.org\/{rel}","templated":true}]}}