{"id":73628,"date":"2025-02-04T11:03:35","date_gmt":"2025-02-04T11:03:35","guid":{"rendered":"https:\/\/jackpotlotteryonline.com\/?page_id=73628"},"modified":"2025-02-04T11:03:35","modified_gmt":"2025-02-04T11:03:35","slug":"igrajte-ozi-loto-online","status":"publish","type":"page","link":"https:\/\/jackpotlotteryonline.com\/sr\/online-lutrijski-dogadaji-i-igre\/igrajte-ozi-loto-online\/","title":{"rendered":"Igrajte Ozi Loto Online"},"content":{"rendered":"<h2>O Ozi Lotou<\/h2>\n<p> Ozi Loto je australijska lutrija koja je uvedena 1994. godine i njome upravlja kompanija Tatts Group. Ozi Loto je postao najpopularnija lutrija u Australiji i Novom Zelandu, a trenutno je i najve\u0107a lutrija u Australiji. <a href=\"https:\/\/jackpotlotteryonline.com\/winning-numbers\/oz-lotto\">Izvla\u010denja Ozi Lota<\/a> odr\u017eavaju se svake srede i subote.<br \/>\nEvo vodi\u010da koji \u0107e vam pomo\u0107i da igrate Ozi Loto online sa bilo kog mesta na svetu.<\/p>\n<h2>Kako igrati Ozi Loto Online<\/h2>\n<p> <img loading=\"lazy\" decoding=\"async\" class=\"alignright size-full wp-image-29777\" src=\"http:\/\/jackpotlotteryonline.com\/wp-content\/uploads\/2022\/11\/1_ticket_online_buying.jpg\" alt=\"play oz lotto online\" width=\"300\" height=\"203\" \/>Ako ste u potrazi za uzbudljivom i zabavnom lutrijom u kojoj mo\u017eete u\u010destvovati, Ozi Loto Australija je savr\u0161en izbor. Na\u0161a usluga pru\u017ea igra\u010dima priliku da u\u010destvuju u me\u0111unarodnim lutrijama online. Da biste igrali Ozi Loto online, potreban vam je samo ra\u010dunar i internet konekcija.<br \/>\nDa biste igrali Ozi Loto online, jednostavno odaberite 7 brojeva od 1 do 47. Pored toga, tokom izvla\u010denja bira se jo\u0161 tri dodatna broja. Brojeve mo\u017eete odabrati ru\u010dno ili koristiti generator slu\u010dajnih brojeva. Zatim izaberite broj izvla\u010denja u kojem \u017eelite u\u010destvovati i idite na stranicu za pla\u0107anje kako biste <a href=\"https:\/\/jackpotlotteryonline.com\/buy-tickets\/oz-lotto\">kupili svoju kartu<\/a>, a zatim \u010dekajte izvla\u010denje.<\/p>\n<h2>\u0160ta su dodatni brojevi i kako se koriste?<\/h2>\n<p> Dodatni brojevi, poznati i kao &#8220;nagradne lopte&#8221;, biraju se tokom izvla\u010denja Ozi Lota. Svako izvla\u010denje daje 10 brojeva nasumi\u010dno. Prvih sedam brojeva ozna\u010davaju se kao glavni brojevi koji se koriste za odre\u0111ivanje glavne nagrade. Preostala tri broja, koji se nazivaju &#8220;dodatni brojevi&#8221;, koriste se za odre\u0111ivanje nagrada za nivoe 2, 4 i 7. <\/p>\n<h3>Ozi Loto nagradni nivoi<\/h3>\n<p> Ozi Loto Australija uklju\u010duje 7 nivoa nagrada. Oni su: <\/p>\n<ul>\n<li>Nivo 1: Glavna nagrada: 7 ta\u010dnih brojeva<\/li>\n<li>Nivo 2: 6 ta\u010dnih brojeva + dodatni broj<\/li>\n<li>Nivo 3: 6 ta\u010dnih brojeva<\/li>\n<li>Nivo 4: 5 ta\u010dnih brojeva + dodatni broj<\/li>\n<li>Nivo 5: 5 ta\u010dnih brojeva<\/li>\n<li>Nivo 6: 4 ta\u010dna broja<\/li>\n<li>Nivo 7: 3 ta\u010dna broja + dodatni broj<\/li>\n<\/ul>\n<h2>Da li moram biti u Australiji da bih igrao Ozi Loto?<\/h2>\n<p> Ne, ne morate biti u Australiji da biste u\u010destvovali u ovoj lutriji. Sve \u0161to vam je potrebno je da posetite sajt jackpotlotteryonline.com i u\u0111ete u svet me\u0111unarodnih lutrija. Mi obezbe\u0111ujemo usluge lutrija i kupujemo fizi\u010dke karte putem na\u0161ih pouzdanih agenata. Karte se bezbedno \u010duvaju, a skenirana verzija se u\u010ditava na korisni\u010dki nalog. Sav ovaj proces obavljamo za vas, a vi samo treba da sa\u010dekate dan izvla\u010denja.<br \/>\nNemojte brinuti ako niste u Australiji. Igra\u0107ete ovu lutriju kao da ste tamo. Igranje Ozi Lota je zaista jednostavno. Poku\u0161ajte danas!<\/p>\n<h2>Kako pobediti na Ozi Lotou<\/h2>\n<p> Da biste osvojili glavnu nagradu na Ozi Lotou, igra\u010d mora da pogodi 7 brojeva od ukupno 47 brojeva. Glavna nagrada po\u010dinje sa 10 miliona dolara i obi\u010dno raste dok neko ne pobedi. Osim glavne nagrade, igra\u010di koji pogode 4 ili 5 brojeva ta\u010dno mogu osvojiti manje nagrade. <\/p>\n<section class=\"layout\" style=\"border: solid 1px; width: 100%;\">\n<div class=\"img-div\" style=\"margin-top: 5px;\"><img decoding=\"async\" class=\"wp-image-17212 alignleft\" style=\"height: 45px; margin: 8px 8px 0px;\" src=\"http:\/\/jackpotlotteryonline.com\/wp-content\/uploads\/2022\/11\/read1.jpg\" alt=\"read\" width=\"\" height=\"\" \/><\/div>\n<div style=\"padding-left: 5px;\">\n<div style=\"font-size: 1.1em;\"> <strong>Rekordni d\u017eekpotovi i istorijske nagrade<\/strong> <\/p>\n<p style=\"font-size: 0.85em; margin-top: -1.5em;\">Najve\u0107e lutrijske nagrade u istoriji \u0107e vam okrenuti glavu. <a href=\"https:\/\/jackpotlotteryonline.com\/biggest-lotto-jackpots-in-history\">Pro\u010ditajte vi\u0161e<\/a><\/p>\n<\/p><\/div>\n<\/p><\/div>\n<\/section>\n<h2>Koliko su \u0161anse za pobedu na Ozi Lotou?<\/h2>\n<p> <img loading=\"lazy\" decoding=\"async\" class=\"alignright wp-image-28697 size-medium\" src=\"http:\/\/jackpotlotteryonline.com\/wp-content\/uploads\/2022\/11\/1_online_lotto_winners-300x200.jpg\" alt=\"play oz lotto online\" width=\"300\" height=\"200\" srcset=\"https:\/\/jackpotlotteryonline.com\/wp-content\/uploads\/2022\/11\/1_online_lotto_winners-300x200.jpg 300w, https:\/\/jackpotlotteryonline.com\/wp-content\/uploads\/2022\/11\/1_online_lotto_winners.jpg 320w\" sizes=\"auto, (max-width: 300px) 100vw, 300px\" \/><br \/>\nOzi Loto je postao izuzetno popularan me\u0111u igra\u010dima zbog svojih velikih nagrada i velikog broja pobednika, \u0161to zna\u010di da \u0161anse za pobedu na bilo kom od nivoa nagrada mogu biti ve\u0107e.<\/p>\n<p>\u0160anse za pogoditi svih 7 brojeva i osvojiti glavnu nagradu su 1 prema 62,891,499, \u0161to je gotovo nemogu\u0107e. Ali lepota lutrija je upravo u tome \u0161to je igra zasnovana na sre\u0107i i niko ne zna kada \u0107e pobediti, a to je ono \u0161to ovu igru \u010dini tako uzbudljivom.<\/p>\n<p>Ukupne \u0161anse za pobedu na bilo kom od sedam nivoa nagrada su 1 prema 51.<\/p>\n<p>Za vi\u0161e informacija o Ozi Lotou, posetite na\u0161 FAQ ili zvani\u010dni sajt lutrije.<\/p>\n<p>Prijavite se danas i prona\u0111ite svoj \u0161ansu da u\u010destvujete u ovoj lutriji sa bilo kog mesta na svetu.<\/p>\n","protected":false},"excerpt":{"rendered":"<p>O Ozi Lotou Ozi Loto je australijska lutrija koja je uvedena 1994. godine i njome upravlja kompanija Tatts Group. Ozi Loto je postao najpopularnija lutrija u Australiji i Novom Zelandu, a trenutno je i najve\u0107a lutrija u Australiji. Izvla\u010denja Ozi Lota odr\u017eavaju se svake srede i subote. Evo vodi\u010da koji \u0107e vam pomo\u0107i da igrate [&hellip;]<\/p>\n","protected":false},"author":7,"featured_media":0,"parent":73093,"menu_order":16,"comment_status":"closed","ping_status":"closed","template":"","meta":{"_et_pb_use_builder":"","_et_pb_old_content":"","_et_gb_content_width":"","exclude_from_search":false,"footnotes":""},"class_list":["post-73628","page","type-page","status-publish","hentry"],"yoast_head":"<!-- This site is optimized with the Yoast SEO plugin v23.3 - https:\/\/yoast.com\/wordpress\/plugins\/seo\/ -->\n<title>Igrajte Ozi Loto sa bilo kog mesta na svetu<\/title>\n<meta name=\"description\" content=\"Sada mo\u017eete igrati Ozi Loto online, ne samo ako ste u Australiji \u2013 mo\u017eete igrati ovu lutriju sa bilo kog mesta na svetu.\" \/>\n<meta name=\"robots\" content=\"index, follow, max-snippet:-1, max-image-preview:large, max-video-preview:-1\" \/>\n<link rel=\"canonical\" href=\"https:\/\/jackpotlotteryonline.com\/sr\/online-lutrijski-dogadaji-i-igre\/igrajte-ozi-loto-online\/\" \/>\n<meta property=\"og:locale\" content=\"sr_RS\" \/>\n<meta property=\"og:type\" content=\"article\" \/>\n<meta property=\"og:title\" content=\"Igrajte Ozi Loto sa bilo kog mesta na svetu\" \/>\n<meta property=\"og:description\" content=\"Sada mo\u017eete igrati Ozi Loto online, ne samo ako ste u Australiji \u2013 mo\u017eete igrati ovu lutriju sa bilo kog mesta na svetu.\" \/>\n<meta property=\"og:url\" content=\"https:\/\/jackpotlotteryonline.com\/sr\/online-lutrijski-dogadaji-i-igre\/igrajte-ozi-loto-online\/\" \/>\n<meta property=\"og:site_name\" content=\"Lotto Online - Crack The International Lottery Jackpots\" \/>\n<meta property=\"og:image\" content=\"http:\/\/jackpotlotteryonline.com\/wp-content\/uploads\/2022\/11\/1_ticket_online_buying.jpg\" \/>\n<meta name=\"twitter:card\" content=\"summary_large_image\" \/>\n<!-- \/ Yoast SEO plugin. -->","yoast_head_json":{"title":"Igrajte Ozi Loto sa bilo kog mesta na svetu","description":"Sada mo\u017eete igrati Ozi Loto online, ne samo ako ste u Australiji \u2013 mo\u017eete igrati ovu lutriju sa bilo kog mesta na svetu.","robots":{"index":"index","follow":"follow","max-snippet":"max-snippet:-1","max-image-preview":"max-image-preview:large","max-video-preview":"max-video-preview:-1"},"canonical":"https:\/\/jackpotlotteryonline.com\/sr\/online-lutrijski-dogadaji-i-igre\/igrajte-ozi-loto-online\/","og_locale":"sr_RS","og_type":"article","og_title":"Igrajte Ozi Loto sa bilo kog mesta na svetu","og_description":"Sada mo\u017eete igrati Ozi Loto online, ne samo ako ste u Australiji \u2013 mo\u017eete igrati ovu lutriju sa bilo kog mesta na svetu.","og_url":"https:\/\/jackpotlotteryonline.com\/sr\/online-lutrijski-dogadaji-i-igre\/igrajte-ozi-loto-online\/","og_site_name":"Lotto Online - Crack The International Lottery Jackpots","og_image":[{"url":"http:\/\/jackpotlotteryonline.com\/wp-content\/uploads\/2022\/11\/1_ticket_online_buying.jpg"}],"twitter_card":"summary_large_image","schema":{"@context":"https:\/\/schema.org","@graph":[{"@type":"WebPage","@id":"https:\/\/jackpotlotteryonline.com\/sr\/online-lutrijski-dogadaji-i-igre\/igrajte-ozi-loto-online\/","url":"https:\/\/jackpotlotteryonline.com\/sr\/online-lutrijski-dogadaji-i-igre\/igrajte-ozi-loto-online\/","name":"Igrajte Ozi Loto sa bilo kog mesta na svetu","isPartOf":{"@id":"https:\/\/jackpotlotteryonline.com\/#website"},"primaryImageOfPage":{"@id":"https:\/\/jackpotlotteryonline.com\/sr\/online-lutrijski-dogadaji-i-igre\/igrajte-ozi-loto-online\/#primaryimage"},"image":{"@id":"https:\/\/jackpotlotteryonline.com\/sr\/online-lutrijski-dogadaji-i-igre\/igrajte-ozi-loto-online\/#primaryimage"},"thumbnailUrl":"http:\/\/jackpotlotteryonline.com\/wp-content\/uploads\/2022\/11\/1_ticket_online_buying.jpg","datePublished":"2025-02-04T11:03:35+00:00","dateModified":"2025-02-04T11:03:35+00:00","description":"Sada mo\u017eete igrati Ozi Loto online, ne samo ako ste u Australiji \u2013 mo\u017eete igrati ovu lutriju sa bilo kog mesta na svetu.","breadcrumb":{"@id":"https:\/\/jackpotlotteryonline.com\/sr\/online-lutrijski-dogadaji-i-igre\/igrajte-ozi-loto-online\/#breadcrumb"},"inLanguage":"sr-RS","potentialAction":[{"@type":"ReadAction","target":["https:\/\/jackpotlotteryonline.com\/sr\/online-lutrijski-dogadaji-i-igre\/igrajte-ozi-loto-online\/"]}]},{"@type":"ImageObject","inLanguage":"sr-RS","@id":"https:\/\/jackpotlotteryonline.com\/sr\/online-lutrijski-dogadaji-i-igre\/igrajte-ozi-loto-online\/#primaryimage","url":"http:\/\/jackpotlotteryonline.com\/wp-content\/uploads\/2022\/11\/1_ticket_online_buying.jpg","contentUrl":"http:\/\/jackpotlotteryonline.com\/wp-content\/uploads\/2022\/11\/1_ticket_online_buying.jpg"},{"@type":"BreadcrumbList","@id":"https:\/\/jackpotlotteryonline.com\/sr\/online-lutrijski-dogadaji-i-igre\/igrajte-ozi-loto-online\/#breadcrumb","itemListElement":[{"@type":"ListItem","position":1,"name":"Home","item":"https:\/\/jackpotlotteryonline.com\/sr\/"},{"@type":"ListItem","position":2,"name":"Online Lutrijski Doga\u0111aji i Igre","item":"https:\/\/jackpotlotteryonline.com\/play-online\/"},{"@type":"ListItem","position":3,"name":"Igrajte Ozi Loto Online"}]},{"@type":"WebSite","@id":"https:\/\/jackpotlotteryonline.com\/#website","url":"https:\/\/jackpotlotteryonline.com\/","name":"Lotto Online - Crack The International Lottery Jackpots","description":"","potentialAction":[{"@type":"SearchAction","target":{"@type":"EntryPoint","urlTemplate":"https:\/\/jackpotlotteryonline.com\/?s={search_term_string}"},"query-input":"required name=search_term_string"}],"inLanguage":"sr-RS"}]}},"_links":{"self":[{"href":"https:\/\/jackpotlotteryonline.com\/sr\/wp-json\/wp\/v2\/pages\/73628","targetHints":{"allow":["GET"]}}],"collection":[{"href":"https:\/\/jackpotlotteryonline.com\/sr\/wp-json\/wp\/v2\/pages"}],"about":[{"href":"https:\/\/jackpotlotteryonline.com\/sr\/wp-json\/wp\/v2\/types\/page"}],"author":[{"embeddable":true,"href":"https:\/\/jackpotlotteryonline.com\/sr\/wp-json\/wp\/v2\/users\/7"}],"replies":[{"embeddable":true,"href":"https:\/\/jackpotlotteryonline.com\/sr\/wp-json\/wp\/v2\/comments?post=73628"}],"version-history":[{"count":0,"href":"https:\/\/jackpotlotteryonline.com\/sr\/wp-json\/wp\/v2\/pages\/73628\/revisions"}],"up":[{"embeddable":true,"href":"https:\/\/jackpotlotteryonline.com\/sr\/wp-json\/wp\/v2\/pages\/73093"}],"wp:attachment":[{"href":"https:\/\/jackpotlotteryonline.com\/sr\/wp-json\/wp\/v2\/media?parent=73628"}],"curies":[{"name":"wp","href":"https:\/\/api.w.org\/{rel}","templated":true}]}}