{"id":73652,"date":"2025-02-04T13:11:32","date_gmt":"2025-02-04T13:11:32","guid":{"rendered":"https:\/\/jackpotlotteryonline.com\/?page_id=73652"},"modified":"2025-02-04T13:11:32","modified_gmt":"2025-02-04T13:11:32","slug":"kupovina-mega-millions-lota-putem-interneta","status":"publish","type":"page","link":"https:\/\/jackpotlotteryonline.com\/sr\/kako-kupiti-tiket-za-lutriju-online\/kupovina-mega-millions-lota-putem-interneta\/","title":{"rendered":"Kupovina Mega Millions Lota putem Interneta"},"content":{"rendered":"<h2>Kako da kupite Mega Millions tiket online?<\/h2>\n<p>Ako \u010ditate ovaj tekst, verovatno ste zainteresovani za kupovinu Mega Millions tiketa. Mega Millions je jedan od mnogih lutrija koje nude velike nagrade. Mo\u017eda ste se zapitali: &#8220;Kako da kupim Mega Millions tiket online?&#8221;<\/p>\n<p>Ne brinite, pripremili smo vodi\u010d koji \u0107e vam pomo\u0107i da kupite Mega Millions tiket putem interneta.<\/p>\n<h2>Za\u0161to kupovati Mega Millions tiket online?<\/h2>\n<p><img loading=\"lazy\" decoding=\"async\" class=\"alignright size-full wp-image-31073\" src=\"https:\/\/jackpotlotteryonline.com\/wp-content\/uploads\/2022\/11\/logo_Mega_Millions_233x110.png\" alt=\"buy mega millions ticket online\" width=\"232\" height=\"110\" \/>Mega Millions je ameri\u010dka lutrija koja redovno nudi milionerske nagrade. Pobediti u ovoj lutriji mo\u017ee potpuno da vam promeni \u017eivot, ali morate da pogodite sve pravilne brojeve da biste pobedili.<\/p>\n<p>Ako \u017eelite da kupite Mega Millions tikete putem <a href=\"https:\/\/jackpotlotteryonline.com\/play-online\/mega-millions\">interneta<\/a>, mi to radimo za vas, putem lokalnih prodavnica. Mi smo pouzdana usluga koja pru\u017ea ovu opciju kupovine kupcima \u0161irom sveta. Pru\u017eamo najbolje usluge, pa za\u0161to ne biste kupili va\u0161e tikete putem nas?<\/p>\n<p>Mega Millions je lutrija sa ogromnim nagradama, a mnogi ljudi u\u010destvuju u njoj. Iako su \u0161anse za pobedu male, ve\u0107ina ljudi poku\u0161ava da prona\u0111e na\u010dine kako da pove\u0107a svoje \u0161anse za dobitak.<\/p>\n<p>Jedan od najboljih na\u010dina da pove\u0107ate \u0161anse je da kupite Mega Millions tikete putem interneta. Mi vam omogu\u0107avamo da poru\u010dite va\u0161e tikete sa bilo kog mesta i dobi\u0107ete skeniranu kopiju va\u0161eg tiketa na va\u0161em korisni\u010dkom nalogu. Kada kupujete va\u0161e tikete online, sigurno \u0107ete ih \u010duvati i ne\u0107ete ih izgubiti ili biti ukradeni, jer se sve informacije sigurno \u010duvaju.<\/p>\n<p>Osim toga, kupovina Mega Millions tiketa putem interneta je lak\u0161a nego odlazak u prodavnicu. Mo\u017eete kupiti tikete iz udobnosti svog doma, u bilo kom trenutku i sa bilo kog mesta na svetu. Ovo vam omogu\u0107ava da u\u010destvujete u Mega Millions izvla\u010denju i \u010dekate rezultate.<\/p>\n<h2>Kako da kupite Mega Millions tiket online?<\/h2>\n<p>Kada kupite Mega Millions tiket preko nas, va\u017eno je da znate da \u0107emo mi delovati kao posrednik za lutriju. To zna\u010di da mo\u017eete da kupite tikete putem interneta, bez potrebe da idete do fizi\u010dke prodavnice.<\/p>\n<p>Da li ste spremni da kupite Mega Millions tiket online? Ako jeste, pratite slede\u0107e korake da zavr\u0161ite va\u0161u kupovinu:<\/p>\n<p><strong>1. Kreirajte korisni\u010dki nalog<\/strong><\/p>\n<p><img loading=\"lazy\" decoding=\"async\" class=\"alignright size-full wp-image-34025\" src=\"https:\/\/jackpotlotteryonline.com\/wp-content\/uploads\/2022\/11\/2_ticket_mega_millions3-1.jpg\" alt=\"buy mega millions ticket online\" width=\"180\" height=\"193\" \/>Ako ste novi na na\u0161em sajtu, potrebno je da kreirate korisni\u010dki nalog popunjavanjem potrebnih informacija. Nakon \u0161to kreirate nalog, mo\u017eete oti\u0107i na Mega Millions stranicu i pratiti korake za kupovinu tiketa:<\/p>\n<p>Izaberite brojeve koje \u017eelite da igrate. Mo\u017eete ih izabrati ru\u010dno ili koristiti generator slu\u010dajnih brojeva da ih izaberete.<\/p>\n<p>Zatim izaberite koliko izvla\u010denja \u017eelite da u\u010destvujete. Mo\u017eete se odlu\u010diti da u\u010destvujete samo u jednom izvla\u010denju, ili mo\u017eete kupiti tikete za nekoliko izvla\u010denja. U\u010destvovanje u vi\u0161e izvla\u010denja pove\u0107ava va\u0161e \u0161anse da osvojite Mega Millions d\u017eekpot.<\/p>\n<p><strong>2. Kliknite na &#8220;Nastavi&#8221; i idite na stranicu za pla\u0107anje<\/strong><\/p>\n<p><strong>3. Metode pla\u0107anja<\/strong><\/p>\n<p>Idite na stranicu za pla\u0107anje i zavr\u0161ite svoju uplatu. Kada zavr\u0161ite pla\u0107anje, skenirana kopija va\u0161eg Mega Millions tiketa \u0107e biti postavljena na va\u0161 korisni\u010dki nalog.<\/p>\n<p>4. Sada je potrebno da sa\u010dekate izvla\u010denje, koje se odr\u017eava svakog utorka i petka u 23:00. Obratite pa\u017enju na razliku u vremenskim zonama, tako da proverite vreme izvla\u010denja. Zatim sa\u010dekajte rezultate i proverite ih na <a href=\"https:\/\/jackpotlotteryonline.com\/winning-numbers\/mega-millions\">na\u0161oj stranici<\/a>.<\/p>\n<h2>\u0160ta se de\u0161ava nakon \u0161to osvojite Mega Millions d\u017eekpot?<\/h2>\n<p>Ako pogodite sve brojeve, mo\u017eda \u0107ete se zapitati \u0161ta treba da uradite slede\u0107e, ili kako \u0107ete primiti svoj novac. Dobi\u0107ete svoju nagradu i ne morate da putujete u Sjedinjene Ameri\u010dke Dr\u017eave da biste je primili. Skenirane kopije va\u0161ih tiketa \u0107e slu\u017eiti kao dokaz da ste u\u010destvovali u igri, pa ih pa\u017eljivo \u010duvajte. Bi\u0107e vam potrebni kasnije.<\/p>\n<section class=\"layout\" style=\"border: solid 1px; width: 100%;\">\n<div class=\"img-div\" style=\"margin-top: 5px;\"><img decoding=\"async\" class=\"wp-image-17212 alignleft\" style=\"height: 45px; margin: 8px 8px 0px;\" src=\"https:\/\/jackpotlotteryonline.com\/wp-content\/uploads\/2022\/11\/read1.jpg\" alt=\"rewarding the winner\" width=\"\" height=\"\" \/><\/div>\n<div style=\"padding-left: 5px;\">\n<div style=\"font-size: 1.1em;\">\n<p><strong>Kako \u0107ete biti ispla\u0107eni ako pobedite na online lutriji?<\/strong><\/p>\n<p style=\"font-size: 0.85em; margin-top: -1.5em;\">Pro\u010ditajte vi\u0161e o tome kako se pobednicima online lutrija ispla\u0107uju nagrade. <a href=\"https:\/\/jackpotlotteryonline.com\/how-do-i-get-paid-if-i-win-the-lottery-online\">Pro\u010ditajte vi\u0161e<\/a><\/p>\n<\/div>\n<\/div>\n<\/section>\n<h3>Saveti za pobedu na Mega Millions d\u017eekpotu<\/h3>\n<p><img loading=\"lazy\" decoding=\"async\" class=\"alignright wp-image-29858 size-medium\" src=\"https:\/\/jackpotlotteryonline.com\/wp-content\/uploads\/2022\/11\/1_win_euromillions_lottery-300x164.jpg\" alt=\"buy mega millions ticket online\" width=\"300\" height=\"164\" srcset=\"https:\/\/jackpotlotteryonline.com\/wp-content\/uploads\/2022\/11\/1_win_euromillions_lottery-300x164.jpg 300w, https:\/\/jackpotlotteryonline.com\/wp-content\/uploads\/2022\/11\/1_win_euromillions_lottery.jpg 350w\" sizes=\"auto, (max-width: 300px) 100vw, 300px\" \/><\/p>\n<p>Ako planirate da u\u010destvujete u Mega Millions i osvojite d\u017eekpot, postoji nekoliko saveta koje treba da imate na umu kako biste pove\u0107ali \u0161anse.<\/p>\n<p>Prvo, budite oprezni u vezi sa brojevima koje izaberete. Izbegavajte da birate brojeve koji su previ\u0161e popularni. Mo\u017eete da izaberete svoje sre\u0107ne brojeve ili ih izaberete nasumi\u010dno, kako biste spre\u010dili druge u\u010desnike da izaberu iste brojeve.<\/p>\n<p>Zatim, mo\u017eete da uporedite prethodna izvla\u010denja i prona\u0111ete obrazce u brojevima. Izbegavajte da birate brojeve koji su nedavno izvu\u010deni.<\/p>\n<p>Prou\u010dite obrazce brojeva koji su naj\u010de\u0161\u0107e izvu\u010deni i zabele\u017eite ih. Zatim mo\u017eete da kombinujete nekoliko popularnih brojeva sa va\u0161im odabranim brojevima.<\/p>\n<p>Na kraju, jo\u0161 jedan na\u010din da igrate je putem sindikata. To zna\u010di da nekoliko ljudi zajedno u\u010destvuje i kupuje tikete, a nagrada se deli me\u0111u u\u010desnicima. Ovo pove\u0107ava \u0161anse za pobedu u Mega Millions d\u017eekpotu.<\/p>\n<p>S ovim savetima mo\u017eete pove\u0107ati \u0161anse za pobedu na Mega Millions d\u017eekpotu. Ko zna, mo\u017eda \u0107ete vi biti pobednik slede\u0107i put? Poku\u0161ajte danas!<\/p>\n<h2>Zaklju\u010dak<\/h2>\n<p>Ako ne \u017eivite u Sjedinjenim Ameri\u010dkim Dr\u017eavama, najbolji na\u010din da osvojite Mega Millions d\u017eekpot je da kupujete tikete putem interneta. Mo\u017eete u\u010destvovati u ovoj lutriji \u010dak i ako ste bilo gde na svetu. Na \u0161ta \u010dekate? Kupite svoje tikete danas i pridru\u017eite se igri za osvajanje d\u017eekpota.<\/p>\n<p>Za vi\u0161e informacija o ovoj lutriji, pogledajte na\u0161 FAQ ili po\u0161aljite pitanje. Na\u0161 tim za podr\u0161ku \u0107e vam pru\u017eiti sve potrebne informacije. Tako\u0111e, mo\u017eete da pregledate druge lutrije na na\u0161em sajtu i u\u010destvujete u njima da biste osvojili!<\/p>\n<p>Kupovina Mega Millions tiketa online<br \/>\nKupovina Mega Millions tiketa online | Kupovina Mega Millions tiketa van SAD-a<br \/>\nAko \u017eivite van Sjedinjenih Dr\u017eava, jo\u0161 uvek mo\u017eete kupiti Mega Millions tikete online. Mi ih kupujemo za vas i \u0161aljemo vam skeniranu kopiju.<\/p>\n<p>&#8212;<\/p>\n<p>Let me know if you need any further changes!<\/p>\n","protected":false},"excerpt":{"rendered":"<p>Kako da kupite Mega Millions tiket online? Ako \u010ditate ovaj tekst, verovatno ste zainteresovani za kupovinu Mega Millions tiketa. Mega Millions je jedan od mnogih lutrija koje nude velike nagrade. Mo\u017eda ste se zapitali: &#8220;Kako da kupim Mega Millions tiket online?&#8221; Ne brinite, pripremili smo vodi\u010d koji \u0107e vam pomo\u0107i da kupite Mega Millions tiket [&hellip;]<\/p>\n","protected":false},"author":7,"featured_media":0,"parent":73606,"menu_order":1,"comment_status":"closed","ping_status":"closed","template":"megamillion.php","meta":{"_et_pb_use_builder":"","_et_pb_old_content":"","_et_gb_content_width":"","exclude_from_search":false,"footnotes":""},"class_list":["post-73652","page","type-page","status-publish","hentry"],"yoast_head":"<!-- This site is optimized with the Yoast SEO plugin v23.3 - https:\/\/yoast.com\/wordpress\/plugins\/seo\/ -->\n<title>Kupite Mega Millions karte online | Karte za Mega Millions izvan SAD-a<\/title>\n<meta name=\"description\" content=\"Ako \u017eivite izvan SAD-a, i dalje mo\u017eete da kupite Mega Millions karte online, upravo ovde. Mi kupujemo prave Mega Millions karte za vas i skeniramo ih.\" \/>\n<meta name=\"robots\" content=\"index, follow, max-snippet:-1, max-image-preview:large, max-video-preview:-1\" \/>\n<link rel=\"canonical\" href=\"https:\/\/jackpotlotteryonline.com\/sr\/kako-kupiti-tiket-za-lutriju-online\/kupovina-mega-millions-lota-putem-interneta\/\" \/>\n<meta property=\"og:locale\" content=\"sr_RS\" \/>\n<meta property=\"og:type\" content=\"article\" \/>\n<meta property=\"og:title\" content=\"Kupite Mega Millions karte online | Karte za Mega Millions izvan SAD-a\" \/>\n<meta property=\"og:description\" content=\"Ako \u017eivite izvan SAD-a, i dalje mo\u017eete da kupite Mega Millions karte online, upravo ovde. Mi kupujemo prave Mega Millions karte za vas i skeniramo ih.\" \/>\n<meta property=\"og:url\" content=\"https:\/\/jackpotlotteryonline.com\/sr\/kako-kupiti-tiket-za-lutriju-online\/kupovina-mega-millions-lota-putem-interneta\/\" \/>\n<meta property=\"og:site_name\" content=\"Lotto Online - Crack The International Lottery Jackpots\" \/>\n<meta property=\"og:image\" content=\"https:\/\/jackpotlotteryonline.com\/wp-content\/uploads\/2022\/11\/logo_Mega_Millions_233x110.png\" \/>\n<meta name=\"twitter:card\" content=\"summary_large_image\" \/>\n<!-- \/ Yoast SEO plugin. -->","yoast_head_json":{"title":"Kupite Mega Millions karte online | Karte za Mega Millions izvan SAD-a","description":"Ako \u017eivite izvan SAD-a, i dalje mo\u017eete da kupite Mega Millions karte online, upravo ovde. Mi kupujemo prave Mega Millions karte za vas i skeniramo ih.","robots":{"index":"index","follow":"follow","max-snippet":"max-snippet:-1","max-image-preview":"max-image-preview:large","max-video-preview":"max-video-preview:-1"},"canonical":"https:\/\/jackpotlotteryonline.com\/sr\/kako-kupiti-tiket-za-lutriju-online\/kupovina-mega-millions-lota-putem-interneta\/","og_locale":"sr_RS","og_type":"article","og_title":"Kupite Mega Millions karte online | Karte za Mega Millions izvan SAD-a","og_description":"Ako \u017eivite izvan SAD-a, i dalje mo\u017eete da kupite Mega Millions karte online, upravo ovde. Mi kupujemo prave Mega Millions karte za vas i skeniramo ih.","og_url":"https:\/\/jackpotlotteryonline.com\/sr\/kako-kupiti-tiket-za-lutriju-online\/kupovina-mega-millions-lota-putem-interneta\/","og_site_name":"Lotto Online - Crack The International Lottery Jackpots","og_image":[{"url":"https:\/\/jackpotlotteryonline.com\/wp-content\/uploads\/2022\/11\/logo_Mega_Millions_233x110.png"}],"twitter_card":"summary_large_image","schema":{"@context":"https:\/\/schema.org","@graph":[{"@type":"WebPage","@id":"https:\/\/jackpotlotteryonline.com\/sr\/kako-kupiti-tiket-za-lutriju-online\/kupovina-mega-millions-lota-putem-interneta\/","url":"https:\/\/jackpotlotteryonline.com\/sr\/kako-kupiti-tiket-za-lutriju-online\/kupovina-mega-millions-lota-putem-interneta\/","name":"Kupite Mega Millions karte online | Karte za Mega Millions izvan SAD-a","isPartOf":{"@id":"https:\/\/jackpotlotteryonline.com\/#website"},"primaryImageOfPage":{"@id":"https:\/\/jackpotlotteryonline.com\/sr\/kako-kupiti-tiket-za-lutriju-online\/kupovina-mega-millions-lota-putem-interneta\/#primaryimage"},"image":{"@id":"https:\/\/jackpotlotteryonline.com\/sr\/kako-kupiti-tiket-za-lutriju-online\/kupovina-mega-millions-lota-putem-interneta\/#primaryimage"},"thumbnailUrl":"https:\/\/jackpotlotteryonline.com\/wp-content\/uploads\/2022\/11\/logo_Mega_Millions_233x110.png","datePublished":"2025-02-04T13:11:32+00:00","dateModified":"2025-02-04T13:11:32+00:00","description":"Ako \u017eivite izvan SAD-a, i dalje mo\u017eete da kupite Mega Millions karte online, upravo ovde. Mi kupujemo prave Mega Millions karte za vas i skeniramo ih.","breadcrumb":{"@id":"https:\/\/jackpotlotteryonline.com\/sr\/kako-kupiti-tiket-za-lutriju-online\/kupovina-mega-millions-lota-putem-interneta\/#breadcrumb"},"inLanguage":"sr-RS","potentialAction":[{"@type":"ReadAction","target":["https:\/\/jackpotlotteryonline.com\/sr\/kako-kupiti-tiket-za-lutriju-online\/kupovina-mega-millions-lota-putem-interneta\/"]}]},{"@type":"ImageObject","inLanguage":"sr-RS","@id":"https:\/\/jackpotlotteryonline.com\/sr\/kako-kupiti-tiket-za-lutriju-online\/kupovina-mega-millions-lota-putem-interneta\/#primaryimage","url":"https:\/\/jackpotlotteryonline.com\/wp-content\/uploads\/2022\/11\/logo_Mega_Millions_233x110.png","contentUrl":"https:\/\/jackpotlotteryonline.com\/wp-content\/uploads\/2022\/11\/logo_Mega_Millions_233x110.png"},{"@type":"BreadcrumbList","@id":"https:\/\/jackpotlotteryonline.com\/sr\/kako-kupiti-tiket-za-lutriju-online\/kupovina-mega-millions-lota-putem-interneta\/#breadcrumb","itemListElement":[{"@type":"ListItem","position":1,"name":"Home","item":"https:\/\/jackpotlotteryonline.com\/sr\/"},{"@type":"ListItem","position":2,"name":"Kako kupiti tiket za lutriju online","item":"https:\/\/jackpotlotteryonline.com\/sr\/kako-kupiti-tiket-za-lutriju-online\/"},{"@type":"ListItem","position":3,"name":"Kupovina Mega Millions Lota putem Interneta"}]},{"@type":"WebSite","@id":"https:\/\/jackpotlotteryonline.com\/#website","url":"https:\/\/jackpotlotteryonline.com\/","name":"Lotto Online - Crack The International Lottery Jackpots","description":"","potentialAction":[{"@type":"SearchAction","target":{"@type":"EntryPoint","urlTemplate":"https:\/\/jackpotlotteryonline.com\/?s={search_term_string}"},"query-input":"required name=search_term_string"}],"inLanguage":"sr-RS"}]}},"_links":{"self":[{"href":"https:\/\/jackpotlotteryonline.com\/sr\/wp-json\/wp\/v2\/pages\/73652","targetHints":{"allow":["GET"]}}],"collection":[{"href":"https:\/\/jackpotlotteryonline.com\/sr\/wp-json\/wp\/v2\/pages"}],"about":[{"href":"https:\/\/jackpotlotteryonline.com\/sr\/wp-json\/wp\/v2\/types\/page"}],"author":[{"embeddable":true,"href":"https:\/\/jackpotlotteryonline.com\/sr\/wp-json\/wp\/v2\/users\/7"}],"replies":[{"embeddable":true,"href":"https:\/\/jackpotlotteryonline.com\/sr\/wp-json\/wp\/v2\/comments?post=73652"}],"version-history":[{"count":0,"href":"https:\/\/jackpotlotteryonline.com\/sr\/wp-json\/wp\/v2\/pages\/73652\/revisions"}],"up":[{"embeddable":true,"href":"https:\/\/jackpotlotteryonline.com\/sr\/wp-json\/wp\/v2\/pages\/73606"}],"wp:attachment":[{"href":"https:\/\/jackpotlotteryonline.com\/sr\/wp-json\/wp\/v2\/media?parent=73652"}],"curies":[{"name":"wp","href":"https:\/\/api.w.org\/{rel}","templated":true}]}}