{"id":73681,"date":"2025-02-04T14:51:07","date_gmt":"2025-02-04T14:51:07","guid":{"rendered":"https:\/\/jackpotlotteryonline.com\/?page_id=73681"},"modified":"2025-02-04T14:53:09","modified_gmt":"2025-02-04T14:53:09","slug":"powerball-lutrija-sjedinjenih-americkih-drzava","status":"publish","type":"page","link":"https:\/\/jackpotlotteryonline.com\/sr\/kako-kupiti-tiket-za-lutriju-online\/powerball-lutrija-sjedinjenih-americkih-drzava\/","title":{"rendered":"Powerball lutrija Sjedinjenih Ameri\u010dkih Dr\u017eava"},"content":{"rendered":"<p>Kako mogu da kupim Powerball tiket izvan Sjedinjenih Ameri\u010dkih Dr\u017eava?<\/p>\n<p>Skoro svaka zemlja na svetu ima neku vrstu lutrije, ali vrlo mali broj njih mo\u017ee da se takmi\u010di sa **Powerball** i **Mega Millions** lutrijama Sjedinjenih Ameri\u010dkih Dr\u017eava. D\u017eekpotovi u ovim lutrijama dostigli su neverovatne sume, a 2016. godine **Powerball d\u017eekpot je dostigao 1.5 milijardu dolara**. S obzirom na to da nijedna druga lutrija na svetu ne nudi ovako velike nagrade, mnogi ljubitelji lutrije postavljaju pitanje:<br \/>\nMogu li da igram Powerball online dok sam izvan Sjedinjenih Ameri\u010dkih Dr\u017eava?<\/p>\n<p>Odgovor: Da! \u010cak i ako ne \u017eivite u Sjedinjenim Dr\u017eavama, mo\u017eete da igrate Powerball. Omogu\u0107ili smo vam da kupite tiket za ovu lutriju, kao i za druge me\u0111unarodne lutrije, na siguran na\u010din. Proces je vrlo jednostavan: odaberete brojeve koje \u017eelite online i na\u0161i agenti u Sjedinjenim Dr\u017eavama kupe tiket u va\u0161e ime. Taj tiket je va\u0161, \u0161to zna\u010di da ako pobedite, **imat \u0107ete pravo da preuzmete nagradu direktno od zvani\u010dne lutrijske organizacije**.<\/p>\n<p>Najva\u017enija stvar je da dobijate pravi tiket lutrije** i nema nikakvog rizika od prevara ili la\u017enih sajtova!<\/p>\n<p>Kako da kupim tiket lutrije online?<\/p>\n<p><img loading=\"lazy\" decoding=\"async\" class=\"alignright size-full wp-image-34943\" src=\"http:\/\/jackpotlotteryonline.com\/wp-content\/uploads\/2022\/11\/2_ticket_powerball3-1.jpg\" alt=\"powerball ticket\" width=\"180\" height=\"194\" \/><br \/>\nPrvo, kliknite na baner na na\u0161em sajtu i odaberite lutriju koju \u017eelite da igrate. Na\u0161 sajt je dostupan na vi\u0161e od 20 jezika. Ve\u0107ina igra\u010da bira **Powerball** i **Mega Millions**, ali tako\u0111e nudimo i druge me\u0111unarodne lutrije sa velikim d\u017eekpotovima.<\/p>\n<p>Zatim odaberite brojeve koje \u017eelite. Vide\u0107ete koliko brojeva treba da odaberete, a tako\u0111e mo\u017eete da koristite opciju **brzi odabir (Quick Pick) da bi brojevi bili izabrani automatski.<\/p>\n<p>Nakon \u0161to izaberete brojeve, odaberite broj tiketa koji \u017eelite da kupite i koliko izvla\u010denja \u017eelite da u\u010destvujete. Ako kupite tiket za vi\u0161e nedelja, dobijate specijalni popust!<\/p>\n<p>Na kraju, vide\u0107ete ukupnu cenu koju treba da platite. Morate da kreirate korisni\u010dki nalog i odaberete metod pla\u0107anja. Podr\u017eavamo pla\u0107anje kreditnim karticama, bankovnim transferima i kriptovalutama (zavisno od va\u0161e zemlje).<\/p>\n<p>Svi transakcije su za\u0161ti\u0107ene sa **naprednim sigurnosnim standardima, tako da nema potrebe da brinete o prevarama ili kra\u0111i podataka.<\/p>\n<p>Mnogi ljudi u\u010destvuju samo u lokalnim lutrijama, ali sada mo\u017eete da igrate za **najve\u0107e d\u017eekpotove na svetu**! Ko zna? Mo\u017eda \u0107ete ba\u0161 vi biti slede\u0107i **pobednik! \ud83c\udf89<\/p>\n<p>Da li je legalno kupovati lutrijske tikete online?<\/p>\n<p>Ako imate pitanja o legalnosti kupovine me\u0111unarodnih lutrijskih tiketa online ili o preuzimanju nagrade ako pobedite, mo\u017eete pro\u010ditati vi\u0161e informacija [ovde](https:\/\/jackpotlotteryonline.com\/is-it-legal-to-play-lotteries-from-other-countries-online).<\/p>\n<p>Lutrija Sjedinjenih Ameri\u010dkih Dr\u017eava<\/p>\n<p>U Sjedinjenim Dr\u017eavama, lutrija se organizuje u **43 savezne dr\u017eave, Va\u0161ingtonu D.C., Portoriku i Ameri\u010dkim Devi\u010danskim Ostrvima**. Ove lutrije \u010dine deo **Lotto USA** i dve najpopularnije su:<\/p>\n<p>Powerball<\/p>\n<p><img loading=\"lazy\" decoding=\"async\" class=\"alignright size-full wp-image-31721\" src=\"http:\/\/jackpotlotteryonline.com\/wp-content\/uploads\/2022\/11\/powerball_globe_logo.png\" alt=\"buy powerball online\" width=\"200\" height=\"212\" \/><br \/>\nPowerball je najve\u0107a i najpopularnija lutrija u Sjedinjenim Dr\u017eavama. Izvla\u010denja se odr\u017eavaju u studiju Universal na Floridi, a s obzirom na to da ne postoji nikakvo geografsko ograni\u010denje, **mo\u017eete da u\u010destvujete sa bilo kog mesta na svetu**.<\/p>\n<p>Kako se igra:<br \/>\n&#8211; Odaberite **5 brojeva** od 1 do 59<br \/>\n&#8211; Odaberite **1 Powerball broj** od 1 do 39<br \/>\n&#8211; Mo\u017eete koristiti opciju brzog odabira (Quick Pick)<\/p>\n<p>Powerball d\u017eekpotovi \u010desto dosti\u017eu stotine miliona dolara, a ponekad **prema\u0161uju 1 milijardu dolara!**<\/p>\n<p>Mega Millions<\/p>\n<p>Mega Millions je jo\u0161 jedna poznata ameri\u010dka lutrija \u010dije je sedi\u0161te u Atlanti, D\u017eord\u017eija. I ova lutrija nema nikakva geografska ograni\u010denja, \u0161to zna\u010di da mo\u017eete u\u010destvovati sa bilo kog mesta na svetu.<\/p>\n<p>Kako se igra:<br \/>\n&#8211; Odaberite **5 brojeva** od 1 do 56<br \/>\n&#8211; Odaberite **1 Mega Ball broj** od 1 do 46<br \/>\n&#8211; Mo\u017eete koristiti opciju brzog odabira (Quick Pick)<\/p>\n<p>Mega Millions je poznata po d\u017eekpotovima koji \u010desto **prema\u0161uju 500 miliona dolara!**<\/p>\n<p>Nacionalno udru\u017eenje lutrija ameri\u010dkih dr\u017eava i provincija (NASPL)<\/p>\n<p>Lutrije u Sjedinjenim Dr\u017eavama reguli\u0161e **Nacionalno udru\u017eenje lutrija ameri\u010dkih dr\u017eava i provincija (NASPL)**. Ova organizacija ima odgovornost da nadgleda sve dr\u017eavne lutrije u Sjedinjenim Dr\u017eavama i Kanadi, osiguravaju\u0107i da igre budu **sigurne, transparentne i fer.<\/p>\n<p>Kako da kupim Powerball tiket iz Srbije?<\/p>\n<p>Ako \u017eelite da u\u010destvujete u Powerball lutriji iz Srbije, mo\u017eete da kupite svoj tiket online preko na\u0161eg sajta.<br \/>\n[Za vi\u0161e informacija kliknite ovde](https:\/\/jackpotlotteryonline.com\/play-online\/powerball).<\/p>\n<p>Va\u0161 trenutak za osvajanje jednog od najve\u0107ih d\u017eekpotova na svetu je sada! <\/p>\n","protected":false},"excerpt":{"rendered":"<p>Kako mogu da kupim Powerball tiket izvan Sjedinjenih Ameri\u010dkih Dr\u017eava? Skoro svaka zemlja na svetu ima neku vrstu lutrije, ali vrlo mali broj njih mo\u017ee da se takmi\u010di sa **Powerball** i **Mega Millions** lutrijama Sjedinjenih Ameri\u010dkih Dr\u017eava. D\u017eekpotovi u ovim lutrijama dostigli su neverovatne sume, a 2016. godine **Powerball d\u017eekpot je dostigao 1.5 milijardu dolara**. [&hellip;]<\/p>\n","protected":false},"author":7,"featured_media":0,"parent":73606,"menu_order":1,"comment_status":"closed","ping_status":"closed","template":"powerball-usa-info.php","meta":{"_et_pb_use_builder":"","_et_pb_old_content":"","_et_gb_content_width":"","exclude_from_search":false,"footnotes":""},"class_list":["post-73681","page","type-page","status-publish","hentry"],"yoast_head":"<!-- This site is optimized with the Yoast SEO plugin v23.3 - https:\/\/yoast.com\/wordpress\/plugins\/seo\/ -->\n<title>Kupite Powerball karte online iz bilo koje druge zemlje van SAD-a<\/title>\n<meta name=\"description\" content=\"Saznajte kako stanovnici drugih zemalja mogu da igraju za ogromne Powerball d\u017eekpotove online \u2013 mo\u017eete biti van SAD-a i dalje igrati.\" \/>\n<meta name=\"robots\" content=\"index, follow, max-snippet:-1, max-image-preview:large, max-video-preview:-1\" \/>\n<link rel=\"canonical\" href=\"https:\/\/jackpotlotteryonline.com\/sr\/kako-kupiti-tiket-za-lutriju-online\/powerball-lutrija-sjedinjenih-americkih-drzava\/\" \/>\n<meta property=\"og:locale\" content=\"sr_RS\" \/>\n<meta property=\"og:type\" content=\"article\" \/>\n<meta property=\"og:title\" content=\"Kupite Powerball karte online iz bilo koje druge zemlje van SAD-a\" \/>\n<meta property=\"og:description\" content=\"Saznajte kako stanovnici drugih zemalja mogu da igraju za ogromne Powerball d\u017eekpotove online \u2013 mo\u017eete biti van SAD-a i dalje igrati.\" \/>\n<meta property=\"og:url\" content=\"https:\/\/jackpotlotteryonline.com\/sr\/kako-kupiti-tiket-za-lutriju-online\/powerball-lutrija-sjedinjenih-americkih-drzava\/\" \/>\n<meta property=\"og:site_name\" content=\"Lotto Online - Crack The International Lottery Jackpots\" \/>\n<meta property=\"article:modified_time\" content=\"2025-02-04T14:53:09+00:00\" \/>\n<meta property=\"og:image\" content=\"http:\/\/jackpotlotteryonline.com\/wp-content\/uploads\/2022\/11\/2_ticket_powerball3-1.jpg\" \/>\n<meta name=\"twitter:card\" content=\"summary_large_image\" \/>\n<meta name=\"twitter:label1\" content=\"\u041f\u0440\u043e\u0446\u0435\u045a\u0435\u043d\u043e \u0432\u0440\u0435\u043c\u0435 \u0447\u0438\u0442\u0430\u045a\u0430\" \/>\n\t<meta name=\"twitter:data1\" content=\"4 \u043c\u0438\u043d\u0443\u0442\u0430\" \/>\n<!-- \/ Yoast SEO plugin. -->","yoast_head_json":{"title":"Kupite Powerball karte online iz bilo koje druge zemlje van SAD-a","description":"Saznajte kako stanovnici drugih zemalja mogu da igraju za ogromne Powerball d\u017eekpotove online \u2013 mo\u017eete biti van SAD-a i dalje igrati.","robots":{"index":"index","follow":"follow","max-snippet":"max-snippet:-1","max-image-preview":"max-image-preview:large","max-video-preview":"max-video-preview:-1"},"canonical":"https:\/\/jackpotlotteryonline.com\/sr\/kako-kupiti-tiket-za-lutriju-online\/powerball-lutrija-sjedinjenih-americkih-drzava\/","og_locale":"sr_RS","og_type":"article","og_title":"Kupite Powerball karte online iz bilo koje druge zemlje van SAD-a","og_description":"Saznajte kako stanovnici drugih zemalja mogu da igraju za ogromne Powerball d\u017eekpotove online \u2013 mo\u017eete biti van SAD-a i dalje igrati.","og_url":"https:\/\/jackpotlotteryonline.com\/sr\/kako-kupiti-tiket-za-lutriju-online\/powerball-lutrija-sjedinjenih-americkih-drzava\/","og_site_name":"Lotto Online - Crack The International Lottery Jackpots","article_modified_time":"2025-02-04T14:53:09+00:00","og_image":[{"url":"http:\/\/jackpotlotteryonline.com\/wp-content\/uploads\/2022\/11\/2_ticket_powerball3-1.jpg"}],"twitter_card":"summary_large_image","twitter_misc":{"\u041f\u0440\u043e\u0446\u0435\u045a\u0435\u043d\u043e \u0432\u0440\u0435\u043c\u0435 \u0447\u0438\u0442\u0430\u045a\u0430":"4 \u043c\u0438\u043d\u0443\u0442\u0430"},"schema":{"@context":"https:\/\/schema.org","@graph":[{"@type":"WebPage","@id":"https:\/\/jackpotlotteryonline.com\/sr\/kako-kupiti-tiket-za-lutriju-online\/powerball-lutrija-sjedinjenih-americkih-drzava\/","url":"https:\/\/jackpotlotteryonline.com\/sr\/kako-kupiti-tiket-za-lutriju-online\/powerball-lutrija-sjedinjenih-americkih-drzava\/","name":"Kupite Powerball karte online iz bilo koje druge zemlje van SAD-a","isPartOf":{"@id":"https:\/\/jackpotlotteryonline.com\/#website"},"primaryImageOfPage":{"@id":"https:\/\/jackpotlotteryonline.com\/sr\/kako-kupiti-tiket-za-lutriju-online\/powerball-lutrija-sjedinjenih-americkih-drzava\/#primaryimage"},"image":{"@id":"https:\/\/jackpotlotteryonline.com\/sr\/kako-kupiti-tiket-za-lutriju-online\/powerball-lutrija-sjedinjenih-americkih-drzava\/#primaryimage"},"thumbnailUrl":"http:\/\/jackpotlotteryonline.com\/wp-content\/uploads\/2022\/11\/2_ticket_powerball3-1.jpg","datePublished":"2025-02-04T14:51:07+00:00","dateModified":"2025-02-04T14:53:09+00:00","description":"Saznajte kako stanovnici drugih zemalja mogu da igraju za ogromne Powerball d\u017eekpotove online \u2013 mo\u017eete biti van SAD-a i dalje igrati.","breadcrumb":{"@id":"https:\/\/jackpotlotteryonline.com\/sr\/kako-kupiti-tiket-za-lutriju-online\/powerball-lutrija-sjedinjenih-americkih-drzava\/#breadcrumb"},"inLanguage":"sr-RS","potentialAction":[{"@type":"ReadAction","target":["https:\/\/jackpotlotteryonline.com\/sr\/kako-kupiti-tiket-za-lutriju-online\/powerball-lutrija-sjedinjenih-americkih-drzava\/"]}]},{"@type":"ImageObject","inLanguage":"sr-RS","@id":"https:\/\/jackpotlotteryonline.com\/sr\/kako-kupiti-tiket-za-lutriju-online\/powerball-lutrija-sjedinjenih-americkih-drzava\/#primaryimage","url":"http:\/\/jackpotlotteryonline.com\/wp-content\/uploads\/2022\/11\/2_ticket_powerball3-1.jpg","contentUrl":"http:\/\/jackpotlotteryonline.com\/wp-content\/uploads\/2022\/11\/2_ticket_powerball3-1.jpg"},{"@type":"BreadcrumbList","@id":"https:\/\/jackpotlotteryonline.com\/sr\/kako-kupiti-tiket-za-lutriju-online\/powerball-lutrija-sjedinjenih-americkih-drzava\/#breadcrumb","itemListElement":[{"@type":"ListItem","position":1,"name":"Home","item":"https:\/\/jackpotlotteryonline.com\/sr\/"},{"@type":"ListItem","position":2,"name":"Kako kupiti tiket za lutriju online","item":"https:\/\/jackpotlotteryonline.com\/sr\/kako-kupiti-tiket-za-lutriju-online\/"},{"@type":"ListItem","position":3,"name":"Powerball lutrija Sjedinjenih Ameri\u010dkih Dr\u017eava"}]},{"@type":"WebSite","@id":"https:\/\/jackpotlotteryonline.com\/#website","url":"https:\/\/jackpotlotteryonline.com\/","name":"Lotto Online - Crack The International Lottery Jackpots","description":"","potentialAction":[{"@type":"SearchAction","target":{"@type":"EntryPoint","urlTemplate":"https:\/\/jackpotlotteryonline.com\/?s={search_term_string}"},"query-input":"required name=search_term_string"}],"inLanguage":"sr-RS"}]}},"_links":{"self":[{"href":"https:\/\/jackpotlotteryonline.com\/sr\/wp-json\/wp\/v2\/pages\/73681","targetHints":{"allow":["GET"]}}],"collection":[{"href":"https:\/\/jackpotlotteryonline.com\/sr\/wp-json\/wp\/v2\/pages"}],"about":[{"href":"https:\/\/jackpotlotteryonline.com\/sr\/wp-json\/wp\/v2\/types\/page"}],"author":[{"embeddable":true,"href":"https:\/\/jackpotlotteryonline.com\/sr\/wp-json\/wp\/v2\/users\/7"}],"replies":[{"embeddable":true,"href":"https:\/\/jackpotlotteryonline.com\/sr\/wp-json\/wp\/v2\/comments?post=73681"}],"version-history":[{"count":0,"href":"https:\/\/jackpotlotteryonline.com\/sr\/wp-json\/wp\/v2\/pages\/73681\/revisions"}],"up":[{"embeddable":true,"href":"https:\/\/jackpotlotteryonline.com\/sr\/wp-json\/wp\/v2\/pages\/73606"}],"wp:attachment":[{"href":"https:\/\/jackpotlotteryonline.com\/sr\/wp-json\/wp\/v2\/media?parent=73681"}],"curies":[{"name":"wp","href":"https:\/\/api.w.org\/{rel}","templated":true}]}}