{"id":73703,"date":"2025-02-04T16:18:42","date_gmt":"2025-02-04T16:18:42","guid":{"rendered":"https:\/\/jackpotlotteryonline.com\/?page_id=73703"},"modified":"2025-02-04T16:18:42","modified_gmt":"2025-02-04T16:18:42","slug":"kupovina-eurojackpot-listica-sa-bilo-kog-mesta","status":"publish","type":"page","link":"https:\/\/jackpotlotteryonline.com\/sr\/kako-kupiti-tiket-za-lutriju-online\/kupovina-eurojackpot-listica-sa-bilo-kog-mesta\/","title":{"rendered":"Kupovina Eurojackpot listi\u0107a sa bilo kog mesta"},"content":{"rendered":"<h1>O EuroJackpot-u<\/h1>\n<p><a href=\"https:\/\/jackpotlotteryonline.com\/play-online\/eurojackpot\">Eurojackpot<\/a> ima uzbudljivu karakteristiku koju treba da znate: postoji ograni\u010denje na maksimalni d\u017eekpot od 90 miliona evra. To zna\u010di da se sav novac od prodaje listi\u0107a koji prema\u0161i ovu sumu dodaje drugoj nagradnoj kategoriji. Ova druga nagrada mo\u017ee postati znatno ve\u0107a! Tako\u0111e, imate deset puta ve\u0107u \u0161ansu da osvojite drugu nagradu nego glavnu, pa je pametno igrati kada d\u017eekpot dostigne 90 miliona evra.  <\/p>\n<p>U <a href=\"https:\/\/jackpotlotteryonline.com\/winning-numbers\/eurojackpot\">Eurojackpot-u<\/a> izvla\u010denja se odr\u017eavaju dva puta nedeljno, utorkom i petkom. Izaberite 5 brojeva od 50, plus dva dodatna broja izme\u0111u 1 i 10, i takmi\u010dite se za nagrade u 12 razli\u010ditih kategorija.  <\/p>\n<h2>Kako kupiti Eurojackpot listi\u0107e<\/h2>\n<p><img loading=\"lazy\" decoding=\"async\" class=\"wp-image-26077 size-medium alignright\" src=\"http:\/\/jackpotlotteryonline.com\/wp-content\/uploads\/2022\/11\/1_buy_eurojackpot_ticket-300x99.jpg\" alt=\"kupovina Eurojackpot listi\u0107a online\" width=\"300\" height=\"99\" srcset=\"https:\/\/jackpotlotteryonline.com\/wp-content\/uploads\/2022\/11\/1_buy_eurojackpot_ticket-300x99.jpg 300w, https:\/\/jackpotlotteryonline.com\/wp-content\/uploads\/2022\/11\/1_buy_eurojackpot_ticket.jpg 350w\" sizes=\"auto, (max-width: 300px) 100vw, 300px\" \/>Eurojackpot je evropska lutrija i ve\u0107ina listi\u0107a se prodaje u zemljama u\u010desnicama. Ukupno 18 zemalja u\u010destvuje u ovoj lutriji, a svako ko \u017eivi u njima mo\u017ee kupiti listi\u0107. Te zemlje su: Hrvatska, Danska, Estonija, Finska, Nema\u010dka, Island, Italija, Letonija, Litvanija, Holandija, Norve\u0161ka, Slovenija, \u0160panija i \u0160vedska.  <\/p>\n<p>Iako Eurojackpot ima 18 \u010dlanica, listi\u0107i se prodaju i u nekim zemljama van ove mre\u017ee. Igra\u010di u tim zemljama mogu kupiti listi\u0107 u lokalnim lutrijskim prodavnicama. Me\u0111utim, to nije slu\u010daj za igra\u010de izvan Evrope koji \u017eele da u\u010destvuju u Eurojackpot-u.  <\/p>\n<h2>\u0160ta da radite ako \u017eivite van Evrope<\/h2>\n<p>Ako ne \u017eivite u Evropi, a \u017eelite da igrate Eurojackpot, najbolja opcija je igranje online. To mo\u017eete u\u010diniti putem interneta ili mobilnog telefona. Sve \u0161to treba da uradite je da prona\u0111ete pouzdanu lutrijsku stranicu, kupite listi\u0107 i sa\u010dekate izvla\u010denje da vidite da li ste pobedili. Proces je jednostavan, ali postoje neke stvari na koje morate obratiti pa\u017enju.  <\/p>\n<p>Listi\u0107i za Eurojackpot se prodaju na raznim veb stranicama, ali je va\u017eno da odaberete pouzdanog prodavca. Internet vam pru\u017ea pristup me\u0111unarodnim lutrijama, ne samo Eurojackpot-u. Ipak, morate biti sigurni da zapravo kupujete listi\u0107 za pravo izvla\u010denje, a ne da samo pola\u017eete opkladu na ishod lutrije. Da, postoji razlika!  <\/p>\n<section class=\"layout\" style=\"border: solid 1px; width: 100%;\">\n<div class=\"img-div\" style=\"margin-top: 5px;\"><img decoding=\"async\" class=\"wp-image-17212 alignleft\" style=\"height: 45px; margin: 8px 8px 0px;\" src=\"http:\/\/jackpotlotteryonline.com\/wp-content\/uploads\/2022\/11\/read1.jpg\" alt=\"\u010citajte\" width=\"\" height=\"\" \/><\/div>\n<div style=\"padding-left: 5px;\">\n<div style=\"font-size: 1.1em;\">\n<p><strong>Koja je najbolja me\u0111unarodna lutrija?<\/strong>  <\/p>\n<p style=\"font-size: 0.85em; margin-top: -1.5em;\">Koja me\u0111unarodna lutrija vam pru\u017ea najbolje \u0161anse za pobedu? <a href=\"https:\/\/jackpotlotteryonline.com\/which-international-lottery-is-the-best\">Saznajte vi\u0161e<\/a><\/p>\n<\/div>\n<\/div>\n<\/section>\n<h2>Gde kupiti Eurojackpot listi\u0107e<\/h2>\n<p>Kada tra\u017eite online prodavca Eurojackpot listi\u0107a, budite oprezni i ne kupujte odmah ako niste sigurni da je to concierge sajt. Ove stranice omogu\u0107avaju igra\u010dima kupovinu pravih lutrijskih listi\u0107a za Eurojackpot.  <\/p>\n<p>Mo\u017eete nai\u0107i i na kladioni\u010darske sajtove koji nude opklade na lutriju. Iako mo\u017eete polo\u017eiti opkladu na ishod izvla\u010denja, to ne zna\u010di da zaista u\u010destvujete u lutriji. Ako pobedite, isplatu \u0107e vam izvr\u0161iti kladioni\u010darska kompanija, a ne zvani\u010dna lutrijska organizacija.  <\/p>\n<p>Zbog toga je va\u017eno da budete sigurni da kupujete listi\u0107 na pouzdanom sajtu kao \u0161to je <a href=\"https:\/\/jackpotlotteryonline.com\/\">Jackpot Lottery Online<\/a>.  <\/p>\n","protected":false},"excerpt":{"rendered":"<p>O EuroJackpot-u Eurojackpot ima uzbudljivu karakteristiku koju treba da znate: postoji ograni\u010denje na maksimalni d\u017eekpot od 90 miliona evra. To zna\u010di da se sav novac od prodaje listi\u0107a koji prema\u0161i ovu sumu dodaje drugoj nagradnoj kategoriji. Ova druga nagrada mo\u017ee postati znatno ve\u0107a! Tako\u0111e, imate deset puta ve\u0107u \u0161ansu da osvojite drugu nagradu nego glavnu, [&hellip;]<\/p>\n","protected":false},"author":7,"featured_media":0,"parent":73606,"menu_order":3,"comment_status":"closed","ping_status":"closed","template":"euromillions-info.php","meta":{"_et_pb_use_builder":"","_et_pb_old_content":"","_et_gb_content_width":"","exclude_from_search":false,"footnotes":""},"class_list":["post-73703","page","type-page","status-publish","hentry"],"yoast_head":"<!-- This site is optimized with the Yoast SEO plugin v23.3 - https:\/\/yoast.com\/wordpress\/plugins\/seo\/ -->\n<title>Kupite kartu za EuroMillions izvan Evrope<\/title>\n<meta name=\"description\" content=\"Kako u\u010destvovati u EuroMillions online izvan Evrope \u2013 jednostavno kupite svoju kartu online na na\u0161em sajtu.\" \/>\n<meta name=\"robots\" content=\"index, follow, max-snippet:-1, max-image-preview:large, max-video-preview:-1\" \/>\n<link rel=\"canonical\" href=\"https:\/\/jackpotlotteryonline.com\/sr\/kako-kupiti-tiket-za-lutriju-online\/kupovina-eurojackpot-listica-sa-bilo-kog-mesta\/\" \/>\n<meta property=\"og:locale\" content=\"sr_RS\" \/>\n<meta property=\"og:type\" content=\"article\" \/>\n<meta property=\"og:title\" content=\"Kupite kartu za EuroMillions izvan Evrope\" \/>\n<meta property=\"og:description\" content=\"Kako u\u010destvovati u EuroMillions online izvan Evrope \u2013 jednostavno kupite svoju kartu online na na\u0161em sajtu.\" \/>\n<meta property=\"og:url\" content=\"https:\/\/jackpotlotteryonline.com\/sr\/kako-kupiti-tiket-za-lutriju-online\/kupovina-eurojackpot-listica-sa-bilo-kog-mesta\/\" \/>\n<meta property=\"og:site_name\" content=\"Lotto Online - Crack The International Lottery Jackpots\" \/>\n<meta property=\"og:image\" content=\"http:\/\/jackpotlotteryonline.com\/wp-content\/uploads\/2022\/11\/1_buy_eurojackpot_ticket-300x99.jpg\" \/>\n<meta name=\"twitter:card\" content=\"summary_large_image\" \/>\n<!-- \/ Yoast SEO plugin. -->","yoast_head_json":{"title":"Kupite kartu za EuroMillions izvan Evrope","description":"Kako u\u010destvovati u EuroMillions online izvan Evrope \u2013 jednostavno kupite svoju kartu online na na\u0161em sajtu.","robots":{"index":"index","follow":"follow","max-snippet":"max-snippet:-1","max-image-preview":"max-image-preview:large","max-video-preview":"max-video-preview:-1"},"canonical":"https:\/\/jackpotlotteryonline.com\/sr\/kako-kupiti-tiket-za-lutriju-online\/kupovina-eurojackpot-listica-sa-bilo-kog-mesta\/","og_locale":"sr_RS","og_type":"article","og_title":"Kupite kartu za EuroMillions izvan Evrope","og_description":"Kako u\u010destvovati u EuroMillions online izvan Evrope \u2013 jednostavno kupite svoju kartu online na na\u0161em sajtu.","og_url":"https:\/\/jackpotlotteryonline.com\/sr\/kako-kupiti-tiket-za-lutriju-online\/kupovina-eurojackpot-listica-sa-bilo-kog-mesta\/","og_site_name":"Lotto Online - Crack The International Lottery Jackpots","og_image":[{"url":"http:\/\/jackpotlotteryonline.com\/wp-content\/uploads\/2022\/11\/1_buy_eurojackpot_ticket-300x99.jpg"}],"twitter_card":"summary_large_image","schema":{"@context":"https:\/\/schema.org","@graph":[{"@type":"WebPage","@id":"https:\/\/jackpotlotteryonline.com\/sr\/kako-kupiti-tiket-za-lutriju-online\/kupovina-eurojackpot-listica-sa-bilo-kog-mesta\/","url":"https:\/\/jackpotlotteryonline.com\/sr\/kako-kupiti-tiket-za-lutriju-online\/kupovina-eurojackpot-listica-sa-bilo-kog-mesta\/","name":"Kupite kartu za EuroMillions izvan Evrope","isPartOf":{"@id":"https:\/\/jackpotlotteryonline.com\/#website"},"primaryImageOfPage":{"@id":"https:\/\/jackpotlotteryonline.com\/sr\/kako-kupiti-tiket-za-lutriju-online\/kupovina-eurojackpot-listica-sa-bilo-kog-mesta\/#primaryimage"},"image":{"@id":"https:\/\/jackpotlotteryonline.com\/sr\/kako-kupiti-tiket-za-lutriju-online\/kupovina-eurojackpot-listica-sa-bilo-kog-mesta\/#primaryimage"},"thumbnailUrl":"http:\/\/jackpotlotteryonline.com\/wp-content\/uploads\/2022\/11\/1_buy_eurojackpot_ticket-300x99.jpg","datePublished":"2025-02-04T16:18:42+00:00","dateModified":"2025-02-04T16:18:42+00:00","description":"Kako u\u010destvovati u EuroMillions online izvan Evrope \u2013 jednostavno kupite svoju kartu online na na\u0161em sajtu.","breadcrumb":{"@id":"https:\/\/jackpotlotteryonline.com\/sr\/kako-kupiti-tiket-za-lutriju-online\/kupovina-eurojackpot-listica-sa-bilo-kog-mesta\/#breadcrumb"},"inLanguage":"sr-RS","potentialAction":[{"@type":"ReadAction","target":["https:\/\/jackpotlotteryonline.com\/sr\/kako-kupiti-tiket-za-lutriju-online\/kupovina-eurojackpot-listica-sa-bilo-kog-mesta\/"]}]},{"@type":"ImageObject","inLanguage":"sr-RS","@id":"https:\/\/jackpotlotteryonline.com\/sr\/kako-kupiti-tiket-za-lutriju-online\/kupovina-eurojackpot-listica-sa-bilo-kog-mesta\/#primaryimage","url":"http:\/\/jackpotlotteryonline.com\/wp-content\/uploads\/2022\/11\/1_buy_eurojackpot_ticket-300x99.jpg","contentUrl":"http:\/\/jackpotlotteryonline.com\/wp-content\/uploads\/2022\/11\/1_buy_eurojackpot_ticket-300x99.jpg"},{"@type":"BreadcrumbList","@id":"https:\/\/jackpotlotteryonline.com\/sr\/kako-kupiti-tiket-za-lutriju-online\/kupovina-eurojackpot-listica-sa-bilo-kog-mesta\/#breadcrumb","itemListElement":[{"@type":"ListItem","position":1,"name":"Home","item":"https:\/\/jackpotlotteryonline.com\/sr\/"},{"@type":"ListItem","position":2,"name":"Kako kupiti tiket za lutriju online","item":"https:\/\/jackpotlotteryonline.com\/sr\/kako-kupiti-tiket-za-lutriju-online\/"},{"@type":"ListItem","position":3,"name":"Kupovina Eurojackpot listi\u0107a sa bilo kog mesta"}]},{"@type":"WebSite","@id":"https:\/\/jackpotlotteryonline.com\/#website","url":"https:\/\/jackpotlotteryonline.com\/","name":"Lotto Online - Crack The International Lottery Jackpots","description":"","potentialAction":[{"@type":"SearchAction","target":{"@type":"EntryPoint","urlTemplate":"https:\/\/jackpotlotteryonline.com\/?s={search_term_string}"},"query-input":"required name=search_term_string"}],"inLanguage":"sr-RS"}]}},"_links":{"self":[{"href":"https:\/\/jackpotlotteryonline.com\/sr\/wp-json\/wp\/v2\/pages\/73703","targetHints":{"allow":["GET"]}}],"collection":[{"href":"https:\/\/jackpotlotteryonline.com\/sr\/wp-json\/wp\/v2\/pages"}],"about":[{"href":"https:\/\/jackpotlotteryonline.com\/sr\/wp-json\/wp\/v2\/types\/page"}],"author":[{"embeddable":true,"href":"https:\/\/jackpotlotteryonline.com\/sr\/wp-json\/wp\/v2\/users\/7"}],"replies":[{"embeddable":true,"href":"https:\/\/jackpotlotteryonline.com\/sr\/wp-json\/wp\/v2\/comments?post=73703"}],"version-history":[{"count":0,"href":"https:\/\/jackpotlotteryonline.com\/sr\/wp-json\/wp\/v2\/pages\/73703\/revisions"}],"up":[{"embeddable":true,"href":"https:\/\/jackpotlotteryonline.com\/sr\/wp-json\/wp\/v2\/pages\/73606"}],"wp:attachment":[{"href":"https:\/\/jackpotlotteryonline.com\/sr\/wp-json\/wp\/v2\/media?parent=73703"}],"curies":[{"name":"wp","href":"https:\/\/api.w.org\/{rel}","templated":true}]}}